{"id":6116,"date":"2020-04-09T12:38:44","date_gmt":"2020-04-09T12:38:44","guid":{"rendered":"http:\/\/campusaltea.umh.es\/?page_id=6116"},"modified":"2022-09-16T11:15:42","modified_gmt":"2022-09-16T11:15:42","slug":"young-giroux","status":"publish","type":"page","link":"https:\/\/campusaltea.umh.es\/es\/young-giroux\/","title":{"rendered":"Young &#038; Giroux"},"content":{"rendered":"<p><\/p>\n<p style=\"text-align: justify;\">Daniel Young y Christian Giroux hemos estado haciendo arte juntos desde 2002. Nuestro trabajo toma la forma de escultura, instalaciones de cine, obras de arte p\u00fablicas (algunas integrando dise\u00f1o urbano y arquitectura del paisaje), publicaciones y exposiciones. Nuestra pr\u00e1ctica se origin\u00f3 en un di\u00e1logo entre arquitectura y escultura, evolucionando a trav\u00e9s de un compromiso con temas de investigaci\u00f3n como la modernidad de mediados de siglo; la fabricaci\u00f3n de sistema aditivo, la construcci\u00f3n de nuevos edificios y las cadenas de suministro globales; el sistema de infraestructuras de Canad\u00e1; y la arquitectura de muro cortina.<\/p>\n<p style=\"text-align: justify;\">Recientemente hemos estado enmarcando nuestro trabajo en una alternancia entre la noci\u00f3n de que \u201cno hay ideas sino en las cosas\u201d y la de que nuestro trabajo debe ofrecer acceso a epistemolog\u00edas nuevas y radicales.<\/p>\n<p style=\"text-align: justify;\">En 2019, Camera Path \/ Film Path with under-titles se mostr\u00f3 en Toronto y Victoria (Columbia Brit\u00e1nica, Canad\u00e1) y los artistas lanzaron su publicaci\u00f3n a-bookthat-is-a-website-for-a-film-that-is-a-sculpture.cgdy.com. En 2018 concluimos Three Points Where Two lines Meet para la ciudad de Toronto, y nuestro \u00e9pico libro de artista Berlin 2013\/1983 fue seleccionado para el mejor libro de arquitectura por el Deutsches Architekturmuseum.<\/p>\n<p style=\"text-align: justify;\">\n\t\t\t<!-- START younggiroux REVOLUTION SLIDER 6.5.14 --><p class=\"rs-p-wp-fix\"><\/p>\n\t\t\t<rs-module-wrap id=\"rev_slider_76_1_wrapper\" data-source=\"gallery\" style=\"visibility:hidden;background:transparent;padding:0;margin:0px auto;margin-top:0;margin-bottom:0;\">\n\t\t\t\t<rs-module id=\"rev_slider_76_1\" style=\"\" data-version=\"6.5.14\">\n\t\t\t\t\t<rs-slides>\n\t\t\t\t\t\t<rs-slide style=\"position: absolute;\" data-key=\"rs-593\" data-title=\"Slide\" data-thumb=\"\/\/campusaltea.umh.es\/files\/2020\/04\/Young_Giroux__retarto_edit-100x50.jpg\" data-anim=\"ms:600;\" data-in=\"o:0;\" data-out=\"a:false;\">\n\t\t\t\t\t\t\t<img src=\"\/\/campusaltea.umh.es\/wp-content\/plugins\/revslider\/public\/assets\/assets\/dummy.png\" alt=\"\" title=\"Young &#038; Giroux\" class=\"rev-slidebg tp-rs-img rs-lazyload\" data-lazyload=\"\/\/campusaltea.umh.es\/files\/2020\/04\/Young_Giroux__retarto_edit.jpg\" data-no-retina>\n<!---->\t\t\t\t\t\t<\/rs-slide>\n\t\t\t\t\t\t<rs-slide style=\"position: absolute;\" data-key=\"rs-594\" data-title=\"Slide\" data-thumb=\"\/\/campusaltea.umh.es\/files\/2020\/04\/Young_Giroux_expo01-100x50.jpg\" data-anim=\"ms:600;\" data-in=\"o:0;\" data-out=\"a:false;\">\n\t\t\t\t\t\t\t<img src=\"\/\/campusaltea.umh.es\/wp-content\/plugins\/revslider\/public\/assets\/assets\/dummy.png\" alt=\"\" title=\"Young &#038; Giroux\" class=\"rev-slidebg tp-rs-img rs-lazyload\" data-lazyload=\"\/\/campusaltea.umh.es\/files\/2020\/04\/Young_Giroux_expo01.jpg\" data-no-retina>\n<!---->\t\t\t\t\t\t<\/rs-slide>\n\t\t\t\t\t\t<rs-slide style=\"position: absolute;\" data-key=\"rs-595\" data-title=\"Slide\" data-thumb=\"\/\/campusaltea.umh.es\/files\/2020\/04\/Young_Giroux_expo02-100x50.jpg\" data-anim=\"ms:600;\" data-in=\"o:0;\" data-out=\"a:false;\">\n\t\t\t\t\t\t\t<img src=\"\/\/campusaltea.umh.es\/wp-content\/plugins\/revslider\/public\/assets\/assets\/dummy.png\" alt=\"\" title=\"Young &#038; Giroux\" class=\"rev-slidebg tp-rs-img rs-lazyload\" data-lazyload=\"\/\/campusaltea.umh.es\/files\/2020\/04\/Young_Giroux_expo02.jpg\" data-no-retina>\n<!---->\t\t\t\t\t\t<\/rs-slide>\n\t\t\t\t\t\t<rs-slide style=\"position: absolute;\" data-key=\"rs-596\" data-title=\"Slide\" data-thumb=\"\/\/campusaltea.umh.es\/files\/2020\/04\/Young_Giroux_expo03-100x50.jpg\" data-anim=\"ms:600;\" data-in=\"o:0;\" data-out=\"a:false;\">\n\t\t\t\t\t\t\t<img src=\"\/\/campusaltea.umh.es\/wp-content\/plugins\/revslider\/public\/assets\/assets\/dummy.png\" alt=\"\" title=\"Young &#038; Giroux\" class=\"rev-slidebg tp-rs-img rs-lazyload\" data-lazyload=\"\/\/campusaltea.umh.es\/files\/2020\/04\/Young_Giroux_expo03.jpg\" data-no-retina>\n<!---->\t\t\t\t\t\t<\/rs-slide>\n\t\t\t\t\t<\/rs-slides>\n\t\t\t\t<\/rs-module>\n\t\t\t\t<script>\n\t\t\t\t\tsetREVStartSize({c: 'rev_slider_76_1',rl:[1240,1024,778,480],el:[],gw:[1240],gh:[868],type:'standard',justify:'',layout:'fullwidth',mh:\"0\"});if (window.RS_MODULES!==undefined && window.RS_MODULES.modules!==undefined && window.RS_MODULES.modules[\"revslider761\"]!==undefined) {window.RS_MODULES.modules[\"revslider761\"].once = false;window.revapi76 = undefined;if (window.RS_MODULES.checkMinimal!==undefined) window.RS_MODULES.checkMinimal()}\n\t\t\t\t<\/script>\n\t\t\t<\/rs-module-wrap>\n\t\t\t<!-- END REVOLUTION SLIDER -->\n<\/p>\n<div  class=\"ut-one-half  \">\n<p style=\"text-align: justify;\">Un proyecto conceptual experimental de cine originado por la pregunta provocadora: \u00bfPodemos hacer una imagen del globo a partir de sistema global de im\u00e1genes? \u00bfEs el sistema mundial de im\u00e1genes una megaestructura no realizada o una obra de arte a escala planetaria? \u00bfPor qu\u00e9 hacer una obra de arte para una sala de exposiciones o un museo cuando hay 2.500 millones de smartphones en el mundo? Llegar un acuerdo sobre el universalismo, a trav\u00e9s de la compresi\u00f3n fundamental de lo que significa ser humano, es producir im\u00e1genes aqu\u00ed en la Tierra. Viajando m\u00e1s r\u00e1pido que cualquier forma de transporte disponible en nuestra atm\u00f3sfera interior, funcionando como una alegor\u00eda de la velocidad de comunicaci\u00f3n para colapsar el espacio, para cubrir la circunferencia de 40,075 km del globo. \u00bfCu\u00e1l es la imagen alternativa de la famosa foto Blue Marble (canica azul) de la Tierra tomada desde la nave espacial Apollo en 1972? El scrolling es el nuevo fumar. Una respuesta del artista a las redes sociales. La superficie de la tierra como motor de un bucle narrativo. \u00bfEs el h\u00e1bito del scrolling el nuevo fumar? El coste marginal cero de la producci\u00f3n de im\u00e1genes digitales ha producido una nueva carrera hacia el abismo, que simboliza otros aspectos de la econom\u00eda global.<\/p>\n<p style=\"text-align: justify;\"><iframe loading=\"lazy\" title=\"YouTube video player\" src=\"https:\/\/www.youtube.com\/embed\/NxSDtgJj4Dk\" width=\"560\" height=\"315\" frameborder=\"0\" allowfullscreen=\"allowfullscreen\"><\/iframe><\/p>\n<p style=\"text-align: justify;\"><\/div>\n<div  class=\"ut-one-half ut-column-last  \">\n<p><a href=\"http:\/\/campusaltea.umh.es\/files\/2020\/04\/Young_Giroux_instructions_editV2_DEF.jpg\"><img loading=\"lazy\" class=\"alignnone wp-image-6107 size-large\" src=\"http:\/\/campusaltea.umh.es\/files\/2020\/04\/Young_Giroux_instructions_editV2_DEF-722x1024.jpg\" alt=\"\" width=\"722\" height=\"1024\" srcset=\"https:\/\/campusaltea.umh.es\/files\/2020\/04\/Young_Giroux_instructions_editV2_DEF-722x1024.jpg 722w, https:\/\/campusaltea.umh.es\/files\/2020\/04\/Young_Giroux_instructions_editV2_DEF-212x300.jpg 212w\" sizes=\"(max-width: 722px) 100vw, 722px\" \/><\/a><a href=\"http:\/\/campusaltea.umh.es\/files\/2019\/06\/bridgesv2.jpg\"><br \/>\n<\/a><\/p>\n<\/div><div class=\"clear\"><\/div>\n<h4 class=\"western\" lang=\"en-GB\"><\/h4>\n<p class=\"western\" lang=\"en-GB\"><div  class=\"ut-one-half  \">\n<h3 class=\"western\" lang=\"en-GB\">Links<\/h3>\n<p class=\"western\" lang=\"en-GB\"><a href=\"https:\/\/www.cgdy.com\/\">https:\/\/www.cgdy.com\/<\/a><\/p>\n<\/div>\n<div  class=\"ut-one-half ut-column-last  \">\n\n\t\t\t<!-- START younggirouxv2 REVOLUTION SLIDER 6.5.14 --><p class=\"rs-p-wp-fix\"><\/p>\n\t\t\t<rs-module-wrap id=\"rev_slider_77_2_wrapper\" data-source=\"gallery\" style=\"visibility:hidden;background:transparent;padding:0;margin:0px auto;margin-top:0;margin-bottom:0;\">\n\t\t\t\t<rs-module id=\"rev_slider_77_2\" style=\"\" data-version=\"6.5.14\">\n\t\t\t\t\t<rs-slides>\n\t\t\t\t\t\t<rs-slide style=\"position: absolute;\" data-key=\"rs-597\" data-title=\"Slide\" data-thumb=\"\/\/campusaltea.umh.es\/files\/2020\/04\/Berlin2013-1983-100x50.jpg\" data-anim=\"ms:600;\" data-in=\"o:0;\" data-out=\"a:false;\">\n\t\t\t\t\t\t\t<img src=\"\/\/campusaltea.umh.es\/wp-content\/plugins\/revslider\/public\/assets\/assets\/dummy.png\" alt=\"\" title=\"Young &#038; Giroux\" class=\"rev-slidebg tp-rs-img rs-lazyload\" data-lazyload=\"\/\/campusaltea.umh.es\/files\/2020\/04\/Berlin2013-1983.jpg\" data-no-retina>\n<!---->\t\t\t\t\t\t<\/rs-slide>\n\t\t\t\t\t\t<rs-slide style=\"position: absolute;\" data-key=\"rs-598\" data-title=\"Slide\" data-thumb=\"\/\/campusaltea.umh.es\/files\/2020\/04\/Film-Path-Camera-Path-with-under-titles-4-100x50.jpg\" data-anim=\"ms:600;\" data-in=\"o:0;\" data-out=\"a:false;\">\n\t\t\t\t\t\t\t<img src=\"\/\/campusaltea.umh.es\/wp-content\/plugins\/revslider\/public\/assets\/assets\/dummy.png\" alt=\"\" title=\"Young &#038; Giroux\" class=\"rev-slidebg tp-rs-img rs-lazyload\" data-lazyload=\"\/\/campusaltea.umh.es\/files\/2020\/04\/Film-Path-Camera-Path-with-under-titles-4.jpg\" data-no-retina>\n<!---->\t\t\t\t\t\t<\/rs-slide>\n\t\t\t\t\t<\/rs-slides>\n\t\t\t\t<\/rs-module>\n\t\t\t\t<script>\n\t\t\t\t\tsetREVStartSize({c: 'rev_slider_77_2',rl:[1240,1024,778,480],el:[],gw:[1240],gh:[868],type:'standard',justify:'',layout:'fullwidth',mh:\"0\"});if (window.RS_MODULES!==undefined && window.RS_MODULES.modules!==undefined && window.RS_MODULES.modules[\"revslider772\"]!==undefined) {window.RS_MODULES.modules[\"revslider772\"].once = false;window.revapi77 = undefined;if (window.RS_MODULES.checkMinimal!==undefined) window.RS_MODULES.checkMinimal()}\n\t\t\t\t<\/script>\n\t\t\t<\/rs-module-wrap>\n\t\t\t<!-- END REVOLUTION SLIDER -->\n\n<\/div><div class=\"clear\"><\/div><\/p>","protected":false},"excerpt":{"rendered":"<p>Daniel Young y Christian Giroux hemos estado haciendo arte juntos desde 2002. Nuestro trabajo toma la forma de escultura, instalaciones de cine, obras de arte p\u00fablicas (algunas integrando dise\u00f1o urbano y arquitectura del paisaje), publicaciones y exposiciones. Nuestra pr\u00e1ctica se origin\u00f3 en un di\u00e1logo entre arquitectura y escultura, evolucionando a trav\u00e9s de un compromiso con [&hellip;]<\/p>\n","protected":false},"author":469,"featured_media":0,"parent":0,"menu_order":0,"comment_status":"closed","ping_status":"open","template":"","meta":{"_links_to":"","_links_to_target":""},"_links":{"self":[{"href":"https:\/\/campusaltea.umh.es\/es\/wp-json\/wp\/v2\/pages\/6116"}],"collection":[{"href":"https:\/\/campusaltea.umh.es\/es\/wp-json\/wp\/v2\/pages"}],"about":[{"href":"https:\/\/campusaltea.umh.es\/es\/wp-json\/wp\/v2\/types\/page"}],"author":[{"embeddable":true,"href":"https:\/\/campusaltea.umh.es\/es\/wp-json\/wp\/v2\/users\/469"}],"replies":[{"embeddable":true,"href":"https:\/\/campusaltea.umh.es\/es\/wp-json\/wp\/v2\/comments?post=6116"}],"version-history":[{"count":0,"href":"https:\/\/campusaltea.umh.es\/es\/wp-json\/wp\/v2\/pages\/6116\/revisions"}],"wp:attachment":[{"href":"https:\/\/campusaltea.umh.es\/es\/wp-json\/wp\/v2\/media?parent=6116"}],"curies":[{"name":"wp","href":"https:\/\/api.w.org\/{rel}","templated":true}]}}