{"id":6094,"date":"2020-04-09T11:07:06","date_gmt":"2020-04-09T11:07:06","guid":{"rendered":"http:\/\/campusaltea.umh.es\/?page_id=6094"},"modified":"2022-09-16T11:15:31","modified_gmt":"2022-09-16T11:15:31","slug":"sean-whalley","status":"publish","type":"page","link":"https:\/\/campusaltea.umh.es\/es\/sean-whalley\/","title":{"rendered":"Sean Whalley"},"content":{"rendered":"<p><\/p>\n<p style=\"text-align: justify;\">La pr\u00e1ctica art\u00edstica de Sean se centra en tres componentes principales. El primero se basa en el uso de material reciclado, centr\u00e1ndose en temas de desplazamiento y sostenibilidad. Una serie de exposiciones fueron articuladas utilizando materiales desechados de renovaciones de viviendas, demoliciones de garajes y restos de construcci\u00f3n. El segundo complementa este trabajo y son estudios fotogr\u00e1ficos que examinan las huellas humanas en la naturaleza y la documentaci\u00f3n de los restos del bosque urbano. El tercero es su trabajo con encargos p\u00fablicos bien como artista o como coordinador. El proyecto m\u00e1s reciente en esta aspecto ha sido un proyecto patrimonial para que la ciudad de Regina para reemplazar los doce surtidores con forma de ranas desaparecidos en el Regina\u2019s Confederation Park. Este proyecto se llev\u00f3 a cabo con el trabajo y la colaboraci\u00f3n de cuatro estudiantes muy brillantes. Cada vez m\u00e1s, este \u00faltimo elemento del trabajo de Sean se ha cruzado con su pr\u00e1ctica docente, donde hacer y ense\u00f1ar se han convertido en experiencias colaborativas.<\/p>\n<p style=\"text-align: center;\">\n\t\t\t<!-- START sean REVOLUTION SLIDER 6.5.14 --><p class=\"rs-p-wp-fix\"><\/p>\n\t\t\t<rs-module-wrap id=\"rev_slider_74_1_wrapper\" data-source=\"gallery\" style=\"visibility:hidden;background:transparent;padding:0;margin:0px auto;margin-top:0;margin-bottom:0;\">\n\t\t\t\t<rs-module id=\"rev_slider_74_1\" style=\"\" data-version=\"6.5.14\">\n\t\t\t\t\t<rs-slides>\n\t\t\t\t\t\t<rs-slide style=\"position: absolute;\" data-key=\"rs-587\" data-title=\"Slide\" data-thumb=\"\/\/campusaltea.umh.es\/files\/2020\/04\/Sean-W_portrait-100x50.jpg\" data-anim=\"ms:600;\" data-in=\"o:0;\" data-out=\"a:false;\">\n\t\t\t\t\t\t\t<img src=\"\/\/campusaltea.umh.es\/wp-content\/plugins\/revslider\/public\/assets\/assets\/dummy.png\" alt=\"\" title=\"Sean Whalley\" class=\"rev-slidebg tp-rs-img rs-lazyload\" data-lazyload=\"\/\/campusaltea.umh.es\/files\/2020\/04\/Sean-W_portrait.jpg\" data-no-retina>\n<!---->\t\t\t\t\t\t<\/rs-slide>\n\t\t\t\t\t\t<rs-slide style=\"position: absolute;\" data-key=\"rs-588\" data-title=\"Slide\" data-thumb=\"\/\/campusaltea.umh.es\/files\/2020\/04\/0-SeanWhallley_expo01-100x50.jpg\" data-anim=\"ms:600;\" data-in=\"o:0;\" data-out=\"a:false;\">\n\t\t\t\t\t\t\t<img src=\"\/\/campusaltea.umh.es\/wp-content\/plugins\/revslider\/public\/assets\/assets\/dummy.png\" alt=\"\" title=\"Sean Whalley\" class=\"rev-slidebg tp-rs-img rs-lazyload\" data-lazyload=\"\/\/campusaltea.umh.es\/files\/2020\/04\/0-SeanWhallley_expo01.jpg\" data-no-retina>\n<!---->\t\t\t\t\t\t<\/rs-slide>\n\t\t\t\t\t\t<rs-slide style=\"position: absolute;\" data-key=\"rs-589\" data-title=\"Slide\" data-thumb=\"\/\/campusaltea.umh.es\/files\/2020\/04\/0-SeanWhallley_expo02red-100x50.jpg\" data-anim=\"ms:600;\" data-in=\"o:0;\" data-out=\"a:false;\">\n\t\t\t\t\t\t\t<img src=\"\/\/campusaltea.umh.es\/wp-content\/plugins\/revslider\/public\/assets\/assets\/dummy.png\" alt=\"\" title=\"Sean Whalley\" class=\"rev-slidebg tp-rs-img rs-lazyload\" data-lazyload=\"\/\/campusaltea.umh.es\/files\/2020\/04\/0-SeanWhallley_expo02red.jpg\" data-no-retina>\n<!---->\t\t\t\t\t\t<\/rs-slide>\n\t\t\t\t\t\t<rs-slide style=\"position: absolute;\" data-key=\"rs-590\" data-title=\"Slide\" data-thumb=\"\/\/campusaltea.umh.es\/files\/2020\/04\/0-SeanWhallley_expo03-100x50.jpg\" data-anim=\"ms:600;\" data-in=\"o:0;\" data-out=\"a:false;\">\n\t\t\t\t\t\t\t<img src=\"\/\/campusaltea.umh.es\/wp-content\/plugins\/revslider\/public\/assets\/assets\/dummy.png\" alt=\"\" title=\"Sean Whalley\" class=\"rev-slidebg tp-rs-img rs-lazyload\" data-lazyload=\"\/\/campusaltea.umh.es\/files\/2020\/04\/0-SeanWhallley_expo03.jpg\" data-no-retina>\n<!---->\t\t\t\t\t\t<\/rs-slide>\n\t\t\t\t\t<\/rs-slides>\n\t\t\t\t<\/rs-module>\n\t\t\t\t<script>\n\t\t\t\t\tsetREVStartSize({c: 'rev_slider_74_1',rl:[1240,1024,778,480],el:[],gw:[1240],gh:[868],type:'standard',justify:'',layout:'fullwidth',mh:\"0\"});if (window.RS_MODULES!==undefined && window.RS_MODULES.modules!==undefined && window.RS_MODULES.modules[\"revslider741\"]!==undefined) {window.RS_MODULES.modules[\"revslider741\"].once = false;window.revapi74 = undefined;if (window.RS_MODULES.checkMinimal!==undefined) window.RS_MODULES.checkMinimal()}\n\t\t\t\t<\/script>\n\t\t\t<\/rs-module-wrap>\n\t\t\t<!-- END REVOLUTION SLIDER -->\n<\/p>\n<div  class=\"ut-one-half  \">\n<p style=\"text-align: justify;\">Mientras trabajaba en el Black Creek Historical Village en North York, Ontario, me encontr\u00e9 con varias referencias a las pr\u00e1cticas agr\u00edcolas de los primeros colonos cuando los europeos hicieron por vez primera el viaje a \u201cNorte Am\u00e9rica\u201d . Cuando llegaron por primera vez, se encontraron con un bosque de hoja ancha tan vasto que se extend\u00eda desde (aproximadamente) Barrie, Ontario hasta Mississippi sin interrupciones. Los \u00e1rboles de viejo crecimiento en este bosque eran tan grandes que los colonos no pudieron talarlos. Como resultado, para establecer sus granjas y granjas, los troncos de los \u00e1rboles fueron ce\u00f1idos para matar sus copas.<\/p>\n<p style=\"text-align: justify;\">El ce\u00f1ido es un proceso consistente en quitar la corteza de un \u00e1rbol hasta llegar al cambium en un anillo alrededor de la circunferencia del tronco. Esto priva a la copa de nutrientes al interrumpir el flujo desde las ra\u00edces. Sin hojas, los granjeros eran libres de plantar sus cultivos alimenticios alrededor de los \u00e1rboles. La iron\u00eda de esta pr\u00e1ctica es que el suelo que hab\u00eda sido rico pronto se agot\u00f3 debido a la interrupci\u00f3n del ciclo (los \u00e1rboles ya no dejaban caer las hojas para fertilizar el suelo) y los colonos comenzaron a moverse lentamente despejando el bosque a medida que avanzaban.<\/p>\n<p style=\"text-align: justify;\">Mientras crec\u00eda en el sur de Ontario, me encontr\u00e9 con algunos remanentes de este bosque de crecimiento antiguo, diseminado por \u00e1reas suburbanas, cementerios y parques y reservas, ocultos poco conocidos. Durante varios veranos volv\u00ed a muchos de estos bosques para documentarlos. Algunos de los \u00e1rboles tienen m\u00e1s de 500 a\u00f1os, algunos tienen un segundo crecimiento y tienen entre 200 y 300 a\u00f1os. El \u00e1rbol m\u00e1s grande, antiguo y famoso de esta serie se conoce como Comfort Maple, tiene una circunferencia de seis metros y medio, y tiene m\u00e1s de 550 a\u00f1os.<\/p>\n<p style=\"text-align: justify;\">La intenci\u00f3n de capturar la circunferencia del \u00e1rbol e imprimir fotograf\u00edas panor\u00e1micas en franjas de cuarenta y tres cent\u00edmetros de ancho es reconocer y recuperar en parte ese espacio perdido, esa historia y la herencia perdidas de ese bosque de hojas anchas, con la esperanza de permitir a estos amables gigantes tener una voz.<\/p>\n<p style=\"text-align: justify;\"><iframe loading=\"lazy\" title=\"YouTube video player\" src=\"https:\/\/www.youtube.com\/embed\/vVTX_Jm2s_k\" width=\"560\" height=\"315\" frameborder=\"0\" allowfullscreen=\"allowfullscreen\"><\/iframe><\/p>\n<p style=\"text-align: justify;\"><\/div>\n<div  class=\"ut-one-half ut-column-last  \">\n<p><a href=\"http:\/\/campusaltea.umh.es\/files\/2020\/04\/Sean-W_instructions.jpg\"><img loading=\"lazy\" class=\"alignnone wp-image-6090 size-large\" src=\"http:\/\/campusaltea.umh.es\/files\/2020\/04\/Sean-W_instructions-745x1024.jpg\" alt=\"\" width=\"745\" height=\"1024\" srcset=\"https:\/\/campusaltea.umh.es\/files\/2020\/04\/Sean-W_instructions-745x1024.jpg 745w, https:\/\/campusaltea.umh.es\/files\/2020\/04\/Sean-W_instructions-218x300.jpg 218w\" sizes=\"(max-width: 745px) 100vw, 745px\" \/><\/a><a href=\"http:\/\/campusaltea.umh.es\/files\/2019\/06\/bridgesv2.jpg\"><br \/>\n<\/a><\/p>\n<p>\n\t\t\t<!-- START seanv2 REVOLUTION SLIDER 6.5.14 --><p class=\"rs-p-wp-fix\"><\/p>\n\t\t\t<rs-module-wrap id=\"rev_slider_75_2_wrapper\" data-source=\"gallery\" style=\"visibility:hidden;background:transparent;padding:0;margin:0px auto;margin-top:0;margin-bottom:0;\">\n\t\t\t\t<rs-module id=\"rev_slider_75_2\" style=\"\" data-version=\"6.5.14\">\n\t\t\t\t\t<rs-slides>\n\t\t\t\t\t\t<rs-slide style=\"position: absolute;\" data-key=\"rs-591\" data-title=\"Slide\" data-thumb=\"\/\/campusaltea.umh.es\/files\/2020\/04\/proto-type-100x50.jpg\" data-anim=\"ms:600;\" data-in=\"o:0;\" data-out=\"a:false;\">\n\t\t\t\t\t\t\t<img src=\"\/\/campusaltea.umh.es\/wp-content\/plugins\/revslider\/public\/assets\/assets\/dummy.png\" alt=\"\" title=\"Sean Whalley\" class=\"rev-slidebg tp-rs-img rs-lazyload\" data-lazyload=\"\/\/campusaltea.umh.es\/files\/2020\/04\/proto-type.jpg\" data-no-retina>\n<!---->\t\t\t\t\t\t<\/rs-slide>\n\t\t\t\t\t\t<rs-slide style=\"position: absolute;\" data-key=\"rs-592\" data-title=\"Slide\" data-thumb=\"\/\/campusaltea.umh.es\/files\/2020\/04\/trimmed-installation-view-1-100x50.jpg\" data-anim=\"ms:600;\" data-in=\"o:0;\" data-out=\"a:false;\">\n\t\t\t\t\t\t\t<img src=\"\/\/campusaltea.umh.es\/wp-content\/plugins\/revslider\/public\/assets\/assets\/dummy.png\" alt=\"\" title=\"Sean Whalley\" class=\"rev-slidebg tp-rs-img rs-lazyload\" data-lazyload=\"\/\/campusaltea.umh.es\/files\/2020\/04\/trimmed-installation-view-1.jpg\" data-no-retina>\n<!---->\t\t\t\t\t\t<\/rs-slide>\n\t\t\t\t\t<\/rs-slides>\n\t\t\t\t<\/rs-module>\n\t\t\t\t<script>\n\t\t\t\t\tsetREVStartSize({c: 'rev_slider_75_2',rl:[1240,1024,778,480],el:[],gw:[1240],gh:[868],type:'standard',justify:'',layout:'fullwidth',mh:\"0\"});if (window.RS_MODULES!==undefined && window.RS_MODULES.modules!==undefined && window.RS_MODULES.modules[\"revslider752\"]!==undefined) {window.RS_MODULES.modules[\"revslider752\"].once = false;window.revapi75 = undefined;if (window.RS_MODULES.checkMinimal!==undefined) window.RS_MODULES.checkMinimal()}\n\t\t\t\t<\/script>\n\t\t\t<\/rs-module-wrap>\n\t\t\t<!-- END REVOLUTION SLIDER -->\n<\/p>\n<\/div><div class=\"clear\"><\/div>\n<h4 class=\"western\" lang=\"en-GB\"><\/h4>\n<p class=\"western\" lang=\"en-GB\"><div  class=\"ut-one-half  \">\n<\/div>\n<div  class=\"ut-one-half ut-column-last  \">\n<p>&nbsp;<\/p>\n<\/div><div class=\"clear\"><\/div><\/p>","protected":false},"excerpt":{"rendered":"<p>La pr\u00e1ctica art\u00edstica de Sean se centra en tres componentes principales. El primero se basa en el uso de material reciclado, centr\u00e1ndose en temas de desplazamiento y sostenibilidad. Una serie de exposiciones fueron articuladas utilizando materiales desechados de renovaciones de viviendas, demoliciones de garajes y restos de construcci\u00f3n. El segundo complementa este trabajo y son [&hellip;]<\/p>\n","protected":false},"author":469,"featured_media":0,"parent":0,"menu_order":0,"comment_status":"closed","ping_status":"open","template":"","meta":{"_links_to":"","_links_to_target":""},"_links":{"self":[{"href":"https:\/\/campusaltea.umh.es\/es\/wp-json\/wp\/v2\/pages\/6094"}],"collection":[{"href":"https:\/\/campusaltea.umh.es\/es\/wp-json\/wp\/v2\/pages"}],"about":[{"href":"https:\/\/campusaltea.umh.es\/es\/wp-json\/wp\/v2\/types\/page"}],"author":[{"embeddable":true,"href":"https:\/\/campusaltea.umh.es\/es\/wp-json\/wp\/v2\/users\/469"}],"replies":[{"embeddable":true,"href":"https:\/\/campusaltea.umh.es\/es\/wp-json\/wp\/v2\/comments?post=6094"}],"version-history":[{"count":0,"href":"https:\/\/campusaltea.umh.es\/es\/wp-json\/wp\/v2\/pages\/6094\/revisions"}],"wp:attachment":[{"href":"https:\/\/campusaltea.umh.es\/es\/wp-json\/wp\/v2\/media?parent=6094"}],"curies":[{"name":"wp","href":"https:\/\/api.w.org\/{rel}","templated":true}]}}