{"id":6076,"date":"2020-04-09T10:03:37","date_gmt":"2020-04-09T10:03:37","guid":{"rendered":"http:\/\/campusaltea.umh.es\/?page_id=6076"},"modified":"2022-09-16T11:15:16","modified_gmt":"2022-09-16T11:15:16","slug":"mitch-mitchell","status":"publish","type":"page","link":"https:\/\/campusaltea.umh.es\/es\/mitch-mitchell\/","title":{"rendered":"Mitch Mitchell"},"content":{"rendered":"<p><\/p>\n<p style=\"text-align: justify;\">Mitch Mitchell es un artista interdisciplinario y profesor de Grabado en la Concordia University de Montreal, Canad\u00e1. Su trabajo art\u00edstico abarca muchas formas de imagen y producci\u00f3n f\u00edsica, utilizando la impresi\u00f3n en escultura, performance y varias formas de instalaci\u00f3n. Durante los \u00faltimos siete a\u00f1os, sus trabajos se centran en explorar aspectos de la psicolog\u00eda del trabajo y las historias familiares, y m\u00e1s recientemente en la narrativa personal \/ global de las consecuencias psicol\u00f3gicas de los bombardeos at\u00f3micos en Hiroshima.<\/p>\n<p style=\"text-align: justify;\">Al explorar la cultura material relacionada con el trabajo y la industria, ha ido definiendo para su pr\u00e1ctica un \u201cEstrato de Material Democr\u00e1tico\u201d, un archivo de materiales como papel de peri\u00f3dico, cobre, \u00f3xido y harina, com\u00fan a la interacci\u00f3n humana global, pero abandonados debido a sus relaciones con el comercio. Su actual proyecto de investigaci\u00f3n visual, \u201cBOX FACTORY\u201d, fusiona escultura, papel, impresi\u00f3n y dise\u00f1o industrial y de producto para construir esculturas cin\u00e9ticas performativas y acciones, con la intenci\u00f3n de representar para el p\u00fablico tareas mundanas com\u00fanmente asociadas con las culturas de la clase trabajadora dentro de la industria de producci\u00f3n.<\/p>\n<p style=\"text-align: center;\">\n\t\t\t<!-- START Mitch_mitchel REVOLUTION SLIDER 6.5.14 --><p class=\"rs-p-wp-fix\"><\/p>\n\t\t\t<rs-module-wrap id=\"rev_slider_72_1_wrapper\" data-source=\"gallery\" style=\"visibility:hidden;background:transparent;padding:0;margin:0px auto;margin-top:0;margin-bottom:0;\">\n\t\t\t\t<rs-module id=\"rev_slider_72_1\" style=\"\" data-version=\"6.5.14\">\n\t\t\t\t\t<rs-slides>\n\t\t\t\t\t\t<rs-slide style=\"position: absolute;\" data-key=\"rs-581\" data-title=\"Slide\" data-thumb=\"\/\/campusaltea.umh.es\/files\/2020\/04\/Mitchell_Plan-Z_portrait-100x50.jpg\" data-anim=\"ms:600;\" data-in=\"o:0;\" data-out=\"a:false;\">\n\t\t\t\t\t\t\t<img src=\"\/\/campusaltea.umh.es\/wp-content\/plugins\/revslider\/public\/assets\/assets\/dummy.png\" alt=\"\" title=\"Mitch Mitchell\" class=\"rev-slidebg tp-rs-img rs-lazyload\" data-lazyload=\"\/\/campusaltea.umh.es\/files\/2020\/04\/Mitchell_Plan-Z_portrait.jpg\" data-no-retina>\n<!---->\t\t\t\t\t\t<\/rs-slide>\n\t\t\t\t\t\t<rs-slide style=\"position: absolute;\" data-key=\"rs-582\" data-title=\"Slide\" data-thumb=\"\/\/campusaltea.umh.es\/files\/2020\/04\/Mitch_Mitch_expo03-100x50.jpg\" data-anim=\"ms:600;\" data-in=\"o:0;\" data-out=\"a:false;\">\n\t\t\t\t\t\t\t<img src=\"\/\/campusaltea.umh.es\/wp-content\/plugins\/revslider\/public\/assets\/assets\/dummy.png\" alt=\"\" title=\"Mitch Mitchell\" class=\"rev-slidebg tp-rs-img rs-lazyload\" data-lazyload=\"\/\/campusaltea.umh.es\/files\/2020\/04\/Mitch_Mitch_expo03.jpg\" data-no-retina>\n<!---->\t\t\t\t\t\t<\/rs-slide>\n\t\t\t\t\t\t<rs-slide style=\"position: absolute;\" data-key=\"rs-583\" data-title=\"Slide\" data-thumb=\"\/\/campusaltea.umh.es\/files\/2020\/04\/Mitch_Mitch_expo01-100x50.jpg\" data-anim=\"ms:600;\" data-in=\"o:0;\" data-out=\"a:false;\">\n\t\t\t\t\t\t\t<img src=\"\/\/campusaltea.umh.es\/wp-content\/plugins\/revslider\/public\/assets\/assets\/dummy.png\" alt=\"\" title=\"Mitch Mitchell\" class=\"rev-slidebg tp-rs-img rs-lazyload\" data-lazyload=\"\/\/campusaltea.umh.es\/files\/2020\/04\/Mitch_Mitch_expo01.jpg\" data-no-retina>\n<!---->\t\t\t\t\t\t<\/rs-slide>\n\t\t\t\t\t\t<rs-slide style=\"position: absolute;\" data-key=\"rs-584\" data-title=\"Slide\" data-thumb=\"\/\/campusaltea.umh.es\/files\/2020\/04\/Mitch_Mitch_expo02-100x50.jpg\" data-anim=\"ms:600;\" data-in=\"o:0;\" data-out=\"a:false;\">\n\t\t\t\t\t\t\t<img src=\"\/\/campusaltea.umh.es\/wp-content\/plugins\/revslider\/public\/assets\/assets\/dummy.png\" alt=\"\" title=\"Mitch Mitchell\" class=\"rev-slidebg tp-rs-img rs-lazyload\" data-lazyload=\"\/\/campusaltea.umh.es\/files\/2020\/04\/Mitch_Mitch_expo02.jpg\" data-no-retina>\n<!---->\t\t\t\t\t\t<\/rs-slide>\n\t\t\t\t\t<\/rs-slides>\n\t\t\t\t<\/rs-module>\n\t\t\t\t<script>\n\t\t\t\t\tsetREVStartSize({c: 'rev_slider_72_1',rl:[1240,1024,778,480],el:[],gw:[1240],gh:[868],type:'standard',justify:'',layout:'fullwidth',mh:\"0\"});if (window.RS_MODULES!==undefined && window.RS_MODULES.modules!==undefined && window.RS_MODULES.modules[\"revslider721\"]!==undefined) {window.RS_MODULES.modules[\"revslider721\"].once = false;window.revapi72 = undefined;if (window.RS_MODULES.checkMinimal!==undefined) window.RS_MODULES.checkMinimal()}\n\t\t\t\t<\/script>\n\t\t\t<\/rs-module-wrap>\n\t\t\t<!-- END REVOLUTION SLIDER -->\n<\/p>\n<div  class=\"ut-one-half  \">\n<p style=\"text-align: justify;\">Trinity Cantos: 1 Cup, 1 Cup Flour, 1 Cup Rust (Cantos de la Trinidad: 1 taza, 1 taza de harina, 1 taza de \u00f3xido) es el primero de una colecci\u00f3n de tres v\u00eddeos, que desarrollan las investigaciones de Mitch Mitchell sobre la historia del trabajo, la identidad, el tiempo, la alquimia y las intersecciones entre las narrativas globales y las personales. Los tres v\u00eddeos del proyecto crean sutiles met\u00e1foras de transformaciones f\u00edsicas y mentales a trav\u00e9s de gestos tranquilos y qu\u00edmicas materiales. El proceso se convierte en un s\u00edmbolo del tiempo y la condici\u00f3n humana. El conjunto de videos trata sobre el acto de manipular materiales que el artista considera de naturaleza \u201cdemocr\u00e1tica\u201d en un objeto final, un objeto que es mundano por derecho propio tal como lo ve el mundo moderno; un objeto como el pan, molduras de yeso y monos de trabajo de mec\u00e1nico. Los materiales Dem\u00f3craticos utilizados son parte de una colecci\u00f3n mayor que conforma la creciente biblioteca de materiales comunes y mundanos (cobre, harina, \u00f3xido, papel, yeso, az\u00facar, agua, mano de obra, etc.) de los artistas. Estos materiales se comparten en todo el mundo y se ven com\u00fanmente como crudos y discretos, pero desde el punto de vista del artista, son muy polares en el sentido de que han enredado narrativas globales que son a la vez hermosas y malditas en funci\u00f3n de la cultura y la econom\u00eda.<\/p>\n<p style=\"text-align: justify;\">Mitch Mitchell toma estos materiales y vuelve a investigar las conversaciones hist\u00f3ricas acerca de ellos, a trav\u00e9s del uso transformativo del proceso y el trabajo manual y de acciones que son contrarios a su naturaleza (una barra de pan hecha de \u00f3xido, un globo aerost\u00e1tico hecho de papel acolchado, una moldura arquitect\u00f3nica hecha de az\u00facar). Con el conjunto de videos de Trinity Cantos, Mitch Mitchell permite al espectador presenciar la dram\u00e1tica evoluci\u00f3n de algunos de estos materiales para crear en tiempo real pan de \u00f3xido (1 Cup, 1 Cup Flour, 1 Cup Rust), monos de mec\u00e1nico hechos a medida a partir de papel (Tailor) y una moldura arquitect\u00f3nica victoriana hecha de ca\u00f1a de az\u00facar (Blanc Structure). En conjunci\u00f3n con las obras de video, las exposiciones cuentan con esculturas reales similares a las creaciones de las obras de video.<\/p>\n<p style=\"text-align: justify;\"><iframe loading=\"lazy\" title=\"YouTube video player\" src=\"https:\/\/www.youtube.com\/embed\/4w5N4dYGTGk\" width=\"560\" height=\"315\" frameborder=\"0\" allowfullscreen=\"allowfullscreen\"><\/iframe><\/p>\n<p style=\"text-align: justify;\"><\/div>\n<div  class=\"ut-one-half ut-column-last  \">\n<p><a href=\"http:\/\/campusaltea.umh.es\/files\/2020\/04\/Mitch-Mitchell_Plan-Z-Instructions_2.jpg\"><img loading=\"lazy\" class=\"alignnone wp-image-6069 size-large\" src=\"http:\/\/campusaltea.umh.es\/files\/2020\/04\/Mitch-Mitchell_Plan-Z-Instructions_2-749x1024.jpg\" alt=\"\" width=\"749\" height=\"1024\" srcset=\"https:\/\/campusaltea.umh.es\/files\/2020\/04\/Mitch-Mitchell_Plan-Z-Instructions_2-749x1024.jpg 749w, https:\/\/campusaltea.umh.es\/files\/2020\/04\/Mitch-Mitchell_Plan-Z-Instructions_2-219x300.jpg 219w\" sizes=\"(max-width: 749px) 100vw, 749px\" \/><\/a><a href=\"http:\/\/campusaltea.umh.es\/files\/2019\/06\/bridgesv2.jpg\"><br \/>\n<\/a><\/p>\n<p>&nbsp;<\/p>\n<\/div><div class=\"clear\"><\/div>\n<h4 class=\"western\" lang=\"en-GB\"><\/h4>\n<p class=\"western\" lang=\"en-GB\"><div  class=\"ut-one-half  \">\n<h4 class=\"western\" lang=\"en-GB\">Links<\/h4>\n<p><a href=\"http:\/\/www.mitchmitchellart.com\">www.mitchmitchellart.com<\/a><\/p>\n<\/div>\n<div  class=\"ut-one-half ut-column-last  \">\n\n\t\t\t<!-- START Mitch_mitchelv2 REVOLUTION SLIDER 6.5.14 --><p class=\"rs-p-wp-fix\"><\/p>\n\t\t\t<rs-module-wrap id=\"rev_slider_73_2_wrapper\" data-source=\"gallery\" style=\"visibility:hidden;background:transparent;padding:0;margin:0px auto;margin-top:0;margin-bottom:0;\">\n\t\t\t\t<rs-module id=\"rev_slider_73_2\" style=\"\" data-version=\"6.5.14\">\n\t\t\t\t\t<rs-slides>\n\t\t\t\t\t\t<rs-slide style=\"position: absolute;\" data-key=\"rs-585\" data-title=\"Slide\" data-thumb=\"\/\/campusaltea.umh.es\/files\/2020\/04\/Mitchell_From-whom-100x50.jpg\" data-anim=\"ms:600;\" data-in=\"o:0;\" data-out=\"a:false;\">\n\t\t\t\t\t\t\t<img src=\"\/\/campusaltea.umh.es\/wp-content\/plugins\/revslider\/public\/assets\/assets\/dummy.png\" alt=\"\" title=\"Mitch Mitchell\" class=\"rev-slidebg tp-rs-img rs-lazyload\" data-lazyload=\"\/\/campusaltea.umh.es\/files\/2020\/04\/Mitchell_From-whom.jpg\" data-no-retina>\n<!---->\t\t\t\t\t\t<\/rs-slide>\n\t\t\t\t\t\t<rs-slide style=\"position: absolute;\" data-key=\"rs-586\" data-title=\"Slide\" data-thumb=\"\/\/campusaltea.umh.es\/files\/2020\/04\/Mitchell_Icarus_History-of-a-First-Failed-Industry--100x50.jpg\" data-anim=\"ms:600;\" data-in=\"o:0;\" data-out=\"a:false;\">\n\t\t\t\t\t\t\t<img src=\"\/\/campusaltea.umh.es\/wp-content\/plugins\/revslider\/public\/assets\/assets\/dummy.png\" alt=\"\" title=\"Mitch Mitchell\" class=\"rev-slidebg tp-rs-img rs-lazyload\" data-lazyload=\"\/\/campusaltea.umh.es\/files\/2020\/04\/Mitchell_Icarus_History-of-a-First-Failed-Industry-.jpg\" data-no-retina>\n<!---->\t\t\t\t\t\t<\/rs-slide>\n\t\t\t\t\t<\/rs-slides>\n\t\t\t\t<\/rs-module>\n\t\t\t\t<script>\n\t\t\t\t\tsetREVStartSize({c: 'rev_slider_73_2',rl:[1240,1024,778,480],el:[],gw:[1240],gh:[868],type:'standard',justify:'',layout:'fullwidth',mh:\"0\"});if (window.RS_MODULES!==undefined && window.RS_MODULES.modules!==undefined && window.RS_MODULES.modules[\"revslider732\"]!==undefined) {window.RS_MODULES.modules[\"revslider732\"].once = false;window.revapi73 = undefined;if (window.RS_MODULES.checkMinimal!==undefined) window.RS_MODULES.checkMinimal()}\n\t\t\t\t<\/script>\n\t\t\t<\/rs-module-wrap>\n\t\t\t<!-- END REVOLUTION SLIDER -->\n\n<\/div><div class=\"clear\"><\/div><\/p>","protected":false},"excerpt":{"rendered":"<p>Mitch Mitchell es un artista interdisciplinario y profesor de Grabado en la Concordia University de Montreal, Canad\u00e1. Su trabajo art\u00edstico abarca muchas formas de imagen y producci\u00f3n f\u00edsica, utilizando la impresi\u00f3n en escultura, performance y varias formas de instalaci\u00f3n. Durante los \u00faltimos siete a\u00f1os, sus trabajos se centran en explorar aspectos de la psicolog\u00eda del [&hellip;]<\/p>\n","protected":false},"author":469,"featured_media":0,"parent":0,"menu_order":0,"comment_status":"closed","ping_status":"open","template":"","meta":{"_links_to":"","_links_to_target":""},"_links":{"self":[{"href":"https:\/\/campusaltea.umh.es\/es\/wp-json\/wp\/v2\/pages\/6076"}],"collection":[{"href":"https:\/\/campusaltea.umh.es\/es\/wp-json\/wp\/v2\/pages"}],"about":[{"href":"https:\/\/campusaltea.umh.es\/es\/wp-json\/wp\/v2\/types\/page"}],"author":[{"embeddable":true,"href":"https:\/\/campusaltea.umh.es\/es\/wp-json\/wp\/v2\/users\/469"}],"replies":[{"embeddable":true,"href":"https:\/\/campusaltea.umh.es\/es\/wp-json\/wp\/v2\/comments?post=6076"}],"version-history":[{"count":0,"href":"https:\/\/campusaltea.umh.es\/es\/wp-json\/wp\/v2\/pages\/6076\/revisions"}],"wp:attachment":[{"href":"https:\/\/campusaltea.umh.es\/es\/wp-json\/wp\/v2\/media?parent=6076"}],"curies":[{"name":"wp","href":"https:\/\/api.w.org\/{rel}","templated":true}]}}