{"id":6039,"date":"2020-04-06T10:37:56","date_gmt":"2020-04-06T10:37:56","guid":{"rendered":"http:\/\/campusaltea.umh.es\/?page_id=6039"},"modified":"2022-09-16T11:12:12","modified_gmt":"2022-09-16T11:12:12","slug":"david-clark","status":"publish","type":"page","link":"https:\/\/campusaltea.umh.es\/es\/david-clark\/","title":{"rendered":"David Clark"},"content":{"rendered":"<p><\/p>\n<p style=\"text-align: justify;\">Despu\u00e9s de trabajar con la escultura, el video y el cine narrativo, pas\u00e9 a trabajar en Internet al principio de su desarrollo, donde me concentr\u00e9 en piezas a gran escala que utilizaban medios digitales. Tambi\u00e9n realizo proyectos de instalaci\u00f3n que combinan narrativa, collage e interactividad. Ahora me encuentro trabajando principalmente en la intersecci\u00f3n del arte visual, el cine, el teatro y la literatura. Tem\u00e1ticamente, mi trabajo contin\u00faa analizando la din\u00e1mica del significado, el lenguaje, la identidad, la historia y la producci\u00f3n de conocimiento a trav\u00e9s de la ciencia y la cultura. Actualmente estoy interesado en explorar mundos narrativos, sistemas de juegos y experiencia inmersiva en forma digital y f\u00edsica.<\/p>\n<p style=\"text-align: center;\">\n\t\t\t<!-- START david_clark REVOLUTION SLIDER 6.5.14 --><p class=\"rs-p-wp-fix\"><\/p>\n\t\t\t<rs-module-wrap id=\"rev_slider_70_1_wrapper\" data-source=\"gallery\" style=\"visibility:hidden;background:transparent;padding:0;margin:0px auto;margin-top:0;margin-bottom:0;\">\n\t\t\t\t<rs-module id=\"rev_slider_70_1\" style=\"\" data-version=\"6.5.14\">\n\t\t\t\t\t<rs-slides>\n\t\t\t\t\t\t<rs-slide style=\"position: absolute;\" data-key=\"rs-573\" data-title=\"Slide\" data-thumb=\"\/\/campusaltea.umh.es\/files\/2020\/04\/David-Clark_retrato-100x50.jpg\" data-anim=\"ms:600;\" data-in=\"o:0;\" data-out=\"a:false;\">\n\t\t\t\t\t\t\t<img src=\"\/\/campusaltea.umh.es\/wp-content\/plugins\/revslider\/public\/assets\/assets\/dummy.png\" alt=\"\" title=\"David Clark\" class=\"rev-slidebg tp-rs-img rs-lazyload\" data-lazyload=\"\/\/campusaltea.umh.es\/files\/2020\/04\/David-Clark_retrato.jpg\" data-no-retina>\n<!---->\t\t\t\t\t\t<\/rs-slide>\n\t\t\t\t\t\t<rs-slide style=\"position: absolute;\" data-key=\"rs-574\" data-title=\"Slide\" data-thumb=\"\/\/campusaltea.umh.es\/files\/2020\/04\/David_Clark_expo_02-100x50.jpg\" data-anim=\"ms:600;\" data-in=\"o:0;\" data-out=\"a:false;\">\n\t\t\t\t\t\t\t<img src=\"\/\/campusaltea.umh.es\/wp-content\/plugins\/revslider\/public\/assets\/assets\/dummy.png\" alt=\"\" title=\"David Clark\" class=\"rev-slidebg tp-rs-img rs-lazyload\" data-lazyload=\"\/\/campusaltea.umh.es\/files\/2020\/04\/David_Clark_expo_02.jpg\" data-no-retina>\n<!---->\t\t\t\t\t\t<\/rs-slide>\n\t\t\t\t\t\t<rs-slide style=\"position: absolute;\" data-key=\"rs-575\" data-title=\"Slide\" data-thumb=\"\/\/campusaltea.umh.es\/files\/2020\/04\/David_Clark_expo_01-100x50.jpg\" data-anim=\"ms:600;\" data-in=\"o:0;\" data-out=\"a:false;\">\n\t\t\t\t\t\t\t<img src=\"\/\/campusaltea.umh.es\/wp-content\/plugins\/revslider\/public\/assets\/assets\/dummy.png\" alt=\"\" title=\"David Clark\" class=\"rev-slidebg tp-rs-img rs-lazyload\" data-lazyload=\"\/\/campusaltea.umh.es\/files\/2020\/04\/David_Clark_expo_01.jpg\" data-no-retina>\n<!---->\t\t\t\t\t\t<\/rs-slide>\n\t\t\t\t\t\t<rs-slide style=\"position: absolute;\" data-key=\"rs-576\" data-title=\"Slide\" data-thumb=\"\/\/campusaltea.umh.es\/files\/2020\/04\/David_Clark_expo_03-100x50.jpg\" data-anim=\"ms:600;\" data-in=\"o:0;\" data-out=\"a:false;\">\n\t\t\t\t\t\t\t<img src=\"\/\/campusaltea.umh.es\/wp-content\/plugins\/revslider\/public\/assets\/assets\/dummy.png\" alt=\"\" title=\"David Clark\" class=\"rev-slidebg tp-rs-img rs-lazyload\" data-lazyload=\"\/\/campusaltea.umh.es\/files\/2020\/04\/David_Clark_expo_03.jpg\" data-no-retina>\n<!---->\t\t\t\t\t\t<\/rs-slide>\n\t\t\t\t\t<\/rs-slides>\n\t\t\t\t<\/rs-module>\n\t\t\t\t<script>\n\t\t\t\t\tsetREVStartSize({c: 'rev_slider_70_1',rl:[1240,1024,778,480],el:[],gw:[1240],gh:[868],type:'standard',justify:'',layout:'fullwidth',mh:\"0\"});if (window.RS_MODULES!==undefined && window.RS_MODULES.modules!==undefined && window.RS_MODULES.modules[\"revslider701\"]!==undefined) {window.RS_MODULES.modules[\"revslider701\"].once = false;window.revapi70 = undefined;if (window.RS_MODULES.checkMinimal!==undefined) window.RS_MODULES.checkMinimal()}\n\t\t\t\t<\/script>\n\t\t\t<\/rs-module-wrap>\n\t\t\t<!-- END REVOLUTION SLIDER -->\n<\/p>\n<div  class=\"ut-one-half  \">\n<p style=\"text-align: justify;\">Para esta exposici\u00f3n estoy explorando mi continuo inter\u00e9s en la ciencia, particularmente en las implicaciones te\u00f3ricas de la mec\u00e1nica cu\u00e1ntica y el desarrollo de la bomba at\u00f3mica. Quiero crear un curioso espacio narrativo donde las figuras hist\u00f3ricas y las historias se crucen y choquen en una matriz de coincidencia y sincronicidad.<\/p>\n<p style=\"text-align: justify;\">Hay varias presentaciones diferentes de este proyecto, pero, para esta versi\u00f3n del Plan Z, estoy explorando el vocabulario visual y material de los juegos de mesa para crear una escultura social interactiva que invitar\u00e1 al p\u00fablico a participar e interactuar. El trabajo ofrece la posibilidad de abrir las cajas de historia y ciencia, y la esperanza de encontrar reglas y leyes que rijan nuestra realidad.<\/p>\n<p style=\"text-align: justify;\">Este trabajo consiste en una serie de juegos de mesa compuestos de cartas personalizadas, im\u00e1genes, tableros, fichas y otras piezas de juego. Los juegos en s\u00ed ser\u00e1n casi imposibles de jugar, pero estimular\u00e1n al p\u00fablico asistente con la posibilidad de que surja una narrativa de la exc\u00e9ntrica colecci\u00f3n de hechos, historias e im\u00e1genes contenidas en cada caja. Este trabajo explorar\u00e1 una narrativa fragmentada sobre Hamlet, la mec\u00e1nica cu\u00e1ntica, la Guerra Fr\u00eda, la Explosi\u00f3n de Halifax, payasos, locura, realismo modal, descontextualizaci\u00f3n, antropolog\u00eda, padres, madres y cricket.<\/p>\n<p style=\"text-align: justify;\"><iframe loading=\"lazy\" title=\"YouTube video player\" src=\"https:\/\/www.youtube.com\/embed\/6tXrJRCJlnI\" width=\"560\" height=\"315\" frameborder=\"0\" allowfullscreen=\"allowfullscreen\"><\/iframe><\/p>\n<\/div>\n<div  class=\"ut-one-half ut-column-last  \">\n<a href=\"http:\/\/campusaltea.umh.es\/files\/2020\/04\/David_Clark_instructions-edit.jpg\"><img loading=\"lazy\" class=\"alignnone wp-image-6050 size-large\" src=\"http:\/\/campusaltea.umh.es\/files\/2020\/04\/David_Clark_instructions-edit-1024x726.jpg\" alt=\"\" width=\"1024\" height=\"726\" srcset=\"https:\/\/campusaltea.umh.es\/files\/2020\/04\/David_Clark_instructions-edit-1024x726.jpg 1024w, https:\/\/campusaltea.umh.es\/files\/2020\/04\/David_Clark_instructions-edit-300x213.jpg 300w\" sizes=\"(max-width: 1024px) 100vw, 1024px\" \/><\/a><\/p>\n<p>\n\t\t\t<!-- START david_clark2 REVOLUTION SLIDER 6.5.14 --><p class=\"rs-p-wp-fix\"><\/p>\n\t\t\t<rs-module-wrap id=\"rev_slider_71_2_wrapper\" data-source=\"gallery\" style=\"visibility:hidden;background:transparent;padding:0;margin:0px auto;margin-top:0;margin-bottom:0;\">\n\t\t\t\t<rs-module id=\"rev_slider_71_2\" style=\"\" data-version=\"6.5.14\">\n\t\t\t\t\t<rs-slides>\n\t\t\t\t\t\t<rs-slide style=\"position: absolute;\" data-key=\"rs-577\" data-title=\"Slide\" data-thumb=\"\/\/campusaltea.umh.es\/files\/2020\/04\/1.-The-Nine-Lives-of-Schrodinger_s-Cat-2017_edited-100x50.jpg\" data-anim=\"ms:600;\" data-in=\"o:0;\" data-out=\"a:false;\">\n\t\t\t\t\t\t\t<img src=\"\/\/campusaltea.umh.es\/wp-content\/plugins\/revslider\/public\/assets\/assets\/dummy.png\" alt=\"\" title=\"David Clark\" class=\"rev-slidebg tp-rs-img rs-lazyload\" data-lazyload=\"\/\/campusaltea.umh.es\/files\/2020\/04\/1.-The-Nine-Lives-of-Schrodinger_s-Cat-2017_edited.jpg\" data-no-retina>\n<!---->\t\t\t\t\t\t<\/rs-slide>\n\t\t\t\t\t\t<rs-slide style=\"position: absolute;\" data-key=\"rs-578\" data-title=\"Slide\" data-thumb=\"\/\/campusaltea.umh.es\/files\/2020\/04\/4.-88-Constellations-for-Wittgenstein-2008-100x50.jpg\" data-anim=\"ms:600;\" data-in=\"o:0;\" data-out=\"a:false;\">\n\t\t\t\t\t\t\t<img src=\"\/\/campusaltea.umh.es\/wp-content\/plugins\/revslider\/public\/assets\/assets\/dummy.png\" alt=\"\" title=\"David Clark\" class=\"rev-slidebg tp-rs-img rs-lazyload\" data-lazyload=\"\/\/campusaltea.umh.es\/files\/2020\/04\/4.-88-Constellations-for-Wittgenstein-2008.jpg\" data-no-retina>\n<!---->\t\t\t\t\t\t<\/rs-slide>\n\t\t\t\t\t<\/rs-slides>\n\t\t\t\t<\/rs-module>\n\t\t\t\t<script>\n\t\t\t\t\tsetREVStartSize({c: 'rev_slider_71_2',rl:[1240,1024,778,480],el:[],gw:[1240],gh:[868],type:'standard',justify:'',layout:'fullwidth',mh:\"0\"});if (window.RS_MODULES!==undefined && window.RS_MODULES.modules!==undefined && window.RS_MODULES.modules[\"revslider712\"]!==undefined) {window.RS_MODULES.modules[\"revslider712\"].once = false;window.revapi71 = undefined;if (window.RS_MODULES.checkMinimal!==undefined) window.RS_MODULES.checkMinimal()}\n\t\t\t\t<\/script>\n\t\t\t<\/rs-module-wrap>\n\t\t\t<!-- END REVOLUTION SLIDER -->\n<\/p>\n<\/div><div class=\"clear\"><\/div>\n<h4 class=\"western\" lang=\"en-GB\"><\/h4>\n<p class=\"western\" lang=\"en-GB\"><div  class=\"ut-one-half  \">\n<h4 class=\"western\" lang=\"en-GB\">Enlaces<\/h4>\n<p><a href=\"http:\/\/www.chemicalpictures.net\">www.chemicalpictures.net<\/a><br \/>\n<a href=\"http:\/\/www.88constellations.net\">www.88constellations.net<\/a><br \/>\n<a href=\"http:\/\/www.88constellations.net\">www.aisforapple.net<\/a><br \/>\n<a href=\"http:\/\/david-clark-5.itch.io\/explorations-in-anonymous-history\">david-clark-5.itch.io\/explorations-in-anonymous-history<\/a><\/p>\n<p><a href=\"http:\/\/david-clark-5.itch.io\/explorations-in-anonymous-history\"><\/div><\/a><br \/>\n<a href=\"http:\/\/david-clark-5.itch.io\/explorations-in-anonymous-history\"> <div  class=\"ut-one-half ut-column-last  \"><\/a><\/p>\n<\/div><div class=\"clear\"><\/div><\/p>","protected":false},"excerpt":{"rendered":"<p>Despu\u00e9s de trabajar con la escultura, el video y el cine narrativo, pas\u00e9 a trabajar en Internet al principio de su desarrollo, donde me concentr\u00e9 en piezas a gran escala que utilizaban medios digitales. Tambi\u00e9n realizo proyectos de instalaci\u00f3n que combinan narrativa, collage e interactividad. Ahora me encuentro trabajando principalmente en la intersecci\u00f3n del arte [&hellip;]<\/p>\n","protected":false},"author":469,"featured_media":0,"parent":0,"menu_order":0,"comment_status":"closed","ping_status":"open","template":"","meta":{"_links_to":"","_links_to_target":""},"_links":{"self":[{"href":"https:\/\/campusaltea.umh.es\/es\/wp-json\/wp\/v2\/pages\/6039"}],"collection":[{"href":"https:\/\/campusaltea.umh.es\/es\/wp-json\/wp\/v2\/pages"}],"about":[{"href":"https:\/\/campusaltea.umh.es\/es\/wp-json\/wp\/v2\/types\/page"}],"author":[{"embeddable":true,"href":"https:\/\/campusaltea.umh.es\/es\/wp-json\/wp\/v2\/users\/469"}],"replies":[{"embeddable":true,"href":"https:\/\/campusaltea.umh.es\/es\/wp-json\/wp\/v2\/comments?post=6039"}],"version-history":[{"count":0,"href":"https:\/\/campusaltea.umh.es\/es\/wp-json\/wp\/v2\/pages\/6039\/revisions"}],"wp:attachment":[{"href":"https:\/\/campusaltea.umh.es\/es\/wp-json\/wp\/v2\/media?parent=6039"}],"curies":[{"name":"wp","href":"https:\/\/api.w.org\/{rel}","templated":true}]}}