{"id":5778,"date":"2019-06-10T15:20:57","date_gmt":"2019-06-10T15:20:57","guid":{"rendered":"http:\/\/campusaltea.umh.es\/?page_id=5778"},"modified":"2022-09-16T11:12:14","modified_gmt":"2022-09-16T11:12:14","slug":"leigh-bridges","status":"publish","type":"page","link":"https:\/\/campusaltea.umh.es\/es\/leigh-bridges\/","title":{"rendered":"Leigh Bridges"},"content":{"rendered":"<p><\/p>\n<p style=\"text-align: justify;\">El trabajo de Bridges se basa en los legados del romanticismo y el modernismo para explorar las posibilidades que rodean las tecnolog\u00edas dise\u00f1adas por el bricolaje, ya que se relacionan con el idealismo y el uso. Participando en diversos medios y estudiando el tema de la tecnolog\u00eda de la energ\u00eda solar, explora las dial\u00e9cticas centrales de los discursos en el dise\u00f1o de la pintura y la comunicaci\u00f3n, como el potencial de mejora frente a la proyecci\u00f3n rom\u00e1ntica en ambas tradiciones y la negociaci\u00f3n entre los modos de distribuci\u00f3n p\u00fablico y privado.<\/p>\n<p style=\"text-align: center;\">\n\t\t\t<!-- START bridges REVOLUTION SLIDER 6.5.14 --><p class=\"rs-p-wp-fix\"><\/p>\n\t\t\t<rs-module-wrap id=\"rev_slider_68_1_wrapper\" data-source=\"gallery\" style=\"visibility:hidden;background:transparent;padding:0;margin:0px auto;margin-top:0;margin-bottom:0;\">\n\t\t\t\t<rs-module id=\"rev_slider_68_1\" style=\"\" data-version=\"6.5.14\">\n\t\t\t\t\t<rs-slides>\n\t\t\t\t\t\t<rs-slide style=\"position: absolute;\" data-key=\"rs-547\" data-title=\"Slide\" data-thumb=\"\/\/campusaltea.umh.es\/files\/2019\/11\/leight_bridges-100x50.jpg\" data-anim=\"ms:600;\" data-in=\"o:0;\" data-out=\"a:false;\">\n\t\t\t\t\t\t\t<img src=\"\/\/campusaltea.umh.es\/wp-content\/plugins\/revslider\/public\/assets\/assets\/dummy.png\" alt=\"\" title=\"Leigh Bridges\" class=\"rev-slidebg tp-rs-img rs-lazyload\" data-lazyload=\"\/\/campusaltea.umh.es\/files\/2019\/11\/leight_bridges.jpg\" data-bg=\"p:0% 75%;\" data-no-retina>\n<!---->\t\t\t\t\t\t<\/rs-slide>\n\t\t\t\t\t\t<rs-slide style=\"position: absolute;\" data-key=\"rs-548\" data-title=\"Slide\" data-thumb=\"\/\/campusaltea.umh.es\/files\/2019\/06\/Leigh-001-100x50.jpg\" data-anim=\"ms:600;\" data-in=\"o:0;\" data-out=\"a:false;\">\n\t\t\t\t\t\t\t<img src=\"\/\/campusaltea.umh.es\/wp-content\/plugins\/revslider\/public\/assets\/assets\/dummy.png\" alt=\"\" title=\"Leigh Bridges\" class=\"rev-slidebg tp-rs-img rs-lazyload\" data-lazyload=\"\/\/campusaltea.umh.es\/files\/2019\/06\/Leigh-001.jpg\" data-no-retina>\n<!---->\t\t\t\t\t\t<\/rs-slide>\n\t\t\t\t\t\t<rs-slide style=\"position: absolute;\" data-key=\"rs-549\" data-title=\"Slide\" data-thumb=\"\/\/campusaltea.umh.es\/files\/2019\/11\/mesas_leight_bridges-100x50.jpg\" data-anim=\"ms:600;\" data-in=\"o:0;\" data-out=\"a:false;\">\n\t\t\t\t\t\t\t<img src=\"\/\/campusaltea.umh.es\/wp-content\/plugins\/revslider\/public\/assets\/assets\/dummy.png\" alt=\"\" title=\"Leigh Bridges\" class=\"rev-slidebg tp-rs-img rs-lazyload\" data-lazyload=\"\/\/campusaltea.umh.es\/files\/2019\/11\/mesas_leight_bridges.jpg\" data-no-retina>\n<!---->\t\t\t\t\t\t<\/rs-slide>\n\t\t\t\t\t\t<rs-slide style=\"position: absolute;\" data-key=\"rs-550\" data-title=\"Slide\" data-thumb=\"\/\/campusaltea.umh.es\/files\/2019\/06\/Leigh-04-100x50.jpg\" data-anim=\"ms:600;\" data-in=\"o:0;\" data-out=\"a:false;\">\n\t\t\t\t\t\t\t<img src=\"\/\/campusaltea.umh.es\/wp-content\/plugins\/revslider\/public\/assets\/assets\/dummy.png\" alt=\"\" title=\"Leigh Bridges\" class=\"rev-slidebg tp-rs-img rs-lazyload\" data-lazyload=\"\/\/campusaltea.umh.es\/files\/2019\/06\/Leigh-04.jpg\" data-no-retina>\n<!---->\t\t\t\t\t\t<\/rs-slide>\n\t\t\t\t\t<\/rs-slides>\n\t\t\t\t<\/rs-module>\n\t\t\t\t<script>\n\t\t\t\t\tsetREVStartSize({c: 'rev_slider_68_1',rl:[1240,1024,778,480],el:[],gw:[1240],gh:[868],type:'standard',justify:'',layout:'fullwidth',mh:\"0\"});if (window.RS_MODULES!==undefined && window.RS_MODULES.modules!==undefined && window.RS_MODULES.modules[\"revslider681\"]!==undefined) {window.RS_MODULES.modules[\"revslider681\"].once = false;window.revapi68 = undefined;if (window.RS_MODULES.checkMinimal!==undefined) window.RS_MODULES.checkMinimal()}\n\t\t\t\t<\/script>\n\t\t\t<\/rs-module-wrap>\n\t\t\t<!-- END REVOLUTION SLIDER -->\n<\/p>\n<div  class=\"ut-one-half  \">\n<p style=\"text-align: justify;\"><em>Energetic Conduits, (Conductos energ\u00e9ticos)<\/em> presenta dos piezas que abordan las ideas de funcionalismo y dise\u00f1o en el arte, adem\u00e1s de nociones centrales de lo sublime, la forma modernista, el paisaje y la tecnolog\u00eda de H\u00e1galo-Usted-Mismo.<\/p>\n<p style=\"text-align: justify;\"><em>DIY Gathering Tool<\/em>, una pila de carteles para llevar que contienen un esquema recortable de un mecanismo de captaci\u00f3n de energ\u00eda solar imaginado, proporciona al espectador la opci\u00f3n de seguir las instrucciones impresas para ensamblar este prototipo de tecnolog\u00eda solar.<\/p>\n<p style=\"text-align: justify;\"><em>Solar Array<\/em>, una animaci\u00f3n que muestra el transporte, despliegue e instalaci\u00f3n de un dispositivo de captaci\u00f3n de energ\u00eda solar en un paisaje del norte, ubica un esquema resumido en proximidad a un reflexi\u00f3n naturalista del entorno.<\/p>\n<p style=\"text-align: justify;\"><iframe loading=\"lazy\" title=\"YouTube video player\" src=\"https:\/\/www.youtube.com\/embed\/QnGpWrT4jf4\" width=\"560\" height=\"315\" frameborder=\"0\" allowfullscreen=\"allowfullscreen\"><\/iframe><\/p>\n<\/div>\n<div  class=\"ut-one-half ut-column-last  \">\n<p><a href=\"http:\/\/campusaltea.umh.es\/files\/2019\/06\/bridgesv2.jpg\"><img loading=\"lazy\" class=\"alignnone size-large wp-image-5786\" src=\"http:\/\/campusaltea.umh.es\/files\/2019\/06\/bridgesv2-705x1024.jpg\" alt=\"bridgesv2\" width=\"705\" height=\"1024\" srcset=\"https:\/\/campusaltea.umh.es\/files\/2019\/06\/bridgesv2-705x1024.jpg 705w, https:\/\/campusaltea.umh.es\/files\/2019\/06\/bridgesv2-207x300.jpg 207w, https:\/\/campusaltea.umh.es\/files\/2019\/06\/bridgesv2.jpg 1173w\" sizes=\"(max-width: 705px) 100vw, 705px\" \/><\/a><a href=\"http:\/\/campusaltea.umh.es\/files\/2019\/06\/bridgesv2.jpg\"><br \/>\n<\/a><\/p>\n<\/div><div class=\"clear\"><\/div>\n<h4 class=\"western\" lang=\"en-GB\"><\/h4>\n<p class=\"western\" lang=\"en-GB\"><div  class=\"ut-one-half  \">\n<h4 class=\"western\" lang=\"en-GB\">Links<\/h4>\n<p><a href=\"http:\/\/www.leighbridges.com\/\"><span style=\"color: #0000ff;\"><span style=\"text-decoration: underline;\">http:\/\/www.leighbridges.com<\/span><\/span><\/a><\/p>\n<\/div>\n<div  class=\"ut-one-half ut-column-last  \">\n\n\t\t\t<!-- START bridges2 REVOLUTION SLIDER 6.5.14 --><p class=\"rs-p-wp-fix\"><\/p>\n\t\t\t<rs-module-wrap id=\"rev_slider_69_2_wrapper\" data-source=\"gallery\" style=\"visibility:hidden;background:transparent;padding:0;margin:0px auto;margin-top:0;margin-bottom:0;\">\n\t\t\t\t<rs-module id=\"rev_slider_69_2\" style=\"\" data-version=\"6.5.14\">\n\t\t\t\t\t<rs-slides>\n\t\t\t\t\t\t<rs-slide style=\"position: absolute;\" data-key=\"rs-551\" data-title=\"Slide\" data-thumb=\"\/\/campusaltea.umh.es\/files\/2019\/06\/bridgesobra1-100x50.jpg\" data-anim=\"ms:600;\" data-in=\"o:0;\" data-out=\"a:false;\">\n\t\t\t\t\t\t\t<img src=\"\/\/campusaltea.umh.es\/wp-content\/plugins\/revslider\/public\/assets\/assets\/dummy.png\" alt=\"\" title=\"Leigh Bridges\" class=\"rev-slidebg tp-rs-img rs-lazyload\" data-lazyload=\"\/\/campusaltea.umh.es\/files\/2019\/06\/bridgesobra1.jpg\" data-no-retina>\n<!---->\t\t\t\t\t\t<\/rs-slide>\n\t\t\t\t\t\t<rs-slide style=\"position: absolute;\" data-key=\"rs-552\" data-title=\"Slide\" data-thumb=\"\/\/campusaltea.umh.es\/files\/2019\/06\/bridgesobra2-100x50.jpg\" data-anim=\"ms:600;\" data-in=\"o:0;\" data-out=\"a:false;\">\n\t\t\t\t\t\t\t<img src=\"\/\/campusaltea.umh.es\/wp-content\/plugins\/revslider\/public\/assets\/assets\/dummy.png\" alt=\"\" title=\"Leigh Bridges\" class=\"rev-slidebg tp-rs-img rs-lazyload\" data-lazyload=\"\/\/campusaltea.umh.es\/files\/2019\/06\/bridgesobra2.jpg\" data-no-retina>\n<!---->\t\t\t\t\t\t<\/rs-slide>\n\t\t\t\t\t\t<rs-slide style=\"position: absolute;\" data-key=\"rs-553\" data-title=\"Slide\" data-thumb=\"\/\/campusaltea.umh.es\/files\/2019\/06\/bridgesobra3-100x50.jpg\" data-anim=\"ms:600;\" data-in=\"o:0;\" data-out=\"a:false;\">\n\t\t\t\t\t\t\t<img src=\"\/\/campusaltea.umh.es\/wp-content\/plugins\/revslider\/public\/assets\/assets\/dummy.png\" alt=\"\" title=\"Leigh Bridges\" class=\"rev-slidebg tp-rs-img rs-lazyload\" data-lazyload=\"\/\/campusaltea.umh.es\/files\/2019\/06\/bridgesobra3.jpg\" data-no-retina>\n<!---->\t\t\t\t\t\t<\/rs-slide>\n\t\t\t\t\t<\/rs-slides>\n\t\t\t\t<\/rs-module>\n\t\t\t\t<script>\n\t\t\t\t\tsetREVStartSize({c: 'rev_slider_69_2',rl:[1240,1024,778,480],el:[],gw:[1240],gh:[868],type:'standard',justify:'',layout:'fullwidth',mh:\"0\"});if (window.RS_MODULES!==undefined && window.RS_MODULES.modules!==undefined && window.RS_MODULES.modules[\"revslider692\"]!==undefined) {window.RS_MODULES.modules[\"revslider692\"].once = false;window.revapi69 = undefined;if (window.RS_MODULES.checkMinimal!==undefined) window.RS_MODULES.checkMinimal()}\n\t\t\t\t<\/script>\n\t\t\t<\/rs-module-wrap>\n\t\t\t<!-- END REVOLUTION SLIDER -->\n\n<\/div><div class=\"clear\"><\/div><\/p>","protected":false},"excerpt":{"rendered":"<p>El trabajo de Bridges se basa en los legados del romanticismo y el modernismo para explorar las posibilidades que rodean las tecnolog\u00edas dise\u00f1adas por el bricolaje, ya que se relacionan con el idealismo y el uso. Participando en diversos medios y estudiando el tema de la tecnolog\u00eda de la energ\u00eda solar, explora las dial\u00e9cticas centrales [&hellip;]<\/p>\n","protected":false},"author":469,"featured_media":0,"parent":0,"menu_order":0,"comment_status":"closed","ping_status":"open","template":"","meta":{"_links_to":"","_links_to_target":""},"_links":{"self":[{"href":"https:\/\/campusaltea.umh.es\/es\/wp-json\/wp\/v2\/pages\/5778"}],"collection":[{"href":"https:\/\/campusaltea.umh.es\/es\/wp-json\/wp\/v2\/pages"}],"about":[{"href":"https:\/\/campusaltea.umh.es\/es\/wp-json\/wp\/v2\/types\/page"}],"author":[{"embeddable":true,"href":"https:\/\/campusaltea.umh.es\/es\/wp-json\/wp\/v2\/users\/469"}],"replies":[{"embeddable":true,"href":"https:\/\/campusaltea.umh.es\/es\/wp-json\/wp\/v2\/comments?post=5778"}],"version-history":[{"count":0,"href":"https:\/\/campusaltea.umh.es\/es\/wp-json\/wp\/v2\/pages\/5778\/revisions"}],"wp:attachment":[{"href":"https:\/\/campusaltea.umh.es\/es\/wp-json\/wp\/v2\/media?parent=5778"}],"curies":[{"name":"wp","href":"https:\/\/api.w.org\/{rel}","templated":true}]}}