{"id":5730,"date":"2019-05-24T13:40:53","date_gmt":"2019-05-24T13:40:53","guid":{"rendered":"http:\/\/campusaltea.umh.es\/?page_id=5730"},"modified":"2022-09-16T11:12:19","modified_gmt":"2022-09-16T11:12:19","slug":"david-macwilliam","status":"publish","type":"page","link":"https:\/\/campusaltea.umh.es\/es\/david-macwilliam\/","title":{"rendered":"David MacWilliam"},"content":{"rendered":"<p><\/p>\n<p style=\"text-align: justify;\">La investigaci\u00f3n de MacWiliam se centra en las posibilidades actuales de la pintura abstracta contempor\u00e1nea en relaci\u00f3n con la historia del modernismo heroico y esencialista del siglo XX. Comenz\u00f3 a pintar a mediados de la d\u00e9cada de 1970 en un momento en el que era importante para un artista reinventar la pintura por s\u00ed mismo: definir un \u00abnivel cero\u00bb o punto de partida para el propio trabajo, y para \u00e9l \u00e9ste fue una figura, objeto o marca sobre una base de color abstracto. Concibe la pintura principalmente como una pr\u00e1ctica material, abstracta, cuyo proceso se desarrolla de una manera intuitiva. Las pinturas de MacWilliam se basan en el proceso, la observaci\u00f3n y el pensamiento reflexivo a trav\u00e9s de la pintura. Sigue preocupado por los temas de la fabricaci\u00f3n y la materialidad; lo \u00f3ptico y el color; as\u00ed como por la pintura como trabajo. Tiene un inter\u00e9s continuo en los significados asociativos del color y sus usos visuales y conceptuales. Extrae su inspiraci\u00f3n de una amplia gama de referencias y fuentes.<\/p>\n<p style=\"text-align: justify;\">Recientemente ha realizado una serie de pinturas de formas geom\u00e9tricas realizadas en tela sin bastidor; lienzo preparado, algod\u00f3n, lino y retales textiles que son empapados, te\u00f1idos, y pintados con acr\u00edlico, tintas y tintes y secados a la luz del sol. Algunas de estas pinturas son pol\u00edgonos irregulares cosidos, con formas geom\u00e9tricas, otras est\u00e1n sobre piezas de formas inusuales superpuestas de lino, lienzo de algod\u00f3n y otros tejidos.<\/p>\n<p style=\"text-align: center;\">\n\t\t\t<!-- START william REVOLUTION SLIDER 6.5.14 --><p class=\"rs-p-wp-fix\"><\/p>\n\t\t\t<rs-module-wrap id=\"rev_slider_66_1_wrapper\" data-source=\"gallery\" style=\"visibility:hidden;background:transparent;padding:0;margin:0px auto;margin-top:0;margin-bottom:0;\">\n\t\t\t\t<rs-module id=\"rev_slider_66_1\" style=\"\" data-version=\"6.5.14\">\n\t\t\t\t\t<rs-slides>\n\t\t\t\t\t\t<rs-slide style=\"position: absolute;\" data-key=\"rs-540\" data-title=\"Slide\" data-thumb=\"\/\/campusaltea.umh.es\/files\/2019\/05\/william_ell-100x50.jpg\" data-anim=\"ms:600;\" data-in=\"o:0;\" data-out=\"a:false;\">\n\t\t\t\t\t\t\t<img src=\"\/\/campusaltea.umh.es\/wp-content\/plugins\/revslider\/public\/assets\/assets\/dummy.png\" alt=\"\" title=\"David MacWilliam\" class=\"rev-slidebg tp-rs-img rs-lazyload\" data-lazyload=\"\/\/campusaltea.umh.es\/files\/2019\/05\/william_ell.jpg\" data-no-retina>\n<!---->\t\t\t\t\t\t<\/rs-slide>\n\t\t\t\t\t\t<rs-slide style=\"position: absolute;\" data-key=\"rs-541\" data-title=\"Slide\" data-thumb=\"\/\/campusaltea.umh.es\/files\/2019\/05\/David-MacWilliam-05-100x50.jpg\" data-anim=\"ms:600;\" data-in=\"o:0;\" data-out=\"a:false;\">\n\t\t\t\t\t\t\t<img src=\"\/\/campusaltea.umh.es\/wp-content\/plugins\/revslider\/public\/assets\/assets\/dummy.png\" alt=\"\" title=\"David MacWilliam\" class=\"rev-slidebg tp-rs-img rs-lazyload\" data-lazyload=\"\/\/campusaltea.umh.es\/files\/2019\/05\/David-MacWilliam-05.jpg\" data-no-retina>\n<!---->\t\t\t\t\t\t<\/rs-slide>\n\t\t\t\t\t\t<rs-slide style=\"position: absolute;\" data-key=\"rs-542\" data-title=\"Slide\" data-thumb=\"\/\/campusaltea.umh.es\/files\/2019\/05\/David-MacWilliam-03-e1558710653810-100x50.jpg\" data-anim=\"ms:600;\" data-in=\"o:0;\" data-out=\"a:false;\">\n\t\t\t\t\t\t\t<img src=\"\/\/campusaltea.umh.es\/wp-content\/plugins\/revslider\/public\/assets\/assets\/dummy.png\" alt=\"\" title=\"David MacWilliam\" class=\"rev-slidebg tp-rs-img rs-lazyload\" data-lazyload=\"\/\/campusaltea.umh.es\/files\/2019\/05\/David-MacWilliam-03-e1558710653810.jpg\" data-no-retina>\n<!---->\t\t\t\t\t\t<\/rs-slide>\n\t\t\t\t\t\t<rs-slide style=\"position: absolute;\" data-key=\"rs-543\" data-title=\"Slide\" data-thumb=\"\/\/campusaltea.umh.es\/files\/2019\/05\/David-MacWilliam-04-100x50.jpg\" data-anim=\"ms:600;\" data-in=\"o:0;\" data-out=\"a:false;\">\n\t\t\t\t\t\t\t<img src=\"\/\/campusaltea.umh.es\/wp-content\/plugins\/revslider\/public\/assets\/assets\/dummy.png\" alt=\"\" title=\"David MacWilliam\" class=\"rev-slidebg tp-rs-img rs-lazyload\" data-lazyload=\"\/\/campusaltea.umh.es\/files\/2019\/05\/David-MacWilliam-04.jpg\" data-no-retina>\n<!---->\t\t\t\t\t\t<\/rs-slide>\n\t\t\t\t\t<\/rs-slides>\n\t\t\t\t<\/rs-module>\n\t\t\t\t<script>\n\t\t\t\t\tsetREVStartSize({c: 'rev_slider_66_1',rl:[1240,1024,778,480],el:[],gw:[1240],gh:[868],type:'standard',justify:'',layout:'fullwidth',mh:\"0\"});if (window.RS_MODULES!==undefined && window.RS_MODULES.modules!==undefined && window.RS_MODULES.modules[\"revslider661\"]!==undefined) {window.RS_MODULES.modules[\"revslider661\"].once = false;window.revapi66 = undefined;if (window.RS_MODULES.checkMinimal!==undefined) window.RS_MODULES.checkMinimal()}\n\t\t\t\t<\/script>\n\t\t\t<\/rs-module-wrap>\n\t\t\t<!-- END REVOLUTION SLIDER -->\n<\/p>\n<div  class=\"ut-one-half  \">\n<p style=\"text-align: justify;\"><em>Thirty Colors for Altea; Trenta colors per Altea; Treinta colores para Altea<\/em>\u00a0presenta y compara los nombres de los colores in valenciano, espa\u00f1ol e ingl\u00e9s. Como artista angloparlante de visita en Altea (donde el ingl\u00e9s es una lengua extranjera) y en una comunidad en la que el castellano y el valenciano son las lenguas de uso com\u00fan, tengo un gran inter\u00e9s en escuchar c\u00f3mo estos colores se pronuncian en las lenguas locales de Altea.<\/p>\n<p style=\"text-align: justify;\">Este proyecto se deriva y se relaciona con un proyecto interactivo en internet sobre el color, ColorGrid, que realice en colaboraci\u00f3n con el profesor y artista Miles Thorogood (University of British Columbia, Okanagan Campus). El proyecto puede consultarse en:<br \/>\n<a href=\"http:\/\/digital-media.ok.ubc.ca\/projects\/colorGrid\/\">http:\/\/digital-media.ok.ubc.ca\/projects\/colorGrid\/<\/a><\/p>\n<p style=\"text-align: justify;\"><iframe loading=\"lazy\" title=\"YouTube video player\" src=\"https:\/\/www.youtube.com\/embed\/CA91QtYc6uQ\" width=\"560\" height=\"315\" frameborder=\"0\" allowfullscreen=\"allowfullscreen\"><\/iframe><\/p>\n<\/div>\n<div  class=\"ut-one-half ut-column-last  \">\n<a href=\"http:\/\/campusaltea.umh.es\/files\/2019\/05\/william.jpg\"><img loading=\"lazy\" class=\"alignnone size-full wp-image-5741\" src=\"http:\/\/campusaltea.umh.es\/files\/2019\/05\/william.jpg\" alt=\"william\" width=\"768\" height=\"960\" srcset=\"https:\/\/campusaltea.umh.es\/files\/2019\/05\/william.jpg 768w, https:\/\/campusaltea.umh.es\/files\/2019\/05\/william-240x300.jpg 240w\" sizes=\"(max-width: 768px) 100vw, 768px\" \/><\/a><\/p>\n<\/div><div class=\"clear\"><\/div>\n<h4 class=\"western\" lang=\"en-GB\"><\/h4>\n<p class=\"western\" lang=\"en-GB\"><div  class=\"ut-one-half  \">\n<h4 class=\"western\" lang=\"en-GB\">Enlaces<\/h4>\n<p><a href=\"http:\/\/davidmacwilliam.ca\"><span style=\"color: #0000ff;\"><span style=\"text-decoration: underline;\">http:\/\/davidmacwilliam.ca<\/span><\/span><\/a><\/p>\n<\/div>\n<div  class=\"ut-one-half ut-column-last  \">\n\n\t\t\t<!-- START william2 REVOLUTION SLIDER 6.5.14 --><p class=\"rs-p-wp-fix\"><\/p>\n\t\t\t<rs-module-wrap id=\"rev_slider_67_2_wrapper\" data-source=\"gallery\" style=\"visibility:hidden;background:transparent;padding:0;margin:0px auto;margin-top:0;margin-bottom:0;\">\n\t\t\t\t<rs-module id=\"rev_slider_67_2\" style=\"\" data-version=\"6.5.14\">\n\t\t\t\t\t<rs-slides>\n\t\t\t\t\t\t<rs-slide style=\"position: absolute;\" data-key=\"rs-544\" data-title=\"Slide\" data-thumb=\"\/\/campusaltea.umh.es\/files\/2019\/05\/williamobra1-100x50.jpg\" data-anim=\"ms:600;\" data-in=\"o:0;\" data-out=\"a:false;\">\n\t\t\t\t\t\t\t<img src=\"\/\/campusaltea.umh.es\/wp-content\/plugins\/revslider\/public\/assets\/assets\/dummy.png\" alt=\"\" title=\"David MacWilliam\" class=\"rev-slidebg tp-rs-img rs-lazyload\" data-lazyload=\"\/\/campusaltea.umh.es\/files\/2019\/05\/williamobra1.jpg\" data-no-retina>\n<!---->\t\t\t\t\t\t<\/rs-slide>\n\t\t\t\t\t\t<rs-slide style=\"position: absolute;\" data-key=\"rs-545\" data-title=\"Slide\" data-thumb=\"\/\/campusaltea.umh.es\/files\/2019\/05\/williamobra2-100x50.jpg\" data-anim=\"ms:600;\" data-in=\"o:0;\" data-out=\"a:false;\">\n\t\t\t\t\t\t\t<img src=\"\/\/campusaltea.umh.es\/wp-content\/plugins\/revslider\/public\/assets\/assets\/dummy.png\" alt=\"\" title=\"David MacWilliam\" class=\"rev-slidebg tp-rs-img rs-lazyload\" data-lazyload=\"\/\/campusaltea.umh.es\/files\/2019\/05\/williamobra2.jpg\" data-no-retina>\n<!---->\t\t\t\t\t\t<\/rs-slide>\n\t\t\t\t\t\t<rs-slide style=\"position: absolute;\" data-key=\"rs-546\" data-title=\"Slide\" data-thumb=\"\/\/campusaltea.umh.es\/files\/2019\/05\/williamobra3-100x50.jpg\" data-anim=\"ms:600;\" data-in=\"o:0;\" data-out=\"a:false;\">\n\t\t\t\t\t\t\t<img src=\"\/\/campusaltea.umh.es\/wp-content\/plugins\/revslider\/public\/assets\/assets\/dummy.png\" alt=\"\" title=\"David MacWilliam\" class=\"rev-slidebg tp-rs-img rs-lazyload\" data-lazyload=\"\/\/campusaltea.umh.es\/files\/2019\/05\/williamobra3.jpg\" data-no-retina>\n<!---->\t\t\t\t\t\t<\/rs-slide>\n\t\t\t\t\t<\/rs-slides>\n\t\t\t\t<\/rs-module>\n\t\t\t\t<script>\n\t\t\t\t\tsetREVStartSize({c: 'rev_slider_67_2',rl:[1240,1024,778,480],el:[],gw:[1240],gh:[868],type:'standard',justify:'',layout:'fullwidth',mh:\"0\"});if (window.RS_MODULES!==undefined && window.RS_MODULES.modules!==undefined && window.RS_MODULES.modules[\"revslider672\"]!==undefined) {window.RS_MODULES.modules[\"revslider672\"].once = false;window.revapi67 = undefined;if (window.RS_MODULES.checkMinimal!==undefined) window.RS_MODULES.checkMinimal()}\n\t\t\t\t<\/script>\n\t\t\t<\/rs-module-wrap>\n\t\t\t<!-- END REVOLUTION SLIDER -->\n\n<\/div><div class=\"clear\"><\/div><\/p>","protected":false},"excerpt":{"rendered":"<p>La investigaci\u00f3n de MacWiliam se centra en las posibilidades actuales de la pintura abstracta contempor\u00e1nea en relaci\u00f3n con la historia del modernismo heroico y esencialista del siglo XX. Comenz\u00f3 a pintar a mediados de la d\u00e9cada de 1970 en un momento en el que era importante para un artista reinventar la pintura por s\u00ed mismo: [&hellip;]<\/p>\n","protected":false},"author":469,"featured_media":0,"parent":0,"menu_order":0,"comment_status":"closed","ping_status":"open","template":"","meta":{"_links_to":"","_links_to_target":""},"_links":{"self":[{"href":"https:\/\/campusaltea.umh.es\/es\/wp-json\/wp\/v2\/pages\/5730"}],"collection":[{"href":"https:\/\/campusaltea.umh.es\/es\/wp-json\/wp\/v2\/pages"}],"about":[{"href":"https:\/\/campusaltea.umh.es\/es\/wp-json\/wp\/v2\/types\/page"}],"author":[{"embeddable":true,"href":"https:\/\/campusaltea.umh.es\/es\/wp-json\/wp\/v2\/users\/469"}],"replies":[{"embeddable":true,"href":"https:\/\/campusaltea.umh.es\/es\/wp-json\/wp\/v2\/comments?post=5730"}],"version-history":[{"count":0,"href":"https:\/\/campusaltea.umh.es\/es\/wp-json\/wp\/v2\/pages\/5730\/revisions"}],"wp:attachment":[{"href":"https:\/\/campusaltea.umh.es\/es\/wp-json\/wp\/v2\/media?parent=5730"}],"curies":[{"name":"wp","href":"https:\/\/api.w.org\/{rel}","templated":true}]}}