{"id":5601,"date":"2018-04-11T11:11:41","date_gmt":"2018-04-11T11:11:41","guid":{"rendered":"http:\/\/campusaltea.umh.es\/?page_id=5601"},"modified":"2022-09-16T11:09:51","modified_gmt":"2022-09-16T11:09:51","slug":"micael-norberg","status":"publish","type":"page","link":"https:\/\/campusaltea.umh.es\/es\/micael-norberg\/","title":{"rendered":"Micael Norberg"},"content":{"rendered":"<p><\/p>\n<p style=\"text-align: justify;\">Como artista que trabaja con fotograf\u00eda e im\u00e1genes en movimiento, tengo fascinaci\u00f3n por la vanguardia cinematogr\u00e1fica rusa de los a\u00f1os 20 y por la teor\u00eda del montaje de Eisenstein. Es un mundo de im\u00e1genes, ritmo y cadencia, y una forma de pensar donde las im\u00e1genes y su yuxtaposici\u00f3n son la base para crear un nuevo significado, y de esa manera, crear tambi\u00e9n los fundamentos para el nuevo conocimiento.<\/p>\n<p style=\"text-align: justify;\">El fil\u00f3sofo Peter Carruthers ha sostenido que existe un tipo de pensamiento interno, expl\u00edcitamente ling\u00fc\u00edstico, que nos permite llevar nuestros propios pensamientos a la percepci\u00f3n consciente. Podemos ser capaces de pensar sin lenguaje, pero el lenguaje nos permite saber que estamos pensando. El arte es en buena medida lenguaje y el arte es la visualizaci\u00f3n de la percepci\u00f3n consciente. Es \u201cproducci\u00f3n del conocimiento\u201d, exploraci\u00f3n de la vida, la sociedad, los sentimientos y las emociones desde todos los \u00e1ngulos y puntos de vista. Tendiendo puentes entre la historia y las historias por medio de la yuxtaposici\u00f3n de im\u00e1genes y pensamientos de la percepci\u00f3n consciente.<\/p>\n<p style=\"text-align: center;\">\n\t\t\t<!-- START norberg REVOLUTION SLIDER 6.5.14 --><p class=\"rs-p-wp-fix\"><\/p>\n\t\t\t<rs-module-wrap id=\"rev_slider_64_1_wrapper\" data-source=\"gallery\" style=\"visibility:hidden;background:transparent;padding:0;margin:0px auto;margin-top:0;margin-bottom:0;\">\n\t\t\t\t<rs-module id=\"rev_slider_64_1\" style=\"\" data-version=\"6.5.14\">\n\t\t\t\t\t<rs-slides>\n\t\t\t\t\t\t<rs-slide style=\"position: absolute;\" data-key=\"rs-533\" data-title=\"Slide\" data-thumb=\"\/\/campusaltea.umh.es\/files\/2018\/04\/norberg11-100x50.jpg\" data-anim=\"ms:600;\" data-in=\"o:0;\" data-out=\"a:false;\">\n\t\t\t\t\t\t\t<img src=\"\/\/campusaltea.umh.es\/wp-content\/plugins\/revslider\/public\/assets\/assets\/dummy.png\" alt=\"\" title=\"Micael Norberg\" class=\"rev-slidebg tp-rs-img rs-lazyload\" data-lazyload=\"\/\/campusaltea.umh.es\/files\/2018\/04\/norberg11.jpg\" data-bg=\"f:contain;\" data-no-retina>\n<!---->\t\t\t\t\t\t<\/rs-slide>\n\t\t\t\t\t\t<rs-slide style=\"position: absolute;\" data-key=\"rs-534\" data-title=\"Slide\" data-thumb=\"\/\/campusaltea.umh.es\/files\/2018\/04\/norberg2-e1523448327608-100x50.jpg\" data-anim=\"ms:600;\" data-in=\"o:0;\" data-out=\"a:false;\">\n\t\t\t\t\t\t\t<img src=\"\/\/campusaltea.umh.es\/wp-content\/plugins\/revslider\/public\/assets\/assets\/dummy.png\" alt=\"\" title=\"Micael Norberg\" class=\"rev-slidebg tp-rs-img rs-lazyload\" data-lazyload=\"\/\/campusaltea.umh.es\/files\/2018\/04\/norberg2-e1523448327608.jpg\" data-bg=\"f:contain;\" data-no-retina>\n<!---->\t\t\t\t\t\t<\/rs-slide>\n\t\t\t\t\t\t<rs-slide style=\"position: absolute;\" data-key=\"rs-535\" data-title=\"Slide\" data-thumb=\"\/\/campusaltea.umh.es\/files\/2018\/04\/norberg3-100x50.jpg\" data-anim=\"ms:600;\" data-in=\"o:0;\" data-out=\"a:false;\">\n\t\t\t\t\t\t\t<img src=\"\/\/campusaltea.umh.es\/wp-content\/plugins\/revslider\/public\/assets\/assets\/dummy.png\" alt=\"\" title=\"Micael Norberg\" class=\"rev-slidebg tp-rs-img rs-lazyload\" data-lazyload=\"\/\/campusaltea.umh.es\/files\/2018\/04\/norberg3.jpg\" data-bg=\"f:contain;\" data-no-retina>\n<!---->\t\t\t\t\t\t<\/rs-slide>\n\t\t\t\t\t\t<rs-slide style=\"position: absolute;\" data-key=\"rs-536\" data-title=\"Slide\" data-thumb=\"\/\/campusaltea.umh.es\/files\/2018\/04\/norberg4\u00e7-100x50.jpg\" data-anim=\"ms:600;\" data-in=\"o:0;\" data-out=\"a:false;\">\n\t\t\t\t\t\t\t<img src=\"\/\/campusaltea.umh.es\/wp-content\/plugins\/revslider\/public\/assets\/assets\/dummy.png\" alt=\"\" title=\"Micael Norberg\" class=\"rev-slidebg tp-rs-img rs-lazyload\" data-lazyload=\"\/\/campusaltea.umh.es\/files\/2018\/04\/norberg4\u00e7.jpg\" data-bg=\"f:contain;\" data-no-retina>\n<!---->\t\t\t\t\t\t<\/rs-slide>\n\t\t\t\t\t<\/rs-slides>\n\t\t\t\t<\/rs-module>\n\t\t\t\t<script>\n\t\t\t\t\tsetREVStartSize({c: 'rev_slider_64_1',rl:[1240,1024,778,480],el:[],gw:[1240],gh:[868],type:'standard',justify:'',layout:'fullwidth',mh:\"0\"});if (window.RS_MODULES!==undefined && window.RS_MODULES.modules!==undefined && window.RS_MODULES.modules[\"revslider641\"]!==undefined) {window.RS_MODULES.modules[\"revslider641\"].once = false;window.revapi64 = undefined;if (window.RS_MODULES.checkMinimal!==undefined) window.RS_MODULES.checkMinimal()}\n\t\t\t\t<\/script>\n\t\t\t<\/rs-module-wrap>\n\t\t\t<!-- END REVOLUTION SLIDER -->\n<\/p>\n<div  class=\"ut-one-half  \">\n<p style=\"text-align: justify;\">En las sociedades dominadas por las condiciones modernas de producci\u00f3n, la vida se presenta como una inmensa acumulaci\u00f3n de espect\u00e1culos. Todo lo que se viv\u00eda directamente se ha reducido a una representaci\u00f3n.<br \/>\nVideo monocanal, 07.20 min en bucle, alta definici\u00f3n, blanco y negro, sin sonido.<\/p>\n<p style=\"text-align: justify;\">En Alicia en el Pa\u00eds de las Maravillas de Lewis Carroll, Alicia se hall\u00f3 a s\u00ed misma en una carrera con la Reina Roja. Despu\u00e9s de correr un rato, observ\u00f3 perpleja que permanec\u00eda siempre el mismo lugar. \u201cBueno, en mi pa\u00eds \u2014dijo Alicia, jadeando todav\u00eda un poco\u2014 si corres muy r\u00e1pido durante mucho tiempo, como hemos estado haciendo, normalmente llegar\u00edas a otro lugar\u201d. \u201c\u00a1Una pa\u00eds bastante lento! \u2014respondi\u00f3 la Reina\u2014 Mira, aqu\u00ed, como ves, se necesita correr con todas tus fuerzas para mantenerte en el mismo lugar. \u00a1Si quieres ir a otro sitio, debes correr al menos el doble de r\u00e1pido!\u201d.<\/p>\n<p style=\"text-align: justify;\">\u201cEn las sociedades dominadas por las condiciones modernas de producci\u00f3n, la vida se presenta como una inmensa acumulaci\u00f3n de espect\u00e1culos. Todo lo que se vivi\u00f3 directamente se ha reducido a una representaci\u00f3n\u201d es un v\u00eddeo monocanal, de 07.20 minutos, basado en una cita de Guy Debord de su libro La sociedad del espect\u00e1culo. Representa la lucha entre el hombre y la naturaleza y c\u00f3mo la descripci\u00f3n del reino de la Reina Roja realizada por Lewis Carroll se\u00f1ala la condici\u00f3n de la propia sociedad y el estado de nuestro tiempo presente.<\/p>\n<p style=\"text-align: justify;\"><iframe loading=\"lazy\" title=\"YouTube video player\" src=\"https:\/\/www.youtube.com\/embed\/oxbbM5JZ5to\" width=\"560\" height=\"315\" frameborder=\"0\" allowfullscreen=\"allowfullscreen\"><\/iframe><\/p>\n<\/div>\n<div  class=\"ut-one-half ut-column-last  \">\n<p><a href=\"http:\/\/campusaltea.umh.es\/files\/2018\/04\/plano2.jpg\"><img loading=\"lazy\" class=\" alignnone wp-image-5600 size-full\" src=\"http:\/\/campusaltea.umh.es\/files\/2018\/04\/plano2.jpg\" alt=\"\" width=\"664\" height=\"977\" srcset=\"https:\/\/campusaltea.umh.es\/files\/2018\/04\/plano2.jpg 664w, https:\/\/campusaltea.umh.es\/files\/2018\/04\/plano2-204x300.jpg 204w\" sizes=\"(max-width: 664px) 100vw, 664px\" \/><\/a><br \/>\n<\/div><div class=\"clear\"><\/div>\n<h4 class=\"western\" lang=\"en-GB\"><\/h4>\n<hr \/>\n<p class=\"western\" lang=\"en-GB\"><div  class=\"ut-one-half  \">\n<h4 class=\"western\" lang=\"en-GB\">Enlaces<\/h4>\n<p><a href=\"http:\/\/www.micaelnorberg.com\">www.micaelnorberg.com<\/a><\/p>\n<p class=\"western\" lang=\"en-GB\"><\/div>\n<div  class=\"ut-one-half ut-column-last  \">\n\n\t\t\t<!-- START norberg2 REVOLUTION SLIDER 6.5.14 --><p class=\"rs-p-wp-fix\"><\/p>\n\t\t\t<rs-module-wrap id=\"rev_slider_65_2_wrapper\" data-source=\"gallery\" style=\"visibility:hidden;background:transparent;padding:0;margin:0px auto;margin-top:0;margin-bottom:0;\">\n\t\t\t\t<rs-module id=\"rev_slider_65_2\" style=\"\" data-version=\"6.5.14\">\n\t\t\t\t\t<rs-slides>\n\t\t\t\t\t\t<rs-slide style=\"position: absolute;\" data-key=\"rs-537\" data-title=\"Slide\" data-thumb=\"\/\/campusaltea.umh.es\/files\/2018\/04\/norvergv21-100x50.jpg\" data-anim=\"ms:600;\" data-in=\"o:0;\" data-out=\"a:false;\">\n\t\t\t\t\t\t\t<img src=\"\/\/campusaltea.umh.es\/wp-content\/plugins\/revslider\/public\/assets\/assets\/dummy.png\" alt=\"\" title=\"Micael Norberg\" class=\"rev-slidebg tp-rs-img rs-lazyload\" data-lazyload=\"\/\/campusaltea.umh.es\/files\/2018\/04\/norvergv21.jpg\" data-bg=\"f:contain;\" data-no-retina>\n<!---->\t\t\t\t\t\t<\/rs-slide>\n\t\t\t\t\t\t<rs-slide style=\"position: absolute;\" data-key=\"rs-538\" data-title=\"Slide\" data-thumb=\"\/\/campusaltea.umh.es\/files\/2018\/04\/norbergv22-100x50.jpg\" data-anim=\"ms:600;\" data-in=\"o:0;\" data-out=\"a:false;\">\n\t\t\t\t\t\t\t<img src=\"\/\/campusaltea.umh.es\/wp-content\/plugins\/revslider\/public\/assets\/assets\/dummy.png\" alt=\"\" title=\"Micael Norberg\" class=\"rev-slidebg tp-rs-img rs-lazyload\" data-lazyload=\"\/\/campusaltea.umh.es\/files\/2018\/04\/norbergv22.jpg\" data-bg=\"f:contain;\" data-no-retina>\n<!---->\t\t\t\t\t\t<\/rs-slide>\n\t\t\t\t\t<\/rs-slides>\n\t\t\t\t<\/rs-module>\n\t\t\t\t<script>\n\t\t\t\t\tsetREVStartSize({c: 'rev_slider_65_2',rl:[1240,1024,778,480],el:[],gw:[1240],gh:[868],type:'standard',justify:'',layout:'fullwidth',mh:\"0\"});if (window.RS_MODULES!==undefined && window.RS_MODULES.modules!==undefined && window.RS_MODULES.modules[\"revslider652\"]!==undefined) {window.RS_MODULES.modules[\"revslider652\"].once = false;window.revapi65 = undefined;if (window.RS_MODULES.checkMinimal!==undefined) window.RS_MODULES.checkMinimal()}\n\t\t\t\t<\/script>\n\t\t\t<\/rs-module-wrap>\n\t\t\t<!-- END REVOLUTION SLIDER -->\n\n<\/div><div class=\"clear\"><\/div><\/p>","protected":false},"excerpt":{"rendered":"<p>Como artista que trabaja con fotograf\u00eda e im\u00e1genes en movimiento, tengo fascinaci\u00f3n por la vanguardia cinematogr\u00e1fica rusa de los a\u00f1os 20 y por la teor\u00eda del montaje de Eisenstein. Es un mundo de im\u00e1genes, ritmo y cadencia, y una forma de pensar donde las im\u00e1genes y su yuxtaposici\u00f3n son la base para crear un nuevo [&hellip;]<\/p>\n","protected":false},"author":469,"featured_media":0,"parent":0,"menu_order":0,"comment_status":"closed","ping_status":"open","template":"","meta":{"_links_to":"","_links_to_target":""},"_links":{"self":[{"href":"https:\/\/campusaltea.umh.es\/es\/wp-json\/wp\/v2\/pages\/5601"}],"collection":[{"href":"https:\/\/campusaltea.umh.es\/es\/wp-json\/wp\/v2\/pages"}],"about":[{"href":"https:\/\/campusaltea.umh.es\/es\/wp-json\/wp\/v2\/types\/page"}],"author":[{"embeddable":true,"href":"https:\/\/campusaltea.umh.es\/es\/wp-json\/wp\/v2\/users\/469"}],"replies":[{"embeddable":true,"href":"https:\/\/campusaltea.umh.es\/es\/wp-json\/wp\/v2\/comments?post=5601"}],"version-history":[{"count":0,"href":"https:\/\/campusaltea.umh.es\/es\/wp-json\/wp\/v2\/pages\/5601\/revisions"}],"wp:attachment":[{"href":"https:\/\/campusaltea.umh.es\/es\/wp-json\/wp\/v2\/media?parent=5601"}],"curies":[{"name":"wp","href":"https:\/\/api.w.org\/{rel}","templated":true}]}}