{"id":5582,"date":"2018-04-11T11:15:31","date_gmt":"2018-04-11T11:15:31","guid":{"rendered":"http:\/\/campusaltea.umh.es\/?page_id=5582"},"modified":"2022-09-16T11:09:35","modified_gmt":"2022-09-16T11:09:35","slug":"brook-black","status":"publish","type":"page","link":"https:\/\/campusaltea.umh.es\/es\/brook-black\/","title":{"rendered":"brook &#038; black"},"content":{"rendered":"<p><\/p>\n<p style=\"text-align: justify;\">brook &amp; black es un colectivo art\u00edstico que combina t\u00e9cnicas enraizadas en la pr\u00e1ctica de las bellas artes: instalaci\u00f3n, sonido, video, grabado, fotograf\u00eda y escultura. A partir de un proceso de investigaci\u00f3n y experimentaci\u00f3n, trabajamos con objetos construidos y encontrados, luz y sonido para involucrar al espectador a trav\u00e9s de la intervenci\u00f3n en la estructura del espacio. Esto puede conducir a trabajos realizados en respuesta a un lugar, donde el lugar puede ser exterior, o ubicado dentro de un edificio, en su estructura o en ocasiones en la ubicaci\u00f3n sugerida dentro de una pintura hist\u00f3rica. En el trabajo de brook &amp; black pueden rastrearse varios temas centrales: las capas de experiencia humana dentro del espacio estructurado o construido; la memoria y el paso del tiempo; la fluidez y los aspectos generativos del agua; la fuerza expresiva y a\u00fan sorprendente de la luz y la sombra.<\/p>\n<p style=\"text-align: justify;\">La naturaleza de la temporalidad que se encuentra en el entorno digital, que converge con el sentido del tiempo y la reflexi\u00f3n que ofrece la l\u00ednea dibujada o el gesto pintado, sugiere c\u00f3mo nuestra propia fisicidad se equilibra entre dos estados. Oscilamos entre lo digital y lo f\u00edsico, entre lo transitorio y lo permanente. Estos se hacen eco de lo que es p\u00fablico y lo que es privado; donde la experiencia adquiere forma mediante algo que podr\u00edamos ver como la furia del mundo exterior en contraste con lo que vemos como cotidiano.<\/p>\n<p style=\"text-align: center;\">\n\t\t\t<!-- START brook_black REVOLUTION SLIDER 6.5.14 --><p class=\"rs-p-wp-fix\"><\/p>\n\t\t\t<rs-module-wrap id=\"rev_slider_62_1_wrapper\" data-source=\"gallery\" style=\"visibility:hidden;background:transparent;padding:0;margin:0px auto;margin-top:0;margin-bottom:0;\">\n\t\t\t\t<rs-module id=\"rev_slider_62_1\" style=\"\" data-version=\"6.5.14\">\n\t\t\t\t\t<rs-slides>\n\t\t\t\t\t\t<rs-slide style=\"position: absolute;\" data-key=\"rs-527\" data-title=\"Slide\" data-thumb=\"\/\/campusaltea.umh.es\/files\/2018\/04\/brook_1-100x50.jpg\" data-anim=\"ms:600;\" data-in=\"o:0;\" data-out=\"a:false;\">\n\t\t\t\t\t\t\t<img src=\"\/\/campusaltea.umh.es\/wp-content\/plugins\/revslider\/public\/assets\/assets\/dummy.png\" alt=\"\" title=\"brook &#038; black\" class=\"rev-slidebg tp-rs-img rs-lazyload\" data-lazyload=\"\/\/campusaltea.umh.es\/files\/2018\/04\/brook_1.jpg\" data-bg=\"f:contain;\" data-no-retina>\n<!---->\t\t\t\t\t\t<\/rs-slide>\n\t\t\t\t\t\t<rs-slide style=\"position: absolute;\" data-key=\"rs-528\" data-title=\"Slide\" data-thumb=\"\/\/campusaltea.umh.es\/files\/2018\/04\/brook_2-e1523448205800-100x50.jpg\" data-anim=\"ms:600;\" data-in=\"o:0;\" data-out=\"a:false;\">\n\t\t\t\t\t\t\t<img src=\"\/\/campusaltea.umh.es\/wp-content\/plugins\/revslider\/public\/assets\/assets\/dummy.png\" alt=\"\" title=\"brook &#038; black\" class=\"rev-slidebg tp-rs-img rs-lazyload\" data-lazyload=\"\/\/campusaltea.umh.es\/files\/2018\/04\/brook_2-e1523448205800.jpg\" data-bg=\"f:contain;\" data-no-retina>\n<!---->\t\t\t\t\t\t<\/rs-slide>\n\t\t\t\t\t\t<rs-slide style=\"position: absolute;\" data-key=\"rs-529\" data-title=\"Slide\" data-thumb=\"\/\/campusaltea.umh.es\/files\/2018\/04\/brook_4-100x50.jpg\" data-anim=\"ms:600;\" data-in=\"o:0;\" data-out=\"a:false;\">\n\t\t\t\t\t\t\t<img src=\"\/\/campusaltea.umh.es\/wp-content\/plugins\/revslider\/public\/assets\/assets\/dummy.png\" alt=\"\" title=\"brook &#038; black\" class=\"rev-slidebg tp-rs-img rs-lazyload\" data-lazyload=\"\/\/campusaltea.umh.es\/files\/2018\/04\/brook_4.jpg\" data-bg=\"f:contain;\" data-no-retina>\n<!---->\t\t\t\t\t\t<\/rs-slide>\n\t\t\t\t\t\t<rs-slide style=\"position: absolute;\" data-key=\"rs-530\" data-title=\"Slide\" data-thumb=\"\/\/campusaltea.umh.es\/files\/2018\/04\/brook_3-100x50.jpg\" data-anim=\"ms:600;\" data-in=\"o:0;\" data-out=\"a:false;\">\n\t\t\t\t\t\t\t<img src=\"\/\/campusaltea.umh.es\/wp-content\/plugins\/revslider\/public\/assets\/assets\/dummy.png\" alt=\"\" title=\"brook &#038; black\" class=\"rev-slidebg tp-rs-img rs-lazyload\" data-lazyload=\"\/\/campusaltea.umh.es\/files\/2018\/04\/brook_3.jpg\" data-bg=\"f:contain;\" data-no-retina>\n<!---->\t\t\t\t\t\t<\/rs-slide>\n\t\t\t\t\t<\/rs-slides>\n\t\t\t\t<\/rs-module>\n\t\t\t\t<script>\n\t\t\t\t\tsetREVStartSize({c: 'rev_slider_62_1',rl:[1240,1024,778,480],el:[],gw:[1240],gh:[868],type:'standard',justify:'',layout:'fullwidth',mh:\"0\"});if (window.RS_MODULES!==undefined && window.RS_MODULES.modules!==undefined && window.RS_MODULES.modules[\"revslider621\"]!==undefined) {window.RS_MODULES.modules[\"revslider621\"].once = false;window.revapi62 = undefined;if (window.RS_MODULES.checkMinimal!==undefined) window.RS_MODULES.checkMinimal()}\n\t\t\t\t<\/script>\n\t\t\t<\/rs-module-wrap>\n\t\t\t<!-- END REVOLUTION SLIDER -->\n<\/p>\n<div  class=\"ut-one-half  \">\n<p style=\"text-align: justify;\">Nuestra experiencia humana est\u00e1 cada vez m\u00e1s mediada por la tecnolog\u00eda hasta el punto de que ahora tenemos vidas en l\u00ednea y fuera de l\u00ednea, perfiles de avatares y personalidades. Mientras que las tecnolog\u00edas creativas m\u00e1s antiguas y lentas nos acercaban m\u00e1s al proceso de un presente f\u00edsico; frente a una pantalla u ordenador port\u00e1til, nuestros pensamientos se proyectan en un espacio sin cuerpo, infinito, de im\u00e1genes y eventos que cambian sin cesar. La ansiedad existencial que resulta de nuestros intentos de reconciliar estos dos modos de vida apenas comienza a sentirse. Por ejemplo, con el elevado n\u00famero de trastornos de salud mental en los j\u00f3venes y la sensaci\u00f3n de enajenamiento de muchas personas mayores.<\/p>\n<p style=\"text-align: justify;\">Este trabajo aborda el encuentro de estas dos realidades, proyectadas una contra la otra en el espacio de la galer\u00eda. La primera proyecci\u00f3n de v\u00eddeo es un dibujo de un lugar, una imagen fija hecha con tinta y papel, una l\u00ednea de pensamiento. Es el resultado de la contemplaci\u00f3n, la observaci\u00f3n y una conclusi\u00f3n extra\u00edda de un per\u00edodo de concentraci\u00f3n prolongada. La segunda proyecci\u00f3n es de seis secuencias de v\u00eddeo de seis viajes, obtenidos de forma casi aleatoria de internet, que representan las referencias globalmente dispersas que construyen acumulativamente on-line un mundo especular subido a la red. El marco suspendido define un espacio donde ambas versiones de un lugar y un tiempo se encuentran; en vez de superponerse una sobre la otra, aqu\u00ed se encuentran desde el lado opuesto, se encuentran una contra la otra, convergiendo en la delgada membrana de proyecci\u00f3n.<\/p>\n<p style=\"text-align: justify;\">Cierto car\u00e1cter antropom\u00f3rfico de los proyectores, apoyados en sus soportes, crea una resonancia con la pr\u00e1ctica de las artistas, dos mentes creativas separadas que trabajan en contra y entre s\u00ed, cada una aportando su energ\u00eda, ideas y perspectiva. brook &amp; black han trabajado juntas desde 2003 y contin\u00faan negociando, creando y so\u00f1ando obras que no hubieran querido ni podido crear por separado. En su trabajo a lo largo de los a\u00f1os brook &amp; black exploran con frecuencia la interacci\u00f3n de lo f\u00edsico y lo digital. A menudo yuxtaponen los elementos arquitect\u00f3nicos, escult\u00f3ricos y f\u00edsicos con el v\u00eddeo, la proyecci\u00f3n y el sonido, activando un espacio que permite al p\u00fablico hacer nuevas conexiones narrativas y emocionales.<\/p>\n<p style=\"text-align: justify;\"><iframe loading=\"lazy\" title=\"YouTube video player\" src=\"https:\/\/www.youtube.com\/embed\/MnTlAksmRt4\" width=\"560\" height=\"315\" frameborder=\"0\" allowfullscreen=\"allowfullscreen\"><\/iframe><\/p>\n<\/div>\n<div  class=\"ut-one-half ut-column-last  \">\n<p><a href=\"http:\/\/campusaltea.umh.es\/files\/2018\/04\/plano1.jpg\"><img loading=\"lazy\" class=\" alignnone wp-image-5590 size-full\" src=\"http:\/\/campusaltea.umh.es\/files\/2018\/04\/plano1.jpg\" alt=\"\" width=\"664\" height=\"979\" srcset=\"https:\/\/campusaltea.umh.es\/files\/2018\/04\/plano1.jpg 664w, https:\/\/campusaltea.umh.es\/files\/2018\/04\/plano1-203x300.jpg 203w\" sizes=\"(max-width: 664px) 100vw, 664px\" \/><\/a><\/p>\n<\/div><div class=\"clear\"><\/div>\n<h4 class=\"western\" lang=\"en-GB\"><\/h4>\n<p class=\"western\" lang=\"en-GB\"><div  class=\"ut-one-half  \">\n<h4 class=\"western\" lang=\"en-GB\">Enlaces<\/h4>\n<p><a href=\"http:\/\/www.axisweb.org\/p\/brookandblack\">www.axisweb.org\/p\/brookandblack<\/a><\/p>\n<p class=\"western\" lang=\"en-GB\"><\/div>\n<div  class=\"ut-one-half ut-column-last  \">\n<p>&nbsp;<\/p>\n\n\t\t\t<!-- START brook_black2 REVOLUTION SLIDER 6.5.14 --><p class=\"rs-p-wp-fix\"><\/p>\n\t\t\t<rs-module-wrap id=\"rev_slider_63_2_wrapper\" data-source=\"gallery\" style=\"visibility:hidden;background:transparent;padding:0;margin:0px auto;margin-top:0;margin-bottom:0;\">\n\t\t\t\t<rs-module id=\"rev_slider_63_2\" style=\"\" data-version=\"6.5.14\">\n\t\t\t\t\t<rs-slides>\n\t\t\t\t\t\t<rs-slide style=\"position: absolute;\" data-key=\"rs-531\" data-title=\"Slide\" data-thumb=\"\/\/campusaltea.umh.es\/files\/2018\/04\/black2-100x50.jpg\" data-anim=\"ms:600;\" data-in=\"o:0;\" data-out=\"a:false;\">\n\t\t\t\t\t\t\t<img src=\"\/\/campusaltea.umh.es\/wp-content\/plugins\/revslider\/public\/assets\/assets\/dummy.png\" alt=\"\" title=\"brook &#038; black\" class=\"rev-slidebg tp-rs-img rs-lazyload\" data-lazyload=\"\/\/campusaltea.umh.es\/files\/2018\/04\/black2.jpg\" data-bg=\"f:contain;\" data-no-retina>\n<!---->\t\t\t\t\t\t<\/rs-slide>\n\t\t\t\t\t\t<rs-slide style=\"position: absolute;\" data-key=\"rs-532\" data-title=\"Slide\" data-thumb=\"\/\/campusaltea.umh.es\/files\/2018\/04\/black1-100x50.jpg\" data-anim=\"ms:600;\" data-in=\"o:0;\" data-out=\"a:false;\">\n\t\t\t\t\t\t\t<img src=\"\/\/campusaltea.umh.es\/wp-content\/plugins\/revslider\/public\/assets\/assets\/dummy.png\" alt=\"\" title=\"brook &#038; black\" class=\"rev-slidebg tp-rs-img rs-lazyload\" data-lazyload=\"\/\/campusaltea.umh.es\/files\/2018\/04\/black1.jpg\" data-bg=\"f:contain;\" data-no-retina>\n<!---->\t\t\t\t\t\t<\/rs-slide>\n\t\t\t\t\t<\/rs-slides>\n\t\t\t\t<\/rs-module>\n\t\t\t\t<script>\n\t\t\t\t\tsetREVStartSize({c: 'rev_slider_63_2',rl:[1240,1024,778,480],el:[],gw:[1240],gh:[868],type:'standard',justify:'',layout:'fullwidth',mh:\"0\"});if (window.RS_MODULES!==undefined && window.RS_MODULES.modules!==undefined && window.RS_MODULES.modules[\"revslider632\"]!==undefined) {window.RS_MODULES.modules[\"revslider632\"].once = false;window.revapi63 = undefined;if (window.RS_MODULES.checkMinimal!==undefined) window.RS_MODULES.checkMinimal()}\n\t\t\t\t<\/script>\n\t\t\t<\/rs-module-wrap>\n\t\t\t<!-- END REVOLUTION SLIDER -->\n\n<\/div><div class=\"clear\"><\/div><\/p>","protected":false},"excerpt":{"rendered":"<p>brook &amp; black es un colectivo art\u00edstico que combina t\u00e9cnicas enraizadas en la pr\u00e1ctica de las bellas artes: instalaci\u00f3n, sonido, video, grabado, fotograf\u00eda y escultura. A partir de un proceso de investigaci\u00f3n y experimentaci\u00f3n, trabajamos con objetos construidos y encontrados, luz y sonido para involucrar al espectador a trav\u00e9s de la intervenci\u00f3n en la estructura [&hellip;]<\/p>\n","protected":false},"author":469,"featured_media":0,"parent":0,"menu_order":0,"comment_status":"closed","ping_status":"open","template":"","meta":{"_links_to":"","_links_to_target":""},"_links":{"self":[{"href":"https:\/\/campusaltea.umh.es\/es\/wp-json\/wp\/v2\/pages\/5582"}],"collection":[{"href":"https:\/\/campusaltea.umh.es\/es\/wp-json\/wp\/v2\/pages"}],"about":[{"href":"https:\/\/campusaltea.umh.es\/es\/wp-json\/wp\/v2\/types\/page"}],"author":[{"embeddable":true,"href":"https:\/\/campusaltea.umh.es\/es\/wp-json\/wp\/v2\/users\/469"}],"replies":[{"embeddable":true,"href":"https:\/\/campusaltea.umh.es\/es\/wp-json\/wp\/v2\/comments?post=5582"}],"version-history":[{"count":0,"href":"https:\/\/campusaltea.umh.es\/es\/wp-json\/wp\/v2\/pages\/5582\/revisions"}],"wp:attachment":[{"href":"https:\/\/campusaltea.umh.es\/es\/wp-json\/wp\/v2\/media?parent=5582"}],"curies":[{"name":"wp","href":"https:\/\/api.w.org\/{rel}","templated":true}]}}