{"id":5554,"date":"2018-04-11T11:29:47","date_gmt":"2018-04-11T11:29:47","guid":{"rendered":"http:\/\/campusaltea.umh.es\/?page_id=5554"},"modified":"2022-09-16T11:09:37","modified_gmt":"2022-09-16T11:09:37","slug":"emily-hermant","status":"publish","type":"page","link":"https:\/\/campusaltea.umh.es\/es\/emily-hermant\/","title":{"rendered":"Emily Hermant"},"content":{"rendered":"<p><\/p>\n<p style=\"text-align: justify;\">Mi trabajo tiene como temas la comunicaci\u00f3n, el g\u00e9nero y el trabajo, y est\u00e1 inspirado de un profundo sentido de la materialidad. Mis obras a gran escala juegan y transforman los lenguajes y las expectativas de los materiales para crear obras que se relacionan con el cuerpo y la experiencia corporal del espacio, o de los espacios. Formalmente me interesan los procesos de dibujo en el espacio, a menudo a gran escala y con materiales inesperados, y en particular c\u00f3mo se despliega la l\u00ednea dibujada en el espacio y c\u00f3mo interact\u00faan los aspectos formales de estas l\u00edneas para sumergir al espectador en la obra. Exploro c\u00f3mo las sensibilidades \u201cblandas\u201d pueden ser utilizadas en diferentes medios e involucrar elementos formales de la pr\u00e1ctica escult\u00f3rica como el equilibrio, la gravedad, la estructura y la tensi\u00f3n. Por ejemplo, en \u201cSpatial Drawings\u201d, doblo y manipulo madera dura para crear l\u00edneas esculturales que recuerdan a la vez el hilo y el cuerpo.<\/p>\n<p style=\"text-align: justify;\">Mis recientes y pr\u00f3ximos trabajos utilizan procesos manuales lentos para generar modos de representar el r\u00e1pido movimiento y la proliferaci\u00f3n de la informaci\u00f3n y la comunicaci\u00f3n digitales en la vida contempor\u00e1nea. Entre mis objetivos est\u00e1 abordar la tensi\u00f3n entre las tecnolog\u00edas digitales\/virtuales y nuestro deseo de la intimidad y la riqueza de las experiencias t\u00e1ctiles, lentas. A trav\u00e9s de trabajos escult\u00f3ricos recientes, instalaciones, dibujos con diversos materiales y grabados; mi enfoque formal es explorar las relaciones entre el color, la l\u00ednea, el movimiento, el espacio y la percepci\u00f3n en oposici\u00f3n a la velocidad y el movimiento de la informaci\u00f3n digital. En todos mis trabajos hasta la fecha destacan la materialidad y el uso de la mano como estrategias cr\u00edticas para reducir la velocidad de la comunicaci\u00f3n contempor\u00e1nea.<\/p>\n<p style=\"text-align: center;\">\n\t\t\t<!-- START hermant REVOLUTION SLIDER 6.5.14 --><p class=\"rs-p-wp-fix\"><\/p>\n\t\t\t<rs-module-wrap id=\"rev_slider_60_1_wrapper\" data-source=\"gallery\" style=\"visibility:hidden;background:transparent;padding:0;margin:0px auto;margin-top:0;margin-bottom:0;\">\n\t\t\t\t<rs-module id=\"rev_slider_60_1\" style=\"\" data-version=\"6.5.14\">\n\t\t\t\t\t<rs-slides>\n\t\t\t\t\t\t<rs-slide style=\"position: absolute;\" data-key=\"rs-520\" data-title=\"Slide\" data-thumb=\"\/\/campusaltea.umh.es\/files\/2018\/04\/hermant-100x50.jpg\" data-anim=\"ms:600;\" data-in=\"o:0;\" data-out=\"a:false;\">\n\t\t\t\t\t\t\t<img src=\"\/\/campusaltea.umh.es\/wp-content\/plugins\/revslider\/public\/assets\/assets\/dummy.png\" alt=\"\" title=\"Emily Hermant\" class=\"rev-slidebg tp-rs-img rs-lazyload\" data-lazyload=\"\/\/campusaltea.umh.es\/files\/2018\/04\/hermant.jpg\" data-no-retina>\n<!---->\t\t\t\t\t\t<\/rs-slide>\n\t\t\t\t\t\t<rs-slide style=\"position: absolute;\" data-key=\"rs-521\" data-title=\"Slide\" data-thumb=\"\/\/campusaltea.umh.es\/files\/2018\/04\/hermant2-100x50.jpg\" data-anim=\"ms:600;\" data-in=\"o:0;\" data-out=\"a:false;\">\n\t\t\t\t\t\t\t<img src=\"\/\/campusaltea.umh.es\/wp-content\/plugins\/revslider\/public\/assets\/assets\/dummy.png\" alt=\"\" title=\"Emily Hermant\" class=\"rev-slidebg tp-rs-img rs-lazyload\" data-lazyload=\"\/\/campusaltea.umh.es\/files\/2018\/04\/hermant2.jpg\" data-no-retina>\n<!---->\t\t\t\t\t\t<\/rs-slide>\n\t\t\t\t\t\t<rs-slide style=\"position: absolute;\" data-key=\"rs-522\" data-title=\"Slide\" data-thumb=\"\/\/campusaltea.umh.es\/files\/2018\/04\/Hermant3-100x50.jpg\" data-anim=\"ms:600;\" data-in=\"o:0;\" data-out=\"a:false;\">\n\t\t\t\t\t\t\t<img src=\"\/\/campusaltea.umh.es\/wp-content\/plugins\/revslider\/public\/assets\/assets\/dummy.png\" alt=\"\" title=\"Emily Hermant\" class=\"rev-slidebg tp-rs-img rs-lazyload\" data-lazyload=\"\/\/campusaltea.umh.es\/files\/2018\/04\/Hermant3.jpg\" data-no-retina>\n<!---->\t\t\t\t\t\t<\/rs-slide>\n\t\t\t\t\t<\/rs-slides>\n\t\t\t\t<\/rs-module>\n\t\t\t\t<script>\n\t\t\t\t\tsetREVStartSize({c: 'rev_slider_60_1',rl:[1240,1024,778,480],el:[],gw:[1240],gh:[868],type:'standard',justify:'',layout:'fullwidth',mh:\"0\"});if (window.RS_MODULES!==undefined && window.RS_MODULES.modules!==undefined && window.RS_MODULES.modules[\"revslider601\"]!==undefined) {window.RS_MODULES.modules[\"revslider601\"].once = false;window.revapi60 = undefined;if (window.RS_MODULES.checkMinimal!==undefined) window.RS_MODULES.checkMinimal()}\n\t\t\t\t<\/script>\n\t\t\t<\/rs-module-wrap>\n\t\t\t<!-- END REVOLUTION SLIDER -->\n<\/p>\n<div  class=\"ut-one-half  \">\n<p style=\"text-align: justify;\">Hesitations (Altea\/Vancouver) es un trabajo de audio y video que entrelazar\u00e1 la visi\u00f3n, el sonido y la creaci\u00f3n en la Emily Carr University of Art + Design en Vancouver y la Universidad Miguel Hern\u00e1ndez de Elche en Altea. Se usar\u00e1n extractos de audio de grabaciones de sonido realizadas en Altea como plantillas para el dise\u00f1o de un trabajo hecho a base de hilo que ser\u00e1 construido materialmente en Emily Carr. La realizaci\u00f3n material de este trabajo se grabar\u00e1 en video y audio. La grabaci\u00f3n de video, junto con los archivos de sonido de Altea y los archivos de sonido de Vancouver, se convertir\u00e1n en la base del video y audio que se exhibir\u00e1 en Altea.<\/p>\n<p style=\"text-align: justify;\">Hesitations (Altea\/Vancouver) se basa en una instalaci\u00f3n anterior llamada Hesitations, en la que utilic\u00e9 hilo, l\u00ednea y sonido para transformar pausas, vacilaciones y fallas comunicativas extra\u00eddas de grabaciones de conversaciones \u00edntimas en un entorno envolvente que consist\u00eda en formas materiales enormes y delicadamente trazadas. Tomados en conjunto, los materiales y elementos relacionados de la pieza transmiten el absurdo, la posibilidad y la imposibilidad de los procesos \u00edntimos comunicativos.<\/p>\n<p style=\"text-align: justify;\"><iframe loading=\"lazy\" title=\"YouTube video player\" src=\"https:\/\/www.youtube.com\/embed\/jz27qxXRZ9Y\" width=\"560\" height=\"315\" frameborder=\"0\" allowfullscreen=\"allowfullscreen\"><\/iframe><\/p>\n<\/div>\n<div  class=\"ut-one-half ut-column-last  \">\n<a href=\"http:\/\/campusaltea.umh.es\/files\/2018\/04\/plano.jpg\"><img loading=\"lazy\" class=\" alignnone wp-image-5565 size-full\" src=\"http:\/\/campusaltea.umh.es\/files\/2018\/04\/plano.jpg\" alt=\"plano\" width=\"639\" height=\"975\" srcset=\"https:\/\/campusaltea.umh.es\/files\/2018\/04\/plano.jpg 639w, https:\/\/campusaltea.umh.es\/files\/2018\/04\/plano-197x300.jpg 197w\" sizes=\"(max-width: 639px) 100vw, 639px\" \/><\/a><\/p>\n<\/div><div class=\"clear\"><\/div>\n<h4 class=\"western\" lang=\"en-GB\"><\/h4>\n<p class=\"western\" lang=\"en-GB\"><div  class=\"ut-one-half  \">\n<h4 class=\"western\" lang=\"en-GB\">Enlaces<\/h4>\n<p><a href=\"http:\/\/www.emilyhermant.com\">www.emilyhermant.com<\/a><\/p>\n<\/div>\n<div  class=\"ut-one-half ut-column-last  \">\n\n\t\t\t<!-- START hermant2 REVOLUTION SLIDER 6.5.14 --><p class=\"rs-p-wp-fix\"><\/p>\n\t\t\t<rs-module-wrap id=\"rev_slider_61_2_wrapper\" data-source=\"gallery\" style=\"visibility:hidden;background:transparent;padding:0;margin:0px auto;margin-top:0;margin-bottom:0;\">\n\t\t\t\t<rs-module id=\"rev_slider_61_2\" style=\"\" data-version=\"6.5.14\">\n\t\t\t\t\t<rs-slides>\n\t\t\t\t\t\t<rs-slide style=\"position: absolute;\" data-key=\"rs-523\" data-title=\"Slide\" data-thumb=\"\/\/campusaltea.umh.es\/files\/2018\/04\/obra1-100x50.jpg\" data-anim=\"ms:600;\" data-in=\"o:0;\" data-out=\"a:false;\">\n\t\t\t\t\t\t\t<img src=\"\/\/campusaltea.umh.es\/wp-content\/plugins\/revslider\/public\/assets\/assets\/dummy.png\" alt=\"\" title=\"Emily Hermant\" class=\"rev-slidebg tp-rs-img rs-lazyload\" data-lazyload=\"\/\/campusaltea.umh.es\/files\/2018\/04\/obra1.jpg\" data-bg=\"f:contain;\" data-no-retina>\n<!---->\t\t\t\t\t\t<\/rs-slide>\n\t\t\t\t\t\t<rs-slide style=\"position: absolute;\" data-key=\"rs-524\" data-title=\"Slide\" data-thumb=\"\/\/campusaltea.umh.es\/files\/2018\/04\/obra2-100x50.jpg\" data-anim=\"ms:600;\" data-in=\"o:0;\" data-out=\"a:false;\">\n\t\t\t\t\t\t\t<img src=\"\/\/campusaltea.umh.es\/wp-content\/plugins\/revslider\/public\/assets\/assets\/dummy.png\" alt=\"\" title=\"Emily Hermant\" class=\"rev-slidebg tp-rs-img rs-lazyload\" data-lazyload=\"\/\/campusaltea.umh.es\/files\/2018\/04\/obra2.jpg\" data-bg=\"f:contain;\" data-no-retina>\n<!---->\t\t\t\t\t\t<\/rs-slide>\n\t\t\t\t\t<\/rs-slides>\n\t\t\t\t<\/rs-module>\n\t\t\t\t<script>\n\t\t\t\t\tsetREVStartSize({c: 'rev_slider_61_2',rl:[1240,1024,778,480],el:[],gw:[1240],gh:[868],type:'standard',justify:'',layout:'fullwidth',mh:\"0\"});if (window.RS_MODULES!==undefined && window.RS_MODULES.modules!==undefined && window.RS_MODULES.modules[\"revslider612\"]!==undefined) {window.RS_MODULES.modules[\"revslider612\"].once = false;window.revapi61 = undefined;if (window.RS_MODULES.checkMinimal!==undefined) window.RS_MODULES.checkMinimal()}\n\t\t\t\t<\/script>\n\t\t\t<\/rs-module-wrap>\n\t\t\t<!-- END REVOLUTION SLIDER -->\n\n<\/div><div class=\"clear\"><\/div><\/p>","protected":false},"excerpt":{"rendered":"<p>Mi trabajo tiene como temas la comunicaci\u00f3n, el g\u00e9nero y el trabajo, y est\u00e1 inspirado de un profundo sentido de la materialidad. Mis obras a gran escala juegan y transforman los lenguajes y las expectativas de los materiales para crear obras que se relacionan con el cuerpo y la experiencia corporal del espacio, o de [&hellip;]<\/p>\n","protected":false},"author":469,"featured_media":0,"parent":0,"menu_order":0,"comment_status":"closed","ping_status":"open","template":"","meta":{"_links_to":"","_links_to_target":""},"_links":{"self":[{"href":"https:\/\/campusaltea.umh.es\/es\/wp-json\/wp\/v2\/pages\/5554"}],"collection":[{"href":"https:\/\/campusaltea.umh.es\/es\/wp-json\/wp\/v2\/pages"}],"about":[{"href":"https:\/\/campusaltea.umh.es\/es\/wp-json\/wp\/v2\/types\/page"}],"author":[{"embeddable":true,"href":"https:\/\/campusaltea.umh.es\/es\/wp-json\/wp\/v2\/users\/469"}],"replies":[{"embeddable":true,"href":"https:\/\/campusaltea.umh.es\/es\/wp-json\/wp\/v2\/comments?post=5554"}],"version-history":[{"count":0,"href":"https:\/\/campusaltea.umh.es\/es\/wp-json\/wp\/v2\/pages\/5554\/revisions"}],"wp:attachment":[{"href":"https:\/\/campusaltea.umh.es\/es\/wp-json\/wp\/v2\/media?parent=5554"}],"curies":[{"name":"wp","href":"https:\/\/api.w.org\/{rel}","templated":true}]}}