{"id":5490,"date":"2017-05-11T07:03:58","date_gmt":"2017-05-11T07:03:58","guid":{"rendered":"http:\/\/campusaltea.umh.es\/?page_id=5490"},"modified":"2017-05-11T07:03:58","modified_gmt":"2017-05-11T07:03:58","slug":"pilar-viviente-3","status":"publish","type":"page","link":"https:\/\/campusaltea.umh.es\/es\/pilar-viviente-3\/","title":{"rendered":"Pilar Viviente"},"content":{"rendered":"<p><div  class=\"ut-one-half  \">\n<p><img loading=\"lazy\" class=\"alignright wp-image-4044 size-full\" src=\"http:\/\/campusaltea.umh.es\/files\/2016\/10\/Pilar-Viviente1.jpg\" alt=\"\" width=\"750\" height=\"1000\" srcset=\"https:\/\/campusaltea.umh.es\/files\/2016\/10\/Pilar-Viviente1.jpg 750w, https:\/\/campusaltea.umh.es\/files\/2016\/10\/Pilar-Viviente1-225x300.jpg 225w\" sizes=\"(max-width: 750px) 100vw, 750px\" \/><\/p>\n<\/div>\n<div  class=\"ut-one-half ut-column-last  \">\n<h4>Maria Pilar Viviente Sole<\/h4>\n<p style=\"text-align: justify;\">Pilar Viviente es una artista multidisciplinar perteneciente a la generaci\u00f3n reflexiva que obtuvo visibilidad hacia el final de los ochenta y el comienzo de los noventa. Ha sido galardonada con el Premio Nacional de Terminaci\u00f3n de Estudios, entre otros premios y becas. Doctora por la Universidad de Barcelona, miembro de InSEA (UNESCO) y cr\u00edtica de arte (Arte Omega, El Temps d&#8217;Art, Grupo Noticias); es tambi\u00e9n profesora en la Facultad de Bellas Artes de la UMH desde 1998, donde ha sido directora del \u00c1rea de Dibujo durante siete a\u00f1os, y de la Oficina de Relaciones Internacionales durante dos a\u00f1os. Ha expuesto en un centenar de exposiciones nacionales e internacionales en diferentes galer\u00edas y museos, tomando parte en bienales y ferias. Su trabajo est\u00e1 representado en museos, colecciones p\u00fablicas y privadas en todo el mundo.<\/p>\n<\/div><div class=\"clear\"><\/div>\n<p>&nbsp;<\/p>","protected":false},"excerpt":{"rendered":"<p>&nbsp;<\/p>\n","protected":false},"author":469,"featured_media":0,"parent":0,"menu_order":0,"comment_status":"closed","ping_status":"open","template":"","meta":{"_links_to":"","_links_to_target":""},"_links":{"self":[{"href":"https:\/\/campusaltea.umh.es\/es\/wp-json\/wp\/v2\/pages\/5490"}],"collection":[{"href":"https:\/\/campusaltea.umh.es\/es\/wp-json\/wp\/v2\/pages"}],"about":[{"href":"https:\/\/campusaltea.umh.es\/es\/wp-json\/wp\/v2\/types\/page"}],"author":[{"embeddable":true,"href":"https:\/\/campusaltea.umh.es\/es\/wp-json\/wp\/v2\/users\/469"}],"replies":[{"embeddable":true,"href":"https:\/\/campusaltea.umh.es\/es\/wp-json\/wp\/v2\/comments?post=5490"}],"version-history":[{"count":0,"href":"https:\/\/campusaltea.umh.es\/es\/wp-json\/wp\/v2\/pages\/5490\/revisions"}],"wp:attachment":[{"href":"https:\/\/campusaltea.umh.es\/es\/wp-json\/wp\/v2\/media?parent=5490"}],"curies":[{"name":"wp","href":"https:\/\/api.w.org\/{rel}","templated":true}]}}