{"id":5248,"date":"2017-02-21T08:02:32","date_gmt":"2017-02-21T08:02:32","guid":{"rendered":"http:\/\/campusaltea.umh.es\/?page_id=5248"},"modified":"2021-04-27T07:48:54","modified_gmt":"2021-04-27T07:48:54","slug":"postgrados-online","status":"publish","type":"page","link":"https:\/\/campusaltea.umh.es\/es\/postgrados-online\/","title":{"rendered":"M\u00e1ster Universitario en Estudios Culturales y Artes Visuales"},"content":{"rendered":"<p><\/p>\n<h3 style=\"text-align: left;\">M\u00c1STER UNIVERSITARIO EN ESTUDIOS CULTURALES Y ARTES VISUALES<\/h3>\n<p style=\"text-align: justify;\">El M\u00e1ster Universitario en Estudios Culturales y Artes Visuales (perspectivas feministas y cuir\/queer) -MUECA- es un programa de investigaci\u00f3n online de un a\u00f1o en el que participan especialistas de universidades nacionales e internacionales.\u00a0 Pone el foco en la reflexi\u00f3n, la cr\u00edtica y la experimentaci\u00f3n en torno a la construcci\u00f3n identitaria de los sujetos sociales y pol\u00edticos (sexo, g\u00e9nero, sexualidad, clase, nacionalidad o etnia). Su finalidad es especializar a sus estudiantes en este \u00e1mbito de la producci\u00f3n art\u00edstica y cultural contempor\u00e1neas, mediante el an\u00e1lisis y\/o la elaboraci\u00f3n de proyectos te\u00f3ricos, pr\u00e1cticos o te\u00f3rico-pr\u00e1cticos espec\u00edficos.<\/p>\n<p>Contacto MUECA:\u00a0<a href=\"mailto:mueca@umh.es\">mueca@umh.es<\/a><br \/>\nWeb MUECA: <a href=\"http:\/\/mueca.edx.umh.es\">mueca.edx.umh.es<\/a><\/p>\n<p><!-- [ut_one_third]\nContacto MUID: <a href=\"mailto:jlmaravall@umh.es\">jlmaravall@umh.es<\/a>\n[\/ut_one_third] --><\/p>\n<div id=\"attachment_5353\" style=\"width: 819px\" class=\"wp-caption aligncenter\"><img aria-describedby=\"caption-attachment-5353\" loading=\"lazy\" class=\"wp-image-5353 size-full\" src=\"http:\/\/campusaltea.umh.es\/files\/2017\/02\/MUECA_ORGIA_red.jpg\" alt=\"MUECA_ORGIA_red\" width=\"809\" height=\"540\" srcset=\"https:\/\/campusaltea.umh.es\/files\/2017\/02\/MUECA_ORGIA_red.jpg 809w, https:\/\/campusaltea.umh.es\/files\/2017\/02\/MUECA_ORGIA_red-300x200.jpg 300w\" sizes=\"(max-width: 809px) 100vw, 809px\" \/><p id=\"caption-attachment-5353\" class=\"wp-caption-text\">MUECA<\/p><\/div><\/p>","protected":false},"excerpt":{"rendered":"<p>M\u00c1STER UNIVERSITARIO EN ESTUDIOS CULTURALES Y ARTES VISUALES El M\u00e1ster Universitario en Estudios Culturales y Artes Visuales (perspectivas feministas y cuir\/queer) -MUECA- es un programa de investigaci\u00f3n online de un a\u00f1o en el que participan especialistas de universidades nacionales e internacionales.\u00a0 Pone el foco en la reflexi\u00f3n, la cr\u00edtica y la experimentaci\u00f3n en torno a [&hellip;]<\/p>\n","protected":false},"author":469,"featured_media":0,"parent":0,"menu_order":0,"comment_status":"closed","ping_status":"open","template":"","meta":{"_links_to":"","_links_to_target":""},"_links":{"self":[{"href":"https:\/\/campusaltea.umh.es\/es\/wp-json\/wp\/v2\/pages\/5248"}],"collection":[{"href":"https:\/\/campusaltea.umh.es\/es\/wp-json\/wp\/v2\/pages"}],"about":[{"href":"https:\/\/campusaltea.umh.es\/es\/wp-json\/wp\/v2\/types\/page"}],"author":[{"embeddable":true,"href":"https:\/\/campusaltea.umh.es\/es\/wp-json\/wp\/v2\/users\/469"}],"replies":[{"embeddable":true,"href":"https:\/\/campusaltea.umh.es\/es\/wp-json\/wp\/v2\/comments?post=5248"}],"version-history":[{"count":0,"href":"https:\/\/campusaltea.umh.es\/es\/wp-json\/wp\/v2\/pages\/5248\/revisions"}],"wp:attachment":[{"href":"https:\/\/campusaltea.umh.es\/es\/wp-json\/wp\/v2\/media?parent=5248"}],"curies":[{"name":"wp","href":"https:\/\/api.w.org\/{rel}","templated":true}]}}