{"id":4884,"date":"2017-02-01T12:56:57","date_gmt":"2017-02-01T12:56:57","guid":{"rendered":"http:\/\/campusaltea.umh.es\/?page_id=4884"},"modified":"2017-02-07T11:20:07","modified_gmt":"2017-02-07T11:20:07","slug":"johanna-moreno-caplliure","status":"publish","type":"page","link":"https:\/\/campusaltea.umh.es\/es\/johanna-moreno-caplliure\/","title":{"rendered":"Johanna Moreno Caplliure"},"content":{"rendered":"<p><div  class=\"ut-one-half  \">\n<p><a href=\"http:\/\/campusaltea.umh.es\/files\/2016\/10\/Johanna.jpg\"><img loading=\"lazy\" class=\" wp-image-4878 size-full alignleft\" src=\"http:\/\/campusaltea.umh.es\/files\/2016\/10\/Johanna.jpg\" alt=\"\" width=\"750\" height=\"1000\" srcset=\"https:\/\/campusaltea.umh.es\/files\/2016\/10\/Johanna.jpg 750w, https:\/\/campusaltea.umh.es\/files\/2016\/10\/Johanna-225x300.jpg 225w\" sizes=\"(max-width: 750px) 100vw, 750px\" \/><\/a><\/p>\n<\/div>\n<div  class=\"ut-one-half ut-column-last  \">\n<h4>Johanna Moreno Caplliure<\/h4>\n<p style=\"text-align: justify;\">Desde 2005 ejerce su carrera como comisaria, fil\u00f3sofa y cr\u00edtico de arte. Desde sus comienzos en el \u00e1mbito acad\u00e9mico e institucional ha organizado actividades culturales como talleres, congresos, y simposios desde una perspectiva cr\u00edtica sobre la cultura; tratando de introducir nuevos lenguajes y nuevos profesionales del pensamiento y la creaci\u00f3n actual a ambos \u00e1mbitos: el universitario y el muse\u00edstico. Fue vicepresidenta de AVCA: Associaci\u00f3 Valenciana de Cr\u00edtics d\u2019Art, desde febrero 2012 hasta 2015.<\/p>\n<p style=\"text-align: justify;\">\u00a0Ha participado en congresos y seminarios de filosof\u00eda, arte y pol\u00edtica, literatura comparada y cr\u00edtica de arte, as\u00ed como en ciclos de cine y festivales de m\u00fasica.<\/p>\n<p style=\"text-align: justify;\">\u00a0Su principal actividad es la escritura de textos de cr\u00edtica cultural y pensamiento contempor\u00e1neo. Entendiendo el pensamiento como praxis, como practique sauvage, sus art\u00edculos atraviesan la hermen\u00e9utica cr\u00edtica, los estudios de g\u00e9nero y los estudios culturales (pensamiento postcolonial), la filosof\u00eda de la historia y las investigaciones entre comunidad, activismo y resistencia, relato y ficci\u00f3n versus historia. Actualmente est\u00e1 investigando las relaciones entre autobiograf\u00eda, autoficci\u00f3n y autorreflexi\u00f3n.<\/p>\n<\/div><div class=\"clear\"><\/div>\n<hr \/>\n<div  class=\"ut-one-half  \">\n<h5>Informaci\u00f3n adicional<\/h5>\n<div id=\"ut-accordion-parent-1\" class=\"ut-accordion\"><div class=\"ut-accordion-group\"> <div class=\"ut-accordion-heading \"><a data-parent=\"#ut-accordion-parent-1\" class=\"accordion-toggle collapsed \" data-toggle=\"collapse\" data-target=\"#accordion0\">Campos de Interes<\/a><\/div><div id=\"accordion0\" class=\"ut-accordion-body collapse\"><div class=\"ut-accordion-inner entry-content clearfix\">\n<ul>\n<li>Cr\u00edtica cultural y comisariado.<\/li>\n<li>Teor\u00eda del discurso.<\/li>\n<li>Teor\u00eda postcolonial, pensamiento subalterno y estudios de g\u00e9nero (feminismo y teor\u00eda queer).<\/li>\n<li>Autobiograf\u00eda, autoficci\u00f3n y autorreflexi\u00f3n.<\/li>\n<li>Epistemolog\u00edas fronterizas.<\/li>\n<\/ul>\n<\/div><\/div>\n<div id=\"ut-accordion-parent-2\" class=\"ut-accordion\"><div class=\"ut-accordion-group\"><\/div><\/div> <div class=\"ut-accordion-heading \"><a data-parent=\"#ut-accordion-parent-2\" class=\"accordion-toggle collapsed \" data-toggle=\"collapse\" data-target=\"#accordion1\">Estudios<\/a><\/div><div id=\"accordion1\" class=\"ut-accordion-body collapse\"><div class=\"ut-accordion-inner entry-content clearfix\">\n<ul>\n<li>Doctoranda en el Departamento de Metaf\u00edsica y Teor\u00eda del Conocimiento, Universidad de Valencia, UVEG, 2016.<\/li>\n<li>Licenciada en Filosof\u00eda por la Facultad de Filosof\u00eda y Ciencias de la Educaci\u00f3n, Universitat de Val\u00e8ncia, 2012.<\/li>\n<li>Licenciada en Historia del Arte por la Facultad de Historia y Geograf\u00eda, Universitat de Val\u00e8ncia, 2003.<\/li>\n<\/ul>\n<\/div><\/div>\n<div id=\"ut-accordion-parent-3\" class=\"ut-accordion\"><div class=\"ut-accordion-group\"><\/div><\/div> <div class=\"ut-accordion-heading \"><a data-parent=\"#ut-accordion-parent-3\" class=\"accordion-toggle collapsed \" data-toggle=\"collapse\" data-target=\"#accordion2\">Tesis doctoral<\/a><\/div><div id=\"accordion2\" class=\"ut-accordion-body collapse\"><div class=\"ut-accordion-inner entry-content clearfix\">\n<p><em>Autobiograf\u00eda, autoficci\u00f3n y autorreflexi\u00f3n en las artes visuales<\/em> (en proceso).<\/p>\n<\/div><\/div>\n<div id=\"ut-accordion-parent-4\" class=\"ut-accordion\"><div class=\"ut-accordion-group\"><\/div><\/div> <div class=\"ut-accordion-heading \"><a data-parent=\"#ut-accordion-parent-4\" class=\"accordion-toggle collapsed \" data-toggle=\"collapse\" data-target=\"#accordion3\">L\u00edneas de investigaci\u00f3n<\/a><\/div><div id=\"accordion3\" class=\"ut-accordion-body collapse\"><div class=\"ut-accordion-inner entry-content clearfix\">\n<ul>\n<li>Lenguajes narrativos para la construcci\u00f3n del discurso, desde el ensayo a la ficci\u00f3n.<\/li>\n<li>Teor\u00eda de la imagen como subjetivaci\u00f3n de los discursos de empoderamiento.<\/li>\n<li>Autobiograf\u00eda y autoficci\u00f3n como relato subalterno a la Historia oficial.<\/li>\n<li>Arqueolog\u00eda del conocimiento y saberes ocultos en las pr\u00e1cticas art\u00edsticas contempor\u00e1neas.<\/li>\n<li>OOO (Ontolog\u00eda del Objeto Orientado) o metaf\u00edsica del objeto.<\/li>\n<\/ul>\n<\/div><\/div>\n<div id=\"ut-accordion-parent-5\" class=\"ut-accordion\"><div class=\"ut-accordion-group\"><\/div><\/div> <div class=\"ut-accordion-heading \"><a data-parent=\"#ut-accordion-parent-5\" class=\"accordion-toggle collapsed \" data-toggle=\"collapse\" data-target=\"#accordion4\">Enlace a web personal<\/a><\/div><div id=\"accordion4\" class=\"ut-accordion-body collapse\"><div class=\"ut-accordion-inner entry-content clearfix\">\n<ul>\n<li><a href=\"http:\/\/johannacaplliure.blogspot.com.es\/\">http:\/\/johannacaplliure.blogspot.com.es\/<\/a><\/li>\n<li><a href=\"http:\/\/autopsiadelacontemporaneidad.blogspot.com.es\/\">http:\/\/autopsiadelacontemporaneidad.blogspot.com.es\/<\/a><\/li>\n<li><a href=\"http:\/\/johannacaplliure.tumblr.com\/\">http:\/\/johannacaplliure.tumblr.com\/<\/a><\/li>\n<\/ul>\n<\/div><\/div>\n<div id=\"ut-accordion-parent-6\" class=\"ut-accordion\"><div class=\"ut-accordion-group\"><\/div><\/div> <div class=\"ut-accordion-heading \"><a data-parent=\"#ut-accordion-parent-6\" class=\"accordion-toggle collapsed \" data-toggle=\"collapse\" data-target=\"#accordion5\">Libros<\/a><\/div><div id=\"accordion5\" class=\"ut-accordion-body collapse\"><div class=\"ut-accordion-inner entry-content clearfix\">\n<ul>\n<li>Caplliure, Johanna, \u201cCuando tu historia es mi historia. La autobiograf\u00eda de Simon Fujiwara\u201d en Vicente, P. y Zarza, T. (ed.),<em>Autobiograf\u00eda: narraci\u00f3n y construcci\u00f3n de la subjetividad en la creaci\u00f3n art\u00edstica contempor\u00e1nea<\/em> , Huesca, Visiona, Diputaci\u00f3n Provincial de Huesca, 2016.<\/li>\n<li>Caplliure, Johanna, \u201cLe d\u00e9sir d\u2019Orient. Disonancias de una n\u00f3mada en \u00e9poca colonial. Los textos de Isabelle Eberhardt\u201d, en Par\u00eds Albert S. y Comins Mingol I. (ed.),<em>La interculturalidad en di\u00e1logo: estudios filos\u00f3ficos<\/em>, Sevilla, Estudios Th\u00e9mata, 2016.<\/li>\n<li>Caplliure, Johanna, \u201dDe polizones, marineros sin capit\u00e1n y extranjeros n\u00f3madas. La autobiograf\u00eda como travestismo en Isabelle Eberhardt\u201d en Silvestre, R. (ed.), <em>Documentos para la resistencia. Pedagog\u00edas postfeministas para la igualdad, <\/em>N\u00famero 7, Institut de Creativitat i Innovacions Educatives, UVEG, Valencia, 2015.<\/li>\n<li>Caplliure, J. y Lozano, R. (ed.), <em>Relatos extraordinarios. Laylah Ali\/ Abigail Lazkoz<\/em>, Diputaci\u00f3n de Valencia, Valencia, 2011.<\/li>\n<li>Caplliure, Johanna, \u201cLeyendo huellas. Lenguaje y diferencia en el cuerpo de la mujer negra\u201d en Torras, M. y Acedo, N. (ed.), <em>Encarnac(c)iones. Teor\u00eda(s) de los cuerpos<\/em>, Editor: UOC, Barcelona, 2007.<\/li>\n<\/ul>\n<\/div><\/div>\n<div id=\"ut-accordion-parent-7\" class=\"ut-accordion\"><div class=\"ut-accordion-group\"><\/div><\/div> <div class=\"ut-accordion-heading \"><a data-parent=\"#ut-accordion-parent-7\" class=\"accordion-toggle collapsed \" data-toggle=\"collapse\" data-target=\"#accordion6\">Art\u00edculos en revistas y cat\u00e1logos<\/a><\/div><div id=\"accordion6\" class=\"ut-accordion-body collapse\"><div class=\"ut-accordion-inner entry-content clearfix\">\n<ul>\n<li>Caplliure, Johanna, <em>\u201c<\/em>Escrito sobre la piel. La memoria tatuada en la obra autobiogr\u00e1fica de Naomi Kawase\u201c, Revista <em>Daim\u00f3n<\/em>, 2016.<\/li>\n<li>Caplliure, Johanna, Entrevista a Rogelio L\u00f3pez Cuenca, Revista <em>Input<\/em>, marzo2016.<\/li>\n<li>Caplliure, Johanna, \u201cEsbozo para el estudio de un cuadro hist\u00f3rico de adaptaciones neuronales y desacatos pl\u00e1sticos\u201d, en <em>Plasticidad maladaptativa, Abigail Lazkoz<\/em>, CAB (Centro de Arte Contempor\u00e1neo Caja de Burgos), Burgos, febrero 2016<em>. <\/em><\/li>\n<li>Caplliure, Johanna, Entrevista a Nuria Fuster: \u201cAnte todo defiendo el misterio\u201d, en <em> Revista de cultura contempor\u00e1nea<\/em>, enero, 2016.<\/li>\n<li>Caplliure, Johanna, \u201cEn las afueras de la democracia\u201d en <em>Construyendo democracia<\/em>, Valencia, Fundaci\u00f3n Chirivella Soriano, Octubre-2015.<\/li>\n<\/ul>\n<\/div><\/div>\n<div id=\"ut-accordion-parent-8\" class=\"ut-accordion\"><div class=\"ut-accordion-group\"><\/div><\/div> <div class=\"ut-accordion-heading \"><a data-parent=\"#ut-accordion-parent-8\" class=\"accordion-toggle collapsed \" data-toggle=\"collapse\" data-target=\"#accordion7\">Premios y becas<\/a><\/div><div id=\"accordion7\" class=\"ut-accordion-body collapse\"><div class=\"ut-accordion-inner entry-content clearfix\">\n<ul>\n<li>Beneficiaria Programa Internacional Postgrado en l\u2019Universit\u00e9 du Quebec \u00e0 Montr\u00e9al, UQAM, Canad\u00e1, 2016.<\/li>\n<li>Beneficiaria Programme Intensive ERASMUS. <em>Philosophy at school: a tool to develop European citizenship<\/em>. \u00c9cole Normale Catholique du Brabant Wallon. Louvain-la-Neuve (B\u00e9lgica), 2011.<\/li>\n<li>Beca de colaboraci\u00f3n en los programas de intercambio en las Facultades o Centros Universitarios de la Universitat de Val\u00e8ncia 2010-2011 y 2011-2012, Facultad de Filosof\u00eda y CCEE (Valencia), Oficina de Relaciones Internacionales, UVEG.<\/li>\n<\/ul>\n<\/div><\/div>\n<div id=\"ut-accordion-parent-9\" class=\"ut-accordion\"><div class=\"ut-accordion-group\"><\/div><\/div> <div class=\"ut-accordion-heading \"><a data-parent=\"#ut-accordion-parent-9\" class=\"accordion-toggle collapsed \" data-toggle=\"collapse\" data-target=\"#accordion8\">Comisariados<\/a><\/div><div id=\"accordion8\" class=\"ut-accordion-body collapse\"><div class=\"ut-accordion-inner entry-content clearfix\">\n<ul>\n<li><em>Distop\u00eda general<\/em>, Sala Las Atarazanas , Ayuntamiento de Valencia. Artistas: Basma Alsharif, Xavier Aren\u00f3s, Tania Blanco, Regina de Miguel, D\u00e9sempire, Mario Espliego, Ignacio Garc\u00eda S\u00e1nchez, Maha Maamoun, Amanda Moreno, Anna Moreno y Fernando Renes, Valencia, 2017.<\/li>\n<li><em>The Ritual Box II<\/em>, La Rambleta. Artistas: Chiara Fumai, Nuria Fuster, Richard Orjis, Juli\u00e0 Panad\u00e8s, Bernhard Rappold, Enrique Radigales, Felix Leon Westner y Graham Bell, Valencia, 2016.<\/li>\n<li><em>L\u2019\u00e9cran en conflit<\/em>. Mar\u00eda Ruido. Galer\u00eda Rosa Santos, enero-marzo de 2016.<\/li>\n<li><em>The Ritual Box<\/em>, La Rambleta. Artistas: Javi Moreno, Pil&amp;Galia Kollectiv, Nadine Byrne y Ben Russell, Valencia, 2015.<\/li>\n<li><em>La nuit du bal<\/em> de Amanda Moreno, Institut Fran\u00e7ais de Valencia, 2014.<\/li>\n<li><em>Componer en el tiempo<\/em> de H\u00e9l\u00e8ne Cr\u00e9cent, MAG, Elche, 2014.<\/li>\n<li><em>Relatos extraordinarios. Laylah Ali y Abigail Lazkoz<\/em>, Sala Parpall\u00f3, Centro Cultural la Beneficencia, Diputaci\u00f3n de Valencia, 2011.<\/li>\n<li><em>Identidades Estrat\u00e9gicas. Pr\u00e1cticas de intervenci\u00f3n cultural<\/em>, Centro Cultural La Nau e Instituto de estudios universitarios de la mujer, Valencia, 2005.<\/li>\n<\/ul>\n<\/div><\/div>\n<div id=\"ut-accordion-parent-10\" class=\"ut-accordion\"><div class=\"ut-accordion-group\"><\/div><\/div> <div class=\"ut-accordion-heading \"><a data-parent=\"#ut-accordion-parent-10\" class=\"accordion-toggle collapsed \" data-toggle=\"collapse\" data-target=\"#accordion9\">Otros<\/a><\/div><div id=\"accordion9\" class=\"ut-accordion-body collapse\"><div class=\"ut-accordion-inner entry-content clearfix\">\n<ul>\n<li>Conferencias invitadas en Senselab:\n<ul>\n<li>Universit\u00e9 Concordia, Montreal (Canad\u00e1), 2016.<\/li>\n<li>l\u2019\u00c9cole Normale Catholique du Brabant Wallon, Louvain-la-Neuve (B\u00e9lgica), 2011.<\/li>\n<\/ul>\n<\/li>\n<\/ul>\n<ul>\n<li>Pr\u00e1cticas externas en el Centro de Documentaci\u00f3n de Arte Valenciano Contempor\u00e1neo, dirigidas por Rom\u00e1n de la Calle, Valencia, 2002-2003.<\/li>\n<\/ul>\n<\/div><\/div>\n<\/div><\/div>\n<\/div>\n<div  class=\"ut-one-half ut-column-last  \">\n<\/div><div class=\"clear\"><\/div><\/p>","protected":false},"excerpt":{"rendered":"Johanna Moreno Caplliure Desde 2005 ejerce su carrera como comisaria, fil\u00f3sofa y cr\u00edtico de arte. Desde sus comienzos en el \u00e1mbito acad\u00e9mico e institucional ha organizado actividades culturales como talleres, congresos, y simposios desde una perspectiva cr\u00edtica sobre la cultura; tratando de introducir nuevos lenguajes y nuevos profesionales del pensamiento y la creaci\u00f3n actual a [...]","protected":false},"author":469,"featured_media":0,"parent":0,"menu_order":0,"comment_status":"closed","ping_status":"open","template":"","meta":{"_links_to":"","_links_to_target":""},"_links":{"self":[{"href":"https:\/\/campusaltea.umh.es\/es\/wp-json\/wp\/v2\/pages\/4884"}],"collection":[{"href":"https:\/\/campusaltea.umh.es\/es\/wp-json\/wp\/v2\/pages"}],"about":[{"href":"https:\/\/campusaltea.umh.es\/es\/wp-json\/wp\/v2\/types\/page"}],"author":[{"embeddable":true,"href":"https:\/\/campusaltea.umh.es\/es\/wp-json\/wp\/v2\/users\/469"}],"replies":[{"embeddable":true,"href":"https:\/\/campusaltea.umh.es\/es\/wp-json\/wp\/v2\/comments?post=4884"}],"version-history":[{"count":0,"href":"https:\/\/campusaltea.umh.es\/es\/wp-json\/wp\/v2\/pages\/4884\/revisions"}],"wp:attachment":[{"href":"https:\/\/campusaltea.umh.es\/es\/wp-json\/wp\/v2\/media?parent=4884"}],"curies":[{"name":"wp","href":"https:\/\/api.w.org\/{rel}","templated":true}]}}