{"id":4840,"date":"2017-01-26T13:18:33","date_gmt":"2017-01-26T13:18:33","guid":{"rendered":"http:\/\/campusaltea.umh.es\/?page_id=4840"},"modified":"2022-09-16T11:06:08","modified_gmt":"2022-09-16T11:06:08","slug":"carl-erik-engqvist","status":"publish","type":"page","link":"https:\/\/campusaltea.umh.es\/es\/carl-erik-engqvist\/","title":{"rendered":"Carl-Erik Engqvist"},"content":{"rendered":"<p><\/p>\n<p style=\"text-align: justify;\">Apropi\u00e1ndose del papel de un predicador cient\u00edfico o de un cham\u00e1n corporativo, Engqvist se adentra en investigaciones sobre el potencial de las realidades virtuales, la biotecnolog\u00eda, nanotecnolog\u00eda y tecnolog\u00eda rob\u00f3tica. Combinando su formaci\u00f3n en teolog\u00eda con ideas art\u00edsticas que giran alrededor del desarrollo tecnol\u00f3gico, las estructuras empresariales y los avances cient\u00edficos, Engqvist trata de crear estados h\u00edbridos y simbi\u00f3ticos que representan los usos actuales y futuros del concepto de lo sagrado, pero tambi\u00e9n el reino de lo espiritual en s\u00ed mismo. Un concepto pluralista de la realidad exige flexibilidad de la mente, el medio y el cuerpo. Al igual que en un juego de rol gratuito RPG del estilo de Elder Scrolls, donde el personaje define y se desarrolla a trav\u00e9s de una serie de decisiones inherentes a la libertad del juego (donde subir de nivel es tan f\u00e1cil cuando recoges hierbas como cuando golpeas en la cabeza de los bandidos), una praxis art\u00edstica puede dejar de lado la l\u00ednea de los m\u00e9todos establecidos en su funcionamiento efectivo como artista. Los resultados interesantes no son de ninguna manera una garant\u00eda, por lo que la importancia de la elecci\u00f3n radica tan s\u00f3lo en el hecho de hacerla. Actualmente Engqvist est\u00e1 trabajando como director art\u00edstico de HUMlab, un laboratorio interdisciplinario de humanidades digitales situado en Umea, en el norte de Suecia, donde se ha establecido desde 2009, cuando se gradu\u00f3 en la Academia de Bellas Artes de Umea. En el contexto del laboratorio Engqvist ha tenido contacto con diversidad de perspectivas de lo digital, as\u00ed como una amplia gama de diferentes colaboraciones con los t\u00e9cnicos y los c\u00edrculos acad\u00e9micos.<\/p>\n<p style=\"text-align: justify;\">\n\t\t\t<!-- START Engqvist REVOLUTION SLIDER 6.5.14 --><p class=\"rs-p-wp-fix\"><\/p>\n\t\t\t<rs-module-wrap id=\"rev_slider_20_1_wrapper\" data-source=\"gallery\" style=\"visibility:hidden;background:transparent;padding:0;margin:0px auto;margin-top:0;margin-bottom:0;\">\n\t\t\t\t<rs-module id=\"rev_slider_20_1\" style=\"\" data-version=\"6.5.14\">\n\t\t\t\t\t<rs-slides>\n\t\t\t\t\t\t<rs-slide style=\"position: absolute;\" data-key=\"rs-106\" data-title=\"Slide\" data-thumb=\"\/\/campusaltea.umh.es\/files\/2017\/01\/Carl-1-LA-MEJOR1-e1485436188433-100x50.jpg\" data-anim=\"ms:600;\" data-in=\"o:0;\" data-out=\"a:false;\">\n\t\t\t\t\t\t\t<img src=\"\/\/campusaltea.umh.es\/wp-content\/plugins\/revslider\/public\/assets\/assets\/dummy.png\" alt=\"\" title=\"Carl-Erik Engqvist\" class=\"rev-slidebg tp-rs-img rs-lazyload\" data-lazyload=\"\/\/campusaltea.umh.es\/files\/2017\/01\/Carl-1-LA-MEJOR1-e1485436188433.jpg\" data-no-retina>\n<!---->\t\t\t\t\t\t<\/rs-slide>\n\t\t\t\t\t\t<rs-slide style=\"position: absolute;\" data-key=\"rs-107\" data-title=\"Slide\" data-thumb=\"\/\/campusaltea.umh.es\/files\/2017\/01\/Captura-de-pantalla-2017-01-24-a-las-11.57.10-100x50.png\" data-anim=\"ms:600;\" data-in=\"o:0;\" data-out=\"a:false;\">\n\t\t\t\t\t\t\t<img src=\"\/\/campusaltea.umh.es\/wp-content\/plugins\/revslider\/public\/assets\/assets\/dummy.png\" alt=\"\" title=\"Carl-Erik Engqvist\" class=\"rev-slidebg tp-rs-img rs-lazyload\" data-lazyload=\"\/\/campusaltea.umh.es\/files\/2017\/01\/Captura-de-pantalla-2017-01-24-a-las-11.57.10.png\" data-bg=\"f:contain;\" data-no-retina>\n<!---->\t\t\t\t\t\t<\/rs-slide>\n\t\t\t\t\t\t<rs-slide style=\"position: absolute;\" data-key=\"rs-108\" data-title=\"Slide\" data-thumb=\"\/\/campusaltea.umh.es\/files\/2017\/01\/Carl-Erik-Engqvist-conferencia-100x50.jpg\" data-anim=\"ms:600;\" data-in=\"o:0;\" data-out=\"a:false;\">\n\t\t\t\t\t\t\t<img src=\"\/\/campusaltea.umh.es\/wp-content\/plugins\/revslider\/public\/assets\/assets\/dummy.png\" alt=\"\" title=\"Carl-Erik Engqvist\" class=\"rev-slidebg tp-rs-img rs-lazyload\" data-lazyload=\"\/\/campusaltea.umh.es\/files\/2017\/01\/Carl-Erik-Engqvist-conferencia.jpg\" data-bg=\"f:contain;\" data-no-retina>\n<!---->\t\t\t\t\t\t<\/rs-slide>\n\t\t\t\t\t<\/rs-slides>\n\t\t\t\t<\/rs-module>\n\t\t\t\t<script>\n\t\t\t\t\tsetREVStartSize({c: 'rev_slider_20_1',rl:[1240,1024,778,480],el:[],gw:[1240],gh:[868],type:'standard',justify:'',layout:'fullwidth',mh:\"0\"});if (window.RS_MODULES!==undefined && window.RS_MODULES.modules!==undefined && window.RS_MODULES.modules[\"revslider201\"]!==undefined) {window.RS_MODULES.modules[\"revslider201\"].once = false;window.revapi20 = undefined;if (window.RS_MODULES.checkMinimal!==undefined) window.RS_MODULES.checkMinimal()}\n\t\t\t\t<\/script>\n\t\t\t<\/rs-module-wrap>\n\t\t\t<!-- END REVOLUTION SLIDER -->\n<\/p>\n<p style=\"text-align: justify;\"><div  class=\"ut-one-half  \">\n<p style=\"text-align: justify;\">\u00abEnd to Development (Fin del desarrollo) es una juego de ordenador donde el jugador se sumerge en algunos de mis poemas en un vac\u00edo de ensue\u00f1o, un lugar situado entre existencias, donde lo inferior es lo superior. Los poemas basados en r\u00f3tulos est\u00e1ticos investigan temas mundanos, y los m\u00f3viles que te persiguen examinan perspectivas m\u00e1s espirituales. No obstante hay que estar alerta ya que hay 1 oportunidad de 5, cada 30 segundos, de que la Muerte aparezca y te aparte de explorar m\u00e1s all\u00e1 en este reino de status quo. End to Development juega con las estructuras en bucle de los juegos de ordenador y sit\u00faa un filtro existencial en el juego\u00bb.<\/p>\n<p style=\"text-align: justify;\">\n\t\t\t<!-- START Engqvist2 REVOLUTION SLIDER 6.5.14 --><p class=\"rs-p-wp-fix\"><\/p>\n\t\t\t<rs-module-wrap id=\"rev_slider_21_2_wrapper\" data-source=\"gallery\" style=\"visibility:hidden;background:transparent;padding:0;margin:0px auto;margin-top:0;margin-bottom:0;\">\n\t\t\t\t<rs-module id=\"rev_slider_21_2\" style=\"\" data-version=\"6.5.14\">\n\t\t\t\t\t<rs-slides>\n\t\t\t\t\t\t<rs-slide style=\"position: absolute;\" data-key=\"rs-113\" data-title=\"Slide\" data-thumb=\"\/\/campusaltea.umh.es\/files\/2017\/01\/Deep-Below-a-Dreaming-City-a-Shadow-Lies-Untold-2015-100x50.png\" data-anim=\"ms:600;\" data-in=\"o:0;\" data-out=\"a:false;\">\n\t\t\t\t\t\t\t<img src=\"\/\/campusaltea.umh.es\/wp-content\/plugins\/revslider\/public\/assets\/assets\/dummy.png\" alt=\"\" title=\"Carl-Erik Engqvist\" class=\"rev-slidebg tp-rs-img rs-lazyload\" data-lazyload=\"\/\/campusaltea.umh.es\/files\/2017\/01\/Deep-Below-a-Dreaming-City-a-Shadow-Lies-Untold-2015.png\" data-no-retina>\n<!---->\t\t\t\t\t\t<\/rs-slide>\n\t\t\t\t\t\t<rs-slide style=\"position: absolute;\" data-key=\"rs-114\" data-title=\"Slide\" data-thumb=\"\/\/campusaltea.umh.es\/files\/2017\/01\/From-Hand-to-Mouth-to-Laser-2010-100x50.jpg\" data-in=\"o:0;\" data-out=\"a:false;\">\n\t\t\t\t\t\t\t<img src=\"\/\/campusaltea.umh.es\/wp-content\/plugins\/revslider\/public\/assets\/assets\/dummy.png\" alt=\"\" title=\"Carl-Erik Engqvist\" class=\"rev-slidebg tp-rs-img rs-lazyload\" data-lazyload=\"\/\/campusaltea.umh.es\/files\/2017\/01\/From-Hand-to-Mouth-to-Laser-2010.jpg\" data-no-retina>\n<!---->\t\t\t\t\t\t<\/rs-slide>\n\t\t\t\t\t<\/rs-slides>\n\t\t\t\t<\/rs-module>\n\t\t\t\t<script>\n\t\t\t\t\tsetREVStartSize({c: 'rev_slider_21_2',rl:[1240,1024,778,480],el:[],gw:[1240],gh:[868],type:'standard',justify:'',layout:'fullwidth',mh:\"0\"});if (window.RS_MODULES!==undefined && window.RS_MODULES.modules!==undefined && window.RS_MODULES.modules[\"revslider212\"]!==undefined) {window.RS_MODULES.modules[\"revslider212\"].once = false;window.revapi21 = undefined;if (window.RS_MODULES.checkMinimal!==undefined) window.RS_MODULES.checkMinimal()}\n\t\t\t\t<\/script>\n\t\t\t<\/rs-module-wrap>\n\t\t\t<!-- END REVOLUTION SLIDER -->\n<\/p>\n<p style=\"text-align: justify;\"><iframe loading=\"lazy\" title=\"YouTube video player\" src=\"https:\/\/www.youtube.com\/embed\/0CBz16G2hTc\" width=\"560\" height=\"315\" frameborder=\"0\" allowfullscreen=\"allowfullscreen\"><\/iframe><\/p>\n<p style=\"text-align: justify;\"><\/div>\n<p style=\"text-align: justify;\"><div  class=\"ut-one-half ut-column-last  \">\n<p style=\"text-align: justify;\"><a href=\"http:\/\/campusaltea.umh.es\/files\/2017\/01\/Instrucciones-Carl-Erik-Engqvist-e1485436525323.jpg\"><img loading=\"lazy\" class=\"alignright size-full wp-image-4842\" src=\"http:\/\/campusaltea.umh.es\/files\/2017\/01\/Instrucciones-Carl-Erik-Engqvist-e1485436525323.jpg\" alt=\"Instrucciones Carl Erik Engqvist\" width=\"1360\" height=\"1920\" \/><\/a><\/p>\n<h4 style=\"text-align: justify;\">Enlaces<\/h4>\n<p><a href=\"http:\/\/www.visionaryexistence.com\">http:\/\/www.visionaryexistence.com<\/a><\/p>\n<p>Video juego: <a href=\"http:\/\/www.mangjuned.com\/yt\/3z0E33R6mGM\/carlerik-end-to-development.html\">http:\/\/www.mangjuned.com\/yt\/3z0E33R6mGM\/carlerik-end-to-development.html<\/a><\/p>\n<\/div><div class=\"clear\"><\/div><\/p>","protected":false},"excerpt":{"rendered":"<p>Apropi\u00e1ndose del papel de un predicador cient\u00edfico o de un cham\u00e1n corporativo, Engqvist se adentra en investigaciones sobre el potencial de las realidades virtuales, la biotecnolog\u00eda, nanotecnolog\u00eda y tecnolog\u00eda rob\u00f3tica. Combinando su formaci\u00f3n en teolog\u00eda con ideas art\u00edsticas que giran alrededor del desarrollo tecnol\u00f3gico, las estructuras empresariales y los avances cient\u00edficos, Engqvist trata de crear [&hellip;]<\/p>\n","protected":false},"author":469,"featured_media":0,"parent":0,"menu_order":0,"comment_status":"closed","ping_status":"open","template":"","meta":{"_links_to":"","_links_to_target":""},"_links":{"self":[{"href":"https:\/\/campusaltea.umh.es\/es\/wp-json\/wp\/v2\/pages\/4840"}],"collection":[{"href":"https:\/\/campusaltea.umh.es\/es\/wp-json\/wp\/v2\/pages"}],"about":[{"href":"https:\/\/campusaltea.umh.es\/es\/wp-json\/wp\/v2\/types\/page"}],"author":[{"embeddable":true,"href":"https:\/\/campusaltea.umh.es\/es\/wp-json\/wp\/v2\/users\/469"}],"replies":[{"embeddable":true,"href":"https:\/\/campusaltea.umh.es\/es\/wp-json\/wp\/v2\/comments?post=4840"}],"version-history":[{"count":0,"href":"https:\/\/campusaltea.umh.es\/es\/wp-json\/wp\/v2\/pages\/4840\/revisions"}],"wp:attachment":[{"href":"https:\/\/campusaltea.umh.es\/es\/wp-json\/wp\/v2\/media?parent=4840"}],"curies":[{"name":"wp","href":"https:\/\/api.w.org\/{rel}","templated":true}]}}