{"id":4825,"date":"2017-01-26T12:05:08","date_gmt":"2017-01-26T12:05:08","guid":{"rendered":"http:\/\/campusaltea.umh.es\/?page_id=4825"},"modified":"2022-09-16T11:02:22","modified_gmt":"2022-09-16T11:02:22","slug":"daniel-laskarin","status":"publish","type":"page","link":"https:\/\/campusaltea.umh.es\/es\/daniel-laskarin\/","title":{"rendered":"Daniel Laskarin"},"content":{"rendered":"<p><\/p>\n<p style=\"text-align: justify;\">\u201cDespu\u00e9s de una carrera como piloto\/ingeniero de helic\u00f3ptero, Daniel Laskarin gir\u00f3 hacia las artes visuales, un \u00e1mbito con tanto peligro, aunque diferente, como el anterior. Su pr\u00e1ctica se basa en el objeto, material y filos\u00f3ficamente enraizado; gran parte de su trabajo investiga las formas en que el arte puede proporcionar experiencia sensorial a la conciencia, creando un puente entre la sustancia y la inefabilidad. Entendiendo que el \u00abcampo expandido\u00bb ha explotado por completo, su trabajo hace cosas que se mantienen juntas, que encuentran su propio orden en un estado de desorden, y que al mismo tiempo rechazan aquello que ordena todo. Entre los medios que utiliza se encuentran la fotograf\u00eda y el v\u00eddeo, la \u00f3ptica, sistemas de rob\u00f3tica, la instalaci\u00f3n y el sonido. Ha trabajado en dise\u00f1o de escenograf\u00eda, proyecciones en espacios p\u00fablicos, y encargos p\u00fablicos de gran escala en Vancouver y Seattle. Ha expuesto en Canad\u00e1 e internacionalmente, y es profesor en el Departamento de Artes Visuales de la Universidad de Victoria en el oeste de Canad\u00e1\u00bb.<\/p>\n<p style=\"text-align: justify;\">\n\t\t\t<!-- START laskarin REVOLUTION SLIDER 6.5.14 --><p class=\"rs-p-wp-fix\"><\/p>\n\t\t\t<rs-module-wrap id=\"rev_slider_18_1_wrapper\" data-source=\"gallery\" style=\"visibility:hidden;background:transparent;padding:0;margin:0px auto;margin-top:0;margin-bottom:0;\">\n\t\t\t\t<rs-module id=\"rev_slider_18_1\" style=\"\" data-version=\"6.5.14\">\n\t\t\t\t\t<rs-slides>\n\t\t\t\t\t\t<rs-slide style=\"position: absolute;\" data-key=\"rs-539\" data-title=\"Slide\" data-thumb=\"\/\/campusaltea.umh.es\/files\/2018\/04\/laskarin-100x50.jpg\" data-anim=\"ms:600;\" data-in=\"o:0;\" data-out=\"a:false;\">\n\t\t\t\t\t\t\t<img src=\"\/\/campusaltea.umh.es\/wp-content\/plugins\/revslider\/public\/assets\/assets\/dummy.png\" alt=\"\" title=\"Daniel Laskarin\" class=\"rev-slidebg tp-rs-img rs-lazyload\" data-lazyload=\"\/\/campusaltea.umh.es\/files\/2018\/04\/laskarin.jpg\" data-no-retina>\n<!---->\t\t\t\t\t\t<\/rs-slide>\n\t\t\t\t\t\t<rs-slide style=\"position: absolute;\" data-key=\"rs-98\" data-title=\"Slide\" data-thumb=\"\/\/campusaltea.umh.es\/files\/2017\/01\/MG_7369-BUENA-e1485432194415-100x50.jpg\" data-anim=\"ms:600;\" data-in=\"o:0;\" data-out=\"a:false;\">\n\t\t\t\t\t\t\t<img src=\"\/\/campusaltea.umh.es\/wp-content\/plugins\/revslider\/public\/assets\/assets\/dummy.png\" alt=\"\" title=\"Daniel Laskarin\" class=\"rev-slidebg tp-rs-img rs-lazyload\" data-lazyload=\"\/\/campusaltea.umh.es\/files\/2017\/01\/MG_7369-BUENA-e1485432194415.jpg\" data-no-retina>\n<!---->\t\t\t\t\t\t<\/rs-slide>\n\t\t\t\t\t\t<rs-slide style=\"position: absolute;\" data-key=\"rs-99\" data-title=\"Slide\" data-thumb=\"\/\/campusaltea.umh.es\/files\/2017\/01\/MG_7379-buena-e1485432174161-100x50.jpg\" data-anim=\"ms:600;\" data-in=\"o:0;\" data-out=\"a:false;\">\n\t\t\t\t\t\t\t<img src=\"\/\/campusaltea.umh.es\/wp-content\/plugins\/revslider\/public\/assets\/assets\/dummy.png\" alt=\"\" title=\"Daniel Laskarin\" class=\"rev-slidebg tp-rs-img rs-lazyload\" data-lazyload=\"\/\/campusaltea.umh.es\/files\/2017\/01\/MG_7379-buena-e1485432174161.jpg\" data-no-retina>\n<!---->\t\t\t\t\t\t<\/rs-slide>\n\t\t\t\t\t\t<rs-slide style=\"position: absolute;\" data-key=\"rs-100\" data-title=\"Slide\" data-thumb=\"\/\/campusaltea.umh.es\/files\/2017\/01\/lazcarin-100x50.jpg\" data-anim=\"ms:600;\" data-in=\"o:0;\" data-out=\"a:false;\">\n\t\t\t\t\t\t\t<img src=\"\/\/campusaltea.umh.es\/wp-content\/plugins\/revslider\/public\/assets\/assets\/dummy.png\" alt=\"\" title=\"Daniel Laskarin\" class=\"rev-slidebg tp-rs-img rs-lazyload\" data-lazyload=\"\/\/campusaltea.umh.es\/files\/2017\/01\/lazcarin.jpg\" data-bg=\"f:contain;\" data-no-retina>\n<!---->\t\t\t\t\t\t<\/rs-slide>\n\t\t\t\t\t\t<rs-slide style=\"position: absolute;\" data-key=\"rs-105\" data-title=\"Slide\" data-thumb=\"\/\/campusaltea.umh.es\/files\/2017\/01\/Daniel-Laskarin-100x50.jpg\" data-anim=\"ms:600;\" data-in=\"o:0;\" data-out=\"a:false;\">\n\t\t\t\t\t\t\t<img src=\"\/\/campusaltea.umh.es\/wp-content\/plugins\/revslider\/public\/assets\/assets\/dummy.png\" alt=\"\" title=\"Daniel Laskarin\" class=\"rev-slidebg tp-rs-img rs-lazyload\" data-lazyload=\"\/\/campusaltea.umh.es\/files\/2017\/01\/Daniel-Laskarin.jpg\" data-bg=\"f:contain;\" data-no-retina>\n<!---->\t\t\t\t\t\t<\/rs-slide>\n\t\t\t\t\t<\/rs-slides>\n\t\t\t\t<\/rs-module>\n\t\t\t\t<script>\n\t\t\t\t\tsetREVStartSize({c: 'rev_slider_18_1',rl:[1240,1024,778,480],el:[],gw:[1240],gh:[868],type:'standard',justify:'',layout:'fullwidth',mh:\"0\"});if (window.RS_MODULES!==undefined && window.RS_MODULES.modules!==undefined && window.RS_MODULES.modules[\"revslider181\"]!==undefined) {window.RS_MODULES.modules[\"revslider181\"].once = false;window.revapi18 = undefined;if (window.RS_MODULES.checkMinimal!==undefined) window.RS_MODULES.checkMinimal()}\n\t\t\t\t<\/script>\n\t\t\t<\/rs-module-wrap>\n\t\t\t<!-- END REVOLUTION SLIDER -->\n<\/p>\n<hr \/>\n<p style=\"text-align: justify;\"><div  class=\"ut-one-half  \">\n<p style=\"text-align: justify;\">\u00a0\u00abSong for my father (Canci\u00f3n para mi padre) re\u00fane dos videos en bucle bajo una sola pista de sonido. El sonido, una lenta inhalaci\u00f3n y exhalaci\u00f3n, es generado por el acorde\u00f3n silenciado que toco en uno de los dos videos; el sonido es como el de la respiraci\u00f3n. Se sincroniz\u00f3 con las oscilaciones del puente en el segundo video \u2013metraje del puente Tacoma Narrows, momentos antes de su colapso en 1940-.<\/p>\n<p style=\"text-align: justify;\">\u00a0Este proyecto comenz\u00f3 con esa pel\u00edcula del puente Tacoma Narrows: el metraje de unos segundos antes de su ca\u00edda catastr\u00f3fica se ampli\u00f3 en un video sin fin. El trabajo tom\u00f3 ese breve momento y lo estir\u00f3, de modo que su tiempo pudiera extenderse un poco para permitirnos sumergirnos en su duraci\u00f3n. La segunda parte de este proyecto surgi\u00f3 de una pieza de performance en la que tocaba el acorde\u00f3n silenciado durante un per\u00edodo de cinco horas en honor a la vida y muerte de mi padre, acaecida varios a\u00f1os atr\u00e1s. El video de esta interpretaci\u00f3n fue extra\u00eddo de una segunda puesta en escena de la performance original, y tambi\u00e9n fue ampliado en un bucle sin fin.<\/p>\n<p style=\"text-align: justify;\">\u00a0Juntos, los dos bucles de v\u00eddeo ofrecen un momento, un evento singular, extendido sin fin. El momento se suspende justo antes de la cat\u00e1strofe: la ca\u00edda del puente, el cese de la respiraci\u00f3n de mi padre. Es el momento en que todas las cosas \u2013al borde de un final, al l\u00edmite de un giro hacia una existencia diferente- son puestas en cuesti\u00f3n, o se convierten en posibles. Los videos, proyectados a una escala muy peque\u00f1a, siendo su hardware de soporte casi m\u00e1s visible que las im\u00e1genes, son \u00edntimos; el sonido llena el espacio, creando un puente que cruza la distancia entre las im\u00e1genes, manteni\u00e9ndolas en suspensi\u00f3n, fij\u00e1ndolas al espacio y al tiempo durante el mayor tiempo posible.<\/p>\n<p style=\"text-align: justify;\">\u00a0El trabajo honra a mi padre, que muri\u00f3 hace a\u00f1os, que sufri\u00f3 numerosos problemas de salud, y cuya propia respiraci\u00f3n a menudo parec\u00eda estar enfrent\u00e1ndose a un fin inmanente. Por fin lo hizo, por supuesto, pero hubo algo enormemente importante entre nosotros justo antes de su muerte. En ese sentido la obra celebra su vida, su aliento, y los acontecimientos anteriores a su fin\u00bb.<\/p>\n<p><iframe loading=\"lazy\" title=\"YouTube video player\" src=\"https:\/\/www.youtube.com\/embed\/ifyd8zaezpw\" width=\"560\" height=\"315\" frameborder=\"0\" allowfullscreen=\"allowfullscreen\"><\/iframe><\/p>\n<h4 style=\"text-align: justify;\">Enlaces<\/h4>\n<p><a href=\"http:\/\/www.Laskarin.ca\">www.Laskarin.ca<\/a><br \/>\n<\/div>\n<div  class=\"ut-one-half ut-column-last  \">\n<p style=\"text-align: justify;\"><a href=\"http:\/\/campusaltea.umh.es\/files\/2017\/01\/Instruccciones-Daniel-Laskarin-peq.jpg\"><img loading=\"lazy\" class=\" size-full wp-image-4829 aligncenter\" src=\"http:\/\/campusaltea.umh.es\/files\/2017\/01\/Instruccciones-Daniel-Laskarin-peq.jpg\" alt=\"Instruccciones Daniel Laskarin peq\" width=\"851\" height=\"1169\" srcset=\"https:\/\/campusaltea.umh.es\/files\/2017\/01\/Instruccciones-Daniel-Laskarin-peq.jpg 851w, https:\/\/campusaltea.umh.es\/files\/2017\/01\/Instruccciones-Daniel-Laskarin-peq-218x300.jpg 218w, https:\/\/campusaltea.umh.es\/files\/2017\/01\/Instruccciones-Daniel-Laskarin-peq-745x1024.jpg 745w\" sizes=\"(max-width: 851px) 100vw, 851px\" \/><\/a>\n\t\t\t<!-- START laskarin2 REVOLUTION SLIDER 6.5.14 --><p class=\"rs-p-wp-fix\"><\/p>\n\t\t\t<rs-module-wrap id=\"rev_slider_19_2_wrapper\" data-source=\"gallery\" style=\"visibility:hidden;background:transparent;padding:0;margin:0px auto;margin-top:0;margin-bottom:0;\">\n\t\t\t\t<rs-module id=\"rev_slider_19_2\" style=\"\" data-version=\"6.5.14\">\n\t\t\t\t\t<rs-slides>\n\t\t\t\t\t\t<rs-slide style=\"position: absolute;\" data-key=\"rs-101\" data-title=\"Slide\" data-thumb=\"\/\/campusaltea.umh.es\/files\/2017\/01\/with-red-cushion-100x50.png\" data-anim=\"ms:600;\" data-in=\"o:0;\" data-out=\"a:false;\">\n\t\t\t\t\t\t\t<img src=\"\/\/campusaltea.umh.es\/wp-content\/plugins\/revslider\/public\/assets\/assets\/dummy.png\" alt=\"\" title=\"Daniel Laskarin\" class=\"rev-slidebg tp-rs-img rs-lazyload\" data-lazyload=\"\/\/campusaltea.umh.es\/files\/2017\/01\/with-red-cushion.png\" data-no-retina>\n<!---->\t\t\t\t\t\t<\/rs-slide>\n\t\t\t\t\t\t<rs-slide style=\"position: absolute;\" data-key=\"rs-102\" data-title=\"Slide\" data-thumb=\"\/\/campusaltea.umh.es\/files\/2017\/01\/Mountain-Landscape-for-Flying-100x50.png\" data-anim=\"ms:600;\" data-in=\"o:0;\" data-out=\"a:false;\">\n\t\t\t\t\t\t\t<img src=\"\/\/campusaltea.umh.es\/wp-content\/plugins\/revslider\/public\/assets\/assets\/dummy.png\" alt=\"\" title=\"Daniel Laskarin\" class=\"rev-slidebg tp-rs-img rs-lazyload\" data-lazyload=\"\/\/campusaltea.umh.es\/files\/2017\/01\/Mountain-Landscape-for-Flying.png\" data-no-retina>\n<!---->\t\t\t\t\t\t<\/rs-slide>\n\t\t\t\t\t\t<rs-slide style=\"position: absolute;\" data-key=\"rs-103\" data-title=\"Slide\" data-thumb=\"\/\/campusaltea.umh.es\/files\/2017\/01\/holds_one_feed-100x50.jpg\" data-anim=\"ms:600;\" data-in=\"o:0;\" data-out=\"a:false;\">\n\t\t\t\t\t\t\t<img src=\"\/\/campusaltea.umh.es\/wp-content\/plugins\/revslider\/public\/assets\/assets\/dummy.png\" alt=\"\" title=\"Daniel Laskarin\" class=\"rev-slidebg tp-rs-img rs-lazyload\" data-lazyload=\"\/\/campusaltea.umh.es\/files\/2017\/01\/holds_one_feed.jpg\" data-no-retina>\n<!---->\t\t\t\t\t\t<\/rs-slide>\n\t\t\t\t\t\t<rs-slide style=\"position: absolute;\" data-key=\"rs-104\" data-title=\"Slide\" data-thumb=\"\/\/campusaltea.umh.es\/files\/2017\/01\/blue_chair-100x50.jpg\" data-anim=\"ms:600;\" data-in=\"o:0;\" data-out=\"a:false;\">\n\t\t\t\t\t\t\t<img src=\"\/\/campusaltea.umh.es\/wp-content\/plugins\/revslider\/public\/assets\/assets\/dummy.png\" alt=\"\" title=\"Daniel Laskarin\" class=\"rev-slidebg tp-rs-img rs-lazyload\" data-lazyload=\"\/\/campusaltea.umh.es\/files\/2017\/01\/blue_chair.jpg\" data-no-retina>\n<!---->\t\t\t\t\t\t<\/rs-slide>\n\t\t\t\t\t<\/rs-slides>\n\t\t\t\t<\/rs-module>\n\t\t\t\t<script>\n\t\t\t\t\tsetREVStartSize({c: 'rev_slider_19_2',rl:[1240,1024,778,480],el:[],gw:[1240],gh:[868],type:'standard',justify:'',layout:'fullwidth',mh:\"0\"});if (window.RS_MODULES!==undefined && window.RS_MODULES.modules!==undefined && window.RS_MODULES.modules[\"revslider192\"]!==undefined) {window.RS_MODULES.modules[\"revslider192\"].once = false;window.revapi19 = undefined;if (window.RS_MODULES.checkMinimal!==undefined) window.RS_MODULES.checkMinimal()}\n\t\t\t\t<\/script>\n\t\t\t<\/rs-module-wrap>\n\t\t\t<!-- END REVOLUTION SLIDER -->\n<\/p>\n<p style=\"text-align: justify;\"><\/div><div class=\"clear\"><\/div>\n<p style=\"text-align: justify;\">\n<p><\/p>","protected":false},"excerpt":{"rendered":"<p>\u201cDespu\u00e9s de una carrera como piloto\/ingeniero de helic\u00f3ptero, Daniel Laskarin gir\u00f3 hacia las artes visuales, un \u00e1mbito con tanto peligro, aunque diferente, como el anterior. Su pr\u00e1ctica se basa en el objeto, material y filos\u00f3ficamente enraizado; gran parte de su trabajo investiga las formas en que el arte puede proporcionar experiencia sensorial a la conciencia, [&hellip;]<\/p>\n","protected":false},"author":469,"featured_media":0,"parent":0,"menu_order":0,"comment_status":"closed","ping_status":"open","template":"","meta":{"_links_to":"","_links_to_target":""},"_links":{"self":[{"href":"https:\/\/campusaltea.umh.es\/es\/wp-json\/wp\/v2\/pages\/4825"}],"collection":[{"href":"https:\/\/campusaltea.umh.es\/es\/wp-json\/wp\/v2\/pages"}],"about":[{"href":"https:\/\/campusaltea.umh.es\/es\/wp-json\/wp\/v2\/types\/page"}],"author":[{"embeddable":true,"href":"https:\/\/campusaltea.umh.es\/es\/wp-json\/wp\/v2\/users\/469"}],"replies":[{"embeddable":true,"href":"https:\/\/campusaltea.umh.es\/es\/wp-json\/wp\/v2\/comments?post=4825"}],"version-history":[{"count":0,"href":"https:\/\/campusaltea.umh.es\/es\/wp-json\/wp\/v2\/pages\/4825\/revisions"}],"wp:attachment":[{"href":"https:\/\/campusaltea.umh.es\/es\/wp-json\/wp\/v2\/media?parent=4825"}],"curies":[{"name":"wp","href":"https:\/\/api.w.org\/{rel}","templated":true}]}}