{"id":4747,"date":"2017-01-24T12:01:52","date_gmt":"2017-01-24T12:01:52","guid":{"rendered":"http:\/\/campusaltea.umh.es\/?page_id=4747"},"modified":"2022-10-27T07:45:16","modified_gmt":"2022-10-27T07:45:16","slug":"plan-z","status":"publish","type":"page","link":"https:\/\/campusaltea.umh.es\/es\/plan-z\/","title":{"rendered":"Plan Z"},"content":{"rendered":"<p><\/p>\n<p style=\"text-align: justify;\">El Proyecto expositivo Plan Z para artistas internacionales se caracteriza por el hecho de que las obras exhibidas tienen un soporte replicable o reproducible a partir de formatos digitales, de modo que no es necesario el transporte de las obras y los proyectos pueden montarse incluso sin la necesidad de la presencia del autor. As\u00ed mismo se tratan de proyectos de corta duraci\u00f3n, en algunos casos, reducidos a la inauguraci\u00f3n y cuya pervivencia se recoger\u00e1 en esta web del Campus de Altea y en una futura publicaci\u00f3n que recoger\u00e1 todos los proyectos.<\/p>\n<p style=\"text-align: justify;\">Las exposiciones tienen lugar en el Espaci\u00d8, ubicado en el Palau Altea, espacio expositivo del ayuntamiento de Altea.<\/p>\n<p style=\"text-align: justify;\"><div  class=\"ut-one-half  \">\n<p style=\"text-align: left;\"><a title=\"Guidelines for taking part in PLAN Z Project\" href=\"http:\/\/campusaltea.umh.es\/files\/2017\/01\/PLAN-Z-project.pdf\">Guidelines for taking part in PLAN Z Project<\/a><\/p>\n<p style=\"text-align: justify;\"><\/div>\n<p style=\"text-align: justify;\"><div  class=\"ut-one-half ut-column-last  \">\n<p style=\"text-align: justify;\">Contacto: <a href=\"mailto:facultad.bellasartes@umh.es\">facultad.bellasartes@umh.es<\/a><\/p>\n<p style=\"text-align: justify;\"><\/div><div class=\"clear\"><\/div>\n<p><a href=\"http:\/\/campusaltea.umh.es\/files\/2018\/04\/PLANZ_digital-.pdf\">Catalogo Plan Z \/ 2016-2017 &#8211; pdf<\/a><br \/>\n<a href=\"http:\/\/campusaltea.umh.es\/files\/2020\/12\/catalogo_2019_CS6_final-.pdf\">Catalogo Plan Z \/ 2018-2019 &#8211; pdf<\/a><\/p>\n<hr \/>\n<p style=\"text-align: justify;\"><div  class=\"ut-one-third  \">\n<h4 style=\"text-align: center;\"><span style=\"text-decoration: underline;\"><a title=\"Daniel Laskarin\" href=\"http:\/\/campusaltea.umh.es\/daniel-laskarin\/\">Daniel Laskarin<\/a><\/span><\/h4>\n<p style=\"text-align: center;\">Universidad de Victoria (Canad\u00e1)<\/p>\n<p style=\"text-align: center;\"><em>Song for My Father<\/em><\/p>\n<p style=\"text-align: center;\">9 de noviembre de 2016<\/p>\n<p><a href=\"http:\/\/campusaltea.umh.es\/daniel-laskarin\/\"><img loading=\"lazy\" class=\"aligncenter wp-image-4814 size-full\" src=\"http:\/\/campusaltea.umh.es\/files\/2017\/01\/lazcarin.jpg\" alt=\"lazcarin\" width=\"1400\" height=\"760\" srcset=\"https:\/\/campusaltea.umh.es\/files\/2017\/01\/lazcarin.jpg 1400w, https:\/\/campusaltea.umh.es\/files\/2017\/01\/lazcarin-300x163.jpg 300w, https:\/\/campusaltea.umh.es\/files\/2017\/01\/lazcarin-1024x556.jpg 1024w\" sizes=\"(max-width: 1400px) 100vw, 1400px\" \/><\/a><\/p>\n<p style=\"text-align: justify;\"><\/div>\n<p style=\"text-align: justify;\"><div  class=\"ut-one-third  \">\n<h4 style=\"text-align: center;\"><span style=\"text-decoration: underline;\"><a title=\"Simon Lewandowski\" href=\"http:\/\/campusaltea.umh.es\/simon-lewandowski\/\">Simon Lewandowski<\/a><\/span><\/h4>\n<p style=\"text-align: center;\">Universidad de Leeds (Reino Unido)<\/p>\n<p style=\"text-align: center;\"><em>Work for Readers and Writers<\/em><\/p>\n<p style=\"text-align: center;\">15 de noviembre de 2016<\/p>\n<p><a href=\"http:\/\/campusaltea.umh.es\/simon-lewandowski\/\"><img loading=\"lazy\" class=\" wp-image-4815 size-full aligncenter\" src=\"http:\/\/campusaltea.umh.es\/files\/2017\/01\/simon.jpg\" alt=\"simon\" width=\"1400\" height=\"760\" srcset=\"https:\/\/campusaltea.umh.es\/files\/2017\/01\/simon.jpg 1400w, https:\/\/campusaltea.umh.es\/files\/2017\/01\/simon-300x163.jpg 300w, https:\/\/campusaltea.umh.es\/files\/2017\/01\/simon-1024x556.jpg 1024w\" sizes=\"(max-width: 1400px) 100vw, 1400px\" \/><\/a><\/p>\n<p style=\"text-align: justify;\"><\/div>\n<p style=\"text-align: justify;\"><div  class=\"ut-one-third ut-column-last  \">\n<h4 style=\"text-align: center;\"><a title=\"Carl-Erik Engqvist\" href=\"http:\/\/campusaltea.umh.es\/carl-erik-engqvist\/\"><span style=\"text-decoration: underline;\">Carl-Erik Engqvist<\/span><\/a><\/h4>\n<p style=\"text-align: center;\">HUMlab, de la Universidad de Umea (Suecia)<\/p>\n<p style=\"text-align: center;\"><em>End to Development<\/em><\/p>\n<p style=\"text-align: center;\">23 de noviembre de 2016<\/p>\n<p><a href=\"http:\/\/campusaltea.umh.es\/carl-erik-engqvist\/\"><img loading=\"lazy\" class=\"aligncenter wp-image-4813 size-full\" src=\"http:\/\/campusaltea.umh.es\/files\/2017\/01\/eric.jpg\" alt=\"eric\" width=\"1400\" height=\"760\" srcset=\"https:\/\/campusaltea.umh.es\/files\/2017\/01\/eric.jpg 1400w, https:\/\/campusaltea.umh.es\/files\/2017\/01\/eric-300x163.jpg 300w, https:\/\/campusaltea.umh.es\/files\/2017\/01\/eric-1024x556.jpg 1024w\" sizes=\"(max-width: 1400px) 100vw, 1400px\" \/><\/a><\/p>\n<p style=\"text-align: justify;\"><\/div><div class=\"clear\"><\/div>\n<p style=\"text-align: justify;\"><div  class=\"ut-one-third  \">\n<h4 style=\"text-align: center;\"><span style=\"text-decoration: underline;\"><a title=\"Emily Hermant\" href=\"http:\/\/campusaltea.umh.es\/emily-hermant\/\">Emily Hermant<\/a><\/span><\/h4>\n<p style=\"text-align: center;\">Emily Carr University of Arts + Design (Canad\u00e1)<\/p>\n<p style=\"text-align: center;\"><em>Hesitations (Altea\/Vancouver)<\/em><\/p>\n<p style=\"text-align: center;\">9 de noviembre de 2017<\/p>\n<p><a href=\"http:\/\/campusaltea.umh.es\/emily-hermant\/\"><img loading=\"lazy\" class=\"aligncenter wp-image-4814 size-full\" src=\"http:\/\/campusaltea.umh.es\/files\/2018\/04\/hermant2.jpg\" alt=\"hermant2\" width=\"1400\" height=\"760\" \/><\/a><\/p>\n<p style=\"text-align: justify;\"><\/div>\n<p style=\"text-align: justify;\"><div  class=\"ut-one-third  \">\n<h4 style=\"text-align: center;\"><span style=\"text-decoration: underline;\"><a title=\"brook &amp; black\" href=\"http:\/\/campusaltea.umh.es\/brook-black\/\">brook &amp; black<\/a><\/span><\/h4>\n<p style=\"text-align: center;\">Oxford Brookes &amp; Regent\u2019s University UK<\/p>\n<p style=\"text-align: center;\"><em>Ubicaciones en el tiempo<\/em><\/p>\n<p style=\"text-align: center;\">22 de noviembre de 2017<\/p>\n<p><a href=\"http:\/\/campusaltea.umh.es\/brook-black\/\"><img loading=\"lazy\" class=\" wp-image-4815 size-full aligncenter\" src=\"http:\/\/campusaltea.umh.es\/files\/2018\/04\/brook_2-e1523448205800.jpg\" alt=\"brook_2\" width=\"1400\" height=\"760\" \/><\/a><\/p>\n<p style=\"text-align: justify;\"><\/div>\n<p style=\"text-align: justify;\"><div  class=\"ut-one-third ut-column-last  \">\n<h4 style=\"text-align: center;\"><span style=\"text-decoration: underline;\"><a title=\"Micael Norberg\" href=\"http:\/\/campusaltea.umh.es\/micael-norberg\/\">Micael Norberg<\/a><\/span><\/h4>\n<p style=\"text-align: center;\">Academy of Fine Arts en Ume\u00e5 (Suecia)<\/p>\n<p style=\"text-align: center;\"><em>En las sociedades dominadas por las &#8230;<\/em><\/p>\n<p style=\"text-align: center;\">29 de noviembre de 2017<\/p>\n<p><a href=\"http:\/\/campusaltea.umh.es\/micael-norberg\/\"><img loading=\"lazy\" class=\"aligncenter wp-image-4813 size-full\" src=\"http:\/\/campusaltea.umh.es\/files\/2018\/04\/norberg2-e1523448327608.jpg\" alt=\"norberg2\" width=\"1400\" height=\"760\" \/><\/a><\/div><div class=\"clear\"><\/div>\n<p style=\"text-align: justify;\"><div  class=\"ut-one-third  \">\n<h4 style=\"text-align: center;\"><span style=\"text-decoration: underline;\"><a href=\"http:\/\/campusaltea.umh.es\/david-macwilliam\/\">David MacWilliam<\/a><\/span><\/h4>\n<p style=\"text-align: center;\">Emily Carr University of Arts + Design (Canad\u00e1)<\/p>\n<p style=\"text-align: center;\"><em>Thirty Colors for Altea; Trenta colors per Altea<\/em><\/p>\n<p style=\"text-align: center;\">21 de marzo de 2018<\/p>\n<p><a href=\"http:\/\/campusaltea.umh.es\/david-macwilliam\/\"><img loading=\"lazy\" class=\"aligncenter wp-image-5748 size-full\" src=\"http:\/\/campusaltea.umh.es\/files\/2019\/05\/David-MacWilliam-03-e1558710653810.jpg\" alt=\"David MacWilliam 03\" width=\"800\" height=\"434\" srcset=\"https:\/\/campusaltea.umh.es\/files\/2019\/05\/David-MacWilliam-03-e1558710653810.jpg 800w, https:\/\/campusaltea.umh.es\/files\/2019\/05\/David-MacWilliam-03-e1558710653810-300x163.jpg 300w\" sizes=\"(max-width: 800px) 100vw, 800px\" \/><\/a><a href=\"http:\/\/campusaltea.umh.es\/david-macwilliam\/\"><br \/>\n<\/a><\/p>\n<p style=\"text-align: justify;\"><\/div>\n<p style=\"text-align: justify;\"><div  class=\"ut-one-third  \">\n<h4 style=\"text-align: center;\"><span style=\"text-decoration: underline;\"><a href=\"http:\/\/campusaltea.umh.es\/leigh-bridges\/\">Leigh Bridges<\/a><\/span><\/h4>\n<p style=\"text-align: center;\">Universidad de Manitoba (Canad\u00e1)<\/p>\n<p style=\"text-align: center;\"><em>Energetic Conduits<\/em><\/p>\n<p style=\"text-align: center;\">27 de marzo de 2019<\/p>\n<p style=\"text-align: center;\"><a href=\"http:\/\/campusaltea.umh.es\/leigh-bridges\/\"><img loading=\"lazy\" class=\"alignnone size-full wp-image-5801\" src=\"http:\/\/campusaltea.umh.es\/files\/2019\/06\/Leigh-03-e1560181855843.jpg\" alt=\"Leigh 03\" width=\"800\" height=\"436\" srcset=\"https:\/\/campusaltea.umh.es\/files\/2019\/06\/Leigh-03-e1560181855843.jpg 800w, https:\/\/campusaltea.umh.es\/files\/2019\/06\/Leigh-03-e1560181855843-300x164.jpg 300w\" sizes=\"(max-width: 800px) 100vw, 800px\" \/><\/a><\/p>\n<\/div>\n<div  class=\"ut-one-third ut-column-last  \">\n<h4 style=\"text-align: center;\"><span style=\"text-decoration: underline;\"><a title=\"David Clark\" href=\"http:\/\/campusaltea.umh.es\/david-clark\/\">David Clark<\/a><\/span><\/h4>\n<p style=\"text-align: center;\">NSCAD University (Canada)<\/p>\n<p style=\"text-align: center;\">The Copenhagen Interpretation (The Game)<\/p>\n<p style=\"text-align: center;\">13 de Noviembre de 2019<\/p>\n<p style=\"text-align: center;\"><a title=\"David Clark\" href=\"http:\/\/campusaltea.umh.es\/david-clark\/\"><img loading=\"lazy\" class=\"alignnone wp-image-6065 size-full\" src=\"http:\/\/campusaltea.umh.es\/files\/2020\/04\/zclark.jpg\" alt=\"\" width=\"800\" height=\"436\" srcset=\"https:\/\/campusaltea.umh.es\/files\/2020\/04\/zclark.jpg 800w, https:\/\/campusaltea.umh.es\/files\/2020\/04\/zclark-300x164.jpg 300w\" sizes=\"(max-width: 800px) 100vw, 800px\" \/><\/a><\/p>\n<\/div><div class=\"clear\"><\/div>\n<div  class=\"ut-one-third  \">\n<h4 style=\"text-align: center;\"><span style=\"text-decoration: underline;\"><a title=\"Mitch Mitchell\" href=\"http:\/\/campusaltea.umh.es\/mitch-mitchell\/\">Mitch Mitchel<\/a><\/span><\/h4>\n<p style=\"text-align: center;\">Concordia University\u00a0 Montreal, QC (Canada)<\/p>\n<p style=\"text-align: center;\">Trinity Cantos: 1 Cup, 1 Cup Flour, 1 Cup Rust<\/p>\n<p style=\"text-align: center;\">19 de Noviembre de 2019<\/p>\n<p style=\"text-align: center;\"><a title=\"David Clark\" href=\"http:\/\/campusaltea.umh.es\/mitch-mitchell\/\"><img loading=\"lazy\" class=\"alignnone wp-image-6084 size-full\" src=\"http:\/\/campusaltea.umh.es\/files\/2020\/04\/Mitch_Mitch_z.jpg\" alt=\"\" width=\"800\" height=\"436\" srcset=\"https:\/\/campusaltea.umh.es\/files\/2020\/04\/Mitch_Mitch_z.jpg 800w, https:\/\/campusaltea.umh.es\/files\/2020\/04\/Mitch_Mitch_z-300x164.jpg 300w\" sizes=\"(max-width: 800px) 100vw, 800px\" \/><\/a><\/p>\n<\/div>\n<div  class=\"ut-one-third  \">\n<h4 style=\"text-align: center;\"><span style=\"text-decoration: underline;\"><a title=\"Sean Whalley\" href=\"http:\/\/campusaltea.umh.es\/sean-whalley\/\">Sean Whalley<\/a><\/span><\/h4>\n<p style=\"text-align: center;\">University of Regina (Canada)<\/p>\n<p style=\"text-align: center;\">Girth and Girdle<\/p>\n<p style=\"text-align: center;\">3 de Diciembre de 2019<\/p>\n<p style=\"text-align: center;\"><a title=\"David Clark\" href=\"http:\/\/campusaltea.umh.es\/sean-whalley\/\"><img loading=\"lazy\" class=\"alignnone wp-image-6092 size-full\" src=\"http:\/\/campusaltea.umh.es\/files\/2020\/04\/SeanWhallley_Z.jpg\" alt=\"\" width=\"800\" height=\"436\" srcset=\"https:\/\/campusaltea.umh.es\/files\/2020\/04\/SeanWhallley_Z.jpg 800w, https:\/\/campusaltea.umh.es\/files\/2020\/04\/SeanWhallley_Z-300x164.jpg 300w\" sizes=\"(max-width: 800px) 100vw, 800px\" \/><\/a><\/p>\n<\/div>\n<div  class=\"ut-one-third ut-column-last  \">\n<h4 style=\"text-align: center;\"><span style=\"text-decoration: underline;\"><a title=\"Young &amp; Giroux\" href=\"http:\/\/campusaltea.umh.es\/young-giroux\/\">Young &amp; Giroux<\/a><\/span><\/h4>\n<p style=\"text-align: center;\">University of Guelph\u00a0(Canada)<\/p>\n<p style=\"text-align: center;\">Rectangles on a sphere<\/p>\n<p style=\"text-align: center;\">10 de Diciembre de 2019<\/p>\n<p style=\"text-align: center;\"><a title=\"David Clark\" href=\"http:\/\/campusaltea.umh.es\/young-giroux\/\"><img loading=\"lazy\" class=\"alignnone wp-image-6114 size-full\" src=\"http:\/\/campusaltea.umh.es\/files\/2020\/04\/Young_Giroux_expoZ.jpg\" alt=\"\" width=\"800\" height=\"436\" srcset=\"https:\/\/campusaltea.umh.es\/files\/2020\/04\/Young_Giroux_expoZ.jpg 800w, https:\/\/campusaltea.umh.es\/files\/2020\/04\/Young_Giroux_expoZ-300x164.jpg 300w\" sizes=\"(max-width: 800px) 100vw, 800px\" \/><\/a><\/p>\n<\/div><div class=\"clear\"><\/div><\/p>","protected":false},"excerpt":{"rendered":"<p>El Proyecto expositivo Plan Z para artistas internacionales se caracteriza por el hecho de que las obras exhibidas tienen un soporte replicable o reproducible a partir de formatos digitales, de modo que no es necesario el transporte de las obras y los proyectos pueden montarse incluso sin la necesidad de la presencia del autor. As\u00ed [&hellip;]<\/p>\n","protected":false},"author":469,"featured_media":0,"parent":0,"menu_order":0,"comment_status":"closed","ping_status":"open","template":"","meta":{"_links_to":"","_links_to_target":""},"_links":{"self":[{"href":"https:\/\/campusaltea.umh.es\/es\/wp-json\/wp\/v2\/pages\/4747"}],"collection":[{"href":"https:\/\/campusaltea.umh.es\/es\/wp-json\/wp\/v2\/pages"}],"about":[{"href":"https:\/\/campusaltea.umh.es\/es\/wp-json\/wp\/v2\/types\/page"}],"author":[{"embeddable":true,"href":"https:\/\/campusaltea.umh.es\/es\/wp-json\/wp\/v2\/users\/469"}],"replies":[{"embeddable":true,"href":"https:\/\/campusaltea.umh.es\/es\/wp-json\/wp\/v2\/comments?post=4747"}],"version-history":[{"count":0,"href":"https:\/\/campusaltea.umh.es\/es\/wp-json\/wp\/v2\/pages\/4747\/revisions"}],"wp:attachment":[{"href":"https:\/\/campusaltea.umh.es\/es\/wp-json\/wp\/v2\/media?parent=4747"}],"curies":[{"name":"wp","href":"https:\/\/api.w.org\/{rel}","templated":true}]}}