{"id":4566,"date":"2017-01-05T12:39:26","date_gmt":"2017-01-05T12:39:26","guid":{"rendered":"http:\/\/campusaltea.umh.es\/?page_id=4566"},"modified":"2022-09-16T11:19:50","modified_gmt":"2022-09-16T11:19:50","slug":"sergi-lorenzo","status":"publish","type":"page","link":"https:\/\/campusaltea.umh.es\/es\/sergi-lorenzo\/","title":{"rendered":"Sergi Lorenzo"},"content":{"rendered":"<p><div  class=\"ut-one-half  \">\n<h3>Sergi Lorenzo<\/h3>\n<p><img loading=\"lazy\" class=\"wp-image-4335 alignleft\" src=\"http:\/\/campusaltea.umh.es\/files\/2016\/07\/Sergi-Lorenzo-678x1024.jpg\" alt=\"sergi-lorenzo\" width=\"182\" height=\"275\" srcset=\"https:\/\/campusaltea.umh.es\/files\/2016\/07\/Sergi-Lorenzo-678x1024.jpg 678w, https:\/\/campusaltea.umh.es\/files\/2016\/07\/Sergi-Lorenzo-199x300.jpg 199w, https:\/\/campusaltea.umh.es\/files\/2016\/07\/Sergi-Lorenzo.jpg 1367w\" sizes=\"(max-width: 182px) 100vw, 182px\" \/><\/p>\n<p style=\"text-align: justify;\">Cuando comenc\u00e9 a estudiar Bellas Artes en la UMH (campus de Altea) ten\u00eda claro que aquello era lo que quer\u00eda hacer. Lo que no ten\u00eda tan claro es hacia donde enfocar\u00eda mis estudios, siempre me gust\u00f3 el dise\u00f1o gr\u00e1fico, pero quedarme solo con eso no me bastaba, tambi\u00e9n me gustaba mucho dibujar. Estos a\u00f1os en la facultad de Altea para m\u00ed han sido, no s\u00f3lo una etapa de aprendizaje, sino una b\u00fasqueda de lo que quer\u00eda hacer. La implementaci\u00f3n en el tercer curso de dos ramas distintas a seguir me permiti\u00f3 seguir enfocando esta b\u00fasqueda hacia medios y t\u00e9cnicas m\u00e1s cercanos a mis intereses. Curs\u00e9 la modalidad de Artes visuales y Dise\u00f1o, con lo que pude ir adquiriendo conocimientos y sensibilidades propias de este campo, sin dejar de lado el dibujo y la ilustraci\u00f3n, la cual pod\u00eda implementar en carteler\u00eda, dise\u00f1os de camisetas (serigraf\u00eda), fotograf\u00eda, etc. Algunas asignaturas te hacen adentrarte en medios y t\u00e9cnicas que quiz\u00e1s de otra manera no te plantear\u00edas usar y \u00a0sin embargo al tratar de llevarlos a tu terreno descubres cosas muy interesantes.<\/p>\n<p style=\"text-align: justify;\">En \u00a0el grado comenc\u00e9 a descubrir la ilustraci\u00f3n mediante t\u00e9cnicas digitales, que es en parte a lo que me dedico ahora. Sobre esta modalidad se impartieron cursos espec\u00edficos que fueron de gran ayuda y un buen aliciente para seguir practicando.<\/p>\n<p style=\"text-align: justify;\">Durante el m\u00e1ster quise seguir profundizando en esta t\u00e9cnica y adem\u00e1s unirla a una de mis aficiones, como son los videojuegos. As\u00ed comenc\u00e9 a plantear un juego de cartas ilustrado como proyecto final de M\u00e1ster. A pesar de ser temas, formato e incluso t\u00e9cnicas algo inusuales para un M\u00e1ster de Investigaci\u00f3n en Arte los profesores desde sus respectivos campos aportaban conceptos y conocimientos muy interesantes que poder relacionar con el planteamiento inicial de idea y hac\u00edan que fuese evolucionando.<\/p>\n<p style=\"text-align: justify;\">Ahora en mi trabajo utilizo el dibujo tanto como conocimientos de dise\u00f1o, ya que en proyectos como son los videojuegos a veces una persona tiene que desempe\u00f1ar varios roles. Por poner un ejemplo, una veces me he encargado de realizar \u201cconcepts arts\u201d de personajes o elementos del proyecto, otras de finalizar gr\u00e1ficos que aparecer\u00e1n en el mismo o dise\u00f1ar botones, interface y men\u00fas del mismo.<\/p>\n<\/div>\n<div  class=\"ut-one-half ut-column-last  \">\n<p>\n\t\t\t<!-- START Sergi Lorenzo REVOLUTION SLIDER 6.5.14 --><p class=\"rs-p-wp-fix\"><\/p>\n\t\t\t<rs-module-wrap id=\"rev_slider_14_1_wrapper\" data-source=\"gallery\" style=\"visibility:hidden;background:transparent;padding:0;margin:0px auto;margin-top:0;margin-bottom:0;\">\n\t\t\t\t<rs-module id=\"rev_slider_14_1\" style=\"\" data-version=\"6.5.14\">\n\t\t\t\t\t<rs-slides>\n\t\t\t\t\t\t<rs-slide style=\"position: absolute;\" data-key=\"rs-73\" data-title=\"Slide\" data-thumb=\"\/\/campusaltea.umh.es\/files\/2017\/01\/Sergi-Lorenzo-Concept-Monsters-SA-100x50.png\" data-anim=\"ms:600;\" data-in=\"o:0;\" data-out=\"a:false;\">\n\t\t\t\t\t\t\t<img src=\"\/\/campusaltea.umh.es\/wp-content\/plugins\/revslider\/public\/assets\/assets\/dummy.png\" alt=\"\" title=\"Sergi Lorenzo\" class=\"rev-slidebg tp-rs-img rs-lazyload\" data-lazyload=\"\/\/campusaltea.umh.es\/files\/2017\/01\/Sergi-Lorenzo-Concept-Monsters-SA.png\" data-bg=\"f:contain;\" data-no-retina>\n<!---->\t\t\t\t\t\t<\/rs-slide>\n\t\t\t\t\t\t<rs-slide style=\"position: absolute;\" data-key=\"rs-74\" data-title=\"Slide\" data-thumb=\"\/\/campusaltea.umh.es\/files\/2017\/01\/Sergi-Lorenzo-001-The-legend-of-walking-dead-100x50.jpg\" data-anim=\"ms:600;\" data-in=\"o:0;\" data-out=\"a:false;\">\n\t\t\t\t\t\t\t<img src=\"\/\/campusaltea.umh.es\/wp-content\/plugins\/revslider\/public\/assets\/assets\/dummy.png\" alt=\"\" title=\"Sergi Lorenzo\" class=\"rev-slidebg tp-rs-img rs-lazyload\" data-lazyload=\"\/\/campusaltea.umh.es\/files\/2017\/01\/Sergi-Lorenzo-001-The-legend-of-walking-dead.jpg\" data-bg=\"f:contain;\" data-no-retina>\n<!---->\t\t\t\t\t\t<\/rs-slide>\n\t\t\t\t\t\t<rs-slide style=\"position: absolute;\" data-key=\"rs-75\" data-title=\"Slide\" data-thumb=\"\/\/campusaltea.umh.es\/files\/2017\/01\/Sergi-Lorenzo-1-kabra-100x50.jpg\" data-anim=\"ms:600;\" data-in=\"o:0;\" data-out=\"a:false;\">\n\t\t\t\t\t\t\t<img src=\"\/\/campusaltea.umh.es\/wp-content\/plugins\/revslider\/public\/assets\/assets\/dummy.png\" alt=\"\" title=\"Sergi Lorenzo\" class=\"rev-slidebg tp-rs-img rs-lazyload\" data-lazyload=\"\/\/campusaltea.umh.es\/files\/2017\/01\/Sergi-Lorenzo-1-kabra.jpg\" data-bg=\"f:contain;\" data-no-retina>\n<!---->\t\t\t\t\t\t<\/rs-slide>\n\t\t\t\t\t\t<rs-slide style=\"position: absolute;\" data-key=\"rs-76\" data-title=\"Slide\" data-thumb=\"\/\/campusaltea.umh.es\/files\/2017\/01\/Sergi-Lorenzo-card1-100x50.jpg\" data-anim=\"ms:600;\" data-in=\"o:0;\" data-out=\"a:false;\">\n\t\t\t\t\t\t\t<img src=\"\/\/campusaltea.umh.es\/wp-content\/plugins\/revslider\/public\/assets\/assets\/dummy.png\" alt=\"\" title=\"Sergi Lorenzo\" class=\"rev-slidebg tp-rs-img rs-lazyload\" data-lazyload=\"\/\/campusaltea.umh.es\/files\/2017\/01\/Sergi-Lorenzo-card1.jpg\" data-bg=\"f:contain;\" data-no-retina>\n<!---->\t\t\t\t\t\t<\/rs-slide>\n\t\t\t\t\t\t<rs-slide style=\"position: absolute;\" data-key=\"rs-77\" data-title=\"Slide\" data-thumb=\"\/\/campusaltea.umh.es\/files\/2017\/01\/Sergi-Lorenzo-card2-100x50.jpg\" data-anim=\"ms:600;\" data-in=\"o:0;\" data-out=\"a:false;\">\n\t\t\t\t\t\t\t<img src=\"\/\/campusaltea.umh.es\/wp-content\/plugins\/revslider\/public\/assets\/assets\/dummy.png\" alt=\"\" title=\"Sergi Lorenzo\" class=\"rev-slidebg tp-rs-img rs-lazyload\" data-lazyload=\"\/\/campusaltea.umh.es\/files\/2017\/01\/Sergi-Lorenzo-card2.jpg\" data-bg=\"f:contain;\" data-no-retina>\n<!---->\t\t\t\t\t\t<\/rs-slide>\n\t\t\t\t\t\t<rs-slide style=\"position: absolute;\" data-key=\"rs-78\" data-title=\"Slide\" data-thumb=\"\/\/campusaltea.umh.es\/files\/2017\/01\/Sergi-Lorenzo-Concept-1-e1488374218952-100x50.png\" data-anim=\"ms:600;\" data-in=\"o:0;\" data-out=\"a:false;\">\n\t\t\t\t\t\t\t<img src=\"\/\/campusaltea.umh.es\/wp-content\/plugins\/revslider\/public\/assets\/assets\/dummy.png\" alt=\"\" title=\"Sergi Lorenzo\" class=\"rev-slidebg tp-rs-img rs-lazyload\" data-lazyload=\"\/\/campusaltea.umh.es\/files\/2017\/01\/Sergi-Lorenzo-Concept-1-e1488374218952.png\" data-bg=\"f:contain;\" data-no-retina>\n<!---->\t\t\t\t\t\t<\/rs-slide>\n\t\t\t\t\t\t<rs-slide style=\"position: absolute;\" data-key=\"rs-79\" data-title=\"Slide\" data-thumb=\"\/\/campusaltea.umh.es\/files\/2017\/01\/Sergi-Lorenzo-Concept-2-100x50.png\" data-anim=\"ms:600;\" data-in=\"o:0;\" data-out=\"a:false;\">\n\t\t\t\t\t\t\t<img src=\"\/\/campusaltea.umh.es\/wp-content\/plugins\/revslider\/public\/assets\/assets\/dummy.png\" alt=\"\" title=\"Sergi Lorenzo\" class=\"rev-slidebg tp-rs-img rs-lazyload\" data-lazyload=\"\/\/campusaltea.umh.es\/files\/2017\/01\/Sergi-Lorenzo-Concept-2.png\" data-bg=\"f:contain;\" data-no-retina>\n<!---->\t\t\t\t\t\t<\/rs-slide>\n\t\t\t\t\t\t<rs-slide style=\"position: absolute;\" data-key=\"rs-80\" data-title=\"Slide\" data-thumb=\"\/\/campusaltea.umh.es\/files\/2017\/01\/Sergi-Lorenzo-concept-3-100x50.png\" data-anim=\"ms:600;\" data-in=\"o:0;\" data-out=\"a:false;\">\n\t\t\t\t\t\t\t<img src=\"\/\/campusaltea.umh.es\/wp-content\/plugins\/revslider\/public\/assets\/assets\/dummy.png\" alt=\"\" title=\"Sergi Lorenzo\" class=\"rev-slidebg tp-rs-img rs-lazyload\" data-lazyload=\"\/\/campusaltea.umh.es\/files\/2017\/01\/Sergi-Lorenzo-concept-3.png\" data-bg=\"f:contain;\" data-no-retina>\n<!---->\t\t\t\t\t\t<\/rs-slide>\n\t\t\t\t\t\t<rs-slide style=\"position: absolute;\" data-key=\"rs-81\" data-title=\"Slide\" data-thumb=\"\/\/campusaltea.umh.es\/files\/2017\/01\/Sergi-Lorenzo-Concept-Just-Lane-100x50.png\" data-anim=\"ms:600;\" data-in=\"o:0;\" data-out=\"a:false;\">\n\t\t\t\t\t\t\t<img src=\"\/\/campusaltea.umh.es\/wp-content\/plugins\/revslider\/public\/assets\/assets\/dummy.png\" alt=\"\" title=\"Sergi Lorenzo\" class=\"rev-slidebg tp-rs-img rs-lazyload\" data-lazyload=\"\/\/campusaltea.umh.es\/files\/2017\/01\/Sergi-Lorenzo-Concept-Just-Lane.png\" data-bg=\"f:contain;\" data-no-retina>\n<!---->\t\t\t\t\t\t<\/rs-slide>\n\t\t\t\t\t\t<rs-slide style=\"position: absolute;\" data-key=\"rs-82\" data-title=\"Slide\" data-thumb=\"\/\/campusaltea.umh.es\/files\/2017\/01\/Sergi-Lorenzo-Concept-Just-Lane3-100x50.png\" data-anim=\"ms:600;\" data-in=\"o:0;\" data-out=\"a:false;\">\n\t\t\t\t\t\t\t<img src=\"\/\/campusaltea.umh.es\/wp-content\/plugins\/revslider\/public\/assets\/assets\/dummy.png\" alt=\"\" title=\"Sergi Lorenzo\" class=\"rev-slidebg tp-rs-img rs-lazyload\" data-lazyload=\"\/\/campusaltea.umh.es\/files\/2017\/01\/Sergi-Lorenzo-Concept-Just-Lane3.png\" data-bg=\"f:contain;\" data-no-retina>\n<!---->\t\t\t\t\t\t<\/rs-slide>\n\t\t\t\t\t<\/rs-slides>\n\t\t\t\t<\/rs-module>\n\t\t\t\t<script>\n\t\t\t\t\tsetREVStartSize({c: 'rev_slider_14_1',rl:[1240,1024,778,480],el:[],gw:[1240],gh:[868],type:'standard',justify:'',layout:'fullwidth',mh:\"0\"});if (window.RS_MODULES!==undefined && window.RS_MODULES.modules!==undefined && window.RS_MODULES.modules[\"revslider141\"]!==undefined) {window.RS_MODULES.modules[\"revslider141\"].once = false;window.revapi14 = undefined;if (window.RS_MODULES.checkMinimal!==undefined) window.RS_MODULES.checkMinimal()}\n\t\t\t\t<\/script>\n\t\t\t<\/rs-module-wrap>\n\t\t\t<!-- END REVOLUTION SLIDER -->\n<\/p>\n<p><iframe loading=\"lazy\" title=\"YouTube video player\" src=\"https:\/\/www.youtube.com\/embed\/3sh7wDcAUTw\" width=\"560\" height=\"315\" frameborder=\"0\" allowfullscreen=\"allowfullscreen\"><\/iframe><br \/>\n<\/div><div class=\"clear\"><\/div>\n<hr \/>\n<div  class=\"ut-one-half  \">\n<\/div>\n<div  class=\"ut-one-half ut-column-last  \">\n<\/div><div class=\"clear\"><\/div><\/p>","protected":false},"excerpt":{"rendered":"Sergi Lorenzo Cuando comenc\u00e9 a estudiar Bellas Artes en la UMH (campus de Altea) ten\u00eda claro que aquello era lo que quer\u00eda hacer. Lo que no ten\u00eda tan claro es hacia donde enfocar\u00eda mis estudios, siempre me gust\u00f3 el dise\u00f1o gr\u00e1fico, pero quedarme solo con eso no me bastaba, tambi\u00e9n me gustaba mucho dibujar. Estos [...]","protected":false},"author":469,"featured_media":0,"parent":0,"menu_order":0,"comment_status":"closed","ping_status":"open","template":"","meta":{"_links_to":"","_links_to_target":""},"_links":{"self":[{"href":"https:\/\/campusaltea.umh.es\/es\/wp-json\/wp\/v2\/pages\/4566"}],"collection":[{"href":"https:\/\/campusaltea.umh.es\/es\/wp-json\/wp\/v2\/pages"}],"about":[{"href":"https:\/\/campusaltea.umh.es\/es\/wp-json\/wp\/v2\/types\/page"}],"author":[{"embeddable":true,"href":"https:\/\/campusaltea.umh.es\/es\/wp-json\/wp\/v2\/users\/469"}],"replies":[{"embeddable":true,"href":"https:\/\/campusaltea.umh.es\/es\/wp-json\/wp\/v2\/comments?post=4566"}],"version-history":[{"count":0,"href":"https:\/\/campusaltea.umh.es\/es\/wp-json\/wp\/v2\/pages\/4566\/revisions"}],"wp:attachment":[{"href":"https:\/\/campusaltea.umh.es\/es\/wp-json\/wp\/v2\/media?parent=4566"}],"curies":[{"name":"wp","href":"https:\/\/api.w.org\/{rel}","templated":true}]}}