{"id":4521,"date":"2017-01-04T18:59:40","date_gmt":"2017-01-04T18:59:40","guid":{"rendered":"http:\/\/campusaltea.umh.es\/?page_id=4521"},"modified":"2017-01-04T19:15:40","modified_gmt":"2017-01-04T19:15:40","slug":"leonidas-espinelli-capel-prof","status":"publish","type":"page","link":"https:\/\/campusaltea.umh.es\/es\/leonidas-espinelli-capel-prof\/","title":{"rendered":"Le\u00f3nidas Espinelli Capel &#8211; prof"},"content":{"rendered":"<p><div  class=\"ut-one-half  \">\n<div id=\"attachment_3638\" style=\"width: 460px\" class=\"wp-caption alignleft\"><img aria-describedby=\"caption-attachment-3638\" loading=\"lazy\" class=\"wp-image-3638 size-full\" src=\"http:\/\/campusaltea.umh.es\/files\/2016\/09\/leonidas_gran.jpg\" alt=\"\" width=\"450\" height=\"600\" srcset=\"https:\/\/campusaltea.umh.es\/files\/2016\/09\/leonidas_gran.jpg 450w, https:\/\/campusaltea.umh.es\/files\/2016\/09\/leonidas_gran-225x300.jpg 225w\" sizes=\"(max-width: 450px) 100vw, 450px\" \/><p id=\"caption-attachment-3638\" class=\"wp-caption-text\">Le\u00f3nidas Spinelli Capel<\/p><\/div>\n<p>&nbsp;<\/p>\n<\/div>\n<div  class=\"ut-one-half ut-column-last  \">\n<h4>Le\u00f3nidas Espinelli Capel<\/h4>\n<p>Le\u00f3nidas Spinelli comienza sus estudios de fotograf\u00eda en la Escuela argentina de fotograf\u00eda en 1998 y Fotoperiodismo en TEA (Taller, Escuela, Agencia de Buenos Aires) trabajando posteriormente como fotoperiodista <em>freelance<\/em>. En 2001 se radica en Espa\u00f1a y comienza sus estudios en Bellas Artes dedic\u00e1ndose desde un principio a la relaci\u00f3n entre el arte y los diferentes procesos audiovisuales, desarrollando su campo de especializaci\u00f3n principalmente en el campo fotogr\u00e1fico. Ha realizado diversas exposiciones en ciudades como Alicante, Murcia, Ja\u00e9n, Madrid, Bilbao y Buenos Aires. Adem\u00e1s de continuar desarrollando su faceta art\u00edstica y fotogr\u00e1fica, imparte clases y cursos relacionados con el arte, cine y\u00a0 fotograf\u00eda en la Escuela de Fotograf\u00eda Mistos, y es comisario y gestor cultural.<\/p>\n<p>Actualmente es el creador y director del proyecto PhotoAlicante (Festival Internacional de Fotograf\u00eda de\u00a0 Alicante) y el director del M\u00e1ster PhotoAlicante en proyecto de autor y fotograf\u00eda contempor\u00e1nea.<\/p>\n<p>&nbsp;<\/p>\n<\/div><div class=\"clear\"><\/div>\n<hr \/>\n<div  class=\"ut-one-half  \">\n<h5>Informaci\u00f3n adicional<\/h5>\n<div id=\"ut-accordion-parent-1\" class=\"ut-accordion\"><div class=\"ut-accordion-group\"> <div class=\"ut-accordion-heading \"><a data-parent=\"#ut-accordion-parent-1\" class=\"accordion-toggle collapsed \" data-toggle=\"collapse\" data-target=\"#accordion0\">Campos de Interes<\/a><\/div><div id=\"accordion0\" class=\"ut-accordion-body collapse\"><div class=\"ut-accordion-inner entry-content clearfix\">\n<ul>\n<li>Fotograf\u00eda.<\/li>\n<li>Videoarte y cine.<\/li>\n<li>Tecnolog\u00eda de los medios audiovisuales.<\/li>\n<li>Intervenciones audiovisuales.<\/li>\n<li>Interacci\u00f3n audiovisual en procesos escult\u00f3ricos.<\/li>\n<\/ul>\n<\/div><\/div>\n<div id=\"ut-accordion-parent-2\" class=\"ut-accordion\"><div class=\"ut-accordion-group\"><\/div><\/div> <div class=\"ut-accordion-heading \"><a data-parent=\"#ut-accordion-parent-2\" class=\"accordion-toggle collapsed \" data-toggle=\"collapse\" data-target=\"#accordion1\">Estudios:<\/a><\/div><div id=\"accordion1\" class=\"ut-accordion-body collapse\"><div class=\"ut-accordion-inner entry-content clearfix\">\n<ul>\n<li>Doctor en Bellas artes, Universidad Miguel Hern\u00e1ndez, 2013.<\/li>\n<li>Diploma de estudios Avanzados, Universidad Miguel Hern\u00e1ndez, 2011.<\/li>\n<li>Licenciado en Bellas Artes, Universidad Miguel Hern\u00e1ndez, 2008.<\/li>\n<\/ul>\n<\/div><\/div>\n<div id=\"ut-accordion-parent-3\" class=\"ut-accordion\"><div class=\"ut-accordion-group\"><\/div><\/div> <div class=\"ut-accordion-heading \"><a data-parent=\"#ut-accordion-parent-3\" class=\"accordion-toggle collapsed \" data-toggle=\"collapse\" data-target=\"#accordion2\">Tesis doctoral:<\/a><\/div><div id=\"accordion2\" class=\"ut-accordion-body collapse\"><div class=\"ut-accordion-inner entry-content clearfix\">\n<p><em>El ruido y la furia: La fotograf\u00eda como modelo discursivo, est\u00e9tico e ideol\u00f3gico en los entornos juveniles marginales<\/em>. Apto <em>cum laude<\/em>.<\/p>\n<\/div><\/div>\n<div id=\"ut-accordion-parent-4\" class=\"ut-accordion\"><div class=\"ut-accordion-group\"><\/div><\/div> <div class=\"ut-accordion-heading \"><a data-parent=\"#ut-accordion-parent-4\" class=\"accordion-toggle collapsed \" data-toggle=\"collapse\" data-target=\"#accordion3\">L\u00ed\u00adneas de investigaci\u00f3n:<\/a><\/div><div id=\"accordion3\" class=\"ut-accordion-body collapse\"><div class=\"ut-accordion-inner entry-content clearfix\">\n<ul>\n<li>Procesos fotogr\u00e1ficos.<\/li>\n<li>Sociolog\u00eda de la fotograf\u00eda.<\/li>\n<li>Lenguaje y experimentaci\u00f3n audiovisual.<\/li>\n<\/ul>\n<\/div><\/div>\n<div id=\"ut-accordion-parent-5\" class=\"ut-accordion\"><div class=\"ut-accordion-group\"><\/div><\/div> <div class=\"ut-accordion-heading \"><a data-parent=\"#ut-accordion-parent-5\" class=\"accordion-toggle collapsed \" data-toggle=\"collapse\" data-target=\"#accordion4\">Exposiciones individuales<\/a><\/div><div id=\"accordion4\" class=\"ut-accordion-body collapse\"><div class=\"ut-accordion-inner entry-content clearfix\">\n<ul>\n<li><em>Broken Promise<\/em>, Sala Cooperativa Cultural Mistos, Alicante, 2015.<\/li>\n<li><em>End of Paradise,<\/em> Casa de las Am\u00e9ricas, Bruselas (B\u00e9lgica), 2014.<\/li>\n<li><em>Leap,<\/em> Sala Polaroid, Madrid, 2010.<\/li>\n<li><em>Esencia, conjunto y estructura,<\/em> Centro 14, Alicante, 2008.<\/li>\n<\/ul>\n<\/div><\/div>\n<div id=\"ut-accordion-parent-6\" class=\"ut-accordion\"><div class=\"ut-accordion-group\"><\/div><\/div> <div class=\"ut-accordion-heading \"><a data-parent=\"#ut-accordion-parent-6\" class=\"accordion-toggle collapsed \" data-toggle=\"collapse\" data-target=\"#accordion5\">Exposiciones colectivas<\/a><\/div><div id=\"accordion5\" class=\"ut-accordion-body collapse\"><div class=\"ut-accordion-inner entry-content clearfix\">\n<ul>\n<li><em>Artes pl\u00e1sticas y fotograf\u00eda<\/em>, Diputaci\u00f3n de Alicante, 2012, cat\u00e1logo.<\/li>\n<li><em>Puertas abiertas, <\/em>Fundaci\u00f3n Bilbaoarte, Bilbao, 2011, cat\u00e1logo.<\/li>\n<li><em>Convocatoria de artes pl\u00e1sticas de Mutxamel<\/em>, Casa de Cultura de Muxtamel (Alicante), 2010, cat\u00e1logo.<\/li>\n<li><em>Encuentros Internacionales de Arte Contempor\u00e1neo (EAC)<\/em>, Museo de la Universidad de Alicante, 2010, cat\u00e1logo.<\/li>\n<li><em>Miradas al paisaje desde la fotograf\u00eda y el dibujo<\/em>, Instituto Alicantino de Cultura Juan Gil-Albert, Alicante, 2010, cat\u00e1logo.<\/li>\n<li><em>5\u00ba Concurso arte y dise\u00f1o. C\u00f3ncavo y Convexo.<\/em> Instituto Alicantino de Cultura Juan Gil-Albert, Alicante, 2009, cat\u00e1logo.<\/li>\n<li><em>Miradas al arte contempor\u00e1neo<\/em>, Instituto Alicantino de Cultura Juan Gil-Albert, Alicante, 2009, cat\u00e1logo.<\/li>\n<li><em>Los excluidos<\/em>, Fundaci\u00f3n Caja Rural Ja\u00e9n, 2009, cat\u00e1logo.<\/li>\n<li><em>Primer encuentro de artistas contempor\u00e1neos<\/em>, galer\u00eda Espacio x53, El Campello (Alicante), 2009.<\/li>\n<\/ul>\n<\/div><\/div>\n<div id=\"ut-accordion-parent-7\" class=\"ut-accordion\"><div class=\"ut-accordion-group\"><\/div><\/div> <div class=\"ut-accordion-heading \"><a data-parent=\"#ut-accordion-parent-7\" class=\"accordion-toggle collapsed \" data-toggle=\"collapse\" data-target=\"#accordion6\">Libros<\/a><\/div><div id=\"accordion6\" class=\"ut-accordion-body collapse\"><div class=\"ut-accordion-inner entry-content clearfix\">\n<ul>\n<li>Spinelli Capel, Le\u00f3nidas, <em>Support\u2013Surface: el soporte desde la oscuridad hacia la luz reflections &amp; iluminations: In a dark room: la fotograf\u00eda y los espacios juveniles marginales<\/em>, cap\u00edtulo de libro, Fundaci\u00f3n Ca\u00f1ada Blanch, Altea, 2013.<\/li>\n<\/ul>\n<ul>\n<li>Spinelli Capel, Le\u00f3nidas, <em>Support \u2013Surface: el paisaje en la praxis art\u00edstica contempor\u00e1nea: Actitudes pict\u00f3ricas en el paisaje urbano<\/em>, cap\u00edtulo de libro, Fundaci\u00f3n Ca\u00f1ada Blanch, Altea, 2012.<\/li>\n<\/ul>\n<ul>\n<li>Spinelli Capel, Le\u00f3nidas, <em>Support- Surface: escultura y paisaje: Modelos discursivos del paisaje urbano<\/em>, cap\u00edtulo de libro, Fundaci\u00f3n Ca\u00f1ada Blanch, Altea, 2011.<\/li>\n<\/ul>\n<\/div><\/div>\n<div id=\"ut-accordion-parent-8\" class=\"ut-accordion\"><div class=\"ut-accordion-group\"><\/div><\/div> <div class=\"ut-accordion-heading \"><a data-parent=\"#ut-accordion-parent-8\" class=\"accordion-toggle collapsed \" data-toggle=\"collapse\" data-target=\"#accordion7\">Art\u00edculos en revistas<\/a><\/div><div id=\"accordion7\" class=\"ut-accordion-body collapse\"><div class=\"ut-accordion-inner entry-content clearfix\">\n<ul>\n<li>Spinelli Capel, Le\u00f3nidas, \u201cLa fotograf\u00eda y su estructura comunicativa: entre la producci\u00f3n modernista y la creaci\u00f3n fotogr\u00e1fica posmoderna\u201d, <em>Sphera Publica<\/em>, UCAM, Murcia , 2015.<\/li>\n<\/ul>\n<\/div><\/div>\n<div id=\"ut-accordion-parent-9\" class=\"ut-accordion\"><div class=\"ut-accordion-group\"><\/div><\/div> <div class=\"ut-accordion-heading \"><a data-parent=\"#ut-accordion-parent-9\" class=\"accordion-toggle collapsed \" data-toggle=\"collapse\" data-target=\"#accordion8\">Comisariados<\/a><\/div><div id=\"accordion8\" class=\"ut-accordion-body collapse\"><div class=\"ut-accordion-inner entry-content clearfix\">\n<ul>\n<li><em>Primera ola<\/em>, MUA, Alicante, 2016.<\/li>\n<li><em>Electrical Bodies<\/em>, Centro Cultural Las Cigarreras, Alicante, 2016.<\/li>\n<li><em>Museu al carrer<\/em>, intervenciones en el espacio p\u00fablico, San Juan de Alicante (Alicante), 2016.<\/li>\n<li><em>Traslaciones<\/em>, sala de exposiciones La lonja, Alicante, 2016.<\/li>\n<li><em>4&#215;4 Espacios en construcci\u00f3n<\/em>, Centro Cultural Las Cigarreras, Alicante, 2015.<\/li>\n<\/ul>\n<\/div><\/div>\n<div id=\"ut-accordion-parent-10\" class=\"ut-accordion\"><div class=\"ut-accordion-group\"><\/div><\/div> <div class=\"ut-accordion-heading \"><a data-parent=\"#ut-accordion-parent-10\" class=\"accordion-toggle collapsed \" data-toggle=\"collapse\" data-target=\"#accordion9\">Premios<\/a><\/div><div id=\"accordion9\" class=\"ut-accordion-body collapse\"><div class=\"ut-accordion-inner entry-content clearfix\">\n<ul>\n<li>1<sup>er<\/sup> premio a la originalidad, <em>Miradas al arte cl\u00e1sico desde la fotograf\u00eda y el dibujo<\/em>,<\/li>\n<li>Instituto Alicantino de Cultura Juan Gil-Albert, Alicante, 2009.<\/li>\n<li>2\u00ba premio concurso fotogr\u00e1fico <em>Los excluidos<\/em>, Fundaci\u00f3n Caja Rural de Ja\u00e9n, 2009.<\/li>\n<li>1<sup>er<\/sup> premio escultura, 4\u00aa convocatoria de L\u00b4Espai de Art Puig Campana, Finestrat, Alicante, 2008.<\/li>\n<li>2\u00ba premio <em>Inurbe 2007<\/em>, Alicante, 2007.<\/li>\n<li>Premio selecci\u00f3n <em>X propuestas<\/em>, Centro 14, Alicante, 2007.<\/li>\n<\/ul>\n<\/div><\/div>\n<div id=\"ut-accordion-parent-11\" class=\"ut-accordion\"><div class=\"ut-accordion-group\"><\/div><\/div> <div class=\"ut-accordion-heading \"><a data-parent=\"#ut-accordion-parent-11\" class=\"accordion-toggle collapsed \" data-toggle=\"collapse\" data-target=\"#accordion10\">Obra en colecciones<\/a><\/div><div id=\"accordion10\" class=\"ut-accordion-body collapse\"><div class=\"ut-accordion-inner entry-content clearfix\">\n<ul>\n<li>Fundaci\u00f3n Caja Rural Ja\u00e9n<\/li>\n<li>Diputaci\u00f3n de Alicante<\/li>\n<li>Instituto Alicantino de Cultura Juan Gil-Albert<\/li>\n<li>Ayuntamiento de Alicante (centro 14)<\/li>\n<li>Fundaci\u00f3n Klein- Schreuder<\/li>\n<\/ul>\n<\/div><\/div>\n<div id=\"ut-accordion-parent-12\" class=\"ut-accordion\"><div class=\"ut-accordion-group\"><\/div><\/div> <div class=\"ut-accordion-heading \"><a data-parent=\"#ut-accordion-parent-12\" class=\"accordion-toggle collapsed \" data-toggle=\"collapse\" data-target=\"#accordion11\">Otros<\/a><\/div><div id=\"accordion11\" class=\"ut-accordion-body collapse\"><div class=\"ut-accordion-inner entry-content clearfix\">\n<ul>\n<li>7\u00ba International Sculture Simposium ,The Jordan National Gallery of Fine Arts, Aqaba (Jordania), 2016<\/li>\n<li>Director Festival Internacional de Fotograf\u00eda de Alicante (PhotoAlicante)<\/li>\n<\/ul>\n<\/div><\/div>\n<\/div><\/div>\n<div  class=\"ut-one-half  \"><\/div>\n<\/div>\n<div  class=\"ut-one-half ut-column-last  \">\n<\/div><div class=\"clear\"><\/div><\/p>","protected":false},"excerpt":{"rendered":"Le\u00f3nidas Spinelli Capel &nbsp; Le\u00f3nidas Espinelli Capel Le\u00f3nidas Spinelli comienza sus estudios de fotograf\u00eda en la Escuela argentina de fotograf\u00eda en 1998 y Fotoperiodismo en TEA (Taller, Escuela, Agencia de Buenos Aires) trabajando posteriormente como fotoperiodista freelance. En 2001 se radica en Espa\u00f1a y comienza sus estudios en Bellas Artes dedic\u00e1ndose desde un principio a [...]","protected":false},"author":469,"featured_media":0,"parent":0,"menu_order":0,"comment_status":"closed","ping_status":"open","template":"","meta":{"_links_to":"","_links_to_target":""},"_links":{"self":[{"href":"https:\/\/campusaltea.umh.es\/es\/wp-json\/wp\/v2\/pages\/4521"}],"collection":[{"href":"https:\/\/campusaltea.umh.es\/es\/wp-json\/wp\/v2\/pages"}],"about":[{"href":"https:\/\/campusaltea.umh.es\/es\/wp-json\/wp\/v2\/types\/page"}],"author":[{"embeddable":true,"href":"https:\/\/campusaltea.umh.es\/es\/wp-json\/wp\/v2\/users\/469"}],"replies":[{"embeddable":true,"href":"https:\/\/campusaltea.umh.es\/es\/wp-json\/wp\/v2\/comments?post=4521"}],"version-history":[{"count":0,"href":"https:\/\/campusaltea.umh.es\/es\/wp-json\/wp\/v2\/pages\/4521\/revisions"}],"wp:attachment":[{"href":"https:\/\/campusaltea.umh.es\/es\/wp-json\/wp\/v2\/media?parent=4521"}],"curies":[{"name":"wp","href":"https:\/\/api.w.org\/{rel}","templated":true}]}}