{"id":4301,"date":"2016-11-20T20:58:45","date_gmt":"2016-11-20T20:58:45","guid":{"rendered":"http:\/\/campusaltea.umh.es\/?page_id=4301"},"modified":"2023-03-15T15:57:37","modified_gmt":"2023-03-15T15:57:37","slug":"david-trujillo-ruiz","status":"publish","type":"page","link":"https:\/\/campusaltea.umh.es\/es\/david-trujillo-ruiz\/","title":{"rendered":"David Trujillo Ruiz"},"content":{"rendered":"<p><div  class=\"ut-one-half  \">\n<p><img loading=\"lazy\" class=\"alignleft wp-image-4022 size-full\" src=\"http:\/\/campusaltea.umh.es\/files\/2016\/10\/David-Trujillo1.jpg\" alt=\"\" width=\"750\" height=\"1000\" srcset=\"https:\/\/campusaltea.umh.es\/files\/2016\/10\/David-Trujillo1.jpg 750w, https:\/\/campusaltea.umh.es\/files\/2016\/10\/David-Trujillo1-225x300.jpg 225w\" sizes=\"(max-width: 750px) 100vw, 750px\" \/><\/p>\n<\/div>\n<div  class=\"ut-one-half ut-column-last  \">\n<h4>David Trujillo Ruiz<\/h4>\n<p>Su investigaci\u00f3n art\u00edstica se ha centrado, desde el principio de su carrera, en el control social a trav\u00e9s de la tecnificaci\u00f3n y los medios de masas, y la relaci\u00f3n de \u00e9ste con el espacio f\u00edsico. Pero poco a poco su foco de inter\u00e9s se ha ido trasladando, por la inclusi\u00f3n de las tecnolog\u00edas inal\u00e1mbricas, en el espacio hertziano, es decir, en el lugar intangible de interacci\u00f3n entre las tecnolog\u00edas inal\u00e1mbricas, las personas y el espacio f\u00edsico, junto con las radiaciones radioel\u00e9ctricas naturales y las artificiales de los dispositivos el\u00e9ctricos\/electr\u00f3nicos.<\/p>\n<p>Como resultado de dichas investigaciones te\u00f3ricas y pr\u00e1cticas, ha realizado instalaciones, intervenciones y pintura multimedia, usando las propias tecnolog\u00edas a las que hace referencia en diferentes exposiciones; convirti\u00e9ndose adem\u00e1s en el n\u00facleo central de su tesis.<\/p>\n<p><span style=\"font-weight: 400\">Ha colaborado con la Galer\u00eda Aural (2004-2005) de Alicante, y trabajado con la Galer\u00eda C5 Colecci\u00f3n (2005-2009) y Factor\u00eda Compostela (2009-2011) en Santiago de Compostela. En la actualidad trabaja con Factor\u00eda la Habana (Cuba) y Art travel SENSE.<\/span><\/p>\n<\/div><div class=\"clear\"><\/div>\n<hr \/>\n<div  class=\"ut-one-half  \">\n<h5>Informaci\u00f3n adicional<\/h5>\n<div id=\"ut-accordion-parent-1\" class=\"ut-accordion\"><div class=\"ut-accordion-group\"> <div class=\"ut-accordion-heading \"><a data-parent=\"#ut-accordion-parent-1\" class=\"accordion-toggle collapsed \" data-toggle=\"collapse\" data-target=\"#accordion0\">Campos de Interes<\/a><\/div><div id=\"accordion0\" class=\"ut-accordion-body collapse\"><div class=\"ut-accordion-inner entry-content clearfix\">\n<ul>\n<li>El espacio hertziano como <em>site <\/em>para el arte contempor\u00e1neo.<\/li>\n<li>Tecnolog\u00edas y Medios de comunicaci\u00f3n (TICs).<\/li>\n<li>Videoinstalaciones, videoarte, intervenciones, arte sonoro.<\/li>\n<\/ul>\n<\/div><\/div>\n<div id=\"ut-accordion-parent-2\" class=\"ut-accordion\"><div class=\"ut-accordion-group\"><\/div><\/div> <div class=\"ut-accordion-heading \"><a data-parent=\"#ut-accordion-parent-2\" class=\"accordion-toggle collapsed \" data-toggle=\"collapse\" data-target=\"#accordion1\">Estudios<\/a><\/div><div id=\"accordion1\" class=\"ut-accordion-body collapse\"><div class=\"ut-accordion-inner entry-content clearfix\">\n<ul>\n<li>Doctor en Bellas Artes por el Departamento de Arte de la Universidad Miguel Hern\u00e1ndez, 2015.<\/li>\n<li>BECA FPU, Beca\u00a0 de formaci\u00f3n de personal docente e investigador, Ministerio de Educaci\u00f3n y Ciencia, (2005-2009), adscrito al departamento de Arte, Humanidades y Ciencias Sociales y Jur\u00eddicas de la UMH.<\/li>\n<li>Diploma de Estudios Avanzados (DEA), UMH, 2006.<\/li>\n<li>Licenciado en Bellas Artes en la Facultad de Altea, Universidad Miguel Hern\u00e1ndez de Elche (1999-04). Primer Premio Extraordinario Nacional de la Licenciatura de Bellas Artes (1999-04).<\/li>\n<li>Diplomado en Educaci\u00f3n Primaria por la Facultad de Ciencias de la Educaci\u00f3n de la Universidad de Granada (1996-99).<\/li>\n<\/ul>\n<\/div><\/div>\n<div id=\"ut-accordion-parent-3\" class=\"ut-accordion\"><div class=\"ut-accordion-group\"><\/div><\/div> <div class=\"ut-accordion-heading \"><a data-parent=\"#ut-accordion-parent-3\" class=\"accordion-toggle collapsed \" data-toggle=\"collapse\" data-target=\"#accordion2\">Tesis doctoral<\/a><\/div><div id=\"accordion2\" class=\"ut-accordion-body collapse\"><div class=\"ut-accordion-inner entry-content clearfix\">\n<p><em>El espacio hertziano como site-specific. Pr\u00e1cticas art\u00edsticas contempor\u00e1neas (2000-2014), <\/em>2015, <em>cum laude<\/em>.<\/p>\n<\/div><\/div>\n<div id=\"ut-accordion-parent-4\" class=\"ut-accordion\"><div class=\"ut-accordion-group\"><\/div><\/div> <div class=\"ut-accordion-heading \"><a data-parent=\"#ut-accordion-parent-4\" class=\"accordion-toggle collapsed \" data-toggle=\"collapse\" data-target=\"#accordion3\">L\u00edneas de investigaci\u00f3n<\/a><\/div><div id=\"accordion3\" class=\"ut-accordion-body collapse\"><div class=\"ut-accordion-inner entry-content clearfix\">\n<ul>\n<li>Arqueolog\u00eda de los medios y Pr\u00e1ctica art\u00edstica.<\/li>\n<li>Arte, ciencia y tecnolog\u00eda.<\/li>\n<li>Vidyalab, laboratorio del conocimiento.<\/li>\n<\/ul>\n<\/div><\/div>\n<div id=\"ut-accordion-parent-5\" class=\"ut-accordion\"><div class=\"ut-accordion-group\"><\/div><\/div> <div class=\"ut-accordion-heading \"><a data-parent=\"#ut-accordion-parent-5\" class=\"accordion-toggle collapsed \" data-toggle=\"collapse\" data-target=\"#accordion4\">Enlace a web personal<\/a><\/div><div id=\"accordion4\" class=\"ut-accordion-body collapse\"><div class=\"ut-accordion-inner entry-content clearfix\">\n<p><a href=\"http:\/\/josevicentemartin.edu.umh.es\">http:\/\/www.davidtrujillo.es<\/a><\/p>\n<\/div><\/div>\n<div id=\"ut-accordion-parent-6\" class=\"ut-accordion\"><div class=\"ut-accordion-group\"><\/div><\/div> <div class=\"ut-accordion-heading \"><a data-parent=\"#ut-accordion-parent-6\" class=\"accordion-toggle collapsed \" data-toggle=\"collapse\" data-target=\"#accordion5\">Exposiciones individuales<\/a><\/div><div id=\"accordion5\" class=\"ut-accordion-body collapse\"><div class=\"ut-accordion-inner entry-content clearfix\">\n<ul>\n<li style=\"font-weight: 400\"><i><span style=\"font-weight: 400\">Cartograf\u00edas de lo invisible,<\/span><\/i><span style=\"font-weight: 400\"> en el M.U.A de Alicante, 2019, cat\u00e1logo.<\/span><\/li>\n<li style=\"font-weight: 400\"><i><span style=\"font-weight: 400\">Cuentos hertzianos, <\/span><\/i><span style=\"font-weight: 400\">en el Palacio de la Madraza de Granada, 2019, cat\u00e1logo.<\/span><\/li>\n<li><em>The haunting sounds<\/em>, Sala La Lonja, 2014, Alicante, cat\u00e1logo.<\/li>\n<li><em>Todo sigue igual<\/em>, Fundaci\u00f3n Frax, Alfaz del Pi, 2012; <em>Todo segue igual, <\/em>Secretar\u00eda xeral da Igualdade, Xunta de Galicia, 2009,\u00a0 Santiago de Compostela, cat\u00e1logo.<\/li>\n<li><em>En lo que va de a\u00f1o<\/em>. Stand Institucional de la Direcci\u00f3n General de Igualdad de Oportunidades del Ayuntamiento de Madrid, Feria Internacional Estampa, Madrid, 2008, cat\u00e1logo.<\/li>\n<li><em>Circuitos cerrados, <\/em>Museo de la Universidad de Alicante, 2006, cat\u00e1logo.<\/li>\n<li><em>Interiores<\/em>, Centro 14, Alicante, 2004, cat\u00e1logo.<\/li>\n<\/ul>\n<\/div><\/div>\n<div id=\"ut-accordion-parent-7\" class=\"ut-accordion\"><div class=\"ut-accordion-group\"><\/div><\/div> <div class=\"ut-accordion-heading \"><a data-parent=\"#ut-accordion-parent-7\" class=\"accordion-toggle collapsed \" data-toggle=\"collapse\" data-target=\"#accordion6\">Exposiciones colectivas<\/a><\/div><div id=\"accordion6\" class=\"ut-accordion-body collapse\"><div class=\"ut-accordion-inner entry-content clearfix\">\n<ul>\n<li style=\"font-weight: 400\"><i><span style=\"font-weight: 400\">Art p\u00fablic\/universitat p\u00fablica <\/span><\/i><span style=\"font-weight: 400\">Valencia 2019.<\/span><\/li>\n<li style=\"font-weight: 400\"><span style=\"font-weight: 400\">#365ALC_PAISATGE, Consorcio de museos de la Comunidad Valenciana. La Lonja. Diciembre 2018. Alicante. cat\u00e1logo.<\/span><\/li>\n<li><em>La ventana indiscreta<\/em>, 3-CMCV, Consorcio de museos de la Comunidad Valenciana, Sala San Miguel, 2015, Castell\u00f3n; Centro del Carmen, 2014, Valencia; Las cigarreras, 2014, Alicante, cat\u00e1logo.<\/li>\n<li><em>Zootropio<\/em>, Short Film and Video Festival, 2012, Oporto, cat\u00e1logo.<\/li>\n<li><em>Estampa<\/em><em>,<\/em> Feria Internacional Estampa, Galer\u00eda Factor\u00eda Compostela, Madrid, 2010, cat\u00e1logo.<\/li>\n<li><em>Festival eutop\u00eda,<\/em> 2010, C\u00f3rdoba, cat\u00e1logo.<\/li>\n<li><em>Puntas de flecha,<\/em> Consorcio de museos de la Comunidad Valenciana, La Lonja, 2010, Alicante; Sala Ataranzanas, 2009; Valencia, cat\u00e1logo.<\/li>\n<li><em>Feria internacional <\/em><em>shcontemporary 09,<\/em> The asia pacific contemporary art fair, 2009, Shangai, cat\u00e1logo.<\/li>\n<li><em>13 Canariasmediafest,<\/em> Festival Internacional de Nuevos Medios, Gran Canaria Espacio Digital de las Palmas de Gran Canaria, 2008, cat\u00e1logo.<\/li>\n<li><em>Artistas en acci\u00f3n,<\/em> Galer\u00eda C5colecci\u00f3n, 2008, Santiago de Compostela, cat\u00e1logo.<\/li>\n<li><em>ARCO 2008.<\/em> <em>Ideas y Propuestas para el arte en Espa\u00f1a,<\/em> Stand del Ministerio de Cultura, 2008, Madrid, cat\u00e1logo.<\/li>\n<li><em>Tentaciones de Estampa XV<\/em><em>,<\/em> Feria Internacional Estampa, 2007, Madrid, cat\u00e1logo.<\/li>\n<\/ul>\n<\/div><\/div>\n<div id=\"ut-accordion-parent-8\" class=\"ut-accordion\"><div class=\"ut-accordion-group\"><\/div><\/div> <div class=\"ut-accordion-heading \"><a data-parent=\"#ut-accordion-parent-8\" class=\"accordion-toggle collapsed \" data-toggle=\"collapse\" data-target=\"#accordion7\">Libros<\/a><\/div><div id=\"accordion7\" class=\"ut-accordion-body collapse\"><div class=\"ut-accordion-inner entry-content clearfix\">\n<ul>\n<li><span style=\"font-weight: 400\">Trujillo Ruiz, D. y Luna Lozano, S. (2021). \u201cContar sin palabras. El fotolibro como parte del proyecto art\u00edstico\u201d, en D. Trujillo Ruiz y J.L. Lozano Jime\u0301nez (coords.), <\/span><i><span style=\"font-weight: 400\">La academia global. Perspectivas contempor\u00e1neas sobre docencia, investigaci\u00f3n y creaci\u00f3n en arte <\/span><\/i><span style=\"font-weight: 400\">(261-271)<\/span><i><span style=\"font-weight: 400\">. <\/span><\/i><span style=\"font-weight: 400\">Alicante: Universidad Miguel Hern\u00e1ndez.<\/span> <span style=\"font-weight: 400\">ISBN: 978-84-09-32626-6<\/span><\/li>\n<li><span style=\"font-weight: 400\">Trujillo Ruiz, D.\u00a0 (2018) \u201cVisualizar, sonificar y tangibilizar. Tres acciones para revelar el espacio hertziano de la ciudad informacional actual\u201d. Universidad de Vigo. ISBN: 978-84-8158-829-3\u00a0<\/span><\/li>\n<li><span style=\"font-weight: 400\">Trujillo Ruiz, D.\u00a0 (2017). \u201cDesmaterializacio\u0301n, descorporeizacio\u0301n e inmaterialidad en el siglo xx. El proceso de transformacio\u0301n este\u0301tico y material hacia un arte que utiliza el espacio hertziano como site.\u201d Universidad Complutense de Madrid. ISBN: 978-84-09-07822-6\u00a0<\/span><\/li>\n<li><span style=\"font-weight: 400\">Art\u00edculos en revistas,<\/span><\/li>\n<li><span style=\"font-weight: 400\">Naval\u00f3n Blesa, Natividad, y Trujillo Ruiz, David. 2020. \u201cEl Espacio Hertziano: Site [lugar] com\u00fan para el arte y la arquitectura contempor\u00e1nea en La Ciudad Informacional\u201d\u00bb.\u00a0<\/span><i><span style=\"font-weight: 400\">AusArt<\/span><\/i><span style=\"font-weight: 400\">\u00a08 (2). <\/span><a href=\"https:\/\/doi.org\/10.1387\/ausart.22084\"><span style=\"font-weight: 400\">https:\/\/doi.org\/10.1387\/ausart.22084<\/span><\/a><span style=\"font-weight: 400\">.<\/span><\/li>\n<li><span style=\"font-weight: 400\">Trujillo Ruiz, David y Naval\u00f3n Blesa, Natividad. (2019). \u201cRevelando el espacio hertziano\u201d en: Zarza N\u00fa\u00f1ez, T &amp; S\u00e1nchez-Mo\u00f1ita, T. (Eds.).\u00a0<\/span><i><span style=\"font-weight: 400\">Los Flujos de la imagen.<\/span><\/i><span style=\"font-weight: 400\">\u00a0ASRI. n\u00ba 17: 122-139. Eumed.net-URJC.\u00a0Recuperado de <\/span><a href=\"https:\/\/www.eumed.net\/rev\/asri\/17\/espacio-hertziano.html\"><span style=\"font-weight: 400\">https:\/\/www.eumed.net\/rev\/asri\/17\/espacio-hertziano.html<\/span><\/a><\/li>\n<li><span style=\"font-weight: 400\">Naval\u00f3n Blesa, Natividad, y Trujillo Ruiz, David. 2017<\/span><span style=\"font-weight: 400\">. \u201cLa ciudad informacional, un site para el arte del siglo XXI\u201d. <\/span><span style=\"font-weight: 400\">Arte y Ciudad -Revista de Investigaci\u00f3n N\u00ba 11\u2013abril de 2017 (pp.7-32).<\/span> <span style=\"font-weight: 400\">ISSN 2254-2930\/\/ e-ISSN: 2254-7673 <\/span><a href=\"http:\/\/dx.doi.org\/10.22530\/ayc.2017.N11.403\"><span style=\"font-weight: 400\">http:\/\/dx.doi.org\/10.22530\/ayc.2017.N11.403<\/span><\/a><br \/>\n<span style=\"font-weight: 400\">Trujillo Ruiz, David. \u201c<\/span><span style=\"font-weight: 400\">Arte en la ciudad lenguajes tecnol\u00f3gicos y privacidad ciudadana \u201cArte y Ciudad: Revista de Investigaci\u00f3n, ISSN-e 2254-2930, N\u00ba 2, 2012, p\u00e1gs. 77-86. Universidad Complutense de Madrid.<\/span><\/li>\n<\/ul>\n<\/div><\/div>\n<div id=\"ut-accordion-parent-9\" class=\"ut-accordion\"><div class=\"ut-accordion-group\"><\/div><\/div> <div class=\"ut-accordion-heading \"><a data-parent=\"#ut-accordion-parent-9\" class=\"accordion-toggle collapsed \" data-toggle=\"collapse\" data-target=\"#accordion8\">Comisariados<\/a><\/div><div id=\"accordion8\" class=\"ut-accordion-body collapse\"><div class=\"ut-accordion-inner entry-content clearfix\">\n<ul>\n<li style=\"font-weight: 400\"><i><span style=\"font-weight: 400\">El turista accidental.<\/span><\/i><span style=\"font-weight: 400\"> 2021. Museo Boca del Calvari. Benidorm. Cat\u00e1logo<\/span><\/li>\n<li style=\"font-weight: 400\"><i><span style=\"font-weight: 400\">Trust Me.<\/span><\/i><span style=\"font-weight: 400\"> 2019. Casa Bardi\u0301n. Instituto de Cultura Juan Gil Albert de Alicante. Cat\u00e1logo\u00a0<\/span><\/li>\n<li style=\"font-weight: 400\"><i><span style=\"font-weight: 400\">Procesos.<\/span><\/i><span style=\"font-weight: 400\"> 2012, Espai d \u0301Arte Mercado. Ayuntamiento de Benidorm. Benidorm. Cat\u00e1logo.<\/span><\/li>\n<li style=\"font-weight: 400\"><i><span style=\"font-weight: 400\">Frecuencias.<\/span><\/i><span style=\"font-weight: 400\"> 2012, Espai d \u0301Arte Mercado. Ayuntamiento de Benidorm. Benidorm. Cat\u00e1logo.<\/span><\/li>\n<li style=\"font-weight: 400\"><i>Catarsis.<\/i> 2007. Centro 14 de Alicante. Cat\u00e1logo.<\/li>\n<\/ul>\n<\/div><\/div>\n<div id=\"ut-accordion-parent-10\" class=\"ut-accordion\"><div class=\"ut-accordion-group\"><\/div><\/div> <div class=\"ut-accordion-heading \"><a data-parent=\"#ut-accordion-parent-10\" class=\"accordion-toggle collapsed \" data-toggle=\"collapse\" data-target=\"#accordion9\">Premios y becas<\/a><\/div><div id=\"accordion9\" class=\"ut-accordion-body collapse\"><div class=\"ut-accordion-inner entry-content clearfix\">\n<ul>\n<li style=\"font-weight: 400\"><span style=\"font-weight: 400\">Banco Sabadell-Catedra de Arte Contempor\u00e1neo Antoni Mir\u00f3 2018.<\/span><\/li>\n<li style=\"font-weight: 400\"><span style=\"font-weight: 400\">Ayudas a la producci\u00f3n art\u00edstica Universidad de Granada 2018<\/span><\/li>\n<li style=\"font-weight: 400\"><span style=\"font-weight: 400\">Cultura Resident, Consorcio de Museos Comunidad Valenciana. 2017<\/span><\/li>\n<li>Primer Premio Nacional Arte digital Carsarte 2014.<\/li>\n<li>Beca de Creaci\u00f3n Art\u00edstica 3-CMCV. Consorcio de Museos Comunidad Valenciana, 2013.<\/li>\n<li>Primer Premio en <em>Miradas desde el dibujo y la fotograf\u00eda. Espacios naturales alicantinos<\/em> del Instituto Alicantino de Cultura Juan Gil-Albert (IAC), 2010.<\/li>\n<li>Premio al Mejor Artista de Tentaciones, por la Asociaci\u00f3n Madrile\u00f1a de Cr\u00edticos de Arte en la Feria Internacional Estampa, Madrid, 2007.<\/li>\n<li>Primer premio del V Certamen Nacional de Pintura <em>Miradas 2006<\/em> de la fundaci\u00f3n Jorge Ali\u00f3, 2006.<\/li>\n<\/ul>\n<\/div><\/div>\n<div id=\"ut-accordion-parent-11\" class=\"ut-accordion\"><div class=\"ut-accordion-group\"><\/div><\/div> <div class=\"ut-accordion-heading \"><a data-parent=\"#ut-accordion-parent-11\" class=\"accordion-toggle collapsed \" data-toggle=\"collapse\" data-target=\"#accordion10\">Obra en colecciones de arte<\/a><\/div><div id=\"accordion10\" class=\"ut-accordion-body collapse\"><div class=\"ut-accordion-inner entry-content clearfix\">\n<ul>\n<li><span style=\"font-weight: 400\">Universidad de Granada.<\/span><\/li>\n<li style=\"font-weight: 400\"><span style=\"font-weight: 400\">Museo del Calzado, Elda.<\/span><\/li>\n<li style=\"font-weight: 400\"><span style=\"font-weight: 400\">MARQ, Alicante.<\/span><\/li>\n<li style=\"font-weight: 400\"><span style=\"font-weight: 400\">Museo Matt Lamb, Chicago.<\/span><\/li>\n<li style=\"font-weight: 400\"><span style=\"font-weight: 400\">Instituto Alicantino de Cultura. Juan Gil-Albert (IAC).<\/span><\/li>\n<li style=\"font-weight: 400\"><span style=\"font-weight: 400\">Fundaci\u00f3n Jorge Ali\u00f3.<\/span><\/li>\n<li style=\"font-weight: 400\"><span style=\"font-weight: 400\">Instituto Andaluz de la Juventud, Arte y Creaci\u00f3n Joven.<\/span><\/li>\n<li style=\"font-weight: 400\"><span style=\"font-weight: 400\">Museo Nacional Centro de Arte Reina Sof\u00eda. Departamento de Biblioteca y Centro de Documentaci\u00f3n.<\/span><\/li>\n<li style=\"font-weight: 400\"><span style=\"font-weight: 400\">Diputaci\u00f3n Provincial de Alicante.<\/span><\/li>\n<li style=\"font-weight: 400\"><span style=\"font-weight: 400\">Fondo Talens, Barcelona.<\/span><\/li>\n<li style=\"font-weight: 400\"><span style=\"font-weight: 400\">Excmo. Ayuntamiento de Benidorm, Alicante.<\/span><\/li>\n<\/ul>\n<\/div><\/div>\n<div id=\"ut-accordion-parent-12\" class=\"ut-accordion\"><div class=\"ut-accordion-group\"><\/div><\/div> <div class=\"ut-accordion-heading \"><a data-parent=\"#ut-accordion-parent-12\" class=\"accordion-toggle collapsed \" data-toggle=\"collapse\" data-target=\"#accordion11\">Otros<\/a><\/div><div id=\"accordion11\" class=\"ut-accordion-body collapse\"><div class=\"ut-accordion-inner entry-content clearfix\">\n<ul>\n<li>Escultura P\u00fablica, Fundaci\u00f3n Benigar, Alicante, 2009.<\/li>\n<li>Escultura P\u00fablica, Fundaci\u00f3n Concha M\u00e1rquez, Hitos del Rodenal, FII, Luz\u00f3n, 2008.<\/li>\n<li>Escultura P\u00fablica, Ayuntamiento de Finestrat, Alicante, 2004.<\/li>\n<\/ul>\n<\/div><\/div>\n<\/div><\/div>\n<\/div>\n<div  class=\"ut-one-half ut-column-last  \">\n<p>\n\t\t\t<!-- START trujillo REVOLUTION SLIDER 6.5.14 --><p class=\"rs-p-wp-fix\"><\/p>\n\t\t\t<rs-module-wrap id=\"rev_slider_54_1_wrapper\" data-source=\"gallery\" style=\"visibility:hidden;background:transparent;padding:0;margin:0px auto;margin-top:0;margin-bottom:0;\">\n\t\t\t\t<rs-module id=\"rev_slider_54_1\" style=\"\" data-version=\"6.5.14\">\n\t\t\t\t\t<rs-slides>\n\t\t\t\t\t\t<rs-slide style=\"position: absolute;\" data-key=\"rs-462\" data-title=\"Slide\" data-thumb=\"\/\/campusaltea.umh.es\/files\/2023\/03\/Benidorm-hertzian-soundscape_-2019_general-scaled-100x50.jpg\" data-in=\"o:0;\" data-out=\"a:false;\">\n\t\t\t\t\t\t\t<img src=\"\/\/campusaltea.umh.es\/wp-content\/plugins\/revslider\/public\/assets\/assets\/dummy.png\" alt=\"\" title=\"Benidorm hertzian soundscape_ 2019_general\" width=\"2560\" height=\"1707\" class=\"rev-slidebg tp-rs-img rs-lazyload\" data-lazyload=\"\/\/campusaltea.umh.es\/files\/2023\/03\/Benidorm-hertzian-soundscape_-2019_general-scaled.jpg\" data-bg=\"f:contain;\" data-no-retina>\n<!---->\t\t\t\t\t\t<\/rs-slide>\n\t\t\t\t\t\t<rs-slide style=\"position: absolute;\" data-key=\"rs-463\" data-title=\"Slide\" data-thumb=\"\/\/campusaltea.umh.es\/files\/2023\/03\/Paisaje-sonoro-hertziano_La-Madraza.-2019-scaled-100x50.jpg\" data-in=\"o:0;\" data-out=\"a:false;\">\n\t\t\t\t\t\t\t<img src=\"\/\/campusaltea.umh.es\/wp-content\/plugins\/revslider\/public\/assets\/assets\/dummy.png\" alt=\"\" title=\"Paisaje sonoro hertziano_La Madraza. 2019\" width=\"2560\" height=\"1707\" class=\"rev-slidebg tp-rs-img rs-lazyload\" data-lazyload=\"\/\/campusaltea.umh.es\/files\/2023\/03\/Paisaje-sonoro-hertziano_La-Madraza.-2019-scaled.jpg\" data-bg=\"f:contain;\" data-no-retina>\n<!---->\t\t\t\t\t\t<\/rs-slide>\n\t\t\t\t\t\t<rs-slide style=\"position: absolute;\" data-key=\"rs-464\" data-title=\"Slide\" data-thumb=\"\/\/campusaltea.umh.es\/files\/2023\/03\/Reflejos-del-ruido-blanco-1.2-Ghz-2.4-Ghz-y-5.8-Ghz.-2019-scaled-100x50.jpg\" data-in=\"o:0;\" data-out=\"a:false;\">\n\t\t\t\t\t\t\t<img src=\"\/\/campusaltea.umh.es\/wp-content\/plugins\/revslider\/public\/assets\/assets\/dummy.png\" alt=\"\" title=\"Reflejos del ruido blanco, 1.2 Ghz, 2.4 Ghz y 5.8 Ghz. 2019\" width=\"2560\" height=\"1707\" class=\"rev-slidebg tp-rs-img rs-lazyload\" data-lazyload=\"\/\/campusaltea.umh.es\/files\/2023\/03\/Reflejos-del-ruido-blanco-1.2-Ghz-2.4-Ghz-y-5.8-Ghz.-2019-scaled.jpg\" data-bg=\"f:contain;\" data-no-retina>\n<!---->\t\t\t\t\t\t<\/rs-slide>\n\t\t\t\t\t\t<rs-slide style=\"position: absolute;\" data-key=\"rs-465\" data-title=\"Slide\" data-thumb=\"\/\/campusaltea.umh.es\/files\/2023\/03\/Reflejos-del-ruido-blanco-1.2-Ghz-2.4-Ghz-y-5.8-Ghz.-2019_detalle-scaled-100x50.jpg\" data-in=\"o:0;\" data-out=\"a:false;\">\n\t\t\t\t\t\t\t<img src=\"\/\/campusaltea.umh.es\/wp-content\/plugins\/revslider\/public\/assets\/assets\/dummy.png\" alt=\"\" title=\"Reflejos del ruido blanco, 1.2 Ghz, 2.4 Ghz y 5.8 Ghz. 2019_detalle\" width=\"2560\" height=\"1707\" class=\"rev-slidebg tp-rs-img rs-lazyload\" data-lazyload=\"\/\/campusaltea.umh.es\/files\/2023\/03\/Reflejos-del-ruido-blanco-1.2-Ghz-2.4-Ghz-y-5.8-Ghz.-2019_detalle-scaled.jpg\" data-bg=\"f:contain;\" data-no-retina>\n<!---->\t\t\t\t\t\t<\/rs-slide>\n\t\t\t\t\t\t<rs-slide style=\"position: absolute;\" data-key=\"rs-466\" data-title=\"Slide\" data-thumb=\"\/\/campusaltea.umh.es\/files\/2023\/03\/Sin-Titulo_2019-scaled-100x50.jpg\" data-in=\"o:0;\" data-out=\"a:false;\">\n\t\t\t\t\t\t\t<img src=\"\/\/campusaltea.umh.es\/wp-content\/plugins\/revslider\/public\/assets\/assets\/dummy.png\" alt=\"\" title=\"Sin T\u00edtulo_2019\" width=\"2560\" height=\"1707\" class=\"rev-slidebg tp-rs-img rs-lazyload\" data-lazyload=\"\/\/campusaltea.umh.es\/files\/2023\/03\/Sin-Titulo_2019-scaled.jpg\" data-bg=\"f:contain;\" data-no-retina>\n<!---->\t\t\t\t\t\t<\/rs-slide>\n\t\t\t\t\t\t<rs-slide style=\"position: absolute;\" data-key=\"rs-692\" data-title=\"Slide\" data-thumb=\"\/\/campusaltea.umh.es\/files\/2023\/03\/Sin-Titulo_2019_detalle-scaled-100x50.jpg\" data-in=\"o:0;\" data-out=\"a:false;\">\n\t\t\t\t\t\t\t<img src=\"\/\/campusaltea.umh.es\/wp-content\/plugins\/revslider\/public\/assets\/assets\/dummy.png\" alt=\"\" title=\"Sin T\u00edtulo_2019_detalle\" width=\"2560\" height=\"1707\" class=\"rev-slidebg tp-rs-img rs-lazyload\" data-lazyload=\"\/\/campusaltea.umh.es\/files\/2023\/03\/Sin-Titulo_2019_detalle-scaled.jpg\" data-bg=\"f:contain;\" data-no-retina>\n<!---->\t\t\t\t\t\t<\/rs-slide>\n\t\t\t\t\t\t<rs-slide style=\"position: absolute;\" data-key=\"rs-695\" data-title=\"Slide\" data-thumb=\"\/\/campusaltea.umh.es\/files\/2023\/03\/Valencia-soundscape_2018-100x50.jpg\" data-in=\"o:0;\" data-out=\"a:false;\">\n\t\t\t\t\t\t\t<img src=\"\/\/campusaltea.umh.es\/wp-content\/plugins\/revslider\/public\/assets\/assets\/dummy.png\" alt=\"\" title=\"Valencia soundscape_2018\" width=\"2000\" height=\"1333\" class=\"rev-slidebg tp-rs-img rs-lazyload\" data-lazyload=\"\/\/campusaltea.umh.es\/files\/2023\/03\/Valencia-soundscape_2018.jpg\" data-bg=\"f:contain;\" data-no-retina>\n<!---->\t\t\t\t\t\t<\/rs-slide>\n\t\t\t\t\t<\/rs-slides>\n\t\t\t\t<\/rs-module>\n\t\t\t\t<script>\n\t\t\t\t\tsetREVStartSize({c: 'rev_slider_54_1',rl:[1240,1024,778,480],el:[868],gw:[1240],gh:[868],type:'standard',justify:'',layout:'fullwidth',mh:\"0\"});if (window.RS_MODULES!==undefined && window.RS_MODULES.modules!==undefined && window.RS_MODULES.modules[\"revslider541\"]!==undefined) {window.RS_MODULES.modules[\"revslider541\"].once = false;window.revapi54 = undefined;if (window.RS_MODULES.checkMinimal!==undefined) window.RS_MODULES.checkMinimal()}\n\t\t\t\t<\/script>\n\t\t\t<\/rs-module-wrap>\n\t\t\t<!-- END REVOLUTION SLIDER -->\n<br \/>\n<\/div><div class=\"clear\"><\/div><\/p>","protected":false},"excerpt":{"rendered":"David Trujillo Ruiz Su investigaci\u00f3n art\u00edstica se ha centrado, desde el principio de su carrera, en el control social a trav\u00e9s de la tecnificaci\u00f3n y los medios de masas, y la relaci\u00f3n de \u00e9ste con el espacio f\u00edsico. Pero poco a poco su foco de inter\u00e9s se ha ido trasladando, por la inclusi\u00f3n de las [...]","protected":false},"author":469,"featured_media":0,"parent":0,"menu_order":0,"comment_status":"closed","ping_status":"open","template":"","meta":{"_links_to":"","_links_to_target":""},"_links":{"self":[{"href":"https:\/\/campusaltea.umh.es\/es\/wp-json\/wp\/v2\/pages\/4301"}],"collection":[{"href":"https:\/\/campusaltea.umh.es\/es\/wp-json\/wp\/v2\/pages"}],"about":[{"href":"https:\/\/campusaltea.umh.es\/es\/wp-json\/wp\/v2\/types\/page"}],"author":[{"embeddable":true,"href":"https:\/\/campusaltea.umh.es\/es\/wp-json\/wp\/v2\/users\/469"}],"replies":[{"embeddable":true,"href":"https:\/\/campusaltea.umh.es\/es\/wp-json\/wp\/v2\/comments?post=4301"}],"version-history":[{"count":0,"href":"https:\/\/campusaltea.umh.es\/es\/wp-json\/wp\/v2\/pages\/4301\/revisions"}],"wp:attachment":[{"href":"https:\/\/campusaltea.umh.es\/es\/wp-json\/wp\/v2\/media?parent=4301"}],"curies":[{"name":"wp","href":"https:\/\/api.w.org\/{rel}","templated":true}]}}