{"id":4299,"date":"2016-11-29T12:23:07","date_gmt":"2016-11-29T12:23:07","guid":{"rendered":"http:\/\/campusaltea.umh.es\/?page_id=4299"},"modified":"2017-02-28T12:57:36","modified_gmt":"2017-02-28T12:57:36","slug":"daniel-pablo-tejero-olivares","status":"publish","type":"page","link":"https:\/\/campusaltea.umh.es\/es\/daniel-pablo-tejero-olivares\/","title":{"rendered":"Daniel Pablo Tejero Olivares"},"content":{"rendered":"<p><div  class=\"ut-one-half  \">\n<p><img loading=\"lazy\" class=\"alignleft wp-image-4021 size-full\" src=\"http:\/\/campusaltea.umh.es\/files\/2016\/10\/Dani-negro1.jpg\" alt=\"\" width=\"750\" height=\"1000\" srcset=\"https:\/\/campusaltea.umh.es\/files\/2016\/10\/Dani-negro1.jpg 750w, https:\/\/campusaltea.umh.es\/files\/2016\/10\/Dani-negro1-225x300.jpg 225w\" sizes=\"(max-width: 750px) 100vw, 750px\" \/><\/p>\n<\/div>\n<div  class=\"ut-one-half ut-column-last  \">\n<h4>Daniel Pablo Tejero Olivares<\/h4>\n<p style=\"text-align: justify;\">Artista pl\u00e1stico e investigador, Profesor Titular de Universidad, y director del grupo de investigaci\u00f3n \u201cFiguras del Exceso y Pol\u00edticas del Cuerpo\u201d en la Universidad Miguel Hern\u00e1ndez. Con una trayectoria profesional de casi veinte a\u00f1os, tiene en su haber exposiciones individuales como <em>Confluvium Benidormense <\/em>en la galer\u00eda Kessler Battaglia<em>, Art Golf Resort, Ausencia presencia, o Juega conmigo<\/em>, as\u00ed como innumerables colectivas, entre las m\u00e1s recientes: <em>Iconograf\u00edas de la Desobediencia<\/em> en Galer\u00eda Punto, <em>El aula invertida: estrategias pedag\u00f3gicas y pr\u00e1cticas art\u00edsticas desde la diversidad sexual <\/em>en la Fundaci\u00f3n La Posta, o en Art Madrid.<\/p>\n<p style=\"text-align: justify;\">Su trabajo ha sido reconocido en diferentes ediciones del Premio Bancaixa de Escultura, as\u00ed como en varias convocatorias competitivas de arte p\u00fablico monumental, entre las que cabe destacar su participaci\u00f3n en el Parque Escult\u00f3rico de Luz\u00f3n (Guadalajara 2008) o la construcci\u00f3n de varias obras monumentales en Huelva (1999-2006) y Alicante (2007).\u00a0 Su trabajo como artista-investigador ha evolucionado desde la preocupaci\u00f3n por el cuerpo y las tem\u00e1ticas de sexo, g\u00e9nero y sexualidad, a la celebraci\u00f3n del deseo y de los placeres, que son muchos y variados.<\/p>\n<\/div><div class=\"clear\"><\/div>\n<hr \/>\n<div  class=\"ut-one-half  \">\n<h5>Informaci\u00f3n adicional<\/h5>\n<div id=\"ut-accordion-parent-1\" class=\"ut-accordion\"><div class=\"ut-accordion-group\"> <div class=\"ut-accordion-heading \"><a data-parent=\"#ut-accordion-parent-1\" class=\"accordion-toggle collapsed \" data-toggle=\"collapse\" data-target=\"#accordion0\">Campos de Inter\u00e9s<\/a><\/div><div id=\"accordion0\" class=\"ut-accordion-body collapse\"><div class=\"ut-accordion-inner entry-content clearfix\">\n<ul>\n<li>T\u00e9cnicas escult\u00f3ricas: tradici\u00f3n, experimentaci\u00f3n e innovaci\u00f3n.<\/li>\n<li>Relaci\u00f3n entre arte, g\u00e9nero, sexualidad y placer.<\/li>\n<li>Estudios visuales y culturales.<\/li>\n<\/ul>\n<\/div><\/div>\n<div id=\"ut-accordion-parent-2\" class=\"ut-accordion\"><div class=\"ut-accordion-group\"><\/div><\/div> <div class=\"ut-accordion-heading \"><a data-parent=\"#ut-accordion-parent-2\" class=\"accordion-toggle collapsed \" data-toggle=\"collapse\" data-target=\"#accordion1\">Estudios<\/a><\/div><div id=\"accordion1\" class=\"ut-accordion-body collapse\"><div class=\"ut-accordion-inner entry-content clearfix\">\n<ul>\n<li>Doctor en Bellas Artes, Universidad Polit\u00e9cnica de Valencia, 2003.<\/li>\n<\/ul>\n<\/div><\/div>\n<div id=\"ut-accordion-parent-3\" class=\"ut-accordion\"><div class=\"ut-accordion-group\"><\/div><\/div> <div class=\"ut-accordion-heading \"><a data-parent=\"#ut-accordion-parent-3\" class=\"accordion-toggle collapsed \" data-toggle=\"collapse\" data-target=\"#accordion2\">Tesis doctoral<\/a><\/div><div id=\"accordion2\" class=\"ut-accordion-body collapse\"><div class=\"ut-accordion-inner entry-content clearfix\">\n<p><em>El quehacer art\u00edstico como una b\u00fasqueda y\/o reivindicaci\u00f3n de una identidad gay. Tres artistas en la Comunidad Valenciana durante la d\u00e9cada de los 90, <\/em>2003,<em> cum laude.<\/em><\/p>\n<\/div><\/div>\n<div id=\"ut-accordion-parent-4\" class=\"ut-accordion\"><div class=\"ut-accordion-group\"><\/div><\/div> <div class=\"ut-accordion-heading \"><a data-parent=\"#ut-accordion-parent-4\" class=\"accordion-toggle collapsed \" data-toggle=\"collapse\" data-target=\"#accordion3\">L\u00edneas de investigaci\u00f3n<\/a><\/div><div id=\"accordion3\" class=\"ut-accordion-body collapse\"><div class=\"ut-accordion-inner entry-content clearfix\">\n<ul>\n<li>Pr\u00e1cticas culturales e imaginarios visuales: pol\u00edticas activistas, estridencias y disidencias.<\/li>\n<li>Pr\u00e1cticas art\u00edsticas y contextos sociales.<\/li>\n<li>Nuevos procedimientos escult\u00f3ricos.<\/li>\n<\/ul>\n<\/div><\/div>\n<div id=\"ut-accordion-parent-5\" class=\"ut-accordion\"><div class=\"ut-accordion-group\"><\/div><\/div> <div class=\"ut-accordion-heading \"><a data-parent=\"#ut-accordion-parent-5\" class=\"accordion-toggle collapsed \" data-toggle=\"collapse\" data-target=\"#accordion4\">Exposiciones individuales<\/a><\/div><div id=\"accordion4\" class=\"ut-accordion-body collapse\"><div class=\"ut-accordion-inner entry-content clearfix\">\n<ul>\n<li><em>Operatorium<\/em>, Galeria Punto, Valencia, 2016, cat\u00e1logo.<\/li>\n<li><em>Confluvium Benidormense<\/em>. Galer\u00eda Kressler Battaglia, Valencia, 2013, cat\u00e1logo.<\/li>\n<li><em>Art Collection Golf Resort<\/em>. Galer\u00eda Magazems d`art, Valencia, 2005.<\/li>\n<li><em>Ausencia presencia<\/em>, Casal Jaime I, Gand\u00eda (Valencia), 2004.<\/li>\n<li><em>Juega Conmigo<\/em>, Hangares del trenet, Altea (Alicante), 2001.<\/li>\n<li><em>Proyecto monumento al movimiento ol\u00edmpico, <\/em>Muelle de Las Carabelas, La R\u00e1bida (Huelva), 1999.<\/li>\n<\/ul>\n<\/div><\/div>\n<div id=\"ut-accordion-parent-6\" class=\"ut-accordion\"><div class=\"ut-accordion-group\"><\/div><\/div> <div class=\"ut-accordion-heading \"><a data-parent=\"#ut-accordion-parent-6\" class=\"accordion-toggle collapsed \" data-toggle=\"collapse\" data-target=\"#accordion5\">Exposiciones colectivas<\/a><\/div><div id=\"accordion5\" class=\"ut-accordion-body collapse\"><div class=\"ut-accordion-inner entry-content clearfix\">\n<ul>\n<li><em>Iconograf\u00edas de la desobediencia<\/em><strong>, <\/strong>galer\u00eda Punto, Valencia, 2015.<\/li>\n<li><em> Grimorio Sexual del Grupo Fidex,<\/em> Centre de Cultura Contempor\u00e1nia, Valencia, 2015.<\/li>\n<li><em>El <\/em><em>aula invertida: Estrategias pedag\u00f3gicas y pr\u00e1cticas art\u00edsticas<\/em>, Fundaci\u00f3n La Posta, Valencia, 2014, comisaria: Mar\u00eda Tinoco, cat\u00e1logo.<\/li>\n<li><em>\u00c9xtasis <\/em><em>de Fidex en L\u00b4Estaci\u00f3<\/em>, Centre d\u00b4art L\u00b4Estaci\u00f3, Denia (Alicante), 2014.<\/li>\n<li><em>Plexo de Fidex en Ca Lambert<\/em>, J\u00e1vea (Alicante), 2014.<\/li>\n<li><em>Feria Art-Madrid<\/em>, estand galer\u00eda Punto, Madrid, 2013, cat\u00e1logo.<\/li>\n<li>C<em>orpus FIDEX en Aifos<\/em>, Sala Aifos de la Universitat de Alicant, 2012, cat\u00e1logo.<\/li>\n<li><em>Exceso de FIDEX en Frax<\/em>, Fundaci\u00f3n Frax, Alfaz del P\u00ed\u00a0 (Alicante), 2011, cat\u00e1logo.<\/li>\n<li>II Muestra de Arte Contempor\u00e1neo de Posta, Rieti (Italia), 2011, cat\u00e1logo.<\/li>\n<li><em>Disecciones y variaciones, fragmentos y divagaciones corporales<\/em>, Centre Civic Antic Sanatori, Sagunto (Valencia), 2011, cat\u00e1logo.<\/li>\n<\/ul>\n<\/div><\/div>\n<div id=\"ut-accordion-parent-7\" class=\"ut-accordion\"><div class=\"ut-accordion-group\"><\/div><\/div> <div class=\"ut-accordion-heading \"><a data-parent=\"#ut-accordion-parent-7\" class=\"accordion-toggle collapsed \" data-toggle=\"collapse\" data-target=\"#accordion6\">Libros<\/a><\/div><div id=\"accordion6\" class=\"ut-accordion-body collapse\"><div class=\"ut-accordion-inner entry-content clearfix\">\n<ul>\n<li>Tejero, Daniel, <em>El quehacer art\u00edstico como una b\u00fasqueda y\/o reivindicaci\u00f3n de una identidad gay. Tres artistas en la Comunidad Valenciana durante la d\u00e9cada de los 90<\/em>, Universidad Polit\u00e9cnica de Valencia, 2006.<\/li>\n<li>Tejero, Daniel <em>et al<\/em>., <em>Desencadenantes de los movimientos gays en Espa\u00f1a. \u00bfQu\u00e9 es la Escultura Hoy?, <\/em>Grupo de Investigaci\u00f3n Nuevos Procedimientos Escult\u00f3ricos, Altea, 2004<\/li>\n<li>Tejero, Daniel <em>et al<\/em>., <em>Schuhsammlung von Remei Blasco, Studien-und austellungs objegkte, Baum spekulation, zweitausend st\u00fchle, <\/em>Diputaci\u00f3n de Alicante, Alicante, 2004.<\/li>\n<\/ul>\n<\/div><\/div>\n<div id=\"ut-accordion-parent-8\" class=\"ut-accordion\"><div class=\"ut-accordion-group\"><\/div><\/div> <div class=\"ut-accordion-heading \"><a data-parent=\"#ut-accordion-parent-8\" class=\"accordion-toggle collapsed \" data-toggle=\"collapse\" data-target=\"#accordion7\">Premios y Becas<\/a><\/div><div id=\"accordion7\" class=\"ut-accordion-body collapse\"><div class=\"ut-accordion-inner entry-content clearfix\">\n<ul>\n<li>I Concurso de Esculturas Navide\u00f1as, Benigar Corporaci\u00f3n, 2007.<\/li>\n<li>Premio y construcci\u00f3n de Monumento homenaje al IV centenario de la dedicaci\u00f3n del Quijote al Conde de Gibrale\u00f3n, Gibrale\u00f3n (Huelva), 2005<\/li>\n<li>Premio y construcci\u00f3n de Monumento al Movimiento Ol\u00edmpico en la R\u00e1bida (Huelva), 1998.<\/li>\n<\/ul>\n<\/div><\/div>\n<div id=\"ut-accordion-parent-9\" class=\"ut-accordion\"><div class=\"ut-accordion-group\"><\/div><\/div> <div class=\"ut-accordion-heading \"><a data-parent=\"#ut-accordion-parent-9\" class=\"accordion-toggle collapsed \" data-toggle=\"collapse\" data-target=\"#accordion8\">Obra en colecciones de arte<\/a><\/div><div id=\"accordion8\" class=\"ut-accordion-body collapse\"><div class=\"ut-accordion-inner entry-content clearfix\">\n<ul>\n<li>Ayuntamiento de Luz\u00f3n, Guadalajara.<\/li>\n<li>Benigar Corporaci\u00f3n.<\/li>\n<li>Ayuntamiento de Tavernes Valencia.<\/li>\n<li>Ayuntamiento de Meliana, Valencia.<\/li>\n<li>Diputaci\u00f3n Provincial de Huelva.<\/li>\n<li>Ayuntamiento de Palos de la Frontera, Huelva.<\/li>\n<li>Muelle de Las Carabelas, La R\u00e1bida, Huelva.<\/li>\n<li>Ayuntamiento de Gibrale\u00f3n, Huelva.<\/li>\n<li>Fundaci\u00f3n CEU San Pablo, Valencia.<\/li>\n<li>Casal Jaime I, Gand\u00eda, Valencia<\/li>\n<\/ul>\n<\/div><\/div>\n<div id=\"ut-accordion-parent-10\" class=\"ut-accordion\"><div class=\"ut-accordion-group\"><\/div><\/div> <div class=\"ut-accordion-heading \"><a data-parent=\"#ut-accordion-parent-10\" class=\"accordion-toggle collapsed \" data-toggle=\"collapse\" data-target=\"#accordion9\">Comisariados<\/a><\/div><div id=\"accordion9\" class=\"ut-accordion-body collapse\"><div class=\"ut-accordion-inner entry-content clearfix\">\n<ul>\n<li><em>Cuarto encuentro de j\u00f3venes artistas, <\/em>Plaza de San Nicol\u00e1s, Alicante, 2003.<\/li>\n<li><em>Exposici\u00f3n del taller experimental de performance<\/em>, IVAM, Valencia, 2001.<\/li>\n<\/ul>\n<\/div><\/div>\n<div id=\"ut-accordion-parent-11\" class=\"ut-accordion\"><div class=\"ut-accordion-group\"><\/div><\/div> <div class=\"ut-accordion-heading \"><a data-parent=\"#ut-accordion-parent-11\" class=\"accordion-toggle collapsed \" data-toggle=\"collapse\" data-target=\"#accordion10\">Otros: Escenograf\u00eda<\/a><\/div><div id=\"accordion10\" class=\"ut-accordion-body collapse\"><div class=\"ut-accordion-inner entry-content clearfix\">\n<ul>\n<li><em>Dependencias<\/em>, Victoria Enguidanos, 2012.<\/li>\n<li><em>Casting y castigo,<\/em> de Juli Leal y Josep Llu\u00eds Sirera, 2003.<\/li>\n<li>XXXII Certamen Internacional de Bandes de M\u00fasica Vila d\u00b4Altea. Filarm\u00f3nica Alteanense, 2003.<\/li>\n<li><em>Historia de un soldado,<\/em> de Igor Stravinsky (versi\u00f3n de Rafael Alberti), Bambalina Titelles, 2003.<\/li>\n<\/ul>\n<\/div><\/div>\n<\/div><\/div>\n<\/div>\n<div  class=\"ut-one-half ut-column-last  \">\n<p>\n\t\t\t<!-- START tejero REVOLUTION SLIDER 6.5.14 --><p class=\"rs-p-wp-fix\"><\/p>\n\t\t\t<rs-module-wrap id=\"rev_slider_52_1_wrapper\" data-source=\"gallery\" style=\"visibility:hidden;background:transparent;padding:0;margin:0px auto;margin-top:0;margin-bottom:0;\">\n\t\t\t\t<rs-module id=\"rev_slider_52_1\" style=\"\" data-version=\"6.5.14\">\n\t\t\t\t\t<rs-slides>\n\t\t\t\t\t\t<rs-slide style=\"position: absolute;\" data-key=\"rs-445\" data-title=\"Slide\" data-thumb=\"\/\/campusaltea.umh.es\/files\/2017\/02\/obra-operatorium-100x50.jpg\" data-anim=\"ms:600;\" data-in=\"o:0;\" data-out=\"a:false;\">\n\t\t\t\t\t\t\t<img src=\"\/\/campusaltea.umh.es\/wp-content\/plugins\/revslider\/public\/assets\/assets\/dummy.png\" alt=\"\" title=\"Daniel Pablo Tejero Olivares\" class=\"rev-slidebg tp-rs-img rs-lazyload\" data-lazyload=\"\/\/campusaltea.umh.es\/files\/2017\/02\/obra-operatorium.jpg\" data-bg=\"f:contain;\" data-no-retina>\n<!--\n\t\t\t\t\t\t\t--><rs-layer\n\t\t\t\t\t\t\t\tid=\"slider-52-slide-445-layer-1\" \n\t\t\t\t\t\t\t\tdata-type=\"text\"\n\t\t\t\t\t\t\t\tdata-color=\"rgba(0,0,0,1)\"\n\t\t\t\t\t\t\t\tdata-rsp_ch=\"on\"\n\t\t\t\t\t\t\t\tdata-xy=\"x:20px;y:20px;\"\n\t\t\t\t\t\t\t\tdata-text=\"s:26;l:22;fw:600;\"\n\t\t\t\t\t\t\t\tdata-frame_0=\"tp:600;\"\n\t\t\t\t\t\t\t\tdata-frame_1=\"tp:600;e:power2.inOut;st:500;\"\n\t\t\t\t\t\t\t\tdata-frame_999=\"o:0;tp:600;e:nothing;st:w;\"\n\t\t\t\t\t\t\t\tstyle=\"z-index:5;font-family:'';\"\n\t\t\t\t\t\t\t>07\/09\/2014 \/\/ 19:36h \n\t\t\t\t\t\t\t<\/rs-layer><!--\n\n\t\t\t\t\t\t\t--><rs-layer\n\t\t\t\t\t\t\t\tid=\"slider-52-slide-445-layer-2\" \n\t\t\t\t\t\t\t\tdata-type=\"text\"\n\t\t\t\t\t\t\t\tdata-color=\"rgba(0,0,0,1)\"\n\t\t\t\t\t\t\t\tdata-rsp_ch=\"on\"\n\t\t\t\t\t\t\t\tdata-xy=\"x:20px;y:60px;\"\n\t\t\t\t\t\t\t\tdata-text=\"w:normal;s:22;l:22;\"\n\t\t\t\t\t\t\t\tdata-dim=\"w:279px;\"\n\t\t\t\t\t\t\t\tdata-frame_0=\"tp:600;\"\n\t\t\t\t\t\t\t\tdata-frame_1=\"tp:600;e:power2.inOut;st:500;\"\n\t\t\t\t\t\t\t\tdata-frame_999=\"o:0;tp:600;e:nothing;st:w;\"\n\t\t\t\t\t\t\t\tstyle=\"z-index:6;font-family:'';\"\n\t\t\t\t\t\t\t>2015. Grafito sobre papel, 114 x 65 cm. \n\t\t\t\t\t\t\t<\/rs-layer><!--\n-->\t\t\t\t\t\t<\/rs-slide>\n\t\t\t\t\t\t<rs-slide style=\"position: absolute;\" data-key=\"rs-446\" data-title=\"Slide\" data-thumb=\"\/\/campusaltea.umh.es\/files\/2017\/02\/obra-operatorium2-100x50.jpg\" data-anim=\"ms:600;\" data-in=\"o:0;\" data-out=\"a:false;\">\n\t\t\t\t\t\t\t<img src=\"\/\/campusaltea.umh.es\/wp-content\/plugins\/revslider\/public\/assets\/assets\/dummy.png\" alt=\"\" title=\"Daniel Pablo Tejero Olivares\" class=\"rev-slidebg tp-rs-img rs-lazyload\" data-lazyload=\"\/\/campusaltea.umh.es\/files\/2017\/02\/obra-operatorium2.jpg\" data-bg=\"f:contain;\" data-no-retina>\n<!--\n\t\t\t\t\t\t\t--><rs-layer\n\t\t\t\t\t\t\t\tid=\"slider-52-slide-446-layer-1\" \n\t\t\t\t\t\t\t\tdata-type=\"text\"\n\t\t\t\t\t\t\t\tdata-color=\"rgba(0,0,0,1)\"\n\t\t\t\t\t\t\t\tdata-rsp_ch=\"on\"\n\t\t\t\t\t\t\t\tdata-xy=\"x:20px;y:20px;\"\n\t\t\t\t\t\t\t\tdata-text=\"s:26;l:22;fw:600;\"\n\t\t\t\t\t\t\t\tdata-frame_0=\"tp:600;\"\n\t\t\t\t\t\t\t\tdata-frame_1=\"tp:600;e:power2.inOut;st:500;\"\n\t\t\t\t\t\t\t\tdata-frame_999=\"o:0;tp:600;e:nothing;st:w;\"\n\t\t\t\t\t\t\t\tstyle=\"z-index:5;font-family:'';\"\n\t\t\t\t\t\t\t>27\/11\/2015 \/\/ 19:52h \n\t\t\t\t\t\t\t<\/rs-layer><!--\n\n\t\t\t\t\t\t\t--><rs-layer\n\t\t\t\t\t\t\t\tid=\"slider-52-slide-446-layer-2\" \n\t\t\t\t\t\t\t\tdata-type=\"text\"\n\t\t\t\t\t\t\t\tdata-color=\"rgba(0,0,0,1)\"\n\t\t\t\t\t\t\t\tdata-rsp_ch=\"on\"\n\t\t\t\t\t\t\t\tdata-xy=\"x:20px;y:60px;\"\n\t\t\t\t\t\t\t\tdata-text=\"s:22;l:22;\"\n\t\t\t\t\t\t\t\tdata-frame_0=\"tp:600;\"\n\t\t\t\t\t\t\t\tdata-frame_1=\"tp:600;e:power2.inOut;st:500;\"\n\t\t\t\t\t\t\t\tdata-frame_999=\"o:0;tp:600;e:nothing;st:w;\"\n\t\t\t\t\t\t\t\tstyle=\"z-index:6;font-family:'';\"\n\t\t\t\t\t\t\t>Grafito sobre papel, 114 x 53,5 cm. \n\t\t\t\t\t\t\t<\/rs-layer><!--\n-->\t\t\t\t\t\t<\/rs-slide>\n\t\t\t\t\t\t<rs-slide style=\"position: absolute;\" data-key=\"rs-447\" data-title=\"Slide\" data-thumb=\"\/\/campusaltea.umh.es\/files\/2017\/02\/obra-operatorium3-100x50.jpg\" data-anim=\"ms:600;\" data-in=\"o:0;\" data-out=\"a:false;\">\n\t\t\t\t\t\t\t<img src=\"\/\/campusaltea.umh.es\/wp-content\/plugins\/revslider\/public\/assets\/assets\/dummy.png\" alt=\"\" title=\"Daniel Pablo Tejero Olivares\" class=\"rev-slidebg tp-rs-img rs-lazyload\" data-lazyload=\"\/\/campusaltea.umh.es\/files\/2017\/02\/obra-operatorium3.jpg\" data-bg=\"f:contain;\" data-no-retina>\n<!--\n\t\t\t\t\t\t\t--><rs-layer\n\t\t\t\t\t\t\t\tid=\"slider-52-slide-447-layer-1\" \n\t\t\t\t\t\t\t\tdata-type=\"text\"\n\t\t\t\t\t\t\t\tdata-color=\"rgba(0,0,0,1)\"\n\t\t\t\t\t\t\t\tdata-rsp_ch=\"on\"\n\t\t\t\t\t\t\t\tdata-xy=\"x:20px;y:20px;\"\n\t\t\t\t\t\t\t\tdata-text=\"s:26;l:22;fw:600;\"\n\t\t\t\t\t\t\t\tdata-frame_0=\"tp:600;\"\n\t\t\t\t\t\t\t\tdata-frame_1=\"tp:600;e:power2.inOut;st:500;\"\n\t\t\t\t\t\t\t\tdata-frame_999=\"o:0;tp:600;e:nothing;st:w;\"\n\t\t\t\t\t\t\t\tstyle=\"z-index:5;font-family:'';\"\n\t\t\t\t\t\t\t>S\/T (collar) \n\t\t\t\t\t\t\t<\/rs-layer><!--\n\n\t\t\t\t\t\t\t--><rs-layer\n\t\t\t\t\t\t\t\tid=\"slider-52-slide-447-layer-2\" \n\t\t\t\t\t\t\t\tdata-type=\"text\"\n\t\t\t\t\t\t\t\tdata-color=\"rgba(0,0,0,1)\"\n\t\t\t\t\t\t\t\tdata-rsp_ch=\"on\"\n\t\t\t\t\t\t\t\tdata-xy=\"x:20px;y:60px;\"\n\t\t\t\t\t\t\t\tdata-text=\"s:22;l:22;\"\n\t\t\t\t\t\t\t\tdata-frame_0=\"tp:600;\"\n\t\t\t\t\t\t\t\tdata-frame_1=\"tp:600;e:power2.inOut;st:500;\"\n\t\t\t\t\t\t\t\tdata-frame_999=\"o:0;tp:600;e:nothing;st:w;\"\n\t\t\t\t\t\t\t\tstyle=\"z-index:6;font-family:'';\"\n\t\t\t\t\t\t\t>2015. Grafito sobre papel, 66 x 66 cm. \n\t\t\t\t\t\t\t<\/rs-layer><!--\n-->\t\t\t\t\t\t<\/rs-slide>\n\t\t\t\t\t\t<rs-slide style=\"position: absolute;\" data-key=\"rs-448\" data-title=\"Slide\" data-thumb=\"\/\/campusaltea.umh.es\/files\/2017\/02\/obra-operatorium4-100x50.jpg\" data-anim=\"ms:600;\" data-in=\"o:0;\" data-out=\"a:false;\">\n\t\t\t\t\t\t\t<img src=\"\/\/campusaltea.umh.es\/wp-content\/plugins\/revslider\/public\/assets\/assets\/dummy.png\" alt=\"\" title=\"Daniel Pablo Tejero Olivares\" class=\"rev-slidebg tp-rs-img rs-lazyload\" data-lazyload=\"\/\/campusaltea.umh.es\/files\/2017\/02\/obra-operatorium4.jpg\" data-bg=\"f:contain;\" data-no-retina>\n<!--\n\t\t\t\t\t\t\t--><rs-layer\n\t\t\t\t\t\t\t\tid=\"slider-52-slide-448-layer-1\" \n\t\t\t\t\t\t\t\tdata-type=\"text\"\n\t\t\t\t\t\t\t\tdata-color=\"rgba(0,0,0,1)\"\n\t\t\t\t\t\t\t\tdata-rsp_ch=\"on\"\n\t\t\t\t\t\t\t\tdata-xy=\"x:20px;y:20px;\"\n\t\t\t\t\t\t\t\tdata-text=\"s:26;l:22;fw:600;\"\n\t\t\t\t\t\t\t\tdata-frame_0=\"tp:600;\"\n\t\t\t\t\t\t\t\tdata-frame_1=\"tp:600;e:power2.inOut;st:500;\"\n\t\t\t\t\t\t\t\tdata-frame_999=\"o:0;tp:600;e:nothing;st:w;\"\n\t\t\t\t\t\t\t\tstyle=\"z-index:5;font-family:'';\"\n\t\t\t\t\t\t\t>S\/T (mordaza) \n\t\t\t\t\t\t\t<\/rs-layer><!--\n\n\t\t\t\t\t\t\t--><rs-layer\n\t\t\t\t\t\t\t\tid=\"slider-52-slide-448-layer-2\" \n\t\t\t\t\t\t\t\tdata-type=\"text\"\n\t\t\t\t\t\t\t\tdata-color=\"rgba(0,0,0,1)\"\n\t\t\t\t\t\t\t\tdata-rsp_ch=\"on\"\n\t\t\t\t\t\t\t\tdata-xy=\"x:20px;y:60px;\"\n\t\t\t\t\t\t\t\tdata-text=\"w:normal;s:22;l:22;\"\n\t\t\t\t\t\t\t\tdata-dim=\"w:274px;h:23px;\"\n\t\t\t\t\t\t\t\tdata-frame_0=\"tp:600;\"\n\t\t\t\t\t\t\t\tdata-frame_1=\"tp:600;e:power2.inOut;st:500;\"\n\t\t\t\t\t\t\t\tdata-frame_999=\"o:0;tp:600;e:nothing;st:w;\"\n\t\t\t\t\t\t\t\tstyle=\"z-index:6;font-family:'';\"\n\t\t\t\t\t\t\t>2015. Grafito sobre papel, 66 x 66 cm. \n\t\t\t\t\t\t\t<\/rs-layer><!--\n-->\t\t\t\t\t\t<\/rs-slide>\n\t\t\t\t\t\t<rs-slide style=\"position: absolute;\" data-key=\"rs-449\" data-title=\"Slide\" data-thumb=\"\/\/campusaltea.umh.es\/files\/2017\/02\/obra-operatorium5-100x50.jpg\" data-anim=\"ms:600;\" data-in=\"o:0;\" data-out=\"a:false;\">\n\t\t\t\t\t\t\t<img src=\"\/\/campusaltea.umh.es\/wp-content\/plugins\/revslider\/public\/assets\/assets\/dummy.png\" alt=\"\" title=\"Daniel Pablo Tejero Olivares\" class=\"rev-slidebg tp-rs-img rs-lazyload\" data-lazyload=\"\/\/campusaltea.umh.es\/files\/2017\/02\/obra-operatorium5.jpg\" data-bg=\"f:contain;\" data-no-retina>\n<!--\n\t\t\t\t\t\t\t--><rs-layer\n\t\t\t\t\t\t\t\tid=\"slider-52-slide-449-layer-1\" \n\t\t\t\t\t\t\t\tdata-type=\"text\"\n\t\t\t\t\t\t\t\tdata-color=\"rgba(0,0,0,1)\"\n\t\t\t\t\t\t\t\tdata-rsp_ch=\"on\"\n\t\t\t\t\t\t\t\tdata-xy=\"x:20px;y:20px;\"\n\t\t\t\t\t\t\t\tdata-text=\"s:26;l:22;fw:600;\"\n\t\t\t\t\t\t\t\tdata-frame_0=\"tp:600;\"\n\t\t\t\t\t\t\t\tdata-frame_1=\"tp:600;e:power2.inOut;st:500;\"\n\t\t\t\t\t\t\t\tdata-frame_999=\"o:0;tp:600;e:nothing;st:w;\"\n\t\t\t\t\t\t\t\tstyle=\"z-index:5;font-family:'';\"\n\t\t\t\t\t\t\t>S\/T (esposas) \n\t\t\t\t\t\t\t<\/rs-layer><!--\n\n\t\t\t\t\t\t\t--><rs-layer\n\t\t\t\t\t\t\t\tid=\"slider-52-slide-449-layer-2\" \n\t\t\t\t\t\t\t\tdata-type=\"text\"\n\t\t\t\t\t\t\t\tdata-color=\"rgba(0,0,0,1)\"\n\t\t\t\t\t\t\t\tdata-rsp_ch=\"on\"\n\t\t\t\t\t\t\t\tdata-xy=\"x:20px;y:60px;\"\n\t\t\t\t\t\t\t\tdata-text=\"s:22;l:22;\"\n\t\t\t\t\t\t\t\tdata-frame_0=\"tp:600;\"\n\t\t\t\t\t\t\t\tdata-frame_1=\"tp:600;e:power2.inOut;st:500;\"\n\t\t\t\t\t\t\t\tdata-frame_999=\"o:0;tp:600;e:nothing;st:w;\"\n\t\t\t\t\t\t\t\tstyle=\"z-index:6;font-family:'';\"\n\t\t\t\t\t\t\t>2015. Grafito sobre papel, 66 x 66 cm. \n\t\t\t\t\t\t\t<\/rs-layer><!--\n-->\t\t\t\t\t\t<\/rs-slide>\n\t\t\t\t\t\t<rs-slide style=\"position: absolute;\" data-key=\"rs-451\" data-title=\"Slide\" data-thumb=\"\/\/campusaltea.umh.es\/files\/2017\/02\/obra-operatorium7-100x50.jpg\" data-anim=\"ms:600;\" data-in=\"o:0;\" data-out=\"a:false;\">\n\t\t\t\t\t\t\t<img src=\"\/\/campusaltea.umh.es\/wp-content\/plugins\/revslider\/public\/assets\/assets\/dummy.png\" alt=\"\" title=\"Daniel Pablo Tejero Olivares\" class=\"rev-slidebg tp-rs-img rs-lazyload\" data-lazyload=\"\/\/campusaltea.umh.es\/files\/2017\/02\/obra-operatorium7.jpg\" data-bg=\"f:contain;\" data-no-retina>\n<!--\n\t\t\t\t\t\t\t--><rs-layer\n\t\t\t\t\t\t\t\tid=\"slider-52-slide-451-layer-1\" \n\t\t\t\t\t\t\t\tdata-type=\"text\"\n\t\t\t\t\t\t\t\tdata-color=\"rgba(0,0,0,1)\"\n\t\t\t\t\t\t\t\tdata-rsp_ch=\"on\"\n\t\t\t\t\t\t\t\tdata-xy=\"x:20px;y:20px;\"\n\t\t\t\t\t\t\t\tdata-text=\"s:26;l:22;fw:600;\"\n\t\t\t\t\t\t\t\tdata-frame_0=\"tp:600;\"\n\t\t\t\t\t\t\t\tdata-frame_1=\"tp:600;e:power2.inOut;st:500;\"\n\t\t\t\t\t\t\t\tdata-frame_999=\"o:0;tp:600;e:nothing;st:w;\"\n\t\t\t\t\t\t\t\tstyle=\"z-index:5;font-family:'';\"\n\t\t\t\t\t\t\t>19\/12\/2015 \/\/ 17:56h \n\t\t\t\t\t\t\t<\/rs-layer><!--\n\n\t\t\t\t\t\t\t--><rs-layer\n\t\t\t\t\t\t\t\tid=\"slider-52-slide-451-layer-2\" \n\t\t\t\t\t\t\t\tdata-type=\"text\"\n\t\t\t\t\t\t\t\tdata-color=\"rgba(0,0,0,1)\"\n\t\t\t\t\t\t\t\tdata-rsp_ch=\"on\"\n\t\t\t\t\t\t\t\tdata-xy=\"x:20px;y:60px;\"\n\t\t\t\t\t\t\t\tdata-text=\"w:normal;s:22;l:22;\"\n\t\t\t\t\t\t\t\tdata-dim=\"w:215px;\"\n\t\t\t\t\t\t\t\tdata-frame_0=\"tp:600;\"\n\t\t\t\t\t\t\t\tdata-frame_1=\"tp:600;e:power2.inOut;st:500;\"\n\t\t\t\t\t\t\t\tdata-frame_999=\"o:0;tp:600;e:nothing;st:w;\"\n\t\t\t\t\t\t\t\tstyle=\"z-index:6;font-family:'';\"\n\t\t\t\t\t\t\t>2016. Grafito sobre papel, 130 x 150 cm. \n\t\t\t\t\t\t\t<\/rs-layer><!--\n-->\t\t\t\t\t\t<\/rs-slide>\n\t\t\t\t\t\t<rs-slide style=\"position: absolute;\" data-key=\"rs-450\" data-title=\"Slide\" data-thumb=\"\/\/campusaltea.umh.es\/files\/2017\/02\/obra-operatorium6-100x50.jpg\" data-anim=\"ms:600;\" data-in=\"o:0;\" data-out=\"a:false;\">\n\t\t\t\t\t\t\t<img src=\"\/\/campusaltea.umh.es\/wp-content\/plugins\/revslider\/public\/assets\/assets\/dummy.png\" alt=\"\" title=\"Daniel Pablo Tejero Olivares\" class=\"rev-slidebg tp-rs-img rs-lazyload\" data-lazyload=\"\/\/campusaltea.umh.es\/files\/2017\/02\/obra-operatorium6.jpg\" data-bg=\"f:contain;\" data-no-retina>\n<!---->\t\t\t\t\t\t<\/rs-slide>\n\t\t\t\t\t<\/rs-slides>\n\t\t\t\t<\/rs-module>\n\t\t\t\t<script>\n\t\t\t\t\tsetREVStartSize({c: 'rev_slider_52_1',rl:[1240,1024,778,480],el:[],gw:[1240],gh:[868],type:'standard',justify:'',layout:'fullwidth',mh:\"0\"});if (window.RS_MODULES!==undefined && window.RS_MODULES.modules!==undefined && window.RS_MODULES.modules[\"revslider521\"]!==undefined) {window.RS_MODULES.modules[\"revslider521\"].once = false;window.revapi52 = undefined;if (window.RS_MODULES.checkMinimal!==undefined) window.RS_MODULES.checkMinimal()}\n\t\t\t\t<\/script>\n\t\t\t<\/rs-module-wrap>\n\t\t\t<!-- END REVOLUTION SLIDER -->\n<br \/>\n<\/div><div class=\"clear\"><\/div><\/p>","protected":false},"excerpt":{"rendered":"Daniel Pablo Tejero Olivares Artista pl\u00e1stico e investigador, Profesor Titular de Universidad, y director del grupo de investigaci\u00f3n \u201cFiguras del Exceso y Pol\u00edticas del Cuerpo\u201d en la Universidad Miguel Hern\u00e1ndez. Con una trayectoria profesional de casi veinte a\u00f1os, tiene en su haber exposiciones individuales como Confluvium Benidormense en la galer\u00eda Kessler Battaglia, Art Golf Resort, [...]","protected":false},"author":469,"featured_media":0,"parent":0,"menu_order":0,"comment_status":"closed","ping_status":"open","template":"","meta":{"_links_to":"","_links_to_target":""},"_links":{"self":[{"href":"https:\/\/campusaltea.umh.es\/es\/wp-json\/wp\/v2\/pages\/4299"}],"collection":[{"href":"https:\/\/campusaltea.umh.es\/es\/wp-json\/wp\/v2\/pages"}],"about":[{"href":"https:\/\/campusaltea.umh.es\/es\/wp-json\/wp\/v2\/types\/page"}],"author":[{"embeddable":true,"href":"https:\/\/campusaltea.umh.es\/es\/wp-json\/wp\/v2\/users\/469"}],"replies":[{"embeddable":true,"href":"https:\/\/campusaltea.umh.es\/es\/wp-json\/wp\/v2\/comments?post=4299"}],"version-history":[{"count":0,"href":"https:\/\/campusaltea.umh.es\/es\/wp-json\/wp\/v2\/pages\/4299\/revisions"}],"wp:attachment":[{"href":"https:\/\/campusaltea.umh.es\/es\/wp-json\/wp\/v2\/media?parent=4299"}],"curies":[{"name":"wp","href":"https:\/\/api.w.org\/{rel}","templated":true}]}}