{"id":4293,"date":"2016-11-20T20:32:42","date_gmt":"2016-11-20T20:32:42","guid":{"rendered":"http:\/\/campusaltea.umh.es\/?page_id=4293"},"modified":"2017-03-01T11:17:45","modified_gmt":"2017-03-01T11:17:45","slug":"alfonso-julian-sanchez-luna","status":"publish","type":"page","link":"https:\/\/campusaltea.umh.es\/es\/alfonso-julian-sanchez-luna\/","title":{"rendered":"Alfonso Juli\u00e1n S\u00e1nchez Luna"},"content":{"rendered":"<p><div  class=\"ut-one-half  \">\n<p><img loading=\"lazy\" class=\"alignleft wp-image-4015 size-full\" src=\"http:\/\/campusaltea.umh.es\/files\/2016\/10\/Alfonso-Sanchez-Luna1.jpg\" alt=\"\" width=\"750\" height=\"1000\" srcset=\"https:\/\/campusaltea.umh.es\/files\/2016\/10\/Alfonso-Sanchez-Luna1.jpg 750w, https:\/\/campusaltea.umh.es\/files\/2016\/10\/Alfonso-Sanchez-Luna1-225x300.jpg 225w\" sizes=\"(max-width: 750px) 100vw, 750px\" \/><\/p>\n<\/div>\n<div  class=\"ut-one-half ut-column-last  \">\n<h4>Alfonso Juli\u00e1n S\u00e1nchez Luna<\/h4>\n<p>Pintor y grabador, su obra gira en torno a la simbiosis entre estampa y pintura, con soportes que proponen al artista calidades y propiedades muy diferentes, tanto en el tacto como la densidad, luminosidad, etc&#8230; Una obra donde son inseparables la intuici\u00f3n y el resultado de la din\u00e1mica que determinan dos superficies, papel y metacrilato. Desde el a\u00f1o 1996 ha trabajado con instituciones y salas radicadas en Espa\u00f1a como el Ayuntamiento de Alicante en 2013, la Fundaci\u00f3n Bilbao Arte de Bilbao en 2009, la Fundaci\u00f3n Caixacarlet de Valencia en 2008, la Caja Mediterr\u00e1neo de Alicante en 2007, la Diputaci\u00f3n de Alicante en 2004 o la Esfera Azul de Valencia en 1999; as\u00ed como en el extranjero, en Yoseido Gallery de Tokio (Jap\u00f3n) en 1998.<\/p>\n<p>En su labor investigadora ha realizado diferentes proyectos para los grupos Bernia de la UMH o GIR de la Universidad de Salamanca. Se ha centrado en ahondar en la relaci\u00f3n que se establece entre el s\u00edmbolo y la materia, en aquellos aspectos donde el artista busca su estructura profunda, mediante la intuici\u00f3n.<\/p>\n<\/div><div class=\"clear\"><\/div>\n<hr \/>\n<div  class=\"ut-one-half  \">\n<h5>Informaci\u00f3n adicional<\/h5>\n<div id=\"ut-accordion-parent-1\" class=\"ut-accordion\"><div class=\"ut-accordion-group\"> <div class=\"ut-accordion-heading \"><a data-parent=\"#ut-accordion-parent-1\" class=\"accordion-toggle collapsed \" data-toggle=\"collapse\" data-target=\"#accordion0\">Campos de Interes<\/a><\/div><div id=\"accordion0\" class=\"ut-accordion-body collapse\"><div class=\"ut-accordion-inner entry-content clearfix\">\n<ul>\n<li>Obra gr\u00e1fica, lenguaje de la obra gr\u00e1fica.<\/li>\n<li>S\u00edmbolo, materia e intuici\u00f3n.<\/li>\n<li>El soporte y la superficie en la pintura y el grabado.<\/li>\n<\/ul>\n<\/div><\/div>\n<div id=\"ut-accordion-parent-2\" class=\"ut-accordion\"><div class=\"ut-accordion-group\"><\/div><\/div> <div class=\"ut-accordion-heading \"><a data-parent=\"#ut-accordion-parent-2\" class=\"accordion-toggle collapsed \" data-toggle=\"collapse\" data-target=\"#accordion1\">Estudios<\/a><\/div><div id=\"accordion1\" class=\"ut-accordion-body collapse\"><div class=\"ut-accordion-inner entry-content clearfix\">\n<ul>\n<li>Licenciado en Bellas Artes por la Facultad de San Carlos de Valencia, Universidad Polit\u00e9cnica de Valencia, 1989.<\/li>\n<li>Doctor por el Departamento de Dibujo, Universidad Polit\u00e9cnica de Valencia, 2000.<\/li>\n<\/ul>\n<\/div><\/div>\n<div id=\"ut-accordion-parent-3\" class=\"ut-accordion\"><div class=\"ut-accordion-group\"><\/div><\/div> <div class=\"ut-accordion-heading \"><a data-parent=\"#ut-accordion-parent-3\" class=\"accordion-toggle collapsed \" data-toggle=\"collapse\" data-target=\"#accordion2\">Tesis doctoral<\/a><\/div><div id=\"accordion2\" class=\"ut-accordion-body collapse\"><div class=\"ut-accordion-inner entry-content clearfix\">\n<p><em>Litograf\u00eda contempor\u00e1nea en EE.UU.: Desarrollo t\u00e9cnico y expresivo<\/em>, 2000, sobresaliente <em>cum laude<\/em>.<\/p>\n<\/div><\/div>\n<div id=\"ut-accordion-parent-4\" class=\"ut-accordion\"><div class=\"ut-accordion-group\"><\/div><\/div> <div class=\"ut-accordion-heading \"><a data-parent=\"#ut-accordion-parent-4\" class=\"accordion-toggle collapsed \" data-toggle=\"collapse\" data-target=\"#accordion3\">Docencia<\/a><\/div><div id=\"accordion3\" class=\"ut-accordion-body collapse\"><div class=\"ut-accordion-inner entry-content clearfix\">\n<ul>\n<li>Instituto de Cultura Juan Gil-Albert, Departamento de Arte Eusebio Sempere, Talleres de investigaci\u00f3n en grabado.<\/li>\n<\/ul>\n<\/div><\/div>\n<div id=\"ut-accordion-parent-5\" class=\"ut-accordion\"><div class=\"ut-accordion-group\"><\/div><\/div> <div class=\"ut-accordion-heading \"><a data-parent=\"#ut-accordion-parent-5\" class=\"accordion-toggle collapsed \" data-toggle=\"collapse\" data-target=\"#accordion4\">L\u00edneas de investigaci\u00f3n<\/a><\/div><div id=\"accordion4\" class=\"ut-accordion-body collapse\"><div class=\"ut-accordion-inner entry-content clearfix\">\n<ul>\n<li>El soporte como campo de investigaci\u00f3n en las artes pl\u00e1sticas.<\/li>\n<li>Grabado calcogr\u00e1fico experimental.<\/li>\n<li>Concepto, proceso y t\u00e9cnica en el dibujo, en el grabado y en la fotograf\u00eda.<\/li>\n<\/ul>\n<\/div><\/div>\n<div id=\"ut-accordion-parent-6\" class=\"ut-accordion\"><div class=\"ut-accordion-group\"><\/div><\/div> <div class=\"ut-accordion-heading \"><a data-parent=\"#ut-accordion-parent-6\" class=\"accordion-toggle collapsed \" data-toggle=\"collapse\" data-target=\"#accordion5\">Enlace a web personal<\/a><\/div><div id=\"accordion5\" class=\"ut-accordion-body collapse\"><div class=\"ut-accordion-inner entry-content clearfix\">\n<p><a href=\"http:\/\/www.alfonsosanchezluna.es\">http:\/\/www.alfonsosanchezluna.es<\/a><\/p>\n<\/div><\/div>\n<div id=\"ut-accordion-parent-7\" class=\"ut-accordion\"><div class=\"ut-accordion-group\"><\/div><\/div> <div class=\"ut-accordion-heading \"><a data-parent=\"#ut-accordion-parent-7\" class=\"accordion-toggle collapsed \" data-toggle=\"collapse\" data-target=\"#accordion6\">Exposiciones individuales<\/a><\/div><div id=\"accordion6\" class=\"ut-accordion-body collapse\"><div class=\"ut-accordion-inner entry-content clearfix\">\n<ul>\n<li><em>Huellas de un lugar incierto<\/em>, Sala de exposiciones <em>La Lonja del Pescado,<\/em> Alicante, 2013, comisaria: Mar\u00eda Marco, cat\u00e1logo.<\/li>\n<li><em>El Mito po\u00e9tico<\/em>, Fundaci\u00f3n Caixacarlet, Carlet (Valencia), 2008, cat\u00e1logo.<\/li>\n<li><em>Cris\u00f3litos<\/em>, Sala de Exposiciones Caja Mediterr\u00e1neo, Alicante, 2007, comisario: Pedro Nu\u00f1o de la Rosa, cat\u00e1logo.<\/li>\n<li><em>Alfonso S\u00e1nchez Luna<\/em>, Galer\u00eda La Esfera Azul, Valencia, 1999.<\/li>\n<li><em>Alfonso S\u00e1nchez Luna &amp; Nobukazu Murohashi,<\/em> Galer\u00eda Yoseido, Tokio (Jap\u00f3n), 1998.<\/li>\n<\/ul>\n<\/div><\/div>\n<div id=\"ut-accordion-parent-8\" class=\"ut-accordion\"><div class=\"ut-accordion-group\"><\/div><\/div> <div class=\"ut-accordion-heading \"><a data-parent=\"#ut-accordion-parent-8\" class=\"accordion-toggle collapsed \" data-toggle=\"collapse\" data-target=\"#accordion7\">Exposiciones colectivas<\/a><\/div><div id=\"accordion7\" class=\"ut-accordion-body collapse\"><div class=\"ut-accordion-inner entry-content clearfix\">\n<ul>\n<li><em>XXIII Certamen de Pintura S. Soria Vila de Benissa<\/em>, Centro de Arte Taller d\u2019Ivars, 2015<strong>,<\/strong> cat\u00e1logo.<\/li>\n<li><em>Arte Cisoria,<\/em> Instituto Alicantino de Cultura Juan Gil-Albert. Alicante; Palazzo Regio-Casa Falconieri, Cagliari, Cerde\u00f1a (Italia); Museo del Mar, Santa Pola (Alicante), 2015, comisario: Jos\u00e9 Fuentes Esteve, cat\u00e1logo.<\/li>\n<li><em>Gliptodonte<\/em><em>, <\/em>Universidad Nacional de Colombia, Bogot\u00e1, (Colombia); Museo de Ciencias Naturales, Valencia, 2013, comisario: Jos\u00e9 Fuentes Esteve, cat\u00e1logo.<\/li>\n<li><em>Grabado e Innovaci\u00f3n, <\/em>Espacio cultural Caja de \u00c1vila, Palacio los Serrano, \u00c1vila, 2011, comisario: Jos\u00e9 Fuentes Esteve, cat\u00e1logo.<\/li>\n<li><em>11 Mostra Internacional Gas Natural Fenosa<\/em>, Museo de Arte Contempor\u00e1neo Uni\u00f3n Fenosa, A Coru\u00f1a, 2010, cat\u00e1logo.<\/li>\n<li><em> Grupo de Investigaci\u00f3n<\/em>, Fundaci\u00f3n Bilbao Arte, Bilbao, 2009, comisario: Kosme de Bara\u00f1ano, cat\u00e1logo.<\/li>\n<li><em>XXXV Premio Bancaja de Pintura, Escultura y Arte Digital<\/em><em>,<\/em> Instituto Valenciano de Arte Moderno, Valencia, 2008, cat\u00e1logo.<\/li>\n<li><em>XI Mostra internacional Uni\u00f3n Fenosa<\/em>, Museo de Arte Contempor\u00e1neo Uni\u00f3n Fenosa, A Coru\u00f1a, 2006, cat\u00e1logo.<\/li>\n<li><em>Estampa, Feria internacional del grabado y la estampaci\u00f3n,<\/em> Stand Galer\u00eda \u201cDKS\u201d, Madrid, 2004.<\/li>\n<li><em>\u201c10 de Cada\u201d, <\/em>Sala Caja de Ahorros del Mediterr\u00e1neo, Elche; Palacio Diputaci\u00f3n Provincial de Alicante, Alicante, 2001, comisario: Pedro Nu\u00f1o de la Rosa, cat\u00e1logo.<\/li>\n<\/ul>\n<\/div><\/div>\n<div id=\"ut-accordion-parent-9\" class=\"ut-accordion\"><div class=\"ut-accordion-group\"><\/div><\/div> <div class=\"ut-accordion-heading \"><a data-parent=\"#ut-accordion-parent-9\" class=\"accordion-toggle collapsed \" data-toggle=\"collapse\" data-target=\"#accordion8\">Libros (de autor\u00eda personal o como editor, enteros o cap\u00edtulos)<\/a><\/div><div id=\"accordion8\" class=\"ut-accordion-body collapse\"><div class=\"ut-accordion-inner entry-content clearfix\">\n<ul>\n<li>S\u00e1nchez Luna, Alfonso, \u201cDesvelar la Huella\u201d en AA. VV., <em>El sentido de la piel: Soporte y Desvelamiento. Ekfrasis &amp; Scuoiatura , <\/em>BERNIA, Fundaci\u00f3n Ca\u00f1ada Blanch, Valencia, 2015.<\/li>\n<li>S\u00e1nchez Luna, Alfonso, \u201cUn rescoldo de fondo\u201d en AA. VV., <em>La luz como soporte: El fuego bajo las cenizas. Aufnahme und Einwandlung. Ekfrasis &amp; Scuoiatura<\/em> , BERNIA, Fundaci\u00f3n Ca\u00f1ada Blanch, Valencia, 2014.<\/li>\n<li>S\u00e1nchez Luna, Alfonso, \u201cLuz y sombra en el grabado. La construcci\u00f3n de Atm\u00f3sferas\u201d en AA. VV., <em>El Soporte: Desde la oscuridad hacia la luz. Reflections and Iluminations<\/em>, BERNIA, Fundaci\u00f3n Ca\u00f1ada Blanch, Valencia, 2013.<\/li>\n<li>S\u00e1nchez Luna, Alfonso, \u201cPaisajes tel\u00faricos. Por el camino de Sigmar Polke\u201d en AA. VV., <em>El Paisaje en la Praxis Art\u00edstica Contempor\u00e1nea <\/em>, BERNIA, Fundaci\u00f3n Ca\u00f1ada Blanch, Valencia, 2013.<\/li>\n<li>S\u00e1nchez Luna, Alfonso, \u201cPresi\u00f3n y Temple para el Mito\u201d en AA. VV., BERNIA Grupo de investigaci\u00f3n, Fundaci\u00f3n Bilbao Arte, Bilbao, 2009.<\/li>\n<\/ul>\n<\/div><\/div>\n<div id=\"ut-accordion-parent-10\" class=\"ut-accordion\"><div class=\"ut-accordion-group\"><\/div><\/div> <div class=\"ut-accordion-heading \"><a data-parent=\"#ut-accordion-parent-10\" class=\"accordion-toggle collapsed \" data-toggle=\"collapse\" data-target=\"#accordion9\">Art\u00edculos en revistas<\/a><\/div><div id=\"accordion9\" class=\"ut-accordion-body collapse\"><div class=\"ut-accordion-inner entry-content clearfix\">\n<ul>\n<li>S\u00e1nchez Luna, Alfonso, \u201cAlgunas claves en la visi\u00f3n de la pintura\u201d en <em>Certamen de Pintura S. Soria, XXXIV Edici\u00f3n Vila de Benissa 2016<\/em>, Ayuntament de Benissa, Regidoria de Cultura, 2016.<\/li>\n<li>S\u00e1nchez Luna, Alfonso, \u201cAntonio Tom\u00e1s, Reflexiones sobre una obra extraordinaria\u201d en Palau de las Arts, Altea, Ayuntament de Altea , Regidoria de Cultura, 2011.<\/li>\n<li>S\u00e1nchez Luna, Alfonso, \u201cExistencia Coaxial\u201d en <em>Yuxtaposici\u00f3n Hostil. Las Atarazanas<\/em>, Generalitat Valenciana, Valencia, 2009.<\/li>\n<li>S\u00e1nchez Luna, Alfonso, \u201cSomnis i Realitats. Quico Torres\u201d en <em>L&#8217;Estaci\u00f3. Centre de Art,<\/em> Ayuntamiento de Denia, 2007.<\/li>\n<li>S\u00e1nchez Luna, Alfonso, \u201cChristian Franco\u201d en <em>Christian Franco. Los Campos de Color 1990-2003,<\/em> Ayuntamiento de Alicante, 2007.<\/li>\n<\/ul>\n<\/div><\/div>\n<div id=\"ut-accordion-parent-11\" class=\"ut-accordion\"><div class=\"ut-accordion-group\"><\/div><\/div> <div class=\"ut-accordion-heading \"><a data-parent=\"#ut-accordion-parent-11\" class=\"accordion-toggle collapsed \" data-toggle=\"collapse\" data-target=\"#accordion10\">Comisariados<\/a><\/div><div id=\"accordion10\" class=\"ut-accordion-body collapse\"><div class=\"ut-accordion-inner entry-content clearfix\">\n<ul>\n<li><em>Altea Come Arte.<\/em> Sala de exposiciones Fundaci\u00f3n Schlotter, Ayuntamiento de Altea y Universidad Miguel Hern\u00e1ndez, Altea 2014, cat\u00e1logo.<\/li>\n<li><em>Gr\u00e1fica Liquida<\/em>, Sala de exposiciones Caja Mediterr\u00e1neo, Universidad Miguel Hern\u00e1ndez, Benidorm, 2009, cat\u00e1logo.<\/li>\n<li><em>Doble o Nada.<\/em> Sala de exposiciones Caja Mediterr\u00e1neo, Universidad Miguel Hern\u00e1ndez, Benidorm, 2008, cat\u00e1logo.<\/li>\n<li><em>Balconades 2002<\/em>, Ayuntamiento de Altea, Altea 2002, cat\u00e1logo.<\/li>\n<\/ul>\n<\/div><\/div>\n<div id=\"ut-accordion-parent-12\" class=\"ut-accordion\"><div class=\"ut-accordion-group\"><\/div><\/div> <div class=\"ut-accordion-heading \"><a data-parent=\"#ut-accordion-parent-12\" class=\"accordion-toggle collapsed \" data-toggle=\"collapse\" data-target=\"#accordion11\">Premios y becas<\/a><\/div><div id=\"accordion11\" class=\"ut-accordion-body collapse\"><div class=\"ut-accordion-inner entry-content clearfix\">\n<ul>\n<li>Representante de Espa\u00f1a en el VI Certamen Miradas de Hispanoam\u00e9rica, seleccionado en el IX Certamen Miradas 2014 de la Fundaci\u00f3n Jorge Ali\u00f3.<\/li>\n<li>Segundo Premio del II Certamen Internacional de Grabado y Vino, La Rioja, 2009.<\/li>\n<li>Acc\u00e9sit de grabado del Concurso Miradas a Juan Gil-Albert desde el Arte, Instituto de Cultura Juan Gil-Albert, 2004<\/li>\n<li>Adquisici\u00f3n de obras por la Diputaci\u00f3n de Alicante en las Convocatorias de Artes Pl\u00e1sticas de los a\u00f1os 1999, 2000 y 2002.<\/li>\n<li>Adquisici\u00f3n de obras por el Ayuntamiento de Alicante en las Muestras de Artistas Alicantinos de los a\u00f1os 1993 y 1994.<\/li>\n<\/ul>\n<\/div><\/div>\n<div id=\"ut-accordion-parent-13\" class=\"ut-accordion\"><div class=\"ut-accordion-group\"><\/div><\/div> <div class=\"ut-accordion-heading \"><a data-parent=\"#ut-accordion-parent-13\" class=\"accordion-toggle collapsed \" data-toggle=\"collapse\" data-target=\"#accordion12\">Obra en colecciones de arte<\/a><\/div><div id=\"accordion12\" class=\"ut-accordion-body collapse\"><div class=\"ut-accordion-inner entry-content clearfix\">\n<ul>\n<li>Palacio Los Serranos. Espacio Cultural Caja \u00c1vila.<\/li>\n<li>Fundaci\u00f3n Beatriz Arbero. La Rioja.<\/li>\n<li>Pinacoteca de la Universidad de Colima (M\u00e9xico).<\/li>\n<li>Museo de la Universidad de Alicante.<\/li>\n<li>Diputaci\u00f3n Provincial de Alicante.<\/li>\n<li>Ayuntamiento de Alicante.<\/li>\n<\/ul>\n<\/div><\/div>\n<div id=\"ut-accordion-parent-14\" class=\"ut-accordion\"><div class=\"ut-accordion-group\"><\/div><\/div> <div class=\"ut-accordion-heading \"><a data-parent=\"#ut-accordion-parent-14\" class=\"accordion-toggle collapsed \" data-toggle=\"collapse\" data-target=\"#accordion13\">Otros<\/a><\/div><div id=\"accordion13\" class=\"ut-accordion-body collapse\"><div class=\"ut-accordion-inner entry-content clearfix\">\n<ul>\n<li>II Simposium internacional de Arte Contempor\u00e1neo, Torrefactum\u201909, Torrecilla en Cameros (La Rioja), 2009.<\/li>\n<\/ul>\n<\/div><\/div>\n<\/div><\/div>\n<\/div>\n<div  class=\"ut-one-half ut-column-last  \">\n<p>\n\t\t\t<!-- START sanchez_luna REVOLUTION SLIDER 6.5.14 --><p class=\"rs-p-wp-fix\"><\/p>\n\t\t\t<rs-module-wrap id=\"rev_slider_53_1_wrapper\" data-source=\"gallery\" style=\"visibility:hidden;background:transparent;padding:0;margin:0px auto;margin-top:0;margin-bottom:0;\">\n\t\t\t\t<rs-module id=\"rev_slider_53_1\" style=\"\" data-version=\"6.5.14\">\n\t\t\t\t\t<rs-slides>\n\t\t\t\t\t\t<rs-slide style=\"position: absolute;\" data-key=\"rs-456\" data-title=\"Slide\" data-thumb=\"\/\/campusaltea.umh.es\/files\/2017\/03\/Arrasado-100x50.jpg\" data-anim=\"ms:600;\" data-in=\"o:0;\" data-out=\"a:false;\">\n\t\t\t\t\t\t\t<img src=\"\/\/campusaltea.umh.es\/wp-content\/plugins\/revslider\/public\/assets\/assets\/dummy.png\" alt=\"\" title=\"Alfonso Juli\u00e1n S\u00e1nchez Luna\" class=\"rev-slidebg tp-rs-img rs-lazyload\" data-lazyload=\"\/\/campusaltea.umh.es\/files\/2017\/03\/Arrasado.jpg\" data-bg=\"f:contain;\" data-no-retina>\n<!--\n\t\t\t\t\t\t\t--><rs-layer\n\t\t\t\t\t\t\t\tid=\"slider-53-slide-456-layer-1\" \n\t\t\t\t\t\t\t\tdata-type=\"text\"\n\t\t\t\t\t\t\t\tdata-color=\"rgba(0,0,0,1)\"\n\t\t\t\t\t\t\t\tdata-rsp_ch=\"on\"\n\t\t\t\t\t\t\t\tdata-xy=\"x:20px;y:20px;\"\n\t\t\t\t\t\t\t\tdata-text=\"s:26;l:22;fw:600;\"\n\t\t\t\t\t\t\t\tdata-frame_0=\"tp:600;\"\n\t\t\t\t\t\t\t\tdata-frame_1=\"tp:600;e:power2.inOut;st:500;\"\n\t\t\t\t\t\t\t\tdata-frame_999=\"o:0;tp:600;e:nothing;st:w;\"\n\t\t\t\t\t\t\t\tstyle=\"z-index:5;font-family:'';\"\n\t\t\t\t\t\t\t>Arrasado \n\t\t\t\t\t\t\t<\/rs-layer><!--\n\n\t\t\t\t\t\t\t--><rs-layer\n\t\t\t\t\t\t\t\tid=\"slider-53-slide-456-layer-2\" \n\t\t\t\t\t\t\t\tdata-type=\"text\"\n\t\t\t\t\t\t\t\tdata-color=\"rgba(0,0,0,1)\"\n\t\t\t\t\t\t\t\tdata-rsp_ch=\"on\"\n\t\t\t\t\t\t\t\tdata-xy=\"x:20px;y:50px;\"\n\t\t\t\t\t\t\t\tdata-text=\"s:22;l:22;\"\n\t\t\t\t\t\t\t\tdata-frame_0=\"tp:600;\"\n\t\t\t\t\t\t\t\tdata-frame_1=\"tp:600;e:power2.inOut;st:500;\"\n\t\t\t\t\t\t\t\tdata-frame_999=\"o:0;tp:600;e:nothing;st:w;\"\n\t\t\t\t\t\t\t\tstyle=\"z-index:6;font-family:'';\"\n\t\t\t\t\t\t\t>Pintura al Temple resinoso sobre papel 140 x 236 cm \n\t\t\t\t\t\t\t<\/rs-layer><!--\n-->\t\t\t\t\t\t<\/rs-slide>\n\t\t\t\t\t\t<rs-slide style=\"position: absolute;\" data-key=\"rs-457\" data-title=\"Slide\" data-thumb=\"\/\/campusaltea.umh.es\/files\/2017\/03\/Desenterrado-I-100x50.jpg\" data-anim=\"ms:600;\" data-in=\"o:0;\" data-out=\"a:false;\">\n\t\t\t\t\t\t\t<img src=\"\/\/campusaltea.umh.es\/wp-content\/plugins\/revslider\/public\/assets\/assets\/dummy.png\" alt=\"\" title=\"Alfonso Juli\u00e1n S\u00e1nchez Luna\" class=\"rev-slidebg tp-rs-img rs-lazyload\" data-lazyload=\"\/\/campusaltea.umh.es\/files\/2017\/03\/Desenterrado-I.jpg\" data-bg=\"f:contain;\" data-no-retina>\n<!--\n\t\t\t\t\t\t\t--><rs-layer\n\t\t\t\t\t\t\t\tid=\"slider-53-slide-457-layer-1\" \n\t\t\t\t\t\t\t\tdata-type=\"text\"\n\t\t\t\t\t\t\t\tdata-color=\"rgba(0,0,0,1)\"\n\t\t\t\t\t\t\t\tdata-rsp_ch=\"on\"\n\t\t\t\t\t\t\t\tdata-xy=\"x:20px;y:20px;\"\n\t\t\t\t\t\t\t\tdata-text=\"s:26;l:22;fw:600;\"\n\t\t\t\t\t\t\t\tdata-frame_0=\"tp:600;\"\n\t\t\t\t\t\t\t\tdata-frame_1=\"tp:600;e:power2.inOut;st:500;\"\n\t\t\t\t\t\t\t\tdata-frame_999=\"o:0;tp:600;e:nothing;st:w;\"\n\t\t\t\t\t\t\t\tstyle=\"z-index:5;font-family:'';\"\n\t\t\t\t\t\t\t>Desenterrado I  \n\t\t\t\t\t\t\t<\/rs-layer><!--\n\n\t\t\t\t\t\t\t--><rs-layer\n\t\t\t\t\t\t\t\tid=\"slider-53-slide-457-layer-2\" \n\t\t\t\t\t\t\t\tdata-type=\"text\"\n\t\t\t\t\t\t\t\tdata-color=\"rgba(0,0,0,1)\"\n\t\t\t\t\t\t\t\tdata-rsp_ch=\"on\"\n\t\t\t\t\t\t\t\tdata-xy=\"x:20px;y:60px;\"\n\t\t\t\t\t\t\t\tdata-text=\"w:normal;s:22;l:22;\"\n\t\t\t\t\t\t\t\tdata-dim=\"w:281px;h:23px;\"\n\t\t\t\t\t\t\t\tdata-frame_0=\"tp:600;\"\n\t\t\t\t\t\t\t\tdata-frame_1=\"tp:600;e:power2.inOut;st:500;\"\n\t\t\t\t\t\t\t\tdata-frame_999=\"o:0;tp:600;e:nothing;st:w;\"\n\t\t\t\t\t\t\t\tstyle=\"z-index:6;font-family:'';\"\n\t\t\t\t\t\t\t>Grabado, Aguafuerte y Carborundum sobre papel 76 x 56 cm \n\t\t\t\t\t\t\t<\/rs-layer><!--\n-->\t\t\t\t\t\t<\/rs-slide>\n\t\t\t\t\t\t<rs-slide style=\"position: absolute;\" data-key=\"rs-458\" data-title=\"Slide\" data-thumb=\"\/\/campusaltea.umh.es\/files\/2017\/03\/Omphalos-100x50.jpg\" data-anim=\"ms:600;\" data-in=\"o:0;\" data-out=\"a:false;\">\n\t\t\t\t\t\t\t<img src=\"\/\/campusaltea.umh.es\/wp-content\/plugins\/revslider\/public\/assets\/assets\/dummy.png\" alt=\"\" title=\"Alfonso Juli\u00e1n S\u00e1nchez Luna\" class=\"rev-slidebg tp-rs-img rs-lazyload\" data-lazyload=\"\/\/campusaltea.umh.es\/files\/2017\/03\/Omphalos.jpg\" data-bg=\"f:contain;\" data-no-retina>\n<!--\n\t\t\t\t\t\t\t--><rs-layer\n\t\t\t\t\t\t\t\tid=\"slider-53-slide-458-layer-1\" \n\t\t\t\t\t\t\t\tdata-type=\"text\"\n\t\t\t\t\t\t\t\tdata-color=\"rgba(0,0,0,1)\"\n\t\t\t\t\t\t\t\tdata-rsp_ch=\"on\"\n\t\t\t\t\t\t\t\tdata-xy=\"x:20px;y:25px;\"\n\t\t\t\t\t\t\t\tdata-text=\"s:26;l:22;fw:600;\"\n\t\t\t\t\t\t\t\tdata-frame_0=\"tp:600;\"\n\t\t\t\t\t\t\t\tdata-frame_1=\"tp:600;e:power2.inOut;st:500;\"\n\t\t\t\t\t\t\t\tdata-frame_999=\"o:0;tp:600;e:nothing;st:w;\"\n\t\t\t\t\t\t\t\tstyle=\"z-index:5;font-family:'';\"\n\t\t\t\t\t\t\t>Omphalos  \n\t\t\t\t\t\t\t<\/rs-layer><!--\n\n\t\t\t\t\t\t\t--><rs-layer\n\t\t\t\t\t\t\t\tid=\"slider-53-slide-458-layer-2\" \n\t\t\t\t\t\t\t\tdata-type=\"text\"\n\t\t\t\t\t\t\t\tdata-color=\"rgba(0,0,0,1)\"\n\t\t\t\t\t\t\t\tdata-rsp_ch=\"on\"\n\t\t\t\t\t\t\t\tdata-xy=\"x:20px;y:65px;\"\n\t\t\t\t\t\t\t\tdata-text=\"w:normal;s:22;l:22;\"\n\t\t\t\t\t\t\t\tdata-dim=\"w:285px;h:23px;\"\n\t\t\t\t\t\t\t\tdata-frame_0=\"tp:600;\"\n\t\t\t\t\t\t\t\tdata-frame_1=\"tp:600;e:power2.inOut;st:500;\"\n\t\t\t\t\t\t\t\tdata-frame_999=\"o:0;tp:600;e:nothing;st:w;\"\n\t\t\t\t\t\t\t\tstyle=\"z-index:6;font-family:'';\"\n\t\t\t\t\t\t\t>Pintura al Temple resinoso sobre papel y metacrilato \n\t\t\t\t\t\t\t<\/rs-layer><!--\n-->\t\t\t\t\t\t<\/rs-slide>\n\t\t\t\t\t<\/rs-slides>\n\t\t\t\t<\/rs-module>\n\t\t\t\t<script>\n\t\t\t\t\tsetREVStartSize({c: 'rev_slider_53_1',rl:[1240,1024,778,480],el:[],gw:[1240],gh:[868],type:'standard',justify:'',layout:'fullwidth',mh:\"0\"});if (window.RS_MODULES!==undefined && window.RS_MODULES.modules!==undefined && window.RS_MODULES.modules[\"revslider531\"]!==undefined) {window.RS_MODULES.modules[\"revslider531\"].once = false;window.revapi53 = undefined;if (window.RS_MODULES.checkMinimal!==undefined) window.RS_MODULES.checkMinimal()}\n\t\t\t\t<\/script>\n\t\t\t<\/rs-module-wrap>\n\t\t\t<!-- END REVOLUTION SLIDER -->\n<br \/>\n<\/div><div class=\"clear\"><\/div><\/p>","protected":false},"excerpt":{"rendered":"Alfonso Juli\u00e1n S\u00e1nchez Luna Pintor y grabador, su obra gira en torno a la simbiosis entre estampa y pintura, con soportes que proponen al artista calidades y propiedades muy diferentes, tanto en el tacto como la densidad, luminosidad, etc... Una obra donde son inseparables la intuici\u00f3n y el resultado de la din\u00e1mica que determinan dos [...]","protected":false},"author":469,"featured_media":0,"parent":0,"menu_order":0,"comment_status":"closed","ping_status":"open","template":"","meta":{"_links_to":"","_links_to_target":""},"_links":{"self":[{"href":"https:\/\/campusaltea.umh.es\/es\/wp-json\/wp\/v2\/pages\/4293"}],"collection":[{"href":"https:\/\/campusaltea.umh.es\/es\/wp-json\/wp\/v2\/pages"}],"about":[{"href":"https:\/\/campusaltea.umh.es\/es\/wp-json\/wp\/v2\/types\/page"}],"author":[{"embeddable":true,"href":"https:\/\/campusaltea.umh.es\/es\/wp-json\/wp\/v2\/users\/469"}],"replies":[{"embeddable":true,"href":"https:\/\/campusaltea.umh.es\/es\/wp-json\/wp\/v2\/comments?post=4293"}],"version-history":[{"count":0,"href":"https:\/\/campusaltea.umh.es\/es\/wp-json\/wp\/v2\/pages\/4293\/revisions"}],"wp:attachment":[{"href":"https:\/\/campusaltea.umh.es\/es\/wp-json\/wp\/v2\/media?parent=4293"}],"curies":[{"name":"wp","href":"https:\/\/api.w.org\/{rel}","templated":true}]}}