{"id":4289,"date":"2016-11-20T20:17:53","date_gmt":"2016-11-20T20:17:53","guid":{"rendered":"http:\/\/campusaltea.umh.es\/?page_id=4289"},"modified":"2020-06-11T11:49:46","modified_gmt":"2020-06-11T11:49:46","slug":"emilio-rosello-tormo","status":"publish","type":"page","link":"https:\/\/campusaltea.umh.es\/es\/emilio-rosello-tormo\/","title":{"rendered":"Emilio Rosell\u00f3 Tormo"},"content":{"rendered":"<p><div  class=\"ut-one-half  \">\n<p><img loading=\"lazy\" class=\"alignleft wp-image-4026 size-full\" src=\"http:\/\/campusaltea.umh.es\/files\/2020\/06\/Emilio-Rosell\u00f3-webBBAA.jpg\" alt=\"\" width=\"750\" height=\"1000\" \/><\/p>\n<\/div>\n<div  class=\"ut-one-half ut-column-last  \">\n<h3>Emilio Rosell\u00f3 Tormo<\/h3>\n<p style=\"text-align: justify;\">Su itinerario art\u00edstico se expande desde la d\u00e9cada de los noventa a trav\u00e9s del estudio de la representaci\u00f3n de la imagen electr\u00f3nica, observando desde la pr\u00e1ctica su particular expresi\u00f3n comunicativa. Desde la electrograf\u00eda a la fotograf\u00eda digital ha elaborado en la praxis diferentes discursos conceptuales y narrativos acerca de la imagen como pensamiento. En la \u00faltima d\u00e9cada se centra m\u00e1s en la fotograf\u00eda conceptual; la fotograf\u00eda reflexiona sobre s\u00ed misma y sobre el hecho fotogr\u00e1fico, cuestionando los valores de verdad, identidad y memoria desde el lenguaje espec\u00edfico y emergente de la llamada era postfotogr\u00e1fica.<\/p>\n<p style=\"text-align: justify;\">Es miembro del colectivo internacional <em>Contempor\u00e1neos<\/em> en cuyo contexto desarrolla proyectos fotogr\u00e1ficos independientes y series colectivas.<\/p>\n<\/div><div class=\"clear\"><\/div>\n<hr \/>\n<div  class=\"ut-one-half  \">\n<h5>Informaci\u00f3n adicional<\/h5>\n<div id=\"ut-accordion-parent-1\" class=\"ut-accordion\"><div class=\"ut-accordion-group\"> <div class=\"ut-accordion-heading \"><a data-parent=\"#ut-accordion-parent-1\" class=\"accordion-toggle collapsed \" data-toggle=\"collapse\" data-target=\"#accordion0\">Campos de Interes<\/a><\/div><div id=\"accordion0\" class=\"ut-accordion-body collapse\"><div class=\"ut-accordion-inner entry-content clearfix\">\n<ul>\n<li>Fotograf\u00eda: verdad, identidad y memoria.<\/li>\n<li>An\u00e1lisis de la iconosfera postfotogr\u00e1fica.<\/li>\n<li>Ecolog\u00eda de la imagen.<\/li>\n<\/ul>\n<\/div><\/div>\n<div id=\"ut-accordion-parent-2\" class=\"ut-accordion\"><div class=\"ut-accordion-group\"><\/div><\/div> <div class=\"ut-accordion-heading \"><a data-parent=\"#ut-accordion-parent-2\" class=\"accordion-toggle collapsed \" data-toggle=\"collapse\" data-target=\"#accordion1\">Estudios<\/a><\/div><div id=\"accordion1\" class=\"ut-accordion-body collapse\"><div class=\"ut-accordion-inner entry-content clearfix\">\n<ul>\n<li>Licenciado en Bellas Artes por la Universidad Polit\u00e9cnica de Valencia, Facultad de BBAA de San Carlos, 1990.<\/li>\n<li>Doctor por el Departamento de Pintura de la Universidad Polit\u00e9cnica de Valencia, 1994.<\/li>\n<li>Especialista en animaci\u00f3n de la imagen virtual 3D. Centro de Formaci\u00f3n de Postgrado de la Universidad Polit\u00e9cnica de Valencia, 1996.<\/li>\n<\/ul>\n<\/div><\/div>\n<div id=\"ut-accordion-parent-3\" class=\"ut-accordion\"><div class=\"ut-accordion-group\"><\/div><\/div> <div class=\"ut-accordion-heading \"><a data-parent=\"#ut-accordion-parent-3\" class=\"accordion-toggle collapsed \" data-toggle=\"collapse\" data-target=\"#accordion2\">Tesis doctoral<\/a><\/div><div id=\"accordion2\" class=\"ut-accordion-body collapse\"><div class=\"ut-accordion-inner entry-content clearfix\">\n<p><em>Realizaci\u00f3n Infogr\u00e1fica: T\u00e9cnicas y procesos en la animaci\u00f3n de la imagen virtual 3D, <\/em>1994, Sobresaliente <em>cum laude<\/em>.<\/p>\n<\/div><\/div>\n<div id=\"ut-accordion-parent-4\" class=\"ut-accordion\"><div class=\"ut-accordion-group\"><\/div><\/div> <div class=\"ut-accordion-heading \"><a data-parent=\"#ut-accordion-parent-4\" class=\"accordion-toggle collapsed \" data-toggle=\"collapse\" data-target=\"#accordion3\">L\u00edneas de investigaci\u00f3n<\/a><\/div><div id=\"accordion3\" class=\"ut-accordion-body collapse\"><div class=\"ut-accordion-inner entry-content clearfix\">\n<ul>\n<li>Fotograf\u00eda y realidad: la imprecisi\u00f3n de sus lindes.<\/li>\n<li>El artista con la c\u00e1mara: conceptos y usos en la producci\u00f3n postfotogr\u00e1fica.<\/li>\n<li>Virtual \/ Real: encuentros de la imagen natural y la imagen en pantalla.<\/li>\n<\/ul>\n<\/div><\/div>\n<div id=\"ut-accordion-parent-5\" class=\"ut-accordion\"><div class=\"ut-accordion-group\"><\/div><\/div> <div class=\"ut-accordion-heading \"><a data-parent=\"#ut-accordion-parent-5\" class=\"accordion-toggle collapsed \" data-toggle=\"collapse\" data-target=\"#accordion4\">Enlace a web personal<\/a><\/div><div id=\"accordion4\" class=\"ut-accordion-body collapse\"><div class=\"ut-accordion-inner entry-content clearfix\">\n<p><a href=\"http:\/\/www.emiliorosello.com\/\">http:\/\/www.emiliorosello.com<\/a><\/p>\n<p><a href=\"http:\/\/www.30fotografos.com\/portfolio\/emilio-rosello\">http:\/\/www.30fotografos.com\/portfolio\/emilio-rosello<\/a><\/p>\n<\/div><\/div>\n<div id=\"ut-accordion-parent-6\" class=\"ut-accordion\"><div class=\"ut-accordion-group\"><\/div><\/div> <div class=\"ut-accordion-heading \"><a data-parent=\"#ut-accordion-parent-6\" class=\"accordion-toggle collapsed \" data-toggle=\"collapse\" data-target=\"#accordion5\">Exposiciones individuales<\/a><\/div><div id=\"accordion5\" class=\"ut-accordion-body collapse\"><div class=\"ut-accordion-inner entry-content clearfix\">\n<ul>\n<li><em>Geological of Love<\/em>, Sala Ram\u00f3n de Soto, Fundaci\u00f3n Frax, Alfaz del Pi (Alicante), 2016.<\/li>\n<li><em>Mascarat<\/em>, Sal\u00f3n Rouge: Institut Fran\u00e7ais, Valencia, 2010.<\/li>\n<li><em>Triple A<\/em><em>,<\/em> Palau Altea, Centre d \u00c0rts, 2005.<\/li>\n<\/ul>\n<\/div><\/div>\n<div id=\"ut-accordion-parent-7\" class=\"ut-accordion\"><div class=\"ut-accordion-group\"><\/div><\/div> <div class=\"ut-accordion-heading \"><a data-parent=\"#ut-accordion-parent-7\" class=\"accordion-toggle collapsed \" data-toggle=\"collapse\" data-target=\"#accordion6\">Exposiciones colectivas<\/a><\/div><div id=\"accordion6\" class=\"ut-accordion-body collapse\"><div class=\"ut-accordion-inner entry-content clearfix\">\n<ul>\n<li><em>No Words<\/em>, Festival OFF de PHOTOEspa\u00f1a\u00b416, Galer\u00eda BAT Alberto Cornejo, Madrid, 2016, comisario: Javier Ayuso, cat\u00e1logo.<\/li>\n<li><em>Nueva Fotograf\u00eda Internacional del Siglo XXI<\/em>, Sala de exposiciones del Photomuseum de Zarautz Argazki Bilera (Guip\u00fazcoa), 2016, comisaria: Cristina Calvo.<\/li>\n<li><em>Arte Cisoria<\/em>. Palazzo Regio di Cagliari, Cerde\u00f1a (Italia), 2015, comisario: Jos\u00e9 Fuentes, cat\u00e1logo.<\/li>\n<li><em>Corp\u00f3rea. <\/em>Museo de la Universidad de Alicante, 2009, comisario: Bernab\u00e9 G\u00f3mez, cat\u00e1logo.<\/li>\n<li><em>Distancia a medida, <\/em>ARCO\u00b498, Recinto Ferial de la Casa de Campo. Madrid, 1998, comisario: Jos\u00e9 Lu\u00eds Brea.<\/li>\n<li><em>El Pulso de la Tierra<\/em>, Palau de la M\u00fasica y las Artes, Valencia, 1993, comisario: Jos\u00e9 Lu\u00eds Albelda.<\/li>\n<li><em>Premio Ybarra<\/em>, Pabell\u00f3n de Sevilla de la Exposici\u00f3n Internacional, Sevilla, 1992, comisario: Ignacio Monta\u00f1ano Jim\u00e9nez.<\/li>\n<li><em>Fax-Art &#8211; \u00abThe Longing Of The Electronic Media for Nature\u00bb<\/em>, Fax-Station de la Documenta de Kasel (Alemania), 1992<strong>.<\/strong><\/li>\n<li><em>Groupe A-Z Art \u00c9lectro-Images<\/em>, Vasarely M\u00fazeum, Budapest (Hungria) 1991, comisario: Joseph Kadar, cat\u00e1logo.<\/li>\n<li><em>II Bienal Internacional de Electrograf\u00eda<\/em>, Centro Cultural de la Caja de Ahorros de Valencia, Valencia, 1988.<\/li>\n<\/ul>\n<\/div><\/div>\n<div id=\"ut-accordion-parent-8\" class=\"ut-accordion\"><div class=\"ut-accordion-group\"><\/div><\/div> <div class=\"ut-accordion-heading \"><a data-parent=\"#ut-accordion-parent-8\" class=\"accordion-toggle collapsed \" data-toggle=\"collapse\" data-target=\"#accordion7\">Libros<\/a><\/div><div id=\"accordion7\" class=\"ut-accordion-body collapse\"><div class=\"ut-accordion-inner entry-content clearfix\">\n<ul>\n<li>Rosell\u00f3, Emilio, AAVV. <em>Contempor\u00e1neos, treinta fot\u00f3grafos de hoy,<\/em> La F\u00e1brica, Madrid, 2015.<\/li>\n<li>Rosell\u00f3, Emilio, <em>Ibarrola: mapa de la memoria. Homenaje a las v\u00edctimas del terrorismo<\/em>, Instituto Alicantino de Cultura Juan Gil-Albert, 2011.<\/li>\n<li>Rosell\u00f3, Emilio, AAVV, <em>Bernia, Grupo de Investigaci\u00f3n. Lo digital como soporte multirregistro, <\/em>Fundaci\u00f3n Bilbao Arte, Bilbao, 2009.<\/li>\n<li>Rosell\u00f3, Emilio, \u201cCrear en Multimedia: Animaci\u00f3n de la imagen Virtual 3D\u201d<em>, <\/em>Universidad Polit\u00e9cnica de Valencia, Servicio de Publicaciones, Valencia, 1996.<\/li>\n<\/ul>\n<\/div><\/div>\n<div id=\"ut-accordion-parent-9\" class=\"ut-accordion\"><div class=\"ut-accordion-group\"><\/div><\/div> <div class=\"ut-accordion-heading \"><a data-parent=\"#ut-accordion-parent-9\" class=\"accordion-toggle collapsed \" data-toggle=\"collapse\" data-target=\"#accordion8\">Art\u00edculos en revistas<\/a><\/div><div id=\"accordion8\" class=\"ut-accordion-body collapse\"><div class=\"ut-accordion-inner entry-content clearfix\">\n<ul>\n<li>Rosell\u00f3, Emilio, y Calvo, Pepe, \u201cTres d\u00e9cadas de fotograf\u00eda en Alicante (1970-1980-1990)\u201d, Revista <em>Canelobre, Revista del <\/em><em>Instituto Alicantino de Cultura Juan Gil-Albert<\/em>, n\u00ba 61, IAC Ju\u00e1n Gil-Albert, Alicante, 2013.<\/li>\n<li>Rosell\u00f3, Emilio, \u201cRelaci\u00f3n c\u00f3ncavo\/convexa: el conf\u00edn de \u2018y viceversa\u2019\u201c, Arte y Dise\u00f1o 09<em>. Instituto Alicantino de Cultura Juan Gil-Albert<\/em>, 2009.<\/li>\n<\/ul>\n<\/div><\/div>\n<div id=\"ut-accordion-parent-10\" class=\"ut-accordion\"><div class=\"ut-accordion-group\"><\/div><\/div> <div class=\"ut-accordion-heading \"><a data-parent=\"#ut-accordion-parent-10\" class=\"accordion-toggle collapsed \" data-toggle=\"collapse\" data-target=\"#accordion9\">Comisariados<\/a><\/div><div id=\"accordion9\" class=\"ut-accordion-body collapse\"><div class=\"ut-accordion-inner entry-content clearfix\">\n<ul>\n<li><em>Mascarat<\/em>, Sala Sal\u00f3n Rouge del Institut Fran\u00e7ais Valencia (Valencia), 2010, cat\u00e1logo digital.<\/li>\n<li><em>Seda de Ara\u00f1a. Programa Nereida 08,<\/em> Sala de exposiciones de Rectorado, Universidad Miguel Hern\u00e1ndez de Elche, 2009, cat\u00e1logo.<\/li>\n<li><em>AVE, Arte Visual Experimental, <\/em>C\u00e1rcel de Picasent, Valencia, 2002.<\/li>\n<\/ul>\n<\/div><\/div>\n<div id=\"ut-accordion-parent-11\" class=\"ut-accordion\"><div class=\"ut-accordion-group\"><\/div><\/div> <div class=\"ut-accordion-heading \"><a data-parent=\"#ut-accordion-parent-11\" class=\"accordion-toggle collapsed \" data-toggle=\"collapse\" data-target=\"#accordion10\">Premios y becas<\/a><\/div><div id=\"accordion10\" class=\"ut-accordion-body collapse\"><div class=\"ut-accordion-inner entry-content clearfix\">\n<ul>\n<li>Premio Miradas desde el Dibujo y la Fotograf\u00eda: Espacios naturales Alicantinos (Alicante), 2010.<\/li>\n<li>Adquisici\u00f3n de obra en el certamen <em>Mirar y Vore<\/em> de la Delegaci\u00f3n de Medio Ambiente de la Universidad de Valencia, Valencia, 2001.<\/li>\n<li>Premio Senyera, Ayuntamiento de Valencia, Valencia, 1991.<\/li>\n<li>Adquisici\u00f3n de obra en la <em>VI convocatoria de Artes Pl\u00e1sticas de la Diputaci\u00f3n Provincial de Alicante<\/em>, 1990.<\/li>\n<li>Beca postdoctoral <em>CFP<\/em> asociada al proyecto de investigaci\u00f3n del Centro de Formaci\u00f3n de Postgrado, Universidad Polit\u00e9cnica de Valencia, 1994-1996.<\/li>\n<li>Beca <em>MIDE<\/em> de investigaci\u00f3n para el desarrollo de proyectos electrogr\u00e1ficos, Museo internacional de Electrograf\u00eda, Cuenca, 1992-1994.<\/li>\n<\/ul>\n<\/div><\/div>\n<div id=\"ut-accordion-parent-12\" class=\"ut-accordion\"><div class=\"ut-accordion-group\"><\/div><\/div> <div class=\"ut-accordion-heading \"><a data-parent=\"#ut-accordion-parent-12\" class=\"accordion-toggle collapsed \" data-toggle=\"collapse\" data-target=\"#accordion11\">Obra en colecciones de arte<\/a><\/div><div id=\"accordion11\" class=\"ut-accordion-body collapse\"><div class=\"ut-accordion-inner entry-content clearfix\">\n<ul>\n<li>Colecci\u00f3n de Arte Contempor\u00e1neo de la Diputaci\u00f3n de Alicante.<\/li>\n<li>Colecci\u00f3n del Museo de la Ciudad de Valencia.<\/li>\n<li>Instituto de Cultura Juan Gil-Albert, Alicante.<\/li>\n<li>Nuevos Fondos Municipales, Valencia.<\/li>\n<li>Museo Internacional de Electrograf\u00eda, Cuenca.<\/li>\n<li>Universidad de Valencia.<\/li>\n<li>Universidad Miguel Hern\u00e1ndez de Elche, Alicante.<\/li>\n<\/ul>\n<\/div><\/div>\n<div id=\"ut-accordion-parent-13\" class=\"ut-accordion\"><div class=\"ut-accordion-group\"><\/div><\/div> <div class=\"ut-accordion-heading \"><a data-parent=\"#ut-accordion-parent-13\" class=\"accordion-toggle collapsed \" data-toggle=\"collapse\" data-target=\"#accordion12\">Otros<\/a><\/div><div id=\"accordion12\" class=\"ut-accordion-body collapse\"><div class=\"ut-accordion-inner entry-content clearfix\">\n<ul>\n<li>En 2013 es seleccionado en el programa Descubrimientos PHE13 de PhotoEspa\u00f1a en donde se interesan por su obra el <em>FOMU<\/em> de B\u00e9lgica, el <em>George Eastman House<\/em> de Rochester NY y el <em>Festival des Arts<\/em> de Vevey de Suiza.<\/li>\n<li>Ha participado en seminarios con prestigiosos fot\u00f3grafos contempor\u00e1neos como Joan Fontcuberta en el seminario <em>\u201cPostfotograf\u00eda\u00bb, m\u00e1scaras y espejos<\/em>, impartido desde la Fundaci\u00f3n Bilbao Arte, o con el canadiense Jeff Wall en el seminario <em>Jeff Wall: The computer-Asisted Paintings<\/em>, dirigido por el te\u00f3rico y cr\u00edtico Jos\u00e9 Lu\u00eds Brea.<\/li>\n<\/ul>\n<\/div><\/div>\n<\/div><\/div>\n<\/div>\n<div  class=\"ut-one-half ut-column-last  \">\n<p>\n\t\t\t<!-- START rosello REVOLUTION SLIDER 6.5.14 --><p class=\"rs-p-wp-fix\"><\/p>\n\t\t\t<rs-module-wrap id=\"rev_slider_51_1_wrapper\" data-source=\"gallery\" style=\"visibility:hidden;background:transparent;padding:0;margin:0px auto;margin-top:0;margin-bottom:0;\">\n\t\t\t\t<rs-module id=\"rev_slider_51_1\" style=\"\" data-version=\"6.5.14\">\n\t\t\t\t\t<rs-slides>\n\t\t\t\t\t\t<rs-slide style=\"position: absolute;\" data-key=\"rs-434\" data-title=\"Slide\" data-thumb=\"\/\/campusaltea.umh.es\/files\/2017\/02\/6904-IPAD-100x50.jpg\" data-anim=\"ms:600;\" data-in=\"o:0;\" data-out=\"a:false;\">\n\t\t\t\t\t\t\t<img src=\"\/\/campusaltea.umh.es\/wp-content\/plugins\/revslider\/public\/assets\/assets\/dummy.png\" alt=\"\" title=\"Emilio Rosell\u00f3 Tormo\" class=\"rev-slidebg tp-rs-img rs-lazyload\" data-lazyload=\"\/\/campusaltea.umh.es\/files\/2017\/02\/6904-IPAD.jpg\" data-bg=\"f:contain;\" data-no-retina>\n<!---->\t\t\t\t\t\t<\/rs-slide>\n\t\t\t\t\t\t<rs-slide style=\"position: absolute;\" data-key=\"rs-435\" data-title=\"Slide\" data-thumb=\"\/\/campusaltea.umh.es\/files\/2017\/02\/7124-IPAD-100x50.jpg\" data-anim=\"ms:600;\" data-in=\"o:0;\" data-out=\"a:false;\">\n\t\t\t\t\t\t\t<img src=\"\/\/campusaltea.umh.es\/wp-content\/plugins\/revslider\/public\/assets\/assets\/dummy.png\" alt=\"\" title=\"Emilio Rosell\u00f3 Tormo\" class=\"rev-slidebg tp-rs-img rs-lazyload\" data-lazyload=\"\/\/campusaltea.umh.es\/files\/2017\/02\/7124-IPAD.jpg\" data-bg=\"f:contain;\" data-no-retina>\n<!---->\t\t\t\t\t\t<\/rs-slide>\n\t\t\t\t\t\t<rs-slide style=\"position: absolute;\" data-key=\"rs-436\" data-title=\"Slide\" data-thumb=\"\/\/campusaltea.umh.es\/files\/2017\/02\/7326-IPAD-100x50.jpg\" data-anim=\"ms:600;\" data-in=\"o:0;\" data-out=\"a:false;\">\n\t\t\t\t\t\t\t<img src=\"\/\/campusaltea.umh.es\/wp-content\/plugins\/revslider\/public\/assets\/assets\/dummy.png\" alt=\"\" title=\"Emilio Rosell\u00f3 Tormo\" class=\"rev-slidebg tp-rs-img rs-lazyload\" data-lazyload=\"\/\/campusaltea.umh.es\/files\/2017\/02\/7326-IPAD.jpg\" data-bg=\"f:contain;\" data-no-retina>\n<!---->\t\t\t\t\t\t<\/rs-slide>\n\t\t\t\t\t\t<rs-slide style=\"position: absolute;\" data-key=\"rs-437\" data-title=\"Slide\" data-thumb=\"\/\/campusaltea.umh.es\/files\/2017\/02\/7475-PHE-IPAD-100x50.jpg\" data-anim=\"ms:600;\" data-in=\"o:0;\" data-out=\"a:false;\">\n\t\t\t\t\t\t\t<img src=\"\/\/campusaltea.umh.es\/wp-content\/plugins\/revslider\/public\/assets\/assets\/dummy.png\" alt=\"\" title=\"Emilio Rosell\u00f3 Tormo\" class=\"rev-slidebg tp-rs-img rs-lazyload\" data-lazyload=\"\/\/campusaltea.umh.es\/files\/2017\/02\/7475-PHE-IPAD.jpg\" data-bg=\"f:contain;\" data-no-retina>\n<!---->\t\t\t\t\t\t<\/rs-slide>\n\t\t\t\t\t\t<rs-slide style=\"position: absolute;\" data-key=\"rs-438\" data-title=\"Slide\" data-thumb=\"\/\/campusaltea.umh.es\/files\/2017\/02\/7482-DPP-100x50.jpg\" data-anim=\"ms:600;\" data-in=\"o:0;\" data-out=\"a:false;\">\n\t\t\t\t\t\t\t<img src=\"\/\/campusaltea.umh.es\/wp-content\/plugins\/revslider\/public\/assets\/assets\/dummy.png\" alt=\"\" title=\"Emilio Rosell\u00f3 Tormo\" class=\"rev-slidebg tp-rs-img rs-lazyload\" data-lazyload=\"\/\/campusaltea.umh.es\/files\/2017\/02\/7482-DPP.jpg\" data-bg=\"f:contain;\" data-no-retina>\n<!---->\t\t\t\t\t\t<\/rs-slide>\n\t\t\t\t\t\t<rs-slide style=\"position: absolute;\" data-key=\"rs-439\" data-title=\"Slide\" data-thumb=\"\/\/campusaltea.umh.es\/files\/2017\/02\/7533-ip-100x50.jpg\" data-anim=\"ms:600;\" data-in=\"o:0;\" data-out=\"a:false;\">\n\t\t\t\t\t\t\t<img src=\"\/\/campusaltea.umh.es\/wp-content\/plugins\/revslider\/public\/assets\/assets\/dummy.png\" alt=\"\" title=\"Emilio Rosell\u00f3 Tormo\" class=\"rev-slidebg tp-rs-img rs-lazyload\" data-lazyload=\"\/\/campusaltea.umh.es\/files\/2017\/02\/7533-ip.jpg\" data-bg=\"f:contain;\" data-no-retina>\n<!---->\t\t\t\t\t\t<\/rs-slide>\n\t\t\t\t\t<\/rs-slides>\n\t\t\t\t<\/rs-module>\n\t\t\t\t<script>\n\t\t\t\t\tsetREVStartSize({c: 'rev_slider_51_1',rl:[1240,1024,778,480],el:[],gw:[1240],gh:[868],type:'standard',justify:'',layout:'fullwidth',mh:\"0\"});if (window.RS_MODULES!==undefined && window.RS_MODULES.modules!==undefined && window.RS_MODULES.modules[\"revslider511\"]!==undefined) {window.RS_MODULES.modules[\"revslider511\"].once = false;window.revapi51 = undefined;if (window.RS_MODULES.checkMinimal!==undefined) window.RS_MODULES.checkMinimal()}\n\t\t\t\t<\/script>\n\t\t\t<\/rs-module-wrap>\n\t\t\t<!-- END REVOLUTION SLIDER -->\n<br \/>\n<\/div><div class=\"clear\"><\/div><\/p>","protected":false},"excerpt":{"rendered":"Emilio Rosell\u00f3 Tormo Su itinerario art\u00edstico se expande desde la d\u00e9cada de los noventa a trav\u00e9s del estudio de la representaci\u00f3n de la imagen electr\u00f3nica, observando desde la pr\u00e1ctica su particular expresi\u00f3n comunicativa. Desde la electrograf\u00eda a la fotograf\u00eda digital ha elaborado en la praxis diferentes discursos conceptuales y narrativos acerca de la imagen como [...]","protected":false},"author":469,"featured_media":0,"parent":0,"menu_order":0,"comment_status":"closed","ping_status":"open","template":"","meta":{"_links_to":"","_links_to_target":""},"_links":{"self":[{"href":"https:\/\/campusaltea.umh.es\/es\/wp-json\/wp\/v2\/pages\/4289"}],"collection":[{"href":"https:\/\/campusaltea.umh.es\/es\/wp-json\/wp\/v2\/pages"}],"about":[{"href":"https:\/\/campusaltea.umh.es\/es\/wp-json\/wp\/v2\/types\/page"}],"author":[{"embeddable":true,"href":"https:\/\/campusaltea.umh.es\/es\/wp-json\/wp\/v2\/users\/469"}],"replies":[{"embeddable":true,"href":"https:\/\/campusaltea.umh.es\/es\/wp-json\/wp\/v2\/comments?post=4289"}],"version-history":[{"count":0,"href":"https:\/\/campusaltea.umh.es\/es\/wp-json\/wp\/v2\/pages\/4289\/revisions"}],"wp:attachment":[{"href":"https:\/\/campusaltea.umh.es\/es\/wp-json\/wp\/v2\/media?parent=4289"}],"curies":[{"name":"wp","href":"https:\/\/api.w.org\/{rel}","templated":true}]}}