{"id":4276,"date":"2016-11-20T18:08:27","date_gmt":"2016-11-20T18:08:27","guid":{"rendered":"http:\/\/campusaltea.umh.es\/?page_id=4276"},"modified":"2017-02-11T16:18:50","modified_gmt":"2017-02-11T16:18:50","slug":"javier-moreno-perez","status":"publish","type":"page","link":"https:\/\/campusaltea.umh.es\/es\/javier-moreno-perez\/","title":{"rendered":"Javier Moreno P\u00e9rez"},"content":{"rendered":"<p><div  class=\"ut-one-half  \">\n<p><img loading=\"lazy\" class=\"alignleft wp-image-4032 size-full\" src=\"http:\/\/campusaltea.umh.es\/files\/2016\/10\/Javi-Moreno1.jpg\" alt=\"\" width=\"750\" height=\"1000\" srcset=\"https:\/\/campusaltea.umh.es\/files\/2016\/10\/Javi-Moreno1.jpg 750w, https:\/\/campusaltea.umh.es\/files\/2016\/10\/Javi-Moreno1-225x300.jpg 225w\" sizes=\"(max-width: 750px) 100vw, 750px\" \/><\/p>\n<\/div>\n<div  class=\"ut-one-half ut-column-last  \">\n<h4>Javier Moreno P\u00e9rez<\/h4>\n<p style=\"text-align: justify;\">\/Javi moreno investiga y desarrolla su obra en torno a las (auto)producciones er\u00f3ticas y\/o pornogr\u00e1ficas de los muchachos adolescentes a trav\u00e9s de los dispositivos m\u00f3viles en la red 2.0. Con medios h\u00edbridos entre el dibujo, la instalaci\u00f3n, la <em>performance<\/em> o la videoacci\u00f3n, actualmente se haya desarrollando nuevos proyectos en torno a las ficciones ling\u00fc\u00edsticas, los espacios liminales y la brujer\u00eda como pol\u00edtica. Trabaja con las galer\u00edas SET Espai d\u2019Art (Valencia-J\u00e1vea) y N2 (Barcelona). Adem\u00e1s de diversas exposiciones e intervenciones individuales, ha participado en ferias y exposiciones colectivas en Madrid, Valencia \u00a0y Barcelona, como JustMad (2016, 2013, 2012), Estampa y otras. Ha sido premiado, entre otros, con el Primer Premio de Dibujo\u00a0<em>Miradas desde el dibujo y la fotograf\u00eda al arte de la belleza cl\u00e1sica<\/em>\u00a0(Instituto Alicantino de Cultura Juan Gil-Albert, 2009).<\/p>\n<\/div><div class=\"clear\"><\/div>\n<hr \/>\n<div  class=\"ut-one-half  \">\n<h5>Informaci\u00f3n adicional<\/h5>\n<div id=\"ut-accordion-parent-1\" class=\"ut-accordion\"><div class=\"ut-accordion-group\"> <div class=\"ut-accordion-heading \"><a data-parent=\"#ut-accordion-parent-1\" class=\"accordion-toggle collapsed \" data-toggle=\"collapse\" data-target=\"#accordion0\">Campos de Interes<\/a><\/div><div id=\"accordion0\" class=\"ut-accordion-body collapse\"><div class=\"ut-accordion-inner entry-content clearfix\">\n<ul>\n<li>Eromenofilia: fotograf\u00eda homoer\u00f3tica y peder\u00e1stica.<\/li>\n<li><em>Performance<\/em> y performatividad.<\/li>\n<li>Gesti\u00f3n de proyectos pl\u00e1sticos y audiovisuales.<\/li>\n<li>Gesti\u00f3n cultural.<\/li>\n<li>Dibujo.<\/li>\n<\/ul>\n<\/div><\/div>\n<div id=\"ut-accordion-parent-2\" class=\"ut-accordion\"><div class=\"ut-accordion-group\"><\/div><\/div> <div class=\"ut-accordion-heading \"><a data-parent=\"#ut-accordion-parent-2\" class=\"accordion-toggle collapsed \" data-toggle=\"collapse\" data-target=\"#accordion1\">Estudios<\/a><\/div><div id=\"accordion1\" class=\"ut-accordion-body collapse\"><div class=\"ut-accordion-inner entry-content clearfix\">\n<ul>\n<li>Doctor en Bellas Artes, Universidad Miguel Hern\u00e1ndez, 2015.<\/li>\n<li>Especialista Universitario en Artes Visuales e Intermedia<em>, <\/em>Universidad Polit\u00e9cnica de Valencia, 2006.<\/li>\n<li>Licenciado en Bellas Artes, UMH, 2005.<\/li>\n<\/ul>\n<\/div><\/div>\n<div id=\"ut-accordion-parent-3\" class=\"ut-accordion\"><div class=\"ut-accordion-group\"><\/div><\/div> <div class=\"ut-accordion-heading \"><a data-parent=\"#ut-accordion-parent-3\" class=\"accordion-toggle collapsed \" data-toggle=\"collapse\" data-target=\"#accordion2\">Tesis doctoral<\/a><\/div><div id=\"accordion2\" class=\"ut-accordion-body collapse\"><div class=\"ut-accordion-inner entry-content clearfix\">\n<p><em>Eromenofilia. Representaciones fotogr\u00e1ficas del muchacho adolescente desnudo a finales del s. XIX y principios del s. XX. Homoerotismo y pederastia en la obra de Wilhelm von Gloeden, Guglielmo Pl\u00fcschow y Vincenzo Galdi, <\/em>2016<em>, <\/em>sobresaliente <em>cum laude<\/em>.<\/p>\n<\/div><\/div>\n<div id=\"ut-accordion-parent-4\" class=\"ut-accordion\"><div class=\"ut-accordion-group\"><\/div><\/div> <div class=\"ut-accordion-heading \"><a data-parent=\"#ut-accordion-parent-4\" class=\"accordion-toggle collapsed \" data-toggle=\"collapse\" data-target=\"#accordion3\">L\u00edneas de investigaci\u00f3n<\/a><\/div><div id=\"accordion3\" class=\"ut-accordion-body collapse\"><div class=\"ut-accordion-inner entry-content clearfix\">\n<ul>\n<li>(auto)producciones er\u00f3ticas y representaci\u00f3n del cuerpo adolescente en la web 2.0.<\/li>\n<li>la brujer\u00eda como pol\u00edtica: herej\u00eda, <em>performance<\/em> y anarqu\u00eda.<\/li>\n<\/ul>\n<\/div><\/div>\n<div id=\"ut-accordion-parent-5\" class=\"ut-accordion\"><div class=\"ut-accordion-group\"><\/div><\/div> <div class=\"ut-accordion-heading \"><a data-parent=\"#ut-accordion-parent-5\" class=\"accordion-toggle collapsed \" data-toggle=\"collapse\" data-target=\"#accordion4\">Enlace a web personal<\/a><\/div><div id=\"accordion4\" class=\"ut-accordion-body collapse\"><div class=\"ut-accordion-inner entry-content clearfix\">\n<p><a href=\"http:\/\/javimoreno.tumblr.com\/\">http:\/\/javimoreno.tumblr.com\/<\/a><\/p>\n<p><a href=\"http:\/\/javimoreno.edu.umh.es\/\">http:\/\/javimoreno.edu.umh.es\/<\/a><\/p>\n<\/div><\/div>\n<div id=\"ut-accordion-parent-6\" class=\"ut-accordion\"><div class=\"ut-accordion-group\"><\/div><\/div> <div class=\"ut-accordion-heading \"><a data-parent=\"#ut-accordion-parent-6\" class=\"accordion-toggle collapsed \" data-toggle=\"collapse\" data-target=\"#accordion5\">Exposiciones individuales<\/a><\/div><div id=\"accordion5\" class=\"ut-accordion-body collapse\"><div class=\"ut-accordion-inner entry-content clearfix\">\n<ul>\n<li><em>2009-2014.jpg<\/em>, Sala Alterarte, Campus de Orense, Galicia, Xos\u00e9 M. Bux\u00e1n Bran, 2014.<\/li>\n<li>, Galer\u00eda SET Espai d\u2019Art, Valencia, 2014.<\/li>\n<li><em>seedbed:failed.version<\/em>, Homesession, Barcelona, 2011.<\/li>\n<li><em>Boys Will Be Boys<\/em>, Sala Miscel\u00e4nea, Barcelona, 2008.<\/li>\n<li><em>Fiesta de Cumplea\u00f1os<\/em>, Centro Municipal de Exposiciones, Elche, 2008.<\/li>\n<\/ul>\n<\/div><\/div>\n<div id=\"ut-accordion-parent-7\" class=\"ut-accordion\"><div class=\"ut-accordion-group\"><\/div><\/div> <div class=\"ut-accordion-heading \"><a data-parent=\"#ut-accordion-parent-7\" class=\"accordion-toggle collapsed \" data-toggle=\"collapse\" data-target=\"#accordion6\">Exposiciones colectivas<\/a><\/div><div id=\"accordion6\" class=\"ut-accordion-body collapse\"><div class=\"ut-accordion-inner entry-content clearfix\">\n<ul>\n<li><em>13a Biennal Mart\u00ednez Guerricabeitia. Supersticions i manipulacions<\/em>, Centre Cultural La Nau, Valencia, 2016.<\/li>\n<li><em>JustMad 7<\/em>, SET Espai d\u2019Art, Colegio de Arquitectos, Madrid, 2016, comisaria: Reyes Mart\u00ednez.<\/li>\n<li><em>The Ritual Box. Experiencias rituales en el interior de la caja<\/em>, La Rambleta, Valencia, 2015, comisarios: Johanna Caplliure y Jos\u00e9 Luis G. Borrull.<\/li>\n<li><em>El aula invertida: Estrategias\u00a0 pedag\u00f3gicas y pr\u00e1cticas art\u00edsticas<\/em>, Fundaci\u00f3n La Posta, Valencia, 2014, comisaria: Mar\u00eda Tinoco, cat\u00e1logo.<\/li>\n<li><em>Son J\u00f3venes y Maestros<\/em>, Galer\u00eda N2, Barcelona, 2009, comisario: Juan Antonio Carulla.<\/li>\n<li><em>Puntas de Flecha. Nuevas trayectorias en el arte contempor\u00e1neo valenciano<\/em>, Las Atarazanas, Valencia, 2009.<\/li>\n<\/ul>\n<\/div><\/div>\n<div id=\"ut-accordion-parent-8\" class=\"ut-accordion\"><div class=\"ut-accordion-group\"><\/div><\/div> <div class=\"ut-accordion-heading \"><a data-parent=\"#ut-accordion-parent-8\" class=\"accordion-toggle collapsed \" data-toggle=\"collapse\" data-target=\"#accordion7\">Libros (de autor\u00eda personal o como editor, enteros o cap\u00edtulos)<\/a><\/div><div id=\"accordion7\" class=\"ut-accordion-body collapse\"><div class=\"ut-accordion-inner entry-content clearfix\">\n<ul>\n<li>Moreno, Javi: \u201c\/ javi moreno. Galer\u00eda SET Espai d\u2019Art\u201d. En AAVV: <em>13\u00aa Biennal Mart\u00ednez Guerricabeitia. Supersticions i manipulacions<\/em>, Universitat de Val\u00e8ncia, 2016.<\/li>\n<li>Moreno, Javi: \u201c&lt;!tecnolog\u00edas edumasturbadoras&gt;\u201d, en Sentamans, Tatiana; Tejero, Daniel (eds.), <em>El aula invertida. Estrategias pedag\u00f3gicas y pr\u00e1cticas art\u00edsticas desde la diversidad sexual<\/em>, Fundaci\u00f3n La Posta, Valencia, 2014.<\/li>\n<li>AAVV: \u201c\/ javi moreno\u201d. En: <em>We can\u2019t wait for better times. 5 years of art projects at Homesession, Barcelona<\/em>, Associaci\u00f3 Cultural Homesession Arts Visuals, Barcelona, 2013.<\/li>\n<li>Miyares, B\u00e1rbaro: \u201cEn ese necesario v\u00e9rtice creativo\u201d, en <em>Puntas de Flecha. <\/em><em>Nuevas trayectorias en el arte contempor\u00e1neo valenciano<\/em>, <em>cat\u00e1logo<\/em>, Generalitat Valenciana, Valencia, 2009.<\/li>\n<li>Moreno, Javi; Sentamans, Tatiana: <em>Javi Moreno. Fiesta de cumplea\u00f1os<\/em>, Institut Municipal de Cultura d\u2019Elx, Elche, 2008.<\/li>\n<\/ul>\n<\/div><\/div>\n<div id=\"ut-accordion-parent-9\" class=\"ut-accordion\"><div class=\"ut-accordion-group\"><\/div><\/div> <div class=\"ut-accordion-heading \"><a data-parent=\"#ut-accordion-parent-9\" class=\"accordion-toggle collapsed \" data-toggle=\"collapse\" data-target=\"#accordion8\">Art\u00edculos en revistas<\/a><\/div><div id=\"accordion8\" class=\"ut-accordion-body collapse\"><div class=\"ut-accordion-inner entry-content clearfix\">\n<ul>\n<li>D\u00edaz, Adolf: \u201cA Selfie from Javi Moreno\u201d. Vanity Teen &lt;http:\/\/www.vanityteen.com\/en\/a-selfie-from-javi-moreno\/&gt; [fecha de consulta: 27\/07\/2014]<\/li>\n<li>Pardo, Bel\u00e9n: \u201cEntrevista a Javi Moreno\u201d, <em>Diario INFORMACI\u00d3N \/ Suplemento UMH Sapiens. Divulgaci\u00f3n cient\u00edfica, <\/em>2255-3568, Elche, 2014.<\/li>\n<li>\u00c1lvarez Enjuto, Jos\u00e9 Manuel: \u201cJavi Moreno\u201d, en <em>Revista L\u00e1piz, n\u00ba 245, A\u00f1o XXVII<\/em>, Publicaciones de Est\u00e9tica y Pensamiento S.L., Madrid, 2008.<\/li>\n<\/ul>\n<\/div><\/div>\n<div id=\"ut-accordion-parent-10\" class=\"ut-accordion\"><div class=\"ut-accordion-group\"><\/div><\/div> <div class=\"ut-accordion-heading \"><a data-parent=\"#ut-accordion-parent-10\" class=\"accordion-toggle collapsed \" data-toggle=\"collapse\" data-target=\"#accordion9\">Comisariados<\/a><\/div><div id=\"accordion9\" class=\"ut-accordion-body collapse\"><div class=\"ut-accordion-inner entry-content clearfix\">\n<ul>\n<li><em>Pornosigilo. Grimorio Sexual del Grupo FIDEX<\/em>, Centre de Cultura Contempor\u00e0nia L\u2019Octubre, Valencia, 2015.<\/li>\n<li><em>Confluvium benidormense. Ciclo de performance<\/em>, Galer\u00eda Kessler-Battaglia, Valencia, 2013.<\/li>\n<li><em>Fr\u00edo y Caliente. La b\u00fasqueda entre la idea y la forma. Los Torreznos<\/em>, Centre de Cultura Contempor\u00e0nia L\u2019Escorxador, Elche, 2010.<\/li>\n<li><em>Tormenta 11:12. Muestra de performance de los alumnos de la Facultad de Bellas Artes de Altea<\/em>, Las Cigarreras, Alicante.<\/li>\n<\/ul>\n<\/div><\/div>\n<div id=\"ut-accordion-parent-11\" class=\"ut-accordion\"><div class=\"ut-accordion-group\"><\/div><\/div> <div class=\"ut-accordion-heading \"><a data-parent=\"#ut-accordion-parent-11\" class=\"accordion-toggle collapsed \" data-toggle=\"collapse\" data-target=\"#accordion10\">Premios<\/a><\/div><div id=\"accordion10\" class=\"ut-accordion-body collapse\"><div class=\"ut-accordion-inner entry-content clearfix\">\n<ul>\n<li>Adquisici\u00f3n en EAC 2010. Alicante, Instituto Alicantino de Cultura Juan Gil-Albert, MUA, 2010.<\/li>\n<li><em>Combusti\u00f3n. <\/em>Proyecto en Hitos del Rodenal, Fundaci\u00f3n Concha M\u00e1rquez. Luz\u00f3n, Guadalajara.<\/li>\n<li>Primer Premio de dibujo en <em>Miradas desde el dibujo y la fotograf\u00eda al arte de la belleza cl\u00e1sica<\/em>, Instituto Alicantino de Cultura Juan Gil-Albert, Alicante, 2009.<\/li>\n<li>Primer Premio en el XXXVIII Concurso de Pintura Vila de Sant Joan d\u2019Alacant, San Juan (Alicante), 2005.<\/li>\n<\/ul>\n<\/div><\/div>\n<div id=\"ut-accordion-parent-12\" class=\"ut-accordion\"><div class=\"ut-accordion-group\"><\/div><\/div> <div class=\"ut-accordion-heading \"><a data-parent=\"#ut-accordion-parent-12\" class=\"accordion-toggle collapsed \" data-toggle=\"collapse\" data-target=\"#accordion11\">Obra en colecciones de arte<\/a><\/div><div id=\"accordion11\" class=\"ut-accordion-body collapse\"><div class=\"ut-accordion-inner entry-content clearfix\">\n<ul>\n<li>Fundaci\u00f3n Concha M\u00e1rquez, Guadalajara.<\/li>\n<li>Instituto Alicantino de Cultura Juan Gil-Albert, Alicante.<\/li>\n<li>MUA, Museo de la Universidad de Alicante.<\/li>\n<li>MAE, Museo de Arte Contempor\u00e1neo de Elche.<\/li>\n<li>Ayuntamiento de Alicante.<\/li>\n<li>Ayuntamiento de Sant Joan d\u2019 Alacant.<\/li>\n<li>Ayuntamiento de Mutxamel.<\/li>\n<li>Universidad de Alicante (UA).<\/li>\n<\/ul>\n<\/div><\/div>\n<div id=\"ut-accordion-parent-13\" class=\"ut-accordion\"><div class=\"ut-accordion-group\"><\/div><\/div> <div class=\"ut-accordion-heading \"><a data-parent=\"#ut-accordion-parent-13\" class=\"accordion-toggle collapsed \" data-toggle=\"collapse\" data-target=\"#accordion12\">Otros<\/a><\/div><div id=\"accordion12\" class=\"ut-accordion-body collapse\"><div class=\"ut-accordion-inner entry-content clearfix\">\n<ul>\n<li>Conferencia invitada en Seminario <em>Col\u00b7lectius artistics a Valencia sota el franquisme: 1964-1976,<\/em> IVAM, Valencia, 2015.<\/li>\n<li>Miembro del Comit\u00e9 Organizador y del Comit\u00e9 Cient\u00edfico del II Congreso Internacional de Investigaci\u00f3n en Arte Visuales. I\u00bbREAL I VIRTUAL\u00bbI, Facultad de Bellas Artes, UPV, Valencia, 2015.<\/li>\n<li>Miembro del Comit\u00e9 Cient\u00edfico del 2\u00ba Congreso Internacional Arte, Ciencia, Ciudad \/ ACC2015, Facultad de Bellas Artes, UPV, Valencia, 2015.<\/li>\n<li>Seminario impartido en Accademia di Belle Arti di Venezia, Italia, 2012.<\/li>\n<\/ul>\n<\/div><\/div>\n<\/div><\/div>\n<\/div>\n<div  class=\"ut-one-half ut-column-last  \">\n<p>\n\t\t\t<!-- START javi_moreno REVOLUTION SLIDER 6.5.14 --><p class=\"rs-p-wp-fix\"><\/p>\n\t\t\t<rs-module-wrap id=\"rev_slider_47_1_wrapper\" data-source=\"gallery\" style=\"visibility:hidden;background:transparent;padding:0;margin:0px auto;margin-top:0;margin-bottom:0;\">\n\t\t\t\t<rs-module id=\"rev_slider_47_1\" style=\"\" data-version=\"6.5.14\">\n\t\t\t\t\t<rs-slides>\n\t\t\t\t\t\t<rs-slide style=\"position: absolute;\" data-key=\"rs-396\" data-title=\"Slide\" data-thumb=\"\/\/campusaltea.umh.es\/files\/2017\/02\/tumblr_mrl7it0uRq1qew49bo1_1280-100x50.jpg\" data-anim=\"ms:600;\" data-in=\"o:0;\" data-out=\"a:false;\">\n\t\t\t\t\t\t\t<img src=\"\/\/campusaltea.umh.es\/wp-content\/plugins\/revslider\/public\/assets\/assets\/dummy.png\" alt=\"\" title=\"Javier Moreno P\u00e9rez\" class=\"rev-slidebg tp-rs-img rs-lazyload\" data-lazyload=\"\/\/campusaltea.umh.es\/files\/2017\/02\/tumblr_mrl7it0uRq1qew49bo1_1280.jpg\" data-bg=\"f:contain;\" data-no-retina>\n<!---->\t\t\t\t\t\t<\/rs-slide>\n\t\t\t\t\t\t<rs-slide style=\"position: absolute;\" data-key=\"rs-397\" data-title=\"Slide\" data-thumb=\"\/\/campusaltea.umh.es\/files\/2017\/02\/sf9-100x50.jpg\" data-anim=\"ms:600;\" data-in=\"o:0;\" data-out=\"a:false;\">\n\t\t\t\t\t\t\t<img src=\"\/\/campusaltea.umh.es\/wp-content\/plugins\/revslider\/public\/assets\/assets\/dummy.png\" alt=\"\" title=\"Javier Moreno P\u00e9rez\" class=\"rev-slidebg tp-rs-img rs-lazyload\" data-lazyload=\"\/\/campusaltea.umh.es\/files\/2017\/02\/sf9.jpg\" data-bg=\"f:contain;\" data-no-retina>\n<!---->\t\t\t\t\t\t<\/rs-slide>\n\t\t\t\t\t\t<rs-slide style=\"position: absolute;\" data-key=\"rs-398\" data-title=\"Slide\" data-thumb=\"\/\/campusaltea.umh.es\/files\/2017\/02\/sf2-100x50.jpg\" data-anim=\"ms:600;\" data-in=\"o:0;\" data-out=\"a:false;\">\n\t\t\t\t\t\t\t<img src=\"\/\/campusaltea.umh.es\/wp-content\/plugins\/revslider\/public\/assets\/assets\/dummy.png\" alt=\"\" title=\"Javier Moreno P\u00e9rez\" class=\"rev-slidebg tp-rs-img rs-lazyload\" data-lazyload=\"\/\/campusaltea.umh.es\/files\/2017\/02\/sf2.jpg\" data-bg=\"f:contain;\" data-no-retina>\n<!---->\t\t\t\t\t\t<\/rs-slide>\n\t\t\t\t\t\t<rs-slide style=\"position: absolute;\" data-key=\"rs-399\" data-title=\"Slide\" data-thumb=\"\/\/campusaltea.umh.es\/files\/2017\/02\/sf1-100x50.jpg\" data-anim=\"ms:600;\" data-in=\"o:0;\" data-out=\"a:false;\">\n\t\t\t\t\t\t\t<img src=\"\/\/campusaltea.umh.es\/wp-content\/plugins\/revslider\/public\/assets\/assets\/dummy.png\" alt=\"\" title=\"Javier Moreno P\u00e9rez\" class=\"rev-slidebg tp-rs-img rs-lazyload\" data-lazyload=\"\/\/campusaltea.umh.es\/files\/2017\/02\/sf1.jpg\" data-bg=\"f:contain;\" data-no-retina>\n<!---->\t\t\t\t\t\t<\/rs-slide>\n\t\t\t\t\t\t<rs-slide style=\"position: absolute;\" data-key=\"rs-400\" data-title=\"Slide\" data-thumb=\"\/\/campusaltea.umh.es\/files\/2017\/02\/nude-friends-at-the-lake01-TETRAGRAMATTON-100x50.jpg\" data-anim=\"ms:600;\" data-in=\"o:0;\" data-out=\"a:false;\">\n\t\t\t\t\t\t\t<img src=\"\/\/campusaltea.umh.es\/wp-content\/plugins\/revslider\/public\/assets\/assets\/dummy.png\" alt=\"\" title=\"Javier Moreno P\u00e9rez\" class=\"rev-slidebg tp-rs-img rs-lazyload\" data-lazyload=\"\/\/campusaltea.umh.es\/files\/2017\/02\/nude-friends-at-the-lake01-TETRAGRAMATTON.jpg\" data-bg=\"f:contain;\" data-no-retina>\n<!---->\t\t\t\t\t\t<\/rs-slide>\n\t\t\t\t\t\t<rs-slide style=\"position: absolute;\" data-key=\"rs-401\" data-title=\"Slide\" data-thumb=\"\/\/campusaltea.umh.es\/files\/2017\/02\/ht2014tumblr_n3cpbiAmVe1sj5zi0o1_500-nuevo-100x50.jpg\" data-anim=\"ms:600;\" data-in=\"o:0;\" data-out=\"a:false;\">\n\t\t\t\t\t\t\t<img src=\"\/\/campusaltea.umh.es\/wp-content\/plugins\/revslider\/public\/assets\/assets\/dummy.png\" alt=\"\" title=\"Javier Moreno P\u00e9rez\" class=\"rev-slidebg tp-rs-img rs-lazyload\" data-lazyload=\"\/\/campusaltea.umh.es\/files\/2017\/02\/ht2014tumblr_n3cpbiAmVe1sj5zi0o1_500-nuevo.jpg\" data-bg=\"f:contain;\" data-no-retina>\n<!---->\t\t\t\t\t\t<\/rs-slide>\n\t\t\t\t\t\t<rs-slide style=\"position: absolute;\" data-key=\"rs-402\" data-title=\"Slide\" data-thumb=\"\/\/campusaltea.umh.es\/files\/2017\/02\/2014-05-23-12.04.02-100x50.jpg\" data-anim=\"ms:600;\" data-in=\"o:0;\" data-out=\"a:false;\">\n\t\t\t\t\t\t\t<img src=\"\/\/campusaltea.umh.es\/wp-content\/plugins\/revslider\/public\/assets\/assets\/dummy.png\" alt=\"\" title=\"Javier Moreno P\u00e9rez\" class=\"rev-slidebg tp-rs-img rs-lazyload\" data-lazyload=\"\/\/campusaltea.umh.es\/files\/2017\/02\/2014-05-23-12.04.02.jpg\" data-bg=\"f:contain;\" data-no-retina>\n<!---->\t\t\t\t\t\t<\/rs-slide>\n\t\t\t\t\t<\/rs-slides>\n\t\t\t\t<\/rs-module>\n\t\t\t\t<script>\n\t\t\t\t\tsetREVStartSize({c: 'rev_slider_47_1',rl:[1240,1024,778,480],el:[],gw:[1240],gh:[868],type:'standard',justify:'',layout:'fullwidth',mh:\"0\"});if (window.RS_MODULES!==undefined && window.RS_MODULES.modules!==undefined && window.RS_MODULES.modules[\"revslider471\"]!==undefined) {window.RS_MODULES.modules[\"revslider471\"].once = false;window.revapi47 = undefined;if (window.RS_MODULES.checkMinimal!==undefined) window.RS_MODULES.checkMinimal()}\n\t\t\t\t<\/script>\n\t\t\t<\/rs-module-wrap>\n\t\t\t<!-- END REVOLUTION SLIDER -->\n<br \/>\n<\/div><div class=\"clear\"><\/div><\/p>","protected":false},"excerpt":{"rendered":"Javier Moreno P\u00e9rez \/Javi moreno investiga y desarrolla su obra en torno a las (auto)producciones er\u00f3ticas y\/o pornogr\u00e1ficas de los muchachos adolescentes a trav\u00e9s de los dispositivos m\u00f3viles en la red 2.0. Con medios h\u00edbridos entre el dibujo, la instalaci\u00f3n, la performance o la videoacci\u00f3n, actualmente se haya desarrollando nuevos proyectos en torno a las [...]","protected":false},"author":469,"featured_media":0,"parent":0,"menu_order":0,"comment_status":"closed","ping_status":"open","template":"","meta":{"_links_to":"","_links_to_target":""},"_links":{"self":[{"href":"https:\/\/campusaltea.umh.es\/es\/wp-json\/wp\/v2\/pages\/4276"}],"collection":[{"href":"https:\/\/campusaltea.umh.es\/es\/wp-json\/wp\/v2\/pages"}],"about":[{"href":"https:\/\/campusaltea.umh.es\/es\/wp-json\/wp\/v2\/types\/page"}],"author":[{"embeddable":true,"href":"https:\/\/campusaltea.umh.es\/es\/wp-json\/wp\/v2\/users\/469"}],"replies":[{"embeddable":true,"href":"https:\/\/campusaltea.umh.es\/es\/wp-json\/wp\/v2\/comments?post=4276"}],"version-history":[{"count":0,"href":"https:\/\/campusaltea.umh.es\/es\/wp-json\/wp\/v2\/pages\/4276\/revisions"}],"wp:attachment":[{"href":"https:\/\/campusaltea.umh.es\/es\/wp-json\/wp\/v2\/media?parent=4276"}],"curies":[{"name":"wp","href":"https:\/\/api.w.org\/{rel}","templated":true}]}}