{"id":4271,"date":"2016-11-10T14:10:40","date_gmt":"2016-11-10T14:10:40","guid":{"rendered":"http:\/\/campusaltea.umh.es\/?page_id=4271"},"modified":"2016-11-10T14:10:41","modified_gmt":"2016-11-10T14:10:41","slug":"beca-residencia-y-paisaje-altea","status":"publish","type":"page","link":"https:\/\/campusaltea.umh.es\/es\/beca-residencia-y-paisaje-altea\/","title":{"rendered":"Beca Residencia y Paisaje Altea"},"content":{"rendered":"<p><strong>BECA RESIDENCIA PAISAJE ALTEA IV<a href=\"http:\/\/campusaltea.umh.es\/files\/2016\/07\/5.-logo-beca-paisaje.jpg\"><img loading=\"lazy\" class=\" size-full wp-image-4249 alignright\" src=\"http:\/\/campusaltea.umh.es\/files\/2016\/07\/5.-logo-beca-paisaje.jpg\" alt=\"5-logo-beca-paisaje\" width=\"97\" height=\"93\" \/><\/a><\/strong><\/p>\n<p>Les informamos que desde la Facultad de Bellas Artes de\u00a0Altea\u00a0(Universidad Miguel Hern\u00e1ndez de Elche) en colaboraci\u00f3n con la Fundaci\u00f3 Caixaltea y el Ayuntamiento de\u00a0Altea<\/p>\n<p>Residencia Santa B\u00e1rbara de\u00a0Altea\u00a0La Vella. (info 2014)<\/p>\n<p>Universidad Miguel Hern\u00e1ndez de Elche, la Fundaci\u00f3 Caixaltea y el Ayuntamiento\u00a0de Altea. (info 2016)<\/p>\n<p>La beca consiste en la convivencia de estudiantes de Bellas Artes de Espa\u00f1a en Altea para que desarrollen su trabajo sobre el paisaje de la localidad. La beca cubre los gastos de manutenci\u00f3n, alojamiento, exposici\u00f3n con cat\u00e1logo y las actividades que en ella se desarrollen.<\/p>","protected":false},"excerpt":{"rendered":"<p>BECA RESIDENCIA PAISAJE ALTEA IV Les informamos que desde la Facultad de Bellas Artes de\u00a0Altea\u00a0(Universidad Miguel Hern\u00e1ndez de Elche) en colaboraci\u00f3n con la Fundaci\u00f3 Caixaltea y el Ayuntamiento de\u00a0Altea Residencia Santa B\u00e1rbara de\u00a0Altea\u00a0La Vella. (info 2014) Universidad Miguel Hern\u00e1ndez de Elche, la Fundaci\u00f3 Caixaltea y el Ayuntamiento\u00a0de Altea. (info 2016) La beca consiste en la [&hellip;]<\/p>\n","protected":false},"author":469,"featured_media":0,"parent":0,"menu_order":0,"comment_status":"closed","ping_status":"open","template":"","meta":{"_links_to":"","_links_to_target":""},"_links":{"self":[{"href":"https:\/\/campusaltea.umh.es\/es\/wp-json\/wp\/v2\/pages\/4271"}],"collection":[{"href":"https:\/\/campusaltea.umh.es\/es\/wp-json\/wp\/v2\/pages"}],"about":[{"href":"https:\/\/campusaltea.umh.es\/es\/wp-json\/wp\/v2\/types\/page"}],"author":[{"embeddable":true,"href":"https:\/\/campusaltea.umh.es\/es\/wp-json\/wp\/v2\/users\/469"}],"replies":[{"embeddable":true,"href":"https:\/\/campusaltea.umh.es\/es\/wp-json\/wp\/v2\/comments?post=4271"}],"version-history":[{"count":0,"href":"https:\/\/campusaltea.umh.es\/es\/wp-json\/wp\/v2\/pages\/4271\/revisions"}],"wp:attachment":[{"href":"https:\/\/campusaltea.umh.es\/es\/wp-json\/wp\/v2\/media?parent=4271"}],"curies":[{"name":"wp","href":"https:\/\/api.w.org\/{rel}","templated":true}]}}