{"id":4211,"date":"2016-11-07T14:43:59","date_gmt":"2016-11-07T14:43:59","guid":{"rendered":"http:\/\/campusaltea.umh.es\/?page_id=4211"},"modified":"2023-05-31T08:03:41","modified_gmt":"2023-05-31T08:03:41","slug":"ivan-albalate-gauchia","status":"publish","type":"page","link":"https:\/\/campusaltea.umh.es\/es\/ivan-albalate-gauchia\/","title":{"rendered":"Ivan Albalate Gauch\u00eda"},"content":{"rendered":"<p><div  class=\"ut-one-half  \">\n<p><img loading=\"lazy\" class=\"alignleft wp-image-4656 size-full\" src=\"https:\/\/campusaltea.umh.es\/files\/2023\/05\/ivan_albalate.jpg\" alt=\"\" width=\"750\" height=\"1000\" \/><\/p>\n<\/div>\n<div  class=\"ut-one-half ut-column-last  \">\n<h4>Ivan Albalate Gauch\u00eda<\/h4>\n<p align=\"justify\"><span lang=\"es-ES\">Iv\u00e1n Albalate Gauch\u00eda es miembro desde 2004 del grupo de investigaci\u00f3n interuniversitario El\u00e1stica Variable y ha desarrollado con \u00e9ste diversos proyectos de investigaci\u00f3n. E<\/span><span lang=\"es-ES\">n la actualidad es miembro del grupo de investigaci\u00f3n Lenguajes \u00f3ptico-anal\u00f3gicos y recursos digitales (LOARD) centrando su inter\u00e9s en el an\u00e1lisis cr\u00edtico de los dispositivos \u00f3pticos pre-fotogr\u00e1ficos, labor que ha tenido como fruto la patente nacional Visor de dioramas con enfoque selectivo. Combina su labor investigadora con su trabajo art\u00edstico personal y con su participaci\u00f3n en el proyecto colectivo La Mutua Art\u00edstica.<\/span><\/p>\n<p align=\"justify\"><span lang=\"es-ES\">Su labor art\u00edstica individual se centra principalmente en la pr\u00e1ctica de la pintura. <\/span>El objetivo conceptual de su l\u00ednea de trabajo es cuestionar la realidad como un concepto estable, y hacer reflexionar acerca de \u00e9sta a trav\u00e9s de la experiencia de la observaci\u00f3n de las obras. Se sustenta sobre teor\u00edas desarrolladas por la f\u00edsica te\u00f3rica, as\u00ed como en teor\u00edas m\u00e1s relacionadas con las ciencias espirituales y de la psicolog\u00eda de la percepci\u00f3n visual.<\/p>\n<\/div><div class=\"clear\"><\/div>\n<hr \/>\n<div  class=\"ut-one-half  \">\n<h5>Informaci\u00f3n adicional<\/h5>\n<div id=\"ut-accordion-parent-1\" class=\"ut-accordion\"><div class=\"ut-accordion-group\"> <div class=\"ut-accordion-heading \"><a data-parent=\"#ut-accordion-parent-1\" class=\"accordion-toggle collapsed \" data-toggle=\"collapse\" data-target=\"#accordion0\">Campos de Interes<\/a><\/div><div id=\"accordion0\" class=\"ut-accordion-body collapse\"><div class=\"ut-accordion-inner entry-content clearfix\">\n<ul>\n<li>Procedimientos pict\u00f3ricos.<\/li>\n<li>Pintura contempor\u00e1nea.<\/li>\n<li>Teor\u00eda de la representaci\u00f3n.<\/li>\n<li>Discurso ic\u00f3nico.<\/li>\n<\/ul>\n<\/div><\/div>\n<div id=\"ut-accordion-parent-2\" class=\"ut-accordion\"><div class=\"ut-accordion-group\"><\/div><\/div> <div class=\"ut-accordion-heading \"><a data-parent=\"#ut-accordion-parent-2\" class=\"accordion-toggle collapsed \" data-toggle=\"collapse\" data-target=\"#accordion1\">Estudios<\/a><\/div><div id=\"accordion1\" class=\"ut-accordion-body collapse\"><div class=\"ut-accordion-inner entry-content clearfix\">\n<ul>\n<li>Doctor en Bellas Artes, Universidad Miguel Hern\u00e1ndez, 2010.<\/li>\n<li>Licenciado en Bellas Artes, especialidad Pintura, Universidad Polit\u00e9cnica de Valencia, 2002.<\/li>\n<\/ul>\n<\/div><\/div>\n<div id=\"ut-accordion-parent-3\" class=\"ut-accordion\"><div class=\"ut-accordion-group\"><\/div><\/div> <div class=\"ut-accordion-heading \"><a data-parent=\"#ut-accordion-parent-3\" class=\"accordion-toggle collapsed \" data-toggle=\"collapse\" data-target=\"#accordion2\">Tesis doctoral<\/a><\/div><div id=\"accordion2\" class=\"ut-accordion-body collapse\"><div class=\"ut-accordion-inner entry-content clearfix\">\n<p><em>Descripci\u00f3n y convenci\u00f3n en el paisaje prefotogr\u00e1fico. La c\u00e1mara oscura en la obra de Mariano S\u00e1nchez<\/em>, 2010, sobresaliente cum laude.<\/p>\n<\/div><\/div>\n<div id=\"ut-accordion-parent-4\" class=\"ut-accordion\"><div class=\"ut-accordion-group\"><\/div><\/div> <div class=\"ut-accordion-heading \"><a data-parent=\"#ut-accordion-parent-4\" class=\"accordion-toggle collapsed \" data-toggle=\"collapse\" data-target=\"#accordion3\">Docencia<\/a><\/div><div id=\"accordion3\" class=\"ut-accordion-body collapse\"><div class=\"ut-accordion-inner entry-content clearfix\">\n<ul>\n<li>School of Art &amp; Design (University of Michigan).<\/li>\n<\/ul>\n<\/div><\/div>\n<div id=\"ut-accordion-parent-5\" class=\"ut-accordion\"><div class=\"ut-accordion-group\"><\/div><\/div> <div class=\"ut-accordion-heading \"><a data-parent=\"#ut-accordion-parent-5\" class=\"accordion-toggle collapsed \" data-toggle=\"collapse\" data-target=\"#accordion4\">L\u00edneas de investigaci\u00f3n<\/a><\/div><div id=\"accordion4\" class=\"ut-accordion-body collapse\"><div class=\"ut-accordion-inner entry-content clearfix\">\n<ul>\n<li>Pintura y discurso ic\u00f3nico.<\/li>\n<li>Instrumentos geom\u00e9trico-proyectivos.<\/li>\n<li>La imagen fotogr\u00e1fica y pre-fotogr\u00e1fica.<\/li>\n<li>Procedimientos y t\u00e9cnicas pict\u00f3ricas.<\/li>\n<\/ul>\n<\/div><\/div>\n<div id=\"ut-accordion-parent-6\" class=\"ut-accordion\"><div class=\"ut-accordion-group\"><\/div><\/div> <div class=\"ut-accordion-heading \"><a data-parent=\"#ut-accordion-parent-6\" class=\"accordion-toggle collapsed \" data-toggle=\"collapse\" data-target=\"#accordion5\">Enlace a web personal<\/a><\/div><div id=\"accordion5\" class=\"ut-accordion-body collapse\"><div class=\"ut-accordion-inner entry-content clearfix\">\n<p><a href=\"http:\/\/www.ivanalbalate.com\">http:\/\/www.ivanalbalate.com<\/a><\/p>\n<p><a href=\"http:\/\/ivanalbalate.edu.umh.es\">http:\/\/ivanalbalate.edu.umh.es<\/a><\/p>\n<p><a href=\"http:\/\/www.lamutuaartistica.com\">http:\/\/www.lamutuaartistica.com<\/a><\/p>\n<\/div><\/div>\n<div id=\"ut-accordion-parent-7\" class=\"ut-accordion\"><div class=\"ut-accordion-group\"><\/div><\/div> <div class=\"ut-accordion-heading \"><a data-parent=\"#ut-accordion-parent-7\" class=\"accordion-toggle collapsed \" data-toggle=\"collapse\" data-target=\"#accordion6\">Exposiciones individuales<\/a><\/div><div id=\"accordion6\" class=\"ut-accordion-body collapse\"><div class=\"ut-accordion-inner entry-content clearfix\">\n<ul>\n<li><em>Orbe<\/em>, Fundaci\u00f3n Frax, Alfaz del Pi (Alicante), 2014, comisario: Jos\u00e9 Antonio Hinojos, cat\u00e1logo.<\/li>\n<li><em>El mapa no es el mundo<\/em>, Universidad Miguel Hern\u00e1ndez, Elche (Alicante), 2014, comisario: Jos\u00e9 Vicente Mart\u00edn, cat\u00e1logo.<\/li>\n<li><em>Natures mortes<\/em>, Gand\u00eda (Alicante), 2006, comisario: Daniel Tejero.<\/li>\n<li><em>Paisajes<\/em>, Torralba del Pinar (Castell\u00f3n), 2005.<\/li>\n<\/ul>\n<\/div><\/div>\n<div id=\"ut-accordion-parent-8\" class=\"ut-accordion\"><div class=\"ut-accordion-group\"><\/div><\/div> <div class=\"ut-accordion-heading \"><a data-parent=\"#ut-accordion-parent-8\" class=\"accordion-toggle collapsed \" data-toggle=\"collapse\" data-target=\"#accordion7\">Exposiciones colectivas<\/a><\/div><div id=\"accordion7\" class=\"ut-accordion-body collapse\"><div class=\"ut-accordion-inner entry-content clearfix\">\n<ul>\n<li><em>Zinc<\/em>, Atarazanas de Valencia, Valencia, 2016, comisarios: Sergio Luna e Iv\u00e1n Albalate.<\/li>\n<li><em>Menos es menos, m\u00e1s es menos, menos es m\u00e1s, m\u00e1s es m\u00e1s<\/em>, comisario: Jos\u00e9 Maldonado, Fundaci\u00f3n Frax, Alfaz del Pi (Alicante), 2016, cat\u00e1logo.<\/li>\n<li><em>Menos es menos, m\u00e1s es menos, menos es m\u00e1s, m\u00e1s es m\u00e1s<\/em>, comisario: Jos\u00e9 Maldonado, Fundaci\u00f3n Frax, Alfaz del Pi (Alicante), 2016, cat\u00e1logo, (como La Mutua Art\u00edstica).<\/li>\n<li><em>X Certamen Nacional de Pintura \u201cMiradas\u201d<\/em>, Lonja del Pescado, Alicante, 2016, cat\u00e1logo.<\/li>\n<li><em>XXXIV Certamen de Pintura S. Soria<\/em>, Centre D\u2019Art Taller de Ivars, Benissa (Alicante), 2016, cat\u00e1logo.<\/li>\n<li><em>XXXIX Certamen Nacional Vila de Pego<\/em>, Centro de exposiciones Museu d\u2019Art, Pego (Alicante), 2015.<\/li>\n<li><em>Traves\u00edas. Muelle de Levante 20 A\u00f1os<\/em>, Atarazanas de Valencia, Valencia, 2014, cat\u00e1logo, (como La Mutua Art\u00edstica).<\/li>\n<li><em>Premio Mardel de pintura<\/em>, Centro Municipal de las Artes, Alicante, 2014.<\/li>\n<li><em>Premios EAC en la Casa Bard\u00edn<\/em>, Instituto Juan Gil-Albert, Alicante, 2014, cat\u00e1logo.<\/li>\n<\/ul>\n<\/div><\/div>\n<div id=\"ut-accordion-parent-9\" class=\"ut-accordion\"><div class=\"ut-accordion-group\"><\/div><\/div> <div class=\"ut-accordion-heading \"><a data-parent=\"#ut-accordion-parent-9\" class=\"accordion-toggle collapsed \" data-toggle=\"collapse\" data-target=\"#accordion8\">Libros (de autor\u00eda personal o como editor, enteros o cap\u00edtulos)<\/a><\/div><div id=\"accordion8\" class=\"ut-accordion-body collapse\"><div class=\"ut-accordion-inner entry-content clearfix\">\n<ul>\n<li>Albalate Gauch\u00eda, Iv\u00e1n, Descripci\u00f3n y convenci\u00f3n en el paisaje prefotogr\u00e1fico. <em>La c\u00e1mara oscura en la obra de Mariano S\u00e1nchez<\/em>, Editorial Universidad Miguel Hern\u00e1ndez, Elche, 2015.<\/li>\n<\/ul>\n<\/div><\/div>\n<div id=\"ut-accordion-parent-10\" class=\"ut-accordion\"><div class=\"ut-accordion-group\"><\/div><\/div> <div class=\"ut-accordion-heading \"><a data-parent=\"#ut-accordion-parent-10\" class=\"accordion-toggle collapsed \" data-toggle=\"collapse\" data-target=\"#accordion9\">Art\u00edculos en revistas<\/a><\/div><div id=\"accordion9\" class=\"ut-accordion-body collapse\"><div class=\"ut-accordion-inner entry-content clearfix\">\n<ul>\n<li>Iv\u00e1n Albalate Gauch\u00eda y Jos\u00e9 Vicente Mart\u00edn Mart\u00ednez, \u201dArte, educaci\u00f3n y cultura. Aportaciones desde la periferia\u201d, <em>IV Congreso internacional. Contribuciones desde la periferia<\/em>, Universidad de Ja\u00e9n, Ja\u00e9n, 2012.<\/li>\n<\/ul>\n<\/div><\/div>\n<div id=\"ut-accordion-parent-11\" class=\"ut-accordion\"><div class=\"ut-accordion-group\"><\/div><\/div> <div class=\"ut-accordion-heading \"><a data-parent=\"#ut-accordion-parent-11\" class=\"accordion-toggle collapsed \" data-toggle=\"collapse\" data-target=\"#accordion10\">Comisariados<\/a><\/div><div id=\"accordion10\" class=\"ut-accordion-body collapse\"><div class=\"ut-accordion-inner entry-content clearfix\">\n<ul>\n<li><em>International Collaborative Exhibition Altea-Ann Arbor<\/em>, Ann Arbor (Michigan) y Alfas del Pi (Alicante), 2011, cat\u00e1logo.<\/li>\n<\/ul>\n<\/div><\/div>\n<div id=\"ut-accordion-parent-12\" class=\"ut-accordion\"><div class=\"ut-accordion-group\"><\/div><\/div> <div class=\"ut-accordion-heading \"><a data-parent=\"#ut-accordion-parent-12\" class=\"accordion-toggle collapsed \" data-toggle=\"collapse\" data-target=\"#accordion11\">Premios<\/a><\/div><div id=\"accordion11\" class=\"ut-accordion-body collapse\"><div class=\"ut-accordion-inner entry-content clearfix\">\n<ul>\n<li>Premio a la Productividad Investigadora, UMH, 2015<\/li>\n<li>Premio al Talento Docente, UMH, 2015<\/li>\n<li>Premio Internacional Convocatoria Artes Pl\u00e1sticas y Fotograf\u00eda 2012 de la Diputaci\u00f3n de Alicante, 2012.<\/li>\n<li>Premio Internacional XIV Concurso Internacional Encuentros de Arte Contempor\u00e1neo, EAC, 2014, (como La Mutua Art\u00edstica).<\/li>\n<\/ul>\n<\/div><\/div>\n<div id=\"ut-accordion-parent-13\" class=\"ut-accordion\"><div class=\"ut-accordion-group\"><\/div><\/div> <div class=\"ut-accordion-heading \"><a data-parent=\"#ut-accordion-parent-13\" class=\"accordion-toggle collapsed \" data-toggle=\"collapse\" data-target=\"#accordion12\">Obra en colecciones de arte<\/a><\/div><div id=\"accordion12\" class=\"ut-accordion-body collapse\"><div class=\"ut-accordion-inner entry-content clearfix\">\n<ul>\n<li>Universidad Miguel Hern\u00e1ndez de Elche.<\/li>\n<li>Diputaci\u00f3n de Alicante.<\/li>\n<li>Diputaci\u00f3n de Segovia.<\/li>\n<li>Instituto Juan Gil Albert.<\/li>\n<\/ul>\n<\/div><\/div>\n<div id=\"ut-accordion-parent-14\" class=\"ut-accordion\"><div class=\"ut-accordion-group\"><\/div><\/div> <div class=\"ut-accordion-heading \"><a data-parent=\"#ut-accordion-parent-14\" class=\"accordion-toggle collapsed \" data-toggle=\"collapse\" data-target=\"#accordion13\">Otros<\/a><\/div><div id=\"accordion13\" class=\"ut-accordion-body collapse\"><div class=\"ut-accordion-inner entry-content clearfix\">\n<ul>\n<li>Patente nacional <em>Visor de dioramas con enfoque selectivo<\/em> (n\u00ba 201100414, 16\/6\/2014).<\/li>\n<\/ul>\n<\/div><\/div>\n<\/div><\/div>\n<\/div>\n<div  class=\"ut-one-half ut-column-last  \">\n<p>\n\t\t\t<!-- START Albalate REVOLUTION SLIDER 6.5.14 --><p class=\"rs-p-wp-fix\"><\/p>\n\t\t\t<rs-module-wrap id=\"rev_slider_9_1_wrapper\" data-source=\"gallery\" style=\"visibility:hidden;background:transparent;padding:0;margin:0px auto;margin-top:0;margin-bottom:0;\">\n\t\t\t\t<rs-module id=\"rev_slider_9_1\" style=\"\" data-version=\"6.5.14\">\n\t\t\t\t\t<rs-slides>\n\t\t\t\t\t\t<rs-slide style=\"position: absolute;\" data-key=\"rs-24\" data-title=\"El mapa\" data-thumb=\"\/\/campusaltea.umh.es\/files\/2016\/11\/1.El-mapa-no-es-el-mundo.jpg\" data-anim=\"ms:600;\" data-in=\"o:0;\" data-out=\"a:false;\">\n\t\t\t\t\t\t\t<img src=\"\/\/campusaltea.umh.es\/wp-content\/plugins\/revslider\/public\/assets\/assets\/dummy.png\" alt=\"El mapa\" title=\"Ivan Albalate Gauch\u00eda\" class=\"rev-slidebg tp-rs-img rs-lazyload\" data-lazyload=\"\/\/campusaltea.umh.es\/wp-content\/plugins\/revslider\/public\/assets\/assets\/transparent.png\" data-no-retina>\n<!--\n\t\t\t\t\t\t\t--><rs-layer\n\t\t\t\t\t\t\t\tid=\"slider-9-slide-24-layer-5\" \n\t\t\t\t\t\t\t\tdata-type=\"image\"\n\t\t\t\t\t\t\t\tdata-rsp_ch=\"on\"\n\t\t\t\t\t\t\t\tdata-xy=\"x:-1px;y:2px;\"\n\t\t\t\t\t\t\t\tdata-text=\"l:22;\"\n\t\t\t\t\t\t\t\tdata-dim=\"w:1240px;h:867px;\"\n\t\t\t\t\t\t\t\tdata-frame_0=\"tp:600;\"\n\t\t\t\t\t\t\t\tdata-frame_1=\"tp:600;e:power2.inOut;st:500;\"\n\t\t\t\t\t\t\t\tdata-frame_999=\"o:0;tp:600;e:nothing;st:w;\"\n\t\t\t\t\t\t\t\tstyle=\"z-index:5;\"\n\t\t\t\t\t\t\t><img src=\"\/\/campusaltea.umh.es\/wp-content\/plugins\/revslider\/public\/assets\/assets\/dummy.png\" alt=\"\" class=\"tp-rs-img rs-lazyload\" width=\"1240\" height=\"867\" data-lazyload=\"\/\/campusaltea.umh.es\/files\/2016\/11\/1.El-mapa-no-es-el-mundo_c.jpg\" data-no-retina> \n\t\t\t\t\t\t\t<\/rs-layer><!--\n\n\t\t\t\t\t\t\t--><rs-layer\n\t\t\t\t\t\t\t\tid=\"slider-9-slide-24-layer-7\" \n\t\t\t\t\t\t\t\tdata-type=\"text\"\n\t\t\t\t\t\t\t\tdata-color=\"rgba(0,0,0,1)\"\n\t\t\t\t\t\t\t\tdata-rsp_ch=\"on\"\n\t\t\t\t\t\t\t\tdata-xy=\"x:12px;y:18px;\"\n\t\t\t\t\t\t\t\tdata-text=\"s:26;l:22;fw:600;\"\n\t\t\t\t\t\t\t\tdata-frame_0=\"tp:600;\"\n\t\t\t\t\t\t\t\tdata-frame_1=\"tp:600;e:power2.inOut;st:500;\"\n\t\t\t\t\t\t\t\tdata-frame_999=\"o:0;tp:600;e:nothing;st:w;\"\n\t\t\t\t\t\t\t\tstyle=\"z-index:6;font-family:'';\"\n\t\t\t\t\t\t\t>El mapa no es el mundo \n\t\t\t\t\t\t\t<\/rs-layer><!--\n\n\t\t\t\t\t\t\t--><rs-layer\n\t\t\t\t\t\t\t\tid=\"slider-9-slide-24-layer-8\" \n\t\t\t\t\t\t\t\tdata-type=\"text\"\n\t\t\t\t\t\t\t\tdata-color=\"rgba(0,0,0,1)\"\n\t\t\t\t\t\t\t\tdata-rsp_ch=\"on\"\n\t\t\t\t\t\t\t\tdata-xy=\"x:13px;y:62px;\"\n\t\t\t\t\t\t\t\tdata-text=\"w:normal;s:22;l:22;\"\n\t\t\t\t\t\t\t\tdata-dim=\"w:276px;h:62px;\"\n\t\t\t\t\t\t\t\tdata-frame_0=\"tp:600;\"\n\t\t\t\t\t\t\t\tdata-frame_1=\"tp:600;e:power2.inOut;st:500;\"\n\t\t\t\t\t\t\t\tdata-frame_999=\"o:0;tp:600;e:nothing;st:w;\"\n\t\t\t\t\t\t\t\tstyle=\"z-index:7;font-family:'';\"\n\t\t\t\t\t\t\t>\u00d3leo sobre lienzo. 200 x 80 cm\n2014\n \n\t\t\t\t\t\t\t<\/rs-layer><!--\n-->\t\t\t\t\t\t<\/rs-slide>\n\t\t\t\t\t\t<rs-slide style=\"position: absolute;\" data-key=\"rs-27\" data-title=\"Orbe\" data-anim=\"ms:600;\" data-in=\"o:0;\" data-out=\"a:false;\">\n\t\t\t\t\t\t\t<img src=\"\/\/campusaltea.umh.es\/wp-content\/plugins\/revslider\/public\/assets\/assets\/dummy.png\" alt=\"Orbe\" title=\"Ivan Albalate Gauch\u00eda\" class=\"rev-slidebg tp-rs-img rs-lazyload\" data-lazyload=\"\/\/campusaltea.umh.es\/wp-content\/plugins\/revslider\/public\/assets\/assets\/transparent.png\" data-no-retina>\n<!--\n\t\t\t\t\t\t\t--><rs-layer\n\t\t\t\t\t\t\t\tid=\"slider-9-slide-27-layer-1\" \n\t\t\t\t\t\t\t\tdata-type=\"image\"\n\t\t\t\t\t\t\t\tdata-rsp_ch=\"on\"\n\t\t\t\t\t\t\t\tdata-xy=\"x:-1px;\"\n\t\t\t\t\t\t\t\tdata-text=\"l:22;\"\n\t\t\t\t\t\t\t\tdata-dim=\"w:100%;h:806px;\"\n\t\t\t\t\t\t\t\tdata-frame_0=\"tp:600;\"\n\t\t\t\t\t\t\t\tdata-frame_1=\"tp:600;e:power2.inOut;st:500;\"\n\t\t\t\t\t\t\t\tdata-frame_999=\"o:0;tp:600;e:nothing;st:w;\"\n\t\t\t\t\t\t\t\tstyle=\"z-index:5;\"\n\t\t\t\t\t\t\t><img src=\"\/\/campusaltea.umh.es\/wp-content\/plugins\/revslider\/public\/assets\/assets\/dummy.png\" alt=\"\" class=\"tp-rs-img rs-lazyload\" width=\"1181\" height=\"806\" data-lazyload=\"\/\/campusaltea.umh.es\/files\/2016\/11\/2.Orbe_.jpg\" data-c=\"fullwidth\" data-no-retina> \n\t\t\t\t\t\t\t<\/rs-layer><!--\n\n\t\t\t\t\t\t\t--><rs-layer\n\t\t\t\t\t\t\t\tid=\"slider-9-slide-27-layer-2\" \n\t\t\t\t\t\t\t\tdata-type=\"text\"\n\t\t\t\t\t\t\t\tdata-color=\"rgba(0,0,0,1)\"\n\t\t\t\t\t\t\t\tdata-rsp_ch=\"on\"\n\t\t\t\t\t\t\t\tdata-xy=\"x:11px;y:811px;\"\n\t\t\t\t\t\t\t\tdata-text=\"s:26;l:22;fw:600;\"\n\t\t\t\t\t\t\t\tdata-frame_0=\"tp:600;\"\n\t\t\t\t\t\t\t\tdata-frame_1=\"tp:600;e:power2.inOut;st:500;\"\n\t\t\t\t\t\t\t\tdata-frame_999=\"o:0;tp:600;e:nothing;st:w;\"\n\t\t\t\t\t\t\t\tstyle=\"z-index:6;font-family:'';\"\n\t\t\t\t\t\t\t>Orbe \n\t\t\t\t\t\t\t<\/rs-layer><!--\n\n\t\t\t\t\t\t\t--><rs-layer\n\t\t\t\t\t\t\t\tid=\"slider-9-slide-27-layer-3\" \n\t\t\t\t\t\t\t\tdata-type=\"text\"\n\t\t\t\t\t\t\t\tdata-color=\"rgba(0,0,0,1)\"\n\t\t\t\t\t\t\t\tdata-rsp_ch=\"on\"\n\t\t\t\t\t\t\t\tdata-xy=\"x:8px;y:838px;\"\n\t\t\t\t\t\t\t\tdata-text=\"s:22;l:22;\"\n\t\t\t\t\t\t\t\tdata-frame_0=\"tp:600;\"\n\t\t\t\t\t\t\t\tdata-frame_1=\"tp:600;e:power2.inOut;st:500;\"\n\t\t\t\t\t\t\t\tdata-frame_999=\"o:0;tp:600;e:nothing;st:w;\"\n\t\t\t\t\t\t\t\tstyle=\"z-index:7;font-family:'';\"\n\t\t\t\t\t\t\t>\u00d3leo sobre tabla. 116 x 81 cm\n2015 \n\t\t\t\t\t\t\t<\/rs-layer><!--\n-->\t\t\t\t\t\t<\/rs-slide>\n\t\t\t\t\t\t<rs-slide style=\"position: absolute;\" data-key=\"rs-28\" data-title=\"Burbu1\" data-anim=\"ms:600;\" data-in=\"o:0;\" data-out=\"a:false;\">\n\t\t\t\t\t\t\t<img src=\"\/\/campusaltea.umh.es\/wp-content\/plugins\/revslider\/public\/assets\/assets\/dummy.png\" alt=\"Burbu1\" title=\"Ivan Albalate Gauch\u00eda\" class=\"rev-slidebg tp-rs-img rs-lazyload\" data-lazyload=\"\/\/campusaltea.umh.es\/wp-content\/plugins\/revslider\/public\/assets\/assets\/transparent.png\" data-no-retina>\n<!--\n\t\t\t\t\t\t\t--><rs-layer\n\t\t\t\t\t\t\t\tid=\"slider-9-slide-28-layer-1\" \n\t\t\t\t\t\t\t\tdata-type=\"image\"\n\t\t\t\t\t\t\t\tdata-rsp_ch=\"on\"\n\t\t\t\t\t\t\t\tdata-text=\"l:22;\"\n\t\t\t\t\t\t\t\tdata-dim=\"w:1234px;h:686px;\"\n\t\t\t\t\t\t\t\tdata-frame_0=\"tp:600;\"\n\t\t\t\t\t\t\t\tdata-frame_1=\"tp:600;e:power2.inOut;st:500;\"\n\t\t\t\t\t\t\t\tdata-frame_999=\"o:0;tp:600;e:nothing;st:w;\"\n\t\t\t\t\t\t\t\tstyle=\"z-index:5;\"\n\t\t\t\t\t\t\t><img src=\"\/\/campusaltea.umh.es\/wp-content\/plugins\/revslider\/public\/assets\/assets\/dummy.png\" alt=\"\" class=\"tp-rs-img rs-lazyload\" width=\"1181\" height=\"656\" data-lazyload=\"\/\/campusaltea.umh.es\/files\/2016\/11\/3.Burbuja1-.jpg\" data-no-retina> \n\t\t\t\t\t\t\t<\/rs-layer><!--\n\n\t\t\t\t\t\t\t--><rs-layer\n\t\t\t\t\t\t\t\tid=\"slider-9-slide-28-layer-2\" \n\t\t\t\t\t\t\t\tdata-type=\"text\"\n\t\t\t\t\t\t\t\tdata-color=\"rgba(0,0,0,1)\"\n\t\t\t\t\t\t\t\tdata-rsp_ch=\"on\"\n\t\t\t\t\t\t\t\tdata-xy=\"y:688px;\"\n\t\t\t\t\t\t\t\tdata-text=\"s:26;l:22;fw:600;\"\n\t\t\t\t\t\t\t\tdata-frame_0=\"tp:600;\"\n\t\t\t\t\t\t\t\tdata-frame_1=\"tp:600;e:power2.inOut;st:500;\"\n\t\t\t\t\t\t\t\tdata-frame_999=\"o:0;tp:600;e:nothing;st:w;\"\n\t\t\t\t\t\t\t\tstyle=\"z-index:6;font-family:'';\"\n\t\t\t\t\t\t\t>Burbuja (Obra de La Mutua Art\u00edstica) \n\t\t\t\t\t\t\t<\/rs-layer><!--\n\n\t\t\t\t\t\t\t--><rs-layer\n\t\t\t\t\t\t\t\tid=\"slider-9-slide-28-layer-3\" \n\t\t\t\t\t\t\t\tdata-type=\"text\"\n\t\t\t\t\t\t\t\tdata-color=\"rgba(0,0,0,1)\"\n\t\t\t\t\t\t\t\tdata-rsp_ch=\"on\"\n\t\t\t\t\t\t\t\tdata-xy=\"x:8px;y:732px;\"\n\t\t\t\t\t\t\t\tdata-text=\"w:normal;s:22;l:22;\"\n\t\t\t\t\t\t\t\tdata-dim=\"w:396px;h:135px;\"\n\t\t\t\t\t\t\t\tdata-frame_0=\"tp:600;\"\n\t\t\t\t\t\t\t\tdata-frame_1=\"tp:600;e:power2.inOut;st:500;\"\n\t\t\t\t\t\t\t\tdata-frame_999=\"o:0;tp:600;e:nothing;st:w;\"\n\t\t\t\t\t\t\t\tstyle=\"z-index:7;font-family:'';\"\n\t\t\t\t\t\t\t>Obra compuesta por tres fotograf\u00edas 45 x 81 cm (copia Ultrachrome en papel fotogr\u00e1fico perla)  y una escultura (resina policromada, cristal y madera), 38 x 25 x 25 cm.\n2014\n \n\t\t\t\t\t\t\t<\/rs-layer><!--\n-->\t\t\t\t\t\t<\/rs-slide>\n\t\t\t\t\t\t<rs-slide style=\"position: absolute;\" data-key=\"rs-29\" data-title=\"burbu2\" data-anim=\"ms:600;\" data-in=\"o:0;\" data-out=\"a:false;\">\n\t\t\t\t\t\t\t<img src=\"\/\/campusaltea.umh.es\/wp-content\/plugins\/revslider\/public\/assets\/assets\/dummy.png\" alt=\"burbu2\" title=\"Ivan Albalate Gauch\u00eda\" class=\"rev-slidebg tp-rs-img rs-lazyload\" data-lazyload=\"\/\/campusaltea.umh.es\/wp-content\/plugins\/revslider\/public\/assets\/assets\/transparent.png\" data-no-retina>\n<!--\n\t\t\t\t\t\t\t--><rs-layer\n\t\t\t\t\t\t\t\tid=\"slider-9-slide-29-layer-1\" \n\t\t\t\t\t\t\t\tdata-type=\"image\"\n\t\t\t\t\t\t\t\tdata-rsp_ch=\"on\"\n\t\t\t\t\t\t\t\tdata-xy=\"x:c;y:c;\"\n\t\t\t\t\t\t\t\tdata-text=\"l:22;\"\n\t\t\t\t\t\t\t\tdata-dim=\"w:1242px;h:690px;\"\n\t\t\t\t\t\t\t\tdata-frame_0=\"tp:600;\"\n\t\t\t\t\t\t\t\tdata-frame_1=\"tp:600;e:power2.inOut;st:500;\"\n\t\t\t\t\t\t\t\tdata-frame_999=\"o:0;tp:600;e:nothing;st:w;\"\n\t\t\t\t\t\t\t\tstyle=\"z-index:5;\"\n\t\t\t\t\t\t\t><img src=\"\/\/campusaltea.umh.es\/wp-content\/plugins\/revslider\/public\/assets\/assets\/dummy.png\" alt=\"\" class=\"tp-rs-img rs-lazyload\" width=\"1181\" height=\"656\" data-lazyload=\"\/\/campusaltea.umh.es\/files\/2016\/11\/3.Burbuja3-.jpg\" data-no-retina> \n\t\t\t\t\t\t\t<\/rs-layer><!--\n-->\t\t\t\t\t\t<\/rs-slide>\n\t\t\t\t\t\t<rs-slide style=\"position: absolute;\" data-key=\"rs-30\" data-title=\"burbu3\" data-anim=\"ms:600;\" data-in=\"o:0;\" data-out=\"a:false;\">\n\t\t\t\t\t\t\t<img src=\"\/\/campusaltea.umh.es\/wp-content\/plugins\/revslider\/public\/assets\/assets\/dummy.png\" alt=\"burbu3\" title=\"Ivan Albalate Gauch\u00eda\" class=\"rev-slidebg tp-rs-img rs-lazyload\" data-lazyload=\"\/\/campusaltea.umh.es\/wp-content\/plugins\/revslider\/public\/assets\/assets\/transparent.png\" data-no-retina>\n<!--\n\t\t\t\t\t\t\t--><rs-layer\n\t\t\t\t\t\t\t\tid=\"slider-9-slide-30-layer-1\" \n\t\t\t\t\t\t\t\tdata-type=\"image\"\n\t\t\t\t\t\t\t\tdata-rsp_ch=\"on\"\n\t\t\t\t\t\t\t\tdata-xy=\"x:330px;\"\n\t\t\t\t\t\t\t\tdata-text=\"l:22;\"\n\t\t\t\t\t\t\t\tdata-dim=\"w:581.0314685314686;h:867px;\"\n\t\t\t\t\t\t\t\tdata-frame_0=\"tp:600;\"\n\t\t\t\t\t\t\t\tdata-frame_1=\"tp:600;e:power2.inOut;st:500;\"\n\t\t\t\t\t\t\t\tdata-frame_999=\"o:0;tp:600;e:nothing;st:w;\"\n\t\t\t\t\t\t\t\tstyle=\"z-index:5;\"\n\t\t\t\t\t\t\t><img src=\"\/\/campusaltea.umh.es\/wp-content\/plugins\/revslider\/public\/assets\/assets\/dummy.png\" alt=\"\" class=\"tp-rs-img rs-lazyload\" width=\"791\" height=\"1181\" data-lazyload=\"\/\/campusaltea.umh.es\/files\/2016\/11\/3.Burbuja3d-.jpg\" data-no-retina> \n\t\t\t\t\t\t\t<\/rs-layer><!--\n-->\t\t\t\t\t\t<\/rs-slide>\n\t\t\t\t\t<\/rs-slides>\n\t\t\t\t<\/rs-module>\n\t\t\t\t<script>\n\t\t\t\t\tsetREVStartSize({c: 'rev_slider_9_1',rl:[1240,1024,778,480],el:[],gw:[1240],gh:[868],type:'standard',justify:'',layout:'fullwidth',mh:\"0\"});if (window.RS_MODULES!==undefined && window.RS_MODULES.modules!==undefined && window.RS_MODULES.modules[\"revslider91\"]!==undefined) {window.RS_MODULES.modules[\"revslider91\"].once = false;window.revapi9 = undefined;if (window.RS_MODULES.checkMinimal!==undefined) window.RS_MODULES.checkMinimal()}\n\t\t\t\t<\/script>\n\t\t\t<\/rs-module-wrap>\n\t\t\t<!-- END REVOLUTION SLIDER -->\n<br \/>\n<\/div><div class=\"clear\"><\/div><\/p>","protected":false},"excerpt":{"rendered":"Ivan Albalate Gauch\u00eda Iv\u00e1n Albalate Gauch\u00eda es miembro desde 2004 del grupo de investigaci\u00f3n interuniversitario El\u00e1stica Variable y ha desarrollado con \u00e9ste diversos proyectos de investigaci\u00f3n. En la actualidad es miembro del grupo de investigaci\u00f3n Lenguajes \u00f3ptico-anal\u00f3gicos y recursos digitales (LOARD) centrando su inter\u00e9s en el an\u00e1lisis cr\u00edtico de los dispositivos \u00f3pticos pre-fotogr\u00e1ficos, labor que [...]","protected":false},"author":469,"featured_media":0,"parent":0,"menu_order":0,"comment_status":"closed","ping_status":"open","template":"","meta":{"_links_to":"","_links_to_target":""},"_links":{"self":[{"href":"https:\/\/campusaltea.umh.es\/es\/wp-json\/wp\/v2\/pages\/4211"}],"collection":[{"href":"https:\/\/campusaltea.umh.es\/es\/wp-json\/wp\/v2\/pages"}],"about":[{"href":"https:\/\/campusaltea.umh.es\/es\/wp-json\/wp\/v2\/types\/page"}],"author":[{"embeddable":true,"href":"https:\/\/campusaltea.umh.es\/es\/wp-json\/wp\/v2\/users\/469"}],"replies":[{"embeddable":true,"href":"https:\/\/campusaltea.umh.es\/es\/wp-json\/wp\/v2\/comments?post=4211"}],"version-history":[{"count":0,"href":"https:\/\/campusaltea.umh.es\/es\/wp-json\/wp\/v2\/pages\/4211\/revisions"}],"wp:attachment":[{"href":"https:\/\/campusaltea.umh.es\/es\/wp-json\/wp\/v2\/media?parent=4211"}],"curies":[{"name":"wp","href":"https:\/\/api.w.org\/{rel}","templated":true}]}}