{"id":4166,"date":"2016-10-27T21:43:28","date_gmt":"2016-10-27T21:43:28","guid":{"rendered":"http:\/\/campusaltea.umh.es\/?page_id=4166"},"modified":"2020-06-25T11:08:15","modified_gmt":"2020-06-25T11:08:15","slug":"internacional","status":"publish","type":"page","link":"https:\/\/campusaltea.umh.es\/es\/internacional\/","title":{"rendered":"Internacional"},"content":{"rendered":"<p><\/p>\n<p style=\"text-align: justify;\">La Facultad de Bellas Artes est\u00e1 trabajando constantemente para optimizar sus relaciones, acuerdos y presencia internacional, pero tambi\u00e9n con el fin de explorar otras posibles colaboraciones como cursos <em>study abroad<\/em>, proyectos conjuntos, cooperaci\u00f3n en investigaci\u00f3n, o estancias sab\u00e1ticas, entre otras.<\/p>\n<p style=\"text-align: justify;\">Actualmente, la Universidad de Miguel Hern\u00e1ndez de Elche tiene varios socios en toda Europa, y otros continentes, y hace un esfuerzo continuo tratando de profundizar las relaciones actuales y establecer nuevos programas de intercambio con otras prestigiosas universidades.<\/p>\n<p style=\"text-align: justify;\"><a href=\"http:\/\/internacional.umh.es\"><a title=\"\" target=\"_self\" class=\"ut-btn  red small round\" href=\"http:\/\/internacional.umh.es\">M\u00e1s<\/a> <\/a><\/p>\n<h1>Experiencias<\/h1>\n<hr \/>\n<div  class=\"ut-one-half  \">\n<h2><a href=\"http:\/\/campusaltea.umh.es\/lindsey-abdale\/\"><img loading=\"lazy\" class=\"alignleft wp-image-4353 size-thumbnail\" src=\"http:\/\/campusaltea.umh.es\/files\/2016\/10\/lindsay-150x150.jpg\" alt=\"\" width=\"150\" height=\"150\" \/><\/a><span style=\"text-decoration: underline;\"><a title=\"Lindsay Abdale\" href=\"http:\/\/campusaltea.umh.es\/lindsey-abdale\/\">Lindsey Abale<\/a><\/span><\/h2>\n<ul>\n<li>Estudiante Incoming<\/li>\n<\/ul>\n<p>&nbsp;<\/p>\n<p>&nbsp;<\/p>\n<h2><\/h2>\n<\/div>\n<div  class=\"ut-one-half ut-column-last  \">\n<h2><span style=\"text-decoration: underline;\"><a href=\"http:\/\/campusaltea.umh.es\/alex-lee\/\"><img loading=\"lazy\" class=\"alignleft wp-image-4354 size-thumbnail\" src=\"http:\/\/campusaltea.umh.es\/files\/2016\/10\/Alex-Lee-Foto-2-150x150.jpg\" alt=\"\" width=\"150\" height=\"150\" \/><\/a><a title=\"Alex Lee\" href=\"http:\/\/campusaltea.umh.es\/alex-lee\/\">Alex Lee<\/a><\/span><\/h2>\n<ul>\n<li>Estudiante Incoming<\/li>\n<\/ul>\n<p>&nbsp;<\/p>\n<p>&nbsp;<\/p>\n<h2><span style=\"text-decoration: underline;\"><a href=\"http:\/\/campusaltea.umh.es\/linda-grimmel\/\"><img loading=\"lazy\" class=\"alignleft wp-image-4355 size-thumbnail\" src=\"http:\/\/campusaltea.umh.es\/files\/2018\/06\/Linda-Grimmel-150x150.jpg\" alt=\"\" width=\"150\" height=\"150\" \/><\/a><a href=\"http:\/\/campusaltea.umh.es\/linda-grimmel\/\">Linda Grimmel<\/a><\/span><\/h2>\n<ul>\n<li>Estudiante\u00a0Incoming<\/li>\n<\/ul>\n<\/div><div class=\"clear\"><\/div>\n<h1 style=\"text-align: left;\">Acciones<\/h1>\n<hr \/>\n<h2>Plan Z \/ proyecto expositivo<\/h2>\n<div  class=\"ut-one-half  \">\n<p>\n\t\t\t<!-- START planz REVOLUTION SLIDER 6.5.14 --><p class=\"rs-p-wp-fix\"><\/p>\n\t\t\t<rs-module-wrap id=\"rev_slider_15_1_wrapper\" data-source=\"gallery\" data-aimg=\"\"  style=\"visibility:hidden;background:#F7F7F7;padding:0;margin:0px auto;margin-top:0;margin-bottom:40;\">\n\t\t\t\t<rs-module id=\"rev_slider_15_1\" style=\"\" data-version=\"6.5.14\">\n\t\t\t\t\t<rs-slides>\n\t\t\t\t\t\t<rs-slide style=\"position: absolute;\" data-key=\"rs-89\" data-title=\"Slide\" data-thumb=\"\/\/campusaltea.umh.es\/files\/2017\/01\/eric-100x50.jpg\" data-in=\"o:0;\" data-out=\"a:false;\">\n\t\t\t\t\t\t\t<img src=\"\/\/campusaltea.umh.es\/wp-content\/plugins\/revslider\/public\/assets\/assets\/dummy.png\" alt=\"\" title=\"Internacional\" class=\"rev-slidebg tp-rs-img rs-lazyload\" data-lazyload=\"\/\/campusaltea.umh.es\/files\/2017\/01\/eric.jpg\" data-bg=\"p:center top;\" data-no-retina>\n<!---->\t\t\t\t\t\t<\/rs-slide>\n\t\t\t\t\t\t<rs-slide style=\"position: absolute;\" data-key=\"rs-90\" data-title=\"Slide\" data-thumb=\"\/\/campusaltea.umh.es\/files\/2017\/01\/lazcarin-100x50.jpg\" data-in=\"o:0;\">\n\t\t\t\t\t\t\t<img src=\"\/\/campusaltea.umh.es\/wp-content\/plugins\/revslider\/public\/assets\/assets\/dummy.png\" alt=\"\" title=\"Internacional\" class=\"rev-slidebg tp-rs-img rs-lazyload\" data-lazyload=\"\/\/campusaltea.umh.es\/files\/2017\/01\/lazcarin.jpg\" data-bg=\"p:center top;\" data-no-retina>\n<!---->\t\t\t\t\t\t<\/rs-slide>\n\t\t\t\t\t\t<rs-slide style=\"position: absolute;\" data-key=\"rs-91\" data-title=\"Slide\" data-thumb=\"\/\/campusaltea.umh.es\/files\/2017\/01\/simon-100x50.jpg\" data-in=\"o:0;\">\n\t\t\t\t\t\t\t<img src=\"\/\/campusaltea.umh.es\/wp-content\/plugins\/revslider\/public\/assets\/assets\/dummy.png\" alt=\"\" title=\"Internacional\" class=\"rev-slidebg tp-rs-img rs-lazyload\" data-lazyload=\"\/\/campusaltea.umh.es\/files\/2017\/01\/simon.jpg\" data-bg=\"p:center top;\" data-no-retina>\n<!---->\t\t\t\t\t\t<\/rs-slide>\n\t\t\t\t\t<\/rs-slides>\n\t\t\t\t<\/rs-module>\n\t\t\t\t<script>\n\t\t\t\t\tsetREVStartSize({c: 'rev_slider_15_1',rl:[1240,1024,778,480],el:[],gw:[960],gh:[600],type:'standard',justify:'',layout:'fullwidth',mh:\"0\"});if (window.RS_MODULES!==undefined && window.RS_MODULES.modules!==undefined && window.RS_MODULES.modules[\"revslider151\"]!==undefined) {window.RS_MODULES.modules[\"revslider151\"].once = false;window.revapi15 = undefined;if (window.RS_MODULES.checkMinimal!==undefined) window.RS_MODULES.checkMinimal()}\n\t\t\t\t<\/script>\n\t\t\t<\/rs-module-wrap>\n\t\t\t<!-- END REVOLUTION SLIDER -->\n<\/p>\n<\/div>\n<div  class=\"ut-one-half ut-column-last  \">\n<p style=\"text-align: justify;\">El Proyecto expositivo Plan Z est\u00e1 pensado para exponer las obras e intervenciones de artistas, profesores y estudiantes, de universidades internacionales con los que la Facultad de Bellas Artes tiene firmados convenios o con las que colabora.<\/p>\n<p style=\"text-align: justify;\"><a title=\"\" target=\"_self\" class=\"ut-btn  red medium round\" href=\"http:\/\/campusaltea.umh.es\/plan-z\/\">M\u00e1s<\/a>\n<\/div><div class=\"clear\"><\/div>\n<hr \/>\n<h2 style=\"text-align: justify;\">Divulga<\/h2>\n<p style=\"text-align: justify;\"><span dir=\"ltr\"><span style=\"font-family: tahoma,sans-serif;\"><span id=\"result_box\" class=\"\" lang=\"es\"><span class=\"\">El programa DIVULGA de la Universidad Miguel Hern\u00e1ndez tiene como objetivo registrar las conferencias de los profesores visitantes, creando un archivo que permite acceder a este material en l\u00ednea.<\/span> <span class=\"\">Aqu\u00ed puede encontrar las conferencias impartidas en el Campus de Altea.<\/span><\/span><\/span><\/span><\/p>\n<div  class=\"ut-one-third  \">\n<h3>IDENTITY&#8217;S IMPACT ON CREATIVITY<\/h3>\n<p>Monika Fischbein<br \/>\nPlymouth College of Art,\u00a0<br \/>\nReino Unido.<\/p>\n<div id=\"utvs_69fb3c883e3b3\" class=\"ut-shortcode-video-wrap \"><figure class=\"ut-video-caption\"><a class=\"ut-load-video\" data-video=\"https:\/\/www.youtube.com\/watch?v=Zw6gGM97OuQ\"><img alt=\"Video\" src=\"http:\/\/campusaltea.umh.es\/files\/2016\/10\/monika.jpg\" \/><i class=\"fa fa-youtube-play fa-4x fa-border\"><\/i><\/a><\/figure><div class=\"ut-video-loading\"><i class=\"fa fa-spinner fa-3x fa-spin\"><\/i><\/div><\/div>\n<\/div>\n<div  class=\"ut-one-third  \">\n<h3>AGNOSTICS OBJECTS: THINGS PERSIST<\/h3>\n<p>Daniel Laskarin<br \/>\nUniversity of Victoria<br \/>\nCanada<\/p>\n<div id=\"utvs_69fb3c883e492\" class=\"ut-shortcode-video-wrap \"><figure class=\"ut-video-caption\"><a class=\"ut-load-video\" data-video=\"https:\/\/www.youtube.com\/watch?v=2MW99JnacBo&amp;feature=youtu.be\"><img alt=\"Video\" src=\"http:\/\/campusaltea.umh.es\/files\/2017\/02\/lascarin.jpg\" \/><i class=\"fa fa-youtube-play fa-4x fa-border\"><\/i><\/a><\/figure><div class=\"ut-video-loading\"><i class=\"fa fa-spinner fa-3x fa-spin\"><\/i><\/div><\/div>\n<\/div>\n<div  class=\"ut-one-third ut-column-last  \">\n<h3>CULTURES OF COLLABORATION<\/h3>\n<p>Simon Lewandowski<br \/>\nUniversity of Leeds<br \/>\nReino Unido<br \/>\n<div id=\"utvs_69fb3c883e503\" class=\"ut-shortcode-video-wrap \"><figure class=\"ut-video-caption\"><a class=\"ut-load-video\" data-video=\"https:\/\/www.youtube.com\/watch?v=gs-Bg91eCsg&amp;feature=youtu.be\"><img alt=\"Video\" src=\"http:\/\/campusaltea.umh.es\/files\/2016\/10\/simonlewa.jpg\" \/><i class=\"fa fa-youtube-play fa-4x fa-border\"><\/i><\/a><\/figure><div class=\"ut-video-loading\"><i class=\"fa fa-spinner fa-3x fa-spin\"><\/i><\/div><\/div>\n<\/div><div class=\"clear\"><\/div>\n<div  class=\"ut-one-third  \">\n<h3>TECHNOLOGY AS FAITH AND COLLABORATION AS PRAXIS<\/h3>\n<p>Carl-Erik Engqvist<br \/>\nUmea University<br \/>\nSuecia<br \/>\n<div id=\"utvs_69fb3c883e567\" class=\"ut-shortcode-video-wrap \"><figure class=\"ut-video-caption\"><a class=\"ut-load-video\" data-video=\"https:\/\/www.youtube.com\/watch?v=lqvMDerU2hI\"><img alt=\"Video\" src=\"http:\/\/campusaltea.umh.es\/files\/2017\/11\/carlerik.jpg\" \/><i class=\"fa fa-youtube-play fa-4x fa-border\"><\/i><\/a><\/figure><div class=\"ut-video-loading\"><i class=\"fa fa-spinner fa-3x fa-spin\"><\/i><\/div><\/div>\n<\/div>\n<div  class=\"ut-one-third  \">\n<h3>EST\u00c9TICA DEL PAISAJE: TEOR\u00cdA Y PR\u00c1CTICA<\/h3>\n<p>Thomas Heyd<br \/>\nUniversidad de Victoria<br \/>\nCanad\u00e1<\/p>\n<div id=\"utvs_69fb3c883e5c4\" class=\"ut-shortcode-video-wrap \"><figure class=\"ut-video-caption\"><a class=\"ut-load-video\" data-video=\"https:\/\/www.youtube.com\/watch?v=1YTrp9gNa88&amp;feature=youtu.be\"><img alt=\"Video\" src=\"http:\/\/campusaltea.umh.es\/files\/2017\/11\/thomas_heyd.jpg\" \/><i class=\"fa fa-youtube-play fa-4x fa-border\"><\/i><\/a><\/figure><div class=\"ut-video-loading\"><i class=\"fa fa-spinner fa-3x fa-spin\"><\/i><\/div><\/div>\n<\/div>\n<div  class=\"ut-one-third ut-column-last  \">\n<h3>12 BIENAL DE LA HABANA: UNA MIRADA CR\u00cdTICA A LA MEGA EXPOSICI\u00d3N<\/h3>\n<p>Jorge Fern\u00e1ndez Torres<br \/>\nMuseo Nacional de Bellas Artes<br \/>\nCuba<br \/>\n<div id=\"utvs_69fb3c883e626\" class=\"ut-shortcode-video-wrap \"><figure class=\"ut-video-caption\"><a class=\"ut-load-video\" data-video=\"https:\/\/www.youtube.com\/watch?v=W_Dys5QhSEo&amp;feature=youtu.be\"><img alt=\"Video\" src=\"http:\/\/campusaltea.umh.es\/files\/2017\/11\/Jorge_fernandez.jpg\" \/><i class=\"fa fa-youtube-play fa-4x fa-border\"><\/i><\/a><\/figure><div class=\"ut-video-loading\"><i class=\"fa fa-spinner fa-3x fa-spin\"><\/i><\/div><\/div>\n<\/div><div class=\"clear\"><\/div>\n<div  class=\"ut-one-third  \">\n<h3>LA RELACI\u00d3N DE LAS CLASES SOCIALES Y EL G\u00c9NERO EN LA INVESTIGACI\u00d3N SOCIOL\u00d3GICA<\/h3>\n<p>Gabriela G\u00f3mez Rojas<br \/>\nDpto. Sociolog\u00eda, U. Buenos Aires.<br \/>\nArgentina<br \/>\n<div id=\"utvs_69fb3c883e680\" class=\"ut-shortcode-video-wrap \"><figure class=\"ut-video-caption\"><a class=\"ut-load-video\" data-video=\"https:\/\/www.youtube.com\/watch?v=jxCUtVBoGy4&amp;feature=youtu.be\"><img alt=\"Video\" src=\"http:\/\/campusaltea.umh.es\/files\/2016\/10\/gabriela.jpg\" \/><i class=\"fa fa-youtube-play fa-4x fa-border\"><\/i><\/a><\/figure><div class=\"ut-video-loading\"><i class=\"fa fa-spinner fa-3x fa-spin\"><\/i><\/div><\/div>\n<\/div>\n<div  class=\"ut-one-third  \">\n<h3>VISUALIDADES DESCOLONIALES Y OTRAS TORCEDURAS DESDE AM\u00c9RICA LATINA<\/h3>\n<p>Ri\u00e1nsares Lozano<br \/>\nIvestigadora IIE. Univesidad Autonoma<br \/>\nMexico<\/p>\n<div id=\"utvs_69fb3c883e6d8\" class=\"ut-shortcode-video-wrap \"><figure class=\"ut-video-caption\"><a class=\"ut-load-video\" data-video=\"https:\/\/www.youtube.com\/watch?v=Po4vnh-yO70&amp;feature=youtu.be\"><img alt=\"Video\" src=\"http:\/\/campusaltea.umh.es\/files\/2018\/02\/riansares.jpg\" \/><i class=\"fa fa-youtube-play fa-4x fa-border\"><\/i><\/a><\/figure><div class=\"ut-video-loading\"><i class=\"fa fa-spinner fa-3x fa-spin\"><\/i><\/div><\/div><br \/>\n<\/div>\n<div  class=\"ut-one-third ut-column-last  \">\n<h3>&#8216;RE-NEGOTIATING TIME AN PLACE&#8217; EXEMPLIFIED IN THE WORK OF BROOK AND BLACK<\/h3>\n<p>Tiffany Black<br \/>\nSenior Lecturer School of Arts, Brookes<br \/>\nReino Unido<br \/>\n<div id=\"utvs_69fb3c883e730\" class=\"ut-shortcode-video-wrap \"><figure class=\"ut-video-caption\"><a class=\"ut-load-video\" data-video=\"https:\/\/www.youtube.com\/watch?v=8qav-5SzbTY\"><img alt=\"Video\" src=\"http:\/\/campusaltea.umh.es\/files\/2018\/03\/tiffany.jpg\" \/><i class=\"fa fa-youtube-play fa-4x fa-border\"><\/i><\/a><\/figure><div class=\"ut-video-loading\"><i class=\"fa fa-spinner fa-3x fa-spin\"><\/i><\/div><\/div>\n<\/div><div class=\"clear\"><\/div>\n<div  class=\"ut-one-third  \">\n<h3>MATERIALIZING<br \/>\nTIME AND SPACE<\/h3>\n<p>Emily Hermant Assistant<br \/>\nProfessor Emily Carr University Art + Design<br \/>\nVancouver, Canada<br \/>\n<div id=\"utvs_69fb3c883e787\" class=\"ut-shortcode-video-wrap \"><figure class=\"ut-video-caption\"><a class=\"ut-load-video\" data-video=\"https:\/\/www.youtube.com\/watch?v=bl9r4JNWY30&feature=youtu.be\"><img alt=\"Video\" src=\"http:\/\/campusaltea.umh.es\/files\/2018\/06\/emily-hermant.jpg\" \/><i class=\"fa fa-youtube-play fa-4x fa-border\"><\/i><\/a><\/figure><div class=\"ut-video-loading\"><i class=\"fa fa-spinner fa-3x fa-spin\"><\/i><\/div><\/div><br \/>\n<\/div>\n<div  class=\"ut-one-third  \">\n<h3>DAVID MACWILLIAN PAINTINGS<br \/>\n1977-2017<\/h3>\n<p>David MacWilliam<br \/>\nEmeritus Professor Emily Carr University Art+Design, Vancouver, Canada<br \/>\n<div id=\"utvs_69fb3c883e7f1\" class=\"ut-shortcode-video-wrap \"><figure class=\"ut-video-caption\"><a class=\"ut-load-video\" data-video=\"https:\/\/www.youtube.com\/watch?v=9OvRrN83uRU&feature=youtu.be\"><img alt=\"Video\" src=\"http:\/\/campusaltea.umh.es\/files\/2018\/06\/macwilliam_.jpg\" \/><i class=\"fa fa-youtube-play fa-4x fa-border\"><\/i><\/a><\/figure><div class=\"ut-video-loading\"><i class=\"fa fa-spinner fa-3x fa-spin\"><\/i><\/div><\/div><br \/>\n<\/div>\n<div  class=\"ut-one-third ut-column-last  \">\n<h3>HOW CAN ONE THINK FREELY IN THE SHADOW OF A CHAPEL?<br \/>\n<\/h3>\n<p>Micael Norberg<br \/>\nAssociate Professor Fine Arts Academy.<br \/>\nUme\u00e5 University<br \/>\n<div id=\"utvs_69fb3c883e84e\" class=\"ut-shortcode-video-wrap \"><figure class=\"ut-video-caption\"><a class=\"ut-load-video\" data-video=\"https:\/\/youtu.be\/XQSl9otFy2g\"><img alt=\"Video\" src=\"http:\/\/campusaltea.umh.es\/files\/2018\/06\/noberg_.jpg\" \/><i class=\"fa fa-youtube-play fa-4x fa-border\"><\/i><\/a><\/figure><div class=\"ut-video-loading\"><i class=\"fa fa-spinner fa-3x fa-spin\"><\/i><\/div><\/div>\n<\/div><div class=\"clear\"><\/div>\n<div  class=\"ut-one-third  \">\n<h3>R\u00c9GIMEN LIVE: ONTOLOG\u00cdA DE LAS IM\u00c1GENES Y REALISMO CAPITALISTA<\/h3>\n<p>Sayak Valencia Doctora en filosof\u00eda teor\u00eda y cr\u00edtica feminista.<br \/>\nColegio de la Frontera Norte, CONACYT, Tijuana<br \/>\n<div id=\"utvs_69fb3c883e8b1\" class=\"ut-shortcode-video-wrap \"><figure class=\"ut-video-caption\"><a class=\"ut-load-video\" data-video=\"https:\/\/www.youtube.com\/watch?v=M83g0pWgT18&feature=youtu.be\"><img alt=\"Video\" src=\"http:\/\/campusaltea.umh.es\/files\/2018\/09\/valencia.jpg\" \/><i class=\"fa fa-youtube-play fa-4x fa-border\"><\/i><\/a><\/figure><div class=\"ut-video-loading\"><i class=\"fa fa-spinner fa-3x fa-spin\"><\/i><\/div><\/div>\n<\/div>\n<div  class=\"ut-one-third  \">\n<h3>WORK IN <br \/>\nANIMATION <\/h3>\n<p>Graham G. Maiden<br \/>\nArtista, animador y supervisor de marionetas en rodajes de cine.<br \/>\n<div id=\"utvs_69fb3c883e907\" class=\"ut-shortcode-video-wrap \"><figure class=\"ut-video-caption\"><a class=\"ut-load-video\" data-video=\"https:\/\/www.youtube.com\/watch?v=GYM52Ruycdo&feature=youtu.be\"><img alt=\"Video\" src=\"http:\/\/campusaltea.umh.es\/files\/2019\/03\/grahammaiden.jpg\" \/><i class=\"fa fa-youtube-play fa-4x fa-border\"><\/i><\/a><\/figure><div class=\"ut-video-loading\"><i class=\"fa fa-spinner fa-3x fa-spin\"><\/i><\/div><\/div>\n<\/div>\n<div  class=\"ut-one-third ut-column-last  \">\n<h3>DIBUJANDO SUE\u00d1OS<br \/>\nPARA LA GRAN PANTALLA <\/h3>\n<p>Paco S\u00e1ez<br \/>\nDibujante realizador.<br \/>\n&nbsp;<br \/>\n<div id=\"utvs_69fb3c883e95e\" class=\"ut-shortcode-video-wrap \"><figure class=\"ut-video-caption\"><a class=\"ut-load-video\" data-video=\"https:\/\/www.youtube.com\/watch?v=pihVu6z3irM&feature=youtu.be\"><img alt=\"Video\" src=\"http:\/\/campusaltea.umh.es\/files\/2019\/07\/paco-saez.jpg\" \/><i class=\"fa fa-youtube-play fa-4x fa-border\"><\/i><\/a><\/figure><div class=\"ut-video-loading\"><i class=\"fa fa-spinner fa-3x fa-spin\"><\/i><\/div><\/div>\n<\/div><div class=\"clear\"><\/div>\n<div  class=\"ut-one-third  \">\n<h3>ENERGETIC CONDUITS. FUNCTIONALITY MEETS THE SUBLIME &nbsp;&nbsp;&nbsp;&nbsp;&nbsp;&nbsp;&nbsp;&nbsp;   &nbsp;&nbsp;&nbsp;&nbsp;&nbsp;&nbsp;&nbsp;&nbsp;&nbsp;&nbsp;&nbsp;&nbsp;&nbsp;&nbsp;&nbsp;&nbsp;           &nbsp;&nbsp;&nbsp;&nbsp;&nbsp;&nbsp;&nbsp;&nbsp;&nbsp;&nbsp;&nbsp;&nbsp;&nbsp;&nbsp;&nbsp;&nbsp;   &nbsp;&nbsp;&nbsp;&nbsp;&nbsp;&nbsp;&nbsp;&nbsp;  <\/h3>\n<p>Leigh Bridges<br \/>\nAssistant Professor of Art and Desingn<br \/>\nUniversity of Manitoba, CA<\/p>\n<div id=\"utvs_69fb3c883e9b8\" class=\"ut-shortcode-video-wrap \"><figure class=\"ut-video-caption\"><a class=\"ut-load-video\" data-video=\"https:\/\/www.youtube.com\/watch?v=EP3gTOyo7Bg&feature=youtu.be\"><img alt=\"Video\" src=\"http:\/\/campusaltea.umh.es\/files\/2019\/07\/leigh.jpg\" \/><i class=\"fa fa-youtube-play fa-4x fa-border\"><\/i><\/a><\/figure><div class=\"ut-video-loading\"><i class=\"fa fa-spinner fa-3x fa-spin\"><\/i><\/div><\/div><br \/>\n<\/div>\n<div  class=\"ut-one-third  \">\n<h3>LA VOZ DEL\/A ARTISTA COMO HERRAMIENTA FUNDAMENTAL EN LA CONSERVACI\u00d3N DEL ARTE DEL S. XXI<\/h3>\n<p>Ruth del Fresno<br \/>\nConservadora de arte contempor\u00e1neo.<br \/>\nVoces in Contemporary Art, VoCA, NY<br \/>\n<div id=\"utvs_69fb3c883ea10\" class=\"ut-shortcode-video-wrap \"><figure class=\"ut-video-caption\"><a class=\"ut-load-video\" data-video=\"https:\/\/www.youtube.com\/watch?v=Rm5dPA1lrSg&feature=emb_logo\"><img alt=\"Video\" src=\"http:\/\/campusaltea.umh.es\/files\/2020\/03\/ruthfresno.jpg\" \/><i class=\"fa fa-youtube-play fa-4x fa-border\"><\/i><\/a><\/figure><div class=\"ut-video-loading\"><i class=\"fa fa-spinner fa-3x fa-spin\"><\/i><\/div><\/div><br \/>\n<\/div>\n<div  class=\"ut-one-third ut-column-last  \">\n<h3>G\u00c9NEROS Y FEMINISMOS EN EL ARTE DEL SUDESTE ASI\u00c1TICO &nbsp;&nbsp;&nbsp;&nbsp;&nbsp;&nbsp;&nbsp;&nbsp;   &nbsp;&nbsp;&nbsp;&nbsp;&nbsp;&nbsp;&nbsp;&nbsp;&nbsp;&nbsp;&nbsp;&nbsp;&nbsp;&nbsp;&nbsp;&nbsp;           &nbsp;&nbsp;&nbsp;&nbsp;&nbsp;&nbsp;&nbsp;&nbsp;&nbsp;&nbsp;&nbsp;&nbsp;&nbsp;&nbsp;&nbsp;&nbsp;   &nbsp;&nbsp;&nbsp;&nbsp;&nbsp;&nbsp;&nbsp;&nbsp;<\/h3>\n<p>Cristina Nualart<br \/>\nGrupo Investigaci\u00f3n Asia GIA<br \/>\nUniversidad Complutense de Madrid<br \/>\n<div id=\"utvs_69fb3c883ea6e\" class=\"ut-shortcode-video-wrap \"><figure class=\"ut-video-caption\"><a class=\"ut-load-video\" data-video=\"https:\/\/www.youtube.com\/watch?v=uZ5HmgUTp04&feature=emb_logo\"><img alt=\"Video\" src=\"http:\/\/campusaltea.umh.es\/files\/2020\/03\/nualart.jpg\" \/><i class=\"fa fa-youtube-play fa-4x fa-border\"><\/i><\/a><\/figure><div class=\"ut-video-loading\"><i class=\"fa fa-spinner fa-3x fa-spin\"><\/i><\/div><\/div><br \/>\n<\/div><div class=\"clear\"><\/div>\n<div  class=\"ut-one-third  \">\n<h3>\u00abJO SOC UNA PROFESSORETA\u00bb CONOCIMIENTO KINEST\u00c9TICO EN LAS ACCIONES DE FINA MIRALLES<\/h3>\n<p>Celia Vara<br \/>\nDoctora en filosof\u00eda.<br \/>\nConcoria University, Quebec, CANADA.<br \/>\n<div id=\"utvs_69fb3c883eac5\" class=\"ut-shortcode-video-wrap \"><figure class=\"ut-video-caption\"><a class=\"ut-load-video\" data-video=\"https:\/\/www.youtube.com\/watch?v=U-LizSB6I8w&feature=youtu.be\"><img alt=\"Video\" src=\"http:\/\/campusaltea.umh.es\/files\/2020\/04\/celia_Vara.jpg\" \/><i class=\"fa fa-youtube-play fa-4x fa-border\"><\/i><\/a><\/figure><div class=\"ut-video-loading\"><i class=\"fa fa-spinner fa-3x fa-spin\"><\/i><\/div><\/div><br \/>\n<\/div>\n<div  class=\"ut-one-third  \">\n<h3>FROM SCULPTURE TO AN APPLICATION IN LESS THAN 60 MINUTES&nbsp;&nbsp;&nbsp;&nbsp;&nbsp;&nbsp;&nbsp;&nbsp;&nbsp;&nbsp;&nbsp;&nbsp;&nbsp;&nbsp;&nbsp;&nbsp;   &nbsp;&nbsp;&nbsp;&nbsp;&nbsp;&nbsp;&nbsp;&nbsp;&nbsp;&nbsp;&nbsp;&nbsp;&nbsp;&nbsp;&nbsp;&nbsp;&nbsp;&nbsp;&nbsp;&nbsp;&nbsp;&nbsp;&nbsp;&nbsp;   &nbsp;&nbsp;&nbsp;&nbsp;&nbsp;&nbsp;&nbsp;&nbsp;<\/h3>\n<p>Daniel Young and Christian Giroux<br \/>\nAssociate Professor and Artist<br \/>\nUniversity of Guelph, CA<br \/>\n<div id=\"utvs_69fb3c883eb1c\" class=\"ut-shortcode-video-wrap \"><figure class=\"ut-video-caption\"><a class=\"ut-load-video\" data-video=\"https:\/\/www.youtube.com\/watch?v=dgkwc2yMdQs&feature=emb_logo\"><img alt=\"Video\" src=\"http:\/\/campusaltea.umh.es\/files\/2020\/04\/youngdivulga.jpg\" \/><i class=\"fa fa-youtube-play fa-4x fa-border\"><\/i><\/a><\/figure><div class=\"ut-video-loading\"><i class=\"fa fa-spinner fa-3x fa-spin\"><\/i><\/div><\/div><br \/>\n<\/div>\n<div  class=\"ut-one-third ut-column-last  \">\n<h3>THE GRAND SCHEME OF THINGS&nbsp;&nbsp;&nbsp;&nbsp;&nbsp;&nbsp;&nbsp;&nbsp;&nbsp;&nbsp;&nbsp;&nbsp;&nbsp;&nbsp;&nbsp;&nbsp;&nbsp;&nbsp;&nbsp;&nbsp;&nbsp;&nbsp;&nbsp;&nbsp;&nbsp;&nbsp;&nbsp;&nbsp;&nbsp;&nbsp;&nbsp;&nbsp;&nbsp;&nbsp;&nbsp;&nbsp;&nbsp;&nbsp;&nbsp;&nbsp;&nbsp;&nbsp;&nbsp;&nbsp;&nbsp;&nbsp;&nbsp;&nbsp;&nbsp;&nbsp;&nbsp;&nbsp;&nbsp;&nbsp;&nbsp;&nbsp;&nbsp;&nbsp;&nbsp;&nbsp;&nbsp;&nbsp;   &nbsp;&nbsp;&nbsp;&nbsp;&nbsp;&nbsp;&nbsp;&nbsp;&nbsp;&nbsp;&nbsp;&nbsp;&nbsp;&nbsp;&nbsp;&nbsp;&nbsp;&nbsp;&nbsp;&nbsp;&nbsp;&nbsp;&nbsp;&nbsp;&nbsp;&nbsp;&nbsp;&nbsp;&nbsp;&nbsp;&nbsp;&nbsp;<\/h3>\n<p>David Clark<br \/>\nArtist and Teacher of Expanded Media<br \/>\nNova Scotia College of Art and Desing, CA<br \/>\n<div id=\"utvs_69fb3c883eb79\" class=\"ut-shortcode-video-wrap \"><figure class=\"ut-video-caption\"><a class=\"ut-load-video\" data-video=\"https:\/\/www.youtube.com\/watch?v=XpWPkVnI3Fs&feature=youtu.be\"><img alt=\"Video\" src=\"http:\/\/campusaltea.umh.es\/files\/2020\/04\/clark.jpg\" \/><i class=\"fa fa-youtube-play fa-4x fa-border\"><\/i><\/a><\/figure><div class=\"ut-video-loading\"><i class=\"fa fa-spinner fa-3x fa-spin\"><\/i><\/div><\/div><br \/>\n<\/div><div class=\"clear\"><\/div>\n<div  class=\"ut-one-third  \">\n<h3>FEMINISMO COSIDO <br \/>CON RABIA Y CARI\u00d1O.<\/h3>\n<p>Las culpass<br \/>\nModa feminista.<br \/>\nMurcia.<br \/>\n<div id=\"utvs_69fb3c883ebe1\" class=\"ut-shortcode-video-wrap \"><figure class=\"ut-video-caption\"><a class=\"ut-load-video\" data-video=\"https:\/\/www.youtube.com\/watch?v=c5SmGiBsEVk&feature=youtu.be\"><img alt=\"Video\" src=\"http:\/\/campusaltea.umh.es\/files\/2020\/06\/culpas.jpg\" \/><i class=\"fa fa-youtube-play fa-4x fa-border\"><\/i><\/a><\/figure><div class=\"ut-video-loading\"><i class=\"fa fa-spinner fa-3x fa-spin\"><\/i><\/div><\/div><br \/>\n<\/div>\n<div  class=\"ut-one-third  \">\n<\/div>\n<div  class=\"ut-one-third ut-column-last  \">\n<\/div><div class=\"clear\"><\/div><\/p>","protected":false},"excerpt":{"rendered":"<p>La Facultad de Bellas Artes est\u00e1 trabajando constantemente para optimizar sus relaciones, acuerdos y presencia internacional, pero tambi\u00e9n con el fin de explorar otras posibles colaboraciones como cursos study abroad, proyectos conjuntos, cooperaci\u00f3n en investigaci\u00f3n, o estancias sab\u00e1ticas, entre otras. Actualmente, la Universidad de Miguel Hern\u00e1ndez de Elche tiene varios socios en toda Europa, y [&hellip;]<\/p>\n","protected":false},"author":469,"featured_media":0,"parent":0,"menu_order":0,"comment_status":"closed","ping_status":"open","template":"","meta":{"_links_to":"","_links_to_target":""},"_links":{"self":[{"href":"https:\/\/campusaltea.umh.es\/es\/wp-json\/wp\/v2\/pages\/4166"}],"collection":[{"href":"https:\/\/campusaltea.umh.es\/es\/wp-json\/wp\/v2\/pages"}],"about":[{"href":"https:\/\/campusaltea.umh.es\/es\/wp-json\/wp\/v2\/types\/page"}],"author":[{"embeddable":true,"href":"https:\/\/campusaltea.umh.es\/es\/wp-json\/wp\/v2\/users\/469"}],"replies":[{"embeddable":true,"href":"https:\/\/campusaltea.umh.es\/es\/wp-json\/wp\/v2\/comments?post=4166"}],"version-history":[{"count":0,"href":"https:\/\/campusaltea.umh.es\/es\/wp-json\/wp\/v2\/pages\/4166\/revisions"}],"wp:attachment":[{"href":"https:\/\/campusaltea.umh.es\/es\/wp-json\/wp\/v2\/media?parent=4166"}],"curies":[{"name":"wp","href":"https:\/\/api.w.org\/{rel}","templated":true}]}}