{"id":4130,"date":"2016-10-16T17:42:22","date_gmt":"2016-10-16T17:42:22","guid":{"rendered":"http:\/\/campusaltea.umh.es\/?page_id=4130"},"modified":"2020-03-25T07:41:42","modified_gmt":"2020-03-25T07:41:42","slug":"sergio-luna-lozano","status":"publish","type":"page","link":"https:\/\/campusaltea.umh.es\/es\/profesores\/sergio-luna-lozano\/","title":{"rendered":"Sergio Luna Lozano"},"content":{"rendered":"<p><div  class=\"ut-one-half  \">\n<p><a href=\"http:\/\/campusaltea.umh.es\/files\/2016\/10\/Sergio-luna.jpg\"><img loading=\"lazy\" class=\" wp-image-4048 size-full alignleft\" src=\"http:\/\/campusaltea.umh.es\/files\/2016\/10\/Sergio-luna.jpg\" alt=\"\" width=\"750\" height=\"1000\" srcset=\"https:\/\/campusaltea.umh.es\/files\/2016\/10\/Sergio-luna.jpg 750w, https:\/\/campusaltea.umh.es\/files\/2016\/10\/Sergio-luna-225x300.jpg 225w\" sizes=\"(max-width: 750px) 100vw, 750px\" \/><\/a><\/p>\n<\/div>\n<div  class=\"ut-one-half ut-column-last  \">\n<h4>Sergio Luna Lozano<\/h4>\n<p><span style=\"font-weight: 400;\">El trabajo de Sergio Luna podr\u00eda definirse como una investigaci\u00f3n pict\u00f3rica sobre los modelos de representaci\u00f3n, atendiendo a cuestiones que la propia tradici\u00f3n visual ha transfigurado en convenci\u00f3n o enfatizando ciertos elementos que suponen un desplazamiento. Desde un punto de vista formal, algunos de sus trabajos est\u00e1n estrechamente relacionados con la fotograf\u00eda, el cine o internet, aprovechando estrategias poco propias de la pintura y creando un v\u00ednculo entre distintas disciplinas.<\/span><\/p>\n<p><span style=\"font-weight: 400;\">Desde mediados de los 2000, ha realizado diversas exposiciones individuales y ha participado en numerosas muestras colectivas. Adem\u00e1s, cuenta con una larga experiencia en trabajos colaborativos como miembro del colectivo art\u00edstico <\/span><i><span style=\"font-weight: 400;\">LaTejedoraCCEC<\/span><\/i><span style=\"font-weight: 400;\">, participando activamente en distintos proyectos de arte p\u00fablico.<\/span><\/p>\n<p><span style=\"font-weight: 400;\">Como investigador ha publicado varios art\u00edculos, cap\u00edtulos de libros y comunicaciones desarrollados principalmente alrededor de la tem\u00e1tica del rostro sint\u00e9tico y la identidad.<\/span><\/p>\n<\/div><div class=\"clear\"><\/div>\n<hr \/>\n<div  class=\"ut-one-half  \">\n<h5>Informaci\u00f3n adicional<\/h5>\n<div id=\"ut-accordion-parent-1\" class=\"ut-accordion\"><div class=\"ut-accordion-group\"> <div class=\"ut-accordion-heading \"><a data-parent=\"#ut-accordion-parent-1\" class=\"accordion-toggle collapsed \" data-toggle=\"collapse\" data-target=\"#accordion0\">Campos de Interes<\/a><\/div><div id=\"accordion0\" class=\"ut-accordion-body collapse\"><div class=\"ut-accordion-inner entry-content clearfix\">\n<ul>\n<li style=\"font-weight: 400;\"><span style=\"font-weight: 400;\">Pintura<\/span><\/li>\n<li style=\"font-weight: 400;\"><span style=\"font-weight: 400;\">Fotograf\u00eda<\/span><\/li>\n<li style=\"font-weight: 400;\"><span style=\"font-weight: 400;\">Imagen contempor\u00e1nea<\/span><\/li>\n<li style=\"font-weight: 400;\"><span style=\"font-weight: 400;\">Retrato e identidad<\/span><\/li>\n<\/ul>\n<\/div><\/div>\n<div id=\"ut-accordion-parent-2\" class=\"ut-accordion\"><div class=\"ut-accordion-group\"><\/div><\/div> <div class=\"ut-accordion-heading \"><a data-parent=\"#ut-accordion-parent-2\" class=\"accordion-toggle collapsed \" data-toggle=\"collapse\" data-target=\"#accordion1\">Estudios<\/a><\/div><div id=\"accordion1\" class=\"ut-accordion-body collapse\"><div class=\"ut-accordion-inner entry-content clearfix\">\n<ul>\n<li>Licenciado en Bellas Artes por la Facultad de San Carlos de Valencia, Universidad Polit\u00e9cnica de Valencia, 2003.<\/li>\n<\/ul>\n<\/div><\/div>\n<div id=\"ut-accordion-parent-3\" class=\"ut-accordion\"><div class=\"ut-accordion-group\"><\/div><\/div> <div class=\"ut-accordion-heading \"><a data-parent=\"#ut-accordion-parent-3\" class=\"accordion-toggle collapsed \" data-toggle=\"collapse\" data-target=\"#accordion2\">Tesis doctoral<\/a><\/div><div id=\"accordion2\" class=\"ut-accordion-body collapse\"><div class=\"ut-accordion-inner entry-content clearfix\">\n<ul>\n<li><i><span style=\"font-weight: 400;\">El rostro sint\u00e9tico en el arte contempor\u00e1neo. Antecedentes, estrategias y casos.\u00a0<\/span><\/i>Universidad Polit\u00e9cnica de Valencia. Enero 2020. Cum Laude.<\/li>\n<\/ul>\n<\/div><\/div>\n<div id=\"ut-accordion-parent-4\" class=\"ut-accordion\"><div class=\"ut-accordion-group\"><\/div><\/div> <div class=\"ut-accordion-heading \"><a data-parent=\"#ut-accordion-parent-4\" class=\"accordion-toggle collapsed \" data-toggle=\"collapse\" data-target=\"#accordion3\">L\u00edneas de investigaci\u00f3n<\/a><\/div><div id=\"accordion3\" class=\"ut-accordion-body collapse\"><div class=\"ut-accordion-inner entry-content clearfix\">\n<ul>\n<li>Retrato compuesto fotogr\u00e1fico.<\/li>\n<li style=\"font-weight: 400;\"><span style=\"font-weight: 400;\">Sistemas de representaci\u00f3n anal\u00f3gicos y digitales en torno al rostro sint\u00e9tico.<\/span><\/li>\n<li style=\"font-weight: 400;\"><span style=\"font-weight: 400;\">Dispositivos \u00f3pticos de proyecci\u00f3n y visualizaci\u00f3n de im\u00e1genes (est\u00e1ticas y en movimiento).<\/span><\/li>\n<li style=\"font-weight: 400;\"><span style=\"font-weight: 400;\">Modos de representaci\u00f3n de plataformas digitales y su relaci\u00f3n con los precedentes anal\u00f3gicos.<\/span><\/li>\n<\/ul>\n<\/div><\/div>\n<div id=\"ut-accordion-parent-5\" class=\"ut-accordion\"><div class=\"ut-accordion-group\"><\/div><\/div> <div class=\"ut-accordion-heading \"><a data-parent=\"#ut-accordion-parent-5\" class=\"accordion-toggle collapsed \" data-toggle=\"collapse\" data-target=\"#accordion4\">Enlace a web personal<\/a><\/div><div id=\"accordion4\" class=\"ut-accordion-body collapse\"><div class=\"ut-accordion-inner entry-content clearfix\">\n<ul>\n<li><a href=\"http:\/\/www.sergio-luna.com\">www.sergio-luna.com<\/a><\/li>\n<li><a href=\"http:\/\/sluna.edu.umh.es\">sluna.edu.umh.es<\/a><\/li>\n<\/ul>\n<\/div><\/div>\n<div id=\"ut-accordion-parent-6\" class=\"ut-accordion\"><div class=\"ut-accordion-group\"><\/div><\/div> <div class=\"ut-accordion-heading \"><a data-parent=\"#ut-accordion-parent-6\" class=\"accordion-toggle collapsed \" data-toggle=\"collapse\" data-target=\"#accordion5\">Exposiciones individuales<\/a><\/div><div id=\"accordion5\" class=\"ut-accordion-body collapse\"><div class=\"ut-accordion-inner entry-content clearfix\">\n<ul>\n<li><em>\u00c1lbum<\/em>, El Convent Espai d\u2019Art, Villarreal, 2017, cat\u00e1logo.<\/li>\n<li><em>Risas hist\u00e9ricas en el para\u00edso<\/em>, Galer\u00eda pazYcomedias, Valencia, 2012.<\/li>\n<li><em>Dead Ringers<\/em>, Sala IberCaja, Logro\u00f1o, 2009 ; Patio de la Infanta, Zaragoza, 2009 ; Sala Francisco de Goya de la UNED, Barbastro, 2010, cat\u00e1logo.<\/li>\n<li><em>Bipolar<\/em>, Galer\u00eda pazYcomedias, Valencia, 2009.<\/li>\n<li><em>Espejismos<\/em>, Laboratorio de Arte Joven, Murcia, 2008, cat\u00e1logo.<\/li>\n<li><em>Historia(s) y Desenga\u00f1o(s)<\/em>, Sala Vencill d\u2019Art La Llotgeta, Valencia, 2007, cat\u00e1logo.<\/li>\n<\/ul>\n<\/div><\/div>\n<div id=\"ut-accordion-parent-7\" class=\"ut-accordion\"><div class=\"ut-accordion-group\"><\/div><\/div> <div class=\"ut-accordion-heading \"><a data-parent=\"#ut-accordion-parent-7\" class=\"accordion-toggle collapsed \" data-toggle=\"collapse\" data-target=\"#accordion6\">Exposiciones colectivas<\/a><\/div><div id=\"accordion6\" class=\"ut-accordion-body collapse\"><div class=\"ut-accordion-inner entry-content clearfix\">\n<ul>\n<li><i><span style=\"font-weight: 400;\">Pluri-identitats.<\/span><\/i><span style=\"font-weight: 400;\"> Museo de la Universidad de Alicante (MUA). 2019. Cat\u00e1logo.<\/span><\/li>\n<li><i><span style=\"font-weight: 400;\">IX Bienal de Artes Pl\u00e1sticas Rafael Boti<\/span><\/i><span style=\"font-weight: 400;\">. Centro de Arte Contempor\u00e1neo Rafael Boti. C\u00f3rdoba. 2019.<\/span><\/li>\n<li><i><span style=\"font-weight: 400;\">Cielo-Tierra<\/span><\/i><span style=\"font-weight: 400;\">. Museo de Santa Cruz de Toledo. 2018. Comisario: Alfonso de la Torre. Cat\u00e1logo.<\/span><\/li>\n<li><i><span style=\"font-weight: 400;\">Rehabitar el espacio: presente, pasado y futuro.<\/span><\/i><span style=\"font-weight: 400;\"> Museo L\u00e1zaro Galdiano. Madrid. 2016. Comisarias: Alicia Ventura y Amparo L\u00f3pez.<\/span><\/li>\n<li><i><span style=\"font-weight: 400;\">Informe de un error<\/span><\/i><span style=\"font-weight: 400;\">. Sergio Luna + Yasmina Mor\u00e1n. Casa de Cultura de No\u00e1in (Navarra). 2016.<\/span><\/li>\n<li><i><span style=\"font-weight: 400;\">Premi Internacional de Pintura Guasch Coranty 2015<\/span><\/i><span style=\"font-weight: 400;\">. Centre d\u2019Art Tecla Sala. L\u2019Hospitalet, Barcelona. 2015. Cat\u00e1logo.<\/span><\/li>\n<li><i><span style=\"font-weight: 400;\">Gran Angular<\/span><\/i><span style=\"font-weight: 400;\">. Fabra i Coats. Barcelona. 2015.<\/span><\/li>\n<li><i><span style=\"font-weight: 400;\">Out of focus.<\/span><\/i><span style=\"font-weight: 400;\"> Sergio Luna + Yasmina Mor\u00e1n. Las Cigarreras. Alicante; Centro del Carmen. Valencia; Sala San Miguel. Castell\u00f3n. 2014. Cat\u00e1logo.<\/span><\/li>\n<li><i><span style=\"font-weight: 400;\">Di\u00e1logos. Colecci\u00f3n DKV \/ Colecci\u00f3n Arte Contempor\u00e1neo en el Museo Patio Herreriano.<\/span><\/i><span style=\"font-weight: 400;\"> Patio Herreriano. Valladolid. 2013. Comisaria: Alicia Ventura. Cat\u00e1logo.<\/span><\/li>\n<li><i><span style=\"font-weight: 400;\">La originalidad en la cultura de la copia<\/span><\/i><span style=\"font-weight: 400;\">. Centro Universitario de las Artes. Ciudad Ju\u00e1rez, M\u00e9xico; Chiayi Cultural and Creative Industrial Park. Chiayi, Taiwan; Tainan University of Technology. Tainan, Taiwan. 2012-2013. Cat\u00e1logo.<\/span><\/li>\n<\/ul>\n<\/div><\/div>\n<div id=\"ut-accordion-parent-8\" class=\"ut-accordion\"><div class=\"ut-accordion-group\"><\/div><\/div> <div class=\"ut-accordion-heading \"><a data-parent=\"#ut-accordion-parent-8\" class=\"accordion-toggle collapsed \" data-toggle=\"collapse\" data-target=\"#accordion7\">Libros<\/a><\/div><div id=\"accordion7\" class=\"ut-accordion-body collapse\"><div class=\"ut-accordion-inner entry-content clearfix\">\n<ul>\n<li>Luna, Sergio, \u201cUn rostro mutante. Algunas consideraciones sobre la influencia del retrato compuesto fotogr\u00e1fico en el cine\u201d, en Mart\u00ednez Fabre, Mario-Paul y Herrero Herrero, Miguel (eds.), <em>Arte y Cine. Movimientos art\u00edsticos y cinematogr\u00e1ficos tras 1945<\/em>, Cinestesia, Alicante, 2018.<\/li>\n<\/ul>\n<\/div><\/div>\n<div id=\"ut-accordion-parent-9\" class=\"ut-accordion\"><div class=\"ut-accordion-group\"><\/div><\/div> <div class=\"ut-accordion-heading \"><a data-parent=\"#ut-accordion-parent-9\" class=\"accordion-toggle collapsed \" data-toggle=\"collapse\" data-target=\"#accordion8\">Art\u00edculos en revistas<\/a><\/div><div id=\"accordion8\" class=\"ut-accordion-body collapse\"><div class=\"ut-accordion-inner entry-content clearfix\">\n<ul>\n<li style=\"font-weight: 400;\"><span style=\"font-weight: 400;\">Luna Lozano, S. \u201cVer sin mirar. El retrato sint\u00e9tico por visi\u00f3n artificial en la pr\u00e1ctica art\u00edstica\u201d <\/span><i><span style=\"font-weight: 400;\">ASRI. Arte y Sociedad. Revista de Investigaci\u00f3n<\/span><\/i><span style=\"font-weight: 400;\">, (15), 241-254. 2018.<\/span><\/li>\n<li style=\"font-weight: 400;\">Luna Lozano, S. \u201cUn aire familiar. El devenir de la fotograf\u00eda compuesta como retrato de familia en la pr\u00e1ctica art\u00edstica\u201d <i><span style=\"font-weight: 400;\">Revista Sonda. Investigaci\u00f3n en Artes y Letras<\/span><\/i><span style=\"font-weight: 400;\">, n\u00ba 7, 217-228. 2018.<\/span><\/li>\n<li style=\"font-weight: 400;\"><span style=\"font-weight: 400;\">Luna Lozano, S. y Mor\u00e1n Conesa, Y. \u201cC\u00f3mo desaparecer del mapa: Un caso pr\u00e1ctico de disidencia online\u201d <\/span><i><span style=\"font-weight: 400;\">Ausart<\/span><\/i><span style=\"font-weight: 400;\">, 6 (2), 9-21. 2018.<\/span><\/li>\n<li style=\"font-weight: 400;\"><span style=\"font-weight: 400;\">Mart\u00edn Mart\u00ednez, J. V. y Luna Lozano, S. \u201cEl rostro sint\u00e9tico. Estrategias de representaci\u00f3n en torno al retrato artificial\u201d <\/span><i><span style=\"font-weight: 400;\">Artnodes<\/span><\/i><span style=\"font-weight: 400;\">. N\u00ba 23, 19-29. 2019.<\/span><\/li>\n<\/ul>\n<\/div><\/div>\n<div id=\"ut-accordion-parent-10\" class=\"ut-accordion\"><div class=\"ut-accordion-group\"><\/div><\/div> <div class=\"ut-accordion-heading \"><a data-parent=\"#ut-accordion-parent-10\" class=\"accordion-toggle collapsed \" data-toggle=\"collapse\" data-target=\"#accordion9\">Premios y Becas<\/a><\/div><div id=\"accordion9\" class=\"ut-accordion-body collapse\"><div class=\"ut-accordion-inner entry-content clearfix\">\n<ul>\n<li style=\"font-weight: 400;\"><span style=\"font-weight: 400;\">Beca de producci\u00f3n <\/span><i><span style=\"font-weight: 400;\">Proyecto 3CMCV,<\/span><\/i><span style=\"font-weight: 400;\"> Consorci de Museus de la Comunitat Valenciana. 2013.<\/span><\/li>\n<li style=\"font-weight: 400;\"><span style=\"font-weight: 400;\">Primer premio en <\/span><i><span style=\"font-weight: 400;\">XXXVII Certamen Nacional de Pintura Vila de Pego.<\/span><\/i><span style=\"font-weight: 400;\"> 2013.<\/span><\/li>\n<li style=\"font-weight: 400;\"><span style=\"font-weight: 400;\">Primer premio en <\/span><i><span style=\"font-weight: 400;\">X Certamen Cultural Virgen de las Vi\u00f1as.<\/span><\/i><span style=\"font-weight: 400;\"> 2011.<\/span><\/li>\n<li style=\"font-weight: 400;\"><span style=\"font-weight: 400;\">Acc\u00e9sit en <\/span><i><span style=\"font-weight: 400;\">XI Premio Nacional de Pintura Real Academia de Bellas Artes de San Carlos.<\/span><\/i><span style=\"font-weight: 400;\"> 2010.<\/span><\/li>\n<li style=\"font-weight: 400;\"><span style=\"font-weight: 400;\">Menci\u00f3n de honor en <\/span><i><span style=\"font-weight: 400;\">X Premio Gestores de Pintura<\/span><\/i><span style=\"font-weight: 400;\">. 2009.<\/span><\/li>\n<\/ul>\n<\/div><\/div>\n<div id=\"ut-accordion-parent-11\" class=\"ut-accordion\"><div class=\"ut-accordion-group\"><\/div><\/div> <div class=\"ut-accordion-heading \"><a data-parent=\"#ut-accordion-parent-11\" class=\"accordion-toggle collapsed \" data-toggle=\"collapse\" data-target=\"#accordion10\">Obra en colecciones<\/a><\/div><div id=\"accordion10\" class=\"ut-accordion-body collapse\"><div class=\"ut-accordion-inner entry-content clearfix\">\n<ul>\n<li><span style=\"font-weight: 400;\">Diputaci\u00f3n de C\u00e1ceres<\/span><\/li>\n<li><span style=\"font-weight: 400;\">Fundaci\u00f3n Jorge Ali\u00f3<\/span><\/li>\n<li><span style=\"font-weight: 400;\">Colecci\u00f3n DKV<\/span><\/li>\n<li><span style=\"font-weight: 400;\">Colecci\u00f3n Ibercaja<\/span><\/li>\n<li><span style=\"font-weight: 400;\">Universidad de Ja\u00e9n<\/span><\/li>\n<li><span style=\"font-weight: 400;\">Real Academia de Bellas Artes de San Carlos<\/span><\/li>\n<li><span style=\"font-weight: 400;\">Fundaci\u00f3n Mainel<\/span><\/li>\n<li><span style=\"font-weight: 400;\">Ayuntamiento de Albacete<\/span><\/li>\n<li><span style=\"font-weight: 400;\">Ayuntamiento de Burriana<\/span><\/li>\n<li><span style=\"font-weight: 400;\">Ayuntamiento de Gand\u00eda<\/span><\/li>\n<\/ul>\n<\/div><\/div>\n<div id=\"ut-accordion-parent-12\" class=\"ut-accordion\"><div class=\"ut-accordion-group\"><\/div><\/div> <div class=\"ut-accordion-heading \"><a data-parent=\"#ut-accordion-parent-12\" class=\"accordion-toggle collapsed \" data-toggle=\"collapse\" data-target=\"#accordion11\">Otros<\/a><\/div><div id=\"accordion11\" class=\"ut-accordion-body collapse\"><div class=\"ut-accordion-inner entry-content clearfix\">\n<ul>\n<li>Conferencia invitada en el CENDEAC (Centro de Documentaci\u00f3n y Estudios Avanzados de Arte Contempor\u00e1neo) de <em>Miradas Cercanas<\/em>, 2016.<\/li>\n<li>Participaci\u00f3n (junto con Yasmina Mor\u00e1n) en la publicaci\u00f3n <em>Quince planes terroristas<\/em>, un proyecto curatorial de N\u00faria G\u00fcell.<\/li>\n<\/ul>\n<\/div><\/div>\n<\/div><\/div>\n<\/div>\n<div  class=\"ut-one-half ut-column-last  \">\n<p>\n\t\t\t<!-- START Luna REVOLUTION SLIDER 6.5.14 --><p class=\"rs-p-wp-fix\"><\/p>\n\t\t\t<rs-module-wrap id=\"rev_slider_38_1_wrapper\" data-source=\"gallery\" style=\"visibility:hidden;background:transparent;padding:0;margin:0px auto;margin-top:0;margin-bottom:0;\">\n\t\t\t\t<rs-module id=\"rev_slider_38_1\" style=\"\" data-version=\"6.5.14\">\n\t\t\t\t\t<rs-slides>\n\t\t\t\t\t\t<rs-slide style=\"position: absolute;\" data-key=\"rs-304\" data-title=\"Slide\" data-thumb=\"\/\/campusaltea.umh.es\/files\/2019\/11\/Luna-Sergio-01-100x50.jpg\" data-anim=\"ms:600;\" data-in=\"o:0;\" data-out=\"a:false;\">\n\t\t\t\t\t\t\t<img src=\"\/\/campusaltea.umh.es\/wp-content\/plugins\/revslider\/public\/assets\/assets\/dummy.png\" alt=\"\" title=\"Sergio Luna Lozano\" class=\"rev-slidebg tp-rs-img rs-lazyload\" data-lazyload=\"\/\/campusaltea.umh.es\/files\/2019\/11\/Luna-Sergio-01.jpg\" data-bg=\"f:contain;\" data-no-retina>\n<!---->\t\t\t\t\t\t<\/rs-slide>\n\t\t\t\t\t\t<rs-slide style=\"position: absolute;\" data-key=\"rs-305\" data-title=\"Slide\" data-thumb=\"\/\/campusaltea.umh.es\/files\/2019\/11\/Luna-Sergio-02-100x50.jpg\" data-anim=\"ms:600;\" data-in=\"o:0;\" data-out=\"a:false;\">\n\t\t\t\t\t\t\t<img src=\"\/\/campusaltea.umh.es\/wp-content\/plugins\/revslider\/public\/assets\/assets\/dummy.png\" alt=\"\" title=\"Sergio Luna Lozano\" class=\"rev-slidebg tp-rs-img rs-lazyload\" data-lazyload=\"\/\/campusaltea.umh.es\/files\/2019\/11\/Luna-Sergio-02.jpg\" data-bg=\"f:contain;\" data-no-retina>\n<!---->\t\t\t\t\t\t<\/rs-slide>\n\t\t\t\t\t\t<rs-slide style=\"position: absolute;\" data-key=\"rs-306\" data-title=\"Slide\" data-thumb=\"\/\/campusaltea.umh.es\/files\/2019\/11\/Luna-Sergio-03-100x50.jpg\" data-anim=\"ms:600;\" data-in=\"o:0;\" data-out=\"a:false;\">\n\t\t\t\t\t\t\t<img src=\"\/\/campusaltea.umh.es\/wp-content\/plugins\/revslider\/public\/assets\/assets\/dummy.png\" alt=\"\" title=\"Sergio Luna Lozano\" class=\"rev-slidebg tp-rs-img rs-lazyload\" data-lazyload=\"\/\/campusaltea.umh.es\/files\/2019\/11\/Luna-Sergio-03.jpg\" data-bg=\"f:contain;\" data-no-retina>\n<!---->\t\t\t\t\t\t<\/rs-slide>\n\t\t\t\t\t\t<rs-slide style=\"position: absolute;\" data-key=\"rs-307\" data-title=\"Slide\" data-thumb=\"\/\/campusaltea.umh.es\/files\/2019\/11\/Luna-Sergio-04-100x50.jpg\" data-anim=\"ms:600;\" data-in=\"o:0;\" data-out=\"a:false;\">\n\t\t\t\t\t\t\t<img src=\"\/\/campusaltea.umh.es\/wp-content\/plugins\/revslider\/public\/assets\/assets\/dummy.png\" alt=\"\" title=\"Sergio Luna Lozano\" class=\"rev-slidebg tp-rs-img rs-lazyload\" data-lazyload=\"\/\/campusaltea.umh.es\/files\/2019\/11\/Luna-Sergio-04.jpg\" data-bg=\"f:contain;\" data-no-retina>\n<!---->\t\t\t\t\t\t<\/rs-slide>\n\t\t\t\t\t\t<rs-slide style=\"position: absolute;\" data-key=\"rs-308\" data-title=\"Slide\" data-thumb=\"\/\/campusaltea.umh.es\/files\/2019\/11\/Luna-Sergio-05-100x50.jpg\" data-anim=\"ms:600;\" data-in=\"o:0;\" data-out=\"a:false;\">\n\t\t\t\t\t\t\t<img src=\"\/\/campusaltea.umh.es\/wp-content\/plugins\/revslider\/public\/assets\/assets\/dummy.png\" alt=\"\" title=\"Sergio Luna Lozano\" class=\"rev-slidebg tp-rs-img rs-lazyload\" data-lazyload=\"\/\/campusaltea.umh.es\/files\/2019\/11\/Luna-Sergio-05.jpg\" data-bg=\"f:contain;\" data-no-retina>\n<!---->\t\t\t\t\t\t<\/rs-slide>\n\t\t\t\t\t\t<rs-slide style=\"position: absolute;\" data-key=\"rs-559\" data-title=\"Slide\" data-thumb=\"\/\/campusaltea.umh.es\/files\/2019\/11\/Luna-Sergio-06-100x50.jpg\" data-anim=\"ms:600;\" data-in=\"o:0;\" data-out=\"a:false;\">\n\t\t\t\t\t\t\t<img src=\"\/\/campusaltea.umh.es\/wp-content\/plugins\/revslider\/public\/assets\/assets\/dummy.png\" alt=\"\" title=\"Sergio Luna Lozano\" class=\"rev-slidebg tp-rs-img rs-lazyload\" data-lazyload=\"\/\/campusaltea.umh.es\/files\/2019\/11\/Luna-Sergio-06.jpg\" data-bg=\"f:contain;\" data-no-retina>\n<!---->\t\t\t\t\t\t<\/rs-slide>\n\t\t\t\t\t<\/rs-slides>\n\t\t\t\t<\/rs-module>\n\t\t\t\t<script>\n\t\t\t\t\tsetREVStartSize({c: 'rev_slider_38_1',rl:[1240,1024,778,480],el:[],gw:[1240],gh:[868],type:'standard',justify:'',layout:'fullwidth',mh:\"0\"});if (window.RS_MODULES!==undefined && window.RS_MODULES.modules!==undefined && window.RS_MODULES.modules[\"revslider381\"]!==undefined) {window.RS_MODULES.modules[\"revslider381\"].once = false;window.revapi38 = undefined;if (window.RS_MODULES.checkMinimal!==undefined) window.RS_MODULES.checkMinimal()}\n\t\t\t\t<\/script>\n\t\t\t<\/rs-module-wrap>\n\t\t\t<!-- END REVOLUTION SLIDER -->\n<br \/>\n<\/div><div class=\"clear\"><\/div><\/p>","protected":false},"excerpt":{"rendered":"Sergio Luna Lozano El trabajo de Sergio Luna podr\u00eda definirse como una investigaci\u00f3n pict\u00f3rica sobre los modelos de representaci\u00f3n, atendiendo a cuestiones que la propia tradici\u00f3n visual ha transfigurado en convenci\u00f3n o enfatizando ciertos elementos que suponen un desplazamiento. Desde un punto de vista formal, algunos de sus trabajos est\u00e1n estrechamente relacionados con la fotograf\u00eda, [...]","protected":false},"author":469,"featured_media":0,"parent":3949,"menu_order":0,"comment_status":"closed","ping_status":"open","template":"","meta":{"_links_to":"","_links_to_target":""},"_links":{"self":[{"href":"https:\/\/campusaltea.umh.es\/es\/wp-json\/wp\/v2\/pages\/4130"}],"collection":[{"href":"https:\/\/campusaltea.umh.es\/es\/wp-json\/wp\/v2\/pages"}],"about":[{"href":"https:\/\/campusaltea.umh.es\/es\/wp-json\/wp\/v2\/types\/page"}],"author":[{"embeddable":true,"href":"https:\/\/campusaltea.umh.es\/es\/wp-json\/wp\/v2\/users\/469"}],"replies":[{"embeddable":true,"href":"https:\/\/campusaltea.umh.es\/es\/wp-json\/wp\/v2\/comments?post=4130"}],"version-history":[{"count":0,"href":"https:\/\/campusaltea.umh.es\/es\/wp-json\/wp\/v2\/pages\/4130\/revisions"}],"up":[{"embeddable":true,"href":"https:\/\/campusaltea.umh.es\/es\/wp-json\/wp\/v2\/pages\/3949"}],"wp:attachment":[{"href":"https:\/\/campusaltea.umh.es\/es\/wp-json\/wp\/v2\/media?parent=4130"}],"curies":[{"name":"wp","href":"https:\/\/api.w.org\/{rel}","templated":true}]}}