{"id":4127,"date":"2016-10-16T17:25:35","date_gmt":"2016-10-16T17:25:35","guid":{"rendered":"http:\/\/campusaltea.umh.es\/?page_id=4127"},"modified":"2017-02-08T12:36:18","modified_gmt":"2017-02-08T12:36:18","slug":"elisa-lozano-chiarlones","status":"publish","type":"page","link":"https:\/\/campusaltea.umh.es\/es\/profesores\/elisa-lozano-chiarlones\/","title":{"rendered":"Elisa Lozano Chiarlones"},"content":{"rendered":"<p><div  class=\"ut-one-half  \">\n<p><a href=\"http:\/\/campusaltea.umh.es\/files\/2016\/10\/Elisa1.jpg\"><img loading=\"lazy\" class=\" wp-image-4025 size-full alignleft\" src=\"http:\/\/campusaltea.umh.es\/files\/2016\/10\/Elisa1.jpg\" alt=\"\" width=\"750\" height=\"1000\" srcset=\"https:\/\/campusaltea.umh.es\/files\/2016\/10\/Elisa1.jpg 750w, https:\/\/campusaltea.umh.es\/files\/2016\/10\/Elisa1-225x300.jpg 225w\" sizes=\"(max-width: 750px) 100vw, 750px\" \/><\/a><\/p>\n<\/div>\n<div  class=\"ut-one-half ut-column-last  \">\n<h4>Elisa Lozano Charliones<\/h4>\n<p>Desde el a\u00f1o 2000 su obra como artista se ha centrado en investigar las confluencias entre el arte y la espiritualidad. Sus esculturas pretenden ser espacios de meditaci\u00f3n, donde se abordan distintas reflexiones y vivencias. Su inter\u00e9s son las huellas y los registros, los restos de nuestra vida, necesidad de aprendizaje y reconocimiento de cuanto nos rodea. A trav\u00e9s de los moldes y del vaciado como eje del proceso creativo, se interesa por aquellas pr\u00e1cticas en las que el objeto desparece o en las que el objeto deja de ser lo importante y dirige su inter\u00e9s a dos cuestiones, huella y vac\u00edo.<\/p>\n<p>En su investigaci\u00f3n se centra en todas aquellas obras y artistas que a partir de las vanguardias generan moldes que nunca ser\u00e1n reproducidos, concluyendo en 2004 su tesis doctoral afirmando que en el arte contempor\u00e1neo lo espiritual existe gracias al molde como obra \u201cdefinitiva\u201d, un molde que detiene el proceso del vaciado y no ser\u00e1 positivado. Todo esto se relaciona con diferentes cuestiones como el yoga, la meditaci\u00f3n, las teor\u00edas de la negatividad, el aura y la funci\u00f3n del objeto art\u00edstico, entre otras.<\/p>\n<p>Ha formado parte del grupo de investigaci\u00f3n Nuevos Procedimientos Escult\u00f3ricos, desarrollando en \u00e9l diversos proyectos coordinados con la Universidad de Vigo, Universidad Polit\u00e9cnica de Valencia, Universidad de Castilla la Mancha, Universidad de La Laguna (Tenerife). Actualmente pertenece al grupo de investigaci\u00f3n Laboratorio de Interfencias Art\u00edsticas y Mediales.<\/p>\n<\/div><div class=\"clear\"><\/div>\n<hr \/>\n<div  class=\"ut-one-half  \">\n<h5>Informaci\u00f3n adicional<\/h5>\n<div id=\"ut-accordion-parent-1\" class=\"ut-accordion\"><div class=\"ut-accordion-group\"> <div class=\"ut-accordion-heading \"><a data-parent=\"#ut-accordion-parent-1\" class=\"accordion-toggle collapsed \" data-toggle=\"collapse\" data-target=\"#accordion0\">Campos de Interes<\/a><\/div><div id=\"accordion0\" class=\"ut-accordion-body collapse\"><div class=\"ut-accordion-inner entry-content clearfix\">\n<ul>\n<li>Escultura, acciones y procesos.<\/li>\n<li>Moldes y sistemas de reproducci\u00f3n.<\/li>\n<li>Yoga y espiritualidad en la creaci\u00f3n.<\/li>\n<\/ul>\n<\/div><\/div>\n<div id=\"ut-accordion-parent-2\" class=\"ut-accordion\"><div class=\"ut-accordion-group\"><\/div><\/div> <div class=\"ut-accordion-heading \"><a data-parent=\"#ut-accordion-parent-2\" class=\"accordion-toggle collapsed \" data-toggle=\"collapse\" data-target=\"#accordion1\">Estudios<\/a><\/div><div id=\"accordion1\" class=\"ut-accordion-body collapse\"><div class=\"ut-accordion-inner entry-content clearfix\">\n<ul>\n<li>Licenciada en Bellas Artes por la Facultad de San Carlos de Valencia, Universidad Polit\u00e9cnica de Valencia, 2000.<\/li>\n<li>Doctora por el Departamento de Escultura, Universidad Polit\u00e9cnica de Valencia, 2004.<\/li>\n<li>Formaci\u00f3n en t\u00e9cnicas de yoga y meditaci\u00f3n desde el a\u00f1o 2000.<\/li>\n<\/ul>\n<\/div><\/div>\n<div id=\"ut-accordion-parent-3\" class=\"ut-accordion\"><div class=\"ut-accordion-group\"><\/div><\/div> <div class=\"ut-accordion-heading \"><a data-parent=\"#ut-accordion-parent-3\" class=\"accordion-toggle collapsed \" data-toggle=\"collapse\" data-target=\"#accordion2\">Tesis doctoral<\/a><\/div><div id=\"accordion2\" class=\"ut-accordion-body collapse\"><div class=\"ut-accordion-inner entry-content clearfix\">\n<p><em>Creatividad y espiritualidad en los moldes del cuerpo. El molde como obra \u201cdefinitiva\u201d en la escultura a partir del siglo XX, 2004, cum laude.<\/em><\/p>\n<\/div><\/div>\n<div id=\"ut-accordion-parent-4\" class=\"ut-accordion\"><div class=\"ut-accordion-group\"><\/div><\/div> <div class=\"ut-accordion-heading \"><a data-parent=\"#ut-accordion-parent-4\" class=\"accordion-toggle collapsed \" data-toggle=\"collapse\" data-target=\"#accordion3\">L\u00edneas de investigaci\u00f3n<\/a><\/div><div id=\"accordion3\" class=\"ut-accordion-body collapse\"><div class=\"ut-accordion-inner entry-content clearfix\">\n<ul>\n<li>Nuevos procedimientos escult\u00f3ricos.<\/li>\n<li>Pr\u00e1cticas procesuales.<\/li>\n<li>Relaci\u00f3n arte y espiritualidad.<\/li>\n<\/ul>\n<\/div><\/div>\n<div id=\"ut-accordion-parent-5\" class=\"ut-accordion\"><div class=\"ut-accordion-group\"><\/div><\/div> <div class=\"ut-accordion-heading \"><a data-parent=\"#ut-accordion-parent-5\" class=\"accordion-toggle collapsed \" data-toggle=\"collapse\" data-target=\"#accordion4\">Enlace a web personal<\/a><\/div><div id=\"accordion4\" class=\"ut-accordion-body collapse\"><div class=\"ut-accordion-inner entry-content clearfix\">\n<p><a href=\"http:\/\/iamlab.umh.es\/equipo\/elisa-lozano-chiarlones\/\">http:\/\/iamlab.umh.es\/equipo\/elisa-lozano-chiarlones\/<\/a><\/p>\n<\/div><\/div>\n<div id=\"ut-accordion-parent-6\" class=\"ut-accordion\"><div class=\"ut-accordion-group\"><\/div><\/div> <div class=\"ut-accordion-heading \"><a data-parent=\"#ut-accordion-parent-6\" class=\"accordion-toggle collapsed \" data-toggle=\"collapse\" data-target=\"#accordion5\">Exposiciones individuales<\/a><\/div><div id=\"accordion5\" class=\"ut-accordion-body collapse\"><div class=\"ut-accordion-inner entry-content clearfix\">\n<ul>\n<li><em>Mudas y otros restos<\/em>, Centro 14, Ayuntamiento de Alicante, 2010, cat\u00e1logo.<\/li>\n<li><em>Arqueolog\u00eda de la memoria<\/em>, Pinacoteca de Langreo Eduardo \u00darculo,Langreo (Asturias) 2008, cat\u00e1logo.<\/li>\n<li><em>Arqueolog\u00eda de la memoria<\/em>, Casa de la Mujer de Mislata (Valencia), 2007, cat\u00e1logo.<\/li>\n<li><em>Ser: pruebas y restos II<\/em>, galeria Edgar Neville, Alfafar (Valencia), 2006, cat\u00e1logo.<\/li>\n<li><em>Ser: pruebas y restos II<\/em>, Galeria del Tossal, Valencia, 2005, cat\u00e1logo.<\/li>\n<li><em>Buscando otra muda,<\/em> Sala Mariano Barbas\u00e1n, Obra Social CAI, Zaragoza, 2004, cat\u00e1logo.<\/li>\n<li><em>Ser: pruebas y restos<\/em>, Sala Juana Franc\u00e9s, Zaragoza, 2003, cat\u00e1logo.<\/li>\n<\/ul>\n<\/div><\/div>\n<div id=\"ut-accordion-parent-7\" class=\"ut-accordion\"><div class=\"ut-accordion-group\"><\/div><\/div> <div class=\"ut-accordion-heading \"><a data-parent=\"#ut-accordion-parent-7\" class=\"accordion-toggle collapsed \" data-toggle=\"collapse\" data-target=\"#accordion6\">Exposiciones colectivas<\/a><\/div><div id=\"accordion6\" class=\"ut-accordion-body collapse\"><div class=\"ut-accordion-inner entry-content clearfix\">\n<ul>\n<li><em>Senyera<\/em>, Museo de la Ciudad, Ayuntamiento de Valencia, 2012, cat\u00e1logo.<\/li>\n<li><em>Femenino Plural 1999-2011<\/em>,Reales Atarazanas de Valencia, 2011, cat\u00e1logo.<\/li>\n<li><em>Propuestas 2010<\/em>, Centro 14, Ayuntamiento de Alicante, 2010, cat\u00e1logo.<\/li>\n<li><em>70 Exposici\u00f3n de Artes Pl\u00e1sticas Valdepe\u00f1as<\/em>, Museo Municipal de Valdepe\u00f1as (Ciudad Real), 2009, cat\u00e1logo.<\/li>\n<li><em>Nexos<\/em>. Identidades en torno a la muestra de Arte joven, Fundaci\u00f3n CAI-ASC y Gobierno de Arag\u00f3n, Centro Joaqu\u00edn Roncal, Zaragoza, 2005, cat\u00e1logo.<\/li>\n<li><em>Esculturas e instalaciones<\/em>, Palacio de S\u00e1stago, Diputaci\u00f3n Provincial de Zaragoza, 2004, cat\u00e1logo.<\/li>\n<li><em>Espacios para la sonrisa<\/em>, Palacio de la Colomina, Generlitat Valenciana, 2003, cat\u00e1logo.<\/li>\n<li><em>Son mujeres<\/em>, Museo de la Ciudad, Valencia, 2002, cat\u00e1logo.<\/li>\n<li><em>Generaci\u00f3n 2001<\/em>, Casa de Am\u00e9rica, Madrid; Casa de la Provincia, Sevilla; Museo de la Pasi\u00f3n, Valladolid;Sala Rekalde, Bilbao; Capella del Convent del \u00c1ngels, Barcelona; La Beneficencia, Valencia. Obra social Caja Madrid, 2001, cat\u00e1logo.<\/li>\n<li><em>L\u00b4espai Trobat,<\/em> Benissa (Alicante), 2000, cat\u00e1logo.<\/li>\n<\/ul>\n<\/div><\/div>\n<div id=\"ut-accordion-parent-8\" class=\"ut-accordion\"><div class=\"ut-accordion-group\"><\/div><\/div> <div class=\"ut-accordion-heading \"><a data-parent=\"#ut-accordion-parent-8\" class=\"accordion-toggle collapsed \" data-toggle=\"collapse\" data-target=\"#accordion7\">Libros y cap\u00edtulos de libros<\/a><\/div><div id=\"accordion7\" class=\"ut-accordion-body collapse\"><div class=\"ut-accordion-inner entry-content clearfix\">\n<ul>\n<li>Lozano Chiarlones, Elisa, \u00abEl molde en el arte\u00bb, en <em>Tecnolog\u00edas y estrategias para la creaci\u00f3n art\u00edstica<\/em>, Grupo Tecrea, Universidad Miguel Hern\u00e1ndez, 2007.<\/li>\n<li>Lozano Chiarlones, Elisa, <em>Creatividad y espiritualidad en los moldes del cuerpo. El molde corporal como obra \u201cdefinitiva\u201d en la escultura a partir del siglo XX<\/em>, Universidad Polit\u00e9cnica de Valencia, 2006.<\/li>\n<li>Lozano Chiarlones, Elisa, \u00abEl cuerpo humano positivo y negativo, La construcci\u00f3n de esculturas a partir de la reproducci\u00f3n del cuerpo humano\u00bb, en <em>\u00bfQu\u00e9 es la escultura hoy?<\/em>, Grupo de investigaci\u00f3n Nuevos procedimientos escult\u00f3ricos, Universidad Polit\u00e9cnica de Valencia, 2003.<\/li>\n<\/ul>\n<\/div><\/div>\n<div id=\"ut-accordion-parent-9\" class=\"ut-accordion\"><div class=\"ut-accordion-group\"><\/div><\/div> <div class=\"ut-accordion-heading \"><a data-parent=\"#ut-accordion-parent-9\" class=\"accordion-toggle collapsed \" data-toggle=\"collapse\" data-target=\"#accordion8\">Art\u00edculos en revistas<\/a><\/div><div id=\"accordion8\" class=\"ut-accordion-body collapse\"><div class=\"ut-accordion-inner entry-content clearfix\">\n<ul>\n<li>Lozano Chiarlones, Elisa, \u201cSer: pruebas y restos\u201d, Revista <em>Rolde de Estudios Aragoneses<\/em>, n\u00ba 117-118, ROLDE, Zaragoza, 2006.<\/li>\n<li>Lozano Chiarlones, Elisa, \u201cLa huella de Duchamp\u201d, Revista <em>Estudio<\/em>, n\u00ba1, Centro de Investigaci\u00f3n y estudios en Bellas Artes, Lisboa, 2010.<\/li>\n<\/ul>\n<\/div><\/div>\n<div id=\"ut-accordion-parent-10\" class=\"ut-accordion\"><div class=\"ut-accordion-group\"><\/div><\/div> <div class=\"ut-accordion-heading \"><a data-parent=\"#ut-accordion-parent-10\" class=\"accordion-toggle collapsed \" data-toggle=\"collapse\" data-target=\"#accordion9\">Premios y becas<\/a><\/div><div id=\"accordion9\" class=\"ut-accordion-body collapse\"><div class=\"ut-accordion-inner entry-content clearfix\">\n<ul>\n<li>Finalista junto con Fernando Jim\u00e9nez en la III Edici\u00f3n del premio <em>\u201cSorolla\u201d de las Artes<\/em>, Propeller Club, Obra Social Bancaja y Ayuntamiento de Valencia, 2010.<\/li>\n<li>Primer premio de Escultura, <em>XXI Concurso nuevos Creadores de Benidorm<\/em>, Ayuntamiento de Benidorm (Alicante), 2009.<\/li>\n<li>Primer premio, <em>Premios de Artes Pl\u00e1sticas Art nal\u00f3n<\/em>, Ayuntamiento de Langreo (Asturias), 2008.<\/li>\n<li>2\u00ba premio, <em>Arte Joven de Arag\u00f3n<\/em>, Diputaci\u00f3n general de Arag\u00f3n, 2004.<\/li>\n<li>Primer premio de escultura, <em>Premios a la Creaci\u00f3n Art\u00edstica<\/em>, Universidad de Zaragoza, 2002.<\/li>\n<li>Primer premio de escultura, <em>Premios Senyera<\/em>, Ayuntamiento de Valencia , 2001.<\/li>\n<\/ul>\n<\/div><\/div>\n<div id=\"ut-accordion-parent-11\" class=\"ut-accordion\"><div class=\"ut-accordion-group\"><\/div><\/div> <div class=\"ut-accordion-heading \"><a data-parent=\"#ut-accordion-parent-11\" class=\"accordion-toggle collapsed \" data-toggle=\"collapse\" data-target=\"#accordion10\">Obras en colecciones de arte<\/a><\/div><div id=\"accordion10\" class=\"ut-accordion-body collapse\"><div class=\"ut-accordion-inner entry-content clearfix\">\n<ul>\n<li>Ayuntamiento de Valencia.<\/li>\n<li>Colecci\u00f3n de Arte Contempor\u00e1neo CAI- ASC, Zaragoza<\/li>\n<li>Diputaci\u00f3n General de Arag\u00f3n.<\/li>\n<li>Ayuntamiento de Benidorm (Alicante).<\/li>\n<li>Ayuntamiento de Mistala (Valencia).<\/li>\n<li>Universidad de Zaragoza.<\/li>\n<li>Colecci\u00f3n de Arte OpenArt, C\u00f3rdoba.<\/li>\n<li>Ayuntamiento de Alicante.<\/li>\n<li>Pinacoteca Eduardo \u00darculo. Langreo (Asturias)<\/li>\n<\/ul>\n<\/div><\/div>\n<div id=\"ut-accordion-parent-12\" class=\"ut-accordion\"><div class=\"ut-accordion-group\"><\/div><\/div> <div class=\"ut-accordion-heading \"><a data-parent=\"#ut-accordion-parent-12\" class=\"accordion-toggle collapsed \" data-toggle=\"collapse\" data-target=\"#accordion11\">Otros<\/a><\/div><div id=\"accordion11\" class=\"ut-accordion-body collapse\"><div class=\"ut-accordion-inner entry-content clearfix\">\n<ul>\n<li>Seleccionada por Juan Antonio Ram\u00edrez para presentar el comunicado <em>El molde como obra definitiva en el arte<\/em> junto a los conferenciantes Sim\u00f3n March\u00e1n Fiz, Ana Mar\u00eda Guasch y Juan Jos\u00e9 Lahuerta, Seminario de Historia del Arte \u201cProliferaci\u00f3n y negaci\u00f3n del arte: El retorno del aura\u201d, Fundaci\u00f3n Duques de Soria, Soria, 2005.<\/li>\n<li>Construcci\u00f3n de decorados para cine: <em>Rencor<\/em>, Dir. Miguel Albadalejo, 2002; <em>Nada F\u00e1cil<\/em>, Dir. Bernat Rapp, 2003; obra escult\u00f3rica en la pel\u00edcula <em>9 meses<\/em>, Dir. Miguel Perello, 2010.<\/li>\n<\/ul>\n<\/div><\/div>\n<\/div><\/div>\n<\/div>\n<div  class=\"ut-one-half ut-column-last  \">\n<p>\n\t\t\t<!-- START elisa REVOLUTION SLIDER 6.5.14 --><p class=\"rs-p-wp-fix\"><\/p>\n\t\t\t<rs-module-wrap id=\"rev_slider_37_1_wrapper\" data-source=\"gallery\" style=\"visibility:hidden;background:transparent;padding:0;margin:0px auto;margin-top:0;margin-bottom:0;\">\n\t\t\t\t<rs-module id=\"rev_slider_37_1\" style=\"\" data-version=\"6.5.14\">\n\t\t\t\t\t<rs-slides>\n\t\t\t\t\t\t<rs-slide style=\"position: absolute;\" data-key=\"rs-293\" data-title=\"Slide\" data-thumb=\"\/\/campusaltea.umh.es\/files\/2017\/02\/Elisa-Lozano_0958-100x50.jpg\" data-anim=\"ms:600;\" data-in=\"o:0;\" data-out=\"a:false;\">\n\t\t\t\t\t\t\t<img src=\"\/\/campusaltea.umh.es\/wp-content\/plugins\/revslider\/public\/assets\/assets\/dummy.png\" alt=\"\" title=\"Elisa Lozano Chiarlones\" class=\"rev-slidebg tp-rs-img rs-lazyload\" data-lazyload=\"\/\/campusaltea.umh.es\/files\/2017\/02\/Elisa-Lozano_0958.jpg\" data-bg=\"f:contain;\" data-no-retina>\n<!---->\t\t\t\t\t\t<\/rs-slide>\n\t\t\t\t\t\t<rs-slide style=\"position: absolute;\" data-key=\"rs-294\" data-title=\"Slide\" data-thumb=\"\/\/campusaltea.umh.es\/files\/2017\/02\/Elisa-Lozano_Dona-DIscapillus-100x50.jpg\" data-anim=\"ms:600;\" data-in=\"o:0;\" data-out=\"a:false;\">\n\t\t\t\t\t\t\t<img src=\"\/\/campusaltea.umh.es\/wp-content\/plugins\/revslider\/public\/assets\/assets\/dummy.png\" alt=\"\" title=\"Elisa Lozano Chiarlones\" class=\"rev-slidebg tp-rs-img rs-lazyload\" data-lazyload=\"\/\/campusaltea.umh.es\/files\/2017\/02\/Elisa-Lozano_Dona-DIscapillus.jpg\" data-bg=\"f:contain;\" data-no-retina>\n<!--\n\t\t\t\t\t\t\t--><rs-layer\n\t\t\t\t\t\t\t\tid=\"slider-37-slide-294-layer-1\" \n\t\t\t\t\t\t\t\tdata-type=\"text\"\n\t\t\t\t\t\t\t\tdata-color=\"rgba(0,0,0,1)\"\n\t\t\t\t\t\t\t\tdata-rsp_ch=\"on\"\n\t\t\t\t\t\t\t\tdata-xy=\"x:20px;y:20px;\"\n\t\t\t\t\t\t\t\tdata-text=\"s:26;l:22;fw:600;\"\n\t\t\t\t\t\t\t\tdata-frame_0=\"tp:600;\"\n\t\t\t\t\t\t\t\tdata-frame_1=\"tp:600;e:power2.inOut;st:500;\"\n\t\t\t\t\t\t\t\tdata-frame_999=\"o:0;tp:600;e:nothing;st:w;\"\n\t\t\t\t\t\t\t\tstyle=\"z-index:5;font-family:'';\"\n\t\t\t\t\t\t\t>Dona Discapillus \n\t\t\t\t\t\t\t<\/rs-layer><!--\n-->\t\t\t\t\t\t<\/rs-slide>\n\t\t\t\t\t\t<rs-slide style=\"position: absolute;\" data-key=\"rs-295\" data-title=\"Slide\" data-thumb=\"\/\/campusaltea.umh.es\/files\/2017\/02\/Elisa-Lozano_Dona-Videns-IV-100x50.jpg\" data-anim=\"ms:600;\" data-in=\"o:0;\" data-out=\"a:false;\">\n\t\t\t\t\t\t\t<img src=\"\/\/campusaltea.umh.es\/wp-content\/plugins\/revslider\/public\/assets\/assets\/dummy.png\" alt=\"\" title=\"Elisa Lozano Chiarlones\" class=\"rev-slidebg tp-rs-img rs-lazyload\" data-lazyload=\"\/\/campusaltea.umh.es\/files\/2017\/02\/Elisa-Lozano_Dona-Videns-IV.jpg\" data-bg=\"f:contain;\" data-no-retina>\n<!--\n\t\t\t\t\t\t\t--><rs-layer\n\t\t\t\t\t\t\t\tid=\"slider-37-slide-295-layer-1\" \n\t\t\t\t\t\t\t\tdata-type=\"text\"\n\t\t\t\t\t\t\t\tdata-color=\"rgba(0,0,0,1)\"\n\t\t\t\t\t\t\t\tdata-rsp_ch=\"on\"\n\t\t\t\t\t\t\t\tdata-xy=\"x:20px;y:20px;\"\n\t\t\t\t\t\t\t\tdata-text=\"s:26;l:22;fw:600;\"\n\t\t\t\t\t\t\t\tdata-frame_0=\"tp:600;\"\n\t\t\t\t\t\t\t\tdata-frame_1=\"tp:600;e:power2.inOut;st:500;\"\n\t\t\t\t\t\t\t\tdata-frame_999=\"o:0;tp:600;e:nothing;st:w;\"\n\t\t\t\t\t\t\t\tstyle=\"z-index:5;font-family:'';\"\n\t\t\t\t\t\t\t>Dona Videns IV \n\t\t\t\t\t\t\t<\/rs-layer><!--\n-->\t\t\t\t\t\t<\/rs-slide>\n\t\t\t\t\t\t<rs-slide style=\"position: absolute;\" data-key=\"rs-296\" data-title=\"Slide\" data-thumb=\"\/\/campusaltea.umh.es\/files\/2017\/02\/Elisa-Lozano_Dona-Videns-IX-100x50.jpg\" data-anim=\"ms:600;\" data-in=\"o:0;\" data-out=\"a:false;\">\n\t\t\t\t\t\t\t<img src=\"\/\/campusaltea.umh.es\/wp-content\/plugins\/revslider\/public\/assets\/assets\/dummy.png\" alt=\"\" title=\"Elisa Lozano Chiarlones\" class=\"rev-slidebg tp-rs-img rs-lazyload\" data-lazyload=\"\/\/campusaltea.umh.es\/files\/2017\/02\/Elisa-Lozano_Dona-Videns-IX.jpg\" data-bg=\"f:contain;\" data-no-retina>\n<!--\n\t\t\t\t\t\t\t--><rs-layer\n\t\t\t\t\t\t\t\tid=\"slider-37-slide-296-layer-1\" \n\t\t\t\t\t\t\t\tdata-type=\"text\"\n\t\t\t\t\t\t\t\tdata-color=\"rgba(0,0,0,1)\"\n\t\t\t\t\t\t\t\tdata-rsp_ch=\"on\"\n\t\t\t\t\t\t\t\tdata-xy=\"x:20px;y:30px;\"\n\t\t\t\t\t\t\t\tdata-text=\"s:26;l:22;fw:600;\"\n\t\t\t\t\t\t\t\tdata-frame_0=\"tp:600;\"\n\t\t\t\t\t\t\t\tdata-frame_1=\"tp:600;e:power2.inOut;st:500;\"\n\t\t\t\t\t\t\t\tdata-frame_999=\"o:0;tp:600;e:nothing;st:w;\"\n\t\t\t\t\t\t\t\tstyle=\"z-index:5;font-family:'';\"\n\t\t\t\t\t\t\t>Dona Videns IX \n\t\t\t\t\t\t\t<\/rs-layer><!--\n-->\t\t\t\t\t\t<\/rs-slide>\n\t\t\t\t\t\t<rs-slide style=\"position: absolute;\" data-key=\"rs-297\" data-title=\"Slide\" data-thumb=\"\/\/campusaltea.umh.es\/files\/2017\/02\/Elisa-Lozano_Dona-Videns-Traje-del-siglo-XX-100x50.jpg\" data-anim=\"ms:600;\" data-in=\"o:0;\" data-out=\"a:false;\">\n\t\t\t\t\t\t\t<img src=\"\/\/campusaltea.umh.es\/wp-content\/plugins\/revslider\/public\/assets\/assets\/dummy.png\" alt=\"\" title=\"Elisa Lozano Chiarlones\" class=\"rev-slidebg tp-rs-img rs-lazyload\" data-lazyload=\"\/\/campusaltea.umh.es\/files\/2017\/02\/Elisa-Lozano_Dona-Videns-Traje-del-siglo-XX.jpg\" data-bg=\"f:contain;\" data-no-retina>\n<!--\n\t\t\t\t\t\t\t--><rs-layer\n\t\t\t\t\t\t\t\tid=\"slider-37-slide-297-layer-1\" \n\t\t\t\t\t\t\t\tdata-type=\"text\"\n\t\t\t\t\t\t\t\tdata-color=\"rgba(0,0,0,1)\"\n\t\t\t\t\t\t\t\tdata-rsp_ch=\"on\"\n\t\t\t\t\t\t\t\tdata-xy=\"x:20px;y:20px;\"\n\t\t\t\t\t\t\t\tdata-text=\"s:26;l:22;fw:600;\"\n\t\t\t\t\t\t\t\tdata-frame_0=\"tp:600;\"\n\t\t\t\t\t\t\t\tdata-frame_1=\"tp:600;e:power2.inOut;st:500;\"\n\t\t\t\t\t\t\t\tdata-frame_999=\"o:0;tp:600;e:nothing;st:w;\"\n\t\t\t\t\t\t\t\tstyle=\"z-index:5;font-family:'';\"\n\t\t\t\t\t\t\t>Videns Traje del siglo XX \n\t\t\t\t\t\t\t<\/rs-layer><!--\n-->\t\t\t\t\t\t<\/rs-slide>\n\t\t\t\t\t\t<rs-slide style=\"position: absolute;\" data-key=\"rs-298\" data-title=\"Slide\" data-thumb=\"\/\/campusaltea.umh.es\/files\/2017\/02\/Elisa-Lozano_Homo-nao-100x50.jpg\" data-anim=\"ms:600;\" data-in=\"o:0;\" data-out=\"a:false;\">\n\t\t\t\t\t\t\t<img src=\"\/\/campusaltea.umh.es\/wp-content\/plugins\/revslider\/public\/assets\/assets\/dummy.png\" alt=\"\" title=\"Elisa Lozano Chiarlones\" class=\"rev-slidebg tp-rs-img rs-lazyload\" data-lazyload=\"\/\/campusaltea.umh.es\/files\/2017\/02\/Elisa-Lozano_Homo-nao.jpg\" data-bg=\"f:contain;\" data-no-retina>\n<!--\n\t\t\t\t\t\t\t--><rs-layer\n\t\t\t\t\t\t\t\tid=\"slider-37-slide-298-layer-1\" \n\t\t\t\t\t\t\t\tdata-type=\"text\"\n\t\t\t\t\t\t\t\tdata-color=\"rgba(0,0,0,1)\"\n\t\t\t\t\t\t\t\tdata-rsp_ch=\"on\"\n\t\t\t\t\t\t\t\tdata-xy=\"x:20px;y:20px;\"\n\t\t\t\t\t\t\t\tdata-text=\"s:26;l:22;fw:600;\"\n\t\t\t\t\t\t\t\tdata-frame_0=\"tp:600;\"\n\t\t\t\t\t\t\t\tdata-frame_1=\"tp:600;e:power2.inOut;st:500;\"\n\t\t\t\t\t\t\t\tdata-frame_999=\"o:0;tp:600;e:nothing;st:w;\"\n\t\t\t\t\t\t\t\tstyle=\"z-index:5;font-family:'';\"\n\t\t\t\t\t\t\t>Homo nao \n\t\t\t\t\t\t\t<\/rs-layer><!--\n-->\t\t\t\t\t\t<\/rs-slide>\n\t\t\t\t\t\t<rs-slide style=\"position: absolute;\" data-key=\"rs-299\" data-title=\"Slide\" data-thumb=\"\/\/campusaltea.umh.es\/files\/2017\/02\/Elisa-Lozano_Recuerso-de-Pili-II-Ibiza-\u00b497-100x50.jpg\" data-anim=\"ms:600;\" data-in=\"o:0;\" data-out=\"a:false;\">\n\t\t\t\t\t\t\t<img src=\"\/\/campusaltea.umh.es\/wp-content\/plugins\/revslider\/public\/assets\/assets\/dummy.png\" alt=\"\" title=\"Elisa Lozano Chiarlones\" class=\"rev-slidebg tp-rs-img rs-lazyload\" data-lazyload=\"\/\/campusaltea.umh.es\/files\/2017\/02\/Elisa-Lozano_Recuerso-de-Pili-II-Ibiza-\u00b497.jpg\" data-bg=\"f:contain;\" data-no-retina>\n<!--\n\t\t\t\t\t\t\t--><rs-layer\n\t\t\t\t\t\t\t\tid=\"slider-37-slide-299-layer-1\" \n\t\t\t\t\t\t\t\tdata-type=\"text\"\n\t\t\t\t\t\t\t\tdata-color=\"rgba(0,0,0,1)\"\n\t\t\t\t\t\t\t\tdata-rsp_ch=\"on\"\n\t\t\t\t\t\t\t\tdata-xy=\"x:20px;y:20px;\"\n\t\t\t\t\t\t\t\tdata-text=\"s:26;l:22;fw:600;\"\n\t\t\t\t\t\t\t\tdata-frame_0=\"tp:600;\"\n\t\t\t\t\t\t\t\tdata-frame_1=\"tp:600;e:power2.inOut;st:500;\"\n\t\t\t\t\t\t\t\tdata-frame_999=\"o:0;tp:600;e:nothing;st:w;\"\n\t\t\t\t\t\t\t\tstyle=\"z-index:5;font-family:'';\"\n\t\t\t\t\t\t\t>Recuerso de Pili II \n\t\t\t\t\t\t\t<\/rs-layer><!--\n-->\t\t\t\t\t\t<\/rs-slide>\n\t\t\t\t\t<\/rs-slides>\n\t\t\t\t<\/rs-module>\n\t\t\t\t<script>\n\t\t\t\t\tsetREVStartSize({c: 'rev_slider_37_1',rl:[1240,1024,778,480],el:[],gw:[1240],gh:[868],type:'standard',justify:'',layout:'fullwidth',mh:\"0\"});if (window.RS_MODULES!==undefined && window.RS_MODULES.modules!==undefined && window.RS_MODULES.modules[\"revslider371\"]!==undefined) {window.RS_MODULES.modules[\"revslider371\"].once = false;window.revapi37 = undefined;if (window.RS_MODULES.checkMinimal!==undefined) window.RS_MODULES.checkMinimal()}\n\t\t\t\t<\/script>\n\t\t\t<\/rs-module-wrap>\n\t\t\t<!-- END REVOLUTION SLIDER -->\n<br \/>\n<\/div><div class=\"clear\"><\/div><\/p>","protected":false},"excerpt":{"rendered":"Elisa Lozano Charliones Desde el a\u00f1o 2000 su obra como artista se ha centrado en investigar las confluencias entre el arte y la espiritualidad. Sus esculturas pretenden ser espacios de meditaci\u00f3n, donde se abordan distintas reflexiones y vivencias. Su inter\u00e9s son las huellas y los registros, los restos de nuestra vida, necesidad de aprendizaje y [...]","protected":false},"author":469,"featured_media":0,"parent":3949,"menu_order":0,"comment_status":"closed","ping_status":"open","template":"","meta":{"_links_to":"","_links_to_target":""},"_links":{"self":[{"href":"https:\/\/campusaltea.umh.es\/es\/wp-json\/wp\/v2\/pages\/4127"}],"collection":[{"href":"https:\/\/campusaltea.umh.es\/es\/wp-json\/wp\/v2\/pages"}],"about":[{"href":"https:\/\/campusaltea.umh.es\/es\/wp-json\/wp\/v2\/types\/page"}],"author":[{"embeddable":true,"href":"https:\/\/campusaltea.umh.es\/es\/wp-json\/wp\/v2\/users\/469"}],"replies":[{"embeddable":true,"href":"https:\/\/campusaltea.umh.es\/es\/wp-json\/wp\/v2\/comments?post=4127"}],"version-history":[{"count":0,"href":"https:\/\/campusaltea.umh.es\/es\/wp-json\/wp\/v2\/pages\/4127\/revisions"}],"up":[{"embeddable":true,"href":"https:\/\/campusaltea.umh.es\/es\/wp-json\/wp\/v2\/pages\/3949"}],"wp:attachment":[{"href":"https:\/\/campusaltea.umh.es\/es\/wp-json\/wp\/v2\/media?parent=4127"}],"curies":[{"name":"wp","href":"https:\/\/api.w.org\/{rel}","templated":true}]}}