{"id":4124,"date":"2016-10-16T16:01:47","date_gmt":"2016-10-16T16:01:47","guid":{"rendered":"http:\/\/campusaltea.umh.es\/?page_id=4124"},"modified":"2017-02-01T13:57:40","modified_gmt":"2017-02-01T13:57:40","slug":"miguel-lorente-boyer","status":"publish","type":"page","link":"https:\/\/campusaltea.umh.es\/es\/profesores\/miguel-lorente-boyer\/","title":{"rendered":"Miguel Lorente Boyer"},"content":{"rendered":"<p><div  class=\"ut-one-half  \">\n<p><a href=\"http:\/\/campusaltea.umh.es\/files\/2016\/10\/Miguel-Lorente1.jpg\"><img loading=\"lazy\" class=\"alignleft wp-image-4040 size-full\" src=\"http:\/\/campusaltea.umh.es\/files\/2016\/10\/Miguel-Lorente1-e1485951629863.jpg\" alt=\"\" width=\"600\" height=\"800\" srcset=\"https:\/\/campusaltea.umh.es\/files\/2016\/10\/Miguel-Lorente1-e1485951629863.jpg 600w, https:\/\/campusaltea.umh.es\/files\/2016\/10\/Miguel-Lorente1-e1485951629863-225x300.jpg 225w\" sizes=\"(max-width: 600px) 100vw, 600px\" \/><\/a><\/p>\n<\/div>\n<div  class=\"ut-one-half ut-column-last  \">\n<h4>Miguel Lorente Boyer<\/h4>\n<p>Ha trabajado prioritariamente en dos y tres dimensiones, incorporando con frecuencia textos escritos como parte de sus obras. Tambi\u00e9n ha utilizado otros formatos como el v\u00eddeo, la performance, el arte postal y otros. Entre las caracter\u00edsticas constantes de su labor como artista cabe destacar la atenci\u00f3n prestada al conocimiento cient\u00edfico y el cuestionamiento de la figura del artista heredada del romanticismo. En este contexto pueden entenderse la frecuencia de sus obras en colaboraci\u00f3n y la frecuente utilizaci\u00f3n de pseud\u00f3nimos.<\/p>\n<p>En la actualidad desarrolla un proyecto en forma de c\u00f3mic o novela gr\u00e1fica cuyo hilo conductor es el an\u00e1lisis del concepto del tiempo desde una perspectiva filos\u00f3fica, tecnol\u00f3gica y cient\u00edfica. Este proyecto, como es habitual, est\u00e1 abierto a la participaci\u00f3n de colaboradores, invitados o espont\u00e1neos.<\/p>\n<p>Como investigador ha estudiado los movimientos renovadores del arte europeo y espa\u00f1ol desde el romanticismo hasta el primer cuarto del siglo XX; prestando especial atenci\u00f3n a los modos, recorridos y ritmos de transmisi\u00f3n de las caracter\u00edsticas innovadoras de la pintura.<\/p>\n<\/div><div class=\"clear\"><\/div>\n<hr \/>\n<div  class=\"ut-one-half  \">\n<h5>Informaci\u00f3n adicional<\/h5>\n<div id=\"ut-accordion-parent-1\" class=\"ut-accordion\"><div class=\"ut-accordion-group\"> <div class=\"ut-accordion-heading \"><a data-parent=\"#ut-accordion-parent-1\" class=\"accordion-toggle collapsed \" data-toggle=\"collapse\" data-target=\"#accordion0\">Campos de Interes<\/a><\/div><div id=\"accordion0\" class=\"ut-accordion-body collapse\"><div class=\"ut-accordion-inner entry-content clearfix\">\n<ul>\n<li>Arte y pintura europeo y espa\u00f1ol 1400-1925, arte conceptual norteamericano 1965-1980.<\/li>\n<li>Imagen y conocimiento.<\/li>\n<li>C\u00f3mic.<\/li>\n<\/ul>\n<\/div><\/div>\n<div id=\"ut-accordion-parent-2\" class=\"ut-accordion\"><div class=\"ut-accordion-group\"><\/div><\/div> <div class=\"ut-accordion-heading \"><a data-parent=\"#ut-accordion-parent-2\" class=\"accordion-toggle collapsed \" data-toggle=\"collapse\" data-target=\"#accordion1\">Estudios<\/a><\/div><div id=\"accordion1\" class=\"ut-accordion-body collapse\"><div class=\"ut-accordion-inner entry-content clearfix\">\n<ul>\n<li>Licenciado en Bellas Artes por la Universidad Complutense de Madrid, 1988.<\/li>\n<li>Doctor por el Departamento de Arte de la Universidad Miguel Hern\u00e1ndez, 2015.<\/li>\n<\/ul>\n<\/div><\/div>\n<div id=\"ut-accordion-parent-3\" class=\"ut-accordion\"><div class=\"ut-accordion-group\"><\/div><\/div> <div class=\"ut-accordion-heading \"><a data-parent=\"#ut-accordion-parent-3\" class=\"accordion-toggle collapsed \" data-toggle=\"collapse\" data-target=\"#accordion2\">Tesis doctoral<\/a><\/div><div id=\"accordion2\" class=\"ut-accordion-body collapse\"><div class=\"ut-accordion-inner entry-content clearfix\">\n<p><em>T\u00e9cnicas y recursos en la pintura de Joaqu\u00edn Sorolla, Universidad Miguel Hern\u00e1ndez, 2015, cum laude.<\/em><\/p>\n<\/div><\/div>\n<div id=\"ut-accordion-parent-4\" class=\"ut-accordion\"><div class=\"ut-accordion-group\"><\/div><\/div> <div class=\"ut-accordion-heading \"><a data-parent=\"#ut-accordion-parent-4\" class=\"accordion-toggle collapsed \" data-toggle=\"collapse\" data-target=\"#accordion3\">L\u00edneas de investigaci\u00f3n<\/a><\/div><div id=\"accordion3\" class=\"ut-accordion-body collapse\"><div class=\"ut-accordion-inner entry-content clearfix\">\n<ul>\n<li>Arte y conocimiento.<\/li>\n<li>Del romanticismo a Dad\u00e1.<\/li>\n<\/ul>\n<\/div><\/div>\n<div id=\"ut-accordion-parent-5\" class=\"ut-accordion\"><div class=\"ut-accordion-group\"><\/div><\/div> <div class=\"ut-accordion-heading \"><a data-parent=\"#ut-accordion-parent-5\" class=\"accordion-toggle collapsed \" data-toggle=\"collapse\" data-target=\"#accordion4\">Exposiciones individuales<\/a><\/div><div id=\"accordion4\" class=\"ut-accordion-body collapse\"><div class=\"ut-accordion-inner entry-content clearfix\">\n<ul>\n<li><em>Visi\u00f3n 1656-ca.1966<\/em>, Espai Quatre, Casal Solleric, Palma de Mallorca, comisaria: Neus Cort\u00e9s, 2006, cat\u00e1logo.<\/li>\n<li><em>Motores el\u00e9ctricos<\/em>, Galer\u00eda Doblespacio, Madrid, comisario: Andr\u00e9s Mengs, 1998.<\/li>\n<li><em>Mundo<\/em>, Club Diario Levante, Valencia, comisario: Juan Lagardera, 1995, cat\u00e1logo, (en colaboraci\u00f3n con Juan Jar\u00e9n).<\/li>\n<li><em>Duchamp-Ajedrez<\/em>, El Ojo At\u00f3mico, Madrid, comisario: Tom\u00e1s Ruiz Rivas, 1994 (como Pedro Belmonte), cat\u00e1logo.<\/li>\n<li><em>Miguel Lorente<\/em>, Galer\u00eda Seiquer, Madrid, 1993.<\/li>\n<li><em>En torno al \u00e1tomo<\/em>, Centro Recursos Culturales, Madrid, comisario: Tom\u00e1s Paredes, 1992.<\/li>\n<\/ul>\n<\/div><\/div>\n<div id=\"ut-accordion-parent-6\" class=\"ut-accordion\"><div class=\"ut-accordion-group\"><\/div><\/div> <div class=\"ut-accordion-heading \"><a data-parent=\"#ut-accordion-parent-6\" class=\"accordion-toggle collapsed \" data-toggle=\"collapse\" data-target=\"#accordion5\">Exposiciones colectivas<\/a><\/div><div id=\"accordion5\" class=\"ut-accordion-body collapse\"><div class=\"ut-accordion-inner entry-content clearfix\">\n<ul>\n<li><em>Feria Estampa<\/em>, Stand galer\u00eda Carmen de la Calle, Madrid, 2008.<\/li>\n<li><em>Madrid al descubierto<\/em>, Sala de exposiciones de la Comunidad de Madrid Alcal\u00e1 30, comisaria: Lorena Corral, 2003, cat\u00e1logo.<\/li>\n<li><em>Bricolage,<\/em> Stands del Consorcio de Museos, Feriarte, Valencia, comisario: Fernando Castro, 2002, cat\u00e1logo.<\/li>\n<li><em>9 aulas en una academia<\/em>, Dom\u00e9stico\u201901, Madrid, comisarios: Garc\u00eda, Mengs, Speranza, Torrente, 2001, cat\u00e1logo.<\/li>\n<li><em>S\/T.<\/em>, C\u00edrculo de Bellas Artes, Madrid, comisarios: Pablo Llorca, Alberto S\u00e1nchez, 1996, cat\u00e1logo.<\/li>\n<li><em>Vac\u00edo, III FIARP<\/em>, El Ojo At\u00f3mico, Madrid, comisario: Tom\u00e1s Ruiz Rivas, 1993, cat\u00e1logo.<\/li>\n<li><em>Germinations<\/em>, Museo Ludwig Forum, Aachen, Alemania, comisarios: F\u00e9lix Guisasola et al., 1992, cat\u00e1logo.<\/li>\n<li><em>Virtutem Forma Decorat<\/em>, Galer\u00eda Seiquer, Madrid, 1991, (como Lorente-Carre\u00f1o).<\/li>\n<li><em>Circuitos, C. R. C<\/em>. Comunidad de Madrid, itinerante, comisarios: Francisco Calvo Serraller, Juana de Aizpuru, 1991, cat\u00e1logo.<\/li>\n<li><em>Muestra de Arte Joven<\/em>, Museo Espa\u00f1ol de Arte Contempor\u00e1neo, Madrid, comisarios: Jos\u00e9 Miguel Cort\u00e9s et al., 1990, cat\u00e1logo.<\/li>\n<\/ul>\n<\/div><\/div>\n<div id=\"ut-accordion-parent-7\" class=\"ut-accordion\"><div class=\"ut-accordion-group\"><\/div><\/div> <div class=\"ut-accordion-heading \"><a data-parent=\"#ut-accordion-parent-7\" class=\"accordion-toggle collapsed \" data-toggle=\"collapse\" data-target=\"#accordion6\">Libros<\/a><\/div><div id=\"accordion6\" class=\"ut-accordion-body collapse\"><div class=\"ut-accordion-inner entry-content clearfix\">\n<ul>\n<li>Lorente, Miguel, \u201c<em>El espacio de Las Meninas seg\u00fan Ramiro Moya, Bartolom\u00e9 Mestre y \u00c1ngel del Campo<\/em>\u201d en AA. VV., Tecnolog\u00edas y estrategias para la creaci\u00f3n art\u00edstica, TECREA, Universidad Miguel Hern\u00e1ndez, Altea, 2007.<\/li>\n<li>Lorente, Miguel, \u201c<em>Naturalidad. Notas sobre la exposici\u00f3n\u2026<\/em>\u201d, en Helena Sorolla (1895-1975), escultora, Instituci\u00f3n Joaqu\u00edn Sorolla de Investigaci\u00f3n y Estudios, Valencia, 2015.<\/li>\n<\/ul>\n<\/div><\/div>\n<div id=\"ut-accordion-parent-8\" class=\"ut-accordion\"><div class=\"ut-accordion-group\"><\/div><\/div> <div class=\"ut-accordion-heading \"><a data-parent=\"#ut-accordion-parent-8\" class=\"accordion-toggle collapsed \" data-toggle=\"collapse\" data-target=\"#accordion7\">Premios y becas<\/a><\/div><div id=\"accordion7\" class=\"ut-accordion-body collapse\"><div class=\"ut-accordion-inner entry-content clearfix\">\n<ul>\n<li><em>Beca Banesto para J\u00f3venes Creadores<\/em>, 1994.<\/li>\n<li><em>Beca en Germinations<\/em>, Museo Ludwig Forum, Aachen, Alemania, 1992.<\/li>\n<\/ul>\n<\/div><\/div>\n<div id=\"ut-accordion-parent-9\" class=\"ut-accordion\"><div class=\"ut-accordion-group\"><\/div><\/div> <div class=\"ut-accordion-heading \"><a data-parent=\"#ut-accordion-parent-9\" class=\"accordion-toggle collapsed \" data-toggle=\"collapse\" data-target=\"#accordion8\">Otros<\/a><\/div><div id=\"accordion8\" class=\"ut-accordion-body collapse\"><div class=\"ut-accordion-inner entry-content clearfix\">\n<ul>\n<li><em>Tiempo<\/em>, performance en Dom\u00e9stico \u201808, Madrid, comisarios: Garc\u00eda, Mengs, Speranza, Torrente, 2008, cat\u00e1logo.<\/li>\n<li><em>Recuerdos del para\u00edso<\/em>, instalaci\u00f3n en La ventana de La F\u00e1brica, Madrid, comisario: Eugenio Ampudia, 2001, (como Pedro Belmonte).<\/li>\n<li><em>S\/T.<\/em>, ambiente en el patio del MNCARS, Madrid, 1997, (como Pedro Belmonte).<\/li>\n<\/ul>\n<\/div><\/div>\n<\/div><\/div>\n<\/div>\n<div  class=\"ut-one-half ut-column-last  \">\n<p>\n\t\t\t<!-- START lorente REVOLUTION SLIDER 6.5.14 --><p class=\"rs-p-wp-fix\"><\/p>\n\t\t\t<rs-module-wrap id=\"rev_slider_24_1_wrapper\" data-source=\"gallery\" style=\"visibility:hidden;background:transparent;padding:0;margin:0px auto;margin-top:0;margin-bottom:0;\">\n\t\t\t\t<rs-module id=\"rev_slider_24_1\" style=\"\" data-version=\"6.5.14\">\n\t\t\t\t\t<rs-slides>\n\t\t\t\t\t\t<rs-slide style=\"position: absolute;\" data-key=\"rs-137\" data-title=\"Slide\" data-thumb=\"\/\/campusaltea.umh.es\/files\/2017\/02\/1-100x50.jpg\" data-anim=\"ms:600;\" data-in=\"o:0;\" data-out=\"a:false;\">\n\t\t\t\t\t\t\t<img src=\"\/\/campusaltea.umh.es\/wp-content\/plugins\/revslider\/public\/assets\/assets\/dummy.png\" alt=\"\" title=\"Miguel Lorente Boyer\" class=\"rev-slidebg tp-rs-img rs-lazyload\" data-lazyload=\"\/\/campusaltea.umh.es\/files\/2017\/02\/1.jpg\" data-bg=\"f:contain;\" data-no-retina>\n<!--\n\t\t\t\t\t\t\t--><rs-layer\n\t\t\t\t\t\t\t\tid=\"slider-24-slide-137-layer-1\" \n\t\t\t\t\t\t\t\tdata-type=\"text\"\n\t\t\t\t\t\t\t\tdata-color=\"rgba(0,0,0,1)\"\n\t\t\t\t\t\t\t\tdata-rsp_ch=\"on\"\n\t\t\t\t\t\t\t\tdata-xy=\"x:20px;y:20px;\"\n\t\t\t\t\t\t\t\tdata-text=\"s:26;l:22;fw:600;\"\n\t\t\t\t\t\t\t\tdata-frame_0=\"tp:600;\"\n\t\t\t\t\t\t\t\tdata-frame_1=\"tp:600;e:power2.inOut;st:500;\"\n\t\t\t\t\t\t\t\tdata-frame_999=\"o:0;tp:600;e:nothing;st:w;\"\n\t\t\t\t\t\t\t\tstyle=\"z-index:5;font-family:'';\"\n\t\t\t\t\t\t\t>Comic. p. 2. \n\t\t\t\t\t\t\t<\/rs-layer><!--\n\n\t\t\t\t\t\t\t--><rs-layer\n\t\t\t\t\t\t\t\tid=\"slider-24-slide-137-layer-2\" \n\t\t\t\t\t\t\t\tdata-type=\"text\"\n\t\t\t\t\t\t\t\tdata-color=\"rgba(0,0,0,1)\"\n\t\t\t\t\t\t\t\tdata-rsp_ch=\"on\"\n\t\t\t\t\t\t\t\tdata-xy=\"x:20px;y:50px;\"\n\t\t\t\t\t\t\t\tdata-text=\"s:22;l:22;\"\n\t\t\t\t\t\t\t\tdata-frame_0=\"tp:600;\"\n\t\t\t\t\t\t\t\tdata-frame_1=\"tp:600;e:power2.inOut;st:500;\"\n\t\t\t\t\t\t\t\tdata-frame_999=\"o:0;tp:600;e:nothing;st:w;\"\n\t\t\t\t\t\t\t\tstyle=\"z-index:6;font-family:'';\"\n\t\t\t\t\t\t\t>2010. 17 x 24 cm. \n\t\t\t\t\t\t\t<\/rs-layer><!--\n-->\t\t\t\t\t\t<\/rs-slide>\n\t\t\t\t\t\t<rs-slide style=\"position: absolute;\" data-key=\"rs-138\" data-title=\"Slide\" data-thumb=\"\/\/campusaltea.umh.es\/files\/2017\/02\/2-100x50.jpg\" data-anim=\"ms:600;\" data-in=\"o:0;\" data-out=\"a:false;\">\n\t\t\t\t\t\t\t<img src=\"\/\/campusaltea.umh.es\/wp-content\/plugins\/revslider\/public\/assets\/assets\/dummy.png\" alt=\"\" title=\"Miguel Lorente Boyer\" class=\"rev-slidebg tp-rs-img rs-lazyload\" data-lazyload=\"\/\/campusaltea.umh.es\/files\/2017\/02\/2.jpg\" data-bg=\"f:contain;\" data-no-retina>\n<!--\n\t\t\t\t\t\t\t--><rs-layer\n\t\t\t\t\t\t\t\tid=\"slider-24-slide-138-layer-1\" \n\t\t\t\t\t\t\t\tdata-type=\"text\"\n\t\t\t\t\t\t\t\tdata-color=\"rgba(0,0,0,1)\"\n\t\t\t\t\t\t\t\tdata-rsp_ch=\"on\"\n\t\t\t\t\t\t\t\tdata-xy=\"x:20px;y:20px;\"\n\t\t\t\t\t\t\t\tdata-text=\"s:26;l:22;fw:600;\"\n\t\t\t\t\t\t\t\tdata-frame_0=\"tp:600;\"\n\t\t\t\t\t\t\t\tdata-frame_1=\"tp:600;e:power2.inOut;st:500;\"\n\t\t\t\t\t\t\t\tdata-frame_999=\"o:0;tp:600;e:nothing;st:w;\"\n\t\t\t\t\t\t\t\tstyle=\"z-index:5;font-family:'';\"\n\t\t\t\t\t\t\t>Comic. p. 16. \n\t\t\t\t\t\t\t<\/rs-layer><!--\n\n\t\t\t\t\t\t\t--><rs-layer\n\t\t\t\t\t\t\t\tid=\"slider-24-slide-138-layer-2\" \n\t\t\t\t\t\t\t\tdata-type=\"text\"\n\t\t\t\t\t\t\t\tdata-color=\"rgba(0,0,0,1)\"\n\t\t\t\t\t\t\t\tdata-rsp_ch=\"on\"\n\t\t\t\t\t\t\t\tdata-xy=\"x:20px;y:50px;\"\n\t\t\t\t\t\t\t\tdata-text=\"l:22;\"\n\t\t\t\t\t\t\t\tdata-frame_0=\"tp:600;\"\n\t\t\t\t\t\t\t\tdata-frame_1=\"tp:600;e:power2.inOut;st:500;\"\n\t\t\t\t\t\t\t\tdata-frame_999=\"o:0;tp:600;e:nothing;st:w;\"\n\t\t\t\t\t\t\t\tstyle=\"z-index:6;font-family:'';\"\n\t\t\t\t\t\t\t>2010. 17 x 24 cm. \n\t\t\t\t\t\t\t<\/rs-layer><!--\n-->\t\t\t\t\t\t<\/rs-slide>\n\t\t\t\t\t\t<rs-slide style=\"position: absolute;\" data-key=\"rs-139\" data-title=\"Slide\" data-thumb=\"\/\/campusaltea.umh.es\/files\/2017\/02\/3-100x50.jpg\" data-anim=\"ms:600;\" data-in=\"o:0;\" data-out=\"a:false;\">\n\t\t\t\t\t\t\t<img src=\"\/\/campusaltea.umh.es\/wp-content\/plugins\/revslider\/public\/assets\/assets\/dummy.png\" alt=\"\" title=\"Miguel Lorente Boyer\" class=\"rev-slidebg tp-rs-img rs-lazyload\" data-lazyload=\"\/\/campusaltea.umh.es\/files\/2017\/02\/3.jpg\" data-bg=\"f:contain;\" data-no-retina>\n<!--\n\t\t\t\t\t\t\t--><rs-layer\n\t\t\t\t\t\t\t\tid=\"slider-24-slide-139-layer-1\" \n\t\t\t\t\t\t\t\tdata-type=\"text\"\n\t\t\t\t\t\t\t\tdata-color=\"rgba(0,0,0,1)\"\n\t\t\t\t\t\t\t\tdata-rsp_ch=\"on\"\n\t\t\t\t\t\t\t\tdata-xy=\"x:20px;y:20px;\"\n\t\t\t\t\t\t\t\tdata-text=\"s:26;l:22;fw:600;\"\n\t\t\t\t\t\t\t\tdata-frame_0=\"tp:600;\"\n\t\t\t\t\t\t\t\tdata-frame_1=\"tp:600;e:power2.inOut;st:500;\"\n\t\t\t\t\t\t\t\tdata-frame_999=\"o:0;tp:600;e:nothing;st:w;\"\n\t\t\t\t\t\t\t\tstyle=\"z-index:5;font-family:'';\"\n\t\t\t\t\t\t\t>Despertador.  \n\t\t\t\t\t\t\t<\/rs-layer><!--\n\n\t\t\t\t\t\t\t--><rs-layer\n\t\t\t\t\t\t\t\tid=\"slider-24-slide-139-layer-2\" \n\t\t\t\t\t\t\t\tdata-type=\"text\"\n\t\t\t\t\t\t\t\tdata-color=\"rgba(0,0,0,1)\"\n\t\t\t\t\t\t\t\tdata-rsp_ch=\"on\"\n\t\t\t\t\t\t\t\tdata-xy=\"x:20px;y:50px;\"\n\t\t\t\t\t\t\t\tdata-text=\"w:normal;s:22;l:22;\"\n\t\t\t\t\t\t\t\tdata-dim=\"w:199px;\"\n\t\t\t\t\t\t\t\tdata-frame_0=\"tp:600;\"\n\t\t\t\t\t\t\t\tdata-frame_1=\"tp:600;e:power2.inOut;st:500;\"\n\t\t\t\t\t\t\t\tdata-frame_999=\"o:0;tp:600;e:nothing;st:w;\"\n\t\t\t\t\t\t\t\tstyle=\"z-index:6;font-family:'';\"\n\t\t\t\t\t\t\t>2002. 36 x 26 x 45 cm. Despertador,  metacrilato, hilo. \n\t\t\t\t\t\t\t<\/rs-layer><!--\n-->\t\t\t\t\t\t<\/rs-slide>\n\t\t\t\t\t\t<rs-slide style=\"position: absolute;\" data-key=\"rs-140\" data-title=\"Slide\" data-thumb=\"\/\/campusaltea.umh.es\/files\/2017\/02\/4-100x50.jpg\" data-anim=\"ms:600;\" data-in=\"o:0;\" data-out=\"a:false;\">\n\t\t\t\t\t\t\t<img src=\"\/\/campusaltea.umh.es\/wp-content\/plugins\/revslider\/public\/assets\/assets\/dummy.png\" alt=\"\" title=\"Miguel Lorente Boyer\" class=\"rev-slidebg tp-rs-img rs-lazyload\" data-lazyload=\"\/\/campusaltea.umh.es\/files\/2017\/02\/4.jpg\" data-bg=\"f:contain;\" data-no-retina>\n<!--\n\t\t\t\t\t\t\t--><rs-layer\n\t\t\t\t\t\t\t\tid=\"slider-24-slide-140-layer-1\" \n\t\t\t\t\t\t\t\tdata-type=\"text\"\n\t\t\t\t\t\t\t\tdata-color=\"rgba(0,0,0,1)\"\n\t\t\t\t\t\t\t\tdata-rsp_ch=\"on\"\n\t\t\t\t\t\t\t\tdata-xy=\"x:20px;y:20px;\"\n\t\t\t\t\t\t\t\tdata-text=\"s:26;l:22;fw:600;\"\n\t\t\t\t\t\t\t\tdata-frame_0=\"tp:600;\"\n\t\t\t\t\t\t\t\tdata-frame_1=\"tp:600;e:power2.inOut;st:500;\"\n\t\t\t\t\t\t\t\tdata-frame_999=\"o:0;tp:600;e:nothing;st:w;\"\n\t\t\t\t\t\t\t\tstyle=\"z-index:5;font-family:'';\"\n\t\t\t\t\t\t\t>Hasselblad. \n\t\t\t\t\t\t\t<\/rs-layer><!--\n\n\t\t\t\t\t\t\t--><rs-layer\n\t\t\t\t\t\t\t\tid=\"slider-24-slide-140-layer-2\" \n\t\t\t\t\t\t\t\tdata-type=\"text\"\n\t\t\t\t\t\t\t\tdata-color=\"rgba(0,0,0,1)\"\n\t\t\t\t\t\t\t\tdata-rsp_ch=\"on\"\n\t\t\t\t\t\t\t\tdata-xy=\"x:20px;y:50px;\"\n\t\t\t\t\t\t\t\tdata-text=\"w:normal;s:22;l:22;\"\n\t\t\t\t\t\t\t\tdata-dim=\"w:1213px;\"\n\t\t\t\t\t\t\t\tdata-frame_0=\"tp:600;\"\n\t\t\t\t\t\t\t\tdata-frame_1=\"tp:600;e:power2.inOut;st:500;\"\n\t\t\t\t\t\t\t\tdata-frame_999=\"o:0;tp:600;e:nothing;st:w;\"\n\t\t\t\t\t\t\t\tstyle=\"z-index:6;font-family:'';\"\n\t\t\t\t\t\t\t>2004-2006. Medidas urna 1: 60,5 x 50 x 100 cm. Medidas urna 2: 60,5 x 54 x 72 cm. Medidas urna 3: 60,5 x 42 x 72 cm. C\u00e1mara fotogr\u00e1fica Hasselblad, metacrilato, hilo. \n\t\t\t\t\t\t\t<\/rs-layer><!--\n-->\t\t\t\t\t\t<\/rs-slide>\n\t\t\t\t\t\t<rs-slide style=\"position: absolute;\" data-key=\"rs-141\" data-title=\"Slide\" data-thumb=\"\/\/campusaltea.umh.es\/files\/2017\/02\/5-100x50.jpg\" data-anim=\"ms:600;\" data-in=\"o:0;\" data-out=\"a:false;\">\n\t\t\t\t\t\t\t<img src=\"\/\/campusaltea.umh.es\/wp-content\/plugins\/revslider\/public\/assets\/assets\/dummy.png\" alt=\"\" title=\"Miguel Lorente Boyer\" class=\"rev-slidebg tp-rs-img rs-lazyload\" data-lazyload=\"\/\/campusaltea.umh.es\/files\/2017\/02\/5.jpg\" data-bg=\"f:contain;\" data-no-retina>\n<!--\n\t\t\t\t\t\t\t--><rs-layer\n\t\t\t\t\t\t\t\tid=\"slider-24-slide-141-layer-1\" \n\t\t\t\t\t\t\t\tdata-type=\"text\"\n\t\t\t\t\t\t\t\tdata-color=\"rgba(0,0,0,1)\"\n\t\t\t\t\t\t\t\tdata-rsp_ch=\"on\"\n\t\t\t\t\t\t\t\tdata-xy=\"x:20px;y:20px;\"\n\t\t\t\t\t\t\t\tdata-text=\"s:26;l:22;fw:600;\"\n\t\t\t\t\t\t\t\tdata-frame_0=\"tp:600;\"\n\t\t\t\t\t\t\t\tdata-frame_1=\"tp:600;e:power2.inOut;st:500;\"\n\t\t\t\t\t\t\t\tdata-frame_999=\"o:0;tp:600;e:nothing;st:w;\"\n\t\t\t\t\t\t\t\tstyle=\"z-index:5;font-family:'';\"\n\t\t\t\t\t\t\t>El espacio de Las meninas seg\u00fan \u00c1ngel del Campo. \n\t\t\t\t\t\t\t<\/rs-layer><!--\n\n\t\t\t\t\t\t\t--><rs-layer\n\t\t\t\t\t\t\t\tid=\"slider-24-slide-141-layer-2\" \n\t\t\t\t\t\t\t\tdata-type=\"text\"\n\t\t\t\t\t\t\t\tdata-color=\"rgba(0,0,0,1)\"\n\t\t\t\t\t\t\t\tdata-rsp_ch=\"on\"\n\t\t\t\t\t\t\t\tdata-xy=\"x:20px;y:50px;\"\n\t\t\t\t\t\t\t\tdata-text=\"s:22;l:22;\"\n\t\t\t\t\t\t\t\tdata-frame_0=\"tp:600;\"\n\t\t\t\t\t\t\t\tdata-frame_1=\"tp:600;e:power2.inOut;st:500;\"\n\t\t\t\t\t\t\t\tdata-frame_999=\"o:0;tp:600;e:nothing;st:w;\"\n\t\t\t\t\t\t\t\tstyle=\"z-index:6;font-family:'';\"\n\t\t\t\t\t\t\t>2006. 16 x 32,5 x 102,5 cm. Cart\u00f3n, fotograf\u00eda, espejos, imanes.  \n\t\t\t\t\t\t\t<\/rs-layer><!--\n-->\t\t\t\t\t\t<\/rs-slide>\n\t\t\t\t\t\t<rs-slide style=\"position: absolute;\" data-key=\"rs-142\" data-title=\"Slide\" data-thumb=\"\/\/campusaltea.umh.es\/files\/2017\/02\/6-100x50.jpg\" data-anim=\"ms:600;\" data-in=\"o:0;\" data-out=\"a:false;\">\n\t\t\t\t\t\t\t<img src=\"\/\/campusaltea.umh.es\/wp-content\/plugins\/revslider\/public\/assets\/assets\/dummy.png\" alt=\"\" title=\"Miguel Lorente Boyer\" class=\"rev-slidebg tp-rs-img rs-lazyload\" data-lazyload=\"\/\/campusaltea.umh.es\/files\/2017\/02\/6.jpg\" data-bg=\"f:contain;\" data-no-retina>\n<!--\n\t\t\t\t\t\t\t--><rs-layer\n\t\t\t\t\t\t\t\tid=\"slider-24-slide-142-layer-1\" \n\t\t\t\t\t\t\t\tdata-type=\"text\"\n\t\t\t\t\t\t\t\tdata-color=\"rgba(0,0,0,1)\"\n\t\t\t\t\t\t\t\tdata-rsp_ch=\"on\"\n\t\t\t\t\t\t\t\tdata-xy=\"x:20px;y:20px;\"\n\t\t\t\t\t\t\t\tdata-text=\"s:24;l:22;fw:600;\"\n\t\t\t\t\t\t\t\tdata-frame_0=\"tp:600;\"\n\t\t\t\t\t\t\t\tdata-frame_1=\"tp:600;e:power2.inOut;st:500;\"\n\t\t\t\t\t\t\t\tdata-frame_999=\"o:0;tp:600;e:nothing;st:w;\"\n\t\t\t\t\t\t\t\tstyle=\"z-index:5;font-family:'';\"\n\t\t\t\t\t\t\t>El espacio de Las meninas seg\u00fan \u00c1ngel del Campo. \n\t\t\t\t\t\t\t<\/rs-layer><!--\n\n\t\t\t\t\t\t\t--><rs-layer\n\t\t\t\t\t\t\t\tid=\"slider-24-slide-142-layer-2\" \n\t\t\t\t\t\t\t\tdata-type=\"text\"\n\t\t\t\t\t\t\t\tdata-color=\"rgba(0,0,0,1)\"\n\t\t\t\t\t\t\t\tdata-rsp_ch=\"on\"\n\t\t\t\t\t\t\t\tdata-xy=\"x:20px;y:50px;\"\n\t\t\t\t\t\t\t\tdata-text=\"w:normal;s:22;l:22;\"\n\t\t\t\t\t\t\t\tdata-dim=\"w:285px;h:23px;\"\n\t\t\t\t\t\t\t\tdata-frame_0=\"tp:600;\"\n\t\t\t\t\t\t\t\tdata-frame_1=\"tp:600;e:power2.inOut;st:500;\"\n\t\t\t\t\t\t\t\tdata-frame_999=\"o:0;tp:600;e:nothing;st:w;\"\n\t\t\t\t\t\t\t\tstyle=\"z-index:6;font-family:'';\"\n\t\t\t\t\t\t\t>2006. 16 x 32,5 x 102,5 cm. Cart\u00f3n, fotograf\u00eda, espejos, imanes. Fotograf\u00eda desde el punto de vista. \n\t\t\t\t\t\t\t<\/rs-layer><!--\n-->\t\t\t\t\t\t<\/rs-slide>\n\t\t\t\t\t\t<rs-slide style=\"position: absolute;\" data-key=\"rs-143\" data-title=\"Slide\" data-thumb=\"\/\/campusaltea.umh.es\/files\/2017\/02\/7-100x50.jpg\" data-anim=\"ms:600;\" data-in=\"o:0;\" data-out=\"a:false;\">\n\t\t\t\t\t\t\t<img src=\"\/\/campusaltea.umh.es\/wp-content\/plugins\/revslider\/public\/assets\/assets\/dummy.png\" alt=\"\" title=\"Miguel Lorente Boyer\" class=\"rev-slidebg tp-rs-img rs-lazyload\" data-lazyload=\"\/\/campusaltea.umh.es\/files\/2017\/02\/7.jpg\" data-bg=\"f:contain;\" data-no-retina>\n<!--\n\t\t\t\t\t\t\t--><rs-layer\n\t\t\t\t\t\t\t\tid=\"slider-24-slide-143-layer-1\" \n\t\t\t\t\t\t\t\tdata-type=\"text\"\n\t\t\t\t\t\t\t\tdata-color=\"rgba(0,0,0,1)\"\n\t\t\t\t\t\t\t\tdata-rsp_ch=\"on\"\n\t\t\t\t\t\t\t\tdata-xy=\"x:20px;y:20px;\"\n\t\t\t\t\t\t\t\tdata-text=\"w:normal;s:26;l:22;fw:600;\"\n\t\t\t\t\t\t\t\tdata-dim=\"w:329px;h:23px;\"\n\t\t\t\t\t\t\t\tdata-frame_0=\"tp:600;\"\n\t\t\t\t\t\t\t\tdata-frame_1=\"tp:600;e:power2.inOut;st:500;\"\n\t\t\t\t\t\t\t\tdata-frame_999=\"o:0;tp:600;e:nothing;st:w;\"\n\t\t\t\t\t\t\t\tstyle=\"z-index:5;font-family:'';\"\n\t\t\t\t\t\t\t>El espacio de Las meninas seg\u00fan Bartolom\u00e9 Mestre. \n\t\t\t\t\t\t\t<\/rs-layer><!--\n\n\t\t\t\t\t\t\t--><rs-layer\n\t\t\t\t\t\t\t\tid=\"slider-24-slide-143-layer-2\" \n\t\t\t\t\t\t\t\tdata-type=\"text\"\n\t\t\t\t\t\t\t\tdata-color=\"rgba(0,0,0,1)\"\n\t\t\t\t\t\t\t\tdata-rsp_ch=\"on\"\n\t\t\t\t\t\t\t\tdata-xy=\"x:20px;y:100px;\"\n\t\t\t\t\t\t\t\tdata-text=\"w:normal;s:22;l:22;\"\n\t\t\t\t\t\t\t\tdata-dim=\"w:281px;\"\n\t\t\t\t\t\t\t\tdata-frame_0=\"tp:600;\"\n\t\t\t\t\t\t\t\tdata-frame_1=\"tp:600;e:power2.inOut;st:500;\"\n\t\t\t\t\t\t\t\tdata-frame_999=\"o:0;tp:600;e:nothing;st:w;\"\n\t\t\t\t\t\t\t\tstyle=\"z-index:6;font-family:'';\"\n\t\t\t\t\t\t\t>2006. 19 x 32,5 x 102,5 cm. Cart\u00f3n, fotograf\u00eda. \n\t\t\t\t\t\t\t<\/rs-layer><!--\n-->\t\t\t\t\t\t<\/rs-slide>\n\t\t\t\t\t\t<rs-slide style=\"position: absolute;\" data-key=\"rs-144\" data-title=\"Slide\" data-thumb=\"\/\/campusaltea.umh.es\/files\/2017\/02\/8-100x50.jpg\" data-anim=\"ms:600;\" data-in=\"o:0;\" data-out=\"a:false;\">\n\t\t\t\t\t\t\t<img src=\"\/\/campusaltea.umh.es\/wp-content\/plugins\/revslider\/public\/assets\/assets\/dummy.png\" alt=\"\" title=\"Miguel Lorente Boyer\" class=\"rev-slidebg tp-rs-img rs-lazyload\" data-lazyload=\"\/\/campusaltea.umh.es\/files\/2017\/02\/8.jpg\" data-bg=\"f:contain;\" data-no-retina>\n<!--\n\t\t\t\t\t\t\t--><rs-layer\n\t\t\t\t\t\t\t\tid=\"slider-24-slide-144-layer-1\" \n\t\t\t\t\t\t\t\tdata-type=\"text\"\n\t\t\t\t\t\t\t\tdata-color=\"rgba(0,0,0,1)\"\n\t\t\t\t\t\t\t\tdata-rsp_ch=\"on\"\n\t\t\t\t\t\t\t\tdata-xy=\"x:20px;y:20px;\"\n\t\t\t\t\t\t\t\tdata-text=\"w:normal;s:26;l:22;fw:600;\"\n\t\t\t\t\t\t\t\tdata-dim=\"w:330px;h:23px;\"\n\t\t\t\t\t\t\t\tdata-frame_0=\"tp:600;\"\n\t\t\t\t\t\t\t\tdata-frame_1=\"tp:600;e:power2.inOut;st:500;\"\n\t\t\t\t\t\t\t\tdata-frame_999=\"o:0;tp:600;e:nothing;st:w;\"\n\t\t\t\t\t\t\t\tstyle=\"z-index:5;font-family:'';\"\n\t\t\t\t\t\t\t>El espacio de Las meninas seg\u00fan Bartolom\u00e9 Mestre. \n\t\t\t\t\t\t\t<\/rs-layer><!--\n\n\t\t\t\t\t\t\t--><rs-layer\n\t\t\t\t\t\t\t\tid=\"slider-24-slide-144-layer-2\" \n\t\t\t\t\t\t\t\tdata-type=\"text\"\n\t\t\t\t\t\t\t\tdata-color=\"rgba(0,0,0,1)\"\n\t\t\t\t\t\t\t\tdata-rsp_ch=\"on\"\n\t\t\t\t\t\t\t\tdata-xy=\"x:20px;y:100px;\"\n\t\t\t\t\t\t\t\tdata-text=\"w:normal;s:22;l:22;\"\n\t\t\t\t\t\t\t\tdata-dim=\"w:289px;\"\n\t\t\t\t\t\t\t\tdata-frame_0=\"tp:600;\"\n\t\t\t\t\t\t\t\tdata-frame_1=\"tp:600;e:power2.inOut;st:500;\"\n\t\t\t\t\t\t\t\tdata-frame_999=\"o:0;tp:600;e:nothing;st:w;\"\n\t\t\t\t\t\t\t\tstyle=\"z-index:6;font-family:'';\"\n\t\t\t\t\t\t\t>2006. 19 x 32,5 x 102,5 cm. Cart\u00f3n, fotograf\u00eda. Fotograf\u00eda desde el punto de vista. \n\t\t\t\t\t\t\t<\/rs-layer><!--\n-->\t\t\t\t\t\t<\/rs-slide>\n\t\t\t\t\t<\/rs-slides>\n\t\t\t\t<\/rs-module>\n\t\t\t\t<script>\n\t\t\t\t\tsetREVStartSize({c: 'rev_slider_24_1',rl:[1240,1024,778,480],el:[],gw:[1240],gh:[868],type:'standard',justify:'',layout:'fullwidth',mh:\"0\"});if (window.RS_MODULES!==undefined && window.RS_MODULES.modules!==undefined && window.RS_MODULES.modules[\"revslider241\"]!==undefined) {window.RS_MODULES.modules[\"revslider241\"].once = false;window.revapi24 = undefined;if (window.RS_MODULES.checkMinimal!==undefined) window.RS_MODULES.checkMinimal()}\n\t\t\t\t<\/script>\n\t\t\t<\/rs-module-wrap>\n\t\t\t<!-- END REVOLUTION SLIDER -->\n<br \/>\n<\/div><div class=\"clear\"><\/div><\/p>","protected":false},"excerpt":{"rendered":"Miguel Lorente Boyer Ha trabajado prioritariamente en dos y tres dimensiones, incorporando con frecuencia textos escritos como parte de sus obras. Tambi\u00e9n ha utilizado otros formatos como el v\u00eddeo, la performance, el arte postal y otros. Entre las caracter\u00edsticas constantes de su labor como artista cabe destacar la atenci\u00f3n prestada al conocimiento cient\u00edfico y el [...]","protected":false},"author":469,"featured_media":0,"parent":3949,"menu_order":0,"comment_status":"closed","ping_status":"open","template":"","meta":{"_links_to":"","_links_to_target":""},"_links":{"self":[{"href":"https:\/\/campusaltea.umh.es\/es\/wp-json\/wp\/v2\/pages\/4124"}],"collection":[{"href":"https:\/\/campusaltea.umh.es\/es\/wp-json\/wp\/v2\/pages"}],"about":[{"href":"https:\/\/campusaltea.umh.es\/es\/wp-json\/wp\/v2\/types\/page"}],"author":[{"embeddable":true,"href":"https:\/\/campusaltea.umh.es\/es\/wp-json\/wp\/v2\/users\/469"}],"replies":[{"embeddable":true,"href":"https:\/\/campusaltea.umh.es\/es\/wp-json\/wp\/v2\/comments?post=4124"}],"version-history":[{"count":0,"href":"https:\/\/campusaltea.umh.es\/es\/wp-json\/wp\/v2\/pages\/4124\/revisions"}],"up":[{"embeddable":true,"href":"https:\/\/campusaltea.umh.es\/es\/wp-json\/wp\/v2\/pages\/3949"}],"wp:attachment":[{"href":"https:\/\/campusaltea.umh.es\/es\/wp-json\/wp\/v2\/media?parent=4124"}],"curies":[{"name":"wp","href":"https:\/\/api.w.org\/{rel}","templated":true}]}}