{"id":4079,"date":"2016-10-13T19:29:48","date_gmt":"2016-10-13T19:29:48","guid":{"rendered":"http:\/\/campusaltea.umh.es\/?page_id=4079"},"modified":"2020-03-26T10:12:59","modified_gmt":"2020-03-26T10:12:59","slug":"pilar-escanero-de-miguel","status":"publish","type":"page","link":"https:\/\/campusaltea.umh.es\/es\/pilar-escanero-de-miguel\/","title":{"rendered":"Pilar Escanero de Miguel"},"content":{"rendered":"<p><div  class=\"ut-one-half  \">\n<p><a href=\"http:\/\/campusaltea.umh.es\/files\/2016\/10\/Pilar-Escanero2.jpg\"><img loading=\"lazy\" class=\" wp-image-4081 size-full alignleft\" src=\"http:\/\/campusaltea.umh.es\/files\/2016\/10\/Pilar-Escanero2.jpg\" alt=\"\" width=\"750\" height=\"1000\" srcset=\"https:\/\/campusaltea.umh.es\/files\/2016\/10\/Pilar-Escanero2.jpg 750w, https:\/\/campusaltea.umh.es\/files\/2016\/10\/Pilar-Escanero2-225x300.jpg 225w\" sizes=\"(max-width: 750px) 100vw, 750px\" \/><\/a><\/p>\n<\/div>\n<div  class=\"ut-one-half ut-column-last  \">\n<h4>Pilar Escanero de Miguel<\/h4>\n<p><span style=\"font-weight: 400;\">Desde 2018 forma parte del equipo de investigaci\u00f3n con proyecto I+D+i \u201cLa modernidad parad\u00f3jica: experiencia art\u00edstica y tur\u00edstica en la Espa\u00f1a desarrollista (1959-1975)\u201d. <\/span><span style=\"font-weight: 400;\">Grupo de Investigaci\u00f3n TURICOM: Turismo, Cuerpo y Muerte en la cultura del ocio.<\/span><\/p>\n<p><span style=\"font-weight: 400;\">Sus investigaciones, se han desarrollado en el \u00e1mbito del arte contempor\u00e1neo, concretamente en los temas de g\u00e9nero y territorio y paisaje, as\u00ed como la cr\u00edtica de arte. Actualmente, ha abierto su campo de actuaci\u00f3n investigadora al Turismo-Arte-Publicidad-Comunicaci\u00f3n y Carteles.\u00a0<\/span><\/p>\n<p><span style=\"font-weight: 400;\">Ha dirigido las seis ediciones internacionales de los Congresos Support\/Surface, celebrados en la UMH entre 2009 y 2014.<\/span><\/p>\n<p><span style=\"font-weight: 400;\">Ha sido desde 1996 Comisaria de Exposiciones y desde su fundaci\u00f3n en 2013, es miembro del Consejo Interuniversitario Valenciano de Historia del Arte, CIVHA.<\/span><\/p>\n<\/div><div class=\"clear\"><\/div>\n<hr \/>\n<div  class=\"ut-one-half  \">\n<h5>Informaci\u00f3n adicional<\/h5>\n<div id=\"ut-accordion-parent-1\" class=\"ut-accordion\"><div class=\"ut-accordion-group\"> <div class=\"ut-accordion-heading \"><a data-parent=\"#ut-accordion-parent-1\" class=\"accordion-toggle collapsed \" data-toggle=\"collapse\" data-target=\"#accordion0\">Campos de Interes<\/a><\/div><div id=\"accordion0\" class=\"ut-accordion-body collapse\"><div class=\"ut-accordion-inner entry-content clearfix\">\n<ul>\n<li>Pintura contempor\u00e1nea y cr\u00edtica de arte.<\/li>\n<li>Temas de g\u00e9nero.<\/li>\n<li><span style=\"font-weight: 400;\">Turismo-Arte-Publicidad-Comunicaci\u00f3n y Carteles<\/span><span style=\"font-weight: 400;\">.<\/span><\/li>\n<\/ul>\n<\/div><\/div>\n<div id=\"ut-accordion-parent-2\" class=\"ut-accordion\"><div class=\"ut-accordion-group\"><\/div><\/div> <div class=\"ut-accordion-heading \"><a data-parent=\"#ut-accordion-parent-2\" class=\"accordion-toggle collapsed \" data-toggle=\"collapse\" data-target=\"#accordion1\">Estudios<\/a><\/div><div id=\"accordion1\" class=\"ut-accordion-body collapse\"><div class=\"ut-accordion-inner entry-content clearfix\">\n<ul>\n<li>Licenciada en Geograf\u00eda e Historia, especialidad Historia del Arte por la Facultad de Geograf\u00eda e Historia, Universidad Complutense de Madrid, 1978.<\/li>\n<li>Biblioteconom\u00eda y Archiv\u00edstica, Instituto de Ciencias de la Educaci\u00f3n, Universidad de Alicante, 320 horas, 1980.<\/li>\n<li>First Certificate in English, Universidad de Cambridge, 1988.<\/li>\n<li>Doctora en Bellas Artes por el Departamento de Arte, Ciencias Sociales y Jur\u00eddicas, Universidad Miguel Hern\u00e1ndez,1999.<\/li>\n<li>Experto Universitario en Artes Visuales: fotograf\u00eda y acci\u00f3n creativa, Universidad Miguel Hern\u00e1ndez, 2010.<\/li>\n<\/ul>\n<\/div><\/div>\n<div id=\"ut-accordion-parent-3\" class=\"ut-accordion\"><div class=\"ut-accordion-group\"><\/div><\/div> <div class=\"ut-accordion-heading \"><a data-parent=\"#ut-accordion-parent-3\" class=\"accordion-toggle collapsed \" data-toggle=\"collapse\" data-target=\"#accordion2\">Tesis doctoral<\/a><\/div><div id=\"accordion2\" class=\"ut-accordion-body collapse\"><div class=\"ut-accordion-inner entry-content clearfix\">\n<p><em>Aproximaci\u00f3n a la vida y la obra de Xavier Soler, 1999, cum laude.<\/em><\/p>\n<\/div><\/div>\n<div id=\"ut-accordion-parent-4\" class=\"ut-accordion\"><div class=\"ut-accordion-group\"><\/div><\/div> <div class=\"ut-accordion-heading \"><a data-parent=\"#ut-accordion-parent-4\" class=\"accordion-toggle collapsed \" data-toggle=\"collapse\" data-target=\"#accordion3\">Docencia<\/a><\/div><div id=\"accordion3\" class=\"ut-accordion-body collapse\"><div class=\"ut-accordion-inner entry-content clearfix\">\n<ul>\n<li>Profesora Asociada de Historia del Arte, Universidad de Alicante, Department of Council on International Educational Exchange Lenguage and Area Studies Program, 1990 &#8211; 1995.<\/li>\n<li>Profesora del M\u00e1ster en Estudios Contempor\u00e1neos e Investigaci\u00f3n Avanzada. M\u00e1ster procedente de un programa de doctorado con Menci\u00f3n de Calidad del Ministerio de Educaci\u00f3n y Ciencia, El valor del Arte. La rentabilidad del Arte, Universidad Jaume I, Castell\u00f3n, 2007-2009.<\/li>\n<li>Profesora del M\u00e1ster en Conservaci\u00f3n y Exhibici\u00f3n del Arte Contempor\u00e1neo CYXAC, Universidad del Pa\u00eds Vasco, \u201cContenido y Discurso Expositivo\u201d , 2011\/Actualidad.<\/li>\n<li>Profesora de EFTI Centro Internacional de Fotograf\u00eda y Cine, Madrid, 2018.<\/li>\n<li style=\"font-weight: 400;\"><span style=\"font-weight: 400;\">Profesora de Escuela Apertura, M\u00e1laga, 2019-<\/span><\/li>\n<li style=\"font-weight: 400;\"><span style=\"font-weight: 400;\">Profesora del Centro de Fotograf\u00eda Contempor\u00e1nea de Bilbao (CFC), Bilbao 2019-<\/span><\/li>\n<\/ul>\n<\/div><\/div>\n<div id=\"ut-accordion-parent-5\" class=\"ut-accordion\"><div class=\"ut-accordion-group\"><\/div><\/div> <div class=\"ut-accordion-heading \"><a data-parent=\"#ut-accordion-parent-5\" class=\"accordion-toggle collapsed \" data-toggle=\"collapse\" data-target=\"#accordion4\">L\u00edneas de investigaci\u00f3n<\/a><\/div><div id=\"accordion4\" class=\"ut-accordion-body collapse\"><div class=\"ut-accordion-inner entry-content clearfix\">\n<ul>\n<li>Las mujeres artistas a trav\u00e9s de la Historia del Arte.<\/li>\n<li>Turismo-Arte-Publicidad-Comunicaci\u00f3n y Carteles.<\/li>\n<\/ul>\n<\/div><\/div>\n<div id=\"ut-accordion-parent-6\" class=\"ut-accordion\"><div class=\"ut-accordion-group\"><\/div><\/div> <div class=\"ut-accordion-heading \"><a data-parent=\"#ut-accordion-parent-6\" class=\"accordion-toggle collapsed \" data-toggle=\"collapse\" data-target=\"#accordion5\">Libros<\/a><\/div><div id=\"accordion5\" class=\"ut-accordion-body collapse\"><div class=\"ut-accordion-inner entry-content clearfix\">\n<ul>\n<li>Escanero de Miguel, Pilar, <em>El texto de arte. Instrucciones de uso, <\/em>Editorial Sind\u00e9resis, Madrid, 2017<\/li>\n<li>Escanero de Miguel, Pilar, <em>M\u00fasicas en un cartel. Imagen del Festival de Jazz de San Javier, <\/em>Edita Ayuntamiento de San Javier, 2017<\/li>\n<li>Escanero de Miguel, Pilar, <em>Support\/Surface<\/em>. <em>El sentido de la piel: soporte y desvelamiento<\/em>. Ekfrasis &#038; Suoiatura, cap\u00edtulo de libro, Editorial Fundaci\u00f3n Ca\u00f1ada Blanch, Valencia, 2014.<\/li>\n<li>Escanero de Miguel, PilaAr, <em>La mujer y el arte. Pintoras y escultoras canarias<\/em>, Caja de Ahorros de Canarias, Las Palmas de Gran Canaria, 2007.<\/li>\n<li>Escanero de Miguel, Pilar, <em>El mundo mediterr\u00e1neo espa\u00f1ol<\/em>, cap\u00edtulo de libro, Caja de Ahorros del Mediterr\u00e1neo, Alicante, 2001.<\/li>\n<li>Escanero de Miguel, Pilar, <em>Reflexiones<\/em>, Editorial Gr\u00e1ficas D\u00edaz, S. L. Alicante, 2000.<\/li>\n<li>Escanero de Miguel, Pilar, <em>Yoriyasu Masuda<\/em>, Consorcio de Museos de la Comunidad Valenciana, Direcci\u00f3n General de Promoci\u00f3n Cultural, Museos y Bellas Artes de la Generalitat Valenciana, Valencia, 1999.<\/li>\n<\/ul>\n<\/div><\/div>\n<div id=\"ut-accordion-parent-7\" class=\"ut-accordion\"><div class=\"ut-accordion-group\"><\/div><\/div> <div class=\"ut-accordion-heading \"><a data-parent=\"#ut-accordion-parent-7\" class=\"accordion-toggle collapsed \" data-toggle=\"collapse\" data-target=\"#accordion6\">Art\u00edculos en revistas<\/a><\/div><div id=\"accordion6\" class=\"ut-accordion-body collapse\"><div class=\"ut-accordion-inner entry-content clearfix\">\n<ul>\n<li>Escanero de Miguel, Pilar, \u201cEn el estudio de Eberhard Schlotter, en la frontera de la libertad\u201d, <em>Descubrir el Arte<\/em>, n\u00ba 12, Madrid, 2008.<\/li>\n<\/ul>\n<\/div><\/div>\n<div id=\"ut-accordion-parent-8\" class=\"ut-accordion\"><div class=\"ut-accordion-group\"><\/div><\/div> <div class=\"ut-accordion-heading \"><a data-parent=\"#ut-accordion-parent-8\" class=\"accordion-toggle collapsed \" data-toggle=\"collapse\" data-target=\"#accordion7\">Premios y Becas<\/a><\/div><div id=\"accordion7\" class=\"ut-accordion-body collapse\"><div class=\"ut-accordion-inner entry-content clearfix\">\n<ul>\n<li>Beca de la Caja Insular de Ahorros de Canarias para el establecimiento de la Obra Social en Colaboraci\u00f3n \u201cProyecto Mujeres Artistas Canarias\u201d, Las Palmas de Gran Canaria, 2003.<\/li>\n<li>Premio Extraordinario de Doctorado con la Resoluci\u00f3n Rectoral de 17 de enero de 2005, Universidad Miguel Hern\u00e1ndez.<\/li>\n<\/ul>\n<\/div><\/div>\n<div id=\"ut-accordion-parent-9\" class=\"ut-accordion\"><div class=\"ut-accordion-group\"><\/div><\/div> <div class=\"ut-accordion-heading \"><a data-parent=\"#ut-accordion-parent-9\" class=\"accordion-toggle collapsed \" data-toggle=\"collapse\" data-target=\"#accordion8\">Comisariados<\/a><\/div><div id=\"accordion8\" class=\"ut-accordion-body collapse\"><div class=\"ut-accordion-inner entry-content clearfix\">\n<ul>\n<li><i><span style=\"font-weight: 400;\">Huellas* Di\u00e1logos * Comunidad. Identidades fotogr\u00e1ficas. <\/span><\/i><span style=\"font-weight: 400;\">Sala de la Diputaci\u00f3n de Alicante. Gobierno Provincial de Alicante. 2019, cat\u00e1logo.<\/span><\/li>\n<li><em>Una mirada al arte espa\u00f1ol contempor\u00e1neo. Colecci\u00f3n Arudecas, <\/em>Museo el Mercado, Ayuntamiento de Villanueva de los Infantes, 2018, cat\u00e1logo.<\/li>\n<li><em>Cartas de Sicilia. Im\u00e1genes contempor\u00e1neas,<\/em> Sala de la Diputaci\u00f3n de Alicante, Alicante, 2018, cat\u00e1logo.<\/li>\n<li><em>8 PROYECTOS<\/em>, Sala de Exposiciones del Club Informaci\u00f3n, Alicante, 2014, cat\u00e1logo.<\/li>\n<li><em>Bernia Grupo de Investigaci\u00f3n<\/em>, Fundaci\u00f3n Bilbao Arte, Bilbao, 2009, cat\u00e1logo.<\/li>\n<li><em>Llu\u00cfsa Sim\u00f2n i Gispert\u2026 de pr\u00f3ceres y equinos<\/em>, Galer\u00eda Claudine Hohl, Zurich, Suiza, 2004, cat\u00e1logo.<\/li>\n<li><em>Exposici\u00f3n antol\u00f3gica de Eberhard Schlotter<\/em>, Sala de exposiciones de la Caja de Ahorros del Mediterr\u00e1neo, Alicante, 2000\/2001, cat\u00e1logo.<\/li>\n<li><em>Yoriyasu Masuda<\/em>, Museo de la Ciudad de Valencia, Conseller\u00eda de Cultura, Educaci\u00f3n y Ciencia, Generalitat Valenciana, 1999, cat\u00e1logo.<\/li>\n<\/ul>\n<\/div><\/div>\n<div id=\"ut-accordion-parent-10\" class=\"ut-accordion\"><div class=\"ut-accordion-group\"><\/div><\/div> <div class=\"ut-accordion-heading \"><a data-parent=\"#ut-accordion-parent-10\" class=\"accordion-toggle collapsed \" data-toggle=\"collapse\" data-target=\"#accordion9\">Otros<\/a><\/div><div id=\"accordion9\" class=\"ut-accordion-body collapse\"><div class=\"ut-accordion-inner entry-content clearfix\">\n<ul>\n<li style=\"font-weight: 400;\"><span style=\"font-weight: 400;\">Ha dirigido once tesis doctorales, todas con calificaci\u00f3n de sobresaliente cum laude.<\/span><\/li>\n<li style=\"font-weight: 400;\"><span style=\"font-weight: 400;\">Evaluadora de la Revista Stoa del Centro de Investigaci\u00f3n de la Facultad de Arquitectura y Urbanismo de la Universidad de Cuenca, Ecuador, 2017<\/span><\/li>\n<li style=\"font-weight: 400;\"><span style=\"font-weight: 400;\">Miembro del Comit\u00e9 Cient\u00edfico de la Editorial Sind\u00e9resis con sede en Madrid y en Porto, Portugal, 2016.<\/span><\/li>\n<li>Ha dirigido ocho tesis doctorales, todas con calificaci\u00f3n cum laude.<\/li>\n<li>Evaluadora cient\u00edfica de Saitabi. Revista de la Facultad de Geograf\u00eda e Historia, 2014.<\/li>\n<li>Asesora en la emisi\u00f3n de informe previo de UNIBASQ (Agencia de Evaluaci\u00f3n de la Calidad y Acreditaci\u00f3n del Sistema Universitario Vasco) de los planes de estudio de titulaciones de m\u00e1steres, 2013.<\/li>\n<li>Asesora en la emisi\u00f3n de informe previo de los planes de estudio de titulaciones de m\u00e1ster 2012-2013, para UNIBASQ (Agencia de Evaluaci\u00f3n de la Calidad y Acreditaci\u00f3n del Sistema Universitario Vasco), 2012.<\/li>\n<li>Evaluadora de propuestas de M\u00e1steres Universitarios Oficiales 2010-2011 para UNIQUAL (Agencia de Evaluaci\u00f3n de la Calidad y Acreditaci\u00f3n del Sistema Universitario Vasco.<\/li>\n<li>Miembro del Comit\u00e9 Cient\u00edfico de la Editorial Sind\u00e9resis con sede en Madrid y en Porto, Portugal, 2016.<\/li>\n<li>Madrina de Sean Scully como Doctor Honoris Causa por la Universidad Miguel Hern\u00e1ndez, Elche, 2007.<\/li>\n<\/ul>\n<\/div><\/div>\n<\/div><\/div>\n<\/div>\n<div  class=\"ut-one-half ut-column-last  \">\n<\/div><div class=\"clear\"><\/div><\/p>","protected":false},"excerpt":{"rendered":"Pilar Escanero de Miguel Desde 2018 forma parte del equipo de investigaci\u00f3n con proyecto I+D+i \u201cLa modernidad parad\u00f3jica: experiencia art\u00edstica y tur\u00edstica en la Espa\u00f1a desarrollista (1959-1975)\u201d. Grupo de Investigaci\u00f3n TURICOM: Turismo, Cuerpo y Muerte en la cultura del ocio. Sus investigaciones, se han desarrollado en el \u00e1mbito del arte contempor\u00e1neo, concretamente en los temas [...]","protected":false},"author":469,"featured_media":0,"parent":0,"menu_order":0,"comment_status":"closed","ping_status":"open","template":"","meta":{"_links_to":"","_links_to_target":""},"_links":{"self":[{"href":"https:\/\/campusaltea.umh.es\/es\/wp-json\/wp\/v2\/pages\/4079"}],"collection":[{"href":"https:\/\/campusaltea.umh.es\/es\/wp-json\/wp\/v2\/pages"}],"about":[{"href":"https:\/\/campusaltea.umh.es\/es\/wp-json\/wp\/v2\/types\/page"}],"author":[{"embeddable":true,"href":"https:\/\/campusaltea.umh.es\/es\/wp-json\/wp\/v2\/users\/469"}],"replies":[{"embeddable":true,"href":"https:\/\/campusaltea.umh.es\/es\/wp-json\/wp\/v2\/comments?post=4079"}],"version-history":[{"count":0,"href":"https:\/\/campusaltea.umh.es\/es\/wp-json\/wp\/v2\/pages\/4079\/revisions"}],"wp:attachment":[{"href":"https:\/\/campusaltea.umh.es\/es\/wp-json\/wp\/v2\/media?parent=4079"}],"curies":[{"name":"wp","href":"https:\/\/api.w.org\/{rel}","templated":true}]}}