{"id":3802,"date":"2016-09-28T18:43:52","date_gmt":"2016-09-28T18:43:52","guid":{"rendered":"http:\/\/campusaltea.umh.es\/?page_id=3802"},"modified":"2017-01-10T11:17:17","modified_gmt":"2017-01-10T11:17:17","slug":"grupo-de-investigacion-bernia","status":"publish","type":"page","link":"https:\/\/campusaltea.umh.es\/es\/el-campus-2\/grupo-de-investigacion-bernia\/","title":{"rendered":"Grupo de investigaci\u00f3n Bernia"},"content":{"rendered":"<p><\/p>\n<h2>Grupo de investigaci\u00f3n Bernia<\/h2>\n<p>El Grupo de Investigaci\u00f3n consolidado Bernia parte de agrupar los \u00e1mbitos donde aparezca el concepto de soporte en el siglo XXI al margen de los tres g\u00e9neros cl\u00e1sicos de la pintura, la escultura y la arquitectura, entendiendo el soporte como parte de las intervenciones en la naturaleza, como el Dessiner sur l&#8217;herbe en la arquitectura, la ciudad y el paisaje, como parte de la Re-presentaci\u00f3n del Dibujo, donde tiene incluso cabida la Construcci\u00f3n Literaria en las po\u00e9ticas de la naturaleza.<\/p>\n<p>L\u00edneas de investigaci\u00f3n:<\/p>\n<ul>\n<li>El Grupo Bernia sigue una l\u00ednea de investigaci\u00f3n sobre el soporte en las artes pl\u00e1sticas, pasando a considerar no s\u00f3lo el papel como medio del dibujo como concepto, como pensamiento, sino as\u00ed mismo el terroir, el terreno como soporte tanto de la escultura como de la jardiner\u00eda contempor\u00e1nea, siguiendo la l\u00ednea de investigaci\u00f3n de Dessiner sur l&#8217;herbe del profesor Renato Bocchi de la Universidad de Venecia.<\/li>\n<\/ul>\n<p><\/p>","protected":false},"excerpt":{"rendered":"<p>Grupo de investigaci\u00f3n Bernia El Grupo de Investigaci\u00f3n consolidado Bernia parte de agrupar los \u00e1mbitos donde aparezca el concepto de soporte en el siglo XXI al margen de los tres g\u00e9neros cl\u00e1sicos de la pintura, la escultura y la arquitectura, entendiendo el soporte como parte de las intervenciones en la naturaleza, como el Dessiner sur [&hellip;]<\/p>\n","protected":false},"author":469,"featured_media":0,"parent":3530,"menu_order":0,"comment_status":"closed","ping_status":"open","template":"","meta":{"_links_to":"","_links_to_target":""},"_links":{"self":[{"href":"https:\/\/campusaltea.umh.es\/es\/wp-json\/wp\/v2\/pages\/3802"}],"collection":[{"href":"https:\/\/campusaltea.umh.es\/es\/wp-json\/wp\/v2\/pages"}],"about":[{"href":"https:\/\/campusaltea.umh.es\/es\/wp-json\/wp\/v2\/types\/page"}],"author":[{"embeddable":true,"href":"https:\/\/campusaltea.umh.es\/es\/wp-json\/wp\/v2\/users\/469"}],"replies":[{"embeddable":true,"href":"https:\/\/campusaltea.umh.es\/es\/wp-json\/wp\/v2\/comments?post=3802"}],"version-history":[{"count":0,"href":"https:\/\/campusaltea.umh.es\/es\/wp-json\/wp\/v2\/pages\/3802\/revisions"}],"up":[{"embeddable":true,"href":"https:\/\/campusaltea.umh.es\/es\/wp-json\/wp\/v2\/pages\/3530"}],"wp:attachment":[{"href":"https:\/\/campusaltea.umh.es\/es\/wp-json\/wp\/v2\/media?parent=3802"}],"curies":[{"name":"wp","href":"https:\/\/api.w.org\/{rel}","templated":true}]}}