{"id":3799,"date":"2016-09-28T18:41:37","date_gmt":"2016-09-28T18:41:37","guid":{"rendered":"http:\/\/campusaltea.umh.es\/?page_id=3799"},"modified":"2017-02-23T11:27:53","modified_gmt":"2017-02-23T11:27:53","slug":"grupo-de-investigacion-fidex-figuras-del-exceso-y-politicas-del-cuerpo","status":"publish","type":"page","link":"https:\/\/campusaltea.umh.es\/es\/el-campus-2\/grupo-de-investigacion-fidex-figuras-del-exceso-y-politicas-del-cuerpo\/","title":{"rendered":"Grupo de investigaci\u00f3n FIDEX, Figuras del Exceso y Pol\u00edticas del Cuerpo"},"content":{"rendered":"<p><\/p>\n<h2>FIDEX, Figuras del Exceso y Pol\u00edticas del Cuerpo<\/h2>\n<p>Se trata de un grupo consolidado de investigaci\u00f3n que parte entre sus objetivos del an\u00e1lisis de las estructuras generadoras de las identidades sociales, profundizando en los mecanismos de la relaci\u00f3n cuerpo-sexo-g\u00e9nero-sexualidad as\u00ed como en sus correlaciones estancas preestablecidas para aplicarlas no solo a la producci\u00f3n te\u00f3rica, sino a su materializaci\u00f3n art\u00edstica. Cuenta entre sus objetivos analizar las estructuras generadoras de las identidades sociales.<\/p>\n<p>L\u00edneas de investigaci\u00f3n:<\/p>\n<ul>\n<li>(Auto)producciones er\u00f3ticas y representaci\u00f3n del cuerpo adolescente en la web 2.0.<\/li>\n<li>BDSM. El sadomasoquismo considerado como una de las Bellas Artes.<\/li>\n<li>Cuerpos escult\u00f3ricos y pr\u00e1cticas sexuales.<\/li>\n<li>El cuerpo confeccionado. Identidades abiertas y\/o cerradas.<\/li>\n<li>El negativo y el positivo escult\u00f3ricos: cuerpo, sexo, g\u00e9nero y sexualidad.<\/li>\n<li>Gr\u00e1ficas mentales, artefactos y otras formas de expresi\u00f3n en seres fuera de norma.<\/li>\n<li>La materializaci\u00f3n de las pulsiones en la creaci\u00f3n art\u00edstica. T\u00e9cnicas y procedimientos aplicados al campo de la creaci\u00f3n.<\/li>\n<li>Performance y activismo: acci\u00f3n y (re)acci\u00f3n.<\/li>\n<li>Representaciones disidentes de masculinidad y feminidad en la fotograf\u00eda y en la ilustraci\u00f3n. Contaminaciones entre el feminismo, los estudios culturales y los estudios visuales.<\/li>\n<li>Territorios del deseo: aproximaciones a una representaci\u00f3n del cuerpo como sin\u00f3nimo de posesi\u00f3n y\/o fetiche. Juegos del placer sin la necesidad de las categor\u00edas del sexo ni del g\u00e9nero.<\/li>\n<\/ul>\n<p>Contacto:<br \/>\n<a href=\"mailto:javier.morenop@goumh.umh.es\">javier.morenop@goumh.umh.es<\/a><br \/>\n<a href=\"http:\/\/fidex.umh.es\">http:\/\/fidex.umh.es<\/a><\/p>","protected":false},"excerpt":{"rendered":"<p>FIDEX, Figuras del Exceso y Pol\u00edticas del Cuerpo Se trata de un grupo consolidado de investigaci\u00f3n que parte entre sus objetivos del an\u00e1lisis de las estructuras generadoras de las identidades sociales, profundizando en los mecanismos de la relaci\u00f3n cuerpo-sexo-g\u00e9nero-sexualidad as\u00ed como en sus correlaciones estancas preestablecidas para aplicarlas no solo a la producci\u00f3n te\u00f3rica, sino [&hellip;]<\/p>\n","protected":false},"author":469,"featured_media":0,"parent":3530,"menu_order":0,"comment_status":"closed","ping_status":"open","template":"","meta":{"_links_to":"","_links_to_target":""},"_links":{"self":[{"href":"https:\/\/campusaltea.umh.es\/es\/wp-json\/wp\/v2\/pages\/3799"}],"collection":[{"href":"https:\/\/campusaltea.umh.es\/es\/wp-json\/wp\/v2\/pages"}],"about":[{"href":"https:\/\/campusaltea.umh.es\/es\/wp-json\/wp\/v2\/types\/page"}],"author":[{"embeddable":true,"href":"https:\/\/campusaltea.umh.es\/es\/wp-json\/wp\/v2\/users\/469"}],"replies":[{"embeddable":true,"href":"https:\/\/campusaltea.umh.es\/es\/wp-json\/wp\/v2\/comments?post=3799"}],"version-history":[{"count":0,"href":"https:\/\/campusaltea.umh.es\/es\/wp-json\/wp\/v2\/pages\/3799\/revisions"}],"up":[{"embeddable":true,"href":"https:\/\/campusaltea.umh.es\/es\/wp-json\/wp\/v2\/pages\/3530"}],"wp:attachment":[{"href":"https:\/\/campusaltea.umh.es\/es\/wp-json\/wp\/v2\/media?parent=3799"}],"curies":[{"name":"wp","href":"https:\/\/api.w.org\/{rel}","templated":true}]}}