{"id":3796,"date":"2016-09-28T18:38:43","date_gmt":"2016-09-28T18:38:43","guid":{"rendered":"http:\/\/campusaltea.umh.es\/?page_id=3796"},"modified":"2017-02-22T09:09:06","modified_gmt":"2017-02-22T09:09:06","slug":"laboratorio-de-arte-cultura-visual-tecnologia-y-educacion","status":"publish","type":"page","link":"https:\/\/campusaltea.umh.es\/es\/el-campus-2\/laboratorio-de-arte-cultura-visual-tecnologia-y-educacion\/","title":{"rendered":"Laboratorio de Arte, Cultura Visual, Tecnolog\u00eda y Educaci\u00f3n"},"content":{"rendered":"<p><\/p>\n<h2>Laboratorio de Arte, Cultura Visual, Tecnolog\u00eda y Educaci\u00f3n.<\/h2>\n<p>El Laboratorio de Interferencias Art\u00edsticas y Mediales (IAMLab) es un grupo de investigaci\u00f3n emergente, centrado en la experimentaci\u00f3n y la indagaci\u00f3n de pr\u00e1cticas art\u00edsticas intermedia y transmedia. Con especial atenci\u00f3n a los tr\u00e1nsitos entre las disciplinas tradicionales, lo audiovisual, lo sonoro, lo performativo y las nuevas tecnolog\u00edas.<\/p>\n<p>Los intereses del grupo se inscriben en el \u00e1mbito de la cultura visual, el arte p\u00fablico y de contexto, las po\u00e9ticas procesuales, las pr\u00e1cticas colaborativas y los procesos pedag\u00f3gicos.<\/p>\n<p>L\u00edneas de investigaci\u00f3n:<\/p>\n<ul>\n<li>Investigaci\u00f3n sobre procesos creativos y pr\u00e1cticas de arte contempor\u00e1neo en el<br \/>\ncontexto de la cultura visual. Construcci\u00f3n-deconstrucci\u00f3n de significados sociales de la imagen y sus contribuciones a la identidad cultural.<\/li>\n<li>Investigaci\u00f3n sobre pr\u00e1cticas hipermedia: intersecci\u00f3n entre arte, ciencia y tecnolog\u00eda. Centrada en el arte p\u00fablico, el reciclaje, la fotograf\u00eda y las nuevas tecnolog\u00edas como herramientas modificadoras del entorno.<\/li>\n<li>Pr\u00e1cticas art\u00edsticas colaborativas y cultura visual: investigaci\u00f3n y experimentaci\u00f3n sobre procesos colaborativos aplicados a la producci\u00f3n de pr\u00e1cticas art\u00edsticas intermedia y transmedia, en el \u00e1mbito de la cultura visual y arte de contexto.<\/li>\n<li>Pr\u00e1cticas h\u00edbridas del audiovisual: Investigaci\u00f3n y experimentaci\u00f3n sobre las intersecciones entre la tecnolog\u00eda audiovisual y las artes.<\/li>\n<li>Pr\u00e1cticas procesuales. Experiencia y actitud como hecho art\u00edstico. Investigaci\u00f3n sobre los procesos y las actitudes dentro de la creaci\u00f3n y su relaci\u00f3n con las diferentes disciplinas y las nuevas tecnolog\u00edas. La creaci\u00f3n como v\u00eda de conocimiento y experiencia viva. Relaci\u00f3n con la m\u00edstica y la filosof\u00eda del l\u00edmite.<\/li>\n<li>Pr\u00e1cticas transmedia: investigaci\u00f3n sobre Arte, medios de comunicaci\u00f3n y cultura digital.<\/li>\n<\/ul>\n<p>Contacto: <a href=\"mailto:tmarin@umh.es\">tmarin@umh.es<\/a><\/p>","protected":false},"excerpt":{"rendered":"<p>Laboratorio de Arte, Cultura Visual, Tecnolog\u00eda y Educaci\u00f3n. El Laboratorio de Interferencias Art\u00edsticas y Mediales (IAMLab) es un grupo de investigaci\u00f3n emergente, centrado en la experimentaci\u00f3n y la indagaci\u00f3n de pr\u00e1cticas art\u00edsticas intermedia y transmedia. Con especial atenci\u00f3n a los tr\u00e1nsitos entre las disciplinas tradicionales, lo audiovisual, lo sonoro, lo performativo y las nuevas tecnolog\u00edas. [&hellip;]<\/p>\n","protected":false},"author":469,"featured_media":0,"parent":3530,"menu_order":0,"comment_status":"closed","ping_status":"open","template":"","meta":{"_links_to":"","_links_to_target":""},"_links":{"self":[{"href":"https:\/\/campusaltea.umh.es\/es\/wp-json\/wp\/v2\/pages\/3796"}],"collection":[{"href":"https:\/\/campusaltea.umh.es\/es\/wp-json\/wp\/v2\/pages"}],"about":[{"href":"https:\/\/campusaltea.umh.es\/es\/wp-json\/wp\/v2\/types\/page"}],"author":[{"embeddable":true,"href":"https:\/\/campusaltea.umh.es\/es\/wp-json\/wp\/v2\/users\/469"}],"replies":[{"embeddable":true,"href":"https:\/\/campusaltea.umh.es\/es\/wp-json\/wp\/v2\/comments?post=3796"}],"version-history":[{"count":0,"href":"https:\/\/campusaltea.umh.es\/es\/wp-json\/wp\/v2\/pages\/3796\/revisions"}],"up":[{"embeddable":true,"href":"https:\/\/campusaltea.umh.es\/es\/wp-json\/wp\/v2\/pages\/3530"}],"wp:attachment":[{"href":"https:\/\/campusaltea.umh.es\/es\/wp-json\/wp\/v2\/media?parent=3796"}],"curies":[{"name":"wp","href":"https:\/\/api.w.org\/{rel}","templated":true}]}}