{"id":3629,"date":"2016-07-23T09:53:45","date_gmt":"2016-07-23T09:53:45","guid":{"rendered":"http:\/\/campusaltea.umh.es\/?page_id=3629"},"modified":"2022-09-19T09:42:46","modified_gmt":"2022-09-19T09:42:46","slug":"becas-y-espacios","status":"publish","type":"page","link":"https:\/\/campusaltea.umh.es\/es\/estudiantes\/becas-y-espacios\/","title":{"rendered":"Becas y Banco de Espacios"},"content":{"rendered":"<p>[vc_row][vc_column][vc_column_text]Desde el Vicerrectorado de Cultura y Extensi\u00f3n Universitaria, con la colaboraci\u00f3n del Departamento de Arte y la Facultad de Bellas Artes, se han puesto a disposici\u00f3n de los estudiantes y egresados diversas convocatorias de becas para producci\u00f3n y profesionalizaci\u00f3n art\u00edsticas, as\u00ed como una selecci\u00f3n de espacios expositivos donde exhibir sus trabajos, proyectos y obras.<\/p>\n<p>La Beca\u00a0<em>Puenting<\/em>\u00a0est\u00e1 dirigida a que los estudiantes de 4\u00ba de Grado y de M\u00e1ster en Investigaci\u00f3n y Producci\u00f3n Art\u00edstica lleven a cabo sus proyectos haciendo uso de las instalaciones de la Facultad de Bellas Artes de Altea y los exhiban en\u00a0<em>Mustang Art Gallery<\/em>\u00a0(Elche). Del mismo modo, la Beca\u00a0<em>Boomerang<\/em>\u00a0ofrece los talleres de la Facultad de Bellas Artes a sus estudiantes egresados para desarrollar un proyecto expositivo en la Sala\u00a0<em>Universitas<\/em>\u00a0(Rectorado, Campus de Elche, UMH). Por otro lado, la Beca\u00a0<em>Mordida<\/em>\u00a0brinda la posibilidad de realizar proyectos de grabado y continuar su formaci\u00f3n mediante una estancia en la Fundaci\u00f3n CIEC (Betanzos, Galicia).<\/p>\n<div class=\"ut-one-fifth \"><a title=\"Beca Residencia y Paisaje Altea\" href=\"http:\/\/cultura.umh.es\/arts\/convocatories\/\"><img loading=\"lazy\" class=\" aligncenter wp-image-4249 size-full\" src=\"http:\/\/campusaltea.umh.es\/files\/2016\/07\/5.-logo-beca-paisaje.jpg\" alt=\"5-logo-beca-paisaje\" width=\"97\" height=\"93\" \/><\/a><\/div>\n<div class=\"ut-one-fifth \"><a title=\"Beca Puenting\" href=\"http:\/\/cultura.umh.es\/arts\/convocatories\/\"><img loading=\"lazy\" class=\" aligncenter wp-image-4245 size-full\" src=\"http:\/\/campusaltea.umh.es\/files\/2016\/07\/1.-Logo-puenting.jpg\" alt=\"1-logo-puenting\" width=\"212\" height=\"82\" \/><\/a><\/div>\n<div class=\"ut-one-fifth \"><a href=\"http:\/\/cultura.umh.es\/arts\/convocatories\/\"><img loading=\"lazy\" class=\" aligncenter wp-image-4248 size-thumbnail\" src=\"http:\/\/campusaltea.umh.es\/files\/2016\/07\/4.-Confluencias-150x150.jpg\" alt=\"4-confluencias\" width=\"150\" height=\"150\" \/><\/a><\/div>\n<div class=\"ut-one-fifth \"><a title=\"Beca Boomerang\" href=\"http:\/\/cultura.umh.es\/arts\/convocatories\/\"><img loading=\"lazy\" class=\"aligncenter wp-image-4247 size-medium\" src=\"http:\/\/campusaltea.umh.es\/files\/2016\/07\/3.-Logo-Beca-Boomerang-300x90.jpg\" sizes=\"(max-width: 300px) 100vw, 300px\" srcset=\"https:\/\/campusaltea.umh.es\/files\/2016\/07\/3.-Logo-Beca-Boomerang-300x90.jpg 300w, https:\/\/campusaltea.umh.es\/files\/2016\/07\/3.-Logo-Beca-Boomerang-1024x309.jpg 1024w, https:\/\/campusaltea.umh.es\/files\/2016\/07\/3.-Logo-Beca-Boomerang.jpg 1500w\" alt=\"3-logo-beca-boomerang\" width=\"300\" height=\"90\" \/><\/a><\/div>\n<div class=\"ut-one-fifth ut-column-last \"><a title=\"Beca Mordida\" href=\"http:\/\/cultura.umh.es\/arts\/convocatories\/\"><img loading=\"lazy\" class=\"aligncenter wp-image-4246 size-medium\" src=\"http:\/\/campusaltea.umh.es\/files\/2016\/07\/2.-Mordida-300x85.jpg\" sizes=\"(max-width: 300px) 100vw, 300px\" srcset=\"https:\/\/campusaltea.umh.es\/files\/2016\/07\/2.-Mordida-300x85.jpg 300w, https:\/\/campusaltea.umh.es\/files\/2016\/07\/2.-Mordida.jpg 884w\" alt=\"2-mordida\" width=\"300\" height=\"85\" \/><\/a><\/div>\n<div class=\"clear\"><\/div>\n<p style=\"text-align: center;\"><a href=\"http:\/\/campusaltea.umh.es\/files\/2016\/07\/Anexo-CONTINUITAS.pdf\">Anexo-CONTINUITAS<\/a><\/p>\n<p>Por otra parte, el\u00a0<em>Banco de Espacios<\/em>\u00a0es una iniciativa que permite a estudiantes y profesores de la Facultad de Bellas Artes exhibir sus obras y proyectos expositivos en numerosas salas de diferentes municipios cercanos al Campus de Altea.<\/p>\n<p><a href=\"http:\/\/bancodeespacios.umh.es\/\"><img loading=\"lazy\" class=\" aligncenter wp-image-4250\" src=\"http:\/\/campusaltea.umh.es\/files\/2016\/07\/Banco-de-espacios-UMH-300x273.jpg\" alt=\"Imagen de Banco de Espacios\" width=\"263\" height=\"240\" \/><\/a>[\/vc_column_text][\/vc_column][\/vc_row][vc_row el_id=\u00bbmenu\u00bb][vc_column offset=\u00bbvc_hidden-lg\u00bb][vc_wp_custommenu title=\u00bbMen\u00fa\u00bb nav_menu=\u00bb124&#8243;][\/vc_column][\/vc_row]<\/p>","protected":false},"excerpt":{"rendered":"<p>[vc_row][vc_column][vc_column_text]Desde el Vicerrectorado de Cultura y Extensi\u00f3n Universitaria, con la colaboraci\u00f3n del Departamento de Arte y la Facultad de Bellas Artes, se han puesto a disposici\u00f3n de los estudiantes y egresados diversas convocatorias de becas para producci\u00f3n y profesionalizaci\u00f3n art\u00edsticas, as\u00ed como una selecci\u00f3n de espacios expositivos donde exhibir sus trabajos, proyectos y obras. La [&hellip;]<\/p>\n","protected":false},"author":469,"featured_media":0,"parent":3623,"menu_order":0,"comment_status":"closed","ping_status":"open","template":"","meta":{"_links_to":"","_links_to_target":""},"_links":{"self":[{"href":"https:\/\/campusaltea.umh.es\/es\/wp-json\/wp\/v2\/pages\/3629"}],"collection":[{"href":"https:\/\/campusaltea.umh.es\/es\/wp-json\/wp\/v2\/pages"}],"about":[{"href":"https:\/\/campusaltea.umh.es\/es\/wp-json\/wp\/v2\/types\/page"}],"author":[{"embeddable":true,"href":"https:\/\/campusaltea.umh.es\/es\/wp-json\/wp\/v2\/users\/469"}],"replies":[{"embeddable":true,"href":"https:\/\/campusaltea.umh.es\/es\/wp-json\/wp\/v2\/comments?post=3629"}],"version-history":[{"count":0,"href":"https:\/\/campusaltea.umh.es\/es\/wp-json\/wp\/v2\/pages\/3629\/revisions"}],"up":[{"embeddable":true,"href":"https:\/\/campusaltea.umh.es\/es\/wp-json\/wp\/v2\/pages\/3623"}],"wp:attachment":[{"href":"https:\/\/campusaltea.umh.es\/es\/wp-json\/wp\/v2\/media?parent=3629"}],"curies":[{"name":"wp","href":"https:\/\/api.w.org\/{rel}","templated":true}]}}