{"id":3602,"date":"2016-07-19T21:41:11","date_gmt":"2016-07-19T21:41:11","guid":{"rendered":"http:\/\/campusaltea.umh.es\/?page_id=3602"},"modified":"2017-01-12T13:38:36","modified_gmt":"2017-01-12T13:38:36","slug":"instalaciones","status":"publish","type":"page","link":"https:\/\/campusaltea.umh.es\/es\/instalaciones\/","title":{"rendered":"Instalaciones"},"content":{"rendered":"<p><\/p>\n<p style=\"text-align: justify;\">La Facultad de Bellas Artes de Altea ha apostado desde sus inicios por una metodolog\u00eda basada en la atenci\u00f3n personalizada al estudiante y en unos espacios de trabajo plenamente accesibles donde se incorporan, de manera cr\u00edtica, los diferentes enfoques del arte contempor\u00e1neo en materia de docencia e investigaci\u00f3n.<\/p>\n<p style=\"text-align: justify;\">Su ubicaci\u00f3n en una zona geogr\u00e1fica privilegiada convierte a este campus de la UMH en un lugar id\u00f3neo para concentrarse y estudiar, con espacios abiertos e instalaciones distribuidas en diez edificios. En \u00e9stos se imparte la docencia del Grado en Bellas Artes, los diferentes M\u00e1steres y los diversos cursos espec\u00edficos; edificios donde se investiga, y en definitiva se desarrollan m\u00faltiples proyectos art\u00edsticos.<\/p>\n<p style=\"text-align: justify;\">Las infraestructuras de los numerosos y excelentemente equipados talleres y laboratorios que conforman el Campus de Altea est\u00e1n en constante renovaci\u00f3n y al servicio del alumnado y del equipo docente e investigador. Su horario de apertura es muy amplio, ya que comprende el de la docencia y el de pr\u00e1cticas libres. En este \u00faltimo, los estudiantes tienen la oportunidad de seguir desarrollando sus proyectos fuera del horario de clase bajo la atenci\u00f3n de los t\u00e9cnicos especialistas. Adem\u00e1s, el servicio de pr\u00e9stamo de material est\u00e1 disponible desde el primer curso, permitiendo a los estudiantes tener una mayor autonom\u00eda a la hora de realizar sus trabajos. Todo ello con la intenci\u00f3n de proporcionar al alumnado las condiciones \u00f3ptimas para el aprendizaje y el desarrollo de sus propuestas.<\/p>\n<p style=\"text-align: justify;\"><script type=\"text\/javascript\">(function($){$(document).ready(function($){ \"use strict\";var $win = $(window),$container = $(\"#ut-portfolio-items-3610\"),columns = 4,gutter = \"\",gutterwidth = \"\",guttersize = \"1\",$sortedItems = \"\";function ut_call_isotope( update){if( $(window).width()> 1024){columns = 4;} if( $(window).width()<= 1024){columns = 3;} if( $(window).width()<= 767){columns = 2;} if( gutter === \"on\"){$container.children().width( Math.floor($container.width()\/ columns - ( ( 20 * guttersize)* ( columns - 1)\/ columns))).addClass(\"show\");gutterwidth = 20 * guttersize;} else {$container.children().width( Math.floor($container.width()\/ columns)).addClass(\"show\");gutterwidth = 0;}$container.isotope({itemSelector : \".ut-masonry\",animationEngine : \"best-available\",resizable: false,layoutMode: \"fitRows\",masonry: { columnWidth: $container.width()\/ columns - gutterwidth },itemPositionDataEnabled: true,onLayout: function (elems, instance){$win.trigger(\"scroll\");$container.addClass(\"animated\");elems.addClass(\"animated\");}}).isotope(\"reLayout\"); }function ut_update_isotope_grid(){if( $sortedItems){$container.find(\".last\").removeClass(\"last\");var i = columns - 1;$.each($sortedItems, function(key, value){if($(this).hasClass(\"isotope-hidden\")){i++;}if(((key-i)\/ columns)==0){$(this).addClass(\"last\");i = columns+i;}});$container.isotope(\"reLayout\",function(){ $.waypoints(\"refresh\");});}}$(window).smartresize(function(){ut_call_isotope();ut_update_isotope_grid();}); $(window).load(function(){ut_call_isotope();$sortedItems = $container.data(\"isotope\").$filteredAtoms;ut_update_isotope_grid(); $(\"#ut-portfolio-menu-3610 a\").each(function( index){var searchforclass = $(this).attr(\"data-filter\");if( !$(searchforclass).length){$(this).hide();}});$(\"#ut-portfolio-menu-3610 a\").click(function(){var selector = $(this).attr(\"data-filter\");$container.isotope({ filter: selector });ut_update_isotope_grid();if ( !$(this).hasClass(\"selected\")){$(this).parents(\"#ut-portfolio-menu-3610\").find(\".selected\").removeClass(\"selected\");$(this).addClass(\"selected\");}return false;});});});}(jQuery));<\/script><div id=\"ut-loader-3610\" class=\"ut-portfolio-detail-loader\"><i class=\"fa fa-refresh fa-spin\"><\/i><\/div><div id=\"ut-portfolio-details-wrap-3610\" class=\"ut-portfolio-details-wrap clearfix\"><div id=\"ut-portfolio-details-3610\" class=\"inner ut-portfolio-details\"><div class=\"ut-portfolio-details-navigation\"><a class=\"prev-portfolio-details\" data-wrap=\"3610\" href=\"#\"><\/a><a class=\"close-portfolio-details\" data-wrap=\"3610\" href=\"#\"><\/a><a class=\"next-portfolio-details\" data-wrap=\"3610\" href=\"#\"><\/a><\/div><div id=\"ut-portfolio-detail-3917\" class=\"animated ut-portfolio-detail clearfix\" data-post=\"3917\" data-format=\"gallery\"><div class=\"grid-80 prefix-10 mobile-grid-100 tablet-grid-80 tablet-prefix-10 ut-portfolio-media\"><div class=\"ut-portfolio-gallery-slider flexslider\" id=\"portfolio-gallery-slider-3917\"><ul class=\"slides\"><li><img width=\"\" height=\"\" src=\"\" class=\"ut-load-me ut-square\" alt=\"BIBLIOTECA\" data-original=\"http:\/\/campusaltea.umh.es\/files\/2016\/10\/Biblioteca-2-e1475695022974.jpg\" \/><\/li><li><img width=\"\" height=\"\" src=\"\" class=\"ut-load-me ut-square\" alt=\"BIBLIOTECA\" data-original=\"http:\/\/campusaltea.umh.es\/files\/2016\/10\/Biblioteca-1-e1475695033769.jpg\" \/><\/li><\/ul><\/div><\/div><div class=\"grid-70 prefix-15 mobile-grid-100 tablet-grid-70 tablet-prefix-15 entry-content clearfix\"><\/div><\/div><div id=\"ut-portfolio-detail-3913\" class=\"animated ut-portfolio-detail clearfix\" data-post=\"3913\" data-format=\"gallery\"><div class=\"grid-80 prefix-10 mobile-grid-100 tablet-grid-80 tablet-prefix-10 ut-portfolio-media\"><div class=\"ut-portfolio-gallery-slider flexslider\" id=\"portfolio-gallery-slider-3913\"><ul class=\"slides\"><li><img width=\"800\" height=\"600\" src=\"\" class=\"ut-load-me ut-square\" alt=\"LA ISLA WiFI\" data-original=\"http:\/\/campusaltea.umh.es\/files\/2016\/10\/Sala-24h-ordenadores.jpg\" \/><\/li><li><img width=\"800\" height=\"600\" src=\"\" class=\"ut-load-me ut-square\" alt=\"LA ISLA WiFI\" data-original=\"http:\/\/campusaltea.umh.es\/files\/2016\/10\/Aula-24h.jpg\" \/><\/li><\/ul><\/div><\/div><div class=\"grid-70 prefix-15 mobile-grid-100 tablet-grid-70 tablet-prefix-15 entry-content clearfix\"><\/div><\/div><div id=\"ut-portfolio-detail-3905\" class=\"animated ut-portfolio-detail clearfix\" data-post=\"3905\" data-format=\"gallery\"><div class=\"grid-80 prefix-10 mobile-grid-100 tablet-grid-80 tablet-prefix-10 ut-portfolio-media\"><div class=\"ut-portfolio-gallery-slider flexslider\" id=\"portfolio-gallery-slider-3905\"><ul class=\"slides\"><li><img width=\"965\" height=\"724\" src=\"\" class=\"ut-load-me ut-square\" alt=\"BOXES\" data-original=\"http:\/\/campusaltea.umh.es\/files\/2016\/10\/Clinic-1.jpg\" \/><\/li><li><img width=\"923\" height=\"692\" src=\"\" class=\"ut-load-me ut-square\" alt=\"BOXES\" data-original=\"http:\/\/campusaltea.umh.es\/files\/2016\/10\/Clinic-5.jpg\" \/><\/li><li><img width=\"965\" height=\"724\" src=\"\" class=\"ut-load-me ut-square\" alt=\"BOXES\" data-original=\"http:\/\/campusaltea.umh.es\/files\/2016\/10\/Clinic-4.jpg\" \/><\/li><li><img width=\"965\" height=\"724\" src=\"\" class=\"ut-load-me ut-square\" alt=\"BOXES\" data-original=\"http:\/\/campusaltea.umh.es\/files\/2016\/10\/Clinic-3.jpg\" \/><\/li><li><img width=\"966\" height=\"724\" src=\"\" class=\"ut-load-me ut-square\" alt=\"BOXES\" data-original=\"http:\/\/campusaltea.umh.es\/files\/2016\/10\/Clinic-2.jpg\" \/><\/li><\/ul><\/div><\/div><div class=\"grid-70 prefix-15 mobile-grid-100 tablet-grid-70 tablet-prefix-15 entry-content clearfix\"><\/div><\/div><div id=\"ut-portfolio-detail-3900\" class=\"animated ut-portfolio-detail clearfix\" data-post=\"3900\" data-format=\"gallery\"><div class=\"grid-80 prefix-10 mobile-grid-100 tablet-grid-80 tablet-prefix-10 ut-portfolio-media\"><div class=\"ut-portfolio-gallery-slider flexslider\" id=\"portfolio-gallery-slider-3900\"><ul class=\"slides\"><li><img width=\"\" height=\"\" src=\"\" class=\"ut-load-me ut-square\" alt=\"ESTUDIO DE AUDIO\" data-original=\"http:\/\/campusaltea.umh.es\/files\/2016\/10\/Pecera-de-Sonido-2-e1475694512294.jpg\" \/><\/li><li><img width=\"800\" height=\"600\" src=\"\" class=\"ut-load-me ut-square\" alt=\"ESTUDIO DE AUDIO\" data-original=\"http:\/\/campusaltea.umh.es\/files\/2016\/10\/Pecera-sonido-1.jpg\" \/><\/li><li><img width=\"800\" height=\"600\" src=\"\" class=\"ut-load-me ut-square\" alt=\"ESTUDIO DE AUDIO\" data-original=\"http:\/\/campusaltea.umh.es\/files\/2016\/10\/Pecera-sonido-2.jpg\" \/><\/li><\/ul><\/div><\/div><div class=\"grid-70 prefix-15 mobile-grid-100 tablet-grid-70 tablet-prefix-15 entry-content clearfix\"><\/div><\/div><div id=\"ut-portfolio-detail-3896\" class=\"animated ut-portfolio-detail clearfix\" data-post=\"3896\" data-format=\"gallery\"><div class=\"grid-80 prefix-10 mobile-grid-100 tablet-grid-80 tablet-prefix-10 ut-portfolio-media\"><div class=\"ut-portfolio-gallery-slider flexslider\" id=\"portfolio-gallery-slider-3896\"><ul class=\"slides\"><li><img width=\"\" height=\"\" src=\"\" class=\"ut-load-me ut-square\" alt=\"ESTUDIO DE FOTOGRAF\u00cdA Y V\u00cdDEO\" data-original=\"http:\/\/campusaltea.umh.es\/files\/2016\/10\/Plato-1-e1475694308218.jpg\" \/><\/li><li><img width=\"946\" height=\"709\" src=\"\" class=\"ut-load-me ut-square\" alt=\"ESTUDIO DE FOTOGRAF\u00cdA Y V\u00cdDEO\" data-original=\"http:\/\/campusaltea.umh.es\/files\/2016\/10\/Plato.jpg\" \/><\/li><li><img width=\"1200\" height=\"900\" src=\"\" class=\"ut-load-me ut-square\" alt=\"ESTUDIO DE FOTOGRAF\u00cdA Y V\u00cdDEO\" data-original=\"http:\/\/campusaltea.umh.es\/files\/2016\/10\/Plat\u00f3_1.jpg\" \/><\/li><li><img width=\"1200\" height=\"900\" src=\"\" class=\"ut-load-me ut-square\" alt=\"ESTUDIO DE FOTOGRAF\u00cdA Y V\u00cdDEO\" data-original=\"http:\/\/campusaltea.umh.es\/files\/2016\/10\/Plat\u00f3_2.jpg\" \/><\/li><\/ul><\/div><\/div><div class=\"grid-70 prefix-15 mobile-grid-100 tablet-grid-70 tablet-prefix-15 entry-content clearfix\"><\/div><\/div><div id=\"ut-portfolio-detail-3886\" class=\"animated ut-portfolio-detail clearfix\" data-post=\"3886\" data-format=\"gallery\"><div class=\"grid-80 prefix-10 mobile-grid-100 tablet-grid-80 tablet-prefix-10 ut-portfolio-media\"><div class=\"ut-portfolio-gallery-slider flexslider\" id=\"portfolio-gallery-slider-3886\"><ul class=\"slides\"><li><img width=\"\" height=\"\" src=\"\" class=\"ut-load-me ut-square\" alt=\"TALLER DE IMAGEN\" data-original=\"http:\/\/campusaltea.umh.es\/files\/2016\/10\/Taller-de-Imagen-1-e1475694047239.jpg\" \/><\/li><li><img width=\"800\" height=\"600\" src=\"\" class=\"ut-load-me ut-square\" alt=\"TALLER DE IMAGEN\" data-original=\"http:\/\/campusaltea.umh.es\/files\/2016\/10\/Impresora-3D.jpg\" \/><\/li><li><img width=\"800\" height=\"600\" src=\"\" class=\"ut-load-me ut-square\" alt=\"TALLER DE IMAGEN\" data-original=\"http:\/\/campusaltea.umh.es\/files\/2016\/10\/Taller-de-imagen.jpg\" \/><\/li><li><img width=\"800\" height=\"600\" src=\"\" class=\"ut-load-me ut-square\" alt=\"TALLER DE IMAGEN\" data-original=\"http:\/\/campusaltea.umh.es\/files\/2016\/10\/Sala-3d-3.jpg\" \/><\/li><\/ul><\/div><\/div><div class=\"grid-70 prefix-15 mobile-grid-100 tablet-grid-70 tablet-prefix-15 entry-content clearfix\"><\/div><\/div><div id=\"ut-portfolio-detail-3882\" class=\"animated ut-portfolio-detail clearfix\" data-post=\"3882\" data-format=\"gallery\"><div class=\"grid-80 prefix-10 mobile-grid-100 tablet-grid-80 tablet-prefix-10 ut-portfolio-media\"><div class=\"ut-portfolio-gallery-slider flexslider\" id=\"portfolio-gallery-slider-3882\"><ul class=\"slides\"><li><img width=\"1200\" height=\"900\" src=\"\" class=\"ut-load-me ut-square\" alt=\"LABORATORIO FOTOGR\u00c1FICO\" data-original=\"http:\/\/campusaltea.umh.es\/files\/2016\/10\/Laboratorio1.jpg\" \/><\/li><li><img width=\"\" height=\"\" src=\"\" class=\"ut-load-me ut-square\" alt=\"LABORATORIO FOTOGR\u00c1FICO\" data-original=\"http:\/\/campusaltea.umh.es\/files\/2016\/10\/Laboratorio-de-fotografia-e1475693729321.jpg\" \/><\/li><li><img width=\"800\" height=\"600\" src=\"\" class=\"ut-load-me ut-square\" alt=\"LABORATORIO FOTOGR\u00c1FICO\" data-original=\"http:\/\/campusaltea.umh.es\/files\/2016\/10\/Aula-de-fotografia2.jpg\" \/><\/li><\/ul><\/div><\/div><div class=\"grid-70 prefix-15 mobile-grid-100 tablet-grid-70 tablet-prefix-15 entry-content clearfix\"><\/div><\/div><div id=\"ut-portfolio-detail-3876\" class=\"animated ut-portfolio-detail clearfix\" data-post=\"3876\" data-format=\"gallery\"><div class=\"grid-80 prefix-10 mobile-grid-100 tablet-grid-80 tablet-prefix-10 ut-portfolio-media\"><div class=\"ut-portfolio-gallery-slider flexslider\" id=\"portfolio-gallery-slider-3876\"><ul class=\"slides\"><li><img width=\"\" height=\"\" src=\"\" class=\"ut-load-me ut-square\" alt=\"TALLER DE FUNDICI\u00d3N \/ CER\u00c1MICA\" data-original=\"http:\/\/campusaltea.umh.es\/files\/2016\/10\/Fundicion-3-e1475610225107.jpg\" \/><\/li><li><img width=\"\" height=\"\" src=\"\" class=\"ut-load-me ut-square\" alt=\"TALLER DE FUNDICI\u00d3N \/ CER\u00c1MICA\" data-original=\"http:\/\/campusaltea.umh.es\/files\/2016\/10\/Fundicion-2-e1475610213981.jpg\" \/><\/li><li><img width=\"\" height=\"\" src=\"\" class=\"ut-load-me ut-square\" alt=\"TALLER DE FUNDICI\u00d3N \/ CER\u00c1MICA\" data-original=\"http:\/\/campusaltea.umh.es\/files\/2016\/10\/Fundicion-4-e1475610236400.jpg\" \/><\/li><\/ul><\/div><\/div><div class=\"grid-70 prefix-15 mobile-grid-100 tablet-grid-70 tablet-prefix-15 entry-content clearfix\"><\/div><\/div><\/div><\/div><div class=\"clear\"><\/div><div id=\"ut-portfolio-wrap\" class=\"ut-portfolio-wrap\" data-textcolor=\"#ffffff\" data-opacity=\"0.9\" data-hovercolor=\"0,0,0\"><a class=\"ut-portfolio-offset-anchor\" style=\"top:-120px;\" id=\"ut-portfolio-items-3610-anchor\"><\/a><div id=\"ut-portfolio-items-3610\" class=\"ut-portfolio-item-container\"><article class=\"espacios-filt   ut-masonry  1 portfolio-style-one\"><div class=\"ut-portfolio-item ut-hover\"><a class=\"ut-portfolio-link ut-square \" rel=\"bookmark\" title=\"BIBLIOTECA\" data-wrap=\"3610\" data-post=\"3917\" href=\"#ut-portfolio-details-wrap-3610\"><figure><img alt=\"BIBLIOTECA\" width=\"600\" height=\"400\" src=\"https:\/\/campusaltea.umh.es\/wp-content\/plugins\/ut-portfolio\/i\/?w=600&amp;h=400\" class=\"portfolio-lazy\"  data-original=\"https:\/\/campusaltea.umh.es\/files\/2016\/10\/Biblioteca-1-e1475695033769-600x400.jpg\" \/><\/figure><div class=\"ut-hover-layer\"><div class=\"ut-portfolio-info\"><div class=\"ut-portfolio-info-c\"><h2 class=\"portfolio-title\">BIBLIOTECA<\/h2><span>Espacios<\/span><\/div><\/div><\/div><\/a><\/div><\/article><article class=\"espacios-filt   ut-masonry  1 portfolio-style-one\"><div class=\"ut-portfolio-item ut-hover\"><a class=\"ut-portfolio-link ut-square \" rel=\"bookmark\" title=\"LA ISLA WiFI\" data-wrap=\"3610\" data-post=\"3913\" href=\"#ut-portfolio-details-wrap-3610\"><figure><img alt=\"LA ISLA WiFI\" width=\"600\" height=\"400\" src=\"https:\/\/campusaltea.umh.es\/wp-content\/plugins\/ut-portfolio\/i\/?w=600&amp;h=400\" class=\"portfolio-lazy\"  data-original=\"https:\/\/campusaltea.umh.es\/files\/2016\/10\/Aula-24h-600x400.jpg\" \/><\/figure><div class=\"ut-hover-layer\"><div class=\"ut-portfolio-info\"><div class=\"ut-portfolio-info-c\"><h2 class=\"portfolio-title\">LA ISLA WiFI<\/h2><span>Espacios<\/span><\/div><\/div><\/div><\/a><\/div><\/article><article class=\"espacios-filt   ut-masonry  1 portfolio-style-one\"><div class=\"ut-portfolio-item ut-hover\"><a class=\"ut-portfolio-link ut-square \" rel=\"bookmark\" title=\"BOXES\" data-wrap=\"3610\" data-post=\"3905\" href=\"#ut-portfolio-details-wrap-3610\"><figure><img alt=\"BOXES\" width=\"600\" height=\"400\" src=\"https:\/\/campusaltea.umh.es\/wp-content\/plugins\/ut-portfolio\/i\/?w=600&amp;h=400\" class=\"portfolio-lazy\"  data-original=\"https:\/\/campusaltea.umh.es\/files\/2016\/10\/Clinic-4-600x400.jpg\" \/><\/figure><div class=\"ut-hover-layer\"><div class=\"ut-portfolio-info\"><div class=\"ut-portfolio-info-c\"><h2 class=\"portfolio-title\">BOXES<\/h2><span>Espacios<\/span><\/div><\/div><\/div><\/a><\/div><\/article><article class=\"audiovisuales-filt  last ut-masonry  1 portfolio-style-one\"><div class=\"ut-portfolio-item ut-hover\"><a class=\"ut-portfolio-link ut-square \" rel=\"bookmark\" title=\"ESTUDIO DE AUDIO\" data-wrap=\"3610\" data-post=\"3900\" href=\"#ut-portfolio-details-wrap-3610\"><figure><img alt=\"ESTUDIO DE AUDIO\" width=\"600\" height=\"400\" src=\"https:\/\/campusaltea.umh.es\/wp-content\/plugins\/ut-portfolio\/i\/?w=600&amp;h=400\" class=\"portfolio-lazy\"  data-original=\"https:\/\/campusaltea.umh.es\/files\/2016\/10\/Pecera-de-Sonido-2-e1475694512294-600x400.jpg\" \/><\/figure><div class=\"ut-hover-layer\"><div class=\"ut-portfolio-info\"><div class=\"ut-portfolio-info-c\"><h2 class=\"portfolio-title\">ESTUDIO DE AUDIO<\/h2><span>Audiovisuales<\/span><\/div><\/div><\/div><\/a><\/div><\/article><article class=\"audiovisuales-filt   ut-masonry  1 portfolio-style-one\"><div class=\"ut-portfolio-item ut-hover\"><a class=\"ut-portfolio-link ut-square \" rel=\"bookmark\" title=\"ESTUDIO DE FOTOGRAF\u00cdA Y V\u00cdDEO\" data-wrap=\"3610\" data-post=\"3896\" href=\"#ut-portfolio-details-wrap-3610\"><figure><img alt=\"ESTUDIO DE FOTOGRAF\u00cdA Y V\u00cdDEO\" width=\"600\" height=\"400\" src=\"https:\/\/campusaltea.umh.es\/wp-content\/plugins\/ut-portfolio\/i\/?w=600&amp;h=400\" class=\"portfolio-lazy\"  data-original=\"https:\/\/campusaltea.umh.es\/files\/2016\/10\/Plato-600x400.jpg\" \/><\/figure><div class=\"ut-hover-layer\"><div class=\"ut-portfolio-info\"><div class=\"ut-portfolio-info-c\"><h2 class=\"portfolio-title\">ESTUDIO DE FOTOGRAF\u00cdA Y V\u00cdDEO<\/h2><span>Audiovisuales<\/span><\/div><\/div><\/div><\/a><\/div><\/article><article class=\"audiovisuales-filt   ut-masonry  1 portfolio-style-one\"><div class=\"ut-portfolio-item ut-hover\"><a class=\"ut-portfolio-link ut-square \" rel=\"bookmark\" title=\"TALLER DE IMAGEN\" data-wrap=\"3610\" data-post=\"3886\" href=\"#ut-portfolio-details-wrap-3610\"><figure><img alt=\"TALLER DE IMAGEN\" width=\"600\" height=\"400\" src=\"https:\/\/campusaltea.umh.es\/wp-content\/plugins\/ut-portfolio\/i\/?w=600&amp;h=400\" class=\"portfolio-lazy\"  data-original=\"https:\/\/campusaltea.umh.es\/files\/2016\/10\/Taller-de-imagen-600x400.jpg\" \/><\/figure><div class=\"ut-hover-layer\"><div class=\"ut-portfolio-info\"><div class=\"ut-portfolio-info-c\"><h2 class=\"portfolio-title\">TALLER DE IMAGEN<\/h2><span>Audiovisuales<\/span><\/div><\/div><\/div><\/a><\/div><\/article><article class=\"audiovisuales-filt   ut-masonry  1 portfolio-style-one\"><div class=\"ut-portfolio-item ut-hover\"><a class=\"ut-portfolio-link ut-square \" rel=\"bookmark\" title=\"LABORATORIO FOTOGR\u00c1FICO\" data-wrap=\"3610\" data-post=\"3882\" href=\"#ut-portfolio-details-wrap-3610\"><figure><img alt=\"LABORATORIO FOTOGR\u00c1FICO\" width=\"600\" height=\"400\" src=\"https:\/\/campusaltea.umh.es\/wp-content\/plugins\/ut-portfolio\/i\/?w=600&amp;h=400\" class=\"portfolio-lazy\"  data-original=\"https:\/\/campusaltea.umh.es\/files\/2016\/10\/Laboratorio-e1475693718740-600x400.jpg\" \/><\/figure><div class=\"ut-hover-layer\"><div class=\"ut-portfolio-info\"><div class=\"ut-portfolio-info-c\"><h2 class=\"portfolio-title\">LABORATORIO FOTOGR\u00c1FICO<\/h2><span>Audiovisuales<\/span><\/div><\/div><\/div><\/a><\/div><\/article><article class=\"escultura-filt  last ut-masonry  1 portfolio-style-one\"><div class=\"ut-portfolio-item ut-hover\"><a class=\"ut-portfolio-link ut-square \" rel=\"bookmark\" title=\"TALLER DE FUNDICI\u00d3N \/ CER\u00c1MICA\" data-wrap=\"3610\" data-post=\"3876\" href=\"#ut-portfolio-details-wrap-3610\"><figure><img alt=\"TALLER DE FUNDICI\u00d3N \/ CER\u00c1MICA\" width=\"600\" height=\"400\" src=\"https:\/\/campusaltea.umh.es\/wp-content\/plugins\/ut-portfolio\/i\/?w=600&amp;h=400\" class=\"portfolio-lazy\"  data-original=\"https:\/\/campusaltea.umh.es\/files\/2016\/10\/Fundicion-3-e1475610225107-600x400.jpg\" \/><\/figure><div class=\"ut-hover-layer\"><div class=\"ut-portfolio-info\"><div class=\"ut-portfolio-info-c\"><h2 class=\"portfolio-title\">TALLER DE FUNDICI\u00d3N \/ CER\u00c1MICA<\/h2><span>Escultura<\/span><\/div><\/div><\/div><\/a><\/div><\/article><\/div><nav class=\"ut-portfolio-pagination clearfix style_one\"><a href=\"?paged=1&amp;portfolioID=3610&amp;termID=#ut-portfolio-items-3610-anchor\" class=\"selected\">1<\/a><a href=\"?paged=2&amp;portfolioID=3610&amp;termID=#ut-portfolio-items-3610-anchor\" class=\"\">2<\/a><a href=\"?paged=3&amp;portfolioID=3610&amp;termID=#ut-portfolio-items-3610-anchor\" class=\"\">3<\/a><a href=\"?paged=4&amp;portfolioID=3610&amp;termID=#ut-portfolio-items-3610-anchor\" class=\"\">4<\/a><a href=\"?paged=2&amp;portfolioID=3610&amp;termID=#ut-portfolio-items-3610-anchor\"><i class=\"fa fa-angle-double-right\"><\/i><\/a><\/nav><\/div>\n<p><\/p>","protected":false},"excerpt":{"rendered":"<p>La Facultad de Bellas Artes de Altea ha apostado desde sus inicios por una metodolog\u00eda basada en la atenci\u00f3n personalizada al estudiante y en unos espacios de trabajo plenamente accesibles donde se incorporan, de manera cr\u00edtica, los diferentes enfoques del arte contempor\u00e1neo en materia de docencia e investigaci\u00f3n. Su ubicaci\u00f3n en una zona geogr\u00e1fica privilegiada [&hellip;]<\/p>\n","protected":false},"author":469,"featured_media":0,"parent":0,"menu_order":0,"comment_status":"closed","ping_status":"open","template":"","meta":{"_links_to":"","_links_to_target":""},"_links":{"self":[{"href":"https:\/\/campusaltea.umh.es\/es\/wp-json\/wp\/v2\/pages\/3602"}],"collection":[{"href":"https:\/\/campusaltea.umh.es\/es\/wp-json\/wp\/v2\/pages"}],"about":[{"href":"https:\/\/campusaltea.umh.es\/es\/wp-json\/wp\/v2\/types\/page"}],"author":[{"embeddable":true,"href":"https:\/\/campusaltea.umh.es\/es\/wp-json\/wp\/v2\/users\/469"}],"replies":[{"embeddable":true,"href":"https:\/\/campusaltea.umh.es\/es\/wp-json\/wp\/v2\/comments?post=3602"}],"version-history":[{"count":0,"href":"https:\/\/campusaltea.umh.es\/es\/wp-json\/wp\/v2\/pages\/3602\/revisions"}],"wp:attachment":[{"href":"https:\/\/campusaltea.umh.es\/es\/wp-json\/wp\/v2\/media?parent=3602"}],"curies":[{"name":"wp","href":"https:\/\/api.w.org\/{rel}","templated":true}]}}