{"id":3544,"date":"2016-07-13T14:52:47","date_gmt":"2016-07-13T14:52:47","guid":{"rendered":"http:\/\/campusaltea.umh.es\/?page_id=3544"},"modified":"2025-03-21T09:37:02","modified_gmt":"2025-03-21T09:37:02","slug":"master","status":"publish","type":"page","link":"https:\/\/campusaltea.umh.es\/es\/master\/","title":{"rendered":"M\u00c1STER EN PROYECTO E INVESTIGACI\u00d3N EN ARTE"},"content":{"rendered":"<p><\/p>\n<h3>M\u00c1STER EN PROYECTO E INVESTIGACI\u00d3N EN ARTE<\/h3>\n<p style=\"text-align: justify\">El M\u00e1ster en Proyecto e Investigaci\u00f3n en Arte tiene como objetivo profundizar en los procedimientos y metodolog\u00edas de creaci\u00f3n y experimentaci\u00f3n art\u00edstica, as\u00ed como en las metodolog\u00edas de investigaci\u00f3n en la producci\u00f3n y recepci\u00f3n del hecho art\u00edstico para capacitar al estudiante en el desarrollo cr\u00edtico y experimental de un proyecto art\u00edstico creativo o de investigaci\u00f3n en Bellas Artes.<\/p>\n<p style=\"text-align: justify\">Con una carga docente de 60 cr\u00e9ditos ECTS y una duraci\u00f3n de un curso acad\u00e9mico a tiempo completo, el M\u00e1ster ofrece una continuidad y progresi\u00f3n cualitativa a la formaci\u00f3n art\u00edstica de los estudiantes de grado. Esta organizaci\u00f3n de los estudios permite consolidar y profundizar las competencias adquiridas mediante un aprendizaje especializado, que capacita a los estudiantes para la investigaci\u00f3n acad\u00e9mica y para una aproximaci\u00f3n cr\u00edtica y experimental a la creaci\u00f3n en las artes pl\u00e1sticas y visuales en sus diversos \u00e1mbitos disciplinares.<\/p>\n<p style=\"text-align: justify\">El M\u00e1ster pretende articular, integrar y desarrollar los aspectos interdisciplinares de la producci\u00f3n e investigaci\u00f3n art\u00edstica, contemplando la interrelaci\u00f3n entre las t\u00e9cnicas tradicionales y las nuevas tecnolog\u00edas y su inclusi\u00f3n en la industrias culturales, fomentando el pensamiento cr\u00edtico y creativo del alumnado.<\/p>\n<p style=\"text-align: justify\">Los estudiantes del M\u00e1ster disponen de un espacio individual para el desarrollo de su trabajo durante el curso acad\u00e9mico con acceso mediante tarjeta electr\u00f3nica y con un amplio horario de acceso.<\/p>\n<p style=\"text-align: left\"><div  class=\"ut-one-third  \">\n<h3>Enlaces<\/h3>\n<p style=\"text-align: left\"><a href=\"http:\/\/masterbellasartes.umh.es\">Futuro alumno<\/a><\/p>\n<p style=\"text-align: left\"><a href=\"http:\/\/masterbellasartes.edu.umh.es\">Alumno UMH<\/a><\/p>\n<p style=\"text-align: left\"><\/div>\n<p style=\"text-align: left\"><div  class=\"ut-one-third  \">\n<p style=\"text-align: center\"><a href=\"https:\/\/mupia-masterbellasartes.umh.es\/\"><img loading=\"lazy\" class=\"alignnone wp-image-6542 size-thumbnail\" src=\"https:\/\/campusaltea.umh.es\/files\/2025\/03\/Propuestas-Logo-MUPIA-2025-cuadrado-3-RRSS-1-150x150.png\" alt=\"\" width=\"150\" height=\"150\" srcset=\"https:\/\/campusaltea.umh.es\/files\/2025\/03\/Propuestas-Logo-MUPIA-2025-cuadrado-3-RRSS-1-150x150.png 150w, https:\/\/campusaltea.umh.es\/files\/2025\/03\/Propuestas-Logo-MUPIA-2025-cuadrado-3-RRSS-1-300x300.png 300w, https:\/\/campusaltea.umh.es\/files\/2025\/03\/Propuestas-Logo-MUPIA-2025-cuadrado-3-RRSS-1-1024x1024.png 1024w, https:\/\/campusaltea.umh.es\/files\/2025\/03\/Propuestas-Logo-MUPIA-2025-cuadrado-3-RRSS-1-768x768.png 768w, https:\/\/campusaltea.umh.es\/files\/2025\/03\/Propuestas-Logo-MUPIA-2025-cuadrado-3-RRSS-1-1536x1536.png 1536w, https:\/\/campusaltea.umh.es\/files\/2025\/03\/Propuestas-Logo-MUPIA-2025-cuadrado-3-RRSS-1-2048x2048.png 2048w\" sizes=\"(max-width: 150px) 100vw, 150px\" \/><\/a><\/p>\n<p style=\"text-align: center\"><\/div>\n<p style=\"text-align: center\"><div  class=\"ut-one-third ut-column-last  \">\n<h3 style=\"text-align: right\">Director<\/h3>\n<p style=\"text-align: right\"><a title=\"Teresa Marin Garcia\" href=\"https:\/\/campusaltea.umh.es\/es\/teresa-marin-garcia\/\">Teresa Marin Garcia<\/a><\/p>\n<p style=\"text-align: center\"><\/div><div class=\"clear\"><\/div>\n<h3 style=\"text-align: left\">V\u00eddeos relacionados con el M\u00e1ster en Proyecto e Investigaci\u00f3n en Arte<\/h3>\n<p style=\"text-align: center\"><script type=\"text\/javascript\">(function($){$(document).ready(function($){ \"use strict\";var $win = $(window),$container = $(\"#ut-portfolio-items-4347\"),columns = 4,gutter = \"\",gutterwidth = \"\",guttersize = \"1\",$sortedItems = \"\";function ut_call_isotope( update){if( $(window).width()> 1024){columns = 4;} if( $(window).width()<= 1024){columns = 3;} if( $(window).width()<= 767){columns = 2;} if( gutter === \"on\"){$container.children().width( Math.floor($container.width()\/ columns - ( ( 20 * guttersize)* ( columns - 1)\/ columns))).addClass(\"show\");gutterwidth = 20 * guttersize;} else {$container.children().width( Math.floor($container.width()\/ columns)).addClass(\"show\");gutterwidth = 0;}$container.isotope({itemSelector : \".ut-masonry\",animationEngine : \"best-available\",resizable: false,layoutMode: \"fitRows\",masonry: { columnWidth: $container.width()\/ columns - gutterwidth },itemPositionDataEnabled: true,onLayout: function (elems, instance){$win.trigger(\"scroll\");$container.addClass(\"animated\");elems.addClass(\"animated\");}}).isotope(\"reLayout\"); }function ut_update_isotope_grid(){if( $sortedItems){$container.find(\".last\").removeClass(\"last\");var i = columns - 1;$.each($sortedItems, function(key, value){if($(this).hasClass(\"isotope-hidden\")){i++;}if(((key-i)\/ columns)==0){$(this).addClass(\"last\");i = columns+i;}});$container.isotope(\"reLayout\",function(){ $.waypoints(\"refresh\");});}}$(window).smartresize(function(){ut_call_isotope();ut_update_isotope_grid();}); $(window).load(function(){ut_call_isotope();$sortedItems = $container.data(\"isotope\").$filteredAtoms;ut_update_isotope_grid(); $(\"#ut-portfolio-menu-4347 a\").each(function( index){var searchforclass = $(this).attr(\"data-filter\");if( !$(searchforclass).length){$(this).hide();}});$(\"#ut-portfolio-menu-4347 a\").click(function(){var selector = $(this).attr(\"data-filter\");$container.isotope({ filter: selector });ut_update_isotope_grid();if ( !$(this).hasClass(\"selected\")){$(this).parents(\"#ut-portfolio-menu-4347\").find(\".selected\").removeClass(\"selected\");$(this).addClass(\"selected\");}return false;});});});}(jQuery));<\/script><div id=\"ut-loader-4347\" class=\"ut-portfolio-detail-loader\"><i class=\"fa fa-refresh fa-spin\"><\/i><\/div><div id=\"ut-portfolio-details-wrap-4347\" class=\"ut-portfolio-details-wrap clearfix\"><div id=\"ut-portfolio-details-4347\" class=\"inner ut-portfolio-details\"><div class=\"ut-portfolio-details-navigation\"><a class=\"prev-portfolio-details\" data-wrap=\"4347\" href=\"#\"><\/a><a class=\"close-portfolio-details\" data-wrap=\"4347\" href=\"#\"><\/a><a class=\"next-portfolio-details\" data-wrap=\"4347\" href=\"#\"><\/a><\/div><div id=\"ut-portfolio-detail-4351\" class=\"animated ut-portfolio-detail clearfix\" data-post=\"4351\" data-format=\"video\"><div class=\"grid-80 prefix-10 mobile-grid-100 tablet-grid-80 tablet-prefix-10 ut-portfolio-media\"><div id=\"ut-video-call-4351\" class=\"ut-video-call\"><\/div><\/div><div class=\"grid-70 prefix-15 mobile-grid-100 tablet-grid-70 tablet-prefix-15 entry-content clearfix\"><\/div><\/div><div id=\"ut-portfolio-detail-4348\" class=\"animated ut-portfolio-detail clearfix\" data-post=\"4348\" data-format=\"video\"><div class=\"grid-80 prefix-10 mobile-grid-100 tablet-grid-80 tablet-prefix-10 ut-portfolio-media\"><div id=\"ut-video-call-4348\" class=\"ut-video-call\"><\/div><\/div><div class=\"grid-70 prefix-15 mobile-grid-100 tablet-grid-70 tablet-prefix-15 entry-content clearfix\"><\/div><\/div><\/div><\/div><div class=\"clear\"><\/div><div id=\"ut-portfolio-wrap\" class=\"ut-portfolio-wrap\" data-textcolor=\"\" data-opacity=\"0.8\" data-hovercolor=\"\"><a class=\"ut-portfolio-offset-anchor\" style=\"top:-120px;\" id=\"ut-portfolio-items-4347-anchor\"><\/a><div id=\"ut-portfolio-items-4347\" class=\"ut-portfolio-item-container\"><article class=\"master-filt   ut-masonry  1 portfolio-style-one\"><div class=\"ut-portfolio-item ut-hover\"><a class=\"ut-portfolio-link ut-square \" rel=\"bookmark\" title=\"Clinic I\" data-wrap=\"4347\" data-post=\"4351\" href=\"#ut-portfolio-details-wrap-4347\"><figure><img alt=\"Clinic I\" width=\"600\" height=\"400\" src=\"https:\/\/campusaltea.umh.es\/wp-content\/plugins\/ut-portfolio\/i\/?w=600&amp;h=400\" class=\"portfolio-lazy\"  data-original=\"https:\/\/campusaltea.umh.es\/files\/2016\/11\/clinic1-600x400.png\" \/><\/figure><div class=\"ut-hover-layer\"><div class=\"ut-portfolio-info\"><div class=\"ut-portfolio-info-c\"><h2 class=\"portfolio-title\">Clinic I<\/h2><span>Master<\/span><\/div><\/div><\/div><\/a><\/div><\/article><article class=\"master-filt   ut-masonry  1 portfolio-style-one\"><div class=\"ut-portfolio-item ut-hover\"><a class=\"ut-portfolio-link ut-square \" rel=\"bookmark\" title=\"Clinic II\" data-wrap=\"4347\" data-post=\"4348\" href=\"#ut-portfolio-details-wrap-4347\"><figure><img alt=\"Clinic II\" width=\"600\" height=\"400\" src=\"https:\/\/campusaltea.umh.es\/wp-content\/plugins\/ut-portfolio\/i\/?w=600&amp;h=400\" class=\"portfolio-lazy\"  data-original=\"https:\/\/campusaltea.umh.es\/files\/2016\/11\/clinic2-600x400.png\" \/><\/figure><div class=\"ut-hover-layer\"><div class=\"ut-portfolio-info\"><div class=\"ut-portfolio-info-c\"><h2 class=\"portfolio-title\">Clinic II<\/h2><span>Master<\/span><\/div><\/div><\/div><\/a><\/div><\/article><\/div><\/div>\n<p style=\"text-align: center\"><style type=\"text\/css\" scoped>\r\n                #utvs_69e9366d87d45.ut-shortcode-video-wrap { max-width: 70% ; }\r\n            <\/style><div id=\"utvs_69e9366d87d45\" class=\"ut-shortcode-video-wrap \"><figure class=\"ut-video-caption\"><a class=\"ut-load-video\" data-video=\"https:\/\/www.youtube.com\/watch?v=ORHsPk0R48E\"><img alt=\"Video\" src=\"http:\/\/campusaltea.umh.es\/files\/2016\/07\/master.jpg\" \/><i class=\"fa fa-youtube-play fa-4x fa-border\"><\/i><\/a><\/figure><div class=\"ut-video-loading\"><i class=\"fa fa-spinner fa-3x fa-spin\"><\/i><\/div><\/div>\n<p style=\"text-align: center\">\n<p><\/p>","protected":false},"excerpt":{"rendered":"<p>M\u00c1STER EN PROYECTO E INVESTIGACI\u00d3N EN ARTE El M\u00e1ster en Proyecto e Investigaci\u00f3n en Arte tiene como objetivo profundizar en los procedimientos y metodolog\u00edas de creaci\u00f3n y experimentaci\u00f3n art\u00edstica, as\u00ed como en las metodolog\u00edas de investigaci\u00f3n en la producci\u00f3n y recepci\u00f3n del hecho art\u00edstico para capacitar al estudiante en el desarrollo cr\u00edtico y experimental de [&hellip;]<\/p>\n","protected":false},"author":469,"featured_media":0,"parent":0,"menu_order":0,"comment_status":"closed","ping_status":"open","template":"","meta":{"_links_to":"","_links_to_target":""},"_links":{"self":[{"href":"https:\/\/campusaltea.umh.es\/es\/wp-json\/wp\/v2\/pages\/3544"}],"collection":[{"href":"https:\/\/campusaltea.umh.es\/es\/wp-json\/wp\/v2\/pages"}],"about":[{"href":"https:\/\/campusaltea.umh.es\/es\/wp-json\/wp\/v2\/types\/page"}],"author":[{"embeddable":true,"href":"https:\/\/campusaltea.umh.es\/es\/wp-json\/wp\/v2\/users\/469"}],"replies":[{"embeddable":true,"href":"https:\/\/campusaltea.umh.es\/es\/wp-json\/wp\/v2\/comments?post=3544"}],"version-history":[{"count":0,"href":"https:\/\/campusaltea.umh.es\/es\/wp-json\/wp\/v2\/pages\/3544\/revisions"}],"wp:attachment":[{"href":"https:\/\/campusaltea.umh.es\/es\/wp-json\/wp\/v2\/media?parent=3544"}],"curies":[{"name":"wp","href":"https:\/\/api.w.org\/{rel}","templated":true}]}}