{"id":3542,"date":"2016-07-13T14:52:21","date_gmt":"2016-07-13T14:52:21","guid":{"rendered":"http:\/\/campusaltea.umh.es\/?page_id=3542"},"modified":"2024-03-27T10:44:09","modified_gmt":"2024-03-27T10:44:09","slug":"grado","status":"publish","type":"page","link":"https:\/\/campusaltea.umh.es\/es\/grado\/","title":{"rendered":"Grado en Bellas Artes"},"content":{"rendered":"<p><\/p>\n<p style=\"text-align: justify\">El Grado en Bellas Artes impartido en la Facultad de Altea est\u00e1 concebido para dar respuesta a las necesidades y demandas en un escenario en el que las artes visuales abarcan un amplio espectro de pr\u00e1cticas profesionales y culturales cada vez m\u00e1s amplio.<\/p>\n<p style=\"text-align: justify\">El Grado tiene una carga lectiva de 240 cr\u00e9ditos ECTS distribuida en cuatro cursos acad\u00e9micos.<\/p>\n<p style=\"text-align: justify\">Desde la valoraci\u00f3n de la tradici\u00f3n y la importancia de una s\u00f3lida formaci\u00f3n t\u00e9cnica y conceptual contempor\u00e1neas, especialmente desde su integraci\u00f3n en un contexto marcado por la interdisciplinariedad de los medios, el actual plan de estudios del Grado en Bellas Artes tiene por objetivo dar respuesta a las nuevas necesidades formativas mediante una estructura que contempla dos menciones de especializaci\u00f3n, Artes Pl\u00e1sticas y Artes Visuales y Dise\u00f1o.<\/p>\n<p style=\"text-align: justify\">As\u00ed, los dos primeros cursos son comunes y tienen como funci\u00f3n proporcionar al estudiante unos fundamentos formativos, para poder elegir en los dos \u00faltimos cursos especializarse en una de las dos menciones, incluso poder cursar la segunda menci\u00f3n en dos a\u00f1os m\u00e1s.<\/p>\n<p style=\"text-align: justify\">La metodolog\u00eda del plan de estudios se basa en una formaci\u00f3n activa y personalizada y en la accesibilidad a las instalaciones para el desarrollo de las diferentes pr\u00e1cticas y proyectos art\u00edsticos personales, aspectos que las caracter\u00edsticas del Campus de Altea permiten desarrollar de modo \u00f3ptimo.<\/p>\n<p style=\"text-align: center\"><div  class=\"ut-one-third  \">\n<h3 style=\"text-align: left\">Enlaces<\/h3>\n<p><a href=\"http:\/\/www.umh.es\/contenido\/Estudiantes\/:tit_g_133_N1\/datos_es.html\">Futuro alumno<\/a><\/p>\n<p style=\"text-align: left\"><a href=\"http:\/\/bbaa.umh.es\">Alumno UMH<\/a><\/p>\n<p style=\"text-align: center\"><\/div>\n<p style=\"text-align: center\"><div  class=\"ut-one-third  \">\n<p style=\"text-align: center\"><div id=\"utvs_69de6498ac7d7\" class=\"ut-shortcode-video-wrap \"><figure class=\"ut-video-caption\"><a class=\"ut-load-video\" data-video=\"https:\/\/www.youtube.com\/watch?v=kvLFCQHX7a0\"><img alt=\"Video\" src=\"http:\/\/campusaltea.umh.es\/files\/2016\/07\/iambbaa.jpg\" \/><i class=\"fa fa-youtube-play fa-4x fa-border\"><\/i><\/a><\/figure><div class=\"ut-video-loading\"><i class=\"fa fa-spinner fa-3x fa-spin\"><\/i><\/div><\/div>\n<p style=\"text-align: center\">V\u00eddeo promocional del Grado en Bellas Artes<\/p>\n<p style=\"text-align: center\"><\/div>\n<p style=\"text-align: center\"><div  class=\"ut-one-third ut-column-last  \">\n<h3 style=\"text-align: right\">Vicedecano de Grado<\/h3>\n<p style=\"text-align: right\"><a title=\"Elia Torrecilla Pati\u00f1o\" href=\"https:\/\/campusaltea.umh.es\/elia-torrecilla-patino\/\">Elia Torrecilla Pati\u00f1o<\/a><\/p>\n<p style=\"text-align: center\">\u00a0<\/div><div class=\"clear\"><\/div>\n<h3 style=\"text-align: left\">V\u00eddeos relacionados con el Grado en Bellas Artes<\/h3>\n<script type=\"text\/javascript\">(function($){$(document).ready(function($){ \"use strict\";var $win = $(window),$container = $(\"#ut-portfolio-items-4483\"),columns = 4,gutter = \"\",gutterwidth = \"\",guttersize = \"1\",$sortedItems = \"\";function ut_call_isotope( update){if( $(window).width()> 1024){columns = 4;} if( $(window).width()<= 1024){columns = 3;} if( $(window).width()<= 767){columns = 2;} if( gutter === \"on\"){$container.children().width( Math.floor($container.width()\/ columns - ( ( 20 * guttersize)* ( columns - 1)\/ columns))).addClass(\"show\");gutterwidth = 20 * guttersize;} else {$container.children().width( Math.floor($container.width()\/ columns)).addClass(\"show\");gutterwidth = 0;}$container.isotope({itemSelector : \".ut-masonry\",animationEngine : \"best-available\",resizable: false,layoutMode: \"fitRows\",masonry: { columnWidth: $container.width()\/ columns - gutterwidth },itemPositionDataEnabled: true,onLayout: function (elems, instance){$win.trigger(\"scroll\");$container.addClass(\"animated\");elems.addClass(\"animated\");}}).isotope(\"reLayout\"); }function ut_update_isotope_grid(){if( $sortedItems){$container.find(\".last\").removeClass(\"last\");var i = columns - 1;$.each($sortedItems, function(key, value){if($(this).hasClass(\"isotope-hidden\")){i++;}if(((key-i)\/ columns)==0){$(this).addClass(\"last\");i = columns+i;}});$container.isotope(\"reLayout\",function(){ $.waypoints(\"refresh\");});}}$(window).smartresize(function(){ut_call_isotope();ut_update_isotope_grid();}); $(window).load(function(){ut_call_isotope();$sortedItems = $container.data(\"isotope\").$filteredAtoms;ut_update_isotope_grid(); $(\"#ut-portfolio-menu-4483 a\").each(function( index){var searchforclass = $(this).attr(\"data-filter\");if( !$(searchforclass).length){$(this).hide();}});$(\"#ut-portfolio-menu-4483 a\").click(function(){var selector = $(this).attr(\"data-filter\");$container.isotope({ filter: selector });ut_update_isotope_grid();if ( !$(this).hasClass(\"selected\")){$(this).parents(\"#ut-portfolio-menu-4483\").find(\".selected\").removeClass(\"selected\");$(this).addClass(\"selected\");}return false;});});});}(jQuery));<\/script><div id=\"ut-loader-4483\" class=\"ut-portfolio-detail-loader\"><i class=\"fa fa-refresh fa-spin\"><\/i><\/div><div id=\"ut-portfolio-details-wrap-4483\" class=\"ut-portfolio-details-wrap clearfix\"><div id=\"ut-portfolio-details-4483\" class=\"inner ut-portfolio-details\"><div class=\"ut-portfolio-details-navigation\"><a class=\"prev-portfolio-details\" data-wrap=\"4483\" href=\"#\"><\/a><a class=\"close-portfolio-details\" data-wrap=\"4483\" href=\"#\"><\/a><a class=\"next-portfolio-details\" data-wrap=\"4483\" href=\"#\"><\/a><\/div><div id=\"ut-portfolio-detail-4492\" class=\"animated ut-portfolio-detail clearfix\" data-post=\"4492\" data-format=\"video\"><div class=\"grid-80 prefix-10 mobile-grid-100 tablet-grid-80 tablet-prefix-10 ut-portfolio-media\"><div id=\"ut-video-call-4492\" class=\"ut-video-call\"><\/div><\/div><div class=\"grid-70 prefix-15 mobile-grid-100 tablet-grid-70 tablet-prefix-15 entry-content clearfix\"><\/div><\/div><div id=\"ut-portfolio-detail-4490\" class=\"animated ut-portfolio-detail clearfix\" data-post=\"4490\" data-format=\"video\"><div class=\"grid-80 prefix-10 mobile-grid-100 tablet-grid-80 tablet-prefix-10 ut-portfolio-media\"><div id=\"ut-video-call-4490\" class=\"ut-video-call\"><\/div><\/div><div class=\"grid-70 prefix-15 mobile-grid-100 tablet-grid-70 tablet-prefix-15 entry-content clearfix\"><\/div><\/div><div id=\"ut-portfolio-detail-4485\" class=\"animated ut-portfolio-detail clearfix\" data-post=\"4485\" data-format=\"video\"><div class=\"grid-80 prefix-10 mobile-grid-100 tablet-grid-80 tablet-prefix-10 ut-portfolio-media\"><div id=\"ut-video-call-4485\" class=\"ut-video-call\"><\/div><\/div><div class=\"grid-70 prefix-15 mobile-grid-100 tablet-grid-70 tablet-prefix-15 entry-content clearfix\"><\/div><\/div><div id=\"ut-portfolio-detail-4484\" class=\"animated ut-portfolio-detail clearfix\" data-post=\"4484\" data-format=\"video\"><div class=\"grid-80 prefix-10 mobile-grid-100 tablet-grid-80 tablet-prefix-10 ut-portfolio-media\"><div id=\"ut-video-call-4484\" class=\"ut-video-call\"><\/div><\/div><div class=\"grid-70 prefix-15 mobile-grid-100 tablet-grid-70 tablet-prefix-15 entry-content clearfix\"><\/div><\/div><\/div><\/div><div class=\"clear\"><\/div><div id=\"ut-portfolio-wrap\" class=\"ut-portfolio-wrap\" data-textcolor=\"#ffffff\" data-opacity=\"0.8\" data-hovercolor=\"\"><a class=\"ut-portfolio-offset-anchor\" style=\"top:-120px;\" id=\"ut-portfolio-items-4483-anchor\"><\/a><div id=\"ut-portfolio-items-4483\" class=\"ut-portfolio-item-container\"><article class=\"video-de-grado-filt   ut-masonry  1 portfolio-style-one\"><div class=\"ut-portfolio-item ut-hover\"><a class=\"ut-portfolio-link ut-square \" rel=\"bookmark\" title=\"Arte en Altea\" data-wrap=\"4483\" data-post=\"4492\" href=\"#ut-portfolio-details-wrap-4483\"><figure><img alt=\"Arte en Altea\" width=\"600\" height=\"400\" src=\"https:\/\/campusaltea.umh.es\/wp-content\/plugins\/ut-portfolio\/i\/?w=600&amp;h=400\" class=\"portfolio-lazy\"  data-original=\"https:\/\/campusaltea.umh.es\/files\/2016\/12\/arteenaltea-600x400.jpg\" \/><\/figure><div class=\"ut-hover-layer\"><div class=\"ut-portfolio-info\"><div class=\"ut-portfolio-info-c\"><h2 class=\"portfolio-title\">Arte en Altea<\/h2><span>Video de grado<\/span><\/div><\/div><\/div><\/a><\/div><\/article><article class=\"video-de-grado-filt   ut-masonry  1 portfolio-style-one\"><div class=\"ut-portfolio-item ut-hover\"><a class=\"ut-portfolio-link ut-square \" rel=\"bookmark\" title=\"Arte digital\" data-wrap=\"4483\" data-post=\"4490\" href=\"#ut-portfolio-details-wrap-4483\"><figure><img alt=\"Arte digital\" width=\"600\" height=\"400\" src=\"https:\/\/campusaltea.umh.es\/wp-content\/plugins\/ut-portfolio\/i\/?w=600&amp;h=400\" class=\"portfolio-lazy\"  data-original=\"https:\/\/campusaltea.umh.es\/files\/2016\/12\/artedigital-600x400.jpg\" \/><\/figure><div class=\"ut-hover-layer\"><div class=\"ut-portfolio-info\"><div class=\"ut-portfolio-info-c\"><h2 class=\"portfolio-title\">Arte digital<\/h2><span>Video de grado<\/span><\/div><\/div><\/div><\/a><\/div><\/article><article class=\"video-de-grado-filt   ut-masonry  1 portfolio-style-one\"><div class=\"ut-portfolio-item ut-hover\"><a class=\"ut-portfolio-link ut-square \" rel=\"bookmark\" title=\"Taller de Fundici\u00f3n en el Campus de Altea UMH\" data-wrap=\"4483\" data-post=\"4485\" href=\"#ut-portfolio-details-wrap-4483\"><figure><img alt=\"Taller de Fundici\u00f3n en el Campus de Altea UMH\" width=\"600\" height=\"400\" src=\"https:\/\/campusaltea.umh.es\/wp-content\/plugins\/ut-portfolio\/i\/?w=600&amp;h=400\" class=\"portfolio-lazy\"  data-original=\"https:\/\/campusaltea.umh.es\/files\/2016\/12\/fundicion-600x400.jpg\" \/><\/figure><div class=\"ut-hover-layer\"><div class=\"ut-portfolio-info\"><div class=\"ut-portfolio-info-c\"><h2 class=\"portfolio-title\">Taller de Fundici\u00f3n en el Campus de Altea UMH<\/h2><span>Video de grado<\/span><\/div><\/div><\/div><\/a><\/div><\/article><article class=\"video-de-grado-filt  last ut-masonry  1 portfolio-style-one\"><div class=\"ut-portfolio-item ut-hover\"><a class=\"ut-portfolio-link ut-square \" rel=\"bookmark\" title=\"Estudiantes de Bellas Artes ilustran el Diario Informaci\u00f3n\" data-wrap=\"4483\" data-post=\"4484\" href=\"#ut-portfolio-details-wrap-4483\"><figure><img alt=\"Estudiantes de Bellas Artes ilustran el Diario Informaci\u00f3n\" width=\"600\" height=\"400\" src=\"https:\/\/campusaltea.umh.es\/wp-content\/plugins\/ut-portfolio\/i\/?w=600&amp;h=400\" class=\"portfolio-lazy\"  data-original=\"https:\/\/campusaltea.umh.es\/files\/2016\/12\/informacion-600x400.jpg\" \/><\/figure><div class=\"ut-hover-layer\"><div class=\"ut-portfolio-info\"><div class=\"ut-portfolio-info-c\"><h2 class=\"portfolio-title\">Estudiantes de Bellas Artes ilustran el Diario Informaci\u00f3n<\/h2><span>Video de grado<\/span><\/div><\/div><\/div><\/a><\/div><\/article><\/div><\/div><\/p>","protected":false},"excerpt":{"rendered":"<p>El Grado en Bellas Artes impartido en la Facultad de Altea est\u00e1 concebido para dar respuesta a las necesidades y demandas en un escenario en el que las artes visuales abarcan un amplio espectro de pr\u00e1cticas profesionales y culturales cada vez m\u00e1s amplio. El Grado tiene una carga lectiva de 240 cr\u00e9ditos ECTS distribuida en [&hellip;]<\/p>\n","protected":false},"author":469,"featured_media":0,"parent":0,"menu_order":0,"comment_status":"closed","ping_status":"open","template":"","meta":{"_links_to":"","_links_to_target":""},"_links":{"self":[{"href":"https:\/\/campusaltea.umh.es\/es\/wp-json\/wp\/v2\/pages\/3542"}],"collection":[{"href":"https:\/\/campusaltea.umh.es\/es\/wp-json\/wp\/v2\/pages"}],"about":[{"href":"https:\/\/campusaltea.umh.es\/es\/wp-json\/wp\/v2\/types\/page"}],"author":[{"embeddable":true,"href":"https:\/\/campusaltea.umh.es\/es\/wp-json\/wp\/v2\/users\/469"}],"replies":[{"embeddable":true,"href":"https:\/\/campusaltea.umh.es\/es\/wp-json\/wp\/v2\/comments?post=3542"}],"version-history":[{"count":0,"href":"https:\/\/campusaltea.umh.es\/es\/wp-json\/wp\/v2\/pages\/3542\/revisions"}],"wp:attachment":[{"href":"https:\/\/campusaltea.umh.es\/es\/wp-json\/wp\/v2\/media?parent=3542"}],"curies":[{"name":"wp","href":"https:\/\/api.w.org\/{rel}","templated":true}]}}