{"id":1943,"date":"2013-10-22T21:19:58","date_gmt":"2013-10-22T21:19:58","guid":{"rendered":"http:\/\/themeforest.unitedthemes.com\/wpversions\/brooklyn\/xml\/demo5\/?page_id=1943"},"modified":"2022-09-16T12:31:54","modified_gmt":"2022-09-16T12:31:54","slug":"work","status":"publish","type":"page","link":"https:\/\/campusaltea.umh.es\/es\/work\/","title":{"rendered":"Visita Virtual"},"content":{"rendered":"<p><\/p>\n<h3 style=\"text-align: justify;\"><strong>JORNADA DE PUERTAS ABIERTAS<\/strong><\/h3>\n<p style=\"text-align: justify;\">La Facultad de Bellas Artes de Altea ofrece la posibilidad de conocer a sus instalaciones y a las personas que trabajan en ella, as\u00ed como descubrir el Grado de Bellas Artes que se imparte el Campus a trav\u00e9s de la Jornada de Puertas Abiertas que se celebra anualmente.<\/p>\n<p style=\"text-align: justify;\">El objetivo es celebrar con los visitantes un d\u00eda de ocio activo para que descubran las posibilidades que ofrece la formaci\u00f3n en la pr\u00e1ctica art\u00edstica contempor\u00e1nea.<\/p>\n<p style=\"text-align: justify;\">La jornada, a la que est\u00e1n invitados todas las personas interesadas en cursar Bellas Artes, ofrece una serie de actividades culturales y art\u00edsticas, charlas y talleres demostrativos de las actividades que se realizan a lo largo del a\u00f1o dentro de la Facultad de Bellas Artes.<\/p>\n<p style=\"text-align: justify;\">Celebrada cada a\u00f1o en las primeras semanas de la primavera, la Jornada de Puertas Abiertas de este curso 2017-18 tendr\u00e1 lugar el 18 abril de 2018. Los interesados en asistir pueden ponerse en contacto con <a href=\"mailto:facultad.bellasartes@umh.es\">facultad.bellasartes@umh.es<\/a><\/p>\n<div  class=\"ut-one-third  \">\n<h3>Taller de Dibujo<\/h3>\n<p><iframe loading=\"lazy\" title=\"YouTube video player\" src=\"https:\/\/www.youtube.com\/embed\/A8DLJJPRg8w\" width=\"560\" height=\"315\" frameborder=\"0\" allowfullscreen=\"allowfullscreen\"><\/iframe><\/p>\n<\/div>\n<div  class=\"ut-one-third  \">\n<h3>Taller de Piedra<\/h3>\n<p><iframe loading=\"lazy\" title=\"YouTube video player\" src=\"https:\/\/www.youtube.com\/embed\/6T53se201Og\" width=\"560\" height=\"315\" frameborder=\"0\" allowfullscreen=\"allowfullscreen\"><\/iframe><\/p>\n<\/div>\n<div  class=\"ut-one-third ut-column-last  \">\n<h3>Est. de Fotograf\u00eda y Video<\/h3>\n<p><iframe loading=\"lazy\" title=\"YouTube video player\" src=\"https:\/\/www.youtube.com\/embed\/zSVGuCKs2uY\" width=\"560\" height=\"315\" frameborder=\"0\" allowfullscreen=\"allowfullscreen\"><\/iframe><\/p>\n<\/div><div class=\"clear\"><\/div>\n<div  class=\"ut-one-third  \">\n<h3>Ilustraci\u00f3n Digital<\/h3>\n<p><iframe loading=\"lazy\" title=\"YouTube video player\" src=\"https:\/\/www.youtube.com\/embed\/nMs7Oug69Dc\" width=\"560\" height=\"315\" frameborder=\"0\" allowfullscreen=\"allowfullscreen\"><\/iframe><\/p>\n<\/div>\n<div  class=\"ut-one-third  \">\n<h3>Dise\u00f1o de Identidad Visual<\/h3>\n<p><iframe loading=\"lazy\" title=\"YouTube video player\" src=\"https:\/\/www.youtube.com\/embed\/zluiKHZcwHE\" width=\"560\" height=\"315\" frameborder=\"0\" allowfullscreen=\"allowfullscreen\"><\/iframe><\/p>\n<\/div>\n<div  class=\"ut-one-third ut-column-last  \">\n<h3>Taller de Grabado<\/h3>\n<p><iframe loading=\"lazy\" title=\"YouTube video player\" src=\"https:\/\/www.youtube.com\/embed\/zA4sfmMoaMc\" width=\"560\" height=\"315\" frameborder=\"0\" allowfullscreen=\"allowfullscreen\"><\/iframe><\/p>\n<\/div><div class=\"clear\"><\/div>\n<div  class=\"ut-one-third  \">\n<h3>Taller de Hierro y Forja<\/h3>\n<p><iframe loading=\"lazy\" title=\"YouTube video player\" src=\"https:\/\/www.youtube.com\/embed\/DIzXtxjhtGc\" width=\"560\" height=\"315\" frameborder=\"0\" allowfullscreen=\"allowfullscreen\"><\/iframe><\/p>\n<\/div>\n<div  class=\"ut-one-third  \">\n<h3>Dise\u00f1o de Videojuegos<\/h3>\n<p><iframe loading=\"lazy\" title=\"YouTube video player\" src=\"https:\/\/www.youtube.com\/embed\/auVE4GNdKG8\" width=\"560\" height=\"315\" frameborder=\"0\" allowfullscreen=\"allowfullscreen\"><\/iframe><\/p>\n<\/div>\n<div  class=\"ut-one-third ut-column-last  \">\n<h3>Estudio de Audio<\/h3>\n<p><iframe loading=\"lazy\" title=\"YouTube video player\" src=\"https:\/\/www.youtube.com\/embed\/kfFWleuza84\" width=\"560\" height=\"315\" frameborder=\"0\" allowfullscreen=\"allowfullscreen\"><\/iframe><\/p>\n<\/div><div class=\"clear\"><\/div>\n<div  class=\"ut-one-third  \">\n<h3>Taller de Fundici\u00f3n<\/h3>\n<p><iframe loading=\"lazy\" title=\"YouTube video player\" src=\"https:\/\/www.youtube.com\/embed\/qbzaAC2TP5A\" width=\"560\" height=\"315\" frameborder=\"0\" allowfullscreen=\"allowfullscreen\"><\/iframe><\/p>\n<\/div>\n<div  class=\"ut-one-third  \">\n<h3>Serigraf\u00eda Experimental<\/h3>\n<p><iframe loading=\"lazy\" title=\"YouTube video player\" src=\"https:\/\/www.youtube.com\/embed\/lx2cMu1FSJI\" width=\"560\" height=\"315\" frameborder=\"0\" allowfullscreen=\"allowfullscreen\"><\/iframe><\/p>\n<\/div>\n<div  class=\"ut-one-third ut-column-last  \">\n<h3>Los Boxes<\/h3>\n<p><iframe loading=\"lazy\" title=\"YouTube video player\" src=\"https:\/\/www.youtube.com\/embed\/VlhBeVdjm1Y\" width=\"560\" height=\"315\" frameborder=\"0\" allowfullscreen=\"allowfullscreen\"><\/iframe><\/p>\n<\/div><div class=\"clear\"><\/div>\n<div  class=\"ut-one-third  \">\n<\/div>\n<div  class=\"ut-one-third ut-column-last  \">\n<\/div><div class=\"clear\"><\/div><\/p>","protected":false},"excerpt":{"rendered":"<p>JORNADA DE PUERTAS ABIERTAS La Facultad de Bellas Artes de Altea ofrece la posibilidad de conocer a sus instalaciones y a las personas que trabajan en ella, as\u00ed como descubrir el Grado de Bellas Artes que se imparte el Campus a trav\u00e9s de la Jornada de Puertas Abiertas que se celebra anualmente. El objetivo es [&hellip;]<\/p>\n","protected":false},"author":1159,"featured_media":0,"parent":0,"menu_order":0,"comment_status":"closed","ping_status":"open","template":"","meta":{"_links_to":"","_links_to_target":""},"_links":{"self":[{"href":"https:\/\/campusaltea.umh.es\/es\/wp-json\/wp\/v2\/pages\/1943"}],"collection":[{"href":"https:\/\/campusaltea.umh.es\/es\/wp-json\/wp\/v2\/pages"}],"about":[{"href":"https:\/\/campusaltea.umh.es\/es\/wp-json\/wp\/v2\/types\/page"}],"author":[{"embeddable":true,"href":"https:\/\/campusaltea.umh.es\/es\/wp-json\/wp\/v2\/users\/1159"}],"replies":[{"embeddable":true,"href":"https:\/\/campusaltea.umh.es\/es\/wp-json\/wp\/v2\/comments?post=1943"}],"version-history":[{"count":0,"href":"https:\/\/campusaltea.umh.es\/es\/wp-json\/wp\/v2\/pages\/1943\/revisions"}],"wp:attachment":[{"href":"https:\/\/campusaltea.umh.es\/es\/wp-json\/wp\/v2\/media?parent=1943"}],"curies":[{"name":"wp","href":"https:\/\/api.w.org\/{rel}","templated":true}]}}