{"id":1893,"date":"2013-10-21T21:58:04","date_gmt":"2013-10-21T21:58:04","guid":{"rendered":"http:\/\/themeforest.unitedthemes.com\/wpversions\/brooklyn\/xml\/demo5\/?page_id=1893"},"modified":"2017-01-10T11:20:13","modified_gmt":"2017-01-10T11:20:13","slug":"team","status":"publish","type":"page","link":"https:\/\/campusaltea.umh.es\/es\/team\/","title":{"rendered":"Estudios"},"content":{"rendered":"<p><\/p>\n<p style=\"text-align: justify;\">En el Campus de Altea se imparten las ense\u00f1anzas art\u00edsticas universitarias del Grado de Bellas Artes con sus menciones en Artes Pl\u00e1sticas y en Artes Visuales y Dise\u00f1o y el M\u00e1ster Universitario en Proyecto e Investigaci\u00f3n en Arte. As\u00ed mismo se imparte el M\u00e1ster universitario en Formaci\u00f3n del profesorado de ESO (Ense\u00f1anza secundaria obligatoria), BACH (Bachillerato), FP (Formaci\u00f3n profesional) y EI (Ense\u00f1anza de Idiomas)<\/p>\n<p><\/p>","protected":false},"excerpt":{"rendered":"<p>En el Campus de Altea se imparten las ense\u00f1anzas art\u00edsticas universitarias del Grado de Bellas Artes con sus menciones en Artes Pl\u00e1sticas y en Artes Visuales y Dise\u00f1o y el M\u00e1ster Universitario en Proyecto e Investigaci\u00f3n en Arte. As\u00ed mismo se imparte el M\u00e1ster universitario en Formaci\u00f3n del profesorado de ESO (Ense\u00f1anza secundaria obligatoria), BACH [&hellip;]<\/p>\n","protected":false},"author":1159,"featured_media":0,"parent":0,"menu_order":0,"comment_status":"closed","ping_status":"open","template":"templates\/template-team.php","meta":{"_links_to":"","_links_to_target":""},"_links":{"self":[{"href":"https:\/\/campusaltea.umh.es\/es\/wp-json\/wp\/v2\/pages\/1893"}],"collection":[{"href":"https:\/\/campusaltea.umh.es\/es\/wp-json\/wp\/v2\/pages"}],"about":[{"href":"https:\/\/campusaltea.umh.es\/es\/wp-json\/wp\/v2\/types\/page"}],"author":[{"embeddable":true,"href":"https:\/\/campusaltea.umh.es\/es\/wp-json\/wp\/v2\/users\/1159"}],"replies":[{"embeddable":true,"href":"https:\/\/campusaltea.umh.es\/es\/wp-json\/wp\/v2\/comments?post=1893"}],"version-history":[{"count":0,"href":"https:\/\/campusaltea.umh.es\/es\/wp-json\/wp\/v2\/pages\/1893\/revisions"}],"wp:attachment":[{"href":"https:\/\/campusaltea.umh.es\/es\/wp-json\/wp\/v2\/media?parent=1893"}],"curies":[{"name":"wp","href":"https:\/\/api.w.org\/{rel}","templated":true}]}}