{"id":1777,"date":"2013-10-20T13:42:18","date_gmt":"2013-10-20T13:42:18","guid":{"rendered":"http:\/\/themeforest.unitedthemes.com\/wpversions\/brooklyn\/xml\/demo5\/?page_id=1777"},"modified":"2022-09-19T09:28:45","modified_gmt":"2022-09-19T09:28:45","slug":"campus","status":"publish","type":"page","link":"https:\/\/campusaltea.umh.es\/es\/campus\/","title":{"rendered":"Campus de Altea"},"content":{"rendered":"<p><\/p>\n<p style=\"text-align: left;\"><div  class=\"ut-one-half  \">\n\t\t\t<!-- START about REVOLUTION SLIDER 6.5.14 --><p class=\"rs-p-wp-fix\"><\/p>\n\t\t\t<rs-module-wrap id=\"rev_slider_2_1_wrapper\" data-source=\"gallery\" style=\"visibility:hidden;background:#F7F7F7;padding:0;margin:0px auto;margin-top:0;margin-bottom:40;\">\n\t\t\t\t<rs-module id=\"rev_slider_2_1\" style=\"\" data-version=\"6.5.14\">\n\t\t\t\t\t<rs-slides>\n\t\t\t\t\t\t<rs-slide style=\"position: absolute;\" data-key=\"rs-5\" data-title=\"Slide\" data-thumb=\"\/\/campusaltea.umh.es\/files\/2016\/10\/Edificio-Bernia-3-e1476711744598-100x50.jpg\" data-in=\"o:0;\" data-out=\"a:false;\">\n\t\t\t\t\t\t\t<img src=\"\/\/campusaltea.umh.es\/wp-content\/plugins\/revslider\/public\/assets\/assets\/dummy.png\" alt=\"\" title=\"Campus de Altea\" class=\"rev-slidebg tp-rs-img rs-lazyload\" data-lazyload=\"\/\/campusaltea.umh.es\/files\/2016\/10\/Edificio-Bernia-3-e1476711744598.jpg\" data-bg=\"p:center top;\" data-no-retina>\n<!---->\t\t\t\t\t\t<\/rs-slide>\n\t\t\t\t\t\t<rs-slide style=\"position: absolute;\" data-key=\"rs-6\" data-title=\"Slide\" data-thumb=\"\/\/campusaltea.umh.es\/files\/2016\/10\/edificio-audiovisuales-e1476711869830-100x50.jpg\" data-in=\"o:0;\">\n\t\t\t\t\t\t\t<img src=\"\/\/campusaltea.umh.es\/wp-content\/plugins\/revslider\/public\/assets\/assets\/dummy.png\" alt=\"\" title=\"Campus de Altea\" class=\"rev-slidebg tp-rs-img rs-lazyload\" data-lazyload=\"\/\/campusaltea.umh.es\/files\/2016\/10\/edificio-audiovisuales-e1476711869830.jpg\" data-bg=\"p:center top;\" data-no-retina>\n<!---->\t\t\t\t\t\t<\/rs-slide>\n\t\t\t\t\t\t<rs-slide style=\"position: absolute;\" data-key=\"rs-440\" data-title=\"Slide\" data-thumb=\"\/\/campusaltea.umh.es\/files\/2017\/02\/Edificio-Albir-e1487772508953-100x50.jpg\" data-in=\"o:0;\" data-out=\"a:false;\">\n\t\t\t\t\t\t\t<img src=\"\/\/campusaltea.umh.es\/wp-content\/plugins\/revslider\/public\/assets\/assets\/dummy.png\" alt=\"\" title=\"Campus de Altea\" class=\"rev-slidebg tp-rs-img rs-lazyload\" data-lazyload=\"\/\/campusaltea.umh.es\/files\/2017\/02\/Edificio-Albir-e1487772508953.jpg\" data-no-retina>\n<!---->\t\t\t\t\t\t<\/rs-slide>\n\t\t\t\t\t<\/rs-slides>\n\t\t\t\t<\/rs-module>\n\t\t\t\t<script>\n\t\t\t\t\tsetREVStartSize({c: 'rev_slider_2_1',rl:[1240,1024,778,480],el:[],gw:[960],gh:[600],type:'standard',justify:'',layout:'fullwidth',mh:\"0\"});if (window.RS_MODULES!==undefined && window.RS_MODULES.modules!==undefined && window.RS_MODULES.modules[\"revslider21\"]!==undefined) {window.RS_MODULES.modules[\"revslider21\"].once = false;window.revapi2 = undefined;if (window.RS_MODULES.checkMinimal!==undefined) window.RS_MODULES.checkMinimal()}\n\t\t\t\t<\/script>\n\t\t\t<\/rs-module-wrap>\n\t\t\t<!-- END REVOLUTION SLIDER -->\n<\/p>\n<p style=\"text-align: left;\"><iframe loading=\"lazy\" title=\"YouTube video player\" src=\"https:\/\/www.youtube.com\/embed\/-TBHqUqnosM\" width=\"560\" height=\"315\" frameborder=\"0\" allowfullscreen=\"allowfullscreen\"><\/iframe><br \/>\n<\/div>\n<p style=\"text-align: left;\"><div  class=\"ut-one-half ut-column-last  \">\n<h3>El Campus<\/h3>\n<p style=\"text-align: justify;\">El Campus de Altea es uno de los cuatro campus de la Universidad Miguel Hern\u00e1ndez de Elche, junto con los de Elche, Orihuela y San Juan.<br \/>\nAltea, ciudad con la que el Campus mantiene un estrecho v\u00ednculo, y el Mar Mediterr\u00e1neo que la ba\u00f1a, le proporciona un agradable entorno y clima, ideal para el desarrollo de la actividad acad\u00e9mica.<\/p>\n<p style=\"text-align: justify;\">El Campus est\u00e1 formado por los edificios Montagut, Cap Negret, Ifach, Cap Blanc, Albir, Bernia, Puig Campana, Aitana, Algar y Planet.<br \/>\nEstas instalaciones est\u00e1n concebidas para el aprendizaje y desarrollo de la pr\u00e1ctica art\u00edstica contempor\u00e1nea, conformando un espacio abierto para la confluencia de ideas y para la convivencia de la comunidad universitaria.<\/p>\n<p style=\"text-align: justify;\">El Campus integra a la Facultad de Bellas Artes de Altea y al Departamento de Arte, y en \u00e9l se imparten el Grado de Bellas Artes, el M\u00e1ster Universitario en Proyecto e Investigaci\u00f3n en Arte y el M\u00e1ster Universitario en Formaci\u00f3n del profesorado de ESO, BACH, FP y EI, albergando tambi\u00e9n la actividad de la mayor\u00eda de los grupos de investigaci\u00f3n del Departamento de Arte.<br \/>\nEn el Campus tambi\u00e9n se desarrollan actividades de extensi\u00f3n universitaria, como cursos de especializaci\u00f3n, conferencias y exposiciones.<\/p>\n<h4 style=\"text-align: center;\"><a href=\"http:\/\/campusaltea.umh.es\/files\/2013\/10\/Altea-web.pdf\">Descarga nuestra publicaci\u00f3n sobre el Campus<\/a><\/h4>\n<p style=\"text-align: justify;\"><a href=\"http:\/\/campusaltea.umh.es\/files\/2013\/10\/Altea-web.pdf\"><img loading=\"lazy\" class=\"aligncenter wp-image-5429 size-medium\" src=\"http:\/\/campusaltea.umh.es\/files\/2013\/10\/Altea-web-300x300.jpg\" alt=\"Altea-web\" width=\"300\" height=\"300\" srcset=\"https:\/\/campusaltea.umh.es\/files\/2013\/10\/Altea-web-300x300.jpg 300w, https:\/\/campusaltea.umh.es\/files\/2013\/10\/Altea-web-150x150.jpg 150w, https:\/\/campusaltea.umh.es\/files\/2013\/10\/Altea-web.jpg 590w\" sizes=\"(max-width: 300px) 100vw, 300px\" \/><\/a><\/p>\n<a title=\"\" target=\"_self\" class=\"ut-btn  dark medium round\" href=\"http:\/\/campusaltea.umh.es\/?p=3530\">M\u00e1s<\/a>\n<\/div><div class=\"clear\"><\/div><\/p>","protected":false},"excerpt":{"rendered":"setREVStartSize({c: 'rev_slider_2_3',rl:[1240,1024,778,480],el:[],gw:[960],gh:[600],type:'standard',justify:'',layout:'fullwidth',mh:\"0\"});if (window.RS_MODULES!==undefined && window.RS_MODULES.modules!==undefined && window.RS_MODULES.modules[\"revslider23\"]!==undefined) {window.RS_MODULES.modules[\"revslider23\"].once = false;window.revapi2_3 = undefined;if (window.RS_MODULES.checkMinimal!==undefined) window.RS_MODULES.checkMinimal()} El Campus El Campus de Altea es uno de los cuatro campus de la Universidad Miguel Hern\u00e1ndez de Elche, junto con los de Elche, Orihuela y San Juan. Altea, ciudad con la que el Campus mantiene un estrecho v\u00ednculo, y el [...]","protected":false},"author":1159,"featured_media":0,"parent":0,"menu_order":0,"comment_status":"closed","ping_status":"open","template":"","meta":{"_links_to":"","_links_to_target":""},"_links":{"self":[{"href":"https:\/\/campusaltea.umh.es\/es\/wp-json\/wp\/v2\/pages\/1777"}],"collection":[{"href":"https:\/\/campusaltea.umh.es\/es\/wp-json\/wp\/v2\/pages"}],"about":[{"href":"https:\/\/campusaltea.umh.es\/es\/wp-json\/wp\/v2\/types\/page"}],"author":[{"embeddable":true,"href":"https:\/\/campusaltea.umh.es\/es\/wp-json\/wp\/v2\/users\/1159"}],"replies":[{"embeddable":true,"href":"https:\/\/campusaltea.umh.es\/es\/wp-json\/wp\/v2\/comments?post=1777"}],"version-history":[{"count":0,"href":"https:\/\/campusaltea.umh.es\/es\/wp-json\/wp\/v2\/pages\/1777\/revisions"}],"wp:attachment":[{"href":"https:\/\/campusaltea.umh.es\/es\/wp-json\/wp\/v2\/media?parent=1777"}],"curies":[{"name":"wp","href":"https:\/\/api.w.org\/{rel}","templated":true}]}}