{"id":6483,"date":"2023-02-20T11:27:34","date_gmt":"2023-02-20T11:27:34","guid":{"rendered":"https:\/\/campusaltea.umh.es\/?page_id=6483"},"modified":"2023-02-20T11:47:24","modified_gmt":"2023-02-20T11:47:24","slug":"beatriz-higon-cardete","status":"publish","type":"page","link":"https:\/\/campusaltea.umh.es\/en\/beatriz-higon-cardete\/","title":{"rendered":"Beatriz Hig\u00f3n Cardete"},"content":{"rendered":"<div  class=\"ut-one-half  \">\n<p><img loading=\"lazy\" class=\"alignnone wp-image-6486 size-full\" src=\"https:\/\/campusaltea.umh.es\/files\/2023\/02\/genericaumh.jpg\" alt=\"\" width=\"750\" height=\"1000\" srcset=\"https:\/\/campusaltea.umh.es\/files\/2023\/02\/genericaumh.jpg 750w, https:\/\/campusaltea.umh.es\/files\/2023\/02\/genericaumh-225x300.jpg 225w\" sizes=\"(max-width: 750px) 100vw, 750px\" \/><\/p>\n<\/div>\n<div  class=\"ut-one-half ut-column-last  \">\n<h4>Beatriz Hig\u00f3n Cardete<\/h4>\n<p>Desarrolla l\u00edneas de investigaci\u00f3n sobre la genealog\u00eda de pr\u00e1cticas art\u00edsticas transfeministas en el estado espa\u00f1ol, as\u00ed como sobre las contaminaciones entre artes visuales, industrias culturales y activismos queer\/cuir. Su trayectoria est\u00e1 vinculada a las pr\u00e1cticas art\u00edsticas y activistas en colectivo, siempre desde las pol\u00edticas identitarias en cruce con el feminismo. As\u00ed mismo, forma parte del grupo de investigaci\u00f3n FIDEX (UMH) y del Instituto de Estudios del Porno.<\/p>\n<p>Desde 2005 es parte del colectivo O.R.G.I.A, desarrollando proyectos que exploran la visualidad cr\u00edtica hibridando pr\u00e1cticas como la fotograf\u00eda, la escultutra o la performance. Han participado en exposiciones historiogr\u00e1ficas de centros como el CCCB (Barcelona), el MUSAC (Le\u00f3n) o Tabakalera (Donostia). Su propuestas cr\u00edrticas han dado lugar a cap\u00edtulos de libro (Barlin, Con tinta me tienes, Brumaria), art\u00edculos de investigaci\u00f3n (Re-Visiones, API), as\u00ed como a conferencias en seminarios y congresos (MUAC en M\u00e9xico, INSEA en Baeza, UV, UPV, Men\u00e9ndez Pelayo).<\/p>\n<p>Es copropietaria de un proyecto empresarial con proyecci\u00f3n internacional en el \u00e1mbito del dise\u00f1o y la sexualidad, desde el 2008.<\/p>\n<\/div><div class=\"clear\"><\/div>\n<hr \/>\n<div  class=\"ut-one-half  \">\n<h5>Informaci\u00f3n adicional<\/h5>\n<div id=\"ut-accordion-parent-1\" class=\"ut-accordion\"><div class=\"ut-accordion-group\"> <div class=\"ut-accordion-heading \"><a data-parent=\"#ut-accordion-parent-1\" class=\"accordion-toggle collapsed \" data-toggle=\"collapse\" data-target=\"#accordion0\">Campos de Interes<\/a><\/div><div id=\"accordion0\" class=\"ut-accordion-body collapse\"><div class=\"ut-accordion-inner entry-content clearfix\">\n<ul>\n<li>Fotograf\u00eda y audiovisual<\/li>\n<li>Dise\u00f1o<\/li>\n<li>Estudios culturales y visuales<\/li>\n<li>Emprendimiento, industrias culturales<\/li>\n<li>Transfeminismo y pr\u00e1cticas art\u00edsticas<\/li>\n<\/ul>\n<\/div><\/div>\n<div id=\"ut-accordion-parent-2\" class=\"ut-accordion\"><div class=\"ut-accordion-group\"><\/div><\/div> <div class=\"ut-accordion-heading \"><a data-parent=\"#ut-accordion-parent-2\" class=\"accordion-toggle collapsed \" data-toggle=\"collapse\" data-target=\"#accordion1\">Estudios<\/a><\/div><div id=\"accordion1\" class=\"ut-accordion-body collapse\"><div class=\"ut-accordion-inner entry-content clearfix\">\n<ul>\n<li>Licenciada en Bellas Artes por la Universidad de Castilla-la-Mancha<\/li>\n<\/ul>\n<\/div><\/div>\n<div id=\"ut-accordion-parent-3\" class=\"ut-accordion\"><div class=\"ut-accordion-group\"><\/div><\/div> <div class=\"ut-accordion-heading \"><a data-parent=\"#ut-accordion-parent-3\" class=\"accordion-toggle collapsed \" data-toggle=\"collapse\" data-target=\"#accordion2\">Docencia<\/a><\/div><div id=\"accordion2\" class=\"ut-accordion-body collapse\"><div class=\"ut-accordion-inner entry-content clearfix\">\n<ul>\n<li>Posgrado Cultura visual y g\u00e9nero. Los dilemas de ser vistas, Programa Universitario de Estudios de G\u00e9nero, UNAM, M\u00e9xico D.F. [prof. Invitada], 2018.<\/li>\n<li>Posgrado Sex plays. Penser les objects du sexe du pr\u00e9sent, M\u00e1ster en Dise\u00f1o Transdisciplinar, Culturas y Territorios, Universit\u00e9 de Toulouse Jean Jaur\u00e8s, (Francia), 2017.<\/li>\n<\/ul>\n<\/div><\/div>\n<div id=\"ut-accordion-parent-4\" class=\"ut-accordion\"><div class=\"ut-accordion-group\"><\/div><\/div> <div class=\"ut-accordion-heading \"><a data-parent=\"#ut-accordion-parent-4\" class=\"accordion-toggle collapsed \" data-toggle=\"collapse\" data-target=\"#accordion3\">L\u00edneas de investigaci\u00f3n<\/a><\/div><div id=\"accordion3\" class=\"ut-accordion-body collapse\"><div class=\"ut-accordion-inner entry-content clearfix\">\n<ul>\n<li>Genealog\u00eda de pr\u00e1cticas art\u00edsticas transfeministas en el estado espa\u00f1ol<\/li>\n<li>Fronteras flu\u00eddas. Contaminaciones entre artes visuales, industrias culturales y activismos queer\/cuir.<\/li>\n<\/ul>\n<\/div><\/div>\n<div id=\"ut-accordion-parent-5\" class=\"ut-accordion\"><div class=\"ut-accordion-group\"><\/div><\/div> <div class=\"ut-accordion-heading \"><a data-parent=\"#ut-accordion-parent-5\" class=\"accordion-toggle collapsed \" data-toggle=\"collapse\" data-target=\"#accordion4\">Enlace a web personal<\/a><\/div><div id=\"accordion4\" class=\"ut-accordion-body collapse\"><div class=\"ut-accordion-inner entry-content clearfix\">\n<p><a href=\"http:\/\/www.orgiaprojects.org\/\">http:\/\/www.orgiaprojects.org\/<\/a><\/p>\n<\/div><\/div>\n<div id=\"ut-accordion-parent-6\" class=\"ut-accordion\"><div class=\"ut-accordion-group\"><\/div><\/div> <div class=\"ut-accordion-heading \"><a data-parent=\"#ut-accordion-parent-6\" class=\"accordion-toggle collapsed \" data-toggle=\"collapse\" data-target=\"#accordion5\">Exposiciones individuales<\/a><\/div><div id=\"accordion5\" class=\"ut-accordion-body collapse\"><div class=\"ut-accordion-inner entry-content clearfix\">\n<ul>\n<li>En los bajos de la Pir\u00e1mide Invertida, Centro Cultural Puertas de Castilla, Murcia,, 2018, comisarios: Daniel Soriano y Pablo Sandoval, cat\u00e1logo.<\/li>\n<\/ul>\n<\/div><\/div>\n<div id=\"ut-accordion-parent-7\" class=\"ut-accordion\"><div class=\"ut-accordion-group\"><\/div><\/div> <div class=\"ut-accordion-heading \"><a data-parent=\"#ut-accordion-parent-7\" class=\"accordion-toggle collapsed \" data-toggle=\"collapse\" data-target=\"#accordion6\">Exposiciones colectivas<\/a><\/div><div id=\"accordion6\" class=\"ut-accordion-body collapse\"><div class=\"ut-accordion-inner entry-content clearfix\">\n<ul>\n<li style=\"font-weight: 400\"><i><span style=\"font-weight: 400\">\u00a1Feminismos!, <\/span><\/i><span style=\"font-weight: 400\">CCCB, Centro de Cultura Contempor\u00e1nea de Barcelona, Barcelona, 2019, comisarias: Marta Segarra y Gabrielle Schor.<\/span><\/li>\n<li style=\"font-weight: 400\"><i><span style=\"font-weight: 400\">Esther Ferrer, 2, 3, 5, 7, 11, 13, 17, 19, 23\u2026 <\/span><\/i><span style=\"font-weight: 400\">Tabakalera, Centro Internacional de Cultura Contempor\u00e1nea, San Sebasti\u00e1n, 2019, comisaria del ciclo de performance: Esther Ferrer, cat\u00e1logo.<\/span><\/li>\n<li style=\"font-weight: 400\"><i><span style=\"font-weight: 400\">Nuestro deseo es una Revoluci\u00f3n. Im\u00e1genes de la diversidad sexual en el Estado espa\u00f1ol (1977-2017), <\/span><\/i><span style=\"font-weight: 400\">CentroCentroCibeles, Madrid, 2017, comisarios: Juan Guardiola y Juan Antonio Su\u00e1rez.<\/span><\/li>\n<li style=\"font-weight: 400\"><i><span style=\"font-weight: 400\">Al\u00e9n dos X\u00e9neros. Pr\u00e1cticas Art\u00edsticas Feministas en Galicia<\/span><\/i><span style=\"font-weight: 400\">, MARCO de Vigo, 2017, comisaria: Anxela Caram\u00e9s.<\/span><\/li>\n<li style=\"font-weight: 400\"><i><span style=\"font-weight: 400\">M\u00faltiplo de 100. Archivo feminismos post-identitarios<\/span><\/i><span style=\"font-weight: 400\">, CAS, Centro experimental y tecnol\u00f3gico para la Cultura y las Artes de Sevilla y UNIA, Sevilla, 2014, comisaria: Mar Villaespesa.<\/span><\/li>\n<li style=\"font-weight: 400\"><i><span style=\"font-weight: 400\">Po\u00e9ticas y pr\u00e1cticas ecofeministas\u2026o c\u00f3mo salirse del gui\u00f3n<\/span><\/i><span style=\"font-weight: 400\">, MICG\u00e9nero, Centro Cultural de Espa\u00f1a en M\u00e9xico, Ciudad de M\u00e9xico, 2013, comisaria: Bel\u00e9n Romero, cat\u00e1logo.<\/span><\/li>\n<li style=\"font-weight: 400\"><i><span style=\"font-weight: 400\">Genealog\u00edas feministas en el arte espa\u00f1ol: 1960-2010<\/span><\/i><span style=\"font-weight: 400\">, MUSAC, Le\u00f3n, 2012, comisarios: Juan Vicente Aliaga y Patricia Mayayo, cat\u00e1logo.<\/span><\/li>\n<li style=\"font-weight: 400\"><i><span style=\"font-weight: 400\">Contrase\u00f1as. Nuevas representaciones sobre la femineidad. Ciclo 10. Est\u00e1 en mi Cabeza. Detr\u00e1s de los Ojos. Instrucciones de g\u00e9nero introyectadas<\/span><\/i><span style=\"font-weight: 400\">, Centro Cultural Montehermoso, Vitoria-Gasteiz, 2010, comisarias: Saioa Olmo y Haizea Barcenilla, cat\u00e1logo.<\/span><\/li>\n<li style=\"font-weight: 400\"><i><span style=\"font-weight: 400\">\u00a1Aqu\u00ed y Ahora! Nuevas formas de acci\u00f3n feminista<\/span><\/i><span style=\"font-weight: 400\">, Sala Rekalde, Bilbao, 2008, comisarias: Est\u00edbaliz Sadaba y Azucena Vieites (ErreakzioaReacci\u00f3n), cat\u00e1logo.<\/span><\/li>\n<li style=\"font-weight: 400\"><i><span style=\"font-weight: 400\">Jardines Sonoros. La Noche en Blanco de Madrid<\/span><\/i><span style=\"font-weight: 400\">, Fundaci\u00f3n Ortega y Gasset, Madrid, 2007, comisario: David Rodr\u00edguez Caballero.<\/span><\/li>\n<li style=\"font-weight: 400\"><i>Fugas subversivas. Reflexiones h\u00edbrida(s) sobre la(s) identidad(es)<\/i>, La Nau, Universidad de Valencia, 2005, comisarias: R\u00edan Lozano y Johanna Caplliure, cat\u00e1logo.<\/li>\n<\/ul>\n<\/div><\/div>\n<div id=\"ut-accordion-parent-8\" class=\"ut-accordion\"><div class=\"ut-accordion-group\"><\/div><\/div> <div class=\"ut-accordion-heading \"><a data-parent=\"#ut-accordion-parent-8\" class=\"accordion-toggle collapsed \" data-toggle=\"collapse\" data-target=\"#accordion7\">Libros<\/a><\/div><div id=\"accordion7\" class=\"ut-accordion-body collapse\"><div class=\"ut-accordion-inner entry-content clearfix\">\n<ul>\n<li style=\"font-weight: 400\"><span style=\"font-weight: 400\">Elena-Urko, O.R.G.I.A y Parole de Queer, \u201cLa papitriz, l\u2019enamorade y la loca. Un breve revolc\u00f3n transmarikabollo con el tarot\u201d, en VVAA:<\/span><i><span style=\"font-weight: 400\"> (h)amor5 h\u00famedo<\/span><\/i><span style=\"font-weight: 400\">, Editorial Continta me tienes, Madrid, 2020.<\/span><\/li>\n<li style=\"font-weight: 400\"><span style=\"font-weight: 400\">O.R.G.I.A, \u201cCap\u00edtulo 7\u201d, en Sala I Brotons, Irene\u00a0 y Torres, Marian\u00a0 (Parole de Queer): <\/span><i><span style=\"font-weight: 400\">Super-bollo contra la L.E.F.A<\/span><\/i><span style=\"font-weight: 400\">.. Continta me tienes, Barcelona, 2020<\/span><\/li>\n<li style=\"font-weight: 400\"><span style=\"font-weight: 400\">O.R.G.I.A, \u201cEncarnando el archivo. Somos calle, somos lucha, somos historia, somos nosotras\u201d, en Trujillo, Gracia y Berzosa, Alberto [eds.]:<\/span><i><span style=\"font-weight: 400\"> Fiestas, memorias y archivos. Pol\u00edtica sexual disidente y resistencias cotidianas en Espa\u00f1a en los a\u00f1os 70<\/span><\/i><span style=\"font-weight: 400\">, Madrid: Brumaria, Madrid, 2019.<\/span><\/li>\n<li style=\"font-weight: 400\">O.R.G.I.A, \u201cDildo o Disfrutador\u201d y \u201cFisting\u201d; en Lucas Platero, R.; Ros\u00f3n, M. y Ortega, E. [eds.]: <i>Barbarismos queer y otras esdr\u00fajulas<\/i>. Edicions Bellaterra, Barcelona, 2017.<\/li>\n<\/ul>\n<\/div><\/div>\n<div id=\"ut-accordion-parent-9\" class=\"ut-accordion\"><div class=\"ut-accordion-group\"><\/div><\/div> <div class=\"ut-accordion-heading \"><a data-parent=\"#ut-accordion-parent-9\" class=\"accordion-toggle collapsed \" data-toggle=\"collapse\" data-target=\"#accordion8\">Art\u00edculos en revistas<\/a><\/div><div id=\"accordion8\" class=\"ut-accordion-body collapse\"><div class=\"ut-accordion-inner entry-content clearfix\">\n<ul>\n<li style=\"font-weight: 400\"><span style=\"font-weight: 400\">Grupo de investigaci\u00f3n del IEP (Instituto de Estudios del Porno), \u201cManifiesto parcial: permacultura visual contra las derivas sex\u00f3fobas y discriminatorias@, en <\/span><i><span style=\"font-weight: 400\">Re-visiones<\/span><\/i><span style=\"font-weight: 400\">, n.\u00ba 11, Universidad Complutense de Madrid, 2021.<\/span><\/li>\n<li style=\"font-weight: 400\"><span style=\"font-weight: 400\">O.R.G.I.A, \u201cApocalypse-Calipso\u201d, en <\/span><i><span style=\"font-weight: 400\">Re-visiones<\/span><\/i><span style=\"font-weight: 400\">, n.\u00ba 10, Universidad Complutense de Madrid, 2020.<\/span><\/li>\n<li style=\"font-weight: 400\">O.R.G.I.A,\u00a0 \u201c40 a\u00f1os SON\u201d, en <i>Arte y Pol\u00edticas de Identidad<\/i>, n.\u00ba 16, Universidad de Murcia, 2017.<\/li>\n<\/ul>\n<\/div><\/div>\n<div id=\"ut-accordion-parent-10\" class=\"ut-accordion\"><div class=\"ut-accordion-group\"><\/div><\/div> <div class=\"ut-accordion-heading \"><a data-parent=\"#ut-accordion-parent-10\" class=\"accordion-toggle collapsed \" data-toggle=\"collapse\" data-target=\"#accordion9\">Comisariados<\/a><\/div><div id=\"accordion9\" class=\"ut-accordion-body collapse\"><div class=\"ut-accordion-inner entry-content clearfix\">\n<ul>\n<li><span style=\"font-weight: 400\">Hig\u00f3n Cardete, Beatriz y Sanchez Arenas, Bibiana de la Soledad [comisarias], <\/span><i><span style=\"font-weight: 400\">Exposici\u00f3n de Proyectos<\/span><\/i><span style=\"font-weight: 400\">, Centro Cultural de Altea, 2021.<\/span><\/li>\n<\/ul>\n<\/div><\/div>\n<div id=\"ut-accordion-parent-11\" class=\"ut-accordion\"><div class=\"ut-accordion-group\"><\/div><\/div> <div class=\"ut-accordion-heading \"><a data-parent=\"#ut-accordion-parent-11\" class=\"accordion-toggle collapsed \" data-toggle=\"collapse\" data-target=\"#accordion10\">Premios y becas<\/a><\/div><div id=\"accordion10\" class=\"ut-accordion-body collapse\"><div class=\"ut-accordion-inner entry-content clearfix\">\n<ul>\n<li style=\"font-weight: 400\"><span style=\"font-weight: 400\">O.R.G.I.A, finalistas en Premios de adquisici\u00f3n compromiso social en las artes visuales de la Biennal de Mislata &#8220;Miquel Navarro&#8221; 2019.<\/span><\/li>\n<li style=\"font-weight: 400\"><i><span style=\"font-weight: 400\">Beca en Arteleku para<\/span><\/i><span style=\"font-weight: 400\"> La Repolitizaci\u00f3n del Espacio Sexual en las Pr\u00e1cticas Art\u00edsticas Contempor\u00e1neas, Donostia, 2004 .<\/span><\/li>\n<li style=\"font-weight: 400\"><span style=\"font-weight: 400\">Beca Erasmus, 2002.<\/span><\/li>\n<\/ul>\n<\/div><\/div>\n<div id=\"ut-accordion-parent-12\" class=\"ut-accordion\"><div class=\"ut-accordion-group\"><\/div><\/div><div class=\"ut-accordion-heading \"><a data-parent=\"#ut-accordion-parent-12\" class=\"accordion-toggle collapsed \" data-toggle=\"collapse\" data-target=\"#accordion11\">Obra en colecciones de arte<\/a><\/div><div id=\"accordion11\" class=\"ut-accordion-body collapse\"><div class=\"ut-accordion-inner entry-content clearfix\">\n<ul>\n<li style=\"font-weight: 400\"><span style=\"font-weight: 400\">Colecci\u00f3n municipal del Ayuntamiento de Alicante, 2021.<\/span><\/li>\n<li style=\"font-weight: 400\"><span style=\"font-weight: 400\">Centro Cultural Puertas de Castilla, Murcia, 2018.<\/span><\/li>\n<li style=\"font-weight: 400\"><span style=\"font-weight: 400\">Cabildo Insular de Fuerte Ventura, 2017.<\/span><\/li>\n<\/ul>\n<\/div><\/div>\n<div id=\"ut-accordion-parent-13\" class=\"ut-accordion\"><div class=\"ut-accordion-group\"><\/div><\/div> <div class=\"ut-accordion-heading \"><a data-parent=\"#ut-accordion-parent-13\" class=\"accordion-toggle collapsed \" data-toggle=\"collapse\" data-target=\"#accordion12\">Otros<\/a><\/div><div id=\"accordion12\" class=\"ut-accordion-body collapse\"><div class=\"ut-accordion-inner entry-content clearfix\">\n<ul>\n<li><span style=\"font-weight: 400\">Hasta 5 aportaciones tipo patente, direcci\u00f3n de festivales, estancias en el extranjero, etc\u2026 realmente relevantes, incluyendo s\u00f3lo la informaci\u00f3n resumida.\u00a0<\/span><\/li>\n<\/ul>\n<\/div><\/div>\n<\/div><\/div>\n<\/div>\n<div  class=\"ut-one-half ut-column-last  \">\n<p>\n\t\t\t<!-- START BeaH REVOLUTION SLIDER 6.5.14 --><p class=\"rs-p-wp-fix\"><\/p>\n\t\t\t<rs-module-wrap id=\"rev_slider_84_1_wrapper\" data-source=\"gallery\" style=\"visibility:hidden;background:transparent;padding:0;margin:0px auto;margin-top:0;margin-bottom:0;\">\n\t\t\t\t<rs-module id=\"rev_slider_84_1\" style=\"\" data-version=\"6.5.14\">\n\t\t\t\t\t<rs-slides>\n\t\t\t\t\t\t<rs-slide style=\"position: absolute;\" data-key=\"rs-672\" data-title=\"Slide\" data-thumb=\"\/\/campusaltea.umh.es\/files\/2023\/02\/1_ORGIA_40an\u0303osSON_2017-2-654x1024-1-100x50.jpg\" data-in=\"o:0;\" data-out=\"a:false;\">\n\t\t\t\t\t\t\t<img src=\"\/\/campusaltea.umh.es\/wp-content\/plugins\/revslider\/public\/assets\/assets\/dummy.png\" alt=\"\" title=\"1_ORGIA_40an\u0303osSON_2017-2-654&#215;1024\" width=\"654\" height=\"1024\" class=\"rev-slidebg tp-rs-img rs-lazyload\" data-lazyload=\"\/\/campusaltea.umh.es\/files\/2023\/02\/1_ORGIA_40an\u0303osSON_2017-2-654x1024-1.jpg\" data-bg=\"f:contain;\" data-no-retina>\n<!---->\t\t\t\t\t\t<\/rs-slide>\n\t\t\t\t\t\t<rs-slide style=\"position: absolute;\" data-key=\"rs-675\" data-title=\"Slide\" data-thumb=\"\/\/campusaltea.umh.es\/files\/2023\/02\/2_ORGIA_La-Faraona-sarco\u0301fago_2017-2018-1024x866-1-100x50.jpg\" data-in=\"o:0;\" data-out=\"a:false;\">\n\t\t\t\t\t\t\t<img src=\"\/\/campusaltea.umh.es\/wp-content\/plugins\/revslider\/public\/assets\/assets\/dummy.png\" alt=\"\" title=\"2_ORGIA_La-Faraona-sarco\u0301fago_2017-2018-1024&#215;866\" width=\"1024\" height=\"866\" class=\"rev-slidebg tp-rs-img rs-lazyload\" data-lazyload=\"\/\/campusaltea.umh.es\/files\/2023\/02\/2_ORGIA_La-Faraona-sarco\u0301fago_2017-2018-1024x866-1.jpg\" data-bg=\"f:contain;\" data-no-retina>\n<!---->\t\t\t\t\t\t<\/rs-slide>\n\t\t\t\t\t\t<rs-slide style=\"position: absolute;\" data-key=\"rs-678\" data-title=\"Slide\" data-thumb=\"\/\/campusaltea.umh.es\/files\/2023\/02\/3_O.R.G.I.A.06Autoerotica-1-100x50.jpg\" data-in=\"o:0;\" data-out=\"a:false;\">\n\t\t\t\t\t\t\t<img src=\"\/\/campusaltea.umh.es\/wp-content\/plugins\/revslider\/public\/assets\/assets\/dummy.png\" alt=\"\" title=\"3_O.R.G.I.A.06Autoerotica-1\" width=\"1333\" height=\"750\" class=\"rev-slidebg tp-rs-img rs-lazyload\" data-lazyload=\"\/\/campusaltea.umh.es\/files\/2023\/02\/3_O.R.G.I.A.06Autoerotica-1.jpg\" data-bg=\"f:contain;\" data-no-retina>\n<!---->\t\t\t\t\t\t<\/rs-slide>\n\t\t\t\t\t<\/rs-slides>\n\t\t\t\t<\/rs-module>\n\t\t\t\t<script>\n\t\t\t\t\tsetREVStartSize({c: 'rev_slider_84_1',rl:[1240,1024,778,480],el:[868],gw:[1240],gh:[868],type:'standard',justify:'',layout:'fullwidth',mh:\"0\"});if (window.RS_MODULES!==undefined && window.RS_MODULES.modules!==undefined && window.RS_MODULES.modules[\"revslider841\"]!==undefined) {window.RS_MODULES.modules[\"revslider841\"].once = false;window.revapi84 = undefined;if (window.RS_MODULES.checkMinimal!==undefined) window.RS_MODULES.checkMinimal()}\n\t\t\t\t<\/script>\n\t\t\t<\/rs-module-wrap>\n\t\t\t<!-- END REVOLUTION SLIDER -->\n<br \/>\n<\/div><div class=\"clear\"><\/div>\n","protected":false},"excerpt":{"rendered":"Beatriz Hig\u00f3n Cardete Desarrolla l\u00edneas de investigaci\u00f3n sobre la genealog\u00eda de pr\u00e1cticas art\u00edsticas transfeministas en el estado espa\u00f1ol, as\u00ed como sobre las contaminaciones entre artes visuales, industrias culturales y activismos queer\/cuir. Su trayectoria est\u00e1 vinculada a las pr\u00e1cticas art\u00edsticas y activistas en colectivo, siempre desde las pol\u00edticas identitarias en cruce con el feminismo. As\u00ed mismo, [...]","protected":false},"author":469,"featured_media":0,"parent":0,"menu_order":0,"comment_status":"closed","ping_status":"closed","template":"","meta":{"_links_to":"","_links_to_target":""},"_links":{"self":[{"href":"https:\/\/campusaltea.umh.es\/en\/wp-json\/wp\/v2\/pages\/6483"}],"collection":[{"href":"https:\/\/campusaltea.umh.es\/en\/wp-json\/wp\/v2\/pages"}],"about":[{"href":"https:\/\/campusaltea.umh.es\/en\/wp-json\/wp\/v2\/types\/page"}],"author":[{"embeddable":true,"href":"https:\/\/campusaltea.umh.es\/en\/wp-json\/wp\/v2\/users\/469"}],"replies":[{"embeddable":true,"href":"https:\/\/campusaltea.umh.es\/en\/wp-json\/wp\/v2\/comments?post=6483"}],"version-history":[{"count":0,"href":"https:\/\/campusaltea.umh.es\/en\/wp-json\/wp\/v2\/pages\/6483\/revisions"}],"wp:attachment":[{"href":"https:\/\/campusaltea.umh.es\/en\/wp-json\/wp\/v2\/media?parent=6483"}],"curies":[{"name":"wp","href":"https:\/\/api.w.org\/{rel}","templated":true}]}}