{"id":5022,"date":"2017-02-07T16:35:07","date_gmt":"2017-02-07T16:35:07","guid":{"rendered":"http:\/\/campusaltea.umh.es\/?page_id=5022"},"modified":"2017-02-07T16:35:07","modified_gmt":"2017-02-07T16:35:07","slug":"maria-mingot","status":"publish","type":"page","link":"https:\/\/campusaltea.umh.es\/en\/maria-mingot\/","title":{"rendered":"Mar\u00eda Mingot"},"content":{"rendered":"<div  class=\"ut-one-half  \">\n<p style=\"text-align: justify;\"><a href=\"http:\/\/campusaltea.umh.es\/files\/2016\/07\/Mar\u00eda-Mingot-e1486484876672.jpg\"><img loading=\"lazy\" class=\" size-thumbnail wp-image-4336 alignleft\" src=\"http:\/\/campusaltea.umh.es\/files\/2016\/07\/Mar\u00eda-Mingot-150x150.jpg\" alt=\"maria-mingot\" width=\"150\" height=\"150\" \/><\/a>Estudi\u00e9 Bellas Artes, ya que desde siempre una de mis pasiones hab\u00eda sido dibujar, y poder materializar todo aquello que tenia en mi mente. La facultad de Bellas de Artes de Altea me permiti\u00f3 formarme y empezar a crear mi futuro profesional, ayud\u00e1ndome a encontrar y descubrir qu\u00e9 era lo que m\u00e1s me gustaba de todos aquellos nuevos conocimientos que estaba adquiriendo, abriendo mi mente y haci\u00e9ndome ver que el arte iba m\u00e1s all\u00e1 de un simple dibujo. El ambiente familiar y acogedor de la universidad me permitieron sentirme como en casa, y compartir con mis compa\u00f1eros no solo clases, si no tambi\u00e9n aficiones.<\/p>\n<p style=\"text-align: justify;\">Aunque una de las cosas que m\u00e1s ech\u00e9 de menos es poder tener compa\u00f1eros de otras carreras, en los que poder compartir proyectos y colaboraciones, como podr\u00edan ser los estudiantes de comunicaci\u00f3n audiovisual.<\/p>\n<p style=\"text-align: justify;\">Por otra parte me hubiese gustado tener m\u00e1s profesores, o que se impartieran talleres de profesionales que se dedicaran al mundo del dise\u00f1o, la animaci\u00f3n, la ilustraci\u00f3n digital o el 3D, ya que actualmente algunos de los puestos de trabajo que est\u00e1n m\u00e1s en auge est\u00e1n en estos sectores.<\/p>\n<p style=\"text-align: justify;\">A pesar de todo una de las cosas que m\u00e1s puedo destacar de la facultad son los talleres donde se impart\u00edan las clases, ya que contaban con grandes recursos y prestaciones a la hora de poder crear tu obra. Siendo as\u00ed la universidad de Altea una universidad moderna, que ha ido creciendo poco a poco por mejorar e implementar nuevas tecnolog\u00edas adapt\u00e1ndose a las necesidades actuales, una pena no haber podido disfrutar de los nuevos talleres cuando yo estudiaba.<\/p>\n<p style=\"text-align: justify;\">Y para finalizar decir que, me llevo de la facultad grandes recuerdos, no solo de compa\u00f1eros sino tambi\u00e9n de profesores, lo cuales han hecho que me forme no solo como artista sino tambi\u00e9n como persona.<\/p>\n<\/div>\n<div  class=\"ut-one-half ut-column-last  \">\n<p><a href=\"http:\/\/www.mariamingot.com\/\">http:\/\/www.mariamingot.com\/<\/a><\/p>\n<p>\n\t\t\t<!-- START mingot REVOLUTION SLIDER 6.5.14 --><p class=\"rs-p-wp-fix\"><\/p>\n\t\t\t<rs-module-wrap id=\"rev_slider_33_1_wrapper\" data-source=\"gallery\" style=\"visibility:hidden;background:transparent;padding:0;margin:0px auto;margin-top:0;margin-bottom:0;\">\n\t\t\t\t<rs-module id=\"rev_slider_33_1\" style=\"\" data-version=\"6.5.14\">\n\t\t\t\t\t<rs-slides>\n\t\t\t\t\t\t<rs-slide style=\"position: absolute;\" data-key=\"rs-239\" data-title=\"Slide\" data-thumb=\"\/\/campusaltea.umh.es\/files\/2017\/02\/Mar\u00eda-Mingot-obraMariaMingot01-100x50.jpg\" data-anim=\"ms:600;\" data-in=\"o:0;\" data-out=\"a:false;\">\n\t\t\t\t\t\t\t<img src=\"\/\/campusaltea.umh.es\/wp-content\/plugins\/revslider\/public\/assets\/assets\/dummy.png\" alt=\"\" title=\"Mar\u00eda Mingot\" class=\"rev-slidebg tp-rs-img rs-lazyload\" data-lazyload=\"\/\/campusaltea.umh.es\/files\/2017\/02\/Mar\u00eda-Mingot-obraMariaMingot01.jpg\" data-bg=\"f:contain;\" data-no-retina>\n<!---->\t\t\t\t\t\t<\/rs-slide>\n\t\t\t\t\t\t<rs-slide style=\"position: absolute;\" data-key=\"rs-240\" data-title=\"Slide\" data-thumb=\"\/\/campusaltea.umh.es\/files\/2017\/02\/Mar\u00eda-Mingot-obraMariaMingot02-100x50.jpg\" data-anim=\"ms:600;\" data-in=\"o:0;\" data-out=\"a:false;\">\n\t\t\t\t\t\t\t<img src=\"\/\/campusaltea.umh.es\/wp-content\/plugins\/revslider\/public\/assets\/assets\/dummy.png\" alt=\"\" title=\"Mar\u00eda Mingot\" class=\"rev-slidebg tp-rs-img rs-lazyload\" data-lazyload=\"\/\/campusaltea.umh.es\/files\/2017\/02\/Mar\u00eda-Mingot-obraMariaMingot02.jpg\" data-bg=\"f:contain;\" data-no-retina>\n<!---->\t\t\t\t\t\t<\/rs-slide>\n\t\t\t\t\t\t<rs-slide style=\"position: absolute;\" data-key=\"rs-241\" data-title=\"Slide\" data-thumb=\"\/\/campusaltea.umh.es\/files\/2017\/02\/Mar\u00eda-Mingot-obraMariaMingot03-100x50.jpg\" data-anim=\"ms:600;\" data-in=\"o:0;\" data-out=\"a:false;\">\n\t\t\t\t\t\t\t<img src=\"\/\/campusaltea.umh.es\/wp-content\/plugins\/revslider\/public\/assets\/assets\/dummy.png\" alt=\"\" title=\"Mar\u00eda Mingot\" class=\"rev-slidebg tp-rs-img rs-lazyload\" data-lazyload=\"\/\/campusaltea.umh.es\/files\/2017\/02\/Mar\u00eda-Mingot-obraMariaMingot03.jpg\" data-bg=\"f:contain;\" data-no-retina>\n<!---->\t\t\t\t\t\t<\/rs-slide>\n\t\t\t\t\t\t<rs-slide style=\"position: absolute;\" data-key=\"rs-242\" data-title=\"Slide\" data-thumb=\"\/\/campusaltea.umh.es\/files\/2017\/02\/Mar\u00eda-Mingot-obraMariaMingot04-100x50.jpg\" data-anim=\"ms:600;\" data-in=\"o:0;\" data-out=\"a:false;\">\n\t\t\t\t\t\t\t<img src=\"\/\/campusaltea.umh.es\/wp-content\/plugins\/revslider\/public\/assets\/assets\/dummy.png\" alt=\"\" title=\"Mar\u00eda Mingot\" class=\"rev-slidebg tp-rs-img rs-lazyload\" data-lazyload=\"\/\/campusaltea.umh.es\/files\/2017\/02\/Mar\u00eda-Mingot-obraMariaMingot04.jpg\" data-bg=\"f:contain;\" data-no-retina>\n<!---->\t\t\t\t\t\t<\/rs-slide>\n\t\t\t\t\t\t<rs-slide style=\"position: absolute;\" data-key=\"rs-243\" data-title=\"Slide\" data-thumb=\"\/\/campusaltea.umh.es\/files\/2017\/02\/Mar\u00eda-Mingot-obraMariaMingot05-100x50.jpg\" data-anim=\"ms:600;\" data-in=\"o:0;\" data-out=\"a:false;\">\n\t\t\t\t\t\t\t<img src=\"\/\/campusaltea.umh.es\/wp-content\/plugins\/revslider\/public\/assets\/assets\/dummy.png\" alt=\"\" title=\"Mar\u00eda Mingot\" class=\"rev-slidebg tp-rs-img rs-lazyload\" data-lazyload=\"\/\/campusaltea.umh.es\/files\/2017\/02\/Mar\u00eda-Mingot-obraMariaMingot05.jpg\" data-bg=\"f:contain;\" data-no-retina>\n<!---->\t\t\t\t\t\t<\/rs-slide>\n\t\t\t\t\t\t<rs-slide style=\"position: absolute;\" data-key=\"rs-244\" data-title=\"Slide\" data-thumb=\"\/\/campusaltea.umh.es\/files\/2017\/02\/Mar\u00eda-Mingot-obraMariaMingot06-100x50.jpg\" data-anim=\"ms:600;\" data-in=\"o:0;\" data-out=\"a:false;\">\n\t\t\t\t\t\t\t<img src=\"\/\/campusaltea.umh.es\/wp-content\/plugins\/revslider\/public\/assets\/assets\/dummy.png\" alt=\"\" title=\"Mar\u00eda Mingot\" class=\"rev-slidebg tp-rs-img rs-lazyload\" data-lazyload=\"\/\/campusaltea.umh.es\/files\/2017\/02\/Mar\u00eda-Mingot-obraMariaMingot06.jpg\" data-bg=\"f:contain;\" data-no-retina>\n<!---->\t\t\t\t\t\t<\/rs-slide>\n\t\t\t\t\t<\/rs-slides>\n\t\t\t\t<\/rs-module>\n\t\t\t\t<script>\n\t\t\t\t\tsetREVStartSize({c: 'rev_slider_33_1',rl:[1240,1024,778,480],el:[],gw:[1240],gh:[868],type:'standard',justify:'',layout:'fullwidth',mh:\"0\"});if (window.RS_MODULES!==undefined && window.RS_MODULES.modules!==undefined && window.RS_MODULES.modules[\"revslider331\"]!==undefined) {window.RS_MODULES.modules[\"revslider331\"].once = false;window.revapi33 = undefined;if (window.RS_MODULES.checkMinimal!==undefined) window.RS_MODULES.checkMinimal()}\n\t\t\t\t<\/script>\n\t\t\t<\/rs-module-wrap>\n\t\t\t<!-- END REVOLUTION SLIDER -->\n<\/p>\n<\/div><div class=\"clear\"><\/div>\n","protected":false},"excerpt":{"rendered":"Estudi\u00e9 Bellas Artes, ya que desde siempre una de mis pasiones hab\u00eda sido dibujar, y poder materializar todo aquello que tenia en mi mente. La facultad de Bellas de Artes de Altea me permiti\u00f3 formarme y empezar a crear mi futuro profesional, ayud\u00e1ndome a encontrar y descubrir qu\u00e9 era lo que m\u00e1s me gustaba de [...]","protected":false},"author":469,"featured_media":0,"parent":0,"menu_order":0,"comment_status":"closed","ping_status":"open","template":"","meta":{"_links_to":"","_links_to_target":""},"_links":{"self":[{"href":"https:\/\/campusaltea.umh.es\/en\/wp-json\/wp\/v2\/pages\/5022"}],"collection":[{"href":"https:\/\/campusaltea.umh.es\/en\/wp-json\/wp\/v2\/pages"}],"about":[{"href":"https:\/\/campusaltea.umh.es\/en\/wp-json\/wp\/v2\/types\/page"}],"author":[{"embeddable":true,"href":"https:\/\/campusaltea.umh.es\/en\/wp-json\/wp\/v2\/users\/469"}],"replies":[{"embeddable":true,"href":"https:\/\/campusaltea.umh.es\/en\/wp-json\/wp\/v2\/comments?post=5022"}],"version-history":[{"count":0,"href":"https:\/\/campusaltea.umh.es\/en\/wp-json\/wp\/v2\/pages\/5022\/revisions"}],"wp:attachment":[{"href":"https:\/\/campusaltea.umh.es\/en\/wp-json\/wp\/v2\/media?parent=5022"}],"curies":[{"name":"wp","href":"https:\/\/api.w.org\/{rel}","templated":true}]}}