{"id":5010,"date":"2017-02-07T15:27:09","date_gmt":"2017-02-07T15:27:09","guid":{"rendered":"http:\/\/campusaltea.umh.es\/?page_id=5010"},"modified":"2017-02-07T15:39:21","modified_gmt":"2017-02-07T15:39:21","slug":"boris-ramirez","status":"publish","type":"page","link":"https:\/\/campusaltea.umh.es\/en\/boris-ramirez\/","title":{"rendered":"Boris Ram\u00edrez"},"content":{"rendered":"<p><div  class=\"ut-one-half  \">\n<p><img loading=\"lazy\" class=\" size-thumbnail wp-image-5016 alignleft\" src=\"http:\/\/campusaltea.umh.es\/files\/2017\/02\/boris_ramirez-150x150.jpg\" alt=\"boris_ramirez\" width=\"150\" height=\"150\" \/><\/p>\n<p style=\"text-align: justify;\">Los a\u00f1ostranscurridos en la Facultad de Bellas Artes de Altea de la Universidad Miguel Hern\u00e1ndez, en mi experiencia, fueron unos a\u00f1os de prueba y experimentaci\u00f3n. A pesar de haber tenido siempre claro qu\u00e9 era lo que quer\u00eda hacer, y cu\u00e1les eran mis disciplinas predilectas, casi todo aquello que la carrera me propuso, fue de buen provecho. En mi caso, las obligaciones que la licenciatura exig\u00eda, as\u00ed como el tener que estudiar, entender y desarrollar disciplinas que, en un principio, no entend\u00eda \u00fatiles o necesarias para poder dedicar mis esfuerzos a aquello que de verdad quer\u00eda dedicarme, fue lo mejor que saqu\u00e9 de mis estudios. Y a pesar de que, de momento, me encuentre trabajando aquello que pretend\u00eda trabajar mucho antes de matricularme en la Universidad, reconozco que no podr\u00eda hacerlo sin haber estudiado todas esas disciplinas tan dispares que, en alg\u00fan momento, seguro maldije. Todas ellas me permitieron, con los estudios terminados y un desconocimiento total de qu\u00e9 hacer o hacia d\u00f3nde ir, probar en docenas de concursos, trabajos y proyectos, aumentando de forma notable mi experiencia y, con ello, mis posibilidades de encontrar lo que de verdad buscaba. Est\u00e1 claro que siempre me he dirigido hacia el c\u00f3mic y la ilustraci\u00f3n, pero esa base multidisciplinar ha sido la que me ha permitido llegar hasta \u00e9l de forma profesional.<\/p>\n<p style=\"text-align: justify;\"><\/div>\n<p style=\"text-align: justify;\"><div  class=\"ut-one-half ut-column-last  \">\n<p style=\"text-align: justify;\">\n\t\t\t<!-- START boris REVOLUTION SLIDER 6.5.14 --><p class=\"rs-p-wp-fix\"><\/p>\n\t\t\t<rs-module-wrap id=\"rev_slider_32_2_wrapper\" data-source=\"gallery\" style=\"visibility:hidden;background:transparent;padding:0;margin:0px auto;margin-top:0;margin-bottom:0;\">\n\t\t\t\t<rs-module id=\"rev_slider_32_2\" style=\"\" data-version=\"6.5.14\">\n\t\t\t\t\t<rs-slides>\n\t\t\t\t\t\t<rs-slide style=\"position: absolute;\" data-key=\"rs-230\" data-title=\"Slide\" data-thumb=\"\/\/campusaltea.umh.es\/files\/2017\/02\/Boris-Ram\u00edrez-comic-capit\u00e1n-arehucas-Boris-Ram\u00edrez-e1486481430241-100x50.jpg\" data-anim=\"ms:600;\" data-in=\"o:0;\" data-out=\"a:false;\">\n\t\t\t\t\t\t\t<img src=\"\/\/campusaltea.umh.es\/wp-content\/plugins\/revslider\/public\/assets\/assets\/dummy.png\" alt=\"\" title=\"Boris Ram\u00edrez\" class=\"rev-slidebg tp-rs-img rs-lazyload\" data-lazyload=\"\/\/campusaltea.umh.es\/files\/2017\/02\/Boris-Ram\u00edrez-comic-capit\u00e1n-arehucas-Boris-Ram\u00edrez-e1486481430241.jpg\" data-bg=\"f:contain;\" data-no-retina>\n<!---->\t\t\t\t\t\t<\/rs-slide>\n\t\t\t\t\t\t<rs-slide style=\"position: absolute;\" data-key=\"rs-231\" data-title=\"Slide\" data-thumb=\"\/\/campusaltea.umh.es\/files\/2017\/02\/Boris-Ram\u00edrez-coctelero-molotow-Boris-Ram\u00edrez-100x50.jpg\" data-anim=\"ms:600;\" data-in=\"o:0;\" data-out=\"a:false;\">\n\t\t\t\t\t\t\t<img src=\"\/\/campusaltea.umh.es\/wp-content\/plugins\/revslider\/public\/assets\/assets\/dummy.png\" alt=\"\" title=\"Boris Ram\u00edrez\" class=\"rev-slidebg tp-rs-img rs-lazyload\" data-lazyload=\"\/\/campusaltea.umh.es\/files\/2017\/02\/Boris-Ram\u00edrez-coctelero-molotow-Boris-Ram\u00edrez.jpg\" data-bg=\"f:contain;\" data-no-retina>\n<!---->\t\t\t\t\t\t<\/rs-slide>\n\t\t\t\t\t\t<rs-slide style=\"position: absolute;\" data-key=\"rs-232\" data-title=\"Slide\" data-thumb=\"\/\/campusaltea.umh.es\/files\/2017\/02\/Boris-Ram\u00edrez-cartel-todos-los-personajes-Boris-Ram\u00edrez-100x50.jpg\" data-anim=\"ms:600;\" data-in=\"o:0;\" data-out=\"a:false;\">\n\t\t\t\t\t\t\t<img src=\"\/\/campusaltea.umh.es\/wp-content\/plugins\/revslider\/public\/assets\/assets\/dummy.png\" alt=\"\" title=\"Boris Ram\u00edrez\" class=\"rev-slidebg tp-rs-img rs-lazyload\" data-lazyload=\"\/\/campusaltea.umh.es\/files\/2017\/02\/Boris-Ram\u00edrez-cartel-todos-los-personajes-Boris-Ram\u00edrez.jpg\" data-bg=\"f:contain;\" data-no-retina>\n<!---->\t\t\t\t\t\t<\/rs-slide>\n\t\t\t\t\t\t<rs-slide style=\"position: absolute;\" data-key=\"rs-233\" data-title=\"Slide\" data-thumb=\"\/\/campusaltea.umh.es\/files\/2017\/02\/Boris-Ram\u00edrez-capit\u00e1n-arehucas-Boris-Ram\u00edrez-100x50.jpg\" data-anim=\"ms:600;\" data-in=\"o:0;\" data-out=\"a:false;\">\n\t\t\t\t\t\t\t<img src=\"\/\/campusaltea.umh.es\/wp-content\/plugins\/revslider\/public\/assets\/assets\/dummy.png\" alt=\"\" title=\"Boris Ram\u00edrez\" class=\"rev-slidebg tp-rs-img rs-lazyload\" data-lazyload=\"\/\/campusaltea.umh.es\/files\/2017\/02\/Boris-Ram\u00edrez-capit\u00e1n-arehucas-Boris-Ram\u00edrez.jpg\" data-bg=\"f:contain;\" data-no-retina>\n<!---->\t\t\t\t\t\t<\/rs-slide>\n\t\t\t\t\t\t<rs-slide style=\"position: absolute;\" data-key=\"rs-234\" data-title=\"Slide\" data-thumb=\"\/\/campusaltea.umh.es\/files\/2017\/02\/Boris-Ram\u00edrez-bee-girl-100x50.jpg\" data-anim=\"ms:600;\" data-in=\"o:0;\" data-out=\"a:false;\">\n\t\t\t\t\t\t\t<img src=\"\/\/campusaltea.umh.es\/wp-content\/plugins\/revslider\/public\/assets\/assets\/dummy.png\" alt=\"\" title=\"Boris Ram\u00edrez\" class=\"rev-slidebg tp-rs-img rs-lazyload\" data-lazyload=\"\/\/campusaltea.umh.es\/files\/2017\/02\/Boris-Ram\u00edrez-bee-girl.jpg\" data-bg=\"f:contain;\" data-no-retina>\n<!---->\t\t\t\t\t\t<\/rs-slide>\n\t\t\t\t\t\t<rs-slide style=\"position: absolute;\" data-key=\"rs-235\" data-title=\"Slide\" data-thumb=\"\/\/campusaltea.umh.es\/files\/2017\/02\/Captura-de-pantalla-2017-02-07-a-las-16.19.47.png\" data-anim=\"ms:600;\" data-in=\"o:0;\" data-out=\"a:false;\">\n\t\t\t\t\t\t\t<img src=\"\/\/campusaltea.umh.es\/wp-content\/plugins\/revslider\/public\/assets\/assets\/dummy.png\" alt=\"Slide\" title=\"Boris Ram\u00edrez\" class=\"rev-slidebg tp-rs-img rs-lazyload\" data-lazyload=\"\/\/campusaltea.umh.es\/wp-content\/plugins\/revslider\/public\/assets\/assets\/transparent.png\" data-no-retina>\n<!--\n\t\t\t\t\t\t\t--><rs-layer\n\t\t\t\t\t\t\t\tid=\"slider-32-slide-235-layer-1\" \n\t\t\t\t\t\t\t\tclass=\"rs-layer-video intrinsic-ignore\"\n\t\t\t\t\t\t\t\tdata-type=\"video\"\n\t\t\t\t\t\t\t\tdata-rsp_ch=\"on\"\n\t\t\t\t\t\t\t\tdata-xy=\"x:c;y:c;\"\n\t\t\t\t\t\t\t\tdata-text=\"l:22;\"\n\t\t\t\t\t\t\t\tdata-dim=\"w:1200px;h:800px;\"\n\t\t\t\t\t\t\t\tdata-video=\"ap:false;v:100;vd:100;rwd:f;l:none;ptimer:true;nse:f;sav:f;\"\n\t\t\t\t\t\t\t\tdata-ytid=\"4sgNg2DwFvk\"\n\t\t\t\t\t\t\t\tdata-vatr=\"version=3&amp;enablejsapi=1&amp;html5=1&amp;volume=100&amp;hd=1&amp;wmode=opaque&amp;showinfo=0&amp;rel=0&amp;origin=https:\/\/campusaltea.umh.es;\"\n\t\t\t\t\t\t\t\tdata-frame_0=\"tp:600;\"\n\t\t\t\t\t\t\t\tdata-frame_1=\"tp:600;e:power2.inOut;st:500;\"\n\t\t\t\t\t\t\t\tdata-frame_999=\"o:0;tp:600;e:nothing;st:w;\"\n\t\t\t\t\t\t\t\tstyle=\"z-index:5;\"\n\t\t\t\t\t\t\t>\n\t\t\t\t\t\t\t<\/rs-layer><!--\n-->\t\t\t\t\t\t<\/rs-slide>\n\t\t\t\t\t<\/rs-slides>\n\t\t\t\t<\/rs-module>\n\t\t\t\t<script>\n\t\t\t\t\tsetREVStartSize({c: 'rev_slider_32_2',rl:[1240,1024,778,480],el:[],gw:[1240],gh:[868],type:'standard',justify:'',layout:'fullwidth',mh:\"0\"});if (window.RS_MODULES!==undefined && window.RS_MODULES.modules!==undefined && window.RS_MODULES.modules[\"revslider322\"]!==undefined) {window.RS_MODULES.modules[\"revslider322\"].once = false;window.revapi32_2 = undefined;if (window.RS_MODULES.checkMinimal!==undefined) window.RS_MODULES.checkMinimal()}\n\t\t\t\t<\/script>\n\t\t\t<\/rs-module-wrap>\n\t\t\t<!-- END REVOLUTION SLIDER -->\n<\/p>\n<p><a href=\"http:\/\/elmejordiadedespues.com\">http:\/\/elmejordiadedespues.com<\/a><\/p>\n<p><a href=\"https:\/\/borisramirezbarba.wordpress.com\/\">https:\/\/borisramirezbarba.wordpress.com<\/a><\/p>\n<p style=\"text-align: justify;\"><\/div><div class=\"clear\"><\/div>\n<p><\/p>","protected":false},"excerpt":{"rendered":"Los a\u00f1ostranscurridos en la Facultad de Bellas Artes de Altea de la Universidad Miguel Hern\u00e1ndez, en mi experiencia, fueron unos a\u00f1os de prueba y experimentaci\u00f3n. A pesar de haber tenido siempre claro qu\u00e9 era lo que quer\u00eda hacer, y cu\u00e1les eran mis disciplinas predilectas, casi todo aquello que la carrera me propuso, fue de buen [...]","protected":false},"author":469,"featured_media":0,"parent":0,"menu_order":0,"comment_status":"closed","ping_status":"open","template":"","meta":{"_links_to":"","_links_to_target":""},"_links":{"self":[{"href":"https:\/\/campusaltea.umh.es\/en\/wp-json\/wp\/v2\/pages\/5010"}],"collection":[{"href":"https:\/\/campusaltea.umh.es\/en\/wp-json\/wp\/v2\/pages"}],"about":[{"href":"https:\/\/campusaltea.umh.es\/en\/wp-json\/wp\/v2\/types\/page"}],"author":[{"embeddable":true,"href":"https:\/\/campusaltea.umh.es\/en\/wp-json\/wp\/v2\/users\/469"}],"replies":[{"embeddable":true,"href":"https:\/\/campusaltea.umh.es\/en\/wp-json\/wp\/v2\/comments?post=5010"}],"version-history":[{"count":0,"href":"https:\/\/campusaltea.umh.es\/en\/wp-json\/wp\/v2\/pages\/5010\/revisions"}],"wp:attachment":[{"href":"https:\/\/campusaltea.umh.es\/en\/wp-json\/wp\/v2\/media?parent=5010"}],"curies":[{"name":"wp","href":"https:\/\/api.w.org\/{rel}","templated":true}]}}