{"id":4923,"date":"2017-02-07T09:02:09","date_gmt":"2017-02-07T09:02:09","guid":{"rendered":"http:\/\/campusaltea.umh.es\/?page_id=4923"},"modified":"2017-02-07T11:18:59","modified_gmt":"2017-02-07T11:18:59","slug":"ma-teresa-bonastre-montilla","status":"publish","type":"page","link":"https:\/\/campusaltea.umh.es\/en\/ma-teresa-bonastre-montilla\/","title":{"rendered":"M\u00aa Teresa Bonastre Montilla"},"content":{"rendered":"<p><div  class=\"ut-one-half  \">\n<p><img loading=\"lazy\" class=\"alignright wp-image-4053 size-full\" src=\"http:\/\/campusaltea.umh.es\/files\/2016\/10\/Teresa-Bonastre1.jpg\" alt=\"\" width=\"750\" height=\"1000\" srcset=\"https:\/\/campusaltea.umh.es\/files\/2016\/10\/Teresa-Bonastre1.jpg 750w, https:\/\/campusaltea.umh.es\/files\/2016\/10\/Teresa-Bonastre1-225x300.jpg 225w\" sizes=\"(max-width: 750px) 100vw, 750px\" \/><\/p>\n<\/div>\n<div  class=\"ut-one-half ut-column-last  \">\n<h4>M\u00aa Teresa Bonastre Montilla<\/h4>\n<p style=\"text-align: justify;\">Su trayectoria como artista se ha basado desde finales de los a\u00f1os noventa en el inter\u00e9s por una pintura figurativa que ha ido evolucionando a otros medios art\u00edsticos como el dibujo, la fotograf\u00eda digital, la instalaci\u00f3n o las intervenciones p\u00fablicas. En la actualidad muestra especial atenci\u00f3n por los terrenos h\u00edbridos donde se mezclan diversos medios o disciplinas en una b\u00fasqueda de nuevas formas de expresi\u00f3n.<\/p>\n<p style=\"text-align: justify;\">Si desde sus comienzos ha trabajado preferentemente la representaci\u00f3n de la figura humana en relaci\u00f3n al paisaje o a la arquitectura, en los \u00faltimos a\u00f1os profundiza sobre el cuerpo humano en los l\u00edmites de la representaci\u00f3n, centr\u00e1ndose en el an\u00e1lisis de la estrategia art\u00edstica de la ocultaci\u00f3n. Como investigadora ha examinado las t\u00e9cnicas y recursos de ocultaci\u00f3n m\u00e1s relevantes empleados en las vanguardias del siglo XX (el camuflaje o el <em>wrapping, <\/em>entre otros) y los ha sistematizado para que puedan ser aplicados tanto a la pr\u00e1ctica art\u00edstica contempor\u00e1nea como a la did\u00e1ctica. Su trabajo art\u00edstico actual se basa en la utilizaci\u00f3n de estos recursos en diversos proyectos interdisciplinares, abiertos a la participaci\u00f3n de colaboradores de otros \u00e1mbitos como la arquitectura o el dise\u00f1o.<\/p>\n<\/div><div class=\"clear\"><\/div>\n<hr \/>\n<div  class=\"ut-one-half  \">\n<h5>Additional information<\/h5>\n<div id=\"ut-accordion-parent-10\" class=\"ut-accordion\"><div class=\"ut-accordion-group\"> <div class=\"ut-accordion-heading \"><a data-parent=\"#ut-accordion-parent-10\" class=\"accordion-toggle collapsed \" data-toggle=\"collapse\" data-target=\"#accordion9\">Fields of interest<\/a><\/div><div id=\"accordion9\" class=\"ut-accordion-body collapse\"><div class=\"ut-accordion-inner entry-content clearfix\">\n<ul>\n<li>La interdisciplinariedad en el conocimiento art\u00edstico.<\/li>\n<li>Cuerpo humano y representaci\u00f3n.<\/li>\n<li>Arte p\u00fablico.<\/li>\n<\/ul>\n<\/div><\/div>\n<div id=\"ut-accordion-parent-11\" class=\"ut-accordion\"><div class=\"ut-accordion-group\"><\/div><\/div> <div class=\"ut-accordion-heading \"><a data-parent=\"#ut-accordion-parent-11\" class=\"accordion-toggle collapsed \" data-toggle=\"collapse\" data-target=\"#accordion10\">Studies<\/a><\/div><div id=\"accordion10\" class=\"ut-accordion-body collapse\"><div class=\"ut-accordion-inner entry-content clearfix\">\n<ul>\n<li>Doctora por el Departamento de Arte, Universidad Miguel Hern\u00e1ndez, 2014.<\/li>\n<li>Licenciada en Bellas Artes por la Facultad de San Carlos de Valencia, Universidad Polit\u00e9cnica de Valencia, 1996.<\/li>\n<\/ul>\n<\/div><\/div>\n<div id=\"ut-accordion-parent-12\" class=\"ut-accordion\"><div class=\"ut-accordion-group\"><\/div><\/div> <div class=\"ut-accordion-heading \"><a data-parent=\"#ut-accordion-parent-12\" class=\"accordion-toggle collapsed \" data-toggle=\"collapse\" data-target=\"#accordion11\">Doctoral thesis<\/a><\/div><div id=\"accordion11\" class=\"ut-accordion-body collapse\"><div class=\"ut-accordion-inner entry-content clearfix\">\n<p><em>El cuerpo humano en los l\u00edmites de la representaci\u00f3n. Recursos y estrategias de ocultaci\u00f3n en el arte, <\/em><em> Cum Laude.<\/em><\/p>\n<\/div><\/div>\n<div id=\"ut-accordion-parent-13\" class=\"ut-accordion\"><div class=\"ut-accordion-group\"><\/div><\/div> <div class=\"ut-accordion-heading \"><a data-parent=\"#ut-accordion-parent-13\" class=\"accordion-toggle collapsed \" data-toggle=\"collapse\" data-target=\"#accordion12\">Teaching<\/a><\/div><div id=\"accordion12\" class=\"ut-accordion-body collapse\"><div class=\"ut-accordion-inner entry-content clearfix\">\n<ul>\n<li>Universidad de Alicante, Programa USAC, University Studies Abroad Consortium-University of Nevada, Programa de Arte Europeo, 2008-09.<\/li>\n<\/ul>\n<\/div><\/div>\n<div id=\"ut-accordion-parent-14\" class=\"ut-accordion\"><div class=\"ut-accordion-group\"><\/div><\/div> <div class=\"ut-accordion-heading \"><a data-parent=\"#ut-accordion-parent-14\" class=\"accordion-toggle collapsed \" data-toggle=\"collapse\" data-target=\"#accordion13\">Areas of research<\/a><\/div><div id=\"accordion13\" class=\"ut-accordion-body collapse\"><div class=\"ut-accordion-inner entry-content clearfix\">\n<ul>\n<li>El dibujo expandido: concepto, proceso y t\u00e9cnica en proyectos interdisciplinares.<\/li>\n<li>Recursos y t\u00e9cnicas de ocultaci\u00f3n en el arte.<\/li>\n<li>Espacio privado, espacio p\u00fablico: dial\u00e9cticas urbanas para la construcci\u00f3n de significados.<\/li>\n<\/ul>\n<\/div><\/div>\n<div id=\"ut-accordion-parent-15\" class=\"ut-accordion\"><div class=\"ut-accordion-group\"><\/div><\/div> <div class=\"ut-accordion-heading \"><a data-parent=\"#ut-accordion-parent-15\" class=\"accordion-toggle collapsed \" data-toggle=\"collapse\" data-target=\"#accordion14\">Individual exhibitions<\/a><\/div><div id=\"accordion14\" class=\"ut-accordion-body collapse\"><div class=\"ut-accordion-inner entry-content clearfix\">\n<ul>\n<li><em>El cuerpo (des)velado<\/em>, Fundaci\u00f3n Eberhard Schlotter<em>,<\/em> Altea (Alicante), 2010.<\/li>\n<li><em>Estados de desaparici\u00f3n<\/em>, Casa de Cultura de El Campello, El Campello (Alicante), 2003, cat\u00e1logo.<\/li>\n<li><em>Modelando el vac\u00edo<\/em>, Centro 14, Alicante, 2002, cat\u00e1logo.<\/li>\n<li><em>Teresa Bonastre<\/em>, Casa de Cultura de Villena, 1998, cat\u00e1logo.<\/li>\n<li><em>Teresa Bonastre<\/em>, Casa de Cultura de Elda, 1998.<\/li>\n<\/ul>\n<\/div><\/div>\n<div id=\"ut-accordion-parent-16\" class=\"ut-accordion\"><div class=\"ut-accordion-group\"><\/div><\/div> <div class=\"ut-accordion-heading \"><a data-parent=\"#ut-accordion-parent-16\" class=\"accordion-toggle collapsed \" data-toggle=\"collapse\" data-target=\"#accordion15\">Group exhibition<\/a><\/div><div id=\"accordion15\" class=\"ut-accordion-body collapse\"><div class=\"ut-accordion-inner entry-content clearfix\">\n<ul>\n<li>I Convocatoria de Artes Pl\u00e1sticas<em> Mulier-mulieris<\/em>, Museo de la Universidad de Alicante, Alicante, 2007<strong>,<\/strong> cat\u00e1logo.<\/li>\n<li><em>Encuentros de Arte Contempor\u00e1neo EAC, <\/em>Museo de la Universidad de Alicante, 2006, cat\u00e1logo.<\/li>\n<li>II Convocatoria<em> In Urbe<\/em>, Ayuntamiento de Alicante, Alicante, 2005, cat\u00e1logo.<\/li>\n<li>I Convocatoria<em> In Urbe<\/em>, Ayuntamiento de Alicante, Alicante, 2004, cat\u00e1logo.<\/li>\n<li><em>Letras para las ni\u00f1as<\/em>, Club Informaci\u00f3n, Alicante, 2004, cat\u00e1logo.<\/li>\n<li><em>IV Bienal Antogonza de Pintura<\/em>, Ateneo de Alicante, Alicante, 2003.<\/li>\n<li><em>III Bienal de Pintura Antogonza<\/em>, Sala Jove-Centro Cultural de la Generalitat Valenciana, Alicante, 2001.<\/li>\n<li><em>Miradas<\/em>, Centro Cultural Rambla de Bancaja, Alicante, 1999, cat\u00e1logo.<\/li>\n<li><em>VIII Encuentros de Arte Contempor\u00e1neo EAC, <\/em>Sala de Exposiciones Juana Franc\u00e9s, Alicante; Casa de Cultura de Guardamar, 1999, cat\u00e1logo.<\/li>\n<li><em>Las tentaciones de San Ant\u00f3n, <\/em>Ermita de San Ant\u00f3n, Villena, 1998, cat\u00e1logo.<\/li>\n<\/ul>\n<\/div><\/div>\n<div id=\"ut-accordion-parent-17\" class=\"ut-accordion\"><div class=\"ut-accordion-group\"><\/div><\/div> <div class=\"ut-accordion-heading \"><a data-parent=\"#ut-accordion-parent-17\" class=\"accordion-toggle collapsed \" data-toggle=\"collapse\" data-target=\"#accordion16\">Awards and scholarships<\/a><\/div><div id=\"accordion16\" class=\"ut-accordion-body collapse\"><div class=\"ut-accordion-inner entry-content clearfix\">\n<ul>\n<li>Premio II Convocatoria <em>In-urbe<\/em>, Ayuntamiento de Alicante, 2005.<\/li>\n<li>Premio I Convocatoria <em>In-urbe<\/em>, Ayuntamiento de Alicante, 2004.<\/li>\n<li>Beca de Investigaci\u00f3n y Creaci\u00f3n art\u00edstica, IAC Juan Gil-Albert, Diputaci\u00f3n de Alicante, Alicante, 2002.<\/li>\n<li>Segundo premio en <em>I Premios Artistas de Nueva Cosecha<\/em>, Bodegas Luis Gurpegui Muga, Madrid, 2001.<\/li>\n<li>Adquisici\u00f3n de obra en la <em>Convocatoria 2000 de Artes Pl\u00e1sticas<\/em>, Diputaci\u00f3n de Alicante, Alicante, 2000.<\/li>\n<\/ul>\n<\/div><\/div>\n<div id=\"ut-accordion-parent-18\" class=\"ut-accordion\"><div class=\"ut-accordion-group\"><\/div><\/div> <div class=\"ut-accordion-heading \"><a data-parent=\"#ut-accordion-parent-18\" class=\"accordion-toggle collapsed \" data-toggle=\"collapse\" data-target=\"#accordion17\">Works in art collections<\/a><\/div><div id=\"accordion17\" class=\"ut-accordion-body collapse\"><div class=\"ut-accordion-inner entry-content clearfix\">\n<ul>\n<li>Ayuntamiento de Alicante.<\/li>\n<li>Ayuntamiento de El Campello, Alicante.<\/li>\n<li>Ayuntamiento de Villena, Alicante.<\/li>\n<li>Ayuntamiento de Elda, Alicante.<\/li>\n<li>Diputaci\u00f3n Provincial de Alicante.<\/li>\n<li>Bodegas Luis Gurpegui Muga.<\/li>\n<li>Fundaci\u00f3n Eberhard Schlotter<em>,<\/em> Altea, Alicante.<\/li>\n<\/ul>\n<\/div><\/div>\n<\/div><\/div>\n<\/div>\n<div  class=\"ut-one-half ut-column-last  \">\n<p>\n\t\t\t<!-- START bonastre REVOLUTION SLIDER 6.5.14 --><p class=\"rs-p-wp-fix\"><\/p>\n\t\t\t<rs-module-wrap id=\"rev_slider_28_2_wrapper\" data-source=\"gallery\" style=\"visibility:hidden;background:transparent;padding:0;margin:0px auto;margin-top:0;margin-bottom:0;\">\n\t\t\t\t<rs-module id=\"rev_slider_28_2\" style=\"\" data-version=\"6.5.14\">\n\t\t\t\t\t<rs-slides>\n\t\t\t\t\t\t<rs-slide style=\"position: absolute;\" data-key=\"rs-182\" data-title=\"Slide\" data-thumb=\"\/\/campusaltea.umh.es\/files\/2017\/02\/Dibujos-de-lo-privado-100x50.jpg\" data-anim=\"ms:600;\" data-in=\"o:0;\" data-out=\"a:false;\">\n\t\t\t\t\t\t\t<img src=\"\/\/campusaltea.umh.es\/wp-content\/plugins\/revslider\/public\/assets\/assets\/dummy.png\" alt=\"\" title=\"M\u00aa Teresa Bonastre Montilla\" class=\"rev-slidebg tp-rs-img rs-lazyload\" data-lazyload=\"\/\/campusaltea.umh.es\/files\/2017\/02\/Dibujos-de-lo-privado.jpg\" data-bg=\"f:contain;\" data-no-retina>\n<!---->\t\t\t\t\t\t<\/rs-slide>\n\t\t\t\t\t\t<rs-slide style=\"position: absolute;\" data-key=\"rs-183\" data-title=\"Slide\" data-thumb=\"\/\/campusaltea.umh.es\/files\/2017\/02\/Estados-de-desaparici\u00f3n-100x50.jpg\" data-anim=\"ms:600;\" data-in=\"o:0;\" data-out=\"a:false;\">\n\t\t\t\t\t\t\t<img src=\"\/\/campusaltea.umh.es\/wp-content\/plugins\/revslider\/public\/assets\/assets\/dummy.png\" alt=\"\" title=\"M\u00aa Teresa Bonastre Montilla\" class=\"rev-slidebg tp-rs-img rs-lazyload\" data-lazyload=\"\/\/campusaltea.umh.es\/files\/2017\/02\/Estados-de-desaparici\u00f3n.jpg\" data-bg=\"f:contain;\" data-no-retina>\n<!---->\t\t\t\t\t\t<\/rs-slide>\n\t\t\t\t\t\t<rs-slide style=\"position: absolute;\" data-key=\"rs-184\" data-title=\"Slide\" data-thumb=\"\/\/campusaltea.umh.es\/files\/2017\/02\/Estados-de-desaparici\u00f3n_espacios-\u00edntimos-III-100x50.jpg\" data-anim=\"ms:600;\" data-in=\"o:0;\" data-out=\"a:false;\">\n\t\t\t\t\t\t\t<img src=\"\/\/campusaltea.umh.es\/wp-content\/plugins\/revslider\/public\/assets\/assets\/dummy.png\" alt=\"\" title=\"M\u00aa Teresa Bonastre Montilla\" class=\"rev-slidebg tp-rs-img rs-lazyload\" data-lazyload=\"\/\/campusaltea.umh.es\/files\/2017\/02\/Estados-de-desaparici\u00f3n_espacios-\u00edntimos-III.jpg\" data-bg=\"f:contain;\" data-no-retina>\n<!---->\t\t\t\t\t\t<\/rs-slide>\n\t\t\t\t\t\t<rs-slide style=\"position: absolute;\" data-key=\"rs-185\" data-title=\"Slide\" data-thumb=\"\/\/campusaltea.umh.es\/files\/2017\/02\/Habitantes-de-tela-100x50.jpg\" data-anim=\"ms:600;\" data-in=\"o:0;\" data-out=\"a:false;\">\n\t\t\t\t\t\t\t<img src=\"\/\/campusaltea.umh.es\/wp-content\/plugins\/revslider\/public\/assets\/assets\/dummy.png\" alt=\"\" title=\"M\u00aa Teresa Bonastre Montilla\" class=\"rev-slidebg tp-rs-img rs-lazyload\" data-lazyload=\"\/\/campusaltea.umh.es\/files\/2017\/02\/Habitantes-de-tela.jpg\" data-bg=\"f:contain;\" data-no-retina>\n<!---->\t\t\t\t\t\t<\/rs-slide>\n\t\t\t\t\t\t<rs-slide style=\"position: absolute;\" data-key=\"rs-186\" data-title=\"Slide\" data-thumb=\"\/\/campusaltea.umh.es\/files\/2017\/02\/Naturaleza-interior-100x50.jpg\" data-anim=\"ms:600;\" data-in=\"o:0;\" data-out=\"a:false;\">\n\t\t\t\t\t\t\t<img src=\"\/\/campusaltea.umh.es\/wp-content\/plugins\/revslider\/public\/assets\/assets\/dummy.png\" alt=\"\" title=\"M\u00aa Teresa Bonastre Montilla\" class=\"rev-slidebg tp-rs-img rs-lazyload\" data-lazyload=\"\/\/campusaltea.umh.es\/files\/2017\/02\/Naturaleza-interior.jpg\" data-bg=\"f:contain;\" data-no-retina>\n<!---->\t\t\t\t\t\t<\/rs-slide>\n\t\t\t\t\t\t<rs-slide style=\"position: absolute;\" data-key=\"rs-187\" data-title=\"Slide\" data-thumb=\"\/\/campusaltea.umh.es\/files\/2017\/02\/Se-levanta-el-tel\u00f3n-100x50.jpg\" data-anim=\"ms:600;\" data-in=\"o:0;\" data-out=\"a:false;\">\n\t\t\t\t\t\t\t<img src=\"\/\/campusaltea.umh.es\/wp-content\/plugins\/revslider\/public\/assets\/assets\/dummy.png\" alt=\"\" title=\"M\u00aa Teresa Bonastre Montilla\" class=\"rev-slidebg tp-rs-img rs-lazyload\" data-lazyload=\"\/\/campusaltea.umh.es\/files\/2017\/02\/Se-levanta-el-tel\u00f3n.jpg\" data-bg=\"f:contain;\" data-no-retina>\n<!---->\t\t\t\t\t\t<\/rs-slide>\n\t\t\t\t\t\t<rs-slide style=\"position: absolute;\" data-key=\"rs-188\" data-title=\"Slide\" data-thumb=\"\/\/campusaltea.umh.es\/files\/2017\/02\/Vac\u00edos-modelados_-1-de-6-cilindros-100x50.jpg\" data-anim=\"ms:600;\" data-in=\"o:0;\" data-out=\"a:false;\">\n\t\t\t\t\t\t\t<img src=\"\/\/campusaltea.umh.es\/wp-content\/plugins\/revslider\/public\/assets\/assets\/dummy.png\" alt=\"\" title=\"M\u00aa Teresa Bonastre Montilla\" class=\"rev-slidebg tp-rs-img rs-lazyload\" data-lazyload=\"\/\/campusaltea.umh.es\/files\/2017\/02\/Vac\u00edos-modelados_-1-de-6-cilindros.jpg\" data-bg=\"f:contain;\" data-no-retina>\n<!---->\t\t\t\t\t\t<\/rs-slide>\n\t\t\t\t\t<\/rs-slides>\n\t\t\t\t<\/rs-module>\n\t\t\t\t<script>\n\t\t\t\t\tsetREVStartSize({c: 'rev_slider_28_2',rl:[1240,1024,778,480],el:[],gw:[1240],gh:[868],type:'standard',justify:'',layout:'fullwidth',mh:\"0\"});if (window.RS_MODULES!==undefined && window.RS_MODULES.modules!==undefined && window.RS_MODULES.modules[\"revslider282\"]!==undefined) {window.RS_MODULES.modules[\"revslider282\"].once = false;window.revapi28_2 = undefined;if (window.RS_MODULES.checkMinimal!==undefined) window.RS_MODULES.checkMinimal()}\n\t\t\t\t<\/script>\n\t\t\t<\/rs-module-wrap>\n\t\t\t<!-- END REVOLUTION SLIDER -->\n<br \/>\n<\/div><div class=\"clear\"><\/div><\/p>","protected":false},"excerpt":{"rendered":"M\u00aa Teresa Bonastre Montilla Su trayectoria como artista se ha basado desde finales de los a\u00f1os noventa en el inter\u00e9s por una pintura figurativa que ha ido evolucionando a otros medios art\u00edsticos como el dibujo, la fotograf\u00eda digital, la instalaci\u00f3n o las intervenciones p\u00fablicas. En la actualidad muestra especial atenci\u00f3n por los terrenos h\u00edbridos donde [...]","protected":false},"author":469,"featured_media":0,"parent":0,"menu_order":0,"comment_status":"closed","ping_status":"open","template":"","meta":{"_links_to":"","_links_to_target":""},"_links":{"self":[{"href":"https:\/\/campusaltea.umh.es\/en\/wp-json\/wp\/v2\/pages\/4923"}],"collection":[{"href":"https:\/\/campusaltea.umh.es\/en\/wp-json\/wp\/v2\/pages"}],"about":[{"href":"https:\/\/campusaltea.umh.es\/en\/wp-json\/wp\/v2\/types\/page"}],"author":[{"embeddable":true,"href":"https:\/\/campusaltea.umh.es\/en\/wp-json\/wp\/v2\/users\/469"}],"replies":[{"embeddable":true,"href":"https:\/\/campusaltea.umh.es\/en\/wp-json\/wp\/v2\/comments?post=4923"}],"version-history":[{"count":0,"href":"https:\/\/campusaltea.umh.es\/en\/wp-json\/wp\/v2\/pages\/4923\/revisions"}],"wp:attachment":[{"href":"https:\/\/campusaltea.umh.es\/en\/wp-json\/wp\/v2\/media?parent=4923"}],"curies":[{"name":"wp","href":"https:\/\/api.w.org\/{rel}","templated":true}]}}