{"id":4504,"date":"2017-01-04T18:04:52","date_gmt":"2017-01-04T18:04:52","guid":{"rendered":"http:\/\/campusaltea.umh.es\/?page_id=4504"},"modified":"2017-01-04T18:05:58","modified_gmt":"2017-01-04T18:05:58","slug":"rocio-cifuentes-albeza","status":"publish","type":"page","link":"https:\/\/campusaltea.umh.es\/en\/rocio-cifuentes-albeza\/","title":{"rendered":"Rocio Cifuentes Albeza"},"content":{"rendered":"<p><div  class=\"ut-one-half  \">\n<p><img loading=\"lazy\" class=\"alignleft wp-image-4046 size-full\" src=\"http:\/\/campusaltea.umh.es\/files\/2016\/10\/Rocio-Cifuentes1.jpg\" alt=\"\" width=\"750\" height=\"1000\" srcset=\"https:\/\/campusaltea.umh.es\/files\/2016\/10\/Rocio-Cifuentes1.jpg 750w, https:\/\/campusaltea.umh.es\/files\/2016\/10\/Rocio-Cifuentes1-225x300.jpg 225w\" sizes=\"(max-width: 750px) 100vw, 750px\" \/><\/p>\n<\/div>\n<div  class=\"ut-one-half ut-column-last  \">\n<h4>Roc\u00edo Cifuentes Albeza<\/h4>\n<p>Su trayectoria se centra en el \u00e1mbito del dise\u00f1o, en particular la creaci\u00f3n y el desarrollo de proyectos de identidad visual corporativa orientados dentro de la pr\u00e1ctica profesional para diferentes instituciones y entidades p\u00fablicas y privadas.<\/p>\n<p>En el \u00e1mbito de investigaci\u00f3n estudia las funciones de la imagen y el dise\u00f1o de la comunicaci\u00f3n contempor\u00e1nea, en especial el dise\u00f1o de la comunicaci\u00f3n corporativa y las estrategias de publicidad online en la era de la comunicaci\u00f3n 2.0 y siguientes.<\/p>\n<p>Es miembro de OCAP -Observatorio de Comunicaci\u00f3n Audiovisual y Publicidad- y miembro de AEIC -Asociaci\u00f3n Espa\u00f1ola de Investigaci\u00f3n de la Comunicaci\u00f3n-. <\/p>\n<\/div><div class=\"clear\"><\/div>\n<hr \/>\n<div  class=\"ut-one-half  \">\n<h5>Informaci\u00f3n adicional<\/h5>\n<div id=\"ut-accordion-parent-11\" class=\"ut-accordion\"><div class=\"ut-accordion-group\"> <div class=\"ut-accordion-heading \"><a data-parent=\"#ut-accordion-parent-11\" class=\"accordion-toggle collapsed \" data-toggle=\"collapse\" data-target=\"#accordion10\">Campos de Interes<\/a><\/div><div id=\"accordion10\" class=\"ut-accordion-body collapse\"><div class=\"ut-accordion-inner entry-content clearfix\">\n<ul>\n<li>Dise\u00f1o de la comunicaci\u00f3n.<\/li>\n<li><em>Branding<\/em>.<\/li>\n<\/ul>\n<\/div><\/div>\n<div id=\"ut-accordion-parent-12\" class=\"ut-accordion\"><div class=\"ut-accordion-group\"><\/div><\/div> <div class=\"ut-accordion-heading \"><a data-parent=\"#ut-accordion-parent-12\" class=\"accordion-toggle collapsed \" data-toggle=\"collapse\" data-target=\"#accordion11\">Estudios<\/a><\/div><div id=\"accordion11\" class=\"ut-accordion-body collapse\"><div class=\"ut-accordion-inner entry-content clearfix\">\n<ul>\n<li>Doctora por el Departamento de Ciencias Sociales y Humanas, Universidad Miguel Hern\u00e1ndez, 2011.<\/li>\n<li>Licenciada en Bellas Artes, Universidad Polit\u00e9cnica de Valencia, 1999.<\/li>\n<\/ul>\n<\/div><\/div>\n<div id=\"ut-accordion-parent-13\" class=\"ut-accordion\"><div class=\"ut-accordion-group\"><\/div><\/div> <div class=\"ut-accordion-heading \"><a data-parent=\"#ut-accordion-parent-13\" class=\"accordion-toggle collapsed \" data-toggle=\"collapse\" data-target=\"#accordion12\">Tesis doctoral<\/a><\/div><div id=\"accordion12\" class=\"ut-accordion-body collapse\"><div class=\"ut-accordion-inner entry-content clearfix\">\n<p><em>Desmontando a Google: la \u201cdeclinabilidad\u201d en los Doodles<\/em>, <em>Cum Laude<\/em><\/p>\n<p><em> <\/em><\/p>\n<\/div><\/div>\n<div id=\"ut-accordion-parent-14\" class=\"ut-accordion\"><div class=\"ut-accordion-group\"><\/div><\/div> <div class=\"ut-accordion-heading \"><a data-parent=\"#ut-accordion-parent-14\" class=\"accordion-toggle collapsed \" data-toggle=\"collapse\" data-target=\"#accordion13\">Docencia<\/a><\/div><div id=\"accordion13\" class=\"ut-accordion-body collapse\"><div class=\"ut-accordion-inner entry-content clearfix\">\n<ul>\n<li>Licenciatura en Comunicaci\u00f3n Audiovisual. Centro de Estudios de Ciudad de la Luz, Alicante.<\/li>\n<li>T\u00edtulo Propio en Protocolo y Relaciones Institucionales. EIP, Escuela Internacional de Protocolo, Elche.<\/li>\n<\/ul>\n<\/div><\/div>\n<div id=\"ut-accordion-parent-15\" class=\"ut-accordion\"><div class=\"ut-accordion-group\"><\/div><\/div> <div class=\"ut-accordion-heading \"><a data-parent=\"#ut-accordion-parent-15\" class=\"accordion-toggle collapsed \" data-toggle=\"collapse\" data-target=\"#accordion14\">L\u00ed\u00adneas de investigaci\u00f3n<\/a><\/div><div id=\"accordion14\" class=\"ut-accordion-body collapse\"><div class=\"ut-accordion-inner entry-content clearfix\">\n<ul>\n<li>Dise\u00f1o y an\u00e1lisis de las pr\u00e1cticas de la identidad visual corporativa contempor\u00e1nea y nuevos paradigmas en publicidad.<\/li>\n<\/ul>\n<\/div><\/div>\n<div id=\"ut-accordion-parent-16\" class=\"ut-accordion\"><div class=\"ut-accordion-group\"><\/div><\/div> <div class=\"ut-accordion-heading \"><a data-parent=\"#ut-accordion-parent-16\" class=\"accordion-toggle collapsed \" data-toggle=\"collapse\" data-target=\"#accordion15\">Exposiciones colectivas<\/a><\/div><div id=\"accordion15\" class=\"ut-accordion-body collapse\"><div class=\"ut-accordion-inner entry-content clearfix\">\n<ul>\n<li><em>M\u00e1s es menos, menos\u2026<\/em>, Fundaci\u00f3n Frax, Alfaz del Pi (Alicante), 2016, cat\u00e1logo.<\/li>\n<li><em>Interconexiones, <\/em>Sede Universitaria de la Universidad de Alicante, 2015.<\/li>\n<li><em>Encuentros divergentes,<\/em> Centre Cultural de Sant Joan d\u2019Alacant, 2015.<\/li>\n<li><em>Grupo Alkimia,<\/em> Las Cigarreras, Alicante, 2014.<\/li>\n<li><em>Sensaciones<\/em>, Real Liceo Casino, Alicante, 2012.<\/li>\n<li><em>Bauhaus Creative,<\/em> Bauhaus Archiv, Museo de arte y dise\u00f1o, Berl\u00edn (Alemania), 2010.<\/li>\n<li><em>Seda de Ara\u00f1a \u201cbit\u00e1cora del deseo\u201d, <\/em>Sala de exposiciones de rectorado, UMH, Elche (Alicante), 2009, cat\u00e1logo.<\/li>\n<\/ul>\n<\/div><\/div>\n<div id=\"ut-accordion-parent-17\" class=\"ut-accordion\"><div class=\"ut-accordion-group\"><\/div><\/div> <div class=\"ut-accordion-heading \"><a data-parent=\"#ut-accordion-parent-17\" class=\"accordion-toggle collapsed \" data-toggle=\"collapse\" data-target=\"#accordion16\">Libros<\/a><\/div><div id=\"accordion16\" class=\"ut-accordion-body collapse\"><div class=\"ut-accordion-inner entry-content clearfix\">\n<ul>\n<li>Cifuentes Albeza, Roc\u00edo, \u201cLos Doodles: un juego en la identidad visual de Google\u201d,  en J. Sierra S\u00e1nchez (coord.), <em>Retos y oportunidades de la comunicaci\u00f3n multimedia en la era 2.0,<\/em> pp. 340-361, Fragua, Madrid, 2011.<\/li>\n<li>Cifuentes Albeza, Roc\u00edo, \u201cMutaciones en las im\u00e1genes de identidad visual corporativa: la relaci\u00f3n entre ocurrencia vs recurrencia nuevo paradigma de comunicaci\u00f3n\u201d [Abstract], en <em>La democracia no es una editorial\/Patrones neoliberales en los medios de Comunicaci\u00f3n, <\/em>Cuadernos Artesanos de Comunicaci\u00f3n, 70, La Laguna (Tenerife), Latina, 2014.<\/li>\n<li>Cifuentes Albeza, Roc\u00edo, \u201cAnimation And Interactivity In Google Illustrated Logo<em>\u201d, <\/em>en <em>1st International Conference on Illustration and Animation, CONFIA,<\/em> pp. 243 \u2013 256, IPCA, Portugal, 2012.<\/li>\n<li>Cifuentes Albeza, Roc\u00edo, dise\u00f1o del libro <em>Ibarrola. Mapa de la memoria, <\/em>Instituto Alicantino de Cultura Juan Gil-Albert, Alicante, 2011.<\/li>\n<li>Cifuentes Albeza, Roc\u00edo, \u201cEl reto de crear\u201d, en AA. VV., <em>Arte y Dise\u00f1o 07<\/em>, Instituto Alicantino de Cultura Juan Gil-Albert, Alicante, 2007.<\/li>\n<\/ul>\n<\/div><\/div>\n<div id=\"ut-accordion-parent-18\" class=\"ut-accordion\"><div class=\"ut-accordion-group\"><\/div><\/div> <div class=\"ut-accordion-heading \"><a data-parent=\"#ut-accordion-parent-18\" class=\"accordion-toggle collapsed \" data-toggle=\"collapse\" data-target=\"#accordion17\">Comisariados<\/a><\/div><div id=\"accordion17\" class=\"ut-accordion-body collapse\"><div class=\"ut-accordion-inner entry-content clearfix\">\n<ul>\n<li><em>Dicollective 05, <\/em>Centre Cultural de Sant Joan d\u2019Alacant, 2015<\/li>\n<\/ul>\n<\/div><\/div>\n<div id=\"ut-accordion-parent-19\" class=\"ut-accordion\"><div class=\"ut-accordion-group\"><\/div><\/div> <div class=\"ut-accordion-heading \"><a data-parent=\"#ut-accordion-parent-19\" class=\"accordion-toggle collapsed \" data-toggle=\"collapse\" data-target=\"#accordion18\">Otros<\/a><\/div><div id=\"accordion18\" class=\"ut-accordion-body collapse\"><div class=\"ut-accordion-inner entry-content clearfix\">\n<ul>\n<li><em>Nueva identidad Visual Corporativa del Colegio Oficial de Ingenieros T\u00e9cnicos Industriales de Alicante, <\/em>Conferencia por invitaci\u00f3n en el Acto de bienvenida de colegiados, COITI de Alicante, Alicante, 2006.<\/li>\n<li><em>La eficacia comunicativa de la narrativa Visual. Generalitat Valenciana. <\/em>Ponencia por invitaci\u00f3n, Direcci\u00f3 General de Treball i Seguretat Laboral, Alicante, 2005.<\/li>\n<\/ul>\n<\/div><\/div>\n<div id=\"ut-accordion-parent-20\" class=\"ut-accordion\"><div class=\"ut-accordion-group\"><\/div><\/div> <div class=\"ut-accordion-heading \"><a data-parent=\"#ut-accordion-parent-20\" class=\"accordion-toggle collapsed \" data-toggle=\"collapse\" data-target=\"#accordion19\">Autora del dise\u00f1o de diversos proyectos de identidad visual corporativa para diversas entidades<\/a><\/div><div id=\"accordion19\" class=\"ut-accordion-body collapse\"><div class=\"ut-accordion-inner entry-content clearfix\">\n<ul>\n<li>Departamento de Ciencias Sociales y Humanas de la Universidad Miguel Hern\u00e1ndez.<\/li>\n<li>Fundaci\u00f3n Qu\u00f3rum-Parque cient\u00edfico-empresarial, UMH.<\/li>\n<li>Colegio Oficial de Ingenieros T\u00e9cnicos Industriales de Alicante, 2006.<\/li>\n<li>Revista del Colegio Oficial de Ingenieros T\u00e9cnicos Industriales de Alicante n\u00ba 75-90.<\/li>\n<li>Alguibama, organizaci\u00f3n no gubernamental.<\/li>\n<li>Direcci\u00f3n de arte para la identidad visual corporativa del 3\u00ba Congreso Internacional de Comunicaci\u00f3n Audiovisual y Publicidad, UMH, 2015.<\/li>\n<li>Direcci\u00f3n de arte para la identidad visual corporativa del OCAP (Observatorio de Comunicaci\u00f3n Audiovisual y Publicidad), UMH, 2015.<\/li>\n<\/ul>\n<\/div><\/div>\n<\/div><\/div>\n<div  class=\"ut-one-half  \"><\/div>\n<\/div>\n<div  class=\"ut-one-half ut-column-last  \">\n<\/div><div class=\"clear\"><\/div><\/p>","protected":false},"excerpt":{"rendered":"Roc\u00edo Cifuentes Albeza Su trayectoria se centra en el \u00e1mbito del dise\u00f1o, en particular la creaci\u00f3n y el desarrollo de proyectos de identidad visual corporativa orientados dentro de la pr\u00e1ctica profesional para diferentes instituciones y entidades p\u00fablicas y privadas. En el \u00e1mbito de investigaci\u00f3n estudia las funciones de la imagen y el dise\u00f1o de la [...]","protected":false},"author":469,"featured_media":0,"parent":0,"menu_order":0,"comment_status":"closed","ping_status":"open","template":"","meta":{"_links_to":"","_links_to_target":""},"_links":{"self":[{"href":"https:\/\/campusaltea.umh.es\/en\/wp-json\/wp\/v2\/pages\/4504"}],"collection":[{"href":"https:\/\/campusaltea.umh.es\/en\/wp-json\/wp\/v2\/pages"}],"about":[{"href":"https:\/\/campusaltea.umh.es\/en\/wp-json\/wp\/v2\/types\/page"}],"author":[{"embeddable":true,"href":"https:\/\/campusaltea.umh.es\/en\/wp-json\/wp\/v2\/users\/469"}],"replies":[{"embeddable":true,"href":"https:\/\/campusaltea.umh.es\/en\/wp-json\/wp\/v2\/comments?post=4504"}],"version-history":[{"count":0,"href":"https:\/\/campusaltea.umh.es\/en\/wp-json\/wp\/v2\/pages\/4504\/revisions"}],"wp:attachment":[{"href":"https:\/\/campusaltea.umh.es\/en\/wp-json\/wp\/v2\/media?parent=4504"}],"curies":[{"name":"wp","href":"https:\/\/api.w.org\/{rel}","templated":true}]}}