{"id":4304,"date":"2016-11-20T21:12:18","date_gmt":"2016-11-20T21:12:18","guid":{"rendered":"http:\/\/campusaltea.umh.es\/?page_id=4304"},"modified":"2020-04-23T09:48:34","modified_gmt":"2020-04-23T09:48:34","slug":"david-vila-moscardo","status":"publish","type":"page","link":"https:\/\/campusaltea.umh.es\/en\/david-vila-moscardo\/","title":{"rendered":"David Vila Moscard\u00f3"},"content":{"rendered":"<p><div  class=\"ut-one-half  \">\n<p><img loading=\"lazy\" class=\"alignleft wp-image-4023 size-full\" src=\"http:\/\/campusaltea.umh.es\/files\/2016\/10\/Deif1.jpg\" alt=\"\" width=\"750\" height=\"1000\" srcset=\"https:\/\/campusaltea.umh.es\/files\/2016\/10\/Deif1.jpg 750w, https:\/\/campusaltea.umh.es\/files\/2016\/10\/Deif1-225x300.jpg 225w\" sizes=\"(max-width: 750px) 100vw, 750px\" \/><\/p>\n<\/div>\n<div  class=\"ut-one-half ut-column-last  \">\n<h4>David Vila Moscard\u00f3<\/h4>\n<p>He is a member of the FIDEX Research Group (&#8220;Figuras del Exceso y Pol\u00edticas del Cuerpo&#8221;, Figures of Excess and Policy of the Body) through which he develops a line of work that is conceptually limited to issues related to gender discourses. He is also a member of the art group Proyectos Popl\u00edteos (&#8220;Knee pit Projects&#8221;), working with the body as three-dimensional support in order to carry out performative studies on issues related to sexuality and pleasure.\u00a0 His training in this field includes giving courses with artists such as Marina Abramovic or Esther Ferrer.<\/p>\n<p>He is an active artist in charge of cultural management, organising exhibitions and artistic events of various kinds. He has participated in numerous solo and group exhibitions, held both nationally and internationally.<\/p>\n<p>He has worked with sculptor Jaume Esp\u00ed, developing monumental projects installed in numerous sites in different European countries. He has also developed stage sets for performances of internationally renowned artists such as Angelica Liddell, or Fernando Renjifo.<\/p>\n<p>Among his areas of research the development of new sculptural proposals based on the development of metal casting, especially the bronze, stand out.<\/p>\n<\/div><div class=\"clear\"><\/div>\n<hr \/>\n<div  class=\"ut-one-half  \">\n<h5>Additional information<\/h5>\n<div id=\"ut-accordion-parent-13\" class=\"ut-accordion\"><div class=\"ut-accordion-group\"> <div class=\"ut-accordion-heading \"><a data-parent=\"#ut-accordion-parent-13\" class=\"accordion-toggle collapsed \" data-toggle=\"collapse\" data-target=\"#accordion12\">Fields of interest<\/a><\/div><div id=\"accordion12\" class=\"ut-accordion-body collapse\"><div class=\"ut-accordion-inner entry-content clearfix\">\n<ul>\n<li>Metal casting techniques.<\/li>\n<li>Construction with metal and other sculptural materials techniques.<\/li>\n<li>Subtractive sculpting techniques.<\/li>\n<li>Conceptualization techniques: Techniques of conceptualization of the idea for a later realization of the sculptural work.<\/li>\n<li>Design strategies for exhibition settings.<\/li>\n<\/ul>\n<\/div><\/div>\n<div id=\"ut-accordion-parent-14\" class=\"ut-accordion\"><div class=\"ut-accordion-group\"><\/div><\/div> <div class=\"ut-accordion-heading \"><a data-parent=\"#ut-accordion-parent-14\" class=\"accordion-toggle collapsed \" data-toggle=\"collapse\" data-target=\"#accordion13\">Studies<\/a><\/div><div id=\"accordion13\" class=\"ut-accordion-body collapse\"><div class=\"ut-accordion-inner entry-content clearfix\">\n<ul>\n<li style=\"font-weight: 400;\"><span style=\"font-weight: 400;\">Doctor en Bellas Artes por la Universidad Miguel Hern\u00e1ndez, 2015.<\/span><\/li>\n<li style=\"font-weight: 400;\"><span style=\"font-weight: 400;\">Diploma de estudios avanzados por la Universidad Miguel Hern\u00e1ndez, 2010.<\/span><\/li>\n<li style=\"font-weight: 400;\"><span style=\"font-weight: 400;\">Estancia formativa de nueve meses especializada en fundici\u00f3n art\u00edstica en la Facultad de Bellas Artes de la Universidad de La Laguna, 2008.<\/span><\/li>\n<li style=\"font-weight: 400;\"><span style=\"font-weight: 400;\">Estancia formativa de nueve meses en la Accademia di Belle Arti di Roma, 2005.<\/span><\/li>\n<li style=\"font-weight: 400;\"><span style=\"font-weight: 400;\">Licenciado en Bellas Artes por la Universidad Miguel Hern\u00e1ndez, 2008.<\/span><\/li>\n<\/ul>\n<\/div><\/div>\n<div id=\"ut-accordion-parent-15\" class=\"ut-accordion\"><div class=\"ut-accordion-group\"><\/div><\/div> <div class=\"ut-accordion-heading \"><a data-parent=\"#ut-accordion-parent-15\" class=\"accordion-toggle collapsed \" data-toggle=\"collapse\" data-target=\"#accordion14\">Doctoral thesis<\/a><\/div><div id=\"accordion14\" class=\"ut-accordion-body collapse\"><div class=\"ut-accordion-inner entry-content clearfix\">\n<p>La revoluci\u00f3n de la cascarilla cer\u00e1mica. Estudio de dos casos de aplicaci\u00f3n en la fundici\u00f3n art\u00edstica valenciana actual: La facultad de Bellas Artes de Altea, la empresa del artista Jaume Esp\u00ed, 2015, sobresaliente <em>cum laude<\/em>.<\/p>\n<\/div><\/div>\n<div id=\"ut-accordion-parent-16\" class=\"ut-accordion\"><div class=\"ut-accordion-group\"><\/div><\/div> <div class=\"ut-accordion-heading \"><a data-parent=\"#ut-accordion-parent-16\" class=\"accordion-toggle collapsed \" data-toggle=\"collapse\" data-target=\"#accordion15\">Areas of research<\/a><\/div><div id=\"accordion15\" class=\"ut-accordion-body collapse\"><div class=\"ut-accordion-inner entry-content clearfix\">\n<ul>\n<li>Sculpture-bodies and sexual practices.<\/li>\n<li>Molten metal and expressive components.<\/li>\n<\/ul>\n<\/div><\/div>\n<div id=\"ut-accordion-parent-17\" class=\"ut-accordion\"><div class=\"ut-accordion-group\"><\/div><\/div> <div class=\"ut-accordion-heading \"><a data-parent=\"#ut-accordion-parent-17\" class=\"accordion-toggle collapsed \" data-toggle=\"collapse\" data-target=\"#accordion16\">Link to personal web page<\/a><\/div><div id=\"accordion16\" class=\"ut-accordion-body collapse\"><div class=\"ut-accordion-inner entry-content clearfix\">\n<p><a href=\"https:\/\/deifvila.wixsite.com\/davidvila\">https:\/\/deifvila.wixsite.com\/davidvila<\/a><\/p>\n<p><a href=\"http:\/\/fidex.umh.es\/\">http:\/\/fidex.umh.es\/<\/a><\/p>\n<\/div><\/div>\n<div id=\"ut-accordion-parent-18\" class=\"ut-accordion\"><div class=\"ut-accordion-group\"><\/div><\/div> <div class=\"ut-accordion-heading \"><a data-parent=\"#ut-accordion-parent-18\" class=\"accordion-toggle collapsed \" data-toggle=\"collapse\" data-target=\"#accordion17\">Individual exhibitions<\/a><\/div><div id=\"accordion17\" class=\"ut-accordion-body collapse\"><div class=\"ut-accordion-inner entry-content clearfix\">\n<ul>\n<li style=\"font-weight: 400;\"><i><span style=\"font-weight: 400;\">Solstici.<\/span><\/i><span style=\"font-weight: 400;\">\u00a0Sala de les Columnes de X\u00e1tiva. Comisario: Gustavo Morant.Cat\u00e1logo. 2018.<\/span><\/li>\n<li style=\"font-weight: 400;\"><i><span style=\"font-weight: 400;\">De cuerpo presente<\/span><\/i><span style=\"font-weight: 400;\">. Museari. Comisarios: Ricard Huerta y German Espinarch. 2019.<\/span><\/li>\n<li style=\"font-weight: 400;\"><i><span style=\"font-weight: 400;\">Metamorfosi,\u00a0<\/span><\/i><span style=\"font-weight: 400;\">Fundaci\u00f3n Frax. Comisarios: Mar\u00eda Jos\u00e9 Zan\u00f3n, Inma Mengual, Juan fco. Mart\u00ednez G\u00f3mez de Albacete, cat\u00e1logo. 2015.<\/span><\/li>\n<li style=\"font-weight: 400;\"><i><span style=\"font-weight: 400;\">Mearruinas,\u00a0<\/span><\/i><span style=\"font-weight: 400;\">Tabacalera, Madrid. Comisario Alberto Nu\u00f1ez, 2012, Cat\u00e1logo.<\/span><\/li>\n<li><i><span style=\"font-weight: 400;\">Ven, re- descubre \u2013 te,\u00a0<\/span><\/i><span style=\"font-weight: 400;\">LaC espacio expositivo \u2013 Altea, 2011.<\/span><\/li>\n<\/ul>\n<\/div><\/div>\n<div id=\"ut-accordion-parent-19\" class=\"ut-accordion\"><div class=\"ut-accordion-group\"><\/div><\/div> <div class=\"ut-accordion-heading \"><a data-parent=\"#ut-accordion-parent-19\" class=\"accordion-toggle collapsed \" data-toggle=\"collapse\" data-target=\"#accordion18\">Group exhibition<\/a><\/div><div id=\"accordion18\" class=\"ut-accordion-body collapse\"><div class=\"ut-accordion-inner entry-content clearfix\">\n<ul>\n<li style=\"font-weight: 400;\"><i><span style=\"font-weight: 400;\">Altea destino La Habana. <\/span><\/i><span style=\"font-weight: 400;\">La Habana, Cuba 2020.<\/span><\/li>\n<li style=\"font-weight: 400;\"><i><span style=\"font-weight: 400;\">The Collector.<\/span><\/i><span style=\"font-weight: 400;\"> M\u00e1laga, 2019.<\/span><\/li>\n<li style=\"font-weight: 400;\"><i><span style=\"font-weight: 400;\">Ejes Plurales.<\/span><\/i><span style=\"font-weight: 400;\"> Valencia, 2019.<\/span><\/li>\n<li style=\"font-weight: 400;\"><i><span style=\"font-weight: 400;\">Intangibles.<\/span><\/i><span style=\"font-weight: 400;\"> Alcoy, 2019.<\/span><\/li>\n<li style=\"font-weight: 400;\"><i><span style=\"font-weight: 400;\">T\u00f3xics. <\/span><\/i><span style=\"font-weight: 400;\">Valencia, 2019.<\/span><\/li>\n<li style=\"font-weight: 400;\"><i><span style=\"font-weight: 400;\">Kulture Club<\/span><\/i><span style=\"font-weight: 400;\">,\u00a0 Kulture Club, X\u00e1tiva (Valencia), 2016, comisaria: Irene Vila.<\/span><\/li>\n<li style=\"font-weight: 400;\"><i><span style=\"font-weight: 400;\">Menos es menos, m\u00e1s es menos, menos es m\u00e1s, m\u00e1s es m\u00e1s<\/span><\/i><span style=\"font-weight: 400;\">, Fundaci\u00f3n Frax, Alfaz\u00a0 del P\u00ed\u00a0 (Alicante), 2016, cat\u00e1logo.<\/span><\/li>\n<li style=\"font-weight: 400;\"><i><span style=\"font-weight: 400;\">El porno s\u00ed es cultura<\/span><\/i><span style=\"font-weight: 400;\">, Valencia Sex\u00a0Festival, Espai LLimera, Valencia, 2016, comisaria: Anarel.la Mart\u00ednez.<\/span><\/li>\n<li style=\"font-weight: 400;\"><i><span style=\"font-weight: 400;\">Pornosigilo Grimorio Sexual del Grupo\u00a0Fidex,<\/span><\/i><span style=\"font-weight: 400;\">\u00a0Centre de Cultura Contempor\u00e1nia, Valencia, 2015.<\/span><\/li>\n<li><i><span style=\"font-weight: 400;\">El aula invertida: Estrategias\u00a0pedag\u00f3gicas y pr\u00e1cticas art\u00edsticas<\/span><\/i><span style=\"font-weight: 400;\">, Fundaci\u00f3n La Posta, Valencia, 2014, comisaria: Mar\u00eda Tinoco, cat\u00e1logo.<\/span><\/li>\n<\/ul>\n<\/div><\/div>\n<div id=\"ut-accordion-parent-20\" class=\"ut-accordion\"><div class=\"ut-accordion-group\"><\/div><\/div> <div class=\"ut-accordion-heading \"><a data-parent=\"#ut-accordion-parent-20\" class=\"accordion-toggle collapsed \" data-toggle=\"collapse\" data-target=\"#accordion19\">Books<\/a><\/div><div id=\"accordion19\" class=\"ut-accordion-body collapse\"><div class=\"ut-accordion-inner entry-content clearfix\">\n<ul>\n<li style=\"font-weight: 400;\"><span style=\"font-weight: 400;\">Vila, David. <\/span><i><span style=\"font-weight: 400;\">Solstici<\/span><\/i><span style=\"font-weight: 400;\">. Diputaci\u00f3n de Valencia. 2018.<\/span><\/li>\n<li style=\"font-weight: 400;\"><span style=\"font-weight: 400;\">AA. VV.,\u00a0<\/span><i><span style=\"font-weight: 400;\">Tu coraz\u00f3n y el m\u00edo. Escrituras Estructuras. Aproximaciones en torno a la ret\u00f3rica visual y la construcci\u00f3n del sentido,\u00a0<\/span><\/i><span style=\"font-weight: 400;\">Centro Nacional de investigaci\u00f3n y Documentaci\u00f3n e Informaci\u00f3n teatral Rodolfo Usigli, Chiuaua (M\u00e9xico), 2016.<\/span><\/li>\n<li style=\"font-weight: 400;\"><span style=\"font-weight: 400;\">Vila, David,\u00a0<\/span><i><span style=\"font-weight: 400;\">Metamorfosis<\/span><\/i><span style=\"font-weight: 400;\">, Pasionporloslibros, Valencia, 2016.<\/span><\/li>\n<li style=\"font-weight: 400;\"><span style=\"font-weight: 400;\">VV. AA.,\u00a0<\/span><i><span style=\"font-weight: 400;\">Culo o Codo. El aula invertida: estrategias pedag\u00f3gicas desde la diversidad sexual,<\/span><\/i><span style=\"font-weight: 400;\">\u00a0Fundaci\u00f3n La Posta, 2014.<\/span><\/li>\n<li><span style=\"font-weight: 400;\">Vila, David, \u00abCiclogenesis expulsiva\u00bb y \u00abPolvo\u00bb, en VV. AA.,\u00a0<\/span><i><span style=\"font-weight: 400;\">Plexo de Fidex en Es Polvor\u00ed<\/span><\/i><span style=\"font-weight: 400;\">, Pasionporloslibros, Ibiza, 2014.<\/span><\/li>\n<\/ul>\n<\/div><\/div>\n<div id=\"ut-accordion-parent-21\" class=\"ut-accordion\"><div class=\"ut-accordion-group\"><\/div><\/div> <div class=\"ut-accordion-heading \"><a data-parent=\"#ut-accordion-parent-21\" class=\"accordion-toggle collapsed \" data-toggle=\"collapse\" data-target=\"#accordion20\">Magazine articles<\/a><\/div><div id=\"accordion20\" class=\"ut-accordion-body collapse\"><div class=\"ut-accordion-inner entry-content clearfix\">\n<ul>\n<li>Vila, David, <em>et al<\/em>., \u201cLa Magia de la Fundici\u00f3n\u201d,<em> UMH Sapiens n\u00ba14<\/em>, Oficina de comunicaci\u00f3n UMH, Elche, 2016.<\/li>\n<li>AA.VV., \u201cParlem d\u00b4Art&#8230; Amb David Vila\u201d,<em> La LLoca: Revista anual de l\u00b4Associaci\u00f3 Cultural D\u00b4Antella CILIM<\/em>, Asociaci\u00f3n Cilim, Antella, 2007.<\/li>\n<\/ul>\n<\/div><\/div>\n<div id=\"ut-accordion-parent-22\" class=\"ut-accordion\"><div class=\"ut-accordion-group\"><\/div><\/div> <div class=\"ut-accordion-heading \"><a data-parent=\"#ut-accordion-parent-22\" class=\"accordion-toggle collapsed \" data-toggle=\"collapse\" data-target=\"#accordion21\">Curatorship<\/a><\/div><div id=\"accordion21\" class=\"ut-accordion-body collapse\"><div class=\"ut-accordion-inner entry-content clearfix\">\n<ul>\n<li style=\"font-weight: 400;\"><i><span style=\"font-weight: 400;\">Bronce.Arte: Fundici\u00f3n Art\u00edstica Contempor\u00e1nea<\/span><\/i><span style=\"font-weight: 400;\">. Palau Altea Centre D\u2019arts 2019, Cat\u00e1logo.<\/span><\/li>\n<li style=\"font-weight: 400;\"><i><span style=\"font-weight: 400;\">De 0 a 100, 2016<\/span><\/i><span style=\"font-weight: 400;\">, Fundaci\u00f3n Frax, 2016, cat\u00e1logo.<\/span><\/li>\n<li style=\"font-weight: 400;\"><span style=\"font-weight: 400;\">Fusi\u00f3n B3A4, Fundaci\u00f3n Frax, 2014, cat\u00e1logo.<\/span><\/li>\n<li style=\"font-weight: 400;\"><i><span style=\"font-weight: 400;\">Quimera<\/span><\/i><span style=\"font-weight: 400;\">, Fundaci\u00f3n Frax, 2013, cat\u00e1logo.<\/span><\/li>\n<li><i><span style=\"font-weight: 400;\">CreatxrsPro4.5<\/span><\/i><span style=\"font-weight: 400;\">, Fundaci\u00f3n Frax, 2012, cat\u00e1logo.<\/span><\/li>\n<\/ul>\n<\/div><\/div>\n<div id=\"ut-accordion-parent-23\" class=\"ut-accordion\"><div class=\"ut-accordion-group\"><\/div><\/div> <div class=\"ut-accordion-heading \"><a data-parent=\"#ut-accordion-parent-23\" class=\"accordion-toggle collapsed \" data-toggle=\"collapse\" data-target=\"#accordion22\">Awards<\/a><\/div><div id=\"accordion22\" class=\"ut-accordion-body collapse\"><div class=\"ut-accordion-inner entry-content clearfix\">\n<ul>\n<li style=\"font-weight: 400;\"><span style=\"font-weight: 400;\">Premio investigaci\u00f3n Concurso escultura Fundaci\u00f3n Levantina \/ UMH 2017.<\/span><\/li>\n<li style=\"font-weight: 400;\"><span style=\"font-weight: 400;\">Finalista en la XIII Bienal de Escultura de Meliana 2017.<\/span><\/li>\n<li style=\"font-weight: 400;\"><span style=\"font-weight: 400;\">Seleccionado en el certamen Bernia 2009.<\/span><\/li>\n<li style=\"font-weight: 400;\"><span style=\"font-weight: 400;\">Adquisici\u00f3n de dos obras en el certamen Bernia 2010.<\/span><\/li>\n<\/ul>\n<\/div><\/div>\n<div id=\"ut-accordion-parent-24\" class=\"ut-accordion\"><div class=\"ut-accordion-group\"><\/div><\/div> <div class=\"ut-accordion-heading \"><a data-parent=\"#ut-accordion-parent-24\" class=\"accordion-toggle collapsed \" data-toggle=\"collapse\" data-target=\"#accordion23\">Works in art collections<\/a><\/div><div id=\"accordion23\" class=\"ut-accordion-body collapse\"><div class=\"ut-accordion-inner entry-content clearfix\">\n<ul>\n<li style=\"font-weight: 400;\"><span style=\"font-weight: 400;\">Ayuntamiento de X\u00e1tiva.<\/span><\/li>\n<li style=\"font-weight: 400;\"><span style=\"font-weight: 400;\">Universidad Miguel Hern\u00e1ndez.<\/span><\/li>\n<li style=\"font-weight: 400;\"><span style=\"font-weight: 400;\">Ayuntamiento de Barxeta.<\/span><\/li>\n<li style=\"font-weight: 400;\"><span style=\"font-weight: 400;\">Fundaci\u00f3n Frax.<\/span><\/li>\n<\/ul>\n<\/div><\/div>\n<\/div><\/div>\n<\/div>\n<div  class=\"ut-one-half ut-column-last  \">\n<p>\n\t\t\t<!-- START deif REVOLUTION SLIDER 6.5.14 --><p class=\"rs-p-wp-fix\"><\/p>\n\t\t\t<rs-module-wrap id=\"rev_slider_55_2_wrapper\" data-source=\"gallery\" style=\"visibility:hidden;background:transparent;padding:0;margin:0px auto;margin-top:0;margin-bottom:0;\">\n\t\t\t\t<rs-module id=\"rev_slider_55_2\" style=\"\" data-version=\"6.5.14\">\n\t\t\t\t\t<rs-slides>\n\t\t\t\t\t\t<rs-slide style=\"position: absolute;\" data-key=\"rs-470\" data-title=\"Slide\" data-thumb=\"\/\/campusaltea.umh.es\/files\/2017\/03\/50.000-kilates-deif-vila-m3-100x50.jpg\" data-anim=\"ms:600;\" data-in=\"o:0;\" data-out=\"a:false;\">\n\t\t\t\t\t\t\t<img src=\"\/\/campusaltea.umh.es\/wp-content\/plugins\/revslider\/public\/assets\/assets\/dummy.png\" alt=\"\" title=\"David Vila Moscard\u00f3\" class=\"rev-slidebg tp-rs-img rs-lazyload\" data-lazyload=\"\/\/campusaltea.umh.es\/files\/2017\/03\/50.000-kilates-deif-vila-m3.jpg\" data-bg=\"f:contain;\" data-no-retina>\n<!--\n\t\t\t\t\t\t\t--><rs-layer\n\t\t\t\t\t\t\t\tid=\"slider-55-slide-470-layer-1\" \n\t\t\t\t\t\t\t\tdata-type=\"text\"\n\t\t\t\t\t\t\t\tdata-color=\"rgba(0,0,0,1)\"\n\t\t\t\t\t\t\t\tdata-rsp_ch=\"on\"\n\t\t\t\t\t\t\t\tdata-xy=\"x:15px;y:20px;\"\n\t\t\t\t\t\t\t\tdata-text=\"s:26;l:22;fw:600;\"\n\t\t\t\t\t\t\t\tdata-frame_0=\"tp:600;\"\n\t\t\t\t\t\t\t\tdata-frame_1=\"tp:600;e:power2.inOut;st:500;\"\n\t\t\t\t\t\t\t\tdata-frame_999=\"o:0;tp:600;e:nothing;st:w;\"\n\t\t\t\t\t\t\t\tstyle=\"z-index:5;font-family:'';\"\n\t\t\t\t\t\t\t>50.000 kilates \n\t\t\t\t\t\t\t<\/rs-layer><!--\n-->\t\t\t\t\t\t<\/rs-slide>\n\t\t\t\t\t\t<rs-slide style=\"position: absolute;\" data-key=\"rs-471\" data-title=\"Slide\" data-thumb=\"\/\/campusaltea.umh.es\/files\/2017\/03\/aprender-a-volar-deif-vila-m7-100x50.jpg\" data-anim=\"ms:600;\" data-in=\"o:0;\" data-out=\"a:false;\">\n\t\t\t\t\t\t\t<img src=\"\/\/campusaltea.umh.es\/wp-content\/plugins\/revslider\/public\/assets\/assets\/dummy.png\" alt=\"\" title=\"David Vila Moscard\u00f3\" class=\"rev-slidebg tp-rs-img rs-lazyload\" data-lazyload=\"\/\/campusaltea.umh.es\/files\/2017\/03\/aprender-a-volar-deif-vila-m7.jpg\" data-no-retina>\n<!--\n\t\t\t\t\t\t\t--><rs-layer\n\t\t\t\t\t\t\t\tid=\"slider-55-slide-471-layer-1\" \n\t\t\t\t\t\t\t\tdata-type=\"text\"\n\t\t\t\t\t\t\t\tdata-color=\"rgba(0,0,0,1)\"\n\t\t\t\t\t\t\t\tdata-rsp_ch=\"on\"\n\t\t\t\t\t\t\t\tdata-xy=\"x:20px;y:20px;\"\n\t\t\t\t\t\t\t\tdata-text=\"s:26;l:22;fw:600;\"\n\t\t\t\t\t\t\t\tdata-frame_0=\"tp:600;\"\n\t\t\t\t\t\t\t\tdata-frame_1=\"tp:600;e:power2.inOut;st:500;\"\n\t\t\t\t\t\t\t\tdata-frame_999=\"o:0;tp:600;e:nothing;st:w;\"\n\t\t\t\t\t\t\t\tstyle=\"z-index:5;font-family:'';\"\n\t\t\t\t\t\t\t>Aprender a volar  \n\t\t\t\t\t\t\t<\/rs-layer><!--\n-->\t\t\t\t\t\t<\/rs-slide>\n\t\t\t\t\t\t<rs-slide style=\"position: absolute;\" data-key=\"rs-472\" data-title=\"Slide\" data-thumb=\"\/\/campusaltea.umh.es\/files\/2017\/03\/el-hombre-que-camina-deif-vila-m2-100x50.jpg\" data-anim=\"ms:600;\" data-in=\"o:0;\" data-out=\"a:false;\">\n\t\t\t\t\t\t\t<img src=\"\/\/campusaltea.umh.es\/wp-content\/plugins\/revslider\/public\/assets\/assets\/dummy.png\" alt=\"\" title=\"David Vila Moscard\u00f3\" class=\"rev-slidebg tp-rs-img rs-lazyload\" data-lazyload=\"\/\/campusaltea.umh.es\/files\/2017\/03\/el-hombre-que-camina-deif-vila-m2.jpg\" data-bg=\"f:contain;\" data-no-retina>\n<!--\n\t\t\t\t\t\t\t--><rs-layer\n\t\t\t\t\t\t\t\tid=\"slider-55-slide-472-layer-1\" \n\t\t\t\t\t\t\t\tdata-type=\"text\"\n\t\t\t\t\t\t\t\tdata-color=\"rgba(0,0,0,1)\"\n\t\t\t\t\t\t\t\tdata-rsp_ch=\"on\"\n\t\t\t\t\t\t\t\tdata-xy=\"x:20px;y:20px;\"\n\t\t\t\t\t\t\t\tdata-text=\"w:normal;s:26;l:22;fw:600;\"\n\t\t\t\t\t\t\t\tdata-dim=\"w:162px;h:23px;\"\n\t\t\t\t\t\t\t\tdata-frame_0=\"tp:600;\"\n\t\t\t\t\t\t\t\tdata-frame_1=\"tp:600;e:power2.inOut;st:500;\"\n\t\t\t\t\t\t\t\tdata-frame_999=\"o:0;tp:600;e:nothing;st:w;\"\n\t\t\t\t\t\t\t\tstyle=\"z-index:5;font-family:'';\"\n\t\t\t\t\t\t\t>El hombre que camina \n\t\t\t\t\t\t\t<\/rs-layer><!--\n-->\t\t\t\t\t\t<\/rs-slide>\n\t\t\t\t\t\t<rs-slide style=\"position: absolute;\" data-key=\"rs-473\" data-title=\"Slide\" data-thumb=\"\/\/campusaltea.umh.es\/files\/2017\/03\/in-deif-vila-m5-100x50.jpg\" data-anim=\"ms:600;\" data-in=\"o:0;\" data-out=\"a:false;\">\n\t\t\t\t\t\t\t<img src=\"\/\/campusaltea.umh.es\/wp-content\/plugins\/revslider\/public\/assets\/assets\/dummy.png\" alt=\"\" title=\"David Vila Moscard\u00f3\" class=\"rev-slidebg tp-rs-img rs-lazyload\" data-lazyload=\"\/\/campusaltea.umh.es\/files\/2017\/03\/in-deif-vila-m5.jpg\" data-bg=\"f:contain;\" data-no-retina>\n<!--\n\t\t\t\t\t\t\t--><rs-layer\n\t\t\t\t\t\t\t\tid=\"slider-55-slide-473-layer-1\" \n\t\t\t\t\t\t\t\tdata-type=\"text\"\n\t\t\t\t\t\t\t\tdata-color=\"rgba(0,0,0,1)\"\n\t\t\t\t\t\t\t\tdata-rsp_ch=\"on\"\n\t\t\t\t\t\t\t\tdata-xy=\"x:20px;y:20px;\"\n\t\t\t\t\t\t\t\tdata-text=\"s:26;l:22;fw:600;\"\n\t\t\t\t\t\t\t\tdata-frame_0=\"tp:600;\"\n\t\t\t\t\t\t\t\tdata-frame_1=\"tp:600;e:power2.inOut;st:500;\"\n\t\t\t\t\t\t\t\tdata-frame_999=\"o:0;tp:600;e:nothing;st:w;\"\n\t\t\t\t\t\t\t\tstyle=\"z-index:5;font-family:'';\"\n\t\t\t\t\t\t\t>In \n\t\t\t\t\t\t\t<\/rs-layer><!--\n-->\t\t\t\t\t\t<\/rs-slide>\n\t\t\t\t\t\t<rs-slide style=\"position: absolute;\" data-key=\"rs-474\" data-title=\"Slide\" data-thumb=\"\/\/campusaltea.umh.es\/files\/2017\/03\/maquina-de-generar-derroche-deif-vila-m4-100x50.jpg\" data-anim=\"ms:600;\" data-in=\"o:0;\" data-out=\"a:false;\">\n\t\t\t\t\t\t\t<img src=\"\/\/campusaltea.umh.es\/wp-content\/plugins\/revslider\/public\/assets\/assets\/dummy.png\" alt=\"\" title=\"David Vila Moscard\u00f3\" class=\"rev-slidebg tp-rs-img rs-lazyload\" data-lazyload=\"\/\/campusaltea.umh.es\/files\/2017\/03\/maquina-de-generar-derroche-deif-vila-m4.jpg\" data-no-retina>\n<!--\n\t\t\t\t\t\t\t--><rs-layer\n\t\t\t\t\t\t\t\tid=\"slider-55-slide-474-layer-1\" \n\t\t\t\t\t\t\t\tdata-type=\"text\"\n\t\t\t\t\t\t\t\tdata-color=\"rgba(0,0,0,1)\"\n\t\t\t\t\t\t\t\tdata-rsp_ch=\"on\"\n\t\t\t\t\t\t\t\tdata-xy=\"x:20px;y:20px;\"\n\t\t\t\t\t\t\t\tdata-text=\"s:26;l:22;fw:600;\"\n\t\t\t\t\t\t\t\tdata-frame_0=\"tp:600;\"\n\t\t\t\t\t\t\t\tdata-frame_1=\"tp:600;e:power2.inOut;st:500;\"\n\t\t\t\t\t\t\t\tdata-frame_999=\"o:0;tp:600;e:nothing;st:w;\"\n\t\t\t\t\t\t\t\tstyle=\"z-index:5;font-family:'';\"\n\t\t\t\t\t\t\t>M\u00e1quina de generar derroche \n\t\t\t\t\t\t\t<\/rs-layer><!--\n-->\t\t\t\t\t\t<\/rs-slide>\n\t\t\t\t\t\t<rs-slide style=\"position: absolute;\" data-key=\"rs-475\" data-title=\"Slide\" data-thumb=\"\/\/campusaltea.umh.es\/files\/2017\/03\/metamorfosi-deif-vila-m1-100x50.jpg\" data-anim=\"ms:600;\" data-in=\"o:0;\" data-out=\"a:false;\">\n\t\t\t\t\t\t\t<img src=\"\/\/campusaltea.umh.es\/wp-content\/plugins\/revslider\/public\/assets\/assets\/dummy.png\" alt=\"\" title=\"David Vila Moscard\u00f3\" class=\"rev-slidebg tp-rs-img rs-lazyload\" data-lazyload=\"\/\/campusaltea.umh.es\/files\/2017\/03\/metamorfosi-deif-vila-m1.jpg\" data-bg=\"f:contain;\" data-no-retina>\n<!--\n\t\t\t\t\t\t\t--><rs-layer\n\t\t\t\t\t\t\t\tid=\"slider-55-slide-475-layer-1\" \n\t\t\t\t\t\t\t\tdata-type=\"text\"\n\t\t\t\t\t\t\t\tdata-color=\"rgba(0,0,0,1)\"\n\t\t\t\t\t\t\t\tdata-rsp_ch=\"on\"\n\t\t\t\t\t\t\t\tdata-xy=\"x:20px;y:25px;\"\n\t\t\t\t\t\t\t\tdata-text=\"s:26;l:22;fw:600;\"\n\t\t\t\t\t\t\t\tdata-frame_0=\"tp:600;\"\n\t\t\t\t\t\t\t\tdata-frame_1=\"tp:600;e:power2.inOut;st:500;\"\n\t\t\t\t\t\t\t\tdata-frame_999=\"o:0;tp:600;e:nothing;st:w;\"\n\t\t\t\t\t\t\t\tstyle=\"z-index:5;font-family:'';\"\n\t\t\t\t\t\t\t>Metamorfosi \n\t\t\t\t\t\t\t<\/rs-layer><!--\n-->\t\t\t\t\t\t<\/rs-slide>\n\t\t\t\t\t\t<rs-slide style=\"position: absolute;\" data-key=\"rs-476\" data-title=\"Slide\" data-thumb=\"\/\/campusaltea.umh.es\/files\/2017\/03\/tucorazonyelmio-deif-vila-m6-100x50.jpg\" data-anim=\"ms:600;\" data-in=\"o:0;\" data-out=\"a:false;\">\n\t\t\t\t\t\t\t<img src=\"\/\/campusaltea.umh.es\/wp-content\/plugins\/revslider\/public\/assets\/assets\/dummy.png\" alt=\"\" title=\"David Vila Moscard\u00f3\" class=\"rev-slidebg tp-rs-img rs-lazyload\" data-lazyload=\"\/\/campusaltea.umh.es\/files\/2017\/03\/tucorazonyelmio-deif-vila-m6.jpg\" data-bg=\"f:contain;\" data-no-retina>\n<!--\n\t\t\t\t\t\t\t--><rs-layer\n\t\t\t\t\t\t\t\tid=\"slider-55-slide-476-layer-1\" \n\t\t\t\t\t\t\t\tdata-type=\"text\"\n\t\t\t\t\t\t\t\tdata-color=\"rgba(0,0,0,1)\"\n\t\t\t\t\t\t\t\tdata-rsp_ch=\"on\"\n\t\t\t\t\t\t\t\tdata-xy=\"x:20px;y:20px;\"\n\t\t\t\t\t\t\t\tdata-text=\"s:26;l:22;fw:600;\"\n\t\t\t\t\t\t\t\tdata-frame_0=\"tp:600;\"\n\t\t\t\t\t\t\t\tdata-frame_1=\"tp:600;e:power2.inOut;st:500;\"\n\t\t\t\t\t\t\t\tdata-frame_999=\"o:0;tp:600;e:nothing;st:w;\"\n\t\t\t\t\t\t\t\tstyle=\"z-index:5;font-family:'';\"\n\t\t\t\t\t\t\t>tucorazonyelmio \n\t\t\t\t\t\t\t<\/rs-layer><!--\n-->\t\t\t\t\t\t<\/rs-slide>\n\t\t\t\t\t<\/rs-slides>\n\t\t\t\t<\/rs-module>\n\t\t\t\t<script>\n\t\t\t\t\tsetREVStartSize({c: 'rev_slider_55_2',rl:[1240,1024,778,480],el:[],gw:[1240],gh:[868],type:'standard',justify:'',layout:'fullwidth',mh:\"0\"});if (window.RS_MODULES!==undefined && window.RS_MODULES.modules!==undefined && window.RS_MODULES.modules[\"revslider552\"]!==undefined) {window.RS_MODULES.modules[\"revslider552\"].once = false;window.revapi55_2 = undefined;if (window.RS_MODULES.checkMinimal!==undefined) window.RS_MODULES.checkMinimal()}\n\t\t\t\t<\/script>\n\t\t\t<\/rs-module-wrap>\n\t\t\t<!-- END REVOLUTION SLIDER -->\n<br \/>\n<\/div><div class=\"clear\"><\/div><\/p>","protected":false},"excerpt":{"rendered":"David Vila Moscard\u00f3 He is a member of the FIDEX Research Group (\"Figuras del Exceso y Pol\u00edticas del Cuerpo\", Figures of Excess and Policy of the Body) through which he develops a line of work that is conceptually limited to issues related to gender discourses. He is also a member of the art group Proyectos [...]","protected":false},"author":469,"featured_media":0,"parent":0,"menu_order":0,"comment_status":"closed","ping_status":"open","template":"","meta":{"_links_to":"","_links_to_target":""},"_links":{"self":[{"href":"https:\/\/campusaltea.umh.es\/en\/wp-json\/wp\/v2\/pages\/4304"}],"collection":[{"href":"https:\/\/campusaltea.umh.es\/en\/wp-json\/wp\/v2\/pages"}],"about":[{"href":"https:\/\/campusaltea.umh.es\/en\/wp-json\/wp\/v2\/types\/page"}],"author":[{"embeddable":true,"href":"https:\/\/campusaltea.umh.es\/en\/wp-json\/wp\/v2\/users\/469"}],"replies":[{"embeddable":true,"href":"https:\/\/campusaltea.umh.es\/en\/wp-json\/wp\/v2\/comments?post=4304"}],"version-history":[{"count":0,"href":"https:\/\/campusaltea.umh.es\/en\/wp-json\/wp\/v2\/pages\/4304\/revisions"}],"wp:attachment":[{"href":"https:\/\/campusaltea.umh.es\/en\/wp-json\/wp\/v2\/media?parent=4304"}],"curies":[{"name":"wp","href":"https:\/\/api.w.org\/{rel}","templated":true}]}}