{"id":4279,"date":"2016-11-20T18:22:04","date_gmt":"2016-11-20T18:22:04","guid":{"rendered":"http:\/\/campusaltea.umh.es\/?page_id=4279"},"modified":"2017-02-11T16:29:19","modified_gmt":"2017-02-11T16:29:19","slug":"maria-teresa-perez-costa","status":"publish","type":"page","link":"https:\/\/campusaltea.umh.es\/en\/maria-teresa-perez-costa\/","title":{"rendered":"Maria Teresa P\u00e9rez Costa"},"content":{"rendered":"<p><div  class=\"ut-one-half  \">\n<p><img loading=\"lazy\" class=\"alignleft wp-image-4052 size-full\" src=\"http:\/\/campusaltea.umh.es\/files\/2016\/10\/Teresa1.jpg\" alt=\"\" width=\"750\" height=\"1000\" srcset=\"https:\/\/campusaltea.umh.es\/files\/2016\/10\/Teresa1.jpg 750w, https:\/\/campusaltea.umh.es\/files\/2016\/10\/Teresa1-225x300.jpg 225w\" sizes=\"(max-width: 750px) 100vw, 750px\" \/><\/p>\n<\/div>\n<div  class=\"ut-one-half ut-column-last  \">\n<h4>Teresa P\u00e9rez Costa<\/h4>\n<p style=\"text-align: justify;\">She works primarily in the field of painting and photography. Her work revolves around several constants; on the one hand, we find a more intimate theme in search of the fragmented and vague; on the other, her work focuses on an analysis of the monstrous, and the relationship and impact of the mass media in today&#8217;s society. Currently she is working on the concept of the machine and the human body.<\/p>\n<p>She studied Fine Arts in Seville and Barcelona, \u200b\u200bwhere she specialized in Image in 1986, having had Joan Sureda, Joan Fontcuberta, and Francisco Manuel Laguillo Box, among others, as professors. Her complementary artistic training includes numerous courses and seminars related to art, design, film, project methodology, photography, new technologies and cyberculture.<\/p>\n<p>As a professor she has specialized in photography, representation systems, drawing and projects.<\/p>\n<p>She conducted several exhibitions of painting and photography and art interventions in public space.<\/p>\n<\/div><div class=\"clear\"><\/div>\n<hr \/>\n<div  class=\"ut-one-half  \">\n<h5>Informaci\u00f3n adicional<\/h5>\n<div id=\"ut-accordion-parent-11\" class=\"ut-accordion\"><div class=\"ut-accordion-group\"> <div class=\"ut-accordion-heading \"><a data-parent=\"#ut-accordion-parent-11\" class=\"accordion-toggle collapsed \" data-toggle=\"collapse\" data-target=\"#accordion10\">Fields of interest<\/a><\/div><div id=\"accordion10\" class=\"ut-accordion-body collapse\"><div class=\"ut-accordion-inner entry-content clearfix\">\n<ul>\n<li>Hybridization of photography and painting.<\/li>\n<li>Digital and analogue photography: cameras for mid-sized formats, analogue laboratory in black and white and color (cibachrome).<\/li>\n<li>Photographic techniques: cyanotypes, gum bichromates, frames, chemigram, clich\u00e9 verre, snapshots and handling of the emulsion.<\/li>\n<li>Narrative and time manipulation techniques. Projections.<\/li>\n<li>Comics<\/li>\n<\/ul>\n<\/div><\/div>\n<div id=\"ut-accordion-parent-12\" class=\"ut-accordion\"><div class=\"ut-accordion-group\"><\/div><\/div> <div class=\"ut-accordion-heading \"><a data-parent=\"#ut-accordion-parent-12\" class=\"accordion-toggle collapsed \" data-toggle=\"collapse\" data-target=\"#accordion11\">Studies<\/a><\/div><div id=\"accordion11\" class=\"ut-accordion-body collapse\"><div class=\"ut-accordion-inner entry-content clearfix\">\n<ul>\n<li>Licenciada en Bellas Artes, especialidad de Imagen, Universidad de Barcelona, 1986.<\/li>\n<li>Diploma de Estudios Avanzados de Tercer Ciclo, Universidad Miguel Hern\u00e1ndez, Elche, 2002.<\/li>\n<li>Certificaci\u00f3n de Aptitud Pedag\u00f3gica, Instituto de Ciencias de la Educaci\u00f3n, Universidad Polit\u00e9cnica de Catalu\u00f1a, 1986.<\/li>\n<\/ul>\n<\/div><\/div>\n<div id=\"ut-accordion-parent-13\" class=\"ut-accordion\"><div class=\"ut-accordion-group\"><\/div><\/div> <div class=\"ut-accordion-heading \"><a data-parent=\"#ut-accordion-parent-13\" class=\"accordion-toggle collapsed \" data-toggle=\"collapse\" data-target=\"#accordion12\">Teaching<\/a><\/div><div id=\"accordion12\" class=\"ut-accordion-body collapse\"><div class=\"ut-accordion-inner entry-content clearfix\">\n<ul>\n<li>Profesora de dibujo como funcionaria de carrera, ense\u00f1anza secundaria, 1994-actualidad.<\/li>\n<li>Profesora asociada, asignatura: Fotograf\u00eda, Facultad de Bellas Artes de Murcia, Universidad de Murcia, 2003-04.<\/li>\n<li>M\u00e1ster <em>De moda. Moda, Dise\u00f1o, Producto, Creatividad<\/em>, t\u00edtulo de experto en moda, asignatura: Ilustraci\u00f3n, Facultad de Bellas Artes, Altea, UMH, 2003.<\/li>\n<li>M\u00f3dulo de Did\u00e1ctica Espec\u00edfica, Curso de Aptitud Pedag\u00f3gica, Universidad Miguel Hern\u00e1ndez, Elche, 2003.<\/li>\n<li>Profesora de Entrada Interina, asignatura: Dibujo art\u00edstico, Escuela de Dise\u00f1o de Alicante, 1993-1994.<\/li>\n<li>Profesora de Entrada Interina, asignatura: Dibujo art\u00edstico, Escuela de Artes Aplicadas y Oficios Art\u00edsticos de Orihuela, 1987-1993.<\/li>\n<\/ul>\n<\/div><\/div>\n<div id=\"ut-accordion-parent-14\" class=\"ut-accordion\"><div class=\"ut-accordion-group\"><\/div><\/div> <div class=\"ut-accordion-heading \"><a data-parent=\"#ut-accordion-parent-14\" class=\"accordion-toggle collapsed \" data-toggle=\"collapse\" data-target=\"#accordion13\">Areas of research<\/a><\/div><div id=\"accordion13\" class=\"ut-accordion-body collapse\"><div class=\"ut-accordion-inner entry-content clearfix\">\n<ul>\n<li>Monsters: hybrids, the androgynous, and digitized bodies<\/li>\n<li>Manipulation processes of the analogue image.<\/li>\n<\/ul>\n<\/div><\/div>\n<div id=\"ut-accordion-parent-15\" class=\"ut-accordion\"><div class=\"ut-accordion-group\"><\/div><\/div> <div class=\"ut-accordion-heading \"><a data-parent=\"#ut-accordion-parent-15\" class=\"accordion-toggle collapsed \" data-toggle=\"collapse\" data-target=\"#accordion14\">Individual exhibitions<\/a><\/div><div id=\"accordion14\" class=\"ut-accordion-body collapse\"><div class=\"ut-accordion-inner entry-content clearfix\">\n<ul>\n<li><em>Anverso- Reverso<\/em> <em>(a flor de piel)<\/em>, sala de exposiciones El Drac, Altea, 1999.<\/li>\n<\/ul>\n<\/div><\/div>\n<div id=\"ut-accordion-parent-16\" class=\"ut-accordion\"><div class=\"ut-accordion-group\"><\/div><\/div> <div class=\"ut-accordion-heading \"><a data-parent=\"#ut-accordion-parent-16\" class=\"accordion-toggle collapsed \" data-toggle=\"collapse\" data-target=\"#accordion15\">Group exhibition<\/a><\/div><div id=\"accordion15\" class=\"ut-accordion-body collapse\"><div class=\"ut-accordion-inner entry-content clearfix\">\n<ul>\n<li><em>Estructuras volantes<\/em>, sala de exposiciones Carrer Major, Alicante, 1996.<\/li>\n<li><em>Nuevos Creadores<\/em>, Casa de cultura, Benidorm, 1992.<\/li>\n<li><em>J\u00f3venes Creadores<\/em>, San Esteban, Murcia, 1989, 1988 y 1987.<\/li>\n<li><em>Murcia joven, <\/em>Sala Asamblea Regional, Cartagena, 1989, cat\u00e1logo.<\/li>\n<li><em>Murcia Joven<\/em>, artes pl\u00e1sticas, La Uni\u00f3n, Murcia, 1988, cat\u00e1logo.<\/li>\n<li><em>J\u00f3venes Pintores de Europa<\/em>, Benidorm, 1987.<\/li>\n<li><em>Caminos de hierro<\/em>, Fundaci\u00f3n Ferrocarriles Espa\u00f1oles, Madrid, 1987, cat\u00e1logo.<\/li>\n<li><em>XVI Sal\u00f3n Nacional de Fotograf\u00eda, <\/em>Alcoy, 1986, cat\u00e1logo.<\/li>\n<li><em>V y IX Concurso- Exposici\u00f3n de Pintura con participaci\u00f3n exclusiva de la mujer<\/em>, El Corte Ingl\u00e9s, Murcia, 1985 y 1989.<\/li>\n<li><em>Certamen Regional de j\u00f3venes Artistas<\/em>, sala exposiciones de la CAM, Murcia, 1985 y 1986, cat\u00e1logo.<\/li>\n<\/ul>\n<\/div><\/div>\n<div id=\"ut-accordion-parent-17\" class=\"ut-accordion\"><div class=\"ut-accordion-group\"><\/div><\/div> <div class=\"ut-accordion-heading \"><a data-parent=\"#ut-accordion-parent-17\" class=\"accordion-toggle collapsed \" data-toggle=\"collapse\" data-target=\"#accordion16\">Curatorship<\/a><\/div><div id=\"accordion16\" class=\"ut-accordion-body collapse\"><div class=\"ut-accordion-inner entry-content clearfix\">\n<ul>\n<li><em>Proyectos I: Fotograf\u00eda<\/em>, Sala de Exposiciones Puertas de Castilla, Murcia, 2004.<\/li>\n<li><em>La flecha<\/em>, Facultad de Bellas Artes, Altea, 2003.<\/li>\n<li><em>Cien a\u00f1os con Mir\u00f3. Ideas para un homenaje, <\/em>Caja de Ahorros del Mediterr\u00e1neo, Orihuela, 1993.<\/li>\n<\/ul>\n<\/div><\/div>\n<div id=\"ut-accordion-parent-18\" class=\"ut-accordion\"><div class=\"ut-accordion-group\"><\/div><\/div> <div class=\"ut-accordion-heading \"><a data-parent=\"#ut-accordion-parent-18\" class=\"accordion-toggle collapsed \" data-toggle=\"collapse\" data-target=\"#accordion17\">Awards and scholarships<\/a><\/div><div id=\"accordion17\" class=\"ut-accordion-body collapse\"><div class=\"ut-accordion-inner entry-content clearfix\">\n<ul>\n<li>1<sup>er<\/sup> Premio provincial al proyecto audiovisual para televisi\u00f3n o v\u00eddeo (docente), ONCE, 1993.<\/li>\n<li>2\u00ba Premio de Fotograf\u00eda, Ayuntamiento de Benidorm, 1989.<\/li>\n<li>Beca de la Generalitat Valenciana para asistir al curso de perfeccionamiento: <em>Tecniche di Indagine Fotogr\u00e1fica,<\/em> Istituto per l\u2019Arte e il Restauro, Florencia, 1993.<\/li>\n<li>Beca para asistir al I Certamen internacional pintura joven <em>Benidorm 87<\/em>, Benidorm (Alicante), 1987.<\/li>\n<li>Beca de la UIMP, curso <em>Fot\u00f3grafos en acci\u00f3n<\/em> en Santander, 1986.<\/li>\n<\/ul>\n<\/div><\/div>\n<div id=\"ut-accordion-parent-19\" class=\"ut-accordion\"><div class=\"ut-accordion-group\"><\/div><\/div> <div class=\"ut-accordion-heading \"><a data-parent=\"#ut-accordion-parent-19\" class=\"accordion-toggle collapsed \" data-toggle=\"collapse\" data-target=\"#accordion18\">Works in art collections<\/a><\/div><div id=\"accordion18\" class=\"ut-accordion-body collapse\"><div class=\"ut-accordion-inner entry-content clearfix\">\n<ul>\n<li>Fundaci\u00f3n Ferrocarriles Espa\u00f1oles, Madrid.<\/li>\n<li>Grupo Costa Blanca, Benidorm (Alicante).<\/li>\n<\/ul>\n<\/div><\/div>\n<div id=\"ut-accordion-parent-20\" class=\"ut-accordion\"><div class=\"ut-accordion-group\"><\/div><\/div> <div class=\"ut-accordion-heading \"><a data-parent=\"#ut-accordion-parent-20\" class=\"accordion-toggle collapsed \" data-toggle=\"collapse\" data-target=\"#accordion19\">Other<\/a><\/div><div id=\"accordion19\" class=\"ut-accordion-body collapse\"><div class=\"ut-accordion-inner entry-content clearfix\">\n<ul>\n<li>Coordinaci\u00f3n de <em>Arte postal por el r\u00edo Algar,<\/em> Altea (Alicante), 2007.<\/li>\n<li><em>Gorgona<\/em>, colaboraci\u00f3n con Miguel Zaragoza, Rutas de las Ermitas, Altea la Vella, (Alicante), 2002.<\/li>\n<li><em>Fot\u00f3grafo Callejero. Los Mass-media y la Guerra de los Balcanes<\/em>, colaboraci\u00f3n con Manuel Maci\u00e1, Paseo de Altea, Altea (Alicante), 1999.<\/li>\n<\/ul>\n<\/div><\/div>\n<\/div><\/div>\n<\/div>\n<div  class=\"ut-one-half ut-column-last  \">\n<p>\n\t\t\t<!-- START t_perez REVOLUTION SLIDER 6.5.14 --><p class=\"rs-p-wp-fix\"><\/p>\n\t\t\t<rs-module-wrap id=\"rev_slider_48_2_wrapper\" data-source=\"gallery\" style=\"visibility:hidden;background:transparent;padding:0;margin:0px auto;margin-top:0;margin-bottom:0;\">\n\t\t\t\t<rs-module id=\"rev_slider_48_2\" style=\"\" data-version=\"6.5.14\">\n\t\t\t\t\t<rs-slides>\n\t\t\t\t\t\t<rs-slide style=\"position: absolute;\" data-key=\"rs-407\" data-title=\"Slide\" data-thumb=\"\/\/campusaltea.umh.es\/files\/2017\/02\/Miespacio\u00edntimo-100x50.jpg\" data-anim=\"ms:600;\" data-in=\"o:0;\" data-out=\"a:false;\">\n\t\t\t\t\t\t\t<img src=\"\/\/campusaltea.umh.es\/wp-content\/plugins\/revslider\/public\/assets\/assets\/dummy.png\" alt=\"\" title=\"Maria Teresa P\u00e9rez Costa\" class=\"rev-slidebg tp-rs-img rs-lazyload\" data-lazyload=\"\/\/campusaltea.umh.es\/files\/2017\/02\/Miespacio\u00edntimo.jpg\" data-bg=\"f:contain;\" data-no-retina>\n<!---->\t\t\t\t\t\t<\/rs-slide>\n\t\t\t\t\t\t<rs-slide style=\"position: absolute;\" data-key=\"rs-408\" data-title=\"Slide\" data-thumb=\"\/\/campusaltea.umh.es\/files\/2017\/02\/Monstrua1-100x50.jpg\" data-anim=\"ms:600;\" data-in=\"o:0;\" data-out=\"a:false;\">\n\t\t\t\t\t\t\t<img src=\"\/\/campusaltea.umh.es\/wp-content\/plugins\/revslider\/public\/assets\/assets\/dummy.png\" alt=\"\" title=\"Maria Teresa P\u00e9rez Costa\" class=\"rev-slidebg tp-rs-img rs-lazyload\" data-lazyload=\"\/\/campusaltea.umh.es\/files\/2017\/02\/Monstrua1.jpg\" data-bg=\"f:contain;\" data-no-retina>\n<!---->\t\t\t\t\t\t<\/rs-slide>\n\t\t\t\t\t\t<rs-slide style=\"position: absolute;\" data-key=\"rs-409\" data-title=\"Slide\" data-thumb=\"\/\/campusaltea.umh.es\/files\/2017\/02\/Reverso-1-100x50.jpg\" data-anim=\"ms:600;\" data-in=\"o:0;\" data-out=\"a:false;\">\n\t\t\t\t\t\t\t<img src=\"\/\/campusaltea.umh.es\/wp-content\/plugins\/revslider\/public\/assets\/assets\/dummy.png\" alt=\"\" title=\"Maria Teresa P\u00e9rez Costa\" class=\"rev-slidebg tp-rs-img rs-lazyload\" data-lazyload=\"\/\/campusaltea.umh.es\/files\/2017\/02\/Reverso-1.jpg\" data-bg=\"f:contain;\" data-no-retina>\n<!---->\t\t\t\t\t\t<\/rs-slide>\n\t\t\t\t\t<\/rs-slides>\n\t\t\t\t<\/rs-module>\n\t\t\t\t<script>\n\t\t\t\t\tsetREVStartSize({c: 'rev_slider_48_2',rl:[1240,1024,778,480],el:[],gw:[1240],gh:[868],type:'standard',justify:'',layout:'fullwidth',mh:\"0\"});if (window.RS_MODULES!==undefined && window.RS_MODULES.modules!==undefined && window.RS_MODULES.modules[\"revslider482\"]!==undefined) {window.RS_MODULES.modules[\"revslider482\"].once = false;window.revapi48_2 = undefined;if (window.RS_MODULES.checkMinimal!==undefined) window.RS_MODULES.checkMinimal()}\n\t\t\t\t<\/script>\n\t\t\t<\/rs-module-wrap>\n\t\t\t<!-- END REVOLUTION SLIDER -->\n<br \/>\n<\/div><div class=\"clear\"><\/div><\/p>","protected":false},"excerpt":{"rendered":"Teresa P\u00e9rez Costa She works primarily in the field of painting and photography. Her work revolves around several constants; on the one hand, we find a more intimate theme in search of the fragmented and vague; on the other, her work focuses on an analysis of the monstrous, and the relationship and impact of the [...]","protected":false},"author":469,"featured_media":0,"parent":0,"menu_order":0,"comment_status":"closed","ping_status":"open","template":"","meta":{"_links_to":"","_links_to_target":""},"_links":{"self":[{"href":"https:\/\/campusaltea.umh.es\/en\/wp-json\/wp\/v2\/pages\/4279"}],"collection":[{"href":"https:\/\/campusaltea.umh.es\/en\/wp-json\/wp\/v2\/pages"}],"about":[{"href":"https:\/\/campusaltea.umh.es\/en\/wp-json\/wp\/v2\/types\/page"}],"author":[{"embeddable":true,"href":"https:\/\/campusaltea.umh.es\/en\/wp-json\/wp\/v2\/users\/469"}],"replies":[{"embeddable":true,"href":"https:\/\/campusaltea.umh.es\/en\/wp-json\/wp\/v2\/comments?post=4279"}],"version-history":[{"count":0,"href":"https:\/\/campusaltea.umh.es\/en\/wp-json\/wp\/v2\/pages\/4279\/revisions"}],"wp:attachment":[{"href":"https:\/\/campusaltea.umh.es\/en\/wp-json\/wp\/v2\/media?parent=4279"}],"curies":[{"name":"wp","href":"https:\/\/api.w.org\/{rel}","templated":true}]}}