{"id":4216,"date":"2016-11-07T16:45:59","date_gmt":"2016-11-07T16:45:59","guid":{"rendered":"http:\/\/campusaltea.umh.es\/?page_id=4216"},"modified":"2019-10-16T10:12:45","modified_gmt":"2019-10-16T10:12:45","slug":"carmen-garcia-muriana","status":"publish","type":"page","link":"https:\/\/campusaltea.umh.es\/en\/carmen-garcia-muriana\/","title":{"rendered":"Carmen Garc\u00eda Muriana"},"content":{"rendered":"<p><div  class=\"ut-one-half  \">\n<p><img loading=\"lazy\" class=\"alignleft wp-image-4019 size-full\" src=\"http:\/\/campusaltea.umh.es\/files\/2016\/10\/Carmen1.jpg\" alt=\"\" width=\"750\" height=\"1000\" srcset=\"https:\/\/campusaltea.umh.es\/files\/2016\/10\/Carmen1.jpg 750w, https:\/\/campusaltea.umh.es\/files\/2016\/10\/Carmen1-225x300.jpg 225w\" sizes=\"(max-width: 750px) 100vw, 750px\" \/><\/p>\n<\/div>\n<div  class=\"ut-one-half ut-column-last  \">\n<h4>Carmen Muriana<\/h4>\n<p style=\"text-align: justify;\">Her main lines of work and research are the artistic and cultural practices linked to social contexts, the identity, feminist and queer(cuir) issues. These centres of interest are developed, especially within the artistic\u00a0 O.R.G.I.A collective (2001 -&#8230;) and have been lead to numerous artistic and cultural projects, exhibitions, conferences or workshops at state and international level.<\/p>\n<p style=\"text-align: justify;\">\u00a0The disciplines used in her work are photography, video, sculpture, drawing, installation, performance art or activism, among others.\u00a0 However, the use of the media, methods and materials is very &#8220;orgiastic&#8221; in the sense that it always responds to the desire to articulate a concept or experiment with a new process.<\/p>\n<p style=\"text-align: justify;\">\u00a0In parallel to this, she has participated as a speaker in specialized research forums such as the X Tepoztlan Institute for Transnational History of the Americas: Embodied Politics: Race, Sexuality and Performance (Mexico, 2013), the 1st Conference on Theory of Feminist Art and Gender in Spain (University of Barcelona, 2009) or more recently in Feministaldia (Tabakalera, San Sebastian, 2015) or in projects like Sobremesas.\u00a0 An audiovisual article (Mexico, 2013) or the Film School UMH.<\/p>\n<\/div><div class=\"clear\"><\/div>\n<hr \/>\n<div  class=\"ut-one-half  \">\n<h5>Additional information<\/h5>\n<div id=\"ut-accordion-parent-13\" class=\"ut-accordion\"><div class=\"ut-accordion-group\"> <div class=\"ut-accordion-heading \"><a data-parent=\"#ut-accordion-parent-13\" class=\"accordion-toggle collapsed \" data-toggle=\"collapse\" data-target=\"#accordion12\">Fields of interest<\/a><\/div><div id=\"accordion12\" class=\"ut-accordion-body collapse\"><div class=\"ut-accordion-inner entry-content clearfix\">\n<ul>\n<li>Photographic and audiovisual production.<\/li>\n<li>Management of artistic, visual and cultural projects.<\/li>\n<li>Performance.<\/li>\n<li>Photography direction.<\/li>\n<li>Artistic and feminist studies and Cuir \/ Queer practices.<\/li>\n<\/ul>\n<\/div><\/div>\n<div id=\"ut-accordion-parent-14\" class=\"ut-accordion\"><div class=\"ut-accordion-group\"><\/div><\/div> <div class=\"ut-accordion-heading \"><a data-parent=\"#ut-accordion-parent-14\" class=\"accordion-toggle collapsed \" data-toggle=\"collapse\" data-target=\"#accordion13\">Studies<\/a><\/div><div id=\"accordion13\" class=\"ut-accordion-body collapse\"><div class=\"ut-accordion-inner entry-content clearfix\">\n<ul>\n<li>Doctora en Bellas Artes, Universidad Miguel Hern\u00e1ndez de Elche, 2014.<\/li>\n<li>Especialista Universitario en Corrientes Experimentales de la Escultura Contempor\u00e1nea, Departamento de Escultura, Universidad Polit\u00e9cnica de Valencia, 2004.<\/li>\n<li>Licenciada en Bellas Artes, Facultad de Bellas Artes, Universidad Polit\u00e9cnica de Valencia, 2003 y Southampton Institute, 2002.<\/li>\n<\/ul>\n<\/div><\/div>\n<div id=\"ut-accordion-parent-15\" class=\"ut-accordion\"><div class=\"ut-accordion-group\"><\/div><\/div> <div class=\"ut-accordion-heading \"><a data-parent=\"#ut-accordion-parent-15\" class=\"accordion-toggle collapsed \" data-toggle=\"collapse\" data-target=\"#accordion14\">Doctoral thesis<\/a><\/div><div id=\"accordion14\" class=\"ut-accordion-body collapse\"><div class=\"ut-accordion-inner entry-content clearfix\">\n<p><em>Esther Ferrer. La (re)acci\u00f3n como leitmotiv: Reflexi\u00f3n, grito y denuncia como respuesta a las limitaciones para ser en libertad determinadas por el trinomio sexo-g\u00e9nero-sexualidad<\/em>, Universidad Miguel Hern\u00e1ndez, 2014, sobresaliente Cum Laude y Premio Extraordinario (UMH 2015).<\/p>\n<\/div><\/div>\n<div id=\"ut-accordion-parent-16\" class=\"ut-accordion\"><div class=\"ut-accordion-group\"><\/div><\/div> <div class=\"ut-accordion-heading \"><a data-parent=\"#ut-accordion-parent-16\" class=\"accordion-toggle collapsed \" data-toggle=\"collapse\" data-target=\"#accordion15\">Teaching<\/a><\/div><div id=\"accordion15\" class=\"ut-accordion-body collapse\"><div class=\"ut-accordion-inner entry-content clearfix\">\n<ul>\n<li><em>Grado en Comunicaci\u00f3n Audiovisual<\/em>, Facultad de CCJJ, UMH, 2014-2015.<\/li>\n<li><em>Posgrado Cultura Visual y G\u00e9nero. Est\u00e9tica performativa y Pr\u00e1cticas drag<\/em>, Programa Universitario de Estudios de G\u00e9nero, UNAM, M\u00e9xico D.F. [prof. Invitada], 2013.<\/li>\n<li><em>Grado en Bellas Artes<\/em>, Facultad de Bellas Artes de Valencia, UPV, 2010-2011.<\/li>\n<li><em>Licenciatura en Bellas Artes<\/em>, Facultad de Bellas Artes de Valencia, UPV, 2009-2010.<\/li>\n<li><em>Programa de Doctorado Nuevas Pr\u00e1cticas Culturales y Art\u00edsticas<\/em>, Facultad de Bellas Artes de Cuenca, UCLM [prof. Invitada], 2009.<\/li>\n<li><em>Grado Relaciones Internacionales y Protocolo<\/em>, EIP-UMH 2007-2008.<\/li>\n<li><em>M\u00e1ster Universitario en Estudios Culturales y Artes Visuales [perspectivas feministas y cuir\/queer]<\/em>, Facultad de Bellas Artes de Altea, UMH.<\/li>\n<li>Posgrado <em>Cultura visual y g\u00e9nero. Los dilemas de ser vistas<\/em>, Programa Universitario de Estudios de G\u00e9nero, UNAM, M\u00e9xico D.F. [prof. Invitada], 2018.<\/li>\n<li><em>M\u00e1ster Universitario en Proyecto e Investigaci\u00f3n en Arte<\/em>, Facultad de Bellas Artes de Altea, UMH.<\/li>\n<\/ul>\n<\/div><\/div>\n<div id=\"ut-accordion-parent-17\" class=\"ut-accordion\"><div class=\"ut-accordion-group\"><\/div><\/div> <div class=\"ut-accordion-heading \"><a data-parent=\"#ut-accordion-parent-17\" class=\"accordion-toggle collapsed \" data-toggle=\"collapse\" data-target=\"#accordion16\">Areas of research<\/a><\/div><div id=\"accordion16\" class=\"ut-accordion-body collapse\"><div class=\"ut-accordion-inner entry-content clearfix\">\n<ul>\n<li>Performance and activism: action and (re)action.<\/li>\n<li>Artistic and social contexts practices.<\/li>\n<li>Technologies and audiovisual photographic image.<\/li>\n<\/ul>\n<\/div><\/div>\n<div id=\"ut-accordion-parent-18\" class=\"ut-accordion\"><div class=\"ut-accordion-group\"><\/div><\/div> <div class=\"ut-accordion-heading \"><a data-parent=\"#ut-accordion-parent-18\" class=\"accordion-toggle collapsed \" data-toggle=\"collapse\" data-target=\"#accordion17\">Link to personal web page<\/a><\/div><div id=\"accordion17\" class=\"ut-accordion-body collapse\"><div class=\"ut-accordion-inner entry-content clearfix\">\n<p><a href=\"http:\/\/fidex.umh.es\">htt:\/\/fidex.umh.es<\/a><\/p>\n<p><a href=\"http:\/\/www.facebook.com\/grupofidex\">http:\/\/www.facebook.com\/grupofidex<\/a><\/p>\n<\/div><\/div>\n<div id=\"ut-accordion-parent-19\" class=\"ut-accordion\"><div class=\"ut-accordion-group\"><\/div><\/div> <div class=\"ut-accordion-heading \"><a data-parent=\"#ut-accordion-parent-19\" class=\"accordion-toggle collapsed \" data-toggle=\"collapse\" data-target=\"#accordion18\">Exhibitions<\/a><\/div><div id=\"accordion18\" class=\"ut-accordion-body collapse\"><div class=\"ut-accordion-inner entry-content clearfix\">\n<ul>\n<li><em>En los bajos de la Pir\u00e1mide Invertida, <\/em>Centro Cultural Puertas de Castilla, comisarios: Daniel Soriano y Pablo Sandoval, Murcia, 2018, cat\u00e1logo.<\/li>\n<li><em>Nuestro deseo es una Revoluci\u00f3n. Im\u00e1genes de la diversidad sexual en el Estado espa\u00f1ol (1977-2017), <\/em>CentroCentroCibeles, Madrid, comisarios: Juan Guardiola y Juan Antonio Su\u00e1rez, 2017.<\/li>\n<li><em>Al\u00e9n dos X\u00e9neros. Pr\u00e1cticas Art\u00edsticas Feministas en Galicia<\/em>, MARCO de Vigo, comisaria: Anxela Caram\u00e9s, 2017, cat\u00e1logo.<\/li>\n<li><em>Talking Back. Memorias transfeministas queer\/cuir\u00a0 (EN: El porvenir de la revuelta. Memoria y Deseo LGTBIQ), <\/em>Matadero Madrid, comisaria: Virginia Villaplana, 2017.<\/li>\n<li><em>EL AULA INVERTIDA. Estrategias pedag\u00f3gicas y pr\u00e1cticas art\u00edsticas desde la diversidad sexual, <\/em>Fundaci\u00f3n La Posta, Valencia, 2014, cat\u00e1logo.<\/li>\n<li><em>Iconograf\u00edas de la desobediencia<\/em>, Galer\u00eda Punto, Valencia, 2014.<\/li>\n<li><em>M\u00faltiplo de 100. Archivo feminismos post-identitarios<\/em>, CAS, Centro experimental y tecnol\u00f3gico para la Cultura y las Artes de Sevilla y UNIA, Sevilla, comisaria: Mar Villaespesa, 2014.<\/li>\n<li><em>Po\u00e9ticas y pr\u00e1cticas ecofeministas\u2026o c\u00f3mo salirse del gui\u00f3n<\/em>, MICG\u00e9nero, Centro Cultural de Espa\u00f1a en M\u00e9xico, M\u00e9xico DF, comisaria: Bel\u00e9n Romero, 2013, cat\u00e1logo.<\/li>\n<li><em>Genealog\u00edas feministas en el arte espa\u00f1ol: 1960-2010<\/em>, MUSAC, Le\u00f3n, comisarios: Juan Vicente Aliaga y Patricia Mayayo, 2012, cat\u00e1logo.<\/li>\n<li><em>Contrase\u00f1as. Nuevas representaciones sobre la femineidad<\/em>. Ciclo 10. Est\u00e1 en mi Cabeza. Detr\u00e1s de los Ojos. Instrucciones de g\u00e9nero introyectadas, Centro Cultural Montehermoso, Vitoria-Gasteiz, comisarias: Saioa Olmo y Haizea Barcenilla, 2010, cat\u00e1logo.<\/li>\n<li><em>V\u00eddeo Abierto_Programa 03_ Desafi(n)ando el g\u00e9nero<\/em>, Espacio AV, Murcia, comisarias: Silvia Mart\u00ed y Mar Caldas, 2010.<\/li>\n<li><em>\u00a1Aqu\u00ed y Ahora! Nuevas formas de acci\u00f3n feminista<\/em>, Sala Rekalde, Bilbao, comisarias: Est\u00edbaliz Sadaba y Azucena Vieites (ErreakzioaReacci\u00f3n), 2008, cat\u00e1logo.<\/li>\n<li><em>Im\u00e1genes multimedia de un mundo complejo. Visiones desde ambos lados del Atl\u00e1ntico<\/em>, Sala de Exposiciones de Santa In\u00e9s, Sevilla; itinerancia internacional, comisario: Jes\u00fas Rubio Lapaz, 2008, cat\u00e1logo.<\/li>\n<li><em>Jardines Sonoros. La Noche en Blanco de Madrid<\/em>, Fundaci\u00f3n Ortega y Gasset, Madrid, comisario: David Rodr\u00edguez Caballero, 2007.<\/li>\n<li><em>Hay algo de revolucionario en todo esto,<\/em> Sala Parpall\u00f3, Valencia; Sala Fidel Aguilar, Gerona, comisarios: David Arlandis y Javier Marroqui, 2007, cat\u00e1logo.<\/li>\n<li><em>Mirones y mirados<\/em>, C\u00edrculo de Bellas Artes de Madrid, comisario: David Trullo, 2006.<\/li>\n<li><em>Feministaldia<\/em>, Arteleku, San Sebasti\u00e1n, 2006.<\/li>\n<li><em>Fantas\u00edas republicanas: 1931-2006<\/em>, Museo Etnol\u00f3xico de Ribadavia, Rivadavia (Ourense), comisario: Xos\u00e9 Manuel Bux\u00e1n, 2006, cat\u00e1logo.<\/li>\n<li><em>Fugas subversivas. Reflexiones h\u00edbrida(s) sobre la(s) identidad(es)<\/em>, La Nau, Universidad de Valencia, comisarias: R\u00edan Lozano y Johanna Caplliure, 2005, cat\u00e1logo.<\/li>\n<\/ul>\n<\/div><\/div>\n<div id=\"ut-accordion-parent-20\" class=\"ut-accordion\"><div class=\"ut-accordion-group\"><\/div><\/div> <div class=\"ut-accordion-heading \"><a data-parent=\"#ut-accordion-parent-20\" class=\"accordion-toggle collapsed \" data-toggle=\"collapse\" data-target=\"#accordion19\">Books<\/a><\/div><div id=\"accordion19\" class=\"ut-accordion-body collapse\"><div class=\"ut-accordion-inner entry-content clearfix\">\n<ul>\n<li>Garc\u00eda Muriana, Carmen: \u201c(Re)acci\u00f3n y Resistencia. Esther Ferrer desde una \u00f3ptica feminista\u201d; en <em>Documentos para la resistencia. Pedagog\u00edas Postfeministas para la Igualdad<\/em>, CDAVC, Universidad de Valencia, 2016.<\/li>\n<li>O.R.G.I.A, \u201cSculptureLab RIOT &amp; Egyptian FIST. Un ejercicio de arqueolog\u00eda sexual de estilo \u2018c\u00f3\u00f1ico\u2019 [explorando los bajos de la pir\u00e1mide y practicando la morfolog\u00eda del loto]\u201d; en <em>El Aula Invertida. Estrategias pedag\u00f3gicas y pr\u00e1cticas art\u00edsticas desde la diversidad sexual<\/em>, Fundaci\u00f3n La Posta, Valencia 2014.<\/li>\n<li>Garc\u00eda Muriana, Carmen: &#8220;Esther Ferrer. Biopol\u00edtica, autobiograf\u00eda y performance&#8221;; en <em>X Tepoztl\u00e1n Institute for Transnational History of the Americas: Embodied Potitics: Race, Sexuality and Performance<\/em>, Tepoztl\u00e1n, M\u00e9xico, 2013 [actas de congreso].<\/li>\n<li>O.R.G.I.A, &#8220;Bastos, copas, oros, espadas y dildos. Los reyes de la baraja espa\u00f1ola&#8221;, en <em>VV.AA: Fugas subversivas. Reflexiones h\u00edbrida(s) sobre la(s) identidad(es),<\/em> Universidad de Valencia, 2005.<\/li>\n<li>O.R.G.I.A, <em>\u201cMen\u00fa degustaci\u00f3n\u201d<\/em>, Ivam Electra 2003. IVAM, Valencia, 2004.<\/li>\n<li>Garc\u00eda Muriana, Carmen: \u201cInform-acci\u00f3n y Micropol\u00edtica. El periodismo activista de Esther Ferrer\u201d, en <em>Esther Ferrer. Todas las Variaciones son v\u00e1lidas, incluida esta<\/em>. Museo Nacional Centro de Arte Reina Sof\u00eda, MNCARS, Madrid, 2017. Tambi\u00e9n Garc\u00eda Muriana, Carmen, \u201cInform-Action and Micropolitics: Esther Ferrer\u2019s Activist Journalism\u201d en <em>Esther Ferrer. All Variations are valid, incluiding this one.<\/em> Museo Nacional Centro de Arte Reina Sof\u00eda, MNCARS, Madrid,<\/li>\n<li>R.G.I.A, \u201cFlori\u00b7Cultura Subversiva: representaci\u00f3n en un acto. (Pantomima de credibilidad cient\u00edfico\/art\u00edstica para cuatro cuerdas). Partitura\u201d; en Sim\u00f3n, Alejandro [ed.]: <em>Desiderata<\/em>. Editorial Desiderata, Madrid, 2017.<\/li>\n<li>O.R.G.I.A, \u201cDildo o Disfrutador\u201d y \u201cFisting\u201d; en Lucas Platero, R.; Ros\u00f3n, M. y Ortega, E. [eds.]: <em>Barbarismos queer y otras esdr\u00fajulas<\/em>. Edicions Bellaterra, Barcelona, 2017<\/li>\n<\/ul>\n<\/div><\/div>\n<div id=\"ut-accordion-parent-21\" class=\"ut-accordion\"><div class=\"ut-accordion-group\"><\/div><\/div> <div class=\"ut-accordion-heading \"><a data-parent=\"#ut-accordion-parent-21\" class=\"accordion-toggle collapsed \" data-toggle=\"collapse\" data-target=\"#accordion20\">Magazine articles<\/a><\/div><div id=\"accordion20\" class=\"ut-accordion-body collapse\"><div class=\"ut-accordion-inner entry-content clearfix\">\n<ul>\n<li>O.R.G.I.A, \u201cLa sensibilidad: potencia y resistencias (Follarse La Ciudad)\u201d, <em>Revista N\u00f3madas, n\u00ba 39<\/em>, Instituto de Estudios Sociales Contempor\u00e1neos, Universidad Central de Bogot\u00e1 (Colombia).<\/li>\n<li>Garc\u00eda Muriana, Carmen: \u201cPost-porn pulp\u201d, en <em>d [x] i. Magazine dedicado a la cultura del dise\u00f1o, n.\u00ba 13<\/em>, a\u00f1o III, Valencia.<\/li>\n<li>O.R.G.I.A, \u201cMercamachos\u201d. <em>d [x] i. Magazine dedicado a la cultura del dise\u00f1o, n.\u00ba 15<\/em>, a\u00f1o IV, Valencia.<\/li>\n<li>O.R.G.I.A, \u201c40 a\u00f1os SON\u201d, <em>Revista Arte y Pol\u00edticas de Identidad<\/em>, n.\u00ba 16, Universidad de Murcia, 2017.<\/li>\n<\/ul>\n<\/div><\/div>\n<div id=\"ut-accordion-parent-22\" class=\"ut-accordion\"><div class=\"ut-accordion-group\"><\/div><\/div> <div class=\"ut-accordion-heading \"><a data-parent=\"#ut-accordion-parent-22\" class=\"accordion-toggle collapsed \" data-toggle=\"collapse\" data-target=\"#accordion21\">Awards<\/a><\/div><div id=\"accordion21\" class=\"ut-accordion-body collapse\"><div class=\"ut-accordion-inner entry-content clearfix\">\n<ul>\n<li><em>Premio Extraordinario de Doctorado<\/em>, Universidad Miguel Hern\u00e1ndez, 2015.<\/li>\n<li><em>CORP\u00d3REA. Representaciones del cuerpo en la contemporaneidad<\/em>, Museo de la Universidad de Alicante, MUA, 2009.<\/li>\n<li><em>XIX Certamen L&#8217;Espai Trobat. Vuit Intervencions a l&#8217;espai de Benissa<\/em>, Ayuntamiento de Benisa (Alicante), 2000.<\/li>\n<li><em>VIII Certamen Municipal de Creaci\u00f3n Joven<\/em>. Creajoven 2000, Ayuntamiento de Murcia, 2000.<\/li>\n<li><em>Beca en Arteleku<\/em>, Donostia, 2004 [La Repolitizaci\u00f3n del Espacio Sexual en las Pr\u00e1cticas Art\u00edsticas Contempor\u00e1neas].<\/li>\n<\/ul>\n<\/div><\/div>\n<div id=\"ut-accordion-parent-23\" class=\"ut-accordion\"><div class=\"ut-accordion-group\"><\/div><\/div><div class=\"ut-accordion-heading \"><a data-parent=\"#ut-accordion-parent-23\" class=\"accordion-toggle collapsed \" data-toggle=\"collapse\" data-target=\"#accordion22\">Works in art collections<\/a><\/div><div id=\"accordion22\" class=\"ut-accordion-body collapse\"><div class=\"ut-accordion-inner entry-content clearfix\">\n<ul>\n<li>Centro Cultural Puertas de Castilla, Murcia, 2018<\/li>\n<li>Cabildo Insular de Fuerte Ventura, 2017<\/li>\n<\/ul>\n<\/div><\/div>\n<div id=\"ut-accordion-parent-24\" class=\"ut-accordion\"><div class=\"ut-accordion-group\"><\/div><\/div> <div class=\"ut-accordion-heading \"><a data-parent=\"#ut-accordion-parent-24\" class=\"accordion-toggle collapsed \" data-toggle=\"collapse\" data-target=\"#accordion23\">Other<\/a><\/div><div id=\"accordion23\" class=\"ut-accordion-body collapse\"><div class=\"ut-accordion-inner entry-content clearfix\">\n<ul>\n<li>Codirige la Factor\u00eda de Animaci\u00f3n UMH desde 2017.<\/li>\n<li>Es Secretaria de la C\u00e1tedra de Estudios Art\u00edsticos Anetta Nicoli UMH desde 2017.<\/li>\n<li>Ha participado en proyectos de investigaci\u00f3n como <em>Desacuerdos. Sobre Arte, Pol\u00edticas y Esfera P\u00fablica en el Estado espa\u00f1ol. Archivo 69<\/em>\u2026<\/li>\n<li>Especializada en audiovisuales en el programa <em>Interfaces and Photography<\/em>, Southampton Institute, Southampton, Inglaterra (2001-2002) [Beca Erasmus]<\/li>\n<li>Ha dirigido el departamento de Direcci\u00f3n de Arte de la Escuela de Cine de la UMH (2016 y 2017).<\/li>\n<\/ul>\n<\/div><\/div>\n<\/div><\/div>\n<\/div>\n<div  class=\"ut-one-half ut-column-last  \">\n<p>\n\t\t\t<!-- START muriana REVOLUTION SLIDER 6.5.14 --><p class=\"rs-p-wp-fix\"><\/p>\n\t\t\t<rs-module-wrap id=\"rev_slider_58_2_wrapper\" data-source=\"gallery\" style=\"visibility:hidden;background:transparent;padding:0;margin:0px auto;margin-top:0;margin-bottom:0;\">\n\t\t\t\t<rs-module id=\"rev_slider_58_2\" style=\"\" data-version=\"6.5.14\">\n\t\t\t\t\t<rs-slides>\n\t\t\t\t\t\t<rs-slide style=\"position: absolute;\" data-key=\"rs-506\" data-title=\"Slide\" data-thumb=\"\/\/campusaltea.umh.es\/files\/2017\/04\/7_ORGIA_Pro\u2560\u00fctesis-Hirsuta-e1491212679364-100x50.jpg\" data-anim=\"ms:600;\" data-in=\"o:0;\" data-out=\"a:false;\">\n\t\t\t\t\t\t\t<img src=\"\/\/campusaltea.umh.es\/wp-content\/plugins\/revslider\/public\/assets\/assets\/dummy.png\" alt=\"\" title=\"Carmen Garc\u00eda Muriana\" class=\"rev-slidebg tp-rs-img rs-lazyload\" data-lazyload=\"\/\/campusaltea.umh.es\/files\/2017\/04\/7_ORGIA_Pro\u2560\u00fctesis-Hirsuta-e1491212679364.jpg\" data-bg=\"f:contain;\" data-no-retina>\n<!---->\t\t\t\t\t\t<\/rs-slide>\n\t\t\t\t\t\t<rs-slide style=\"position: absolute;\" data-key=\"rs-507\" data-title=\"Slide\" data-thumb=\"\/\/campusaltea.umh.es\/files\/2017\/04\/6_ORGIA_J.oda-Man-Ray-100x50.jpg\" data-anim=\"ms:600;\" data-in=\"o:0;\" data-out=\"a:false;\">\n\t\t\t\t\t\t\t<img src=\"\/\/campusaltea.umh.es\/wp-content\/plugins\/revslider\/public\/assets\/assets\/dummy.png\" alt=\"\" title=\"Carmen Garc\u00eda Muriana\" class=\"rev-slidebg tp-rs-img rs-lazyload\" data-lazyload=\"\/\/campusaltea.umh.es\/files\/2017\/04\/6_ORGIA_J.oda-Man-Ray.jpg\" data-bg=\"f:contain;\" data-no-retina>\n<!---->\t\t\t\t\t\t<\/rs-slide>\n\t\t\t\t\t\t<rs-slide style=\"position: absolute;\" data-key=\"rs-508\" data-title=\"Slide\" data-thumb=\"\/\/campusaltea.umh.es\/files\/2017\/04\/5_ORGIA_SerieVerde_contactsheet_2004-100x50.jpg\" data-anim=\"ms:600;\" data-in=\"o:0;\" data-out=\"a:false;\">\n\t\t\t\t\t\t\t<img src=\"\/\/campusaltea.umh.es\/wp-content\/plugins\/revslider\/public\/assets\/assets\/dummy.png\" alt=\"\" title=\"Carmen Garc\u00eda Muriana\" class=\"rev-slidebg tp-rs-img rs-lazyload\" data-lazyload=\"\/\/campusaltea.umh.es\/files\/2017\/04\/5_ORGIA_SerieVerde_contactsheet_2004.jpg\" data-bg=\"f:contain;\" data-no-retina>\n<!---->\t\t\t\t\t\t<\/rs-slide>\n\t\t\t\t\t\t<rs-slide style=\"position: absolute;\" data-key=\"rs-509\" data-title=\"Slide\" data-thumb=\"\/\/campusaltea.umh.es\/files\/2017\/04\/4_ORGIA_NocheenBlanco-e1491212653991-100x50.jpg\" data-anim=\"ms:600;\" data-in=\"o:0;\" data-out=\"a:false;\">\n\t\t\t\t\t\t\t<img src=\"\/\/campusaltea.umh.es\/wp-content\/plugins\/revslider\/public\/assets\/assets\/dummy.png\" alt=\"\" title=\"Carmen Garc\u00eda Muriana\" class=\"rev-slidebg tp-rs-img rs-lazyload\" data-lazyload=\"\/\/campusaltea.umh.es\/files\/2017\/04\/4_ORGIA_NocheenBlanco-e1491212653991.jpg\" data-bg=\"f:contain;\" data-no-retina>\n<!---->\t\t\t\t\t\t<\/rs-slide>\n\t\t\t\t\t\t<rs-slide style=\"position: absolute;\" data-key=\"rs-510\" data-title=\"Slide\" data-thumb=\"\/\/campusaltea.umh.es\/files\/2017\/04\/2_ORGIA_SculptureLab-RIOT-y-Egyptian-FIST-100x50.jpg\" data-anim=\"ms:600;\" data-in=\"o:0;\" data-out=\"a:false;\">\n\t\t\t\t\t\t\t<img src=\"\/\/campusaltea.umh.es\/wp-content\/plugins\/revslider\/public\/assets\/assets\/dummy.png\" alt=\"\" title=\"Carmen Garc\u00eda Muriana\" class=\"rev-slidebg tp-rs-img rs-lazyload\" data-lazyload=\"\/\/campusaltea.umh.es\/files\/2017\/04\/2_ORGIA_SculptureLab-RIOT-y-Egyptian-FIST.jpg\" data-bg=\"f:contain;\" data-no-retina>\n<!---->\t\t\t\t\t\t<\/rs-slide>\n\t\t\t\t\t\t<rs-slide style=\"position: absolute;\" data-key=\"rs-511\" data-title=\"Slide\" data-thumb=\"\/\/campusaltea.umh.es\/files\/2017\/04\/1_ORGIA_Horus-y-Apep-e1491212618365-100x50.jpg\" data-anim=\"ms:600;\" data-in=\"o:0;\" data-out=\"a:false;\">\n\t\t\t\t\t\t\t<img src=\"\/\/campusaltea.umh.es\/wp-content\/plugins\/revslider\/public\/assets\/assets\/dummy.png\" alt=\"\" title=\"Carmen Garc\u00eda Muriana\" class=\"rev-slidebg tp-rs-img rs-lazyload\" data-lazyload=\"\/\/campusaltea.umh.es\/files\/2017\/04\/1_ORGIA_Horus-y-Apep-e1491212618365.jpg\" data-bg=\"f:contain;\" data-no-retina>\n<!---->\t\t\t\t\t\t<\/rs-slide>\n\t\t\t\t\t\t<rs-slide style=\"position: absolute;\" data-key=\"rs-512\" data-title=\"Slide\" data-thumb=\"\/\/campusaltea.umh.es\/files\/2017\/04\/ORGIA_Follarse-la-ciudad_El-ataque-de-Autoero\u2560\u00fctica_2009-100x50.gif\" data-anim=\"ms:600;\" data-in=\"o:0;\" data-out=\"a:false;\">\n\t\t\t\t\t\t\t<img src=\"\/\/campusaltea.umh.es\/wp-content\/plugins\/revslider\/public\/assets\/assets\/dummy.png\" alt=\"\" title=\"Carmen Garc\u00eda Muriana\" class=\"rev-slidebg tp-rs-img rs-lazyload\" data-lazyload=\"\/\/campusaltea.umh.es\/files\/2017\/04\/ORGIA_Follarse-la-ciudad_El-ataque-de-Autoero\u2560\u00fctica_2009.gif\" data-bg=\"f:contain;\" data-no-retina>\n<!---->\t\t\t\t\t\t<\/rs-slide>\n\t\t\t\t\t\t<rs-slide style=\"position: absolute;\" data-key=\"rs-513\" data-title=\"Slide\" data-thumb=\"\/\/campusaltea.umh.es\/files\/2017\/04\/orgia-dossier-jpg2-e1491212582463-100x50.jpg\" data-anim=\"ms:600;\" data-in=\"o:0;\" data-out=\"a:false;\">\n\t\t\t\t\t\t\t<img src=\"\/\/campusaltea.umh.es\/wp-content\/plugins\/revslider\/public\/assets\/assets\/dummy.png\" alt=\"\" title=\"Carmen Garc\u00eda Muriana\" class=\"rev-slidebg tp-rs-img rs-lazyload\" data-lazyload=\"\/\/campusaltea.umh.es\/files\/2017\/04\/orgia-dossier-jpg2-e1491212582463.jpg\" data-bg=\"f:contain;\" data-no-retina>\n<!---->\t\t\t\t\t\t<\/rs-slide>\n\t\t\t\t\t\t<rs-slide style=\"position: absolute;\" data-key=\"rs-555\" data-title=\"Slide\" data-thumb=\"\/\/campusaltea.umh.es\/files\/2019\/10\/Ga-MURIANA_-Arqueolog\u00eda-de-la-sospecha-100x50.png\" data-anim=\"ms:600;\" data-in=\"o:0;\" data-out=\"a:false;\">\n\t\t\t\t\t\t\t<img src=\"\/\/campusaltea.umh.es\/wp-content\/plugins\/revslider\/public\/assets\/assets\/dummy.png\" alt=\"\" title=\"Carmen Garc\u00eda Muriana\" class=\"rev-slidebg tp-rs-img rs-lazyload\" data-lazyload=\"\/\/campusaltea.umh.es\/files\/2019\/10\/Ga-MURIANA_-Arqueolog\u00eda-de-la-sospecha.png\" data-no-retina>\n<!---->\t\t\t\t\t\t<\/rs-slide>\n\t\t\t\t\t\t<rs-slide style=\"position: absolute;\" data-key=\"rs-556\" data-title=\"Slide\" data-thumb=\"\/\/campusaltea.umh.es\/files\/2019\/10\/Ga-MURIANA-faraona-e1571225130952-100x50.jpg\" data-anim=\"ms:600;\" data-in=\"o:0;\" data-out=\"a:false;\">\n\t\t\t\t\t\t\t<img src=\"\/\/campusaltea.umh.es\/wp-content\/plugins\/revslider\/public\/assets\/assets\/dummy.png\" alt=\"\" title=\"Carmen Garc\u00eda Muriana\" class=\"rev-slidebg tp-rs-img rs-lazyload\" data-lazyload=\"\/\/campusaltea.umh.es\/files\/2019\/10\/Ga-MURIANA-faraona-e1571225130952.jpg\" data-bg=\"f:contain;\" data-no-retina>\n<!---->\t\t\t\t\t\t<\/rs-slide>\n\t\t\t\t\t<\/rs-slides>\n\t\t\t\t<\/rs-module>\n\t\t\t\t<script>\n\t\t\t\t\tsetREVStartSize({c: 'rev_slider_58_2',rl:[1240,1024,778,480],el:[],gw:[1240],gh:[868],type:'standard',justify:'',layout:'fullwidth',mh:\"0\"});if (window.RS_MODULES!==undefined && window.RS_MODULES.modules!==undefined && window.RS_MODULES.modules[\"revslider582\"]!==undefined) {window.RS_MODULES.modules[\"revslider582\"].once = false;window.revapi58_2 = undefined;if (window.RS_MODULES.checkMinimal!==undefined) window.RS_MODULES.checkMinimal()}\n\t\t\t\t<\/script>\n\t\t\t<\/rs-module-wrap>\n\t\t\t<!-- END REVOLUTION SLIDER -->\n<br \/>\n<\/div><div class=\"clear\"><\/div><\/p>","protected":false},"excerpt":{"rendered":"Carmen Muriana Her main lines of work and research are the artistic and cultural practices linked to social contexts, the identity, feminist and queer(cuir) issues. These centres of interest are developed, especially within the artistic\u00a0 O.R.G.I.A collective (2001 -...) and have been lead to numerous artistic and cultural projects, exhibitions, conferences or workshops at state [...]","protected":false},"author":469,"featured_media":0,"parent":0,"menu_order":0,"comment_status":"closed","ping_status":"open","template":"","meta":{"_links_to":"","_links_to_target":""},"_links":{"self":[{"href":"https:\/\/campusaltea.umh.es\/en\/wp-json\/wp\/v2\/pages\/4216"}],"collection":[{"href":"https:\/\/campusaltea.umh.es\/en\/wp-json\/wp\/v2\/pages"}],"about":[{"href":"https:\/\/campusaltea.umh.es\/en\/wp-json\/wp\/v2\/types\/page"}],"author":[{"embeddable":true,"href":"https:\/\/campusaltea.umh.es\/en\/wp-json\/wp\/v2\/users\/469"}],"replies":[{"embeddable":true,"href":"https:\/\/campusaltea.umh.es\/en\/wp-json\/wp\/v2\/comments?post=4216"}],"version-history":[{"count":0,"href":"https:\/\/campusaltea.umh.es\/en\/wp-json\/wp\/v2\/pages\/4216\/revisions"}],"wp:attachment":[{"href":"https:\/\/campusaltea.umh.es\/en\/wp-json\/wp\/v2\/media?parent=4216"}],"curies":[{"name":"wp","href":"https:\/\/api.w.org\/{rel}","templated":true}]}}