{"id":4197,"date":"2016-11-07T11:39:50","date_gmt":"2016-11-07T11:39:50","guid":{"rendered":"http:\/\/campusaltea.umh.es\/?page_id=4197"},"modified":"2017-02-08T13:48:43","modified_gmt":"2017-02-08T13:48:43","slug":"mario-paul-martinez-fabre","status":"publish","type":"page","link":"https:\/\/campusaltea.umh.es\/en\/mario-paul-martinez-fabre\/","title":{"rendered":"Mario Paul Mart\u00ednez Fabre"},"content":{"rendered":"<p><div  class=\"ut-one-half  \">\n<p><img loading=\"lazy\" class=\" wp-image-4039 size-full alignleft\" src=\"http:\/\/campusaltea.umh.es\/files\/2016\/10\/Mario-Paul1.jpg\" alt=\"\" width=\"750\" height=\"1000\" srcset=\"https:\/\/campusaltea.umh.es\/files\/2016\/10\/Mario-Paul1.jpg 750w, https:\/\/campusaltea.umh.es\/files\/2016\/10\/Mario-Paul1-225x300.jpg 225w\" sizes=\"(max-width: 750px) 100vw, 750px\" \/><\/p>\n<\/div>\n<div  class=\"ut-one-half ut-column-last  \">\n<h4>Mario Paul Mart\u00ednez Fabre<\/h4>\n<p>Mario-Paul Martinez is the director of the research group &#8220;Grupo de Investigaci\u00f3n Massiva&#8221; studying the interrelation of visual arts and (mass) media culture. He co-directs the degree Expert in Design and Creation of Video Games which has been developed by the University of Alicante and the University Miguel Hern\u00e1ndez. He writes about art and new technologies in the cultural supplement of the daily Arts and Letters of the newspaper Informaci\u00f3n (&#8220;Information&#8221;), Alicante, for which he also works regularly contributing illustrations and covers. In his role as an artist, graphic creative and motion graphics professional he works with communication and advertising agencies Dogmamoda (Barcelona) and Marino &amp; Galen (Barcelona). He also directed, participated and collaborated in various cycles, exhibitions and events specialised in the audiovisual field such as Technarte (Bilbao), La Noche en Blanco (Madrid), Inclusiva-Media Lab Prado (Madrid), Entornos Futuros I y II (Alicante) I Seminario de Posproducci\u00f3n y Arte Digital (Elche) or the four editions of the International Festival of Video, FIVECC (Alicante). The Foundation BilbaoArte, Sabadell Cam, the UMH, the Aguaclara publishing house or the Valencian Institute of Modern Art (IVAM) have exhibited his works.<\/p>\n<\/div><div class=\"clear\"><\/div>\n<hr \/>\n<div  class=\"ut-one-half  \">\n<h5>Additional information<\/h5>\n<div id=\"ut-accordion-parent-13\" class=\"ut-accordion\"><div class=\"ut-accordion-group\"> <div class=\"ut-accordion-heading \"><a data-parent=\"#ut-accordion-parent-13\" class=\"accordion-toggle collapsed \" data-toggle=\"collapse\" data-target=\"#accordion12\">Fields of interest<\/a><\/div><div id=\"accordion12\" class=\"ut-accordion-body collapse\"><div class=\"ut-accordion-inner entry-content clearfix\">\n<ul>\n<li>Film and digital post-production<\/li>\n<li>Video games: design and creation.<\/li>\n<li>Illustration Art and Concept Art.<\/li>\n<\/ul>\n<\/div><\/div>\n<div id=\"ut-accordion-parent-14\" class=\"ut-accordion\"><div class=\"ut-accordion-group\"><\/div><\/div> <div class=\"ut-accordion-heading \"><a data-parent=\"#ut-accordion-parent-14\" class=\"accordion-toggle collapsed \" data-toggle=\"collapse\" data-target=\"#accordion13\">Studies<\/a><\/div><div id=\"accordion13\" class=\"ut-accordion-body collapse\"><div class=\"ut-accordion-inner entry-content clearfix\">\n<ul>\n<li>Licenciado en Bellas Artes por la Universidad Polit\u00e9cnica de Valencia, 2002.<\/li>\n<li>Doctor Internacional por el Departamento de Arte, Universidad Miguel Hern\u00e1ndez, 2015.<\/li>\n<\/ul>\n<\/div><\/div>\n<div id=\"ut-accordion-parent-15\" class=\"ut-accordion\"><div class=\"ut-accordion-group\"><\/div><\/div> <div class=\"ut-accordion-heading \"><a data-parent=\"#ut-accordion-parent-15\" class=\"accordion-toggle collapsed \" data-toggle=\"collapse\" data-target=\"#accordion14\">Doctoral thesis<\/a><\/div><div id=\"accordion14\" class=\"ut-accordion-body collapse\"><div class=\"ut-accordion-inner entry-content clearfix\">\n<p><em>El videojuego en el cine. Adaptaciones y representaciones de la l\u00fadica digital en la pantalla cinematogr\u00e1fica<\/em> , Universidad Miguel Hern\u00e1ndez, 2015, <em>cum laude<\/em>.<\/p>\n<\/div><\/div>\n<div id=\"ut-accordion-parent-16\" class=\"ut-accordion\"><div class=\"ut-accordion-group\"><\/div><\/div> <div class=\"ut-accordion-heading \"><a data-parent=\"#ut-accordion-parent-16\" class=\"accordion-toggle collapsed \" data-toggle=\"collapse\" data-target=\"#accordion15\">Teaching<\/a><\/div><div id=\"accordion15\" class=\"ut-accordion-body collapse\"><div class=\"ut-accordion-inner entry-content clearfix\">\n<ul>\n<li>Centro de Ense\u00f1anza Superior Ciudad de la Luz adscrito a la UMH. Docencia en las asignaturas Efectos especiales, Dise\u00f1o de personajes, Expresi\u00f3n gr\u00e1fica y Arte y nuevas tecnolog\u00edas (2007-2012).<\/li>\n<\/ul>\n<\/div><\/div>\n<div id=\"ut-accordion-parent-17\" class=\"ut-accordion\"><div class=\"ut-accordion-group\"><\/div><\/div> <div class=\"ut-accordion-heading \"><a data-parent=\"#ut-accordion-parent-17\" class=\"accordion-toggle collapsed \" data-toggle=\"collapse\" data-target=\"#accordion16\">Areas of research<\/a><\/div><div id=\"accordion16\" class=\"ut-accordion-body collapse\"><div class=\"ut-accordion-inner entry-content clearfix\">\n<ul>\n<li>Video games in films.<\/li>\n<li>Studies on (mass) media culture.<\/li>\n<\/ul>\n<\/div><\/div>\n<div id=\"ut-accordion-parent-18\" class=\"ut-accordion\"><div class=\"ut-accordion-group\"><\/div><\/div> <div class=\"ut-accordion-heading \"><a data-parent=\"#ut-accordion-parent-18\" class=\"accordion-toggle collapsed \" data-toggle=\"collapse\" data-target=\"#accordion17\">Link to personal web page<\/a><\/div><div id=\"accordion17\" class=\"ut-accordion-body collapse\"><div class=\"ut-accordion-inner entry-content clearfix\">\n<p><a href=\"http:\/\/www.mario-paul.com\">http:\/\/www.mario-paul.com<\/a><\/p>\n<\/div><\/div>\n<div id=\"ut-accordion-parent-19\" class=\"ut-accordion\"><div class=\"ut-accordion-group\"><\/div><\/div> <div class=\"ut-accordion-heading \"><a data-parent=\"#ut-accordion-parent-19\" class=\"accordion-toggle collapsed \" data-toggle=\"collapse\" data-target=\"#accordion18\">Group exhibitions<\/a><\/div><div id=\"accordion18\" class=\"ut-accordion-body collapse\"><div class=\"ut-accordion-inner entry-content clearfix\">\n<ul>\n<li><em>Artistas invitados para un aniversario<\/em>, Club Informaci\u00f3n, Alicante, 2009.<\/li>\n<li><em>Seda de ara\u00f1a<\/em>, Sala exposiciones Edificio Rectorado UMH, Elche (Alicante), 2009, cat\u00e1logo<\/li>\n<li><em>I Congreso Internacional Cuerpos\/Sexualidades Her\u00e9ticas y Pr\u00e1cticas Art\u00edsticas<\/em>, Palau Altea, Altea (Alicante), 2009, cat\u00e1logo.<\/li>\n<li><em>Figuras del exceso, pol\u00edticas del cuerpo<\/em>, Sala exposiciones Edificio Rectorado UMH, Elche (Alicante), 2009, cat\u00e1logo<\/li>\n<li><em>Bernia. Grupo de Investigaci\u00f3n<\/em>, Fundaci\u00f3n Bilbao Arte, Bilbao, 2009, cat\u00e1logo.<\/li>\n<li><em>Escap-arte -Elx Al Carrer<\/em>, Elche (Alicante), 2008.<\/li>\n<li><em>Noche en Blanco\/Jardines Sonoros<\/em>. Palacete Marqu\u00e9s de Salamanca \/ Fundaci\u00f3n Astroc, Madrid, 2007, cat\u00e1logo.<\/li>\n<li><em>Ivam Electra Pentaniversario<\/em>, Instituto Valenciano de Arte Moderno (IVAM), Valencia, 2007.<\/li>\n<li><em>Mi peque\u00f1a deidad<\/em>, galer\u00eda Nadir, Valencia, 2004.<\/li>\n<li><em>In-Urbe<\/em>. Concejal\u00eda de Juventud, Colegio de Arquitectos de Alicante, Alicante, 2005, cat\u00e1logo.<\/li>\n<\/ul>\n<\/div><\/div>\n<div id=\"ut-accordion-parent-20\" class=\"ut-accordion\"><div class=\"ut-accordion-group\"><\/div><\/div> <div class=\"ut-accordion-heading \"><a data-parent=\"#ut-accordion-parent-20\" class=\"accordion-toggle collapsed \" data-toggle=\"collapse\" data-target=\"#accordion19\">Books<\/a><\/div><div id=\"accordion19\" class=\"ut-accordion-body collapse\"><div class=\"ut-accordion-inner entry-content clearfix\">\n<ul>\n<li>Mart\u00ednez, Mario-Paul, &#8220;Internet y la Informaci\u00f3n&#8221;, en AA. VV., <em>Jugar a la Informaci\u00f3n. Videojuegos y Periodismo en Red<\/em>, Universidad Miguel Hern\u00e1ndez, Elche, 2010.<\/li>\n<li>Mart\u00ednez, Mario-Paul, &#8220;Videojuegos para el Desahogo, la Cr\u00edtica y la Resistencia&#8221;, en AA. VV., <em>Support\/ Surface, El soporte como campo de investigaci\u00f3n<\/em>, Fundaci\u00f3n Ca\u00f1ada Blanch, Valencia, 2009.<\/li>\n<li>Mart\u00ednez, Mario-Paul, &#8220;Los Monstruos de la Raz\u00f3n\u2026&#8221;, en AA. VV., Cuerpos\/Sexualidades her\u00e9ticas y pr\u00e1cticas art\u00edsticas, Palau Altea, Altea (Alicante), 2009.<\/li>\n<li>Mart\u00ednez, Mario-Paul, <em>et al., Storyboard desenfocado<\/em>, Bernia, Grupo de Investigaci\u00f3n, Fundaci\u00f3n Bilbao Arte Fundazioa, Bilbao, 2009.<\/li>\n<li>Mart\u00ednez, Mario-Paul, &#8220;Deslices de un avatar: prestidigitaci\u00f3n y praxis art\u00edstica en Second Life&#8221;, en AA. VV., <em>Inclusiva-net # 1. Nuevas din\u00e1micas art\u00edsticas en modo web 2<\/em>, Dir. Gral. de Promoci\u00f3n y Proyectos Culturales, Madrid, 2007.<\/li>\n<\/ul>\n<\/div><\/div>\n<div id=\"ut-accordion-parent-21\" class=\"ut-accordion\"><div class=\"ut-accordion-group\"><\/div><\/div> <div class=\"ut-accordion-heading \"><a data-parent=\"#ut-accordion-parent-21\" class=\"accordion-toggle collapsed \" data-toggle=\"collapse\" data-target=\"#accordion20\">Magazine articles<\/a><\/div><div id=\"accordion20\" class=\"ut-accordion-body collapse\"><div class=\"ut-accordion-inner entry-content clearfix\">\n<ul>\n<li>Mart\u00ednez, Mario-Paul, &#8220;Gameplay Abierta. Intertextualidad, Intermedialidad y Autorreferencia en la partida de juego&#8221;, Revista <em>LifePlay: Investigaci\u00f3n y Videojuegos, Fundamentaci\u00f3n y bases te\u00f3ricas del Videojuego<\/em>, 2013.<\/li>\n<li>Mart\u00ednez, Mario-Paul, &#8220;Insoportable vertiginosidad del machinima&#8221;, <em>en Croma. Revista del Centro de Estudios Ciudad de la Luz<\/em>, 2010.<\/li>\n<\/ul>\n<\/div><\/div>\n<div id=\"ut-accordion-parent-22\" class=\"ut-accordion\"><div class=\"ut-accordion-group\"><\/div><\/div> <div class=\"ut-accordion-heading \"><a data-parent=\"#ut-accordion-parent-22\" class=\"accordion-toggle collapsed \" data-toggle=\"collapse\" data-target=\"#accordion21\">Awards and scholarships<\/a><\/div><div id=\"accordion21\" class=\"ut-accordion-body collapse\"><div class=\"ut-accordion-inner entry-content clearfix\">\n<ul>\n<li>Beca pre-doctoral obtenida en convocatorias p\u00fablica para una estancia en la Universidad de Lausana, Suiza, 2013.<\/li>\n<li>Primera menci\u00f3n en la VII muestra de arte joven Font d\u00b4Art, Ontinyent, Alicante, 2007.<\/li>\n<li>Primer premio en el IV Certamen de Artes Pl\u00e1sticas de Mutxamel, Alicante, 2006.<\/li>\n<li>Obra premiada en el concurso In-Urbe, Concejal\u00eda de Juventud, Colegio de Arquitectos de Alicante, 2005.<\/li>\n<li>Primer premio en el II Premio de Pintura Pastor Calpena, Aspe, Alicante, 2004.<\/li>\n<li>Primer premio en la XX Bienal de pintura Eusebio Sempere, Onil, Alicante, 2004.<\/li>\n<\/ul>\n<\/div><\/div>\n<div id=\"ut-accordion-parent-23\" class=\"ut-accordion\"><div class=\"ut-accordion-group\"><\/div><\/div> <div class=\"ut-accordion-heading \"><a data-parent=\"#ut-accordion-parent-23\" class=\"accordion-toggle collapsed \" data-toggle=\"collapse\" data-target=\"#accordion22\">Curatorship<\/a><\/div><div id=\"accordion22\" class=\"ut-accordion-body collapse\"><div class=\"ut-accordion-inner entry-content clearfix\">\n<ul>\n<li><em>Muestra FIVECC 12<\/em>, Festival Internacional de Videoclips, MACA, Museo de Arte Contempor\u00e1neo de Alicante, 2012.<\/li>\n<li><em>Muestra FIVECC 11<\/em>, Festival Internacional de Videoclips, MACA, Museo de Arte Contempor\u00e1neo de Alicante, 2012.<\/li>\n<li><em>Muestra FIVECC 10<\/em>, Festival Internacional de Videoclips, Espacio Camon Alicante, 2011.<\/li>\n<\/ul>\n<\/div><\/div>\n<div id=\"ut-accordion-parent-24\" class=\"ut-accordion\"><div class=\"ut-accordion-group\"><\/div><\/div> <div class=\"ut-accordion-heading \"><a data-parent=\"#ut-accordion-parent-24\" class=\"accordion-toggle collapsed \" data-toggle=\"collapse\" data-target=\"#accordion23\">Other<\/a><\/div><div id=\"accordion23\" class=\"ut-accordion-body collapse\"><div class=\"ut-accordion-inner entry-content clearfix\">\n<ul>\n<li>Conferencias invitadas en la Universidad de Lausana, Suiza (2013) y la Universidad de Toulouse-Le Mirail, Francia (2013).<\/li>\n<\/ul>\n<\/div><\/div>\n<\/div><\/div>\n<\/div>\n<div  class=\"ut-one-half ut-column-last  \">\n<p>\n\t\t\t<!-- START mario_paul REVOLUTION SLIDER 6.5.14 --><p class=\"rs-p-wp-fix\"><\/p>\n\t\t\t<rs-module-wrap id=\"rev_slider_42_2_wrapper\" data-source=\"gallery\" style=\"visibility:hidden;background:transparent;padding:0;margin:0px auto;margin-top:0;margin-bottom:0;\">\n\t\t\t\t<rs-module id=\"rev_slider_42_2\" style=\"\" data-version=\"6.5.14\">\n\t\t\t\t\t<rs-slides>\n\t\t\t\t\t\t<rs-slide style=\"position: absolute;\" data-key=\"rs-344\" data-title=\"Slide\" data-thumb=\"\/\/campusaltea.umh.es\/files\/2017\/02\/Mario-P.-Martinez-100x50.jpg\" data-in=\"o:0;\" data-out=\"a:false;\">\n\t\t\t\t\t\t\t<img src=\"\/\/campusaltea.umh.es\/wp-content\/plugins\/revslider\/public\/assets\/assets\/dummy.png\" alt=\"\" title=\"Mario Paul Mart\u00ednez Fabre\" class=\"rev-slidebg tp-rs-img rs-lazyload\" data-lazyload=\"\/\/campusaltea.umh.es\/files\/2017\/02\/Mario-P.-Martinez.jpg\" data-no-retina>\n<!---->\t\t\t\t\t\t<\/rs-slide>\n\t\t\t\t\t\t<rs-slide style=\"position: absolute;\" data-key=\"rs-345\" data-title=\"Slide\" data-thumb=\"\/\/campusaltea.umh.es\/files\/2017\/02\/Mario-P.-Martinez_David-100x50.jpg\" data-anim=\"ms:600;\" data-in=\"o:0;\" data-out=\"a:false;\">\n\t\t\t\t\t\t\t<img src=\"\/\/campusaltea.umh.es\/wp-content\/plugins\/revslider\/public\/assets\/assets\/dummy.png\" alt=\"\" title=\"Mario Paul Mart\u00ednez Fabre\" class=\"rev-slidebg tp-rs-img rs-lazyload\" data-lazyload=\"\/\/campusaltea.umh.es\/files\/2017\/02\/Mario-P.-Martinez_David.jpg\" data-no-retina>\n<!---->\t\t\t\t\t\t<\/rs-slide>\n\t\t\t\t\t\t<rs-slide style=\"position: absolute;\" data-key=\"rs-346\" data-title=\"Slide\" data-thumb=\"\/\/campusaltea.umh.es\/files\/2017\/02\/Mario-P.-Martinez_Gabo-and-the-journalism-100x50.jpg\" data-in=\"o:0;\" data-out=\"a:false;\">\n\t\t\t\t\t\t\t<img src=\"\/\/campusaltea.umh.es\/wp-content\/plugins\/revslider\/public\/assets\/assets\/dummy.png\" alt=\"\" title=\"Mario Paul Mart\u00ednez Fabre\" class=\"rev-slidebg tp-rs-img rs-lazyload\" data-lazyload=\"\/\/campusaltea.umh.es\/files\/2017\/02\/Mario-P.-Martinez_Gabo-and-the-journalism.jpg\" data-no-retina>\n<!---->\t\t\t\t\t\t<\/rs-slide>\n\t\t\t\t\t\t<rs-slide style=\"position: absolute;\" data-key=\"rs-347\" data-title=\"Slide\" data-thumb=\"\/\/campusaltea.umh.es\/files\/2017\/02\/Mario-P.-Martinez_Maestro-100x50.jpg\" data-in=\"o:0;\" data-out=\"a:false;\">\n\t\t\t\t\t\t\t<img src=\"\/\/campusaltea.umh.es\/wp-content\/plugins\/revslider\/public\/assets\/assets\/dummy.png\" alt=\"\" title=\"Mario Paul Mart\u00ednez Fabre\" class=\"rev-slidebg tp-rs-img rs-lazyload\" data-lazyload=\"\/\/campusaltea.umh.es\/files\/2017\/02\/Mario-P.-Martinez_Maestro.jpg\" data-no-retina>\n<!---->\t\t\t\t\t\t<\/rs-slide>\n\t\t\t\t\t\t<rs-slide style=\"position: absolute;\" data-key=\"rs-348\" data-title=\"Slide\" data-thumb=\"\/\/campusaltea.umh.es\/files\/2017\/02\/Mario-P.-Martinez_Orson-Welles-100x50.jpg\" data-in=\"o:0;\" data-out=\"a:false;\">\n\t\t\t\t\t\t\t<img src=\"\/\/campusaltea.umh.es\/wp-content\/plugins\/revslider\/public\/assets\/assets\/dummy.png\" alt=\"\" title=\"Mario Paul Mart\u00ednez Fabre\" class=\"rev-slidebg tp-rs-img rs-lazyload\" data-lazyload=\"\/\/campusaltea.umh.es\/files\/2017\/02\/Mario-P.-Martinez_Orson-Welles.jpg\" data-no-retina>\n<!---->\t\t\t\t\t\t<\/rs-slide>\n\t\t\t\t\t\t<rs-slide style=\"position: absolute;\" data-key=\"rs-349\" data-title=\"Slide\" data-thumb=\"\/\/campusaltea.umh.es\/files\/2017\/02\/Mario-P.-Martinez_To-the-sea-100x50.jpg\" data-in=\"o:0;\" data-out=\"a:false;\">\n\t\t\t\t\t\t\t<img src=\"\/\/campusaltea.umh.es\/wp-content\/plugins\/revslider\/public\/assets\/assets\/dummy.png\" alt=\"\" title=\"Mario Paul Mart\u00ednez Fabre\" class=\"rev-slidebg tp-rs-img rs-lazyload\" data-lazyload=\"\/\/campusaltea.umh.es\/files\/2017\/02\/Mario-P.-Martinez_To-the-sea.jpg\" data-no-retina>\n<!---->\t\t\t\t\t\t<\/rs-slide>\n\t\t\t\t\t\t<rs-slide style=\"position: absolute;\" data-key=\"rs-350\" data-title=\"Slide\" data-thumb=\"\/\/campusaltea.umh.es\/files\/2017\/02\/Mario-P.Martinez_Book-travellers-100x50.jpg\" data-in=\"o:0;\" data-out=\"a:false;\">\n\t\t\t\t\t\t\t<img src=\"\/\/campusaltea.umh.es\/wp-content\/plugins\/revslider\/public\/assets\/assets\/dummy.png\" alt=\"\" title=\"Mario Paul Mart\u00ednez Fabre\" class=\"rev-slidebg tp-rs-img rs-lazyload\" data-lazyload=\"\/\/campusaltea.umh.es\/files\/2017\/02\/Mario-P.Martinez_Book-travellers.jpg\" data-no-retina>\n<!---->\t\t\t\t\t\t<\/rs-slide>\n\t\t\t\t\t<\/rs-slides>\n\t\t\t\t<\/rs-module>\n\t\t\t\t<script>\n\t\t\t\t\tsetREVStartSize({c: 'rev_slider_42_2',rl:[1240,1024,778,480],el:[],gw:[1240],gh:[868],type:'standard',justify:'',layout:'fullwidth',mh:\"0\"});if (window.RS_MODULES!==undefined && window.RS_MODULES.modules!==undefined && window.RS_MODULES.modules[\"revslider422\"]!==undefined) {window.RS_MODULES.modules[\"revslider422\"].once = false;window.revapi42_2 = undefined;if (window.RS_MODULES.checkMinimal!==undefined) window.RS_MODULES.checkMinimal()}\n\t\t\t\t<\/script>\n\t\t\t<\/rs-module-wrap>\n\t\t\t<!-- END REVOLUTION SLIDER -->\n<br \/>\n<\/div><div class=\"clear\"><\/div><\/p>","protected":false},"excerpt":{"rendered":"Mario Paul Mart\u00ednez Fabre Mario-Paul Martinez is the director of the research group \"Grupo de Investigaci\u00f3n Massiva\" studying the interrelation of visual arts and (mass) media culture. He co-directs the degree Expert in Design and Creation of Video Games which has been developed by the University of Alicante and the University Miguel Hern\u00e1ndez. He writes [...]","protected":false},"author":469,"featured_media":0,"parent":0,"menu_order":0,"comment_status":"closed","ping_status":"open","template":"","meta":{"_links_to":"","_links_to_target":""},"_links":{"self":[{"href":"https:\/\/campusaltea.umh.es\/en\/wp-json\/wp\/v2\/pages\/4197"}],"collection":[{"href":"https:\/\/campusaltea.umh.es\/en\/wp-json\/wp\/v2\/pages"}],"about":[{"href":"https:\/\/campusaltea.umh.es\/en\/wp-json\/wp\/v2\/types\/page"}],"author":[{"embeddable":true,"href":"https:\/\/campusaltea.umh.es\/en\/wp-json\/wp\/v2\/users\/469"}],"replies":[{"embeddable":true,"href":"https:\/\/campusaltea.umh.es\/en\/wp-json\/wp\/v2\/comments?post=4197"}],"version-history":[{"count":0,"href":"https:\/\/campusaltea.umh.es\/en\/wp-json\/wp\/v2\/pages\/4197\/revisions"}],"wp:attachment":[{"href":"https:\/\/campusaltea.umh.es\/en\/wp-json\/wp\/v2\/media?parent=4197"}],"curies":[{"name":"wp","href":"https:\/\/api.w.org\/{rel}","templated":true}]}}