{"id":4130,"date":"2016-10-16T17:42:22","date_gmt":"2016-10-16T17:42:22","guid":{"rendered":"http:\/\/campusaltea.umh.es\/?page_id=4130"},"modified":"2020-03-25T07:41:42","modified_gmt":"2020-03-25T07:41:42","slug":"sergio-luna-lozano","status":"publish","type":"page","link":"https:\/\/campusaltea.umh.es\/en\/profesores\/sergio-luna-lozano\/","title":{"rendered":"Sergio Luna Lozano"},"content":{"rendered":"<p><div  class=\"ut-one-half  \">\n<p><a href=\"http:\/\/campusaltea.umh.es\/files\/2016\/10\/Sergio-luna.jpg\"><img loading=\"lazy\" class=\" wp-image-4048 size-full alignleft\" src=\"http:\/\/campusaltea.umh.es\/files\/2016\/10\/Sergio-luna.jpg\" alt=\"\" width=\"750\" height=\"1000\" srcset=\"https:\/\/campusaltea.umh.es\/files\/2016\/10\/Sergio-luna.jpg 750w, https:\/\/campusaltea.umh.es\/files\/2016\/10\/Sergio-luna-225x300.jpg 225w\" sizes=\"(max-width: 750px) 100vw, 750px\" \/><\/a><\/p>\n<\/div>\n<div  class=\"ut-one-half ut-column-last  \">\n<h4>Sergio Luna Lozano<\/h4>\n<p>His work can be defined as a pictorial research on representation models, addressing issues that visual tradition itself has transfigured into convention or emphasizing certain elements that represent a shift. From a formal point of view, some works are closely related to other media such as photography, cinema, or internet, taking advantage of strategies that are less characteristic of painting and creating a link between the different disciplines, establishing a symbiosis between technological discourse and the traditional media.<br \/>\nSince 2009 he works with the gallery pazYcomedias, Valencia, participating in various exhibitions and art fairs.<br \/>\nHe is a member of the group La Tejedora CCEC (&#8220;The Weaver CCEC&#8221;) since 2008, interdisciplinary group focused on public art and collaborative projects; and since 2014 he has completed several projects with Yasmina Mor\u00e1n, with a line of work based on the new status that image gain in relation to new technologies.<\/p>\n<\/div><div class=\"clear\"><\/div>\n<hr \/>\n<div  class=\"ut-one-half  \">\n<h5>Additional infromation<\/h5>\n<div id=\"ut-accordion-parent-13\" class=\"ut-accordion\"><div class=\"ut-accordion-group\"> <div class=\"ut-accordion-heading \"><a data-parent=\"#ut-accordion-parent-13\" class=\"accordion-toggle collapsed \" data-toggle=\"collapse\" data-target=\"#accordion12\">Fields of interest<\/a><\/div><div id=\"accordion12\" class=\"ut-accordion-body collapse\"><div class=\"ut-accordion-inner entry-content clearfix\">\n<ul>\n<li>Painting.<\/li>\n<li>Photography.<\/li>\n<li>Contemporary image.<\/li>\n<li>Portrait and identity.<\/li>\n<\/ul>\n<\/div><\/div>\n<div id=\"ut-accordion-parent-14\" class=\"ut-accordion\"><div class=\"ut-accordion-group\"><\/div><\/div> <div class=\"ut-accordion-heading \"><a data-parent=\"#ut-accordion-parent-14\" class=\"accordion-toggle collapsed \" data-toggle=\"collapse\" data-target=\"#accordion13\">Studies<\/a><\/div><div id=\"accordion13\" class=\"ut-accordion-body collapse\"><div class=\"ut-accordion-inner entry-content clearfix\">\n<ul>\n<li>Licenciado en Bellas Artes por la Facultad de San Carlos de Valencia, Universidad Polit\u00e9cnica de Valencia, 2003.<\/li>\n<\/ul>\n<\/div><\/div>\n<div id=\"ut-accordion-parent-15\" class=\"ut-accordion\"><div class=\"ut-accordion-group\"><\/div><\/div> <div class=\"ut-accordion-heading \"><a data-parent=\"#ut-accordion-parent-15\" class=\"accordion-toggle collapsed \" data-toggle=\"collapse\" data-target=\"#accordion14\">Doctoral Thesis<\/a><\/div><div id=\"accordion14\" class=\"ut-accordion-body collapse\"><div class=\"ut-accordion-inner entry-content clearfix\">\n<ul>\n<li><i><span style=\"font-weight: 400;\">El rostro sint\u00e9tico en el arte contempor\u00e1neo. Antecedentes, estrategias y casos.\u00a0<\/span><\/i>Universidad Polit\u00e9cnica de Valencia. Enero 2020. Cum Laude.<\/li>\n<\/ul>\n<\/div><\/div>\n<div id=\"ut-accordion-parent-16\" class=\"ut-accordion\"><div class=\"ut-accordion-group\"><\/div><\/div> <div class=\"ut-accordion-heading \"><a data-parent=\"#ut-accordion-parent-16\" class=\"accordion-toggle collapsed \" data-toggle=\"collapse\" data-target=\"#accordion15\">Areas of research<\/a><\/div><div id=\"accordion15\" class=\"ut-accordion-body collapse\"><div class=\"ut-accordion-inner entry-content clearfix\">\n<ul>\n<li>Systems analogue and digital representation around the synthetic face.<\/li>\n<li>Devices optical projection and viewing images (still and moving).<\/li>\n<li>Representation modes of digital platforms and their relationship with analog precedents.<\/li>\n<li>Composite photographic portrait.<\/li>\n<\/ul>\n<\/div><\/div>\n<div id=\"ut-accordion-parent-17\" class=\"ut-accordion\"><div class=\"ut-accordion-group\"><\/div><\/div> <div class=\"ut-accordion-heading \"><a data-parent=\"#ut-accordion-parent-17\" class=\"accordion-toggle collapsed \" data-toggle=\"collapse\" data-target=\"#accordion16\">Link to personal web page<\/a><\/div><div id=\"accordion16\" class=\"ut-accordion-body collapse\"><div class=\"ut-accordion-inner entry-content clearfix\">\n<ul>\n<li><a href=\"http:\/\/www.sergio-luna.com\">www.sergio-luna.com<\/a><\/li>\n<li><a href=\"http:\/\/sluna.edu.umh.es\">sluna.edu.umh.es<\/a><\/li>\n<\/ul>\n<\/div><\/div>\n<div id=\"ut-accordion-parent-18\" class=\"ut-accordion\"><div class=\"ut-accordion-group\"><\/div><\/div> <div class=\"ut-accordion-heading \"><a data-parent=\"#ut-accordion-parent-18\" class=\"accordion-toggle collapsed \" data-toggle=\"collapse\" data-target=\"#accordion17\">Individual exhibitions<\/a><\/div><div id=\"accordion17\" class=\"ut-accordion-body collapse\"><div class=\"ut-accordion-inner entry-content clearfix\">\n<ul>\n<li><i><span style=\"font-weight: 400;\">\u00c1lbum<\/span><\/i><span style=\"font-weight: 400;\">. El Convent, espai d\u2019art. Vila-real (Castell\u00f3n). 2017. Cat\u00e1logo.<\/span><\/li>\n<li><i><span style=\"font-weight: 400;\">Risas hist\u00e9ricas en el para\u00edso<\/span><\/i><span style=\"font-weight: 400;\">. Galer\u00eda pazYcomedias. Valencia. 2012.<\/span><\/li>\n<li><span style=\"font-weight: 400;\">Dead Ringers. Sala Ibercaja. Logro\u00f1o; Patio de la Infanta. Zaragoza; Sala Francisco de Goya de la UNED. Barbastro. 2009. Cat\u00e1logo.<\/span><\/li>\n<li><i><span style=\"font-weight: 400;\">Espejismos<\/span><\/i><span style=\"font-weight: 400;\">. Laboratorio de Arte Joven. Murcia. 2008. Cat\u00e1logo.<\/span><\/li>\n<li><i><span style=\"font-weight: 400;\">Historia(s) y Desenga\u00f1o(s). <\/span><\/i><span style=\"font-weight: 400;\">La Llotgeta. Valencia. 2007. Cat\u00e1logo.<\/span><\/li>\n<\/ul>\n<\/div><\/div>\n<div id=\"ut-accordion-parent-19\" class=\"ut-accordion\"><div class=\"ut-accordion-group\"><\/div><\/div> <div class=\"ut-accordion-heading \"><a data-parent=\"#ut-accordion-parent-19\" class=\"accordion-toggle collapsed \" data-toggle=\"collapse\" data-target=\"#accordion18\">Group exhibition<\/a><\/div><div id=\"accordion18\" class=\"ut-accordion-body collapse\"><div class=\"ut-accordion-inner entry-content clearfix\">\n<ul>\n<li><i><span style=\"font-weight: 400;\">Pluri-identitats.<\/span><\/i><span style=\"font-weight: 400;\"> Museo de la Universidad de Alicante (MUA). 2019. Cat\u00e1logo.<\/span><\/li>\n<li><i><span style=\"font-weight: 400;\">IX Bienal de Artes Pl\u00e1sticas Rafael Boti<\/span><\/i><span style=\"font-weight: 400;\">. Centro de Arte Contempor\u00e1neo Rafael Boti. C\u00f3rdoba. 2019.<\/span><\/li>\n<li><i><span style=\"font-weight: 400;\">Cielo-Tierra<\/span><\/i><span style=\"font-weight: 400;\">. Museo de Santa Cruz de Toledo. 2018. Comisario: Alfonso de la Torre. Cat\u00e1logo.<\/span><\/li>\n<li><i><span style=\"font-weight: 400;\">Rehabitar el espacio: presente, pasado y futuro.<\/span><\/i><span style=\"font-weight: 400;\"> Museo L\u00e1zaro Galdiano. Madrid. 2016. Comisarias: Alicia Ventura y Amparo L\u00f3pez.<\/span><\/li>\n<li><i><span style=\"font-weight: 400;\">Informe de un error<\/span><\/i><span style=\"font-weight: 400;\">. Sergio Luna + Yasmina Mor\u00e1n. Casa de Cultura de No\u00e1in (Navarra). 2016.<\/span><\/li>\n<li><i><span style=\"font-weight: 400;\">Premi Internacional de Pintura Guasch Coranty 2015<\/span><\/i><span style=\"font-weight: 400;\">. Centre d\u2019Art Tecla Sala. L\u2019Hospitalet, Barcelona. 2015. Cat\u00e1logo.<\/span><\/li>\n<li><i><span style=\"font-weight: 400;\">Gran Angular<\/span><\/i><span style=\"font-weight: 400;\">. Fabra i Coats. Barcelona. 2015.<\/span><\/li>\n<li><i><span style=\"font-weight: 400;\">Out of focus.<\/span><\/i><span style=\"font-weight: 400;\"> Sergio Luna + Yasmina Mor\u00e1n. Las Cigarreras. Alicante; Centro del Carmen. Valencia; Sala San Miguel. Castell\u00f3n. 2014. Cat\u00e1logo.<\/span><\/li>\n<li><i><span style=\"font-weight: 400;\">Di\u00e1logos. Colecci\u00f3n DKV \/ Colecci\u00f3n Arte Contempor\u00e1neo en el Museo Patio Herreriano.<\/span><\/i><span style=\"font-weight: 400;\"> Patio Herreriano. Valladolid. 2013. Comisaria: Alicia Ventura. Cat\u00e1logo.<\/span><\/li>\n<li><i><span style=\"font-weight: 400;\">La originalidad en la cultura de la copia<\/span><\/i><span style=\"font-weight: 400;\">. Centro Universitario de las Artes. Ciudad Ju\u00e1rez, M\u00e9xico; Chiayi Cultural and Creative Industrial Park. Chiayi, Taiwan; Tainan University of Technology. Tainan, Taiwan. 2012-2013. Cat\u00e1logo.<\/span><\/li>\n<\/ul>\n<\/div><\/div>\n<div id=\"ut-accordion-parent-20\" class=\"ut-accordion\"><div class=\"ut-accordion-group\"><\/div><\/div> <div class=\"ut-accordion-heading \"><a data-parent=\"#ut-accordion-parent-20\" class=\"accordion-toggle collapsed \" data-toggle=\"collapse\" data-target=\"#accordion19\">Books<\/a><\/div><div id=\"accordion19\" class=\"ut-accordion-body collapse\"><div class=\"ut-accordion-inner entry-content clearfix\">\n<ul>\n<li>Luna, Sergio, \u201cUn rostro mutante. Algunas consideraciones sobre la influencia del retrato compuesto fotogr\u00e1fico en el cine\u201d, en Mart\u00ednez Fabre, Mario-Paul y Herrero Herrero, Miguel (eds.), <em>Arte y Cine. Movimientos art\u00edsticos y cinematogr\u00e1ficos tras 1945<\/em>, Cinestesia, Alicante, 2018.<\/li>\n<\/ul>\n<\/div><\/div>\n<div id=\"ut-accordion-parent-21\" class=\"ut-accordion\"><div class=\"ut-accordion-group\"><\/div><\/div> <div class=\"ut-accordion-heading \"><a data-parent=\"#ut-accordion-parent-21\" class=\"accordion-toggle collapsed \" data-toggle=\"collapse\" data-target=\"#accordion20\">Magazine articles<\/a><\/div><div id=\"accordion20\" class=\"ut-accordion-body collapse\"><div class=\"ut-accordion-inner entry-content clearfix\">\n<ul>\n<li style=\"font-weight: 400;\"><span style=\"font-weight: 400;\">Luna Lozano, S. \u201cVer sin mirar. El retrato sint\u00e9tico por visi\u00f3n artificial en la pr\u00e1ctica art\u00edstica\u201d <\/span><i><span style=\"font-weight: 400;\">ASRI. Arte y Sociedad. Revista de Investigaci\u00f3n<\/span><\/i><span style=\"font-weight: 400;\">, (15), 241-254. 2018.<\/span><\/li>\n<li style=\"font-weight: 400;\">Luna Lozano, S. \u201cUn aire familiar. El devenir de la fotograf\u00eda compuesta como retrato de familia en la pr\u00e1ctica art\u00edstica\u201d <i><span style=\"font-weight: 400;\">Revista Sonda. Investigaci\u00f3n en Artes y Letras<\/span><\/i><span style=\"font-weight: 400;\">, n\u00ba 7, 217-228. 2018.<\/span><\/li>\n<li style=\"font-weight: 400;\">Luna Lozano, S. y Mor\u00e1n Conesa, Y. \u201cC\u00f3mo desaparecer del mapa: Un caso pr\u00e1ctico de disidencia online\u201d <i><span style=\"font-weight: 400;\">Ausart<\/span><\/i><span style=\"font-weight: 400;\">, 6 (2), 9-21. 2018.<\/span><\/li>\n<li style=\"font-weight: 400;\"><span style=\"font-weight: 400;\">Mart\u00edn Mart\u00ednez, J. V. y Luna Lozano, S. \u201cEl rostro sint\u00e9tico. Estrategias de representaci\u00f3n en torno al retrato artificial\u201d <\/span><i><span style=\"font-weight: 400;\">Artnodes<\/span><\/i><span style=\"font-weight: 400;\">. N\u00ba 23, 19-29. 2019.<\/span><\/li>\n<\/ul>\n<\/div><\/div>\n<div id=\"ut-accordion-parent-22\" class=\"ut-accordion\"><div class=\"ut-accordion-group\"><\/div><\/div> <div class=\"ut-accordion-heading \"><a data-parent=\"#ut-accordion-parent-22\" class=\"accordion-toggle collapsed \" data-toggle=\"collapse\" data-target=\"#accordion21\">Awards and scholarships<\/a><\/div><div id=\"accordion21\" class=\"ut-accordion-body collapse\"><div class=\"ut-accordion-inner entry-content clearfix\">\n<ul>\n<li style=\"font-weight: 400;\"><span style=\"font-weight: 400;\">Beca de producci\u00f3n <\/span><i><span style=\"font-weight: 400;\">Proyecto 3CMCV,<\/span><\/i><span style=\"font-weight: 400;\"> Consorci de Museus de la Comunitat Valenciana. 2013.<\/span><\/li>\n<li style=\"font-weight: 400;\"><span style=\"font-weight: 400;\">Primer premio en <\/span><i><span style=\"font-weight: 400;\">XXXVII Certamen Nacional de Pintura Vila de Pego.<\/span><\/i><span style=\"font-weight: 400;\"> 2013.<\/span><\/li>\n<li style=\"font-weight: 400;\"><span style=\"font-weight: 400;\">Primer premio en <\/span><i><span style=\"font-weight: 400;\">X Certamen Cultural Virgen de las Vi\u00f1as.<\/span><\/i><span style=\"font-weight: 400;\"> 2011.<\/span><\/li>\n<li style=\"font-weight: 400;\"><span style=\"font-weight: 400;\">Acc\u00e9sit en <\/span><i><span style=\"font-weight: 400;\">XI Premio Nacional de Pintura Real Academia de Bellas Artes de San Carlos.<\/span><\/i><span style=\"font-weight: 400;\"> 2010.<\/span><\/li>\n<li style=\"font-weight: 400;\"><span style=\"font-weight: 400;\">Menci\u00f3n de honor en <\/span><i><span style=\"font-weight: 400;\">X Premio Gestores de Pintura<\/span><\/i><span style=\"font-weight: 400;\">. 2009.<\/span><\/li>\n<\/ul>\n<\/div><\/div>\n<div id=\"ut-accordion-parent-23\" class=\"ut-accordion\"><div class=\"ut-accordion-group\"><\/div><\/div> <div class=\"ut-accordion-heading \"><a data-parent=\"#ut-accordion-parent-23\" class=\"accordion-toggle collapsed \" data-toggle=\"collapse\" data-target=\"#accordion22\">Works in art collections<\/a><\/div><div id=\"accordion22\" class=\"ut-accordion-body collapse\"><div class=\"ut-accordion-inner entry-content clearfix\">\n<ul>\n<li><span style=\"font-weight: 400;\">Diputaci\u00f3n de C\u00e1ceres<\/span><\/li>\n<li><span style=\"font-weight: 400;\">Fundaci\u00f3n Jorge Ali\u00f3<\/span><\/li>\n<li><span style=\"font-weight: 400;\">Colecci\u00f3n DKV<\/span><\/li>\n<li><span style=\"font-weight: 400;\">Colecci\u00f3n Ibercaja<\/span><\/li>\n<li><span style=\"font-weight: 400;\">Universidad de Ja\u00e9n<\/span><\/li>\n<li><span style=\"font-weight: 400;\">Real Academia de Bellas Artes de San Carlos<\/span><\/li>\n<li><span style=\"font-weight: 400;\">Fundaci\u00f3n Mainel<\/span><\/li>\n<li><span style=\"font-weight: 400;\">Ayuntamiento de Albacete<\/span><\/li>\n<li><span style=\"font-weight: 400;\">Ayuntamiento de Burriana<\/span><\/li>\n<li><span style=\"font-weight: 400;\">Ayuntamiento de Gand\u00eda<\/span><\/li>\n<\/ul>\n<\/div><\/div>\n<div id=\"ut-accordion-parent-24\" class=\"ut-accordion\"><div class=\"ut-accordion-group\"><\/div><\/div> <div class=\"ut-accordion-heading \"><a data-parent=\"#ut-accordion-parent-24\" class=\"accordion-toggle collapsed \" data-toggle=\"collapse\" data-target=\"#accordion23\">Other<\/a><\/div><div id=\"accordion23\" class=\"ut-accordion-body collapse\"><div class=\"ut-accordion-inner entry-content clearfix\">\n<ul>\n<li>Conferencia invitada en el CENDEAC (Centro de Documentaci\u00f3n y Estudios Avanzados de Arte Contempor\u00e1neo) de <em>Miradas Cercanas<\/em>, 2016.<\/li>\n<li>Participaci\u00f3n (junto con Yasmina Mor\u00e1n) en la publicaci\u00f3n <em>Quince planes terroristas<\/em>, un proyecto curatorial de N\u00faria G\u00fcell.<\/li>\n<\/ul>\n<\/div><\/div>\n<\/div><\/div>\n<\/div>\n<div  class=\"ut-one-half ut-column-last  \">\n<p>\n\t\t\t<!-- START Luna REVOLUTION SLIDER 6.5.14 --><p class=\"rs-p-wp-fix\"><\/p>\n\t\t\t<rs-module-wrap id=\"rev_slider_38_2_wrapper\" data-source=\"gallery\" style=\"visibility:hidden;background:transparent;padding:0;margin:0px auto;margin-top:0;margin-bottom:0;\">\n\t\t\t\t<rs-module id=\"rev_slider_38_2\" style=\"\" data-version=\"6.5.14\">\n\t\t\t\t\t<rs-slides>\n\t\t\t\t\t\t<rs-slide style=\"position: absolute;\" data-key=\"rs-304\" data-title=\"Slide\" data-thumb=\"\/\/campusaltea.umh.es\/files\/2019\/11\/Luna-Sergio-01-100x50.jpg\" data-anim=\"ms:600;\" data-in=\"o:0;\" data-out=\"a:false;\">\n\t\t\t\t\t\t\t<img src=\"\/\/campusaltea.umh.es\/wp-content\/plugins\/revslider\/public\/assets\/assets\/dummy.png\" alt=\"\" title=\"Sergio Luna Lozano\" class=\"rev-slidebg tp-rs-img rs-lazyload\" data-lazyload=\"\/\/campusaltea.umh.es\/files\/2019\/11\/Luna-Sergio-01.jpg\" data-bg=\"f:contain;\" data-no-retina>\n<!---->\t\t\t\t\t\t<\/rs-slide>\n\t\t\t\t\t\t<rs-slide style=\"position: absolute;\" data-key=\"rs-305\" data-title=\"Slide\" data-thumb=\"\/\/campusaltea.umh.es\/files\/2019\/11\/Luna-Sergio-02-100x50.jpg\" data-anim=\"ms:600;\" data-in=\"o:0;\" data-out=\"a:false;\">\n\t\t\t\t\t\t\t<img src=\"\/\/campusaltea.umh.es\/wp-content\/plugins\/revslider\/public\/assets\/assets\/dummy.png\" alt=\"\" title=\"Sergio Luna Lozano\" class=\"rev-slidebg tp-rs-img rs-lazyload\" data-lazyload=\"\/\/campusaltea.umh.es\/files\/2019\/11\/Luna-Sergio-02.jpg\" data-bg=\"f:contain;\" data-no-retina>\n<!---->\t\t\t\t\t\t<\/rs-slide>\n\t\t\t\t\t\t<rs-slide style=\"position: absolute;\" data-key=\"rs-306\" data-title=\"Slide\" data-thumb=\"\/\/campusaltea.umh.es\/files\/2019\/11\/Luna-Sergio-03-100x50.jpg\" data-anim=\"ms:600;\" data-in=\"o:0;\" data-out=\"a:false;\">\n\t\t\t\t\t\t\t<img src=\"\/\/campusaltea.umh.es\/wp-content\/plugins\/revslider\/public\/assets\/assets\/dummy.png\" alt=\"\" title=\"Sergio Luna Lozano\" class=\"rev-slidebg tp-rs-img rs-lazyload\" data-lazyload=\"\/\/campusaltea.umh.es\/files\/2019\/11\/Luna-Sergio-03.jpg\" data-bg=\"f:contain;\" data-no-retina>\n<!---->\t\t\t\t\t\t<\/rs-slide>\n\t\t\t\t\t\t<rs-slide style=\"position: absolute;\" data-key=\"rs-307\" data-title=\"Slide\" data-thumb=\"\/\/campusaltea.umh.es\/files\/2019\/11\/Luna-Sergio-04-100x50.jpg\" data-anim=\"ms:600;\" data-in=\"o:0;\" data-out=\"a:false;\">\n\t\t\t\t\t\t\t<img src=\"\/\/campusaltea.umh.es\/wp-content\/plugins\/revslider\/public\/assets\/assets\/dummy.png\" alt=\"\" title=\"Sergio Luna Lozano\" class=\"rev-slidebg tp-rs-img rs-lazyload\" data-lazyload=\"\/\/campusaltea.umh.es\/files\/2019\/11\/Luna-Sergio-04.jpg\" data-bg=\"f:contain;\" data-no-retina>\n<!---->\t\t\t\t\t\t<\/rs-slide>\n\t\t\t\t\t\t<rs-slide style=\"position: absolute;\" data-key=\"rs-308\" data-title=\"Slide\" data-thumb=\"\/\/campusaltea.umh.es\/files\/2019\/11\/Luna-Sergio-05-100x50.jpg\" data-anim=\"ms:600;\" data-in=\"o:0;\" data-out=\"a:false;\">\n\t\t\t\t\t\t\t<img src=\"\/\/campusaltea.umh.es\/wp-content\/plugins\/revslider\/public\/assets\/assets\/dummy.png\" alt=\"\" title=\"Sergio Luna Lozano\" class=\"rev-slidebg tp-rs-img rs-lazyload\" data-lazyload=\"\/\/campusaltea.umh.es\/files\/2019\/11\/Luna-Sergio-05.jpg\" data-bg=\"f:contain;\" data-no-retina>\n<!---->\t\t\t\t\t\t<\/rs-slide>\n\t\t\t\t\t\t<rs-slide style=\"position: absolute;\" data-key=\"rs-559\" data-title=\"Slide\" data-thumb=\"\/\/campusaltea.umh.es\/files\/2019\/11\/Luna-Sergio-06-100x50.jpg\" data-anim=\"ms:600;\" data-in=\"o:0;\" data-out=\"a:false;\">\n\t\t\t\t\t\t\t<img src=\"\/\/campusaltea.umh.es\/wp-content\/plugins\/revslider\/public\/assets\/assets\/dummy.png\" alt=\"\" title=\"Sergio Luna Lozano\" class=\"rev-slidebg tp-rs-img rs-lazyload\" data-lazyload=\"\/\/campusaltea.umh.es\/files\/2019\/11\/Luna-Sergio-06.jpg\" data-bg=\"f:contain;\" data-no-retina>\n<!---->\t\t\t\t\t\t<\/rs-slide>\n\t\t\t\t\t<\/rs-slides>\n\t\t\t\t<\/rs-module>\n\t\t\t\t<script>\n\t\t\t\t\tsetREVStartSize({c: 'rev_slider_38_2',rl:[1240,1024,778,480],el:[],gw:[1240],gh:[868],type:'standard',justify:'',layout:'fullwidth',mh:\"0\"});if (window.RS_MODULES!==undefined && window.RS_MODULES.modules!==undefined && window.RS_MODULES.modules[\"revslider382\"]!==undefined) {window.RS_MODULES.modules[\"revslider382\"].once = false;window.revapi38_2 = undefined;if (window.RS_MODULES.checkMinimal!==undefined) window.RS_MODULES.checkMinimal()}\n\t\t\t\t<\/script>\n\t\t\t<\/rs-module-wrap>\n\t\t\t<!-- END REVOLUTION SLIDER -->\n<br \/>\n<\/div><div class=\"clear\"><\/div><\/p>","protected":false},"excerpt":{"rendered":"Sergio Luna Lozano His work can be defined as a pictorial research on representation models, addressing issues that visual tradition itself has transfigured into convention or emphasizing certain elements that represent a shift. From a formal point of view, some works are closely related to other media such as photography, cinema, or internet, taking advantage [...]","protected":false},"author":469,"featured_media":0,"parent":3949,"menu_order":0,"comment_status":"closed","ping_status":"open","template":"","meta":{"_links_to":"","_links_to_target":""},"_links":{"self":[{"href":"https:\/\/campusaltea.umh.es\/en\/wp-json\/wp\/v2\/pages\/4130"}],"collection":[{"href":"https:\/\/campusaltea.umh.es\/en\/wp-json\/wp\/v2\/pages"}],"about":[{"href":"https:\/\/campusaltea.umh.es\/en\/wp-json\/wp\/v2\/types\/page"}],"author":[{"embeddable":true,"href":"https:\/\/campusaltea.umh.es\/en\/wp-json\/wp\/v2\/users\/469"}],"replies":[{"embeddable":true,"href":"https:\/\/campusaltea.umh.es\/en\/wp-json\/wp\/v2\/comments?post=4130"}],"version-history":[{"count":0,"href":"https:\/\/campusaltea.umh.es\/en\/wp-json\/wp\/v2\/pages\/4130\/revisions"}],"up":[{"embeddable":true,"href":"https:\/\/campusaltea.umh.es\/en\/wp-json\/wp\/v2\/pages\/3949"}],"wp:attachment":[{"href":"https:\/\/campusaltea.umh.es\/en\/wp-json\/wp\/v2\/media?parent=4130"}],"curies":[{"name":"wp","href":"https:\/\/api.w.org\/{rel}","templated":true}]}}