{"id":4108,"date":"2016-10-14T18:05:33","date_gmt":"2016-10-14T18:05:33","guid":{"rendered":"http:\/\/campusaltea.umh.es\/?page_id=4108"},"modified":"2020-03-23T10:54:02","modified_gmt":"2020-03-23T10:54:02","slug":"bernabe-gomez-moreno","status":"publish","type":"page","link":"https:\/\/campusaltea.umh.es\/en\/bernabe-gomez-moreno\/","title":{"rendered":"Bernab\u00e9 G\u00f3mez Moreno"},"content":{"rendered":"<p><div  class=\"ut-one-half  \">\n<p><a href=\"http:\/\/campusaltea.umh.es\/files\/2016\/10\/Bernabe1.jpg\"><img loading=\"lazy\" class=\" wp-image-4018 size-full alignleft\" src=\"http:\/\/campusaltea.umh.es\/files\/2016\/10\/Bernabe1.jpg\" alt=\"\" width=\"750\" height=\"1000\" srcset=\"https:\/\/campusaltea.umh.es\/files\/2016\/10\/Bernabe1.jpg 750w, https:\/\/campusaltea.umh.es\/files\/2016\/10\/Bernabe1-225x300.jpg 225w\" sizes=\"(max-width: 750px) 100vw, 750px\" \/><\/a><\/p>\n<\/div>\n<div  class=\"ut-one-half ut-column-last  \">\n<h4>Bernab\u00e9 G\u00f3mez Moreno<\/h4>\n<p>His career is linked to the design, communication and art. He began working in cultural management designing integrated campaigns, out of which the website of ARCO stands out. Later he entered the academic world in the school ARTES, teaching advertising design.<br \/>\nAt the same time, he specialized in museology. Currently he works at MUA as an art and design technician. At present he coordinates the artist residencies at MUA.<br \/>\nHe received his artistic training in Valencia and Venice. His profile is multidisciplinary, understanding contemporary art as an amalgam of techniques and procedures. He has won various art scholarships, such as the creation Scholarship Alfonso Ariza, Cordoba; and research scholarships, such as the Scholarship of the Institute of Culture Juan Gil-Albert, Alicante. As a researcher, he is interested in sound art and its relationship to the visual arts, particularly to painting, to photography, and to spatial design. Thematically he works with space and its relationship with human beings. He is currently a member of the research group Laboratory of Artistic and Media Interferences of the UMH.<\/p>\n<\/div><div class=\"clear\"><\/div>\n<hr \/>\n<div  class=\"ut-one-half  \">\n<h5>Additional Information<\/h5>\n<div id=\"ut-accordion-parent-15\" class=\"ut-accordion\"><div class=\"ut-accordion-group\"> <div class=\"ut-accordion-heading \"><a data-parent=\"#ut-accordion-parent-15\" class=\"accordion-toggle collapsed \" data-toggle=\"collapse\" data-target=\"#accordion14\">Fields of interest<\/a><\/div><div id=\"accordion14\" class=\"ut-accordion-body collapse\"><div class=\"ut-accordion-inner entry-content clearfix\">\n<ul>\n<li>Painting and new interdisciplinary media.<\/li>\n<li>Use of sound in the visual arts.<\/li>\n<li>Design and visual communication.<\/li>\n<li>Communication and museology.<\/li>\n<li>Expanded paint.<\/li>\n<\/ul>\n<\/div><\/div>\n<div id=\"ut-accordion-parent-16\" class=\"ut-accordion\"><div class=\"ut-accordion-group\"><\/div><\/div> <div class=\"ut-accordion-heading \"><a data-parent=\"#ut-accordion-parent-16\" class=\"accordion-toggle collapsed \" data-toggle=\"collapse\" data-target=\"#accordion15\">Studies<\/a><\/div><div id=\"accordion15\" class=\"ut-accordion-body collapse\"><div class=\"ut-accordion-inner entry-content clearfix\">\n<ul>\n<li>Doctor por el Departamento de Arte de la Universidad Miguel Hern\u00e1ndez de Elche, 2009.<\/li>\n<li>M\u00e1ster en Museolog\u00eda y Conservaci\u00f3n de arte, Universidad Polit\u00e9cnica de Valencia, 2000.<\/li>\n<li>Licenciado en Bellas Artes, Universidad Polit\u00e9cnica de Valencia, 1999.<\/li>\n<li>Accademia di Belle Arti, Venezia, 1998.<\/li>\n<\/ul>\n<\/div><\/div>\n<div id=\"ut-accordion-parent-17\" class=\"ut-accordion\"><div class=\"ut-accordion-group\"><\/div><\/div> <div class=\"ut-accordion-heading \"><a data-parent=\"#ut-accordion-parent-17\" class=\"accordion-toggle collapsed \" data-toggle=\"collapse\" data-target=\"#accordion16\">Doctoral thesis<\/a><\/div><div id=\"accordion16\" class=\"ut-accordion-body collapse\"><div class=\"ut-accordion-inner entry-content clearfix\">\n<p><em>Confluencia entre el sonido y el espacio en la creaci\u00f3n pl\u00e1stica contempor\u00e1nea: exploraciones del uso del sonido, 2009, cum laude.<\/em><\/p>\n<\/div><\/div>\n<div id=\"ut-accordion-parent-18\" class=\"ut-accordion\"><div class=\"ut-accordion-group\"><\/div><\/div> <div class=\"ut-accordion-heading \"><a data-parent=\"#ut-accordion-parent-18\" class=\"accordion-toggle collapsed \" data-toggle=\"collapse\" data-target=\"#accordion17\">Teaching<\/a><\/div><div id=\"accordion17\" class=\"ut-accordion-body collapse\"><div class=\"ut-accordion-inner entry-content clearfix\">\n<ul>\n<li>Universidad Polit\u00e9cnica de Valencia, 2000.<\/li>\n<li>Escuela Profesional de Dise\u00f1o ARTES, 2002.<\/li>\n<\/ul>\n<\/div><\/div>\n<div id=\"ut-accordion-parent-19\" class=\"ut-accordion\"><div class=\"ut-accordion-group\"><\/div><\/div> <div class=\"ut-accordion-heading \"><a data-parent=\"#ut-accordion-parent-19\" class=\"accordion-toggle collapsed \" data-toggle=\"collapse\" data-target=\"#accordion18\">Areas of research<\/a><\/div><div id=\"accordion18\" class=\"ut-accordion-body collapse\"><div class=\"ut-accordion-inner entry-content clearfix\">\n<ul>\n<li>Research about intermedia practices.<\/li>\n<li>Hybridization of sound in the visual arts.<\/li>\n<li>Painting and new interdisciplinary media.<\/li>\n<li>Expanded paint.<\/li>\n<\/ul>\n<\/div><\/div>\n<div id=\"ut-accordion-parent-20\" class=\"ut-accordion\"><div class=\"ut-accordion-group\"><\/div><\/div> <div class=\"ut-accordion-heading \"><a data-parent=\"#ut-accordion-parent-20\" class=\"accordion-toggle collapsed \" data-toggle=\"collapse\" data-target=\"#accordion19\">Link to personal web page<\/a><\/div><div id=\"accordion19\" class=\"ut-accordion-body collapse\"><div class=\"ut-accordion-inner entry-content clearfix\">\n<ul>\n<li><a href=\"https:\/\/bernabegomez.edu.umh.es\/\">https:\/\/bernabegomez.edu.umh.es\/<\/a><\/li>\n<li><a href=\"http:\/\/bernabegomez.weebly.com\/\">http:\/\/bernabegomez.weebly.com\/<\/a><\/li>\n<\/ul>\n<\/div><\/div>\n<div id=\"ut-accordion-parent-21\" class=\"ut-accordion\"><div class=\"ut-accordion-group\"><\/div><\/div> <div class=\"ut-accordion-heading \"><a data-parent=\"#ut-accordion-parent-21\" class=\"accordion-toggle collapsed \" data-toggle=\"collapse\" data-target=\"#accordion20\">Individual exhibitions<\/a><\/div><div id=\"accordion20\" class=\"ut-accordion-body collapse\"><div class=\"ut-accordion-inner entry-content clearfix\">\n<ul>\n<li><em>Epigenetic Landscapes<\/em>, Espacio ES\/U, Campus de la Merced, Murcia, 2016, cat\u00e1logo.<\/li>\n<li><em>Habitando el vac\u00edo<\/em>, Espai d\u2019Art Ca Lambert, X\u00e0bia, Alicante, 2012.<\/li>\n<li><em>A la Deriva<\/em>, Museo de la Universidad de Alicante, 2008, cat\u00e1logo.<\/li>\n<li><em>Circodeseo<\/em>, Centro de las Artes, Alicante, Espa\u00f1a, 2005, cat\u00e1logo.<\/li>\n<li><em>Yoes<\/em>, Centro 14, Alicante, Espa\u00f1a, 2004, cat\u00e1logo.<\/li>\n<\/ul>\n<\/div><\/div>\n<div id=\"ut-accordion-parent-22\" class=\"ut-accordion\"><div class=\"ut-accordion-group\"><\/div><\/div> <div class=\"ut-accordion-heading \"><a data-parent=\"#ut-accordion-parent-22\" class=\"accordion-toggle collapsed \" data-toggle=\"collapse\" data-target=\"#accordion21\">Group exhibition<\/a><\/div><div id=\"accordion21\" class=\"ut-accordion-body collapse\"><div class=\"ut-accordion-inner entry-content clearfix\">\n<ul>\n<li><em>Con letra peque\u00f1a<\/em>, Centro 14, Alicante, 2015, cat\u00e1logo.<\/li>\n<li><em>CRIMEN &#8217;11<\/em>, Centre d&#8217;Art l&#8217;Estaci\u00f3, Denia, Alicante, comisaria: Eugenia Garc\u00eda Sotille, 2011, cat\u00e1logo.<\/li>\n<li><em>INTERMEDI\u00c6<\/em>, Festival In-sonora, Matadero, Madrid, 2009.<\/li>\n<li><em>Premios Bancaja<\/em>, IVAM, Instituto Valenciano Arte Moderno, Valencia; Sala Glorieta Bancaja, Sagunto; Centro Cultural La Asunci\u00f3n, Albacete, 2005, cat\u00e1logo.<\/li>\n<li><em>Psicogeograf\u00edas sonoras<\/em>, Festival Zeppel\u00edn, CCCB, Barcelona; Casa de los Morlanes, Salamanca, 2004.<\/li>\n<li><em>Come back<\/em>, Sala Josep Renau, Bellas Artes, Valencia, 1999, cat\u00e1logo.<\/li>\n<li><em>Conbarro<\/em>, Museo Alfonso Ariza, La Rambla, C\u00f3rdoba, comisaria: Carmen Osuna, 1998, cat\u00e1logo.<\/li>\n<li><em>Grabados<\/em>, C\u00edrculo de Bellas Artes, Valencia, comisario: Rafael Calduch, 1997.<\/li>\n<li>Casa de cultura de Valdepe\u00f1as, Ja\u00e9n, Espa\u00f1a, 1997.<\/li>\n<li>Galer\u00eda Vel\u00e1zquez, Valencia, 1996.<\/li>\n<\/ul>\n<\/div><\/div>\n<div id=\"ut-accordion-parent-23\" class=\"ut-accordion\"><div class=\"ut-accordion-group\"><\/div><\/div> <div class=\"ut-accordion-heading \"><a data-parent=\"#ut-accordion-parent-23\" class=\"accordion-toggle collapsed \" data-toggle=\"collapse\" data-target=\"#accordion22\">Books<\/a><\/div><div id=\"accordion22\" class=\"ut-accordion-body collapse\"><div class=\"ut-accordion-inner entry-content clearfix\">\n<ul>\n<li><span style=\"font-weight: 400;\">G\u00f3mez Moreno, Bernab\u00e9, \u201cEl inevitable viaje a la entrop\u00eda\u201d, en\u00a0<\/span><i><span style=\"font-weight: 400;\">Inerte pero vivo,<\/span><\/i><span style=\"font-weight: 400;\">\u00a0Instituto Alicantino de Cultura Juan Gil-Albert. Alicante, 2016.<\/span><\/li>\n<li>G\u00f3mez Moreno, Bernab\u00e9, \u201cEl espacio habitado como constructor de la identidad art\u00edstica\u201d en <em>Desde dins<\/em>, Museo de la Universidad de Alicante, 2014.<\/li>\n<li>G\u00f3mez Moreno, Bernab\u00e9, \u201cRepresentaciones del cuerpo en la contemporaneidad\u201d, en<em> Corp\u00f3rea<\/em>, Museo de la Universidad de Alicante, 2009.<\/li>\n<li>G\u00f3mez Moreno, Bernab\u00e9, \u201cEl cuerpo sonoro\u201d, en<em> El cuerpo creado<\/em>, Museo de la Universidad de Alicante, 2007.<\/li>\n<li>G\u00f3mez Moreno, Bernab\u00e9, \u201cMet\u00e1foras del exceso\u201d, en <em>M\u00e1s<\/em>, Museo de la Universidad de Alicante, 2003.<\/li>\n<\/ul>\n<\/div><\/div>\n<div id=\"ut-accordion-parent-24\" class=\"ut-accordion\"><div class=\"ut-accordion-group\"><\/div><\/div> <div class=\"ut-accordion-heading \"><a data-parent=\"#ut-accordion-parent-24\" class=\"accordion-toggle collapsed \" data-toggle=\"collapse\" data-target=\"#accordion23\">Magazine articles<\/a><\/div><div id=\"accordion23\" class=\"ut-accordion-body collapse\"><div class=\"ut-accordion-inner entry-content clearfix\">\n<ul>\n<li>G\u00f3mez Moreno, Bernab\u00e9, \u201cParalelismo diacr\u00f3nico de la investigaci\u00f3n sonora en el espacio de las artes pl\u00e1sticas\u201d, Revista <em>Arte y pol\u00edticas de identidad. Entre el Arte sonoro y el Arte de la escucha<\/em>, n\u00ba7, Universidad de Murcia, 2013.<\/li>\n<\/ul>\n<\/div><\/div>\n<div id=\"ut-accordion-parent-25\" class=\"ut-accordion\"><div class=\"ut-accordion-group\"><\/div><\/div> <div class=\"ut-accordion-heading \"><a data-parent=\"#ut-accordion-parent-25\" class=\"accordion-toggle collapsed \" data-toggle=\"collapse\" data-target=\"#accordion24\">Curatorship<\/a><\/div><div id=\"accordion24\" class=\"ut-accordion-body collapse\"><div class=\"ut-accordion-inner entry-content clearfix\">\n<ul>\n<li><em>Del espacio hilado. M\u00f3nica Jover,<\/em> MUA, 2015, Cat\u00e1logo.<\/li>\n<li><em>Desde dentro, Arte contempor\u00e1neo desde Alicante<\/em>, MUA, 2014, Cat\u00e1logo.<\/li>\n<li><em>Seamos realistas, Nueva figuraci\u00f3n contempor\u00e1nea<\/em>, MUA, 2014, Cat\u00e1logo.<\/li>\n<li><em>Corp\u00f3rea, Representaciones del cuerpo en la contemporaneidad<\/em>, MUA, 2014, Cat\u00e1logo.<\/li>\n<li><em>Espacio digitales, Certamen internacional de Arte, tecnolog\u00eda y vida,<\/em> MUA, 2006, Cat\u00e1logo.<\/li>\n<\/ul>\n<\/div><\/div>\n<div id=\"ut-accordion-parent-26\" class=\"ut-accordion\"><div class=\"ut-accordion-group\"><\/div><\/div> <div class=\"ut-accordion-heading \"><a data-parent=\"#ut-accordion-parent-26\" class=\"accordion-toggle collapsed \" data-toggle=\"collapse\" data-target=\"#accordion25\">Awards and scholarships<\/a><\/div><div id=\"accordion25\" class=\"ut-accordion-body collapse\"><div class=\"ut-accordion-inner entry-content clearfix\">\n<ul>\n<li><em>Premio Arte Casa Bard\u00edn<\/em>, Diputaci\u00f3n de Alicante, 2016.<\/li>\n<li><em>Primer premio de dise\u00f1o<\/em>, Universidad de Alicante, 2015.<\/li>\n<li><em>Beca de investigaci\u00f3n art\u00edstica<\/em>, Instituto de Cultura Juan Gil-Albert, Alicante, 2002.<\/li>\n<li><em>Beca de Creaci\u00f3n Art\u00edstica Alfonso Ariza<\/em>, C\u00f3rdoba, 1999.<\/li>\n<li><em>Beca Erasmus,<\/em> Academia di Belle Arti di Venezia, Italia, 1997.<\/li>\n<\/ul>\n<\/div><\/div>\n<div id=\"ut-accordion-parent-27\" class=\"ut-accordion\"><div class=\"ut-accordion-group\"><\/div><\/div> <div class=\"ut-accordion-heading \"><a data-parent=\"#ut-accordion-parent-27\" class=\"accordion-toggle collapsed \" data-toggle=\"collapse\" data-target=\"#accordion26\">Works in art collections<\/a><\/div><div id=\"accordion26\" class=\"ut-accordion-body collapse\"><div class=\"ut-accordion-inner entry-content clearfix\">\n<ul>\n<li>RAM, Radioartemobile, Museo de Arte Sonoro, Roma.<\/li>\n<li>Ayuntamiento de Valdepe\u00f1as de Ja\u00e9n.<\/li>\n<li>Ayuntamiento de Alicante.<\/li>\n<li>Universidad Miguel Hern\u00e1ndez de Elche.<\/li>\n<li>Museo de la Universidad de Alicante.<\/li>\n<li>Ajuntament de X\u00e0bia.<\/li>\n<li>Fundaci\u00f3n Frax.<\/li>\n<\/ul>\n<\/div><\/div>\n<div id=\"ut-accordion-parent-28\" class=\"ut-accordion\"><div class=\"ut-accordion-group\"><\/div><\/div> <div class=\"ut-accordion-heading \"><a data-parent=\"#ut-accordion-parent-28\" class=\"accordion-toggle collapsed \" data-toggle=\"collapse\" data-target=\"#accordion27\">Other<\/a><\/div><div id=\"accordion27\" class=\"ut-accordion-body collapse\"><div class=\"ut-accordion-inner entry-content clearfix\">\n<ul>\n<li>Coordinaci\u00f3n <em>Residencias PLUS<\/em>, MUA, 2015,2016.<\/li>\n<li>Coordinaci\u00f3n <em>Ut\u00f3pica, Jornada dinamizadora de arte contempor\u00e1neo<\/em>, MUA, 2014.<\/li>\n<li>Coordinaci\u00f3n <em>Work interaction New Media<\/em>, MUA, 2008.<\/li>\n<li>Profesor invitado, Academia de Belle Arti, Roma, 2005.<\/li>\n<\/ul>\n<\/div><\/div>\n<\/div><\/div>\n<\/div>\n<div  class=\"ut-one-half ut-column-last  \">\n<p>\n\t\t\t<!-- START bernabe REVOLUTION SLIDER 6.5.14 --><p class=\"rs-p-wp-fix\"><\/p>\n\t\t\t<rs-module-wrap id=\"rev_slider_27_2_wrapper\" data-source=\"gallery\" style=\"visibility:hidden;background:transparent;padding:0;margin:0px auto;margin-top:0;margin-bottom:0;\">\n\t\t\t\t<rs-module id=\"rev_slider_27_2\" style=\"\" data-version=\"6.5.14\">\n\t\t\t\t\t<rs-slides>\n\t\t\t\t\t\t<rs-slide style=\"position: absolute;\" data-key=\"rs-171\" data-title=\"Slide\" data-thumb=\"\/\/campusaltea.umh.es\/files\/2020\/03\/White-sky-baja-100x50.jpg\" data-anim=\"ms:600;\" data-in=\"o:0;\" data-out=\"a:false;\">\n\t\t\t\t\t\t\t<img src=\"\/\/campusaltea.umh.es\/wp-content\/plugins\/revslider\/public\/assets\/assets\/dummy.png\" alt=\"\" title=\"Bernab\u00e9 G\u00f3mez Moreno\" class=\"rev-slidebg tp-rs-img rs-lazyload\" data-lazyload=\"\/\/campusaltea.umh.es\/files\/2020\/03\/White-sky-baja.jpg\" data-bg=\"f:contain;\" data-no-retina>\n<!--\n\t\t\t\t\t\t\t--><rs-layer\n\t\t\t\t\t\t\t\tid=\"slider-27-slide-171-layer-1\" \n\t\t\t\t\t\t\t\tdata-type=\"text\"\n\t\t\t\t\t\t\t\tdata-color=\"rgba(255,255,255,1)\"\n\t\t\t\t\t\t\t\tdata-rsp_ch=\"on\"\n\t\t\t\t\t\t\t\tdata-xy=\"x:20px;y:28px;\"\n\t\t\t\t\t\t\t\tdata-text=\"s:26;l:22;fw:600;\"\n\t\t\t\t\t\t\t\tdata-frame_0=\"tp:600;\"\n\t\t\t\t\t\t\t\tdata-frame_1=\"tp:600;e:power2.inOut;st:500;\"\n\t\t\t\t\t\t\t\tdata-frame_999=\"o:0;tp:600;e:nothing;st:9000;\"\n\t\t\t\t\t\t\t\tstyle=\"z-index:5;font-family:'';\"\n\t\t\t\t\t\t\t>White sky \n\t\t\t\t\t\t\t<\/rs-layer><!--\n-->\t\t\t\t\t\t<\/rs-slide>\n\t\t\t\t\t\t<rs-slide style=\"position: absolute;\" data-key=\"rs-172\" data-title=\"Slide\" data-thumb=\"\/\/campusaltea.umh.es\/files\/2020\/03\/Red-sky-100x50.jpg\" data-anim=\"ms:600;\" data-in=\"o:0;\" data-out=\"a:false;\">\n\t\t\t\t\t\t\t<img src=\"\/\/campusaltea.umh.es\/wp-content\/plugins\/revslider\/public\/assets\/assets\/dummy.png\" alt=\"\" title=\"Bernab\u00e9 G\u00f3mez Moreno\" class=\"rev-slidebg tp-rs-img rs-lazyload\" data-lazyload=\"\/\/campusaltea.umh.es\/files\/2020\/03\/Red-sky.jpg\" data-bg=\"f:contain;\" data-no-retina>\n<!--\n\t\t\t\t\t\t\t--><rs-layer\n\t\t\t\t\t\t\t\tid=\"slider-27-slide-172-layer-1\" \n\t\t\t\t\t\t\t\tdata-type=\"text\"\n\t\t\t\t\t\t\t\tdata-color=\"rgba(0,0,0,1)\"\n\t\t\t\t\t\t\t\tdata-rsp_ch=\"on\"\n\t\t\t\t\t\t\t\tdata-xy=\"x:20px;y:30px;\"\n\t\t\t\t\t\t\t\tdata-text=\"s:26;l:22;fw:600;\"\n\t\t\t\t\t\t\t\tdata-frame_0=\"tp:600;\"\n\t\t\t\t\t\t\t\tdata-frame_1=\"tp:600;e:power2.inOut;st:500;\"\n\t\t\t\t\t\t\t\tdata-frame_999=\"o:0;tp:600;e:nothing;st:9000;\"\n\t\t\t\t\t\t\t\tstyle=\"z-index:5;font-family:'';\"\n\t\t\t\t\t\t\t>Red sky \n\t\t\t\t\t\t\t<\/rs-layer><!--\n-->\t\t\t\t\t\t<\/rs-slide>\n\t\t\t\t\t\t<rs-slide style=\"position: absolute;\" data-key=\"rs-173\" data-title=\"Slide\" data-thumb=\"\/\/campusaltea.umh.es\/files\/2020\/03\/Dilated-horizonts-08-100x50.jpg\" data-anim=\"ms:600;\" data-in=\"o:0;\" data-out=\"a:false;\">\n\t\t\t\t\t\t\t<img src=\"\/\/campusaltea.umh.es\/wp-content\/plugins\/revslider\/public\/assets\/assets\/dummy.png\" alt=\"\" title=\"Bernab\u00e9 G\u00f3mez Moreno\" class=\"rev-slidebg tp-rs-img rs-lazyload\" data-lazyload=\"\/\/campusaltea.umh.es\/files\/2020\/03\/Dilated-horizonts-08.jpg\" data-bg=\"f:contain;\" data-no-retina>\n<!--\n\t\t\t\t\t\t\t--><rs-layer\n\t\t\t\t\t\t\t\tid=\"slider-27-slide-173-layer-1\" \n\t\t\t\t\t\t\t\tdata-type=\"text\"\n\t\t\t\t\t\t\t\tdata-color=\"rgba(255,255,255,1)\"\n\t\t\t\t\t\t\t\tdata-rsp_ch=\"on\"\n\t\t\t\t\t\t\t\tdata-xy=\"x:20px;y:20px;\"\n\t\t\t\t\t\t\t\tdata-text=\"s:24;l:22;fw:600;\"\n\t\t\t\t\t\t\t\tdata-frame_0=\"tp:600;\"\n\t\t\t\t\t\t\t\tdata-frame_1=\"tp:600;e:power2.inOut;st:500;\"\n\t\t\t\t\t\t\t\tdata-frame_999=\"o:0;tp:600;e:nothing;st:9000;\"\n\t\t\t\t\t\t\t\tstyle=\"z-index:5;font-family:'';\"\n\t\t\t\t\t\t\t>Dilated horizonts \n\t\t\t\t\t\t\t<\/rs-layer><!--\n-->\t\t\t\t\t\t<\/rs-slide>\n\t\t\t\t\t\t<rs-slide style=\"position: absolute;\" data-key=\"rs-174\" data-title=\"Slide\" data-thumb=\"\/\/campusaltea.umh.es\/files\/2020\/03\/Dilated-horizonts-03-100x50.jpg\" data-anim=\"ms:600;\" data-in=\"o:0;\" data-out=\"a:false;\">\n\t\t\t\t\t\t\t<img src=\"\/\/campusaltea.umh.es\/wp-content\/plugins\/revslider\/public\/assets\/assets\/dummy.png\" alt=\"\" title=\"Bernab\u00e9 G\u00f3mez Moreno\" class=\"rev-slidebg tp-rs-img rs-lazyload\" data-lazyload=\"\/\/campusaltea.umh.es\/files\/2020\/03\/Dilated-horizonts-03.jpg\" data-bg=\"f:contain;\" data-no-retina>\n<!--\n\t\t\t\t\t\t\t--><rs-layer\n\t\t\t\t\t\t\t\tid=\"slider-27-slide-174-layer-1\" \n\t\t\t\t\t\t\t\tdata-type=\"text\"\n\t\t\t\t\t\t\t\tdata-color=\"rgba(255,255,255,1)\"\n\t\t\t\t\t\t\t\tdata-rsp_ch=\"on\"\n\t\t\t\t\t\t\t\tdata-xy=\"x:22px;y:30px;\"\n\t\t\t\t\t\t\t\tdata-text=\"l:22;\"\n\t\t\t\t\t\t\t\tdata-frame_0=\"tp:600;\"\n\t\t\t\t\t\t\t\tdata-frame_1=\"tp:600;e:power2.inOut;st:500;\"\n\t\t\t\t\t\t\t\tdata-frame_999=\"o:0;tp:600;e:nothing;st:9000;\"\n\t\t\t\t\t\t\t\tstyle=\"z-index:5;font-family:'';\"\n\t\t\t\t\t\t\t>Dilated horizonts \n\t\t\t\t\t\t\t<\/rs-layer><!--\n-->\t\t\t\t\t\t<\/rs-slide>\n\t\t\t\t\t\t<rs-slide style=\"position: absolute;\" data-key=\"rs-175\" data-title=\"Slide\" data-thumb=\"\/\/campusaltea.umh.es\/files\/2020\/03\/Creodo-03-2-100x50.jpg\" data-anim=\"ms:600;\" data-in=\"o:0;\" data-out=\"a:false;\">\n\t\t\t\t\t\t\t<img src=\"\/\/campusaltea.umh.es\/wp-content\/plugins\/revslider\/public\/assets\/assets\/dummy.png\" alt=\"\" title=\"Bernab\u00e9 G\u00f3mez Moreno\" class=\"rev-slidebg tp-rs-img rs-lazyload\" data-lazyload=\"\/\/campusaltea.umh.es\/files\/2020\/03\/Creodo-03-2.jpg\" data-bg=\"f:contain;\" data-no-retina>\n<!--\n\t\t\t\t\t\t\t--><rs-layer\n\t\t\t\t\t\t\t\tid=\"slider-27-slide-175-layer-1\" \n\t\t\t\t\t\t\t\tdata-type=\"text\"\n\t\t\t\t\t\t\t\tdata-color=\"rgba(0,0,0,1)\"\n\t\t\t\t\t\t\t\tdata-rsp_ch=\"on\"\n\t\t\t\t\t\t\t\tdata-xy=\"x:66px;y:24px;\"\n\t\t\t\t\t\t\t\tdata-text=\"s:26;l:22;fw:600;\"\n\t\t\t\t\t\t\t\tdata-frame_0=\"tp:600;\"\n\t\t\t\t\t\t\t\tdata-frame_1=\"tp:600;e:power2.inOut;st:500;\"\n\t\t\t\t\t\t\t\tdata-frame_999=\"o:0;tp:600;e:nothing;st:9000;\"\n\t\t\t\t\t\t\t\tstyle=\"z-index:5;font-family:'';\"\n\t\t\t\t\t\t\t>Creodo \n\t\t\t\t\t\t\t<\/rs-layer><!--\n-->\t\t\t\t\t\t<\/rs-slide>\n\t\t\t\t\t\t<rs-slide style=\"position: absolute;\" data-key=\"rs-176\" data-title=\"Slide\" data-thumb=\"\/\/campusaltea.umh.es\/files\/2020\/03\/Black-lines-100x50.jpg\" data-anim=\"ms:600;\" data-in=\"o:0;\" data-out=\"a:false;\">\n\t\t\t\t\t\t\t<img src=\"\/\/campusaltea.umh.es\/wp-content\/plugins\/revslider\/public\/assets\/assets\/dummy.png\" alt=\"\" title=\"Bernab\u00e9 G\u00f3mez Moreno\" class=\"rev-slidebg tp-rs-img rs-lazyload\" data-lazyload=\"\/\/campusaltea.umh.es\/files\/2020\/03\/Black-lines.jpg\" data-bg=\"f:contain;\" data-no-retina>\n<!--\n\t\t\t\t\t\t\t--><rs-layer\n\t\t\t\t\t\t\t\tid=\"slider-27-slide-176-layer-1\" \n\t\t\t\t\t\t\t\tdata-type=\"text\"\n\t\t\t\t\t\t\t\tdata-color=\"rgba(0,0,0,1)\"\n\t\t\t\t\t\t\t\tdata-rsp_ch=\"on\"\n\t\t\t\t\t\t\t\tdata-xy=\"x:20px;y:30px;\"\n\t\t\t\t\t\t\t\tdata-text=\"s:26;l:22;fw:600;\"\n\t\t\t\t\t\t\t\tdata-frame_0=\"tp:600;\"\n\t\t\t\t\t\t\t\tdata-frame_1=\"tp:600;e:power2.inOut;st:500;\"\n\t\t\t\t\t\t\t\tdata-frame_999=\"o:0;tp:600;e:nothing;st:9000;\"\n\t\t\t\t\t\t\t\tstyle=\"z-index:5;font-family:'';\"\n\t\t\t\t\t\t\t>Black lines \n\t\t\t\t\t\t\t<\/rs-layer><!--\n-->\t\t\t\t\t\t<\/rs-slide>\n\t\t\t\t\t<\/rs-slides>\n\t\t\t\t<\/rs-module>\n\t\t\t\t<script>\n\t\t\t\t\tsetREVStartSize({c: 'rev_slider_27_2',rl:[1240,1024,778,480],el:[],gw:[1240],gh:[868],type:'standard',justify:'',layout:'fullwidth',mh:\"0\"});if (window.RS_MODULES!==undefined && window.RS_MODULES.modules!==undefined && window.RS_MODULES.modules[\"revslider272\"]!==undefined) {window.RS_MODULES.modules[\"revslider272\"].once = false;window.revapi27_2 = undefined;if (window.RS_MODULES.checkMinimal!==undefined) window.RS_MODULES.checkMinimal()}\n\t\t\t\t<\/script>\n\t\t\t<\/rs-module-wrap>\n\t\t\t<!-- END REVOLUTION SLIDER -->\n<br \/>\n<\/div><div class=\"clear\"><\/div><\/p>","protected":false},"excerpt":{"rendered":"Bernab\u00e9 G\u00f3mez Moreno His career is linked to the design, communication and art. He began working in cultural management designing integrated campaigns, out of which the website of ARCO stands out. Later he entered the academic world in the school ARTES, teaching advertising design. At the same time, he specialized in museology. Currently he works [...]","protected":false},"author":469,"featured_media":0,"parent":0,"menu_order":0,"comment_status":"closed","ping_status":"open","template":"","meta":{"_links_to":"","_links_to_target":""},"_links":{"self":[{"href":"https:\/\/campusaltea.umh.es\/en\/wp-json\/wp\/v2\/pages\/4108"}],"collection":[{"href":"https:\/\/campusaltea.umh.es\/en\/wp-json\/wp\/v2\/pages"}],"about":[{"href":"https:\/\/campusaltea.umh.es\/en\/wp-json\/wp\/v2\/types\/page"}],"author":[{"embeddable":true,"href":"https:\/\/campusaltea.umh.es\/en\/wp-json\/wp\/v2\/users\/469"}],"replies":[{"embeddable":true,"href":"https:\/\/campusaltea.umh.es\/en\/wp-json\/wp\/v2\/comments?post=4108"}],"version-history":[{"count":0,"href":"https:\/\/campusaltea.umh.es\/en\/wp-json\/wp\/v2\/pages\/4108\/revisions"}],"wp:attachment":[{"href":"https:\/\/campusaltea.umh.es\/en\/wp-json\/wp\/v2\/media?parent=4108"}],"curies":[{"name":"wp","href":"https:\/\/api.w.org\/{rel}","templated":true}]}}